{"id":3306,"date":"2020-05-15T16:54:31","date_gmt":"2020-05-15T08:54:31","guid":{"rendered":"https:\/\/focusonpack.com\/?page_id=3306"},"modified":"2025-03-27T17:08:52","modified_gmt":"2025-03-27T09:08:52","slug":"10-head-automated-inline-time-gravity-bottle-filler","status":"publish","type":"page","link":"https:\/\/focusonpack.com\/fr\/machine-de-remplissage-par-gravite\/remplisseuse-de-bouteilles-a-gravite-en-ligne-automatisee-a-10-tetes\/","title":{"rendered":"Remplisseuse de bouteilles par gravit\u00e9 en ligne automatis\u00e9e \u00e0 10 t\u00eates"},"content":{"rendered":"<div data-elementor-type=\"wp-page\" data-elementor-id=\"3306\" class=\"elementor elementor-3306\" data-elementor-settings=\"[]\">\n\t\t\t<div class=\"elementor-inner\">\n\t\t\t\t<div class=\"elementor-section-wrap\">\n\t\t\t\t\t\t\t<section class=\"elementor-element elementor-element-4d1b433f elementor-section-boxed elementor-section-height-default elementor-section-height-default elementor-section elementor-top-section\" data-id=\"4d1b433f\" data-element_type=\"section\">\n\t\t\t\t\t\t<div class=\"elementor-container elementor-column-gap-default\">\n\t\t\t\t<div class=\"elementor-row\">\n\t\t\t\t<div class=\"elementor-element elementor-element-69e749dd elementor-column elementor-col-50 elementor-top-column\" data-id=\"69e749dd\" data-element_type=\"column\">\n\t\t\t<div class=\"elementor-column-wrap  elementor-element-populated\">\n\t\t\t\t\t<div class=\"elementor-widget-wrap\">\n\t\t\t\t<div class=\"elementor-element elementor-element-6e78baff elementor-widget elementor-widget-heading\" data-id=\"6e78baff\" data-element_type=\"widget\" data-widget_type=\"heading.default\">\n\t\t\t\t<div class=\"elementor-widget-container\">\n\t\t\t<h3 class=\"elementor-heading-title elementor-size-default\">Remplisseuse de bouteilles par gravit\u00e9 en ligne automatis\u00e9e \u00e0 10 t\u00eates<\/h3>\t\t<\/div>\n\t\t\t\t<\/div>\n\t\t\t\t<div class=\"elementor-element elementor-element-94aed6c elementor-widget elementor-widget-text-editor\" data-id=\"94aed6c\" data-element_type=\"widget\" data-widget_type=\"text-editor.default\">\n\t\t\t\t<div class=\"elementor-widget-container\">\n\t\t\t\t\t<div class=\"elementor-text-editor elementor-clearfix\"><p>Les remplisseuses par gravit\u00e9 \u00e0 temps sont g\u00e9n\u00e9ralement des machines de remplissage volum\u00e9trique \u00e0 temps. En termes g\u00e9n\u00e9raux, les becs s'ouvrent pendant une dur\u00e9e d\u00e9termin\u00e9e, lib\u00e9rant le produit. Les remplisseuses par gravit\u00e9, comme leur nom l'indique, s'appuient sur la force de gravit\u00e9 pour remplir les bouteilles, bien que les remplisseuses par gravit\u00e9 \u00e0 pression soient utilis\u00e9es depuis de nombreuses ann\u00e9es. Les remplisseuses par gravit\u00e9, comme leur nom l'indique, s'appuient sur la force de gravit\u00e9 pour remplir les bouteilles, bien qu'il existe \u00e9galement des remplisseuses par gravit\u00e9 \u00e0 pression. Un syst\u00e8me de flotteur automatique d\u00e9tecte le niveau du liquide pour maintenir la pression afin que le liquide puisse s'\u00e9couler rapidement et uniform\u00e9ment dans les conteneurs. Lorsque le niveau de liquide est bas, la pompe est activ\u00e9e et le liquide est pomp\u00e9 dans le r\u00e9servoir de stockage ; lorsque le niveau de liquide est \u00e9lev\u00e9, la pompe est d\u00e9sactiv\u00e9e. La vanne de remplissage est temporis\u00e9e ind\u00e9pendamment par l'ordinateur principal de la remplisseuse par gravit\u00e9, de sorte que la quantit\u00e9 pr\u00e9cise de liquide s'\u00e9coule par gravit\u00e9 dans les conteneurs. Il n'est pas n\u00e9cessaire de temporiser ind\u00e9pendamment chaque vanne\/buse de remplissage. La synchronisation ind\u00e9pendante de chaque vanne\/buse de remplissage corrige les variations mineures de d\u00e9bit afin que chaque r\u00e9cipient soit rempli avec pr\u00e9cision. Plus le produit est fin, plus il s'\u00e9coule rapidement. Plus le produit est \u00e9pais, plus il s'\u00e9coule lentement.<\/p><\/div>\n\t\t\t\t<\/div>\n\t\t\t\t<\/div>\n\t\t\t\t<div class=\"elementor-element elementor-element-d2d7671 elementor-widget elementor-widget-heading\" data-id=\"d2d7671\" data-element_type=\"widget\" data-widget_type=\"heading.default\">\n\t\t\t\t<div class=\"elementor-widget-container\">\n\t\t\t<h3 class=\"elementor-heading-title elementor-size-default\">Options disponibles<\/h3>\t\t<\/div>\n\t\t\t\t<\/div>\n\t\t\t\t<div class=\"elementor-element elementor-element-2a641ed elementor-widget elementor-widget-text-editor\" data-id=\"2a641ed\" data-element_type=\"widget\" data-widget_type=\"text-editor.default\">\n\t\t\t\t<div class=\"elementor-widget-container\">\n\t\t\t\t\t<div class=\"elementor-text-editor elementor-clearfix\"><p>- Diff\u00e9rents syst\u00e8mes d'indexation - goupille ou grille, vis de synchronisation, \u00e9toile et navette<\/p><p>- Buses de t\u00eates de plong\u00e9e pour un remplissage de bas en haut afin de r\u00e9duire la mousse<\/p><p>- Plateau d'\u00e9gouttage<\/p><\/div>\n\t\t\t\t<\/div>\n\t\t\t\t<\/div>\n\t\t\t\t<div class=\"elementor-element elementor-element-1c0f7a95 elementor-widget elementor-widget-heading\" data-id=\"1c0f7a95\" data-element_type=\"widget\" data-widget_type=\"heading.default\">\n\t\t\t\t<div class=\"elementor-widget-container\">\n\t\t\t<h3 class=\"elementor-heading-title elementor-size-default\">Sp\u00e9cifications techniques<\/h3>\t\t<\/div>\n\t\t\t\t<\/div>\n\t\t\t\t<div class=\"elementor-element elementor-element-16ecc894 elementor-widget elementor-widget-text-editor\" data-id=\"16ecc894\" data-element_type=\"widget\" data-widget_type=\"text-editor.default\">\n\t\t\t\t<div class=\"elementor-widget-container\">\n\t\t\t\t\t<div class=\"elementor-text-editor elementor-clearfix\"><table style=\"width: 527.27pt;\" border=\"0\" width=\"703\" cellspacing=\"0\" cellpadding=\"0\"><colgroup><col style=\"width: 116.25pt;\" width=\"155\" \/> <col style=\"width: 411.00pt;\" width=\"548\" \/> <\/colgroup><tbody><tr style=\"height: 15.00pt;\"><td class=\"et2\" style=\"height: 15.00pt; width: 116.25pt;\" width=\"155\" height=\"20\">Nombre de t\u00eates de remplissage\u00a0<\/td><td class=\"et2\" style=\"width: 411.00pt;\" width=\"548\">10 (Disponible avec 4,6,8,12,14,16)<\/td><\/tr><tr style=\"height: 15.00pt;\"><td class=\"et2\" style=\"height: 15.00pt;\" height=\"20\">Taille de remplissage<\/td><td class=\"et2\">1000-5000ml<\/td><\/tr><tr style=\"height: 15.00pt;\"><td class=\"et2\" style=\"height: 15.00pt;\" height=\"20\">Capacit\u00e9 de production\u00a0<\/td><td class=\"et2\">1800BPH sur la base de 100ml (en fonction des caract\u00e8res du liquide et de la taille du r\u00e9cipient)<\/td><\/tr><tr style=\"height: 15.00pt;\"><td class=\"et2\" style=\"height: 15.00pt;\" height=\"20\">Pr\u00e9cision du remplissage\u00a0<\/td><td class=\"et2\">\u00b10,5%<\/td><\/tr><tr style=\"height: 15.00pt;\"><td class=\"et2\" style=\"height: 15.00pt;\" height=\"20\">Diam\u00e8tre du conteneur\u00a0<\/td><td class=\"et2\">\u00a090-160mm<\/td><\/tr><tr style=\"height: 15.00pt;\"><td class=\"et2\" style=\"height: 15.00pt;\" height=\"20\">Hauteur du conteneur<\/td><td class=\"et2\">350mm(max)<\/td><\/tr><tr style=\"height: 15.00pt;\"><td class=\"et2\" style=\"height: 15.00pt;\" height=\"20\">Pression atmosph\u00e9rique\u00a0<\/td><td class=\"et2\">0,6-0,8 MPA<\/td><\/tr><tr style=\"height: 15.00pt;\"><td class=\"et2\" style=\"height: 15.00pt;\" height=\"20\">Consommation \u00e9lectrique\u00a0<\/td><td class=\"et2\">1,5KW<\/td><\/tr><tr style=\"height: 15.00pt;\"><td class=\"et2\" style=\"height: 15.00pt;\" height=\"20\">Fourniture d'\u00e9lectricit\u00e9\u00a0<\/td><td class=\"et2\">220\/110V 50\/60HZ 1PH<\/td><\/tr><tr style=\"height: 15.00pt;\"><td class=\"et2\" style=\"height: 15.00pt;\" height=\"20\">Poids de la machine\u00a0<\/td><td class=\"et2\">850 kg<\/td><\/tr><tr style=\"height: 15.00pt;\"><td class=\"et2\" style=\"height: 15.00pt;\" height=\"20\">Dimension de la machine<\/td><td class=\"et2\">2000x1030x2300mm<\/td><\/tr><\/tbody><\/table><\/div>\n\t\t\t\t<\/div>\n\t\t\t\t<\/div>\n\t\t\t\t<div class=\"elementor-element elementor-element-21e0e01a elementor-widget elementor-widget-text-editor\" data-id=\"21e0e01a\" data-element_type=\"widget\" data-widget_type=\"text-editor.default\">\n\t\t\t\t<div class=\"elementor-widget-container\">\n\t\t\t\t\t<div class=\"elementor-text-editor elementor-clearfix\"><p>* Les sp\u00e9cifications peuvent \u00eatre modifi\u00e9es sans pr\u00e9avis. Tous droits r\u00e9serv\u00e9s.<\/p><\/div>\n\t\t\t\t<\/div>\n\t\t\t\t<\/div>\n\t\t\t\t<div class=\"elementor-element elementor-element-0332042 elementor-widget elementor-widget-spacer\" data-id=\"0332042\" data-element_type=\"widget\" data-widget_type=\"spacer.default\">\n\t\t\t\t<div class=\"elementor-widget-container\">\n\t\t\t\t\t<div class=\"elementor-spacer\">\n\t\t\t<div class=\"elementor-spacer-inner\"><\/div>\n\t\t<\/div>\n\t\t\t\t<\/div>\n\t\t\t\t<\/div>\n\t\t\t\t<div class=\"elementor-element elementor-element-7675dfd9 elementor-widget elementor-widget-heading\" data-id=\"7675dfd9\" data-element_type=\"widget\" data-widget_type=\"heading.default\">\n\t\t\t\t<div class=\"elementor-widget-container\">\n\t\t\t<h3 class=\"elementor-heading-title elementor-size-default\">Comment choisir le temps de remplissage d'une bouteille par gravit\u00e9<\/h3>\t\t<\/div>\n\t\t\t\t<\/div>\n\t\t\t\t<div class=\"elementor-element elementor-element-e41a33a elementor-widget elementor-widget-text-editor\" data-id=\"e41a33a\" data-element_type=\"widget\" data-widget_type=\"text-editor.default\">\n\t\t\t\t<div class=\"elementor-widget-container\">\n\t\t\t\t\t<div class=\"elementor-text-editor elementor-clearfix\"><p>Le rendement d\u00e9pend de la taille de remplissage, de la viscosit\u00e9 du liquide et du type de r\u00e9cipient.Disponible avec 4, 6, 8, 12, 14, 16 t\u00eates de remplissage, si vous n'\u00eates pas s\u00fbr de votre choix, n'h\u00e9sitez pas \u00e0 nous le faire savoir et notre \u00e9quipe de professionnels vous donnera des conseils sp\u00e9cifiques sur la meilleure machine \u00e0 classer pour r\u00e9pondre \u00e0 vos besoins. Si vous n'\u00eates pas s\u00fbr de votre choix, n'h\u00e9sitez pas \u00e0 nous contacter et notre \u00e9quipe professionnelle vous donnera des conseils sp\u00e9cifiques sur la meilleure machine \u00e0 classer pour r\u00e9pondre \u00e0 vos besoins.<\/p><\/div>\n\t\t\t\t<\/div>\n\t\t\t\t<\/div>\n\t\t\t\t<div class=\"elementor-element elementor-element-ddfd8ae elementor-widget elementor-widget-text-editor\" data-id=\"ddfd8ae\" data-element_type=\"widget\" data-widget_type=\"text-editor.default\">\n\t\t\t\t<div class=\"elementor-widget-container\">\n\t\t\t\t\t<div class=\"elementor-text-editor elementor-clearfix\"><p>- Quel produit remplir ?<\/p><p>- Quelle capacit\u00e9 de production atteindre<\/p><p>- Quels sont le mat\u00e9riau et la forme des conteneurs ?<\/p><p>- Quelle taille remplir<\/p><\/div>\n\t\t\t\t<\/div>\n\t\t\t\t<\/div>\n\t\t\t\t\t\t<\/div>\n\t\t\t<\/div>\n\t\t<\/div>\n\t\t\t\t<div class=\"elementor-element elementor-element-43c19ebc elementor-column elementor-col-50 elementor-top-column\" data-id=\"43c19ebc\" data-element_type=\"column\">\n\t\t\t<div class=\"elementor-column-wrap  elementor-element-populated\">\n\t\t\t\t\t<div class=\"elementor-widget-wrap\">\n\t\t\t\t<div class=\"elementor-element elementor-element-301a7aed elementor-widget elementor-widget-spacer\" data-id=\"301a7aed\" data-element_type=\"widget\" data-widget_type=\"spacer.default\">\n\t\t\t\t<div class=\"elementor-widget-container\">\n\t\t\t\t\t<div class=\"elementor-spacer\">\n\t\t\t<div class=\"elementor-spacer-inner\"><\/div>\n\t\t<\/div>\n\t\t\t\t<\/div>\n\t\t\t\t<\/div>\n\t\t\t\t<div class=\"elementor-element elementor-element-5d287ada elementor-widget elementor-widget-image\" data-id=\"5d287ada\" data-element_type=\"widget\" data-widget_type=\"image.default\">\n\t\t\t\t<div class=\"elementor-widget-container\">\n\t\t\t\t\t<div class=\"elementor-image\">\n\t\t\t\t\t\t\t\t\t\t<img loading=\"lazy\" decoding=\"async\" width=\"291\" height=\"289\" src=\"https:\/\/focusonpack.com\/wp-content\/uploads\/2023\/07\/10head1.jpg\" class=\"elementor-animation-grow attachment-full size-full\" alt=\"\" srcset=\"https:\/\/focusonpack.com\/wp-content\/uploads\/2023\/07\/10head1.jpg 291w, https:\/\/focusonpack.com\/wp-content\/uploads\/2023\/07\/10head1-150x150.jpg 150w, https:\/\/focusonpack.com\/wp-content\/uploads\/2023\/07\/10head1-75x75.jpg 75w, https:\/\/focusonpack.com\/wp-content\/uploads\/2023\/07\/10head1-80x80.jpg 80w, https:\/\/focusonpack.com\/wp-content\/uploads\/2023\/07\/10head1-100x100.jpg 100w\" sizes=\"auto, (max-width: 291px) 100vw, 291px\" \/>\t\t\t\t\t\t\t\t\t\t\t<\/div>\n\t\t\t\t<\/div>\n\t\t\t\t<\/div>\n\t\t\t\t<div class=\"elementor-element elementor-element-479385a7 elementor-button-info elementor-align-center elementor-widget elementor-widget-button\" data-id=\"479385a7\" data-element_type=\"widget\" data-widget_type=\"button.default\">\n\t\t\t\t<div class=\"elementor-widget-container\">\n\t\t\t\t\t<div class=\"elementor-button-wrapper\">\n\t\t\t<a href=\"https:\/\/focusonpack.com\/fr\/nous-contacter\/\" class=\"elementor-button-link elementor-button elementor-size-sm\" role=\"button\">\n\t\t\t\t\t\t<span class=\"elementor-button-content-wrapper\">\n\t\t\t\t\t\t<span class=\"elementor-button-text\">Demande de devis<\/span>\n\t\t<\/span>\n\t\t\t\t\t<\/a>\n\t\t<\/div>\n\t\t\t\t<\/div>\n\t\t\t\t<\/div>\n\t\t\t\t\t\t<\/div>\n\t\t\t<\/div>\n\t\t<\/div>\n\t\t\t\t\t\t<\/div>\n\t\t\t<\/div>\n\t\t<\/section>\n\t\t\t\t\t\t<\/div>\n\t\t\t<\/div>\n\t\t<\/div>","protected":false},"excerpt":{"rendered":"<p>10 Head Automated Inline Time &hellip;<\/p>","protected":false},"author":1,"featured_media":0,"parent":2496,"menu_order":0,"comment_status":"closed","ping_status":"closed","template":"elementor_header_footer","meta":{"footnotes":""},"class_list":["post-3306","page","type-page","status-publish","hentry","no-thumb"],"yoast_head":"<!-- This site is optimized with the Yoast SEO plugin v24.8.1 - https:\/\/yoast.com\/wordpress\/plugins\/seo\/ -->\n<title>10 Head Automated Inline Time Gravity Bottle Filler - Focus on pack<\/title>\n<meta name=\"robots\" content=\"index, follow, max-snippet:-1, max-image-preview:large, max-video-preview:-1\" \/>\n<link rel=\"canonical\" href=\"https:\/\/focusonpack.com\/fr\/machine-de-remplissage-par-gravite\/remplisseuse-de-bouteilles-a-gravite-en-ligne-automatisee-a-10-tetes\/\" \/>\n<meta property=\"og:locale\" content=\"fr_FR\" \/>\n<meta property=\"og:type\" content=\"article\" \/>\n<meta property=\"og:title\" content=\"10 Head Automated Inline Time Gravity Bottle Filler - Focus on pack\" \/>\n<meta property=\"og:description\" content=\"10 Head Automated Inline Time &hellip;\" \/>\n<meta property=\"og:url\" content=\"https:\/\/focusonpack.com\/fr\/machine-de-remplissage-par-gravite\/remplisseuse-de-bouteilles-a-gravite-en-ligne-automatisee-a-10-tetes\/\" \/>\n<meta property=\"og:site_name\" content=\"Focus on pack\" \/>\n<meta property=\"article:modified_time\" content=\"2025-03-27T09:08:52+00:00\" \/>\n<meta property=\"og:image\" content=\"https:\/\/focusonpack.com\/wp-content\/uploads\/2023\/07\/10head1.jpg\" \/>\n<meta name=\"twitter:card\" content=\"summary_large_image\" \/>\n<meta name=\"twitter:label1\" content=\"Dur\u00e9e de lecture estim\u00e9e\" \/>\n\t<meta name=\"twitter:data1\" content=\"3 minutes\" \/>\n<script type=\"application\/ld+json\" class=\"yoast-schema-graph\">{\"@context\":\"https:\/\/schema.org\",\"@graph\":[{\"@type\":\"WebPage\",\"@id\":\"https:\/\/focusonpack.com\/gravity-filling-machine\/10-head-automated-inline-time-gravity-bottle-filler\/\",\"url\":\"https:\/\/focusonpack.com\/gravity-filling-machine\/10-head-automated-inline-time-gravity-bottle-filler\/\",\"name\":\"10 Head Automated Inline Time Gravity Bottle Filler - Focus on pack\",\"isPartOf\":{\"@id\":\"https:\/\/focusonpack.com\/#website\"},\"primaryImageOfPage\":{\"@id\":\"https:\/\/focusonpack.com\/gravity-filling-machine\/10-head-automated-inline-time-gravity-bottle-filler\/#primaryimage\"},\"image\":{\"@id\":\"https:\/\/focusonpack.com\/gravity-filling-machine\/10-head-automated-inline-time-gravity-bottle-filler\/#primaryimage\"},\"thumbnailUrl\":\"https:\/\/focusonpack.com\/wp-content\/uploads\/2023\/07\/10head1.jpg\",\"datePublished\":\"2020-05-15T08:54:31+00:00\",\"dateModified\":\"2025-03-27T09:08:52+00:00\",\"breadcrumb\":{\"@id\":\"https:\/\/focusonpack.com\/gravity-filling-machine\/10-head-automated-inline-time-gravity-bottle-filler\/#breadcrumb\"},\"inLanguage\":\"fr-FR\",\"potentialAction\":[{\"@type\":\"ReadAction\",\"target\":[\"https:\/\/focusonpack.com\/gravity-filling-machine\/10-head-automated-inline-time-gravity-bottle-filler\/\"]}]},{\"@type\":\"ImageObject\",\"inLanguage\":\"fr-FR\",\"@id\":\"https:\/\/focusonpack.com\/gravity-filling-machine\/10-head-automated-inline-time-gravity-bottle-filler\/#primaryimage\",\"url\":\"https:\/\/focusonpack.com\/wp-content\/uploads\/2023\/07\/10head1.jpg\",\"contentUrl\":\"https:\/\/focusonpack.com\/wp-content\/uploads\/2023\/07\/10head1.jpg\"},{\"@type\":\"BreadcrumbList\",\"@id\":\"https:\/\/focusonpack.com\/gravity-filling-machine\/10-head-automated-inline-time-gravity-bottle-filler\/#breadcrumb\",\"itemListElement\":[{\"@type\":\"ListItem\",\"position\":1,\"name\":\"\u9996\u9875\",\"item\":\"https:\/\/focusonpack.com\/\"},{\"@type\":\"ListItem\",\"position\":2,\"name\":\"Gravity Filling Machine\",\"item\":\"https:\/\/focusonpack.com\/gravity-filling-machine\/\"},{\"@type\":\"ListItem\",\"position\":3,\"name\":\"10 Head Automated Inline Time Gravity Bottle Filler\"}]},{\"@type\":\"WebSite\",\"@id\":\"https:\/\/focusonpack.com\/#website\",\"url\":\"https:\/\/focusonpack.com\/\",\"name\":\"Focus on pack\",\"description\":\"\",\"potentialAction\":[{\"@type\":\"SearchAction\",\"target\":{\"@type\":\"EntryPoint\",\"urlTemplate\":\"https:\/\/focusonpack.com\/?s={search_term_string}\"},\"query-input\":{\"@type\":\"PropertyValueSpecification\",\"valueRequired\":true,\"valueName\":\"search_term_string\"}}],\"inLanguage\":\"fr-FR\"}]}<\/script>\n<!-- \/ Yoast SEO plugin. -->","yoast_head_json":{"title":"10 Head Automated Inline Time Gravity Bottle Filler - Focus on pack","robots":{"index":"index","follow":"follow","max-snippet":"max-snippet:-1","max-image-preview":"max-image-preview:large","max-video-preview":"max-video-preview:-1"},"canonical":"https:\/\/focusonpack.com\/fr\/machine-de-remplissage-par-gravite\/remplisseuse-de-bouteilles-a-gravite-en-ligne-automatisee-a-10-tetes\/","og_locale":"fr_FR","og_type":"article","og_title":"10 Head Automated Inline Time Gravity Bottle Filler - Focus on pack","og_description":"10 Head Automated Inline Time &hellip;","og_url":"https:\/\/focusonpack.com\/fr\/machine-de-remplissage-par-gravite\/remplisseuse-de-bouteilles-a-gravite-en-ligne-automatisee-a-10-tetes\/","og_site_name":"Focus on pack","article_modified_time":"2025-03-27T09:08:52+00:00","og_image":[{"url":"https:\/\/focusonpack.com\/wp-content\/uploads\/2023\/07\/10head1.jpg","type":"","width":"","height":""}],"twitter_card":"summary_large_image","twitter_misc":{"Dur\u00e9e de lecture estim\u00e9e":"3 minutes"},"schema":{"@context":"https:\/\/schema.org","@graph":[{"@type":"WebPage","@id":"https:\/\/focusonpack.com\/gravity-filling-machine\/10-head-automated-inline-time-gravity-bottle-filler\/","url":"https:\/\/focusonpack.com\/gravity-filling-machine\/10-head-automated-inline-time-gravity-bottle-filler\/","name":"10 Head Automated Inline Time Gravity Bottle Filler - Focus on pack","isPartOf":{"@id":"https:\/\/focusonpack.com\/#website"},"primaryImageOfPage":{"@id":"https:\/\/focusonpack.com\/gravity-filling-machine\/10-head-automated-inline-time-gravity-bottle-filler\/#primaryimage"},"image":{"@id":"https:\/\/focusonpack.com\/gravity-filling-machine\/10-head-automated-inline-time-gravity-bottle-filler\/#primaryimage"},"thumbnailUrl":"https:\/\/focusonpack.com\/wp-content\/uploads\/2023\/07\/10head1.jpg","datePublished":"2020-05-15T08:54:31+00:00","dateModified":"2025-03-27T09:08:52+00:00","breadcrumb":{"@id":"https:\/\/focusonpack.com\/gravity-filling-machine\/10-head-automated-inline-time-gravity-bottle-filler\/#breadcrumb"},"inLanguage":"fr-FR","potentialAction":[{"@type":"ReadAction","target":["https:\/\/focusonpack.com\/gravity-filling-machine\/10-head-automated-inline-time-gravity-bottle-filler\/"]}]},{"@type":"ImageObject","inLanguage":"fr-FR","@id":"https:\/\/focusonpack.com\/gravity-filling-machine\/10-head-automated-inline-time-gravity-bottle-filler\/#primaryimage","url":"https:\/\/focusonpack.com\/wp-content\/uploads\/2023\/07\/10head1.jpg","contentUrl":"https:\/\/focusonpack.com\/wp-content\/uploads\/2023\/07\/10head1.jpg"},{"@type":"BreadcrumbList","@id":"https:\/\/focusonpack.com\/gravity-filling-machine\/10-head-automated-inline-time-gravity-bottle-filler\/#breadcrumb","itemListElement":[{"@type":"ListItem","position":1,"name":"\u9996\u9875","item":"https:\/\/focusonpack.com\/"},{"@type":"ListItem","position":2,"name":"Gravity Filling Machine","item":"https:\/\/focusonpack.com\/gravity-filling-machine\/"},{"@type":"ListItem","position":3,"name":"10 Head Automated Inline Time Gravity Bottle Filler"}]},{"@type":"WebSite","@id":"https:\/\/focusonpack.com\/#website","url":"https:\/\/focusonpack.com\/","name":"Focus on pack","description":"","potentialAction":[{"@type":"SearchAction","target":{"@type":"EntryPoint","urlTemplate":"https:\/\/focusonpack.com\/?s={search_term_string}"},"query-input":{"@type":"PropertyValueSpecification","valueRequired":true,"valueName":"search_term_string"}}],"inLanguage":"fr-FR"}]}},"_links":{"self":[{"href":"https:\/\/focusonpack.com\/fr\/wp-json\/wp\/v2\/pages\/3306","targetHints":{"allow":["GET"]}}],"collection":[{"href":"https:\/\/focusonpack.com\/fr\/wp-json\/wp\/v2\/pages"}],"about":[{"href":"https:\/\/focusonpack.com\/fr\/wp-json\/wp\/v2\/types\/page"}],"author":[{"embeddable":true,"href":"https:\/\/focusonpack.com\/fr\/wp-json\/wp\/v2\/users\/1"}],"replies":[{"embeddable":true,"href":"https:\/\/focusonpack.com\/fr\/wp-json\/wp\/v2\/comments?post=3306"}],"version-history":[{"count":17,"href":"https:\/\/focusonpack.com\/fr\/wp-json\/wp\/v2\/pages\/3306\/revisions"}],"predecessor-version":[{"id":4614,"href":"https:\/\/focusonpack.com\/fr\/wp-json\/wp\/v2\/pages\/3306\/revisions\/4614"}],"up":[{"embeddable":true,"href":"https:\/\/focusonpack.com\/fr\/wp-json\/wp\/v2\/pages\/2496"}],"wp:attachment":[{"href":"https:\/\/focusonpack.com\/fr\/wp-json\/wp\/v2\/media?parent=3306"}],"curies":[{"name":"wp","href":"https:\/\/api.w.org\/{rel}","templated":true}]}}