{"id":3310,"date":"2020-05-15T16:54:12","date_gmt":"2020-05-15T08:54:12","guid":{"rendered":"https:\/\/focusonpack.com\/?page_id=3310"},"modified":"2025-03-29T15:41:39","modified_gmt":"2025-03-29T07:41:39","slug":"10-25-liter-pressure-bottle-liquid-filling-equipment","status":"publish","type":"page","link":"https:\/\/focusonpack.com\/fr\/machine-de-remplissage-par-gravite\/10-25-liter-pressure-bottle-liquid-filling-equipment\/","title":{"rendered":"10-25 Liter Pressure Bottle Liquid Filling Equipment"},"content":{"rendered":"<div data-elementor-type=\"wp-page\" data-elementor-id=\"3310\" class=\"elementor elementor-3310\" data-elementor-settings=\"[]\">\n\t\t\t<div class=\"elementor-inner\">\n\t\t\t\t<div class=\"elementor-section-wrap\">\n\t\t\t\t\t\t\t<section class=\"elementor-element elementor-element-6bfea08f elementor-section-boxed elementor-section-height-default elementor-section-height-default elementor-section elementor-top-section\" data-id=\"6bfea08f\" data-element_type=\"section\">\n\t\t\t\t\t\t<div class=\"elementor-container elementor-column-gap-default\">\n\t\t\t\t<div class=\"elementor-row\">\n\t\t\t\t<div class=\"elementor-element elementor-element-4a20ad8a elementor-column elementor-col-50 elementor-top-column\" data-id=\"4a20ad8a\" data-element_type=\"column\">\n\t\t\t<div class=\"elementor-column-wrap  elementor-element-populated\">\n\t\t\t\t\t<div class=\"elementor-widget-wrap\">\n\t\t\t\t<div class=\"elementor-element elementor-element-ec01c0 elementor-widget elementor-widget-heading\" data-id=\"ec01c0\" data-element_type=\"widget\" data-widget_type=\"heading.default\">\n\t\t\t\t<div class=\"elementor-widget-container\">\n\t\t\t<h3 class=\"elementor-heading-title elementor-size-default\">10-25 Liter Pressure Bottle Liquid Filling Equipment<\/h3>\t\t<\/div>\n\t\t\t\t<\/div>\n\t\t\t\t<div class=\"elementor-element elementor-element-3af0817d elementor-widget elementor-widget-text-editor\" data-id=\"3af0817d\" data-element_type=\"widget\" data-widget_type=\"text-editor.default\">\n\t\t\t\t<div class=\"elementor-widget-container\">\n\t\t\t\t\t<div class=\"elementor-text-editor elementor-clearfix\"><p>10-25 Liter volumetric liquid filling equipment is engineered for ease of filling large volume ranging from 10 to 25 liter containers and designed for special purpose applications widely used for food, beverage, cosmetic, cleaning and specialty chemical, pharmaceutical, and personal care industries.This bottle filler is manufactured with a heavy duty stainless steel 304 tubular frame. It comes with standard with PLC control and touch screen HMI, stainless steel 304 holding tank and pneumatically controlled valves, bottle neck grabbers, diving head, automatic product level sensing float system, variable speed stainless steel conveyor, automatic in-gate and out-gate indexing system. it can be built to suit sanitary, hazardous, flammable and corrosive environments.<\/p><\/div>\n\t\t\t\t<\/div>\n\t\t\t\t<\/div>\n\t\t\t\t<div class=\"elementor-element elementor-element-472867d6 elementor-widget elementor-widget-heading\" data-id=\"472867d6\" data-element_type=\"widget\" data-widget_type=\"heading.default\">\n\t\t\t\t<div class=\"elementor-widget-container\">\n\t\t\t<h3 class=\"elementor-heading-title elementor-size-default\">Caract\u00e9ristiques principales<\/h3>\t\t<\/div>\n\t\t\t\t<\/div>\n\t\t\t\t<div class=\"elementor-element elementor-element-1d71fedb elementor-widget elementor-widget-text-editor\" data-id=\"1d71fedb\" data-element_type=\"widget\" data-widget_type=\"text-editor.default\">\n\t\t\t\t<div class=\"elementor-widget-container\">\n\t\t\t\t\t<div class=\"elementor-text-editor elementor-clearfix\"><p>\u2022 304 stainless steel heavy-duty frame construction<\/p><p>\u2022 Pneumatic actuated fill valves<\/p><p>\u2022 Container neck locators for proper bottle alignment under fill heads<\/p><p>\u2022 Braided PVC tubing and stainless steel fittings<\/p><p>\u2022 Stainless steel product reservoir<\/p><p>\u2022 Stainless steel product supply control valves with level sensing float system and safety back-up<\/p><p>\u2022 User-friendly PLC controls with color touch screen and automatic set-up capabilities<\/p><p>\u2022 Automatic drip tray protects bottles from potential drips<\/p><p>\u2022 Automatic pin-style indexing to bring bottles in and out of fill station<\/p><p>\u2022 Photo sensor\/counter system to ensure containers are in place prior to filling<\/p><\/div>\n\t\t\t\t<\/div>\n\t\t\t\t<\/div>\n\t\t\t\t<div class=\"elementor-element elementor-element-7ed1ee09 elementor-widget elementor-widget-heading\" data-id=\"7ed1ee09\" data-element_type=\"widget\" data-widget_type=\"heading.default\">\n\t\t\t\t<div class=\"elementor-widget-container\">\n\t\t\t<h3 class=\"elementor-heading-title elementor-size-default\">Sp\u00e9cifications techniques<\/h3>\t\t<\/div>\n\t\t\t\t<\/div>\n\t\t\t\t<div class=\"elementor-element elementor-element-59d5e9af elementor-widget elementor-widget-text-editor\" data-id=\"59d5e9af\" data-element_type=\"widget\" data-widget_type=\"text-editor.default\">\n\t\t\t\t<div class=\"elementor-widget-container\">\n\t\t\t\t\t<div class=\"elementor-text-editor elementor-clearfix\"><table style=\"width: 760px;\" border=\"0\" width=\"760\" cellspacing=\"0\" cellpadding=\"0\"><colgroup> <col style=\"width: 116.25px;\" width=\"155\" \/> <\/colgroup> <colgroup> <col style=\"width: 411.00pt;\" width=\"548\" \/><\/colgroup><tbody><tr style=\"height: 15.00pt;\"><td class=\"et2\" style=\"height: 15.00pt; width: 116.25pt;\" width=\"155\" height=\"20\">Nombre de t\u00eates de remplissage<\/td><td class=\"et2\" style=\"width: 411.00pt;\" align=\"right\" width=\"548\">4<\/td><\/tr><tr style=\"height: 15.00pt;\"><td class=\"et2\" style=\"height: 15.00pt;\" height=\"20\">Taille de remplissage<\/td><td class=\"et2\">10-25 Liter<\/td><\/tr><tr style=\"height: 15.00pt;\"><td class=\"et2\" style=\"height: 15.00pt;\" height=\"20\">Capacit\u00e9 de production<\/td><td class=\"et2\">600BPH<\/td><\/tr><tr style=\"height: 15.00pt;\"><td class=\"et2\" style=\"height: 15.00pt;\" height=\"20\">Pr\u00e9cision du remplissage<\/td><td class=\"et2\">\u00b135ml<\/td><\/tr><tr style=\"height: 15.00pt;\"><td class=\"et2\" style=\"height: 15.00pt;\" height=\"20\">Container Size<\/td><td class=\"et2\">Length \u2264 350mm,Width \u2264280mm<\/td><\/tr><tr style=\"height: 15.00pt;\"><td class=\"et2\" style=\"height: 15.00pt;\" height=\"20\">Hauteur du conteneur<\/td><td class=\"et2\">\u2264450mmmm<\/td><\/tr><tr style=\"height: 15.00pt;\"><td class=\"et2\" style=\"height: 15.00pt;\" height=\"20\">Pression atmosph\u00e9rique<\/td><td class=\"et2\">0,6-0,8 MPA<\/td><\/tr><tr style=\"height: 15.00pt;\"><td class=\"et2\" style=\"height: 15.00pt;\" height=\"20\">Consommation \u00e9lectrique<\/td><td class=\"et2\">2KW<\/td><\/tr><tr style=\"height: 15.00pt;\"><td class=\"et2\" style=\"height: 15.00pt;\" height=\"20\">Fourniture d'\u00e9lectricit\u00e9<\/td><td class=\"et2\">220\/110V 50\/60HZ 1PH<\/td><\/tr><tr style=\"height: 15.00pt;\"><td class=\"et2\" style=\"height: 15.00pt;\" height=\"20\">Poids de la machine<\/td><td class=\"et2\">950kgs<\/td><\/tr><tr style=\"height: 15.00pt;\"><td class=\"et2\" style=\"height: 15.00pt;\" height=\"20\">Dimension de la machine<\/td><td class=\"et2\">2400x1600x2300mm<\/td><\/tr><\/tbody><\/table><\/div>\n\t\t\t\t<\/div>\n\t\t\t\t<\/div>\n\t\t\t\t<div class=\"elementor-element elementor-element-7e9d187f elementor-widget elementor-widget-text-editor\" data-id=\"7e9d187f\" data-element_type=\"widget\" data-widget_type=\"text-editor.default\">\n\t\t\t\t<div class=\"elementor-widget-container\">\n\t\t\t\t\t<div class=\"elementor-text-editor elementor-clearfix\"><p>* Les sp\u00e9cifications peuvent \u00eatre modifi\u00e9es sans pr\u00e9avis. Tous droits r\u00e9serv\u00e9s.<\/p><\/div>\n\t\t\t\t<\/div>\n\t\t\t\t<\/div>\n\t\t\t\t<div class=\"elementor-element elementor-element-3a24db08 elementor-widget elementor-widget-heading\" data-id=\"3a24db08\" data-element_type=\"widget\" data-widget_type=\"heading.default\">\n\t\t\t\t<div class=\"elementor-widget-container\">\n\t\t\t<h3 class=\"elementor-heading-title elementor-size-default\">How to choose 10-25 Liter liquid filling systems<\/h3>\t\t<\/div>\n\t\t\t\t<\/div>\n\t\t\t\t<div class=\"elementor-element elementor-element-30e3723 elementor-widget elementor-widget-text-editor\" data-id=\"30e3723\" data-element_type=\"widget\" data-widget_type=\"text-editor.default\">\n\t\t\t\t<div class=\"elementor-widget-container\">\n\t\t\t\t\t<div class=\"elementor-text-editor elementor-clearfix\"><p>Output depends on fill size,viscosity of the liquid and type of container. if you are unsure how to choose,please let us know and our professional team will give you specific advice on the best filing machine to fit your requirements.<\/p><p>- Quel produit remplir ?<\/p><p>- Quelle capacit\u00e9 de production atteindre<\/p><p>- Quels sont le mat\u00e9riau et la forme des conteneurs ?<\/p><p>- Quelle taille remplir<\/p><\/div>\n\t\t\t\t<\/div>\n\t\t\t\t<\/div>\n\t\t\t\t\t\t<\/div>\n\t\t\t<\/div>\n\t\t<\/div>\n\t\t\t\t<div class=\"elementor-element elementor-element-fa0f943 elementor-column elementor-col-50 elementor-top-column\" data-id=\"fa0f943\" data-element_type=\"column\">\n\t\t\t<div class=\"elementor-column-wrap  elementor-element-populated\">\n\t\t\t\t\t<div class=\"elementor-widget-wrap\">\n\t\t\t\t<div class=\"elementor-element elementor-element-59adc403 elementor-widget elementor-widget-image\" data-id=\"59adc403\" data-element_type=\"widget\" data-widget_type=\"image.default\">\n\t\t\t\t<div class=\"elementor-widget-container\">\n\t\t\t\t\t<div class=\"elementor-image\">\n\t\t\t\t\t\t\t\t\t\t<img loading=\"lazy\" decoding=\"async\" width=\"288\" height=\"309\" src=\"https:\/\/focusonpack.com\/wp-content\/uploads\/2023\/07\/10-25liter0.jpg\" class=\"elementor-animation-grow attachment-full size-full\" alt=\"\" srcset=\"https:\/\/focusonpack.com\/wp-content\/uploads\/2023\/07\/10-25liter0.jpg 288w, https:\/\/focusonpack.com\/wp-content\/uploads\/2023\/07\/10-25liter0-280x300.jpg 280w, https:\/\/focusonpack.com\/wp-content\/uploads\/2023\/07\/10-25liter0-270x290.jpg 270w\" sizes=\"auto, (max-width: 288px) 100vw, 288px\" \/>\t\t\t\t\t\t\t\t\t\t\t<\/div>\n\t\t\t\t<\/div>\n\t\t\t\t<\/div>\n\t\t\t\t<div class=\"elementor-element elementor-element-7ab5a116 elementor-button-info elementor-align-center elementor-widget elementor-widget-button\" data-id=\"7ab5a116\" data-element_type=\"widget\" data-widget_type=\"button.default\">\n\t\t\t\t<div class=\"elementor-widget-container\">\n\t\t\t\t\t<div class=\"elementor-button-wrapper\">\n\t\t\t<a href=\"https:\/\/focusonpack.com\/fr\/nous-contacter\/\" class=\"elementor-button-link elementor-button elementor-size-sm\" role=\"button\">\n\t\t\t\t\t\t<span class=\"elementor-button-content-wrapper\">\n\t\t\t\t\t\t<span class=\"elementor-button-text\">Demande de devis<\/span>\n\t\t<\/span>\n\t\t\t\t\t<\/a>\n\t\t<\/div>\n\t\t\t\t<\/div>\n\t\t\t\t<\/div>\n\t\t\t\t\t\t<\/div>\n\t\t\t<\/div>\n\t\t<\/div>\n\t\t\t\t\t\t<\/div>\n\t\t\t<\/div>\n\t\t<\/section>\n\t\t\t\t\t\t<\/div>\n\t\t\t<\/div>\n\t\t<\/div>","protected":false},"excerpt":{"rendered":"<p>10-25 Liter Pressure Bottle Li&hellip;<\/p>","protected":false},"author":1,"featured_media":0,"parent":2496,"menu_order":0,"comment_status":"closed","ping_status":"closed","template":"elementor_header_footer","meta":{"footnotes":""},"class_list":["post-3310","page","type-page","status-publish","hentry","no-thumb"],"yoast_head":"<!-- This site is optimized with the Yoast SEO plugin v24.8.1 - https:\/\/yoast.com\/wordpress\/plugins\/seo\/ -->\n<title>10-25 Liter Pressure Bottle Liquid Filling Equipment - Focus on pack<\/title>\n<meta name=\"robots\" content=\"index, follow, max-snippet:-1, max-image-preview:large, max-video-preview:-1\" \/>\n<link rel=\"canonical\" href=\"https:\/\/focusonpack.com\/fr\/machine-de-remplissage-par-gravite\/10-25-liter-pressure-bottle-liquid-filling-equipment\/\" \/>\n<meta property=\"og:locale\" content=\"fr_FR\" \/>\n<meta property=\"og:type\" content=\"article\" \/>\n<meta property=\"og:title\" content=\"10-25 Liter Pressure Bottle Liquid Filling Equipment - Focus on pack\" \/>\n<meta property=\"og:description\" content=\"10-25 Liter Pressure Bottle Li&hellip;\" \/>\n<meta property=\"og:url\" content=\"https:\/\/focusonpack.com\/fr\/machine-de-remplissage-par-gravite\/10-25-liter-pressure-bottle-liquid-filling-equipment\/\" \/>\n<meta property=\"og:site_name\" content=\"Focus on pack\" \/>\n<meta property=\"article:modified_time\" content=\"2025-03-29T07:41:39+00:00\" \/>\n<meta property=\"og:image\" content=\"https:\/\/focusonpack.com\/wp-content\/uploads\/2023\/07\/10-25liter0.jpg\" \/>\n<meta name=\"twitter:card\" content=\"summary_large_image\" \/>\n<meta name=\"twitter:label1\" content=\"Dur\u00e9e de lecture estim\u00e9e\" \/>\n\t<meta name=\"twitter:data1\" content=\"3 minutes\" \/>\n<script type=\"application\/ld+json\" class=\"yoast-schema-graph\">{\"@context\":\"https:\/\/schema.org\",\"@graph\":[{\"@type\":\"WebPage\",\"@id\":\"https:\/\/focusonpack.com\/gravity-filling-machine\/10-25-liter-pressure-bottle-liquid-filling-equipment\/\",\"url\":\"https:\/\/focusonpack.com\/gravity-filling-machine\/10-25-liter-pressure-bottle-liquid-filling-equipment\/\",\"name\":\"10-25 Liter Pressure Bottle Liquid Filling Equipment - Focus on pack\",\"isPartOf\":{\"@id\":\"https:\/\/focusonpack.com\/#website\"},\"primaryImageOfPage\":{\"@id\":\"https:\/\/focusonpack.com\/gravity-filling-machine\/10-25-liter-pressure-bottle-liquid-filling-equipment\/#primaryimage\"},\"image\":{\"@id\":\"https:\/\/focusonpack.com\/gravity-filling-machine\/10-25-liter-pressure-bottle-liquid-filling-equipment\/#primaryimage\"},\"thumbnailUrl\":\"https:\/\/focusonpack.com\/wp-content\/uploads\/2023\/07\/10-25liter0.jpg\",\"datePublished\":\"2020-05-15T08:54:12+00:00\",\"dateModified\":\"2025-03-29T07:41:39+00:00\",\"breadcrumb\":{\"@id\":\"https:\/\/focusonpack.com\/gravity-filling-machine\/10-25-liter-pressure-bottle-liquid-filling-equipment\/#breadcrumb\"},\"inLanguage\":\"fr-FR\",\"potentialAction\":[{\"@type\":\"ReadAction\",\"target\":[\"https:\/\/focusonpack.com\/gravity-filling-machine\/10-25-liter-pressure-bottle-liquid-filling-equipment\/\"]}]},{\"@type\":\"ImageObject\",\"inLanguage\":\"fr-FR\",\"@id\":\"https:\/\/focusonpack.com\/gravity-filling-machine\/10-25-liter-pressure-bottle-liquid-filling-equipment\/#primaryimage\",\"url\":\"https:\/\/focusonpack.com\/wp-content\/uploads\/2023\/07\/10-25liter0.jpg\",\"contentUrl\":\"https:\/\/focusonpack.com\/wp-content\/uploads\/2023\/07\/10-25liter0.jpg\"},{\"@type\":\"BreadcrumbList\",\"@id\":\"https:\/\/focusonpack.com\/gravity-filling-machine\/10-25-liter-pressure-bottle-liquid-filling-equipment\/#breadcrumb\",\"itemListElement\":[{\"@type\":\"ListItem\",\"position\":1,\"name\":\"\u9996\u9875\",\"item\":\"https:\/\/focusonpack.com\/\"},{\"@type\":\"ListItem\",\"position\":2,\"name\":\"Gravity Filling Machine\",\"item\":\"https:\/\/focusonpack.com\/gravity-filling-machine\/\"},{\"@type\":\"ListItem\",\"position\":3,\"name\":\"10-25 Liter Pressure Bottle Liquid Filling Equipment\"}]},{\"@type\":\"WebSite\",\"@id\":\"https:\/\/focusonpack.com\/#website\",\"url\":\"https:\/\/focusonpack.com\/\",\"name\":\"Focus on pack\",\"description\":\"\",\"potentialAction\":[{\"@type\":\"SearchAction\",\"target\":{\"@type\":\"EntryPoint\",\"urlTemplate\":\"https:\/\/focusonpack.com\/?s={search_term_string}\"},\"query-input\":{\"@type\":\"PropertyValueSpecification\",\"valueRequired\":true,\"valueName\":\"search_term_string\"}}],\"inLanguage\":\"fr-FR\"}]}<\/script>\n<!-- \/ Yoast SEO plugin. -->","yoast_head_json":{"title":"10-25 Liter Pressure Bottle Liquid Filling Equipment - Focus on pack","robots":{"index":"index","follow":"follow","max-snippet":"max-snippet:-1","max-image-preview":"max-image-preview:large","max-video-preview":"max-video-preview:-1"},"canonical":"https:\/\/focusonpack.com\/fr\/machine-de-remplissage-par-gravite\/10-25-liter-pressure-bottle-liquid-filling-equipment\/","og_locale":"fr_FR","og_type":"article","og_title":"10-25 Liter Pressure Bottle Liquid Filling Equipment - Focus on pack","og_description":"10-25 Liter Pressure Bottle Li&hellip;","og_url":"https:\/\/focusonpack.com\/fr\/machine-de-remplissage-par-gravite\/10-25-liter-pressure-bottle-liquid-filling-equipment\/","og_site_name":"Focus on pack","article_modified_time":"2025-03-29T07:41:39+00:00","og_image":[{"url":"https:\/\/focusonpack.com\/wp-content\/uploads\/2023\/07\/10-25liter0.jpg","type":"","width":"","height":""}],"twitter_card":"summary_large_image","twitter_misc":{"Dur\u00e9e de lecture estim\u00e9e":"3 minutes"},"schema":{"@context":"https:\/\/schema.org","@graph":[{"@type":"WebPage","@id":"https:\/\/focusonpack.com\/gravity-filling-machine\/10-25-liter-pressure-bottle-liquid-filling-equipment\/","url":"https:\/\/focusonpack.com\/gravity-filling-machine\/10-25-liter-pressure-bottle-liquid-filling-equipment\/","name":"10-25 Liter Pressure Bottle Liquid Filling Equipment - Focus on pack","isPartOf":{"@id":"https:\/\/focusonpack.com\/#website"},"primaryImageOfPage":{"@id":"https:\/\/focusonpack.com\/gravity-filling-machine\/10-25-liter-pressure-bottle-liquid-filling-equipment\/#primaryimage"},"image":{"@id":"https:\/\/focusonpack.com\/gravity-filling-machine\/10-25-liter-pressure-bottle-liquid-filling-equipment\/#primaryimage"},"thumbnailUrl":"https:\/\/focusonpack.com\/wp-content\/uploads\/2023\/07\/10-25liter0.jpg","datePublished":"2020-05-15T08:54:12+00:00","dateModified":"2025-03-29T07:41:39+00:00","breadcrumb":{"@id":"https:\/\/focusonpack.com\/gravity-filling-machine\/10-25-liter-pressure-bottle-liquid-filling-equipment\/#breadcrumb"},"inLanguage":"fr-FR","potentialAction":[{"@type":"ReadAction","target":["https:\/\/focusonpack.com\/gravity-filling-machine\/10-25-liter-pressure-bottle-liquid-filling-equipment\/"]}]},{"@type":"ImageObject","inLanguage":"fr-FR","@id":"https:\/\/focusonpack.com\/gravity-filling-machine\/10-25-liter-pressure-bottle-liquid-filling-equipment\/#primaryimage","url":"https:\/\/focusonpack.com\/wp-content\/uploads\/2023\/07\/10-25liter0.jpg","contentUrl":"https:\/\/focusonpack.com\/wp-content\/uploads\/2023\/07\/10-25liter0.jpg"},{"@type":"BreadcrumbList","@id":"https:\/\/focusonpack.com\/gravity-filling-machine\/10-25-liter-pressure-bottle-liquid-filling-equipment\/#breadcrumb","itemListElement":[{"@type":"ListItem","position":1,"name":"\u9996\u9875","item":"https:\/\/focusonpack.com\/"},{"@type":"ListItem","position":2,"name":"Gravity Filling Machine","item":"https:\/\/focusonpack.com\/gravity-filling-machine\/"},{"@type":"ListItem","position":3,"name":"10-25 Liter Pressure Bottle Liquid Filling Equipment"}]},{"@type":"WebSite","@id":"https:\/\/focusonpack.com\/#website","url":"https:\/\/focusonpack.com\/","name":"Focus on pack","description":"","potentialAction":[{"@type":"SearchAction","target":{"@type":"EntryPoint","urlTemplate":"https:\/\/focusonpack.com\/?s={search_term_string}"},"query-input":{"@type":"PropertyValueSpecification","valueRequired":true,"valueName":"search_term_string"}}],"inLanguage":"fr-FR"}]}},"_links":{"self":[{"href":"https:\/\/focusonpack.com\/fr\/wp-json\/wp\/v2\/pages\/3310","targetHints":{"allow":["GET"]}}],"collection":[{"href":"https:\/\/focusonpack.com\/fr\/wp-json\/wp\/v2\/pages"}],"about":[{"href":"https:\/\/focusonpack.com\/fr\/wp-json\/wp\/v2\/types\/page"}],"author":[{"embeddable":true,"href":"https:\/\/focusonpack.com\/fr\/wp-json\/wp\/v2\/users\/1"}],"replies":[{"embeddable":true,"href":"https:\/\/focusonpack.com\/fr\/wp-json\/wp\/v2\/comments?post=3310"}],"version-history":[{"count":10,"href":"https:\/\/focusonpack.com\/fr\/wp-json\/wp\/v2\/pages\/3310\/revisions"}],"predecessor-version":[{"id":4621,"href":"https:\/\/focusonpack.com\/fr\/wp-json\/wp\/v2\/pages\/3310\/revisions\/4621"}],"up":[{"embeddable":true,"href":"https:\/\/focusonpack.com\/fr\/wp-json\/wp\/v2\/pages\/2496"}],"wp:attachment":[{"href":"https:\/\/focusonpack.com\/fr\/wp-json\/wp\/v2\/media?parent=3310"}],"curies":[{"name":"wp","href":"https:\/\/api.w.org\/{rel}","templated":true}]}}