{"id":3646,"date":"2020-05-16T17:14:12","date_gmt":"2020-05-16T09:14:12","guid":{"rendered":"https:\/\/focusonpack.com\/?page_id=3646"},"modified":"2023-07-21T11:16:24","modified_gmt":"2023-07-21T03:16:24","slug":"wt-ro-1000-pretreatment-and-reverse-osmosis","status":"publish","type":"page","link":"https:\/\/focusonpack.com\/fr\/wt-ro-1000-pretreatment-and-reverse-osmosis\/","title":{"rendered":"WT-RO-1000 Pretreatment and Reverse Osmosis"},"content":{"rendered":"<div data-elementor-type=\"wp-page\" data-elementor-id=\"3646\" class=\"elementor elementor-3646\" data-elementor-settings=\"[]\">\n\t\t\t<div class=\"elementor-inner\">\n\t\t\t\t<div class=\"elementor-section-wrap\">\n\t\t\t\t\t\t\t<section class=\"elementor-element elementor-element-171488a4 elementor-section-boxed elementor-section-height-default elementor-section-height-default elementor-section elementor-top-section\" data-id=\"171488a4\" data-element_type=\"section\">\n\t\t\t\t\t\t<div class=\"elementor-container elementor-column-gap-default\">\n\t\t\t\t<div class=\"elementor-row\">\n\t\t\t\t<div class=\"elementor-element elementor-element-474f017 elementor-column elementor-col-50 elementor-top-column\" data-id=\"474f017\" data-element_type=\"column\">\n\t\t\t<div class=\"elementor-column-wrap  elementor-element-populated\">\n\t\t\t\t\t<div class=\"elementor-widget-wrap\">\n\t\t\t\t<div class=\"elementor-element elementor-element-4a279952 elementor-widget elementor-widget-heading\" data-id=\"4a279952\" data-element_type=\"widget\" data-widget_type=\"heading.default\">\n\t\t\t\t<div class=\"elementor-widget-container\">\n\t\t\t<h3 class=\"elementor-heading-title elementor-size-default\">WT-RO-1000 Pretreatment and Reverse Osmosis<\/h3>\t\t<\/div>\n\t\t\t\t<\/div>\n\t\t\t\t<div class=\"elementor-element elementor-element-6b2175a0 elementor-widget elementor-widget-text-editor\" data-id=\"6b2175a0\" data-element_type=\"widget\" data-widget_type=\"text-editor.default\">\n\t\t\t\t<div class=\"elementor-widget-container\">\n\t\t\t\t\t<div class=\"elementor-text-editor elementor-clearfix\"><p>WT-RO-1000 industrial pretreatment and reverse osmosis water system with product capacity 1000 liters per hour is a highly effective water treatment process for reducing up to 99% of dissolved mineral salts, organics, and other particles by forcing water under pressure through a semi-permeable membrane. The process is named reverse osmosis because it is the opposite of the natural osmotic process, where water from a solution with a low concentration of dissolved solids travels through a membrane seeking to dilute a higher concentration solution. A reverse osmosis water system is induced by applying pressure with a pump to a solution with a high concentration of dissolved solids, causing water from the concentrated solution to pass through the membrane. This water is referred to as product water. Dissolved solids do not pass through the membrane; they are continually flushed to drain as waste. This flushing action also keeps the membrane surface from fouling or scaling. In order to protect the delicate RO membranes against organic fouling, mineral scaling, and chemical degradation, our reverse osmosis system comes with pretreatment\u2013 sand filter, carbon filter, water softener and micro filter.<\/p><\/div>\n\t\t\t\t<\/div>\n\t\t\t\t<\/div>\n\t\t\t\t<div class=\"elementor-element elementor-element-c7d9a1f elementor-widget elementor-widget-text-editor\" data-id=\"c7d9a1f\" data-element_type=\"widget\" data-widget_type=\"text-editor.default\">\n\t\t\t\t<div class=\"elementor-widget-container\">\n\t\t\t\t\t<div class=\"elementor-text-editor elementor-clearfix\"><p><strong>Instructions relatives \u00e0 l'itin\u00e9raire technique et au diagramme de flux<\/strong><\/p><p>R\u00e9servoir d'eau brute \u2192 Pompe de surpression \u2192 Filtre \u00e0 sable \u2192 Filtre \u00e0 charbon actif \u2192 Adoucisseur Microfiltre<br \/>\u2192 Pompe \u00e0 haute pression \u2192 Osmose inverse \u2192 R\u00e9servoir de perm\u00e9at<\/p><\/div>\n\t\t\t\t<\/div>\n\t\t\t\t<\/div>\n\t\t\t\t<div class=\"elementor-element elementor-element-6d126956 elementor-widget elementor-widget-heading\" data-id=\"6d126956\" data-element_type=\"widget\" data-widget_type=\"heading.default\">\n\t\t\t\t<div class=\"elementor-widget-container\">\n\t\t\t<h3 class=\"elementor-heading-title elementor-size-default\">Caract\u00e9ristiques principales<\/h3>\t\t<\/div>\n\t\t\t\t<\/div>\n\t\t\t\t<div class=\"elementor-element elementor-element-6468ceb elementor-widget elementor-widget-text-editor\" data-id=\"6468ceb\" data-element_type=\"widget\" data-widget_type=\"text-editor.default\">\n\t\t\t\t<div class=\"elementor-widget-container\">\n\t\t\t\t\t<div class=\"elementor-text-editor elementor-clearfix\"><p><strong>Mat\u00e9riaux de construction<\/strong><\/p><p>Cadre du patin : SS304<\/p><p>\u00c9l\u00e9ments membranaires:Hydraulique ESPA2-4040<\/p><p>Bo\u00eetiers de membrane : SS304<\/p><p>Tuyauterie basse pression : SS304<\/p><p>Tuyauterie haute pression : SS304<\/p><\/div>\n\t\t\t\t<\/div>\n\t\t\t\t<\/div>\n\t\t\t\t<div class=\"elementor-element elementor-element-ec44625 elementor-widget elementor-widget-text-editor\" data-id=\"ec44625\" data-element_type=\"widget\" data-widget_type=\"text-editor.default\">\n\t\t\t\t<div class=\"elementor-widget-container\">\n\t\t\t\t\t<div class=\"elementor-text-editor elementor-clearfix\"><p><b>Pompe et moteur<\/b><\/p><p>Pompe : centrifuge verticale multicellulaire 304SS<\/p><p>Moteur : TEFC, 380\/460 VAC, triphas\u00e9, 50\/60 Hz.<\/p><\/div>\n\t\t\t\t<\/div>\n\t\t\t\t<\/div>\n\t\t\t\t<div class=\"elementor-element elementor-element-6e1507b elementor-widget elementor-widget-text-editor\" data-id=\"6e1507b\" data-element_type=\"widget\" data-widget_type=\"text-editor.default\">\n\t\t\t\t<div class=\"elementor-widget-container\">\n\t\t\t\t\t<div class=\"elementor-text-editor elementor-clearfix\"><p><b>Caract\u00e9ristiques standard<\/b><\/p><p>4\" x 40\" \u00c9l\u00e9ments membranaires \u00e0 haut rejet<\/p><p>Pr\u00e9filtre \u00e0 s\u00e9diments de 5 microns<\/p><p>\u00c9lectrovanne d'entr\u00e9e automatique<\/p><p>Contr\u00f4le PLC<\/p><p>Moniteur de conductivit\u00e9 de l'eau du produit<\/p><p>Manom\u00e8tres de fonctionnement<\/p><p>D\u00e9bitm\u00e8tres pour produits et concentr\u00e9s<\/p><p>Vannes de r\u00e9gulation des flux de concentr\u00e9 et de recyclage<\/p><p>Pressostat basse pression d'entr\u00e9e avec alarme d'arr\u00eat<\/p><p>Lavage automatique\/manuel<\/p><\/div>\n\t\t\t\t<\/div>\n\t\t\t\t<\/div>\n\t\t\t\t<div class=\"elementor-element elementor-element-010d384 elementor-widget elementor-widget-text-editor\" data-id=\"010d384\" data-element_type=\"widget\" data-widget_type=\"text-editor.default\">\n\t\t\t\t<div class=\"elementor-widget-container\">\n\t\t\t\t\t<div class=\"elementor-text-editor elementor-clearfix\"><p><strong>\u00c9quipements disponibles en option<\/strong><br \/>R\u00e9servoirs de stockage atmosph\u00e9rique avec contr\u00f4le de niveau et pompes de repressurisation<br \/>R\u00e9servoirs de stockage sous pression<br \/>UV<br \/>G\u00e9n\u00e9rateur d'ozone<br \/>Syst\u00e8mes de nettoyage en place (NEP) \u00e0 membrane<br \/>Syst\u00e8mes d'injection de produits chimiques de pr\u00e9traitement<\/p><\/div>\n\t\t\t\t<\/div>\n\t\t\t\t<\/div>\n\t\t\t\t<div class=\"elementor-element elementor-element-3b3970e7 elementor-widget elementor-widget-heading\" data-id=\"3b3970e7\" data-element_type=\"widget\" data-widget_type=\"heading.default\">\n\t\t\t\t<div class=\"elementor-widget-container\">\n\t\t\t<h3 class=\"elementor-heading-title elementor-size-default\">Sp\u00e9cifications techniques<\/h3>\t\t<\/div>\n\t\t\t\t<\/div>\n\t\t\t\t<div class=\"elementor-element elementor-element-4753c35a elementor-widget elementor-widget-text-editor\" data-id=\"4753c35a\" data-element_type=\"widget\" data-widget_type=\"text-editor.default\">\n\t\t\t\t<div class=\"elementor-widget-container\">\n\t\t\t\t\t<div class=\"elementor-text-editor elementor-clearfix\"><table border=\"0\" cellpadding=\"0\" cellspacing=\"0\" width=\"402\" height=\"180\" style=\"width: 301.52pt;\">\n <colgroup><col width=\"173\" style=\"width:129.75pt;\">\n <col width=\"229\" style=\"width:171.75pt;\">\n <\/colgroup><tbody><tr height=\"20\" style=\"height:15.00pt;\">\n  <td class=\"et2\" height=\"20\" width=\"173\" x:str=\"\" style=\"height:15.00pt;width:129.75pt;\">Num\u00e9ro de mod\u00e8le&nbsp;<\/td>\n  <td class=\"et2\" width=\"229\" x:str=\"\" style=\"width:171.75pt;\">WT-RO-1000<\/td>\n <\/tr>\n <tr height=\"20\" style=\"height:15.00pt;\">\n  <td class=\"et2\" height=\"20\" x:str=\"\" style=\"height:15.00pt;\">Capacit\u00e9<\/td>\n  <td class=\"et2\" x:str=\"\">1000LPH(Liter per Hour)<\/td>\n <\/tr>\n <tr height=\"20\" style=\"height:15.00pt;\">\n  <td class=\"et2\" height=\"20\" x:str=\"\" style=\"height:15.00pt;\">R\u00e9cup\u00e9ration nominale&nbsp;<\/td>\n  <td class=\"et2\" x:str=\"\">65-75%<\/td>\n <\/tr>\n <tr height=\"20\" style=\"height:15.00pt;\">\n  <td class=\"et2\" height=\"20\" x:str=\"\" style=\"height:15.00pt;\">Rejet nominal de sel<\/td>\n  <td class=\"et3\" x:num=\"0.996\">99.60%<\/td>\n <\/tr>\n <tr height=\"20\" style=\"height:15.00pt;\">\n  <td class=\"et2\" height=\"20\" x:str=\"\" style=\"height:15.00pt;\">Temp\u00e9rature de fonctionnement<\/td>\n  <td class=\"et2\" x:str=\"\">15\u00b0C-45\u00b0C<\/td>\n <\/tr>\n <tr height=\"20\" style=\"height:15.00pt;\">\n  <td class=\"et2\" height=\"20\" x:str=\"\" style=\"height:15.00pt;\">Temp\u00e9rature de conception<\/td>\n  <td class=\"et2\" x:str=\"\">25\u00b0C<\/td>\n <\/tr>\n <tr height=\"20\" style=\"height:15.00pt;\">\n  <td class=\"et2\" height=\"20\" x:str=\"\" style=\"height:15.00pt;\">Pompe d'alimentation<\/td>\n  <td class=\"et2\" x:str=\"\">0,75KW<\/td>\n <\/tr>\n <tr height=\"20\" style=\"height:15.00pt;\">\n  <td class=\"et2\" height=\"20\" x:str=\"\" style=\"height:15.00pt;\">Pompe \u00e0 haute pression&nbsp;<\/td>\n  <td class=\"et2\" x:str=\"\">1.50KW<\/td>\n <\/tr>\n <tr height=\"20\" style=\"height:15.00pt;\">\n  <td class=\"et2\" height=\"20\" x:str=\"\" style=\"height:15.00pt;\">Tension<\/td>\n  <td class=\"et2\" x:str=\"\">220V \/380V\/460V - 50Hz\/60Hz<\/td>\n <\/tr>\n<\/tbody><\/table><\/div>\n\t\t\t\t<\/div>\n\t\t\t\t<\/div>\n\t\t\t\t<div class=\"elementor-element elementor-element-38bf75df elementor-widget elementor-widget-text-editor\" data-id=\"38bf75df\" data-element_type=\"widget\" data-widget_type=\"text-editor.default\">\n\t\t\t\t<div class=\"elementor-widget-container\">\n\t\t\t\t\t<div class=\"elementor-text-editor elementor-clearfix\"><p>\uf013 Les sp\u00e9cifications peuvent \u00eatre modifi\u00e9es sans pr\u00e9avis, tous droits r\u00e9serv\u00e9s.<\/p><\/div>\n\t\t\t\t<\/div>\n\t\t\t\t<\/div>\n\t\t\t\t\t\t<\/div>\n\t\t\t<\/div>\n\t\t<\/div>\n\t\t\t\t<div class=\"elementor-element elementor-element-40c2dca4 elementor-column elementor-col-50 elementor-top-column\" data-id=\"40c2dca4\" data-element_type=\"column\">\n\t\t\t<div class=\"elementor-column-wrap  elementor-element-populated\">\n\t\t\t\t\t<div class=\"elementor-widget-wrap\">\n\t\t\t\t<div class=\"elementor-element elementor-element-45e6c083 elementor-widget elementor-widget-spacer\" data-id=\"45e6c083\" data-element_type=\"widget\" data-widget_type=\"spacer.default\">\n\t\t\t\t<div class=\"elementor-widget-container\">\n\t\t\t\t\t<div class=\"elementor-spacer\">\n\t\t\t<div class=\"elementor-spacer-inner\"><\/div>\n\t\t<\/div>\n\t\t\t\t<\/div>\n\t\t\t\t<\/div>\n\t\t\t\t<div class=\"elementor-element elementor-element-8e63d6b elementor-widget elementor-widget-image\" data-id=\"8e63d6b\" data-element_type=\"widget\" data-widget_type=\"image.default\">\n\t\t\t\t<div class=\"elementor-widget-container\">\n\t\t\t\t\t<div class=\"elementor-image\">\n\t\t\t\t\t\t\t\t\t\t<img loading=\"lazy\" decoding=\"async\" width=\"309\" height=\"208\" src=\"https:\/\/focusonpack.com\/wp-content\/uploads\/2023\/07\/1t.jpg\" class=\"attachment-full size-full\" alt=\"\" srcset=\"https:\/\/focusonpack.com\/wp-content\/uploads\/2023\/07\/1t.jpg 309w, https:\/\/focusonpack.com\/wp-content\/uploads\/2023\/07\/1t-300x202.jpg 300w\" sizes=\"auto, (max-width: 309px) 100vw, 309px\" \/>\t\t\t\t\t\t\t\t\t\t\t<\/div>\n\t\t\t\t<\/div>\n\t\t\t\t<\/div>\n\t\t\t\t<div class=\"elementor-element elementor-element-91329a0 elementor-button-info elementor-align-center elementor-widget elementor-widget-button\" data-id=\"91329a0\" data-element_type=\"widget\" data-widget_type=\"button.default\">\n\t\t\t\t<div class=\"elementor-widget-container\">\n\t\t\t\t\t<div class=\"elementor-button-wrapper\">\n\t\t\t<a href=\"https:\/\/focusonpack.com\/fr\/nous-contacter\/\" class=\"elementor-button-link elementor-button elementor-size-sm\" role=\"button\">\n\t\t\t\t\t\t<span class=\"elementor-button-content-wrapper\">\n\t\t\t\t\t\t<span class=\"elementor-button-text\">Demande de devis<\/span>\n\t\t<\/span>\n\t\t\t\t\t<\/a>\n\t\t<\/div>\n\t\t\t\t<\/div>\n\t\t\t\t<\/div>\n\t\t\t\t\t\t<\/div>\n\t\t\t<\/div>\n\t\t<\/div>\n\t\t\t\t\t\t<\/div>\n\t\t\t<\/div>\n\t\t<\/section>\n\t\t\t\t\t\t<\/div>\n\t\t\t<\/div>\n\t\t<\/div>","protected":false},"excerpt":{"rendered":"<p>WT-RO-1000 Pretreatment and Re&hellip;<\/p>","protected":false},"author":1,"featured_media":0,"parent":0,"menu_order":0,"comment_status":"closed","ping_status":"closed","template":"elementor_header_footer","meta":{"footnotes":""},"class_list":["post-3646","page","type-page","status-publish","hentry","no-thumb"],"yoast_head":"<!-- This site is optimized with the Yoast SEO plugin v24.8.1 - https:\/\/yoast.com\/wordpress\/plugins\/seo\/ -->\n<title>WT-RO-1000 Pretreatment and Reverse Osmosis - Focus on pack<\/title>\n<meta name=\"robots\" content=\"index, follow, max-snippet:-1, max-image-preview:large, max-video-preview:-1\" \/>\n<link rel=\"canonical\" href=\"https:\/\/focusonpack.com\/fr\/wt-ro-1000-pretreatment-and-reverse-osmosis\/\" \/>\n<meta property=\"og:locale\" content=\"fr_FR\" \/>\n<meta property=\"og:type\" content=\"article\" \/>\n<meta property=\"og:title\" content=\"WT-RO-1000 Pretreatment and Reverse Osmosis - Focus on pack\" \/>\n<meta property=\"og:description\" content=\"WT-RO-1000 Pretreatment and Re&hellip;\" \/>\n<meta property=\"og:url\" content=\"https:\/\/focusonpack.com\/fr\/wt-ro-1000-pretreatment-and-reverse-osmosis\/\" \/>\n<meta property=\"og:site_name\" content=\"Focus on pack\" \/>\n<meta property=\"article:modified_time\" content=\"2023-07-21T03:16:24+00:00\" \/>\n<meta property=\"og:image\" content=\"https:\/\/focusonpack.com\/wp-content\/uploads\/2023\/07\/1t.jpg\" \/>\n<meta name=\"twitter:card\" content=\"summary_large_image\" \/>\n<meta name=\"twitter:label1\" content=\"Dur\u00e9e de lecture estim\u00e9e\" \/>\n\t<meta name=\"twitter:data1\" content=\"2 minutes\" \/>\n<script type=\"application\/ld+json\" class=\"yoast-schema-graph\">{\"@context\":\"https:\/\/schema.org\",\"@graph\":[{\"@type\":\"WebPage\",\"@id\":\"https:\/\/focusonpack.com\/wt-ro-1000-pretreatment-and-reverse-osmosis\/\",\"url\":\"https:\/\/focusonpack.com\/wt-ro-1000-pretreatment-and-reverse-osmosis\/\",\"name\":\"WT-RO-1000 Pretreatment and Reverse Osmosis - Focus on pack\",\"isPartOf\":{\"@id\":\"https:\/\/focusonpack.com\/#website\"},\"primaryImageOfPage\":{\"@id\":\"https:\/\/focusonpack.com\/wt-ro-1000-pretreatment-and-reverse-osmosis\/#primaryimage\"},\"image\":{\"@id\":\"https:\/\/focusonpack.com\/wt-ro-1000-pretreatment-and-reverse-osmosis\/#primaryimage\"},\"thumbnailUrl\":\"https:\/\/focusonpack.com\/wp-content\/uploads\/2023\/07\/1t.jpg\",\"datePublished\":\"2020-05-16T09:14:12+00:00\",\"dateModified\":\"2023-07-21T03:16:24+00:00\",\"breadcrumb\":{\"@id\":\"https:\/\/focusonpack.com\/wt-ro-1000-pretreatment-and-reverse-osmosis\/#breadcrumb\"},\"inLanguage\":\"fr-FR\",\"potentialAction\":[{\"@type\":\"ReadAction\",\"target\":[\"https:\/\/focusonpack.com\/wt-ro-1000-pretreatment-and-reverse-osmosis\/\"]}]},{\"@type\":\"ImageObject\",\"inLanguage\":\"fr-FR\",\"@id\":\"https:\/\/focusonpack.com\/wt-ro-1000-pretreatment-and-reverse-osmosis\/#primaryimage\",\"url\":\"https:\/\/focusonpack.com\/wp-content\/uploads\/2023\/07\/1t.jpg\",\"contentUrl\":\"https:\/\/focusonpack.com\/wp-content\/uploads\/2023\/07\/1t.jpg\"},{\"@type\":\"BreadcrumbList\",\"@id\":\"https:\/\/focusonpack.com\/wt-ro-1000-pretreatment-and-reverse-osmosis\/#breadcrumb\",\"itemListElement\":[{\"@type\":\"ListItem\",\"position\":1,\"name\":\"\u9996\u9875\",\"item\":\"https:\/\/focusonpack.com\/\"},{\"@type\":\"ListItem\",\"position\":2,\"name\":\"WT-RO-1000 Pretreatment and Reverse Osmosis\"}]},{\"@type\":\"WebSite\",\"@id\":\"https:\/\/focusonpack.com\/#website\",\"url\":\"https:\/\/focusonpack.com\/\",\"name\":\"Focus on pack\",\"description\":\"\",\"potentialAction\":[{\"@type\":\"SearchAction\",\"target\":{\"@type\":\"EntryPoint\",\"urlTemplate\":\"https:\/\/focusonpack.com\/?s={search_term_string}\"},\"query-input\":{\"@type\":\"PropertyValueSpecification\",\"valueRequired\":true,\"valueName\":\"search_term_string\"}}],\"inLanguage\":\"fr-FR\"}]}<\/script>\n<!-- \/ Yoast SEO plugin. -->","yoast_head_json":{"title":"WT-RO-1000 Pretreatment and Reverse Osmosis - Focus on pack","robots":{"index":"index","follow":"follow","max-snippet":"max-snippet:-1","max-image-preview":"max-image-preview:large","max-video-preview":"max-video-preview:-1"},"canonical":"https:\/\/focusonpack.com\/fr\/wt-ro-1000-pretreatment-and-reverse-osmosis\/","og_locale":"fr_FR","og_type":"article","og_title":"WT-RO-1000 Pretreatment and Reverse Osmosis - Focus on pack","og_description":"WT-RO-1000 Pretreatment and Re&hellip;","og_url":"https:\/\/focusonpack.com\/fr\/wt-ro-1000-pretreatment-and-reverse-osmosis\/","og_site_name":"Focus on pack","article_modified_time":"2023-07-21T03:16:24+00:00","og_image":[{"url":"https:\/\/focusonpack.com\/wp-content\/uploads\/2023\/07\/1t.jpg","type":"","width":"","height":""}],"twitter_card":"summary_large_image","twitter_misc":{"Dur\u00e9e de lecture estim\u00e9e":"2 minutes"},"schema":{"@context":"https:\/\/schema.org","@graph":[{"@type":"WebPage","@id":"https:\/\/focusonpack.com\/wt-ro-1000-pretreatment-and-reverse-osmosis\/","url":"https:\/\/focusonpack.com\/wt-ro-1000-pretreatment-and-reverse-osmosis\/","name":"WT-RO-1000 Pretreatment and Reverse Osmosis - Focus on pack","isPartOf":{"@id":"https:\/\/focusonpack.com\/#website"},"primaryImageOfPage":{"@id":"https:\/\/focusonpack.com\/wt-ro-1000-pretreatment-and-reverse-osmosis\/#primaryimage"},"image":{"@id":"https:\/\/focusonpack.com\/wt-ro-1000-pretreatment-and-reverse-osmosis\/#primaryimage"},"thumbnailUrl":"https:\/\/focusonpack.com\/wp-content\/uploads\/2023\/07\/1t.jpg","datePublished":"2020-05-16T09:14:12+00:00","dateModified":"2023-07-21T03:16:24+00:00","breadcrumb":{"@id":"https:\/\/focusonpack.com\/wt-ro-1000-pretreatment-and-reverse-osmosis\/#breadcrumb"},"inLanguage":"fr-FR","potentialAction":[{"@type":"ReadAction","target":["https:\/\/focusonpack.com\/wt-ro-1000-pretreatment-and-reverse-osmosis\/"]}]},{"@type":"ImageObject","inLanguage":"fr-FR","@id":"https:\/\/focusonpack.com\/wt-ro-1000-pretreatment-and-reverse-osmosis\/#primaryimage","url":"https:\/\/focusonpack.com\/wp-content\/uploads\/2023\/07\/1t.jpg","contentUrl":"https:\/\/focusonpack.com\/wp-content\/uploads\/2023\/07\/1t.jpg"},{"@type":"BreadcrumbList","@id":"https:\/\/focusonpack.com\/wt-ro-1000-pretreatment-and-reverse-osmosis\/#breadcrumb","itemListElement":[{"@type":"ListItem","position":1,"name":"\u9996\u9875","item":"https:\/\/focusonpack.com\/"},{"@type":"ListItem","position":2,"name":"WT-RO-1000 Pretreatment and Reverse Osmosis"}]},{"@type":"WebSite","@id":"https:\/\/focusonpack.com\/#website","url":"https:\/\/focusonpack.com\/","name":"Focus on pack","description":"","potentialAction":[{"@type":"SearchAction","target":{"@type":"EntryPoint","urlTemplate":"https:\/\/focusonpack.com\/?s={search_term_string}"},"query-input":{"@type":"PropertyValueSpecification","valueRequired":true,"valueName":"search_term_string"}}],"inLanguage":"fr-FR"}]}},"_links":{"self":[{"href":"https:\/\/focusonpack.com\/fr\/wp-json\/wp\/v2\/pages\/3646","targetHints":{"allow":["GET"]}}],"collection":[{"href":"https:\/\/focusonpack.com\/fr\/wp-json\/wp\/v2\/pages"}],"about":[{"href":"https:\/\/focusonpack.com\/fr\/wp-json\/wp\/v2\/types\/page"}],"author":[{"embeddable":true,"href":"https:\/\/focusonpack.com\/fr\/wp-json\/wp\/v2\/users\/1"}],"replies":[{"embeddable":true,"href":"https:\/\/focusonpack.com\/fr\/wp-json\/wp\/v2\/comments?post=3646"}],"version-history":[{"count":11,"href":"https:\/\/focusonpack.com\/fr\/wp-json\/wp\/v2\/pages\/3646\/revisions"}],"predecessor-version":[{"id":4078,"href":"https:\/\/focusonpack.com\/fr\/wp-json\/wp\/v2\/pages\/3646\/revisions\/4078"}],"wp:attachment":[{"href":"https:\/\/focusonpack.com\/fr\/wp-json\/wp\/v2\/media?parent=3646"}],"curies":[{"name":"wp","href":"https:\/\/api.w.org\/{rel}","templated":true}]}}