{"id":3864,"date":"2022-06-27T16:28:16","date_gmt":"2022-06-27T08:28:16","guid":{"rendered":"https:\/\/focusonpack.com\/?page_id=3864"},"modified":"2022-06-27T16:35:30","modified_gmt":"2022-06-27T08:35:30","slug":"sachet-liquid-filling-and-sealing-machine%e2%80%8b%e2%80%8b","status":"publish","type":"page","link":"https:\/\/focusonpack.com\/fr\/sachet-liquid-filling-and-sealing-machine%e2%80%8b%e2%80%8b\/","title":{"rendered":"Sachet Liquid Filling and Sealing Machine\u200b\u200b"},"content":{"rendered":"<div data-elementor-type=\"wp-page\" data-elementor-id=\"3864\" class=\"elementor elementor-3864\" data-elementor-settings=\"[]\">\n\t\t\t<div class=\"elementor-inner\">\n\t\t\t\t<div class=\"elementor-section-wrap\">\n\t\t\t\t\t\t\t<section class=\"elementor-element elementor-element-1f09520c elementor-section-boxed elementor-section-height-default elementor-section-height-default elementor-section elementor-top-section\" data-id=\"1f09520c\" data-element_type=\"section\">\n\t\t\t\t\t\t<div class=\"elementor-container elementor-column-gap-default\">\n\t\t\t\t<div class=\"elementor-row\">\n\t\t\t\t<div class=\"elementor-element elementor-element-61440d32 elementor-column elementor-col-50 elementor-top-column\" data-id=\"61440d32\" data-element_type=\"column\">\n\t\t\t<div class=\"elementor-column-wrap  elementor-element-populated\">\n\t\t\t\t\t<div class=\"elementor-widget-wrap\">\n\t\t\t\t<div class=\"elementor-element elementor-element-33ba9c71 elementor-widget elementor-widget-heading\" data-id=\"33ba9c71\" data-element_type=\"widget\" data-widget_type=\"heading.default\">\n\t\t\t\t<div class=\"elementor-widget-container\">\n\t\t\t<h3 class=\"elementor-heading-title elementor-size-default\">Sachet Liquid Filling and Sealing Machine\u200b<\/h3>\t\t<\/div>\n\t\t\t\t<\/div>\n\t\t\t\t<div class=\"elementor-element elementor-element-39f4f0d7 elementor-widget elementor-widget-heading\" data-id=\"39f4f0d7\" data-element_type=\"widget\" data-widget_type=\"heading.default\">\n\t\t\t\t<div class=\"elementor-widget-container\">\n\t\t\t<h3 class=\"elementor-heading-title elementor-size-default\">2 in 1 Sachet Liquid Pouch Filling Machine<\/h3>\t\t<\/div>\n\t\t\t\t<\/div>\n\t\t\t\t<div class=\"elementor-element elementor-element-18eba21e elementor-widget elementor-widget-text-editor\" data-id=\"18eba21e\" data-element_type=\"widget\" data-widget_type=\"text-editor.default\">\n\t\t\t\t<div class=\"elementor-widget-container\">\n\t\t\t\t\t<div class=\"elementor-text-editor elementor-clearfix\"><p>Sachet liquid filling and sealing machine is applicable for packing liquid like milk, soy sauce, vinegar, rice wine and various liquids. Packaging Material: Heat-sealable plastic film, such as polyethylene\/PE.<\/p><\/div>\n\t\t\t\t<\/div>\n\t\t\t\t<\/div>\n\t\t\t\t<div class=\"elementor-element elementor-element-17d8b6b2 elementor-widget elementor-widget-text-editor\" data-id=\"17d8b6b2\" data-element_type=\"widget\" data-widget_type=\"text-editor.default\">\n\t\t\t\t<div class=\"elementor-widget-container\">\n\t\t\t\t\t<div class=\"elementor-text-editor elementor-clearfix\"><p>1.Stainless steel formers.<\/p><p>2.The pure copper vertical seal has the advantages of fast heating, uniform temerature and good heat conduction effect without deformation.<\/p><p>3.Smooth bag length accuracy.<\/p><p>4.Three-way reversing feed port.<\/p><p>5.Pure copper is used to generate heat quickly, the bag is sealed horizontally, the seal is beautiful and firm, and it can withsatnd 70 kilograms of pressure.<\/p><\/div>\n\t\t\t\t<\/div>\n\t\t\t\t<\/div>\n\t\t\t\t<div class=\"elementor-element elementor-element-6bc26785 elementor-widget elementor-widget-heading\" data-id=\"6bc26785\" data-element_type=\"widget\" data-widget_type=\"heading.default\">\n\t\t\t\t<div class=\"elementor-widget-container\">\n\t\t\t<h3 class=\"elementor-heading-title elementor-size-default\">Caract\u00e9ristiques principales<\/h3>\t\t<\/div>\n\t\t\t\t<\/div>\n\t\t\t\t<div class=\"elementor-element elementor-element-562ab970 elementor-widget elementor-widget-text-editor\" data-id=\"562ab970\" data-element_type=\"widget\" data-widget_type=\"text-editor.default\">\n\t\t\t\t<div class=\"elementor-widget-container\">\n\t\t\t\t\t<div class=\"elementor-text-editor elementor-clearfix\"><div data-spm-anchor-id=\"a2700.details.0.i31.7fa11404yHrhf1\">* Back sealing,valve piston pump filling meter.<br \/><br \/><\/div><p>* Film disinfection, liquid disinfection.\u00a0<\/p><p>*The finished packed products are elegant and reliable, hygiene and security .<\/p><p>* It can automatically finish making-bag, metering, filling, sealing, cutting, counting and printing batch number .<\/p><p>* The body and the parts touching the material are made of stainless steel.<\/p><div><div>*It is applicable for packing liquid like milk, soy sauce, vinegar, rice wine and various liquids.<\/div><div>\u00a0<\/div><div>*Packaging material: heat-sealable plastic film, such as polyethylene\/PE.<\/div><\/div><\/div>\n\t\t\t\t<\/div>\n\t\t\t\t<\/div>\n\t\t\t\t<div class=\"elementor-element elementor-element-54db959c elementor-widget elementor-widget-heading\" data-id=\"54db959c\" data-element_type=\"widget\" data-widget_type=\"heading.default\">\n\t\t\t\t<div class=\"elementor-widget-container\">\n\t\t\t<h3 class=\"elementor-heading-title elementor-size-default\">Sp\u00e9cifications techniques<\/h3>\t\t<\/div>\n\t\t\t\t<\/div>\n\t\t\t\t<div class=\"elementor-element elementor-element-461242c6 elementor-widget elementor-widget-text-editor\" data-id=\"461242c6\" data-element_type=\"widget\" data-widget_type=\"text-editor.default\">\n\t\t\t\t<div class=\"elementor-widget-container\">\n\t\t\t\t\t<div class=\"elementor-text-editor elementor-clearfix\"><div class=\"J_module\"><div class=\"ife-detail-decorate-table\"><div class=\"J_module\"><div class=\"ife-detail-decorate-table\"><table class=\"all magic-16\"><tbody><tr><td colspan=\"3\" rowspan=\"1\"><div class=\"magic-17\"><div class=\"magic-18\" data-spm-anchor-id=\"a2700.pc-decorate.0.i3.30553333af4yOs\">2 in 1 Sachet Liquid Pouch Filling Machine Sauce Sachet Filling Machine<\/div><\/div><\/td><\/tr><tr><td colspan=\"1\" rowspan=\"1\"><div class=\"magic-22\">Model<\/div><\/td><td colspan=\"1\" rowspan=\"1\"><div class=\"magic-20\">BWLF-1000<\/div><\/td><td colspan=\"1\" rowspan=\"1\"><div class=\"magic-23\">BWLF-2000<\/div><\/td><\/tr><tr><td colspan=\"1\" rowspan=\"1\"><div class=\"magic-22\">Bag-making Length<\/div><\/td><td colspan=\"1\" rowspan=\"1\"><div class=\"magic-20\">50-150mm\u00a0<\/div><\/td><td colspan=\"1\" rowspan=\"1\"><div class=\"magic-23\">50-250mm<\/div><\/td><\/tr><tr><td colspan=\"1\" rowspan=\"1\"><div class=\"magic-22\">Bag-making Width<\/div><\/td><td colspan=\"1\" rowspan=\"1\"><div class=\"magic-20\">40-150mm<\/div><\/td><td colspan=\"1\" rowspan=\"1\"><div class=\"magic-23\">40-175mm<\/div><\/td><\/tr><tr><td colspan=\"1\" rowspan=\"1\"><div class=\"magic-22\">Packing Film Width<\/div><\/td><td colspan=\"1\" rowspan=\"1\"><div class=\"magic-20\">100-320mm<\/div><\/td><td colspan=\"1\" rowspan=\"1\"><div class=\"magic-23\">100-380mm<\/div><\/td><\/tr><tr><td colspan=\"1\" rowspan=\"1\"><div class=\"magic-22\">Packing Capacity<\/div><\/td><td colspan=\"1\" rowspan=\"1\"><div class=\"magic-20\">50-550ml<\/div><\/td><td colspan=\"1\" rowspan=\"1\"><div class=\"magic-23\">200-1000ml<\/div><\/td><\/tr><tr><td colspan=\"1\" rowspan=\"1\"><div class=\"magic-22\">Vitesse d'emballage<\/div><\/td><td colspan=\"1\" rowspan=\"1\"><div class=\"magic-20\">2000-2200bags\/hour<\/div><\/td><td colspan=\"1\" rowspan=\"1\"><div class=\"magic-23\">1100-1300bags\/hour<\/div><\/td><\/tr><tr><td colspan=\"1\" rowspan=\"1\"><div class=\"magic-22\">Power<\/div><\/td><td colspan=\"1\" rowspan=\"1\"><div class=\"magic-20\">1.6KW<\/div><\/td><td colspan=\"1\" rowspan=\"1\"><div class=\"magic-23\">2.5KW<\/div><\/td><\/tr><tr><td colspan=\"1\" rowspan=\"1\"><div class=\"magic-22\">Tension<\/div><\/td><td colspan=\"1\" rowspan=\"1\"><div class=\"magic-20\">220v<\/div><\/td><td colspan=\"1\" rowspan=\"1\"><div class=\"magic-23\">220v<\/div><\/td><\/tr><tr><td colspan=\"1\" rowspan=\"1\"><div class=\"magic-22\">Dimension<\/div><\/td><td colspan=\"1\" rowspan=\"1\"><div class=\"magic-20\">880*760*1800mm<\/div><\/td><td colspan=\"1\" rowspan=\"1\"><div class=\"magic-23\">1050*850*2050mm<\/div><\/td><\/tr><tr><td colspan=\"1\" rowspan=\"1\"><div class=\"magic-22\">Weight<\/div><\/td><td colspan=\"1\" rowspan=\"1\"><div class=\"magic-20\">275kg<\/div><\/td><td colspan=\"1\" rowspan=\"1\"><div class=\"magic-23\">380kg<\/div><\/td><\/tr><\/tbody><\/table><\/div><\/div><div class=\"J_module\"><div class=\"icbu-pc-images magic-0\"><div><div class=\"flex-layout-v\"><div class=\"flex-layout-h magic-0\">\u00a0<\/div><\/div><\/div><\/div><\/div><\/div><\/div><\/div>\n\t\t\t\t<\/div>\n\t\t\t\t<\/div>\n\t\t\t\t<div class=\"elementor-element elementor-element-1ea54ed9 elementor-widget elementor-widget-text-editor\" data-id=\"1ea54ed9\" data-element_type=\"widget\" data-widget_type=\"text-editor.default\">\n\t\t\t\t<div class=\"elementor-widget-container\">\n\t\t\t\t\t<div class=\"elementor-text-editor elementor-clearfix\"><p>\uf013 Les sp\u00e9cifications peuvent \u00eatre modifi\u00e9es sans pr\u00e9avis, tous droits r\u00e9serv\u00e9s.<\/p><\/div>\n\t\t\t\t<\/div>\n\t\t\t\t<\/div>\n\t\t\t\t<div class=\"elementor-element elementor-element-29276c09 elementor-widget elementor-widget-heading\" data-id=\"29276c09\" data-element_type=\"widget\" data-widget_type=\"heading.default\">\n\t\t\t\t<div class=\"elementor-widget-container\">\n\t\t\t<h3 class=\"elementor-heading-title elementor-size-default\">Samples<\/h3>\t\t<\/div>\n\t\t\t\t<\/div>\n\t\t\t\t<div class=\"elementor-element elementor-element-860942c elementor-widget elementor-widget-image\" data-id=\"860942c\" data-element_type=\"widget\" data-widget_type=\"image.default\">\n\t\t\t\t<div class=\"elementor-widget-container\">\n\t\t\t\t\t<div class=\"elementor-image\">\n\t\t\t\t\t\t\t\t\t\t<img loading=\"lazy\" decoding=\"async\" width=\"750\" height=\"283\" src=\"https:\/\/focusonpack.com\/wp-content\/uploads\/2022\/06\/\u888b\u5f0f\u704c\u88c5\u673a\u8be6\u60c5\u9875_03.jpg\" class=\"attachment-large size-large\" alt=\"\" srcset=\"https:\/\/focusonpack.com\/wp-content\/uploads\/2022\/06\/\u888b\u5f0f\u704c\u88c5\u673a\u8be6\u60c5\u9875_03.jpg 750w, https:\/\/focusonpack.com\/wp-content\/uploads\/2022\/06\/\u888b\u5f0f\u704c\u88c5\u673a\u8be6\u60c5\u9875_03-300x113.jpg 300w, https:\/\/focusonpack.com\/wp-content\/uploads\/2022\/06\/\u888b\u5f0f\u704c\u88c5\u673a\u8be6\u60c5\u9875_03-600x226.jpg 600w\" sizes=\"auto, (max-width: 750px) 100vw, 750px\" \/>\t\t\t\t\t\t\t\t\t\t\t<\/div>\n\t\t\t\t<\/div>\n\t\t\t\t<\/div>\n\t\t\t\t\t\t<\/div>\n\t\t\t<\/div>\n\t\t<\/div>\n\t\t\t\t<div class=\"elementor-element elementor-element-20daa0eb elementor-column elementor-col-50 elementor-top-column\" data-id=\"20daa0eb\" data-element_type=\"column\">\n\t\t\t<div class=\"elementor-column-wrap  elementor-element-populated\">\n\t\t\t\t\t<div class=\"elementor-widget-wrap\">\n\t\t\t\t<div class=\"elementor-element elementor-element-257f3a05 elementor-widget elementor-widget-spacer\" data-id=\"257f3a05\" data-element_type=\"widget\" data-widget_type=\"spacer.default\">\n\t\t\t\t<div class=\"elementor-widget-container\">\n\t\t\t\t\t<div class=\"elementor-spacer\">\n\t\t\t<div class=\"elementor-spacer-inner\"><\/div>\n\t\t<\/div>\n\t\t\t\t<\/div>\n\t\t\t\t<\/div>\n\t\t\t\t<div class=\"elementor-element elementor-element-26af8b2f elementor-widget elementor-widget-image\" data-id=\"26af8b2f\" data-element_type=\"widget\" data-widget_type=\"image.default\">\n\t\t\t\t<div class=\"elementor-widget-container\">\n\t\t\t\t\t<div class=\"elementor-image\">\n\t\t\t\t\t\t\t\t\t\t<img loading=\"lazy\" decoding=\"async\" width=\"750\" height=\"750\" src=\"https:\/\/focusonpack.com\/wp-content\/uploads\/2022\/06\/1-1.jpg\" class=\"attachment-full size-full\" alt=\"\" srcset=\"https:\/\/focusonpack.com\/wp-content\/uploads\/2022\/06\/1-1.jpg 750w, https:\/\/focusonpack.com\/wp-content\/uploads\/2022\/06\/1-1-300x300.jpg 300w, https:\/\/focusonpack.com\/wp-content\/uploads\/2022\/06\/1-1-150x150.jpg 150w, https:\/\/focusonpack.com\/wp-content\/uploads\/2022\/06\/1-1-75x75.jpg 75w, https:\/\/focusonpack.com\/wp-content\/uploads\/2022\/06\/1-1-80x80.jpg 80w, https:\/\/focusonpack.com\/wp-content\/uploads\/2022\/06\/1-1-600x600.jpg 600w, https:\/\/focusonpack.com\/wp-content\/uploads\/2022\/06\/1-1-100x100.jpg 100w\" sizes=\"auto, (max-width: 750px) 100vw, 750px\" \/>\t\t\t\t\t\t\t\t\t\t\t<\/div>\n\t\t\t\t<\/div>\n\t\t\t\t<\/div>\n\t\t\t\t<div class=\"elementor-element elementor-element-1cc43178 elementor-button-info elementor-align-center elementor-widget elementor-widget-button\" data-id=\"1cc43178\" data-element_type=\"widget\" data-widget_type=\"button.default\">\n\t\t\t\t<div class=\"elementor-widget-container\">\n\t\t\t\t\t<div class=\"elementor-button-wrapper\">\n\t\t\t<a href=\"https:\/\/focusonpack.com\/fr\/nous-contacter\/\" class=\"elementor-button-link elementor-button elementor-size-sm\" role=\"button\">\n\t\t\t\t\t\t<span class=\"elementor-button-content-wrapper\">\n\t\t\t\t\t\t<span class=\"elementor-button-text\">Demande de devis<\/span>\n\t\t<\/span>\n\t\t\t\t\t<\/a>\n\t\t<\/div>\n\t\t\t\t<\/div>\n\t\t\t\t<\/div>\n\t\t\t\t\t\t<\/div>\n\t\t\t<\/div>\n\t\t<\/div>\n\t\t\t\t\t\t<\/div>\n\t\t\t<\/div>\n\t\t<\/section>\n\t\t\t\t\t\t<\/div>\n\t\t\t<\/div>\n\t\t<\/div>","protected":false},"excerpt":{"rendered":"<p>Sachet Liquid Filling and Seal&hellip;<\/p>","protected":false},"author":1,"featured_media":0,"parent":0,"menu_order":0,"comment_status":"closed","ping_status":"closed","template":"elementor_header_footer","meta":{"footnotes":""},"class_list":["post-3864","page","type-page","status-publish","hentry","no-thumb"],"yoast_head":"<!-- This site is optimized with the Yoast SEO plugin v24.8.1 - https:\/\/yoast.com\/wordpress\/plugins\/seo\/ -->\n<title>Sachet Liquid Filling and Sealing Machine\u200b\u200b - Focus on pack<\/title>\n<meta name=\"robots\" content=\"index, follow, max-snippet:-1, max-image-preview:large, max-video-preview:-1\" \/>\n<link rel=\"canonical\" href=\"https:\/\/focusonpack.com\/fr\/sachet-liquid-filling-and-sealing-machine\u200b\u200b\/\" \/>\n<meta property=\"og:locale\" content=\"fr_FR\" \/>\n<meta property=\"og:type\" content=\"article\" \/>\n<meta property=\"og:title\" content=\"Sachet Liquid Filling and Sealing Machine\u200b\u200b - Focus on pack\" \/>\n<meta property=\"og:description\" content=\"Sachet Liquid Filling and Seal&hellip;\" \/>\n<meta property=\"og:url\" content=\"https:\/\/focusonpack.com\/fr\/sachet-liquid-filling-and-sealing-machine\u200b\u200b\/\" \/>\n<meta property=\"og:site_name\" content=\"Focus on pack\" \/>\n<meta property=\"article:modified_time\" content=\"2022-06-27T08:35:30+00:00\" \/>\n<meta property=\"og:image\" content=\"https:\/\/focusonpack.com\/wp-content\/uploads\/2022\/06\/1-1.jpg\" \/>\n<meta name=\"twitter:card\" content=\"summary_large_image\" \/>\n<meta name=\"twitter:label1\" content=\"Dur\u00e9e de lecture estim\u00e9e\" \/>\n\t<meta name=\"twitter:data1\" content=\"1 minute\" \/>\n<script type=\"application\/ld+json\" class=\"yoast-schema-graph\">{\"@context\":\"https:\/\/schema.org\",\"@graph\":[{\"@type\":\"WebPage\",\"@id\":\"https:\/\/focusonpack.com\/sachet-liquid-filling-and-sealing-machine%e2%80%8b%e2%80%8b\/\",\"url\":\"https:\/\/focusonpack.com\/sachet-liquid-filling-and-sealing-machine%e2%80%8b%e2%80%8b\/\",\"name\":\"Sachet Liquid Filling and Sealing Machine\u200b\u200b - Focus on pack\",\"isPartOf\":{\"@id\":\"https:\/\/focusonpack.com\/#website\"},\"primaryImageOfPage\":{\"@id\":\"https:\/\/focusonpack.com\/sachet-liquid-filling-and-sealing-machine%e2%80%8b%e2%80%8b\/#primaryimage\"},\"image\":{\"@id\":\"https:\/\/focusonpack.com\/sachet-liquid-filling-and-sealing-machine%e2%80%8b%e2%80%8b\/#primaryimage\"},\"thumbnailUrl\":\"https:\/\/focusonpack.com\/wp-content\/uploads\/2022\/06\/1-1.jpg\",\"datePublished\":\"2022-06-27T08:28:16+00:00\",\"dateModified\":\"2022-06-27T08:35:30+00:00\",\"breadcrumb\":{\"@id\":\"https:\/\/focusonpack.com\/sachet-liquid-filling-and-sealing-machine%e2%80%8b%e2%80%8b\/#breadcrumb\"},\"inLanguage\":\"fr-FR\",\"potentialAction\":[{\"@type\":\"ReadAction\",\"target\":[\"https:\/\/focusonpack.com\/sachet-liquid-filling-and-sealing-machine%e2%80%8b%e2%80%8b\/\"]}]},{\"@type\":\"ImageObject\",\"inLanguage\":\"fr-FR\",\"@id\":\"https:\/\/focusonpack.com\/sachet-liquid-filling-and-sealing-machine%e2%80%8b%e2%80%8b\/#primaryimage\",\"url\":\"https:\/\/focusonpack.com\/wp-content\/uploads\/2022\/06\/1-1.jpg\",\"contentUrl\":\"https:\/\/focusonpack.com\/wp-content\/uploads\/2022\/06\/1-1.jpg\"},{\"@type\":\"BreadcrumbList\",\"@id\":\"https:\/\/focusonpack.com\/sachet-liquid-filling-and-sealing-machine%e2%80%8b%e2%80%8b\/#breadcrumb\",\"itemListElement\":[{\"@type\":\"ListItem\",\"position\":1,\"name\":\"\u9996\u9875\",\"item\":\"https:\/\/focusonpack.com\/\"},{\"@type\":\"ListItem\",\"position\":2,\"name\":\"Sachet Liquid Filling and Sealing Machine\u200b\u200b\"}]},{\"@type\":\"WebSite\",\"@id\":\"https:\/\/focusonpack.com\/#website\",\"url\":\"https:\/\/focusonpack.com\/\",\"name\":\"Focus on pack\",\"description\":\"\",\"potentialAction\":[{\"@type\":\"SearchAction\",\"target\":{\"@type\":\"EntryPoint\",\"urlTemplate\":\"https:\/\/focusonpack.com\/?s={search_term_string}\"},\"query-input\":{\"@type\":\"PropertyValueSpecification\",\"valueRequired\":true,\"valueName\":\"search_term_string\"}}],\"inLanguage\":\"fr-FR\"}]}<\/script>\n<!-- \/ Yoast SEO plugin. -->","yoast_head_json":{"title":"Sachet Liquid Filling and Sealing Machine\u200b\u200b - Focus on pack","robots":{"index":"index","follow":"follow","max-snippet":"max-snippet:-1","max-image-preview":"max-image-preview:large","max-video-preview":"max-video-preview:-1"},"canonical":"https:\/\/focusonpack.com\/fr\/sachet-liquid-filling-and-sealing-machine\u200b\u200b\/","og_locale":"fr_FR","og_type":"article","og_title":"Sachet Liquid Filling and Sealing Machine\u200b\u200b - Focus on pack","og_description":"Sachet Liquid Filling and Seal&hellip;","og_url":"https:\/\/focusonpack.com\/fr\/sachet-liquid-filling-and-sealing-machine\u200b\u200b\/","og_site_name":"Focus on pack","article_modified_time":"2022-06-27T08:35:30+00:00","og_image":[{"url":"https:\/\/focusonpack.com\/wp-content\/uploads\/2022\/06\/1-1.jpg","type":"","width":"","height":""}],"twitter_card":"summary_large_image","twitter_misc":{"Dur\u00e9e de lecture estim\u00e9e":"1 minute"},"schema":{"@context":"https:\/\/schema.org","@graph":[{"@type":"WebPage","@id":"https:\/\/focusonpack.com\/sachet-liquid-filling-and-sealing-machine%e2%80%8b%e2%80%8b\/","url":"https:\/\/focusonpack.com\/sachet-liquid-filling-and-sealing-machine%e2%80%8b%e2%80%8b\/","name":"Sachet Liquid Filling and Sealing Machine\u200b\u200b - Focus on pack","isPartOf":{"@id":"https:\/\/focusonpack.com\/#website"},"primaryImageOfPage":{"@id":"https:\/\/focusonpack.com\/sachet-liquid-filling-and-sealing-machine%e2%80%8b%e2%80%8b\/#primaryimage"},"image":{"@id":"https:\/\/focusonpack.com\/sachet-liquid-filling-and-sealing-machine%e2%80%8b%e2%80%8b\/#primaryimage"},"thumbnailUrl":"https:\/\/focusonpack.com\/wp-content\/uploads\/2022\/06\/1-1.jpg","datePublished":"2022-06-27T08:28:16+00:00","dateModified":"2022-06-27T08:35:30+00:00","breadcrumb":{"@id":"https:\/\/focusonpack.com\/sachet-liquid-filling-and-sealing-machine%e2%80%8b%e2%80%8b\/#breadcrumb"},"inLanguage":"fr-FR","potentialAction":[{"@type":"ReadAction","target":["https:\/\/focusonpack.com\/sachet-liquid-filling-and-sealing-machine%e2%80%8b%e2%80%8b\/"]}]},{"@type":"ImageObject","inLanguage":"fr-FR","@id":"https:\/\/focusonpack.com\/sachet-liquid-filling-and-sealing-machine%e2%80%8b%e2%80%8b\/#primaryimage","url":"https:\/\/focusonpack.com\/wp-content\/uploads\/2022\/06\/1-1.jpg","contentUrl":"https:\/\/focusonpack.com\/wp-content\/uploads\/2022\/06\/1-1.jpg"},{"@type":"BreadcrumbList","@id":"https:\/\/focusonpack.com\/sachet-liquid-filling-and-sealing-machine%e2%80%8b%e2%80%8b\/#breadcrumb","itemListElement":[{"@type":"ListItem","position":1,"name":"\u9996\u9875","item":"https:\/\/focusonpack.com\/"},{"@type":"ListItem","position":2,"name":"Sachet Liquid Filling and Sealing Machine\u200b\u200b"}]},{"@type":"WebSite","@id":"https:\/\/focusonpack.com\/#website","url":"https:\/\/focusonpack.com\/","name":"Focus on pack","description":"","potentialAction":[{"@type":"SearchAction","target":{"@type":"EntryPoint","urlTemplate":"https:\/\/focusonpack.com\/?s={search_term_string}"},"query-input":{"@type":"PropertyValueSpecification","valueRequired":true,"valueName":"search_term_string"}}],"inLanguage":"fr-FR"}]}},"_links":{"self":[{"href":"https:\/\/focusonpack.com\/fr\/wp-json\/wp\/v2\/pages\/3864","targetHints":{"allow":["GET"]}}],"collection":[{"href":"https:\/\/focusonpack.com\/fr\/wp-json\/wp\/v2\/pages"}],"about":[{"href":"https:\/\/focusonpack.com\/fr\/wp-json\/wp\/v2\/types\/page"}],"author":[{"embeddable":true,"href":"https:\/\/focusonpack.com\/fr\/wp-json\/wp\/v2\/users\/1"}],"replies":[{"embeddable":true,"href":"https:\/\/focusonpack.com\/fr\/wp-json\/wp\/v2\/comments?post=3864"}],"version-history":[{"count":6,"href":"https:\/\/focusonpack.com\/fr\/wp-json\/wp\/v2\/pages\/3864\/revisions"}],"predecessor-version":[{"id":3875,"href":"https:\/\/focusonpack.com\/fr\/wp-json\/wp\/v2\/pages\/3864\/revisions\/3875"}],"wp:attachment":[{"href":"https:\/\/focusonpack.com\/fr\/wp-json\/wp\/v2\/media?parent=3864"}],"curies":[{"name":"wp","href":"https:\/\/api.w.org\/{rel}","templated":true}]}}