{"id":4220,"date":"2025-03-20T15:11:12","date_gmt":"2025-03-20T07:11:12","guid":{"rendered":"https:\/\/focusonpack.com\/?page_id=4220"},"modified":"2025-03-20T15:11:13","modified_gmt":"2025-03-20T07:11:13","slug":"semi-fluid-packing-machine","status":"publish","type":"page","link":"https:\/\/focusonpack.com\/fr\/produits\/multi-funaction-packing-machine\/semi-fluid-packing-machine\/","title":{"rendered":"Semi-Fluid Packing Machine"},"content":{"rendered":"<div data-elementor-type=\"wp-page\" data-elementor-id=\"4220\" class=\"elementor elementor-4220\" data-elementor-settings=\"[]\">\n\t\t\t<div class=\"elementor-inner\">\n\t\t\t\t<div class=\"elementor-section-wrap\">\n\t\t\t\t\t\t\t<section class=\"elementor-element elementor-element-34be63a3 elementor-section-boxed elementor-section-height-default elementor-section-height-default elementor-section elementor-top-section\" data-id=\"34be63a3\" data-element_type=\"section\">\n\t\t\t\t\t\t<div class=\"elementor-container elementor-column-gap-default\">\n\t\t\t\t<div class=\"elementor-row\">\n\t\t\t\t<div class=\"elementor-element elementor-element-28d1dce8 elementor-column elementor-col-50 elementor-top-column\" data-id=\"28d1dce8\" data-element_type=\"column\">\n\t\t\t<div class=\"elementor-column-wrap  elementor-element-populated\">\n\t\t\t\t\t<div class=\"elementor-widget-wrap\">\n\t\t\t\t<div class=\"elementor-element elementor-element-1766f825 elementor-invisible elementor-widget elementor-widget-heading\" data-id=\"1766f825\" data-element_type=\"widget\" data-settings=\"{&quot;_animation&quot;:&quot;fadeIn&quot;}\" data-widget_type=\"heading.default\">\n\t\t\t\t<div class=\"elementor-widget-container\">\n\t\t\t<h3 class=\"elementor-heading-title elementor-size-default\">Semi-Fluid Packing Machine<\/h3>\t\t<\/div>\n\t\t\t\t<\/div>\n\t\t\t\t<div class=\"elementor-element elementor-element-52d7eab2 elementor-widget elementor-widget-text-editor\" data-id=\"52d7eab2\" data-element_type=\"widget\" data-widget_type=\"text-editor.default\">\n\t\t\t\t<div class=\"elementor-widget-container\">\n\t\t\t\t\t<div class=\"elementor-text-editor elementor-clearfix\"><p>Our semi &#8211; fluid form fill seal machine is a specialized and efficient solution for packaging semi &#8211; fluid products. It starts by precisely forming the packaging bags into the desired shape. Its advanced filling system, tailored specifically for semi &#8211; fluids, then accurately dispenses the product into the formed bags. This system guarantees consistent fill levels and minimizes product spillage. Finally, it seals the bags tightly, creating a secure barrier against leakage and external contaminants. The machine is widely applicable in industries such as food (e.g., sauces, jams), cosmetics (e.g., lotions, creams), and pharmaceuticals (e.g., semi &#8211; solid ointments). With its reliable operation and high &#8211; quality performance, it significantly boosts packaging productivity while maintaining product integrity across these sectors.<\/p><\/div>\n\t\t\t\t<\/div>\n\t\t\t\t<\/div>\n\t\t\t\t<div class=\"elementor-element elementor-element-27028a21 elementor-invisible elementor-widget elementor-widget-heading\" data-id=\"27028a21\" data-element_type=\"widget\" data-settings=\"{&quot;_animation&quot;:&quot;fadeIn&quot;}\" data-widget_type=\"heading.default\">\n\t\t\t\t<div class=\"elementor-widget-container\">\n\t\t\t<h3 class=\"elementor-heading-title elementor-size-default\">Caract\u00e9ristiques principales<\/h3>\t\t<\/div>\n\t\t\t\t<\/div>\n\t\t\t\t<div class=\"elementor-element elementor-element-35e00527 elementor-widget elementor-widget-text-editor\" data-id=\"35e00527\" data-element_type=\"widget\" data-widget_type=\"text-editor.default\">\n\t\t\t\t<div class=\"elementor-widget-container\">\n\t\t\t\t\t<div class=\"elementor-text-editor elementor-clearfix\"><p><b>\u2022\u00a0<\/b>Bag length,packing volume, speed,&amp; etc data &amp;adjustment can be displayed on thescreen.The user can\u00a0directly operate it on it.<\/p><p><b>\u2022 <\/b>It can automatically finish making-bag, metering, filling, sealing, cutting, counting andprinting batch number.<\/p><p><b>\u2022<\/b> Packing material: Pe pet\/al foil\/paper\/penylon\/pe and other heat-sealing compoundmaterial.<\/p><p><b>\u2022 <\/b>Packing material required: 0.04mmsfilm thickness&lt;0.08mm, inner diameter of film roll<\/p><\/div>\n\t\t\t\t<\/div>\n\t\t\t\t<\/div>\n\t\t\t\t\t\t<\/div>\n\t\t\t<\/div>\n\t\t<\/div>\n\t\t\t\t<div class=\"elementor-element elementor-element-17a39120 elementor-column elementor-col-50 elementor-top-column\" data-id=\"17a39120\" data-element_type=\"column\">\n\t\t\t<div class=\"elementor-column-wrap  elementor-element-populated\">\n\t\t\t\t\t<div class=\"elementor-widget-wrap\">\n\t\t\t\t<div class=\"elementor-element elementor-element-218dd08d elementor-widget elementor-widget-image\" data-id=\"218dd08d\" data-element_type=\"widget\" data-widget_type=\"image.default\">\n\t\t\t\t<div class=\"elementor-widget-container\">\n\t\t\t\t\t<div class=\"elementor-image\">\n\t\t\t\t\t\t\t\t\t\t\t<a href=\"https:\/\/focusonpack.com\/wp-content\/uploads\/2025\/03\/Semi-Fluid-Packing-Machine-logo.png\">\n\t\t\t\t\t\t\t<img loading=\"lazy\" decoding=\"async\" width=\"768\" height=\"768\" src=\"https:\/\/focusonpack.com\/wp-content\/uploads\/2025\/03\/Semi-Fluid-Packing-Machine-768x768.jpg\" class=\"elementor-animation-grow attachment-medium_large size-medium_large\" alt=\"\" srcset=\"https:\/\/focusonpack.com\/wp-content\/uploads\/2025\/03\/Semi-Fluid-Packing-Machine-768x768.jpg 768w, https:\/\/focusonpack.com\/wp-content\/uploads\/2025\/03\/Semi-Fluid-Packing-Machine-300x300.jpg 300w, https:\/\/focusonpack.com\/wp-content\/uploads\/2025\/03\/Semi-Fluid-Packing-Machine-150x150.jpg 150w, https:\/\/focusonpack.com\/wp-content\/uploads\/2025\/03\/Semi-Fluid-Packing-Machine-75x75.jpg 75w, https:\/\/focusonpack.com\/wp-content\/uploads\/2025\/03\/Semi-Fluid-Packing-Machine-80x80.jpg 80w, https:\/\/focusonpack.com\/wp-content\/uploads\/2025\/03\/Semi-Fluid-Packing-Machine-600x600.jpg 600w, https:\/\/focusonpack.com\/wp-content\/uploads\/2025\/03\/Semi-Fluid-Packing-Machine-100x100.jpg 100w, https:\/\/focusonpack.com\/wp-content\/uploads\/2025\/03\/Semi-Fluid-Packing-Machine.jpg 800w\" sizes=\"auto, (max-width: 768px) 100vw, 768px\" \/>\t\t\t\t\t\t\t\t<\/a>\n\t\t\t\t\t\t\t\t\t\t\t<\/div>\n\t\t\t\t<\/div>\n\t\t\t\t<\/div>\n\t\t\t\t<div class=\"elementor-element elementor-element-3af74895 elementor-button-info elementor-align-center elementor-widget elementor-widget-button\" data-id=\"3af74895\" data-element_type=\"widget\" data-widget_type=\"button.default\">\n\t\t\t\t<div class=\"elementor-widget-container\">\n\t\t\t\t\t<div class=\"elementor-button-wrapper\">\n\t\t\t<a href=\"https:\/\/focusonpack.com\/fr\/nous-contacter\/\" class=\"elementor-button-link elementor-button elementor-size-sm\" role=\"button\">\n\t\t\t\t\t\t<span class=\"elementor-button-content-wrapper\">\n\t\t\t\t\t\t<span class=\"elementor-button-text\">Demande de devis<\/span>\n\t\t<\/span>\n\t\t\t\t\t<\/a>\n\t\t<\/div>\n\t\t\t\t<\/div>\n\t\t\t\t<\/div>\n\t\t\t\t\t\t<\/div>\n\t\t\t<\/div>\n\t\t<\/div>\n\t\t\t\t\t\t<\/div>\n\t\t\t<\/div>\n\t\t<\/section>\n\t\t\t\t<section class=\"elementor-element elementor-element-4fc6cd3c elementor-section-boxed elementor-section-height-default elementor-section-height-default elementor-section elementor-top-section\" data-id=\"4fc6cd3c\" data-element_type=\"section\">\n\t\t\t\t\t\t<div class=\"elementor-container elementor-column-gap-default\">\n\t\t\t\t<div class=\"elementor-row\">\n\t\t\t\t<div class=\"elementor-element elementor-element-7d924882 elementor-column elementor-col-16 elementor-top-column\" data-id=\"7d924882\" data-element_type=\"column\">\n\t\t\t<div class=\"elementor-column-wrap  elementor-element-populated\">\n\t\t\t\t\t<div class=\"elementor-widget-wrap\">\n\t\t\t\t<div class=\"elementor-element elementor-element-58fb6e5e elementor-invisible elementor-widget elementor-widget-image\" data-id=\"58fb6e5e\" data-element_type=\"widget\" data-settings=\"{&quot;_animation&quot;:&quot;fadeIn&quot;}\" data-widget_type=\"image.default\">\n\t\t\t\t<div class=\"elementor-widget-container\">\n\t\t\t\t\t<div class=\"elementor-image\">\n\t\t\t\t\t\t\t\t\t\t<img loading=\"lazy\" decoding=\"async\" width=\"216\" height=\"199\" src=\"https:\/\/focusonpack.com\/wp-content\/uploads\/2025\/03\/Film-fixing.png\" class=\"attachment-factoryplus-related-project-thumb size-factoryplus-related-project-thumb\" alt=\"\" \/>\t\t\t\t\t\t\t\t\t\t\t<\/div>\n\t\t\t\t<\/div>\n\t\t\t\t<\/div>\n\t\t\t\t\t\t<\/div>\n\t\t\t<\/div>\n\t\t<\/div>\n\t\t\t\t<div class=\"elementor-element elementor-element-4ed021a8 elementor-column elementor-col-16 elementor-top-column\" data-id=\"4ed021a8\" data-element_type=\"column\">\n\t\t\t<div class=\"elementor-column-wrap  elementor-element-populated\">\n\t\t\t\t\t<div class=\"elementor-widget-wrap\">\n\t\t\t\t<div class=\"elementor-element elementor-element-4bae5fcc elementor-invisible elementor-widget elementor-widget-image\" data-id=\"4bae5fcc\" data-element_type=\"widget\" data-settings=\"{&quot;_animation&quot;:&quot;fadeIn&quot;}\" data-widget_type=\"image.default\">\n\t\t\t\t<div class=\"elementor-widget-container\">\n\t\t\t\t\t<div class=\"elementor-image\">\n\t\t\t\t\t\t\t\t\t\t<img loading=\"lazy\" decoding=\"async\" width=\"216\" height=\"199\" src=\"https:\/\/focusonpack.com\/wp-content\/uploads\/2025\/03\/Hopper-ban.png\" class=\"attachment-factoryplus-project-gallery-thumb size-factoryplus-project-gallery-thumb\" alt=\"\" \/>\t\t\t\t\t\t\t\t\t\t\t<\/div>\n\t\t\t\t<\/div>\n\t\t\t\t<\/div>\n\t\t\t\t\t\t<\/div>\n\t\t\t<\/div>\n\t\t<\/div>\n\t\t\t\t<div class=\"elementor-element elementor-element-188a1173 elementor-column elementor-col-16 elementor-top-column\" data-id=\"188a1173\" data-element_type=\"column\">\n\t\t\t<div class=\"elementor-column-wrap  elementor-element-populated\">\n\t\t\t\t\t<div class=\"elementor-widget-wrap\">\n\t\t\t\t<div class=\"elementor-element elementor-element-3fa2a219 elementor-invisible elementor-widget elementor-widget-image\" data-id=\"3fa2a219\" data-element_type=\"widget\" data-settings=\"{&quot;_animation&quot;:&quot;fadeIn&quot;}\" data-widget_type=\"image.default\">\n\t\t\t\t<div class=\"elementor-widget-container\">\n\t\t\t\t\t<div class=\"elementor-image\">\n\t\t\t\t\t\t\t\t\t\t<img loading=\"lazy\" decoding=\"async\" width=\"216\" height=\"199\" src=\"https:\/\/focusonpack.com\/wp-content\/uploads\/2025\/03\/Funnel-ban.png\" class=\"attachment-factoryplus-related-project-thumb size-factoryplus-related-project-thumb\" alt=\"\" \/>\t\t\t\t\t\t\t\t\t\t\t<\/div>\n\t\t\t\t<\/div>\n\t\t\t\t<\/div>\n\t\t\t\t\t\t<\/div>\n\t\t\t<\/div>\n\t\t<\/div>\n\t\t\t\t<div class=\"elementor-element elementor-element-60f374e0 elementor-column elementor-col-16 elementor-top-column\" data-id=\"60f374e0\" data-element_type=\"column\">\n\t\t\t<div class=\"elementor-column-wrap  elementor-element-populated\">\n\t\t\t\t\t<div class=\"elementor-widget-wrap\">\n\t\t\t\t<div class=\"elementor-element elementor-element-49147728 elementor-invisible elementor-widget elementor-widget-image\" data-id=\"49147728\" data-element_type=\"widget\" data-settings=\"{&quot;_animation&quot;:&quot;fadeIn&quot;}\" data-widget_type=\"image.default\">\n\t\t\t\t<div class=\"elementor-widget-container\">\n\t\t\t\t\t<div class=\"elementor-image\">\n\t\t\t\t\t\t\t\t\t\t<img loading=\"lazy\" decoding=\"async\" width=\"215\" height=\"208\" src=\"https:\/\/focusonpack.com\/wp-content\/uploads\/2025\/03\/Coder.png\" class=\"attachment-factoryplus-project-gallery-thumb size-factoryplus-project-gallery-thumb\" alt=\"\" \/>\t\t\t\t\t\t\t\t\t\t\t<\/div>\n\t\t\t\t<\/div>\n\t\t\t\t<\/div>\n\t\t\t\t\t\t<\/div>\n\t\t\t<\/div>\n\t\t<\/div>\n\t\t\t\t<div class=\"elementor-element elementor-element-29bb538f elementor-column elementor-col-16 elementor-top-column\" data-id=\"29bb538f\" data-element_type=\"column\">\n\t\t\t<div class=\"elementor-column-wrap  elementor-element-populated\">\n\t\t\t\t\t<div class=\"elementor-widget-wrap\">\n\t\t\t\t<div class=\"elementor-element elementor-element-3bf21002 elementor-invisible elementor-widget elementor-widget-image\" data-id=\"3bf21002\" data-element_type=\"widget\" data-settings=\"{&quot;_animation&quot;:&quot;fadeIn&quot;}\" data-widget_type=\"image.default\">\n\t\t\t\t<div class=\"elementor-widget-container\">\n\t\t\t\t\t<div class=\"elementor-image\">\n\t\t\t\t\t\t\t\t\t\t<img loading=\"lazy\" decoding=\"async\" width=\"215\" height=\"200\" src=\"https:\/\/focusonpack.com\/wp-content\/uploads\/2025\/03\/Sensor-215x200.png\" class=\"attachment-factoryplus-related-project-thumb size-factoryplus-related-project-thumb\" alt=\"\" \/>\t\t\t\t\t\t\t\t\t\t\t<\/div>\n\t\t\t\t<\/div>\n\t\t\t\t<\/div>\n\t\t\t\t\t\t<\/div>\n\t\t\t<\/div>\n\t\t<\/div>\n\t\t\t\t<div class=\"elementor-element elementor-element-6a060882 elementor-column elementor-col-16 elementor-top-column\" data-id=\"6a060882\" data-element_type=\"column\">\n\t\t\t<div class=\"elementor-column-wrap\">\n\t\t\t\t\t<div class=\"elementor-widget-wrap\">\n\t\t\t\t\t\t<\/div>\n\t\t\t<\/div>\n\t\t<\/div>\n\t\t\t\t\t\t<\/div>\n\t\t\t<\/div>\n\t\t<\/section>\n\t\t\t\t<section class=\"elementor-element elementor-element-3ba6f77c elementor-section-boxed elementor-section-height-default elementor-section-height-default elementor-section elementor-top-section\" data-id=\"3ba6f77c\" data-element_type=\"section\">\n\t\t\t\t\t\t<div class=\"elementor-container elementor-column-gap-default\">\n\t\t\t\t<div class=\"elementor-row\">\n\t\t\t\t<div class=\"elementor-element elementor-element-338499b7 elementor-column elementor-col-66 elementor-top-column\" data-id=\"338499b7\" data-element_type=\"column\">\n\t\t\t<div class=\"elementor-column-wrap  elementor-element-populated\">\n\t\t\t\t\t<div class=\"elementor-widget-wrap\">\n\t\t\t\t<div class=\"elementor-element elementor-element-35c06689 elementor-invisible elementor-widget elementor-widget-heading\" data-id=\"35c06689\" data-element_type=\"widget\" data-settings=\"{&quot;_animation&quot;:&quot;fadeIn&quot;}\" data-widget_type=\"heading.default\">\n\t\t\t\t<div class=\"elementor-widget-container\">\n\t\t\t<h3 class=\"elementor-heading-title elementor-size-default\">Sp\u00e9cifications techniques<\/h3>\t\t<\/div>\n\t\t\t\t<\/div>\n\t\t\t\t<div class=\"elementor-element elementor-element-35006fe6 elementor-widget elementor-widget-text-editor\" data-id=\"35006fe6\" data-element_type=\"widget\" data-widget_type=\"text-editor.default\">\n\t\t\t\t<div class=\"elementor-widget-container\">\n\t\t\t\t\t<div class=\"elementor-text-editor elementor-clearfix\"><!DOCTYPE html>\n<html lang=\"en\">\n<head>\n    <meta charset=\"UTF-8\">\n    <meta name=\"viewport\" content=\"width=device-width, initial-scale=1.0\">\n    <title>Model Specifications<\/title>\n    <style>\n        table {\n            width: 780px;\n            border-collapse: collapse;\n            margin: 0 auto;\n        }\n        th, td {\n            border: 1px solid #ddd;\n            padding: 8px;\n            text-align: center;\n        }\n        th {\n            background-color: #f2f2f2;\n        }\n    <\/style>\n<\/head>\n<body>\n\n\n\n<table>\n    <tr>\n        <th>Model<\/th>\n        <th>SJIII-S100<\/th>\n        <th>SJIII-S200<\/th>\n        <th>SJIII-S300<\/th>\n    <\/tr>\n    <tr>\n        <td>Bag-making length<\/td>\n        <td>40-150mm<\/td>\n        <td>40-260mm<\/td>\n        <td>40-300mm<\/td>\n    <\/tr>\n    <tr>\n        <td>Bag-making width<\/td>\n        <td>25-120mm<\/td>\n        <td>25-120mm<\/td>\n        <td>70-190mm<\/td>\n    <\/tr>\n    <tr>\n        <td>Bag-making style<\/td>\n        <td>3 Side seal, 4 Side seal, back seal<\/td>\n        <td>3 Side seal, 4 Side seal, back seal<\/td>\n        <td>3 Side seal, 4 Side seal, back seal<\/td>\n    <\/tr>\n    <tr>\n        <td>Packing capacity<\/td>\n        <td>5-100ml<\/td>\n        <td>100-300ml<\/td>\n        <td>100-1000ml<\/td>\n    <\/tr>\n    <tr>\n        <td>Packing speed<\/td>\n        <td>30-50bags\/min<\/td>\n        <td>25-40bags\/min<\/td>\n        <td>20-30bags\/min<\/td>\n    <\/tr>\n    <tr>\n        <td>Power<\/td>\n        <td>1.4kw\/220V\/50HZ<\/td>\n        <td>1.4kw\/220V\/50HZ<\/td>\n        <td>1.4kw\/220V\/50HZ<\/td>\n    <\/tr>\n    <tr>\n        <td>Dimension<\/td>\n        <td>80*100*180cm<\/td>\n        <td>80*100*200cm<\/td>\n        <td>100*180*210cm<\/td>\n    <\/tr>\n    <tr>\n        <td>Weight<\/td>\n        <td>300KG<\/td>\n        <td>480KG<\/td>\n        <td>500KG<\/td>\n    <\/tr>\n    <tr>\n        <td>Air Power<\/td>\n        <td>0.8Mpa<\/td>\n        <td>0.8Mpa<\/td>\n        <td>0.8Mpa<\/td>\n    <\/tr>\n    <tr>\n        <td>Air consumption<\/td>\n        <td>150L\/min<\/td>\n        <td>180L\/min<\/td>\n        <td>250L\/min<\/td>\n    <\/tr>\n<\/table>\n\n<p style=\"text-left: center;\">* Les sp\u00e9cifications peuvent \u00eatre modifi\u00e9es sans pr\u00e9avis. Tous droits r\u00e9serv\u00e9s.<\/p>\n\n<\/body>\n<\/html><\/div>\n\t\t\t\t<\/div>\n\t\t\t\t<\/div>\n\t\t\t\t\t\t<\/div>\n\t\t\t<\/div>\n\t\t<\/div>\n\t\t\t\t<div class=\"elementor-element elementor-element-4b572bcb elementor-column elementor-col-33 elementor-top-column\" data-id=\"4b572bcb\" data-element_type=\"column\">\n\t\t\t<div class=\"elementor-column-wrap\">\n\t\t\t\t\t<div class=\"elementor-widget-wrap\">\n\t\t\t\t\t\t<\/div>\n\t\t\t<\/div>\n\t\t<\/div>\n\t\t\t\t\t\t<\/div>\n\t\t\t<\/div>\n\t\t<\/section>\n\t\t\t\t\t\t<\/div>\n\t\t\t<\/div>\n\t\t<\/div>","protected":false},"excerpt":{"rendered":"<p>Semi-Fluid Packing Machine Our&hellip;<\/p>","protected":false},"author":1,"featured_media":0,"parent":4356,"menu_order":0,"comment_status":"closed","ping_status":"closed","template":"elementor_header_footer","meta":{"footnotes":""},"class_list":["post-4220","page","type-page","status-publish","hentry","no-thumb"],"yoast_head":"<!-- This site is optimized with the Yoast SEO plugin v24.8.1 - https:\/\/yoast.com\/wordpress\/plugins\/seo\/ -->\n<title>Semi-Fluid Packing Machine - Focus on pack<\/title>\n<meta name=\"robots\" content=\"index, follow, max-snippet:-1, max-image-preview:large, max-video-preview:-1\" \/>\n<link rel=\"canonical\" href=\"https:\/\/focusonpack.com\/fr\/produits\/multi-funaction-packing-machine\/semi-fluid-packing-machine\/\" \/>\n<meta property=\"og:locale\" content=\"fr_FR\" \/>\n<meta property=\"og:type\" content=\"article\" \/>\n<meta property=\"og:title\" content=\"Semi-Fluid Packing Machine - Focus on pack\" \/>\n<meta property=\"og:description\" content=\"Semi-Fluid Packing Machine Our&hellip;\" \/>\n<meta property=\"og:url\" content=\"https:\/\/focusonpack.com\/fr\/produits\/multi-funaction-packing-machine\/semi-fluid-packing-machine\/\" \/>\n<meta property=\"og:site_name\" content=\"Focus on pack\" \/>\n<meta property=\"article:modified_time\" content=\"2025-03-20T07:11:13+00:00\" \/>\n<meta property=\"og:image\" content=\"https:\/\/focusonpack.com\/wp-content\/uploads\/2025\/03\/Semi-Fluid-Packing-Machine-768x768.jpg\" \/>\n<meta name=\"twitter:card\" content=\"summary_large_image\" \/>\n<meta name=\"twitter:label1\" content=\"Dur\u00e9e de lecture estim\u00e9e\" \/>\n\t<meta name=\"twitter:data1\" content=\"3 minutes\" \/>\n<script type=\"application\/ld+json\" class=\"yoast-schema-graph\">{\"@context\":\"https:\/\/schema.org\",\"@graph\":[{\"@type\":\"WebPage\",\"@id\":\"https:\/\/focusonpack.com\/products\/multi-funaction-packing-machine\/semi-fluid-packing-machine\/\",\"url\":\"https:\/\/focusonpack.com\/products\/multi-funaction-packing-machine\/semi-fluid-packing-machine\/\",\"name\":\"Semi-Fluid Packing Machine - Focus on pack\",\"isPartOf\":{\"@id\":\"https:\/\/focusonpack.com\/#website\"},\"primaryImageOfPage\":{\"@id\":\"https:\/\/focusonpack.com\/products\/multi-funaction-packing-machine\/semi-fluid-packing-machine\/#primaryimage\"},\"image\":{\"@id\":\"https:\/\/focusonpack.com\/products\/multi-funaction-packing-machine\/semi-fluid-packing-machine\/#primaryimage\"},\"thumbnailUrl\":\"https:\/\/focusonpack.com\/wp-content\/uploads\/2025\/03\/Semi-Fluid-Packing-Machine-768x768.jpg\",\"datePublished\":\"2025-03-20T07:11:12+00:00\",\"dateModified\":\"2025-03-20T07:11:13+00:00\",\"breadcrumb\":{\"@id\":\"https:\/\/focusonpack.com\/products\/multi-funaction-packing-machine\/semi-fluid-packing-machine\/#breadcrumb\"},\"inLanguage\":\"fr-FR\",\"potentialAction\":[{\"@type\":\"ReadAction\",\"target\":[\"https:\/\/focusonpack.com\/products\/multi-funaction-packing-machine\/semi-fluid-packing-machine\/\"]}]},{\"@type\":\"ImageObject\",\"inLanguage\":\"fr-FR\",\"@id\":\"https:\/\/focusonpack.com\/products\/multi-funaction-packing-machine\/semi-fluid-packing-machine\/#primaryimage\",\"url\":\"https:\/\/focusonpack.com\/wp-content\/uploads\/2025\/03\/Semi-Fluid-Packing-Machine-768x768.jpg\",\"contentUrl\":\"https:\/\/focusonpack.com\/wp-content\/uploads\/2025\/03\/Semi-Fluid-Packing-Machine-768x768.jpg\"},{\"@type\":\"BreadcrumbList\",\"@id\":\"https:\/\/focusonpack.com\/products\/multi-funaction-packing-machine\/semi-fluid-packing-machine\/#breadcrumb\",\"itemListElement\":[{\"@type\":\"ListItem\",\"position\":1,\"name\":\"\u9996\u9875\",\"item\":\"https:\/\/focusonpack.com\/\"},{\"@type\":\"ListItem\",\"position\":2,\"name\":\"Products\",\"item\":\"https:\/\/focusonpack.com\/products\/\"},{\"@type\":\"ListItem\",\"position\":3,\"name\":\"Multifunction Packing Machine\",\"item\":\"https:\/\/focusonpack.com\/products\/multi-funaction-packing-machine\/\"},{\"@type\":\"ListItem\",\"position\":4,\"name\":\"Semi-Fluid Packing Machine\"}]},{\"@type\":\"WebSite\",\"@id\":\"https:\/\/focusonpack.com\/#website\",\"url\":\"https:\/\/focusonpack.com\/\",\"name\":\"Focus on pack\",\"description\":\"\",\"potentialAction\":[{\"@type\":\"SearchAction\",\"target\":{\"@type\":\"EntryPoint\",\"urlTemplate\":\"https:\/\/focusonpack.com\/?s={search_term_string}\"},\"query-input\":{\"@type\":\"PropertyValueSpecification\",\"valueRequired\":true,\"valueName\":\"search_term_string\"}}],\"inLanguage\":\"fr-FR\"}]}<\/script>\n<!-- \/ Yoast SEO plugin. -->","yoast_head_json":{"title":"Semi-Fluid Packing Machine - Focus on pack","robots":{"index":"index","follow":"follow","max-snippet":"max-snippet:-1","max-image-preview":"max-image-preview:large","max-video-preview":"max-video-preview:-1"},"canonical":"https:\/\/focusonpack.com\/fr\/produits\/multi-funaction-packing-machine\/semi-fluid-packing-machine\/","og_locale":"fr_FR","og_type":"article","og_title":"Semi-Fluid Packing Machine - Focus on pack","og_description":"Semi-Fluid Packing Machine Our&hellip;","og_url":"https:\/\/focusonpack.com\/fr\/produits\/multi-funaction-packing-machine\/semi-fluid-packing-machine\/","og_site_name":"Focus on pack","article_modified_time":"2025-03-20T07:11:13+00:00","og_image":[{"url":"https:\/\/focusonpack.com\/wp-content\/uploads\/2025\/03\/Semi-Fluid-Packing-Machine-768x768.jpg","type":"","width":"","height":""}],"twitter_card":"summary_large_image","twitter_misc":{"Dur\u00e9e de lecture estim\u00e9e":"3 minutes"},"schema":{"@context":"https:\/\/schema.org","@graph":[{"@type":"WebPage","@id":"https:\/\/focusonpack.com\/products\/multi-funaction-packing-machine\/semi-fluid-packing-machine\/","url":"https:\/\/focusonpack.com\/products\/multi-funaction-packing-machine\/semi-fluid-packing-machine\/","name":"Semi-Fluid Packing Machine - Focus on pack","isPartOf":{"@id":"https:\/\/focusonpack.com\/#website"},"primaryImageOfPage":{"@id":"https:\/\/focusonpack.com\/products\/multi-funaction-packing-machine\/semi-fluid-packing-machine\/#primaryimage"},"image":{"@id":"https:\/\/focusonpack.com\/products\/multi-funaction-packing-machine\/semi-fluid-packing-machine\/#primaryimage"},"thumbnailUrl":"https:\/\/focusonpack.com\/wp-content\/uploads\/2025\/03\/Semi-Fluid-Packing-Machine-768x768.jpg","datePublished":"2025-03-20T07:11:12+00:00","dateModified":"2025-03-20T07:11:13+00:00","breadcrumb":{"@id":"https:\/\/focusonpack.com\/products\/multi-funaction-packing-machine\/semi-fluid-packing-machine\/#breadcrumb"},"inLanguage":"fr-FR","potentialAction":[{"@type":"ReadAction","target":["https:\/\/focusonpack.com\/products\/multi-funaction-packing-machine\/semi-fluid-packing-machine\/"]}]},{"@type":"ImageObject","inLanguage":"fr-FR","@id":"https:\/\/focusonpack.com\/products\/multi-funaction-packing-machine\/semi-fluid-packing-machine\/#primaryimage","url":"https:\/\/focusonpack.com\/wp-content\/uploads\/2025\/03\/Semi-Fluid-Packing-Machine-768x768.jpg","contentUrl":"https:\/\/focusonpack.com\/wp-content\/uploads\/2025\/03\/Semi-Fluid-Packing-Machine-768x768.jpg"},{"@type":"BreadcrumbList","@id":"https:\/\/focusonpack.com\/products\/multi-funaction-packing-machine\/semi-fluid-packing-machine\/#breadcrumb","itemListElement":[{"@type":"ListItem","position":1,"name":"\u9996\u9875","item":"https:\/\/focusonpack.com\/"},{"@type":"ListItem","position":2,"name":"Products","item":"https:\/\/focusonpack.com\/products\/"},{"@type":"ListItem","position":3,"name":"Multifunction Packing Machine","item":"https:\/\/focusonpack.com\/products\/multi-funaction-packing-machine\/"},{"@type":"ListItem","position":4,"name":"Semi-Fluid Packing Machine"}]},{"@type":"WebSite","@id":"https:\/\/focusonpack.com\/#website","url":"https:\/\/focusonpack.com\/","name":"Focus on pack","description":"","potentialAction":[{"@type":"SearchAction","target":{"@type":"EntryPoint","urlTemplate":"https:\/\/focusonpack.com\/?s={search_term_string}"},"query-input":{"@type":"PropertyValueSpecification","valueRequired":true,"valueName":"search_term_string"}}],"inLanguage":"fr-FR"}]}},"_links":{"self":[{"href":"https:\/\/focusonpack.com\/fr\/wp-json\/wp\/v2\/pages\/4220","targetHints":{"allow":["GET"]}}],"collection":[{"href":"https:\/\/focusonpack.com\/fr\/wp-json\/wp\/v2\/pages"}],"about":[{"href":"https:\/\/focusonpack.com\/fr\/wp-json\/wp\/v2\/types\/page"}],"author":[{"embeddable":true,"href":"https:\/\/focusonpack.com\/fr\/wp-json\/wp\/v2\/users\/1"}],"replies":[{"embeddable":true,"href":"https:\/\/focusonpack.com\/fr\/wp-json\/wp\/v2\/comments?post=4220"}],"version-history":[{"count":6,"href":"https:\/\/focusonpack.com\/fr\/wp-json\/wp\/v2\/pages\/4220\/revisions"}],"predecessor-version":[{"id":4455,"href":"https:\/\/focusonpack.com\/fr\/wp-json\/wp\/v2\/pages\/4220\/revisions\/4455"}],"up":[{"embeddable":true,"href":"https:\/\/focusonpack.com\/fr\/wp-json\/wp\/v2\/pages\/4356"}],"wp:attachment":[{"href":"https:\/\/focusonpack.com\/fr\/wp-json\/wp\/v2\/media?parent=4220"}],"curies":[{"name":"wp","href":"https:\/\/api.w.org\/{rel}","templated":true}]}}