{"id":4463,"date":"2025-03-21T09:53:44","date_gmt":"2025-03-21T01:53:44","guid":{"rendered":"https:\/\/focusonpack.com\/?page_id=4463"},"modified":"2025-03-21T15:57:43","modified_gmt":"2025-03-21T07:57:43","slug":"granular-packing-machine","status":"publish","type":"page","link":"https:\/\/focusonpack.com\/fr\/produits\/multi-funaction-packing-machine\/granular-packing-machine\/","title":{"rendered":"Granular Packing Machine"},"content":{"rendered":"<div class=\"wp-block-columns is-layout-flex wp-container-core-columns-is-layout-5 wp-block-columns-is-layout-flex\">\n<div class=\"wp-block-column is-layout-flow wp-block-column-is-layout-flow\" style=\"flex-basis:66.66%\">\n<h2 class=\"wp-block-heading\">Granular Packing Machine<\/h2>\n\n\n\n<div class=\"wp-block-columns is-layout-flex wp-container-core-columns-is-layout-4 wp-block-columns-is-layout-flex\">\n<div class=\"wp-block-column is-layout-flow wp-block-column-is-layout-flow\" style=\"flex-basis:100%\">\n<p class=\"has-black-color has-text-color has-link-color wp-elements-298eecb184fd3f2835073866460d0399\">Our granular form fill seal machine is a top \u2013 tier solution for bag \u2013 based packaging of granular products. It starts by precisely forming bags suitable for both small \u2013 scale retail and large \u2013 volume industrial applications. The machine\u2019s filling system, centered around a high \u2013 precision measuring cup, is engineered to handle various granule sizes and flow characteristics. This measuring cup ensures accurate dispensing of the product into the bags, guaranteeing uniform fill levels and minimizing product waste.\u200b<br>When it comes to sealing, it offers remarkable versatility. It can perform three \u2013 side sealing, providing a clean and secure closure on three edges of the bag. For a more traditional look or enhanced product protection, the machine is equipped for back \u2013 sealing, creating a strong seal along the back of the bag. Additionally, for maximum product containment and a premium appearance, it enables four \u2013 side sealing. Ideal for industries such as food (grains, sugar, salt), pet food, and agriculture (seeds), this machine not only boosts packaging efficiency but also preserves product integrity.<\/p>\n\n\n\n<h3 class=\"wp-block-heading\">Caract\u00e9ristiques principales<\/h3>\n\n\n\n<ul class=\"wp-block-list\">\n<li class=\"has-black-color has-text-color has-link-color wp-elements-b26c55a572ce83e0e887f191fd9d9fd1\">Bag length,packing volume, speed , &amp; etc data &amp;adjustment can be displayed on the screen.The user candirectly operate it on it.<\/li>\n\n\n\n<li class=\"has-black-color has-text-color has-link-color wp-elements-dd83735e20ebc58c5ee2613183a25234\">It can automatically finish making-bag, metering, filling, sealing, cutting, counting and printing batch number.<\/li>\n\n\n\n<li class=\"has-black-color has-text-color has-link-color wp-elements-422ebb068760919d157e94ac1adbc550\">Packing material: Pe pet\/al foil\/paper\/penylon\/pe and other heat-sealing compound material.<\/li>\n\n\n\n<li class=\"has-black-color has-text-color has-link-color wp-elements-98da8313bbe867a86d63e3f99d1ba5e3\">Packing material required: 0.04mm&lt;film thickness&lt;0.08, inner diameter of film roll need 75mm at least,outer diameter of film roll need 320mm.<\/li>\n<\/ul>\n\n\n\n<div class=\"wp-block-columns is-layout-flex wp-container-core-columns-is-layout-3 wp-block-columns-is-layout-flex\">\n<div class=\"wp-block-column is-layout-flow wp-block-column-is-layout-flow\">\n<div class=\"wp-block-columns is-layout-flex wp-container-core-columns-is-layout-1 wp-block-columns-is-layout-flex\">\n<div class=\"wp-block-column is-layout-flow wp-block-column-is-layout-flow\">\n<figure class=\"wp-block-image size-large\"><img decoding=\"async\" src=\"https:\/\/focusonpack.com\/wp-content\/uploads\/2025\/03\/Hopper-1.png\" alt=\"\"\/><figcaption class=\"wp-element-caption\"><strong>Hopper<\/strong><\/figcaption><\/figure>\n<\/div>\n\n\n\n<div class=\"wp-block-column is-layout-flow wp-block-column-is-layout-flow\">\n<figure class=\"wp-block-image size-large\"><img decoding=\"async\" src=\"https:\/\/focusonpack.com\/wp-content\/uploads\/2025\/03\/Funnel.png\" alt=\"\"\/><figcaption class=\"wp-element-caption\"><strong>Funnel<\/strong><\/figcaption><\/figure>\n<\/div>\n<\/div>\n<\/div>\n\n\n\n<div class=\"wp-block-column is-layout-flow wp-block-column-is-layout-flow\">\n<div class=\"wp-block-columns is-layout-flex wp-container-core-columns-is-layout-2 wp-block-columns-is-layout-flex\">\n<div class=\"wp-block-column is-layout-flow wp-block-column-is-layout-flow\">\n<figure class=\"wp-block-image size-large\"><img decoding=\"async\" src=\"https:\/\/focusonpack.com\/wp-content\/uploads\/2025\/03\/Dosing-Cup-1.png\" alt=\"\"\/><figcaption class=\"wp-element-caption\"><strong>Dosing Cup<\/strong><\/figcaption><\/figure>\n<\/div>\n\n\n\n<div class=\"wp-block-column is-layout-flow wp-block-column-is-layout-flow\">\n<figure class=\"wp-block-image size-large\"><img decoding=\"async\" src=\"https:\/\/focusonpack.com\/wp-content\/uploads\/2025\/03\/Coder-1.png\" alt=\"\"\/><figcaption class=\"wp-element-caption\"><strong>Coder<\/strong><\/figcaption><\/figure>\n<\/div>\n<\/div>\n<\/div>\n<\/div>\n\n\n\n<h3 class=\"wp-block-heading\">Sp\u00e9cifications techniques<\/h3>\n\n\n\n<figure class=\"wp-block-table is-style-stripes\"><table class=\"has-black-color has-text-color has-link-color has-fixed-layout\"><tbody><tr><td class=\"has-text-align-center\" data-align=\"center\"><strong>Model<\/strong><\/td><td class=\"has-text-align-center\" data-align=\"center\"><strong>HXL-K100<\/strong><\/td><td class=\"has-text-align-center\" data-align=\"center\"><strong>HXL-K300<\/strong><\/td><\/tr><tr><td class=\"has-text-align-center\" data-align=\"center\">Bag-making length<\/td><td class=\"has-text-align-center\" data-align=\"center\">40-160mm<\/td><td class=\"has-text-align-center\" data-align=\"center\">50-300mm<\/td><\/tr><tr><td class=\"has-text-align-center\" data-align=\"center\">Bag-making width<\/td><td class=\"has-text-align-center\" data-align=\"center\">30-120mm<\/td><td class=\"has-text-align-center\" data-align=\"center\">50-400mm<\/td><\/tr><tr><td class=\"has-text-align-center\" data-align=\"center\">Bag-making style<\/td><td class=\"has-text-align-center\" data-align=\"center\">3 Side seal\u30014 Side seal\u3001back seal<\/td><td class=\"has-text-align-center\" data-align=\"center\">back seal<\/td><\/tr><tr><td class=\"has-text-align-center\" data-align=\"center\">Bag cacpacity<\/td><td class=\"has-text-align-center\" data-align=\"center\">5-100ml<\/td><td class=\"has-text-align-center\" data-align=\"center\">100-500ml<\/td><\/tr><tr><td class=\"has-text-align-center\" data-align=\"center\">Packing speed<\/td><td class=\"has-text-align-center\" data-align=\"center\">40-60bags\/min<\/td><td class=\"has-text-align-center\" data-align=\"center\">30-50bags\/min<\/td><\/tr><tr><td class=\"has-text-align-center\" data-align=\"center\">Power<\/td><td class=\"has-text-align-center\" data-align=\"center\">2.4kw<\/td><td class=\"has-text-align-center\" data-align=\"center\">2.4kw<\/td><\/tr><tr><td class=\"has-text-align-center\" data-align=\"center\">Dimension<\/td><td class=\"has-text-align-center\" data-align=\"center\">80*<em>100<\/em>*180cm<\/td><td class=\"has-text-align-center\" data-align=\"center\">100*<em>120<\/em>*220cm<\/td><\/tr><tr><td class=\"has-text-align-center\" data-align=\"center\">Weight<\/td><td class=\"has-text-align-center\" data-align=\"center\">400KG<\/td><td class=\"has-text-align-center\" data-align=\"center\">580KG<\/td><\/tr><\/tbody><\/table><\/figure>\n\n\n\n<p>*Les sp\u00e9cifications peuvent \u00eatre modifi\u00e9es sans pr\u00e9avis. Tous les droits sont r\u00e9serv\u00e9s.<\/p>\n<\/div>\n<\/div>\n<\/div>\n\n\n\n<div class=\"wp-block-column is-layout-flow wp-block-column-is-layout-flow\" style=\"flex-basis:33.33%\">\n<figure class=\"wp-block-image size-full is-style-default wp-duotone-unset-1\"><a href=\"https:\/\/focusonpack.com\/wp-content\/uploads\/2025\/03\/Semi-Fluid-Packing-Machine-logo.png\"><img loading=\"lazy\" decoding=\"async\" width=\"800\" height=\"800\" src=\"https:\/\/focusonpack.com\/wp-content\/uploads\/2025\/03\/Granular-Packing-Machine.jpg\" alt=\"\" class=\"wp-image-4349\" srcset=\"https:\/\/focusonpack.com\/wp-content\/uploads\/2025\/03\/Granular-Packing-Machine.jpg 800w, https:\/\/focusonpack.com\/wp-content\/uploads\/2025\/03\/Granular-Packing-Machine-300x300.jpg 300w, https:\/\/focusonpack.com\/wp-content\/uploads\/2025\/03\/Granular-Packing-Machine-150x150.jpg 150w, https:\/\/focusonpack.com\/wp-content\/uploads\/2025\/03\/Granular-Packing-Machine-768x768.jpg 768w, https:\/\/focusonpack.com\/wp-content\/uploads\/2025\/03\/Granular-Packing-Machine-75x75.jpg 75w, https:\/\/focusonpack.com\/wp-content\/uploads\/2025\/03\/Granular-Packing-Machine-80x80.jpg 80w, https:\/\/focusonpack.com\/wp-content\/uploads\/2025\/03\/Granular-Packing-Machine-600x600.jpg 600w, https:\/\/focusonpack.com\/wp-content\/uploads\/2025\/03\/Granular-Packing-Machine-100x100.jpg 100w\" sizes=\"auto, (max-width: 800px) 100vw, 800px\" \/><\/a><\/figure>\n\n\n\n<div class=\"wp-block-buttons alignfull is-content-justification-center is-layout-flex wp-container-core-buttons-is-layout-1 wp-block-buttons-is-layout-flex\">\n<div class=\"wp-block-button has-custom-width wp-block-button__width-50 has-custom-font-size is-style-fill\" style=\"font-size:16px;text-transform:capitalize\"><a class=\"wp-block-button__link has-white-color has-text-color has-background has-link-color has-text-align-center wp-element-button\" href=\"https:\/\/focusonpack.com\/fr\/nous-contacter\/\" style=\"border-radius:11px;background-color:#0161a0\"><strong><mark style=\"background-color:rgba(0, 0, 0, 0)\" class=\"has-inline-color has-white-color\">Demande de devis<\/mark><\/strong><\/a><\/div>\n<\/div>\n<\/div>\n<\/div>","protected":false},"excerpt":{"rendered":"<p>Granular Packing Machine Our g&hellip;<\/p>","protected":false},"author":1,"featured_media":0,"parent":4356,"menu_order":0,"comment_status":"closed","ping_status":"closed","template":"elementor_header_footer","meta":{"footnotes":"[]"},"class_list":["post-4463","page","type-page","status-publish","hentry","no-thumb"],"yoast_head":"<!-- This site is optimized with the Yoast SEO plugin v24.8.1 - https:\/\/yoast.com\/wordpress\/plugins\/seo\/ -->\n<title>Granular Packing Machine - Focus on pack<\/title>\n<meta name=\"robots\" content=\"index, follow, max-snippet:-1, max-image-preview:large, max-video-preview:-1\" \/>\n<link rel=\"canonical\" href=\"https:\/\/focusonpack.com\/fr\/produits\/multi-funaction-packing-machine\/granular-packing-machine\/\" \/>\n<meta property=\"og:locale\" content=\"fr_FR\" \/>\n<meta property=\"og:type\" content=\"article\" \/>\n<meta property=\"og:title\" content=\"Granular Packing Machine - Focus on pack\" \/>\n<meta property=\"og:description\" content=\"Granular Packing Machine Our g&hellip;\" \/>\n<meta property=\"og:url\" content=\"https:\/\/focusonpack.com\/fr\/produits\/multi-funaction-packing-machine\/granular-packing-machine\/\" \/>\n<meta property=\"og:site_name\" content=\"Focus on pack\" \/>\n<meta property=\"article:modified_time\" content=\"2025-03-21T07:57:43+00:00\" \/>\n<meta property=\"og:image\" content=\"https:\/\/focusonpack.com\/wp-content\/uploads\/2025\/03\/Hopper-1.png\" \/>\n<meta name=\"twitter:card\" content=\"summary_large_image\" \/>\n<meta name=\"twitter:label1\" content=\"Dur\u00e9e de lecture estim\u00e9e\" \/>\n\t<meta name=\"twitter:data1\" content=\"3 minutes\" \/>\n<script type=\"application\/ld+json\" class=\"yoast-schema-graph\">{\"@context\":\"https:\/\/schema.org\",\"@graph\":[{\"@type\":\"WebPage\",\"@id\":\"https:\/\/focusonpack.com\/products\/multi-funaction-packing-machine\/granular-packing-machine\/\",\"url\":\"https:\/\/focusonpack.com\/products\/multi-funaction-packing-machine\/granular-packing-machine\/\",\"name\":\"Granular Packing Machine - Focus on pack\",\"isPartOf\":{\"@id\":\"https:\/\/focusonpack.com\/#website\"},\"primaryImageOfPage\":{\"@id\":\"https:\/\/focusonpack.com\/products\/multi-funaction-packing-machine\/granular-packing-machine\/#primaryimage\"},\"image\":{\"@id\":\"https:\/\/focusonpack.com\/products\/multi-funaction-packing-machine\/granular-packing-machine\/#primaryimage\"},\"thumbnailUrl\":\"https:\/\/focusonpack.com\/wp-content\/uploads\/2025\/03\/Hopper-1.png\",\"datePublished\":\"2025-03-21T01:53:44+00:00\",\"dateModified\":\"2025-03-21T07:57:43+00:00\",\"breadcrumb\":{\"@id\":\"https:\/\/focusonpack.com\/products\/multi-funaction-packing-machine\/granular-packing-machine\/#breadcrumb\"},\"inLanguage\":\"fr-FR\",\"potentialAction\":[{\"@type\":\"ReadAction\",\"target\":[\"https:\/\/focusonpack.com\/products\/multi-funaction-packing-machine\/granular-packing-machine\/\"]}]},{\"@type\":\"ImageObject\",\"inLanguage\":\"fr-FR\",\"@id\":\"https:\/\/focusonpack.com\/products\/multi-funaction-packing-machine\/granular-packing-machine\/#primaryimage\",\"url\":\"https:\/\/focusonpack.com\/wp-content\/uploads\/2025\/03\/Hopper-1.png\",\"contentUrl\":\"https:\/\/focusonpack.com\/wp-content\/uploads\/2025\/03\/Hopper-1.png\"},{\"@type\":\"BreadcrumbList\",\"@id\":\"https:\/\/focusonpack.com\/products\/multi-funaction-packing-machine\/granular-packing-machine\/#breadcrumb\",\"itemListElement\":[{\"@type\":\"ListItem\",\"position\":1,\"name\":\"\u9996\u9875\",\"item\":\"https:\/\/focusonpack.com\/\"},{\"@type\":\"ListItem\",\"position\":2,\"name\":\"Products\",\"item\":\"https:\/\/focusonpack.com\/products\/\"},{\"@type\":\"ListItem\",\"position\":3,\"name\":\"Multifunction Packing Machine\",\"item\":\"https:\/\/focusonpack.com\/products\/multi-funaction-packing-machine\/\"},{\"@type\":\"ListItem\",\"position\":4,\"name\":\"Granular Packing Machine\"}]},{\"@type\":\"WebSite\",\"@id\":\"https:\/\/focusonpack.com\/#website\",\"url\":\"https:\/\/focusonpack.com\/\",\"name\":\"Focus on pack\",\"description\":\"\",\"potentialAction\":[{\"@type\":\"SearchAction\",\"target\":{\"@type\":\"EntryPoint\",\"urlTemplate\":\"https:\/\/focusonpack.com\/?s={search_term_string}\"},\"query-input\":{\"@type\":\"PropertyValueSpecification\",\"valueRequired\":true,\"valueName\":\"search_term_string\"}}],\"inLanguage\":\"fr-FR\"}]}<\/script>\n<!-- \/ Yoast SEO plugin. -->","yoast_head_json":{"title":"Granular Packing Machine - Focus on pack","robots":{"index":"index","follow":"follow","max-snippet":"max-snippet:-1","max-image-preview":"max-image-preview:large","max-video-preview":"max-video-preview:-1"},"canonical":"https:\/\/focusonpack.com\/fr\/produits\/multi-funaction-packing-machine\/granular-packing-machine\/","og_locale":"fr_FR","og_type":"article","og_title":"Granular Packing Machine - Focus on pack","og_description":"Granular Packing Machine Our g&hellip;","og_url":"https:\/\/focusonpack.com\/fr\/produits\/multi-funaction-packing-machine\/granular-packing-machine\/","og_site_name":"Focus on pack","article_modified_time":"2025-03-21T07:57:43+00:00","og_image":[{"url":"https:\/\/focusonpack.com\/wp-content\/uploads\/2025\/03\/Hopper-1.png","type":"","width":"","height":""}],"twitter_card":"summary_large_image","twitter_misc":{"Dur\u00e9e de lecture estim\u00e9e":"3 minutes"},"schema":{"@context":"https:\/\/schema.org","@graph":[{"@type":"WebPage","@id":"https:\/\/focusonpack.com\/products\/multi-funaction-packing-machine\/granular-packing-machine\/","url":"https:\/\/focusonpack.com\/products\/multi-funaction-packing-machine\/granular-packing-machine\/","name":"Granular Packing Machine - Focus on pack","isPartOf":{"@id":"https:\/\/focusonpack.com\/#website"},"primaryImageOfPage":{"@id":"https:\/\/focusonpack.com\/products\/multi-funaction-packing-machine\/granular-packing-machine\/#primaryimage"},"image":{"@id":"https:\/\/focusonpack.com\/products\/multi-funaction-packing-machine\/granular-packing-machine\/#primaryimage"},"thumbnailUrl":"https:\/\/focusonpack.com\/wp-content\/uploads\/2025\/03\/Hopper-1.png","datePublished":"2025-03-21T01:53:44+00:00","dateModified":"2025-03-21T07:57:43+00:00","breadcrumb":{"@id":"https:\/\/focusonpack.com\/products\/multi-funaction-packing-machine\/granular-packing-machine\/#breadcrumb"},"inLanguage":"fr-FR","potentialAction":[{"@type":"ReadAction","target":["https:\/\/focusonpack.com\/products\/multi-funaction-packing-machine\/granular-packing-machine\/"]}]},{"@type":"ImageObject","inLanguage":"fr-FR","@id":"https:\/\/focusonpack.com\/products\/multi-funaction-packing-machine\/granular-packing-machine\/#primaryimage","url":"https:\/\/focusonpack.com\/wp-content\/uploads\/2025\/03\/Hopper-1.png","contentUrl":"https:\/\/focusonpack.com\/wp-content\/uploads\/2025\/03\/Hopper-1.png"},{"@type":"BreadcrumbList","@id":"https:\/\/focusonpack.com\/products\/multi-funaction-packing-machine\/granular-packing-machine\/#breadcrumb","itemListElement":[{"@type":"ListItem","position":1,"name":"\u9996\u9875","item":"https:\/\/focusonpack.com\/"},{"@type":"ListItem","position":2,"name":"Products","item":"https:\/\/focusonpack.com\/products\/"},{"@type":"ListItem","position":3,"name":"Multifunction Packing Machine","item":"https:\/\/focusonpack.com\/products\/multi-funaction-packing-machine\/"},{"@type":"ListItem","position":4,"name":"Granular Packing Machine"}]},{"@type":"WebSite","@id":"https:\/\/focusonpack.com\/#website","url":"https:\/\/focusonpack.com\/","name":"Focus on pack","description":"","potentialAction":[{"@type":"SearchAction","target":{"@type":"EntryPoint","urlTemplate":"https:\/\/focusonpack.com\/?s={search_term_string}"},"query-input":{"@type":"PropertyValueSpecification","valueRequired":true,"valueName":"search_term_string"}}],"inLanguage":"fr-FR"}]}},"_links":{"self":[{"href":"https:\/\/focusonpack.com\/fr\/wp-json\/wp\/v2\/pages\/4463","targetHints":{"allow":["GET"]}}],"collection":[{"href":"https:\/\/focusonpack.com\/fr\/wp-json\/wp\/v2\/pages"}],"about":[{"href":"https:\/\/focusonpack.com\/fr\/wp-json\/wp\/v2\/types\/page"}],"author":[{"embeddable":true,"href":"https:\/\/focusonpack.com\/fr\/wp-json\/wp\/v2\/users\/1"}],"replies":[{"embeddable":true,"href":"https:\/\/focusonpack.com\/fr\/wp-json\/wp\/v2\/comments?post=4463"}],"version-history":[{"count":16,"href":"https:\/\/focusonpack.com\/fr\/wp-json\/wp\/v2\/pages\/4463\/revisions"}],"predecessor-version":[{"id":4503,"href":"https:\/\/focusonpack.com\/fr\/wp-json\/wp\/v2\/pages\/4463\/revisions\/4503"}],"up":[{"embeddable":true,"href":"https:\/\/focusonpack.com\/fr\/wp-json\/wp\/v2\/pages\/4356"}],"wp:attachment":[{"href":"https:\/\/focusonpack.com\/fr\/wp-json\/wp\/v2\/media?parent=4463"}],"curies":[{"name":"wp","href":"https:\/\/api.w.org\/{rel}","templated":true}]}}