{"id":4759,"date":"2025-11-21T16:30:32","date_gmt":"2025-11-21T08:30:32","guid":{"rendered":"https:\/\/focusonpack.com\/?page_id=4759"},"modified":"2025-11-25T10:57:29","modified_gmt":"2025-11-25T02:57:29","slug":"single-row-automatic-film-wrapping-machine","status":"publish","type":"page","link":"https:\/\/focusonpack.com\/fr\/machine-demballage-sous-film-retractable\/single-row-automatic-film-wrapping-machine\/","title":{"rendered":"Single-Row Automatic Film Wrapping Machine"},"content":{"rendered":"<div class=\"wp-block-columns is-layout-flex wp-container-core-columns-is-layout-1 wp-block-columns-is-layout-flex\">\n<div class=\"wp-block-column is-layout-flow wp-block-column-is-layout-flow\" style=\"flex-basis:66.66%\">\n<p><br>Designed for small and medium-batch single-specification products, the Single-Row Automatic Film Wrapping Machine is a high-efficiency packaging equipment. It adopts a PLC control system to realize the full-process automation of feeding, film wrapping, sealing and cutting, and shrinking without manual intervention. Equipped with a precise temperature control module, the machine is compatible with vari PE film, ensuring flat and wrinkle-free film wrapping and excellent sealing performance, which effectively enhances the moisture-proof, dust-proof and impact-resistant capabilities of products. With a compact structure, it only covers an area of 2-3 square meters, and supports the rapid packaging of long or regular products such as biscuits, stationery, and daily chemical products. it is an ideal choice for small enterprises to reduce costs and increase efficiency.<\/p>\n\n\n\n<h3 class=\"wp-block-heading\">Key Features:<\/h3>\n\n\n\n<h4 class=\"wp-block-heading\"><strong>Features of Wrapper<\/strong><\/h4>\n\n\n\n<ul class=\"wp-block-list\">\n<li>Heavy duty frame construction made on painted steel tube<\/li>\n\n\n\n<li>Wheels and height adjustable legs for transport and positioning<\/li>\n\n\n\n<li>Machine orientation: from right to left or from left to right<\/li>\n\n\n\n<li>Flexibility to wrap trayed and trayless packs<\/li>\n\n\n\n<li>Side-mounted multi-lane Infeed conveyor with Lane Divider<\/li>\n\n\n\n<li>Heavy duty infeed belt able to cope with any pack weight<\/li>\n\n\n\n<li>Very easy access to collation area for rapid change overs with quick release parts<\/li>\n\n\n\n<li>Heavy duty Teflon coated sealing blade for strong, reliable seals and a long blade life<\/li>\n\n\n\n<li>Pneumatic presser over the exit table to hold the product during the cutting and sealing process<\/li>\n\n\n\n<li>Ergonomically positioned film reels allowing easy loading of film and simple film thread up<\/li>\n\n\n\n<li>Powered film drive to ensure lightweight products are easy to wrap<\/li>\n\n\n\n<li>Variable speed control by inverter<\/li>\n\n\n\n<li>Easy to corporate with existing production line or off line<\/li>\n<\/ul>\n\n\n\n<h4 class=\"wp-block-heading\">Features of Shrink Tunnel<\/h4>\n\n\n\n<ul class=\"wp-block-list\">\n<li>Heavy duty welded steel frame with adjustable height<\/li>\n\n\n\n<li>Wheels and height adjustable legs for transport and positioning<\/li>\n\n\n\n<li>Insulated shrink tunnel chamber<\/li>\n\n\n\n<li>Stainless steel heating elements for long life<\/li>\n\n\n\n<li>Adjustable conveyor speed<\/li>\n\n\n\n<li>Adjustable temperature control<\/li>\n\n\n\n<li>Dual blower design with adjustable air flow<\/li>\n\n\n\n<li>Durable and non-stick teflon mesh conveyor belt<\/li>\n\n\n\n<li>Tunnel discharge cooling station for fast film curing<\/li>\n\n\n\n<li>Discharging idle roller conveyor for accumulation and easy transportation<\/li>\n<\/ul>\n<\/div>\n\n\n\n<div class=\"wp-block-column is-layout-flow wp-block-column-is-layout-flow\" style=\"flex-basis:33.33%\">\n<figure data-wp-context=\"{&quot;imageId&quot;:&quot;69df2fa2df078&quot;}\" data-wp-interactive=\"core\/image\" class=\"wp-block-image size-full wp-lightbox-container\"><img loading=\"lazy\" decoding=\"async\" width=\"800\" height=\"800\" data-wp-class--hide=\"state.isContentHidden\" data-wp-class--show=\"state.isContentVisible\" data-wp-init=\"callbacks.setButtonStyles\" data-wp-on-async--click=\"actions.showLightbox\" data-wp-on-async--load=\"callbacks.setButtonStyles\" data-wp-on-async-window--resize=\"callbacks.setButtonStyles\" src=\"https:\/\/focusonpack.com\/wp-content\/uploads\/2025\/11\/\u76f4\u578b\u65b0\u819c\u5305\u673a1-1.jpg\" alt=\"\" class=\"wp-image-4761\" srcset=\"https:\/\/focusonpack.com\/wp-content\/uploads\/2025\/11\/\u76f4\u578b\u65b0\u819c\u5305\u673a1-1.jpg 800w, https:\/\/focusonpack.com\/wp-content\/uploads\/2025\/11\/\u76f4\u578b\u65b0\u819c\u5305\u673a1-1-300x300.jpg 300w, https:\/\/focusonpack.com\/wp-content\/uploads\/2025\/11\/\u76f4\u578b\u65b0\u819c\u5305\u673a1-1-150x150.jpg 150w, https:\/\/focusonpack.com\/wp-content\/uploads\/2025\/11\/\u76f4\u578b\u65b0\u819c\u5305\u673a1-1-768x768.jpg 768w, https:\/\/focusonpack.com\/wp-content\/uploads\/2025\/11\/\u76f4\u578b\u65b0\u819c\u5305\u673a1-1-12x12.jpg 12w, https:\/\/focusonpack.com\/wp-content\/uploads\/2025\/11\/\u76f4\u578b\u65b0\u819c\u5305\u673a1-1-75x75.jpg 75w, https:\/\/focusonpack.com\/wp-content\/uploads\/2025\/11\/\u76f4\u578b\u65b0\u819c\u5305\u673a1-1-80x80.jpg 80w, https:\/\/focusonpack.com\/wp-content\/uploads\/2025\/11\/\u76f4\u578b\u65b0\u819c\u5305\u673a1-1-600x600.jpg 600w, https:\/\/focusonpack.com\/wp-content\/uploads\/2025\/11\/\u76f4\u578b\u65b0\u819c\u5305\u673a1-1-100x100.jpg 100w\" sizes=\"auto, (max-width: 800px) 100vw, 800px\" \/><button\n\t\t\tclass=\"lightbox-trigger\"\n\t\t\ttype=\"button\"\n\t\t\taria-haspopup=\"dialog\"\n\t\t\taria-label=\"Agrandir l\u2018image\"\n\t\t\tdata-wp-init=\"callbacks.initTriggerButton\"\n\t\t\tdata-wp-on-async--click=\"actions.showLightbox\"\n\t\t\tdata-wp-style--right=\"state.imageButtonRight\"\n\t\t\tdata-wp-style--top=\"state.imageButtonTop\"\n\t\t>\n\t\t\t<svg xmlns=\"http:\/\/www.w3.org\/2000\/svg\" width=\"12\" height=\"12\" fill=\"none\" viewbox=\"0 0 12 12\">\n\t\t\t\t<path fill=\"#fff\" d=\"M2 0a2 2 0 0 0-2 2v2h1.5V2a.5.5 0 0 1 .5-.5h2V0H2Zm2 10.5H2a.5.5 0 0 1-.5-.5V8H0v2a2 2 0 0 0 2 2h2v-1.5ZM8 12v-1.5h2a.5.5 0 0 0 .5-.5V8H12v2a2 2 0 0 1-2 2H8Zm2-12a2 2 0 0 1 2 2v2h-1.5V2a.5.5 0 0 0-.5-.5H8V0h2Z\" \/>\n\t\t\t<\/svg>\n\t\t<\/button><\/figure>\n\n\n\n<div class=\"wp-block-buttons is-content-justification-center is-layout-flex wp-container-core-buttons-is-layout-1 wp-block-buttons-is-layout-flex\">\n<div class=\"wp-block-button\"><a class=\"wp-block-button__link wp-element-button\" href=\"https:\/\/focusonpack.com\/fr\/nous-contacter\/\"><strong>Demande de devis<\/strong><\/a><\/div>\n<\/div>\n<\/div>\n<\/div>\n\n\n\n<h3 class=\"wp-block-heading\">Technical Specifications:<\/h3>\n\n\n\n<figure class=\"wp-block-table\"><table class=\"has-fixed-layout\"><tbody><tr><td><strong>Wrapper Tehnical Parameters<\/strong><\/td><td><\/td><\/tr><tr><td>Tension<\/td><td>220V<\/td><\/tr><tr><td>Power<\/td><td>1,5KW<\/td><\/tr><tr><td>Packaging speed<\/td><td>6-10package\/min<\/td><\/tr><tr><td>Packaging scope<\/td><td>40*<em>30<\/em>*38CM<\/td><\/tr><tr><td>Outline size<\/td><td>155*<em>150<\/em>*192CM<\/td><\/tr><tr><td>Pressure<\/td><td>5-7KGF\/CM2<\/td><\/tr><tr><td><strong>Tunnel Tehnical Parameters<\/strong><\/td><td><\/td><\/tr><tr><td>Tension<\/td><td>380V<\/td><\/tr><tr><td>Power<\/td><td>18KW<\/td><\/tr><tr><td>Heating furnace size<\/td><td>150*<em>55<\/em>*40CM<\/td><\/tr><tr><td>Conveying speed<\/td><td>0-10m\/min<\/td><\/tr><tr><td>Outline size<\/td><td>251*<em>82<\/em>*149CM<\/td><\/tr><tr><td>Load<\/td><td>40KG<\/td><\/tr><tr><td>Weight<\/td><td>200KG<\/td><\/tr><\/tbody><\/table><\/figure>\n\n\n\n<p>*Les sp\u00e9cifications peuvent \u00eatre modifi\u00e9es sans pr\u00e9avis. Tous les droits sont r\u00e9serv\u00e9s.<\/p>\n\n\n\n<p><\/p>","protected":false},"excerpt":{"rendered":"<p>Designed for small and medium-&hellip;<\/p>","protected":false},"author":1,"featured_media":0,"parent":2373,"menu_order":0,"comment_status":"closed","ping_status":"closed","template":"","meta":{"footnotes":""},"class_list":["post-4759","page","type-page","status-publish","hentry","no-thumb"],"yoast_head":"<!-- This site is optimized with the Yoast SEO plugin v24.8.1 - https:\/\/yoast.com\/wordpress\/plugins\/seo\/ -->\n<title>Single-Row Automatic Film Wrapping Machine - Focus on pack<\/title>\n<meta name=\"robots\" content=\"index, follow, max-snippet:-1, max-image-preview:large, max-video-preview:-1\" \/>\n<link rel=\"canonical\" href=\"https:\/\/focusonpack.com\/fr\/machine-demballage-sous-film-retractable\/single-row-automatic-film-wrapping-machine\/\" \/>\n<meta property=\"og:locale\" content=\"fr_FR\" \/>\n<meta property=\"og:type\" content=\"article\" \/>\n<meta property=\"og:title\" content=\"Single-Row Automatic Film Wrapping Machine - Focus on pack\" \/>\n<meta property=\"og:description\" content=\"Designed for small and medium-&hellip;\" \/>\n<meta property=\"og:url\" content=\"https:\/\/focusonpack.com\/fr\/machine-demballage-sous-film-retractable\/single-row-automatic-film-wrapping-machine\/\" \/>\n<meta property=\"og:site_name\" content=\"Focus on pack\" \/>\n<meta property=\"article:modified_time\" content=\"2025-11-25T02:57:29+00:00\" \/>\n<meta name=\"twitter:card\" content=\"summary_large_image\" \/>\n<meta name=\"twitter:label1\" content=\"Dur\u00e9e de lecture estim\u00e9e\" \/>\n\t<meta name=\"twitter:data1\" content=\"3 minutes\" \/>\n<script type=\"application\/ld+json\" class=\"yoast-schema-graph\">{\"@context\":\"https:\/\/schema.org\",\"@graph\":[{\"@type\":\"WebPage\",\"@id\":\"https:\/\/focusonpack.com\/shrink-wrapping-machine\/single-row-automatic-film-wrapping-machine\/\",\"url\":\"https:\/\/focusonpack.com\/shrink-wrapping-machine\/single-row-automatic-film-wrapping-machine\/\",\"name\":\"Single-Row Automatic Film Wrapping Machine - Focus on pack\",\"isPartOf\":{\"@id\":\"https:\/\/focusonpack.com\/#website\"},\"datePublished\":\"2025-11-21T08:30:32+00:00\",\"dateModified\":\"2025-11-25T02:57:29+00:00\",\"breadcrumb\":{\"@id\":\"https:\/\/focusonpack.com\/shrink-wrapping-machine\/single-row-automatic-film-wrapping-machine\/#breadcrumb\"},\"inLanguage\":\"fr-FR\",\"potentialAction\":[{\"@type\":\"ReadAction\",\"target\":[\"https:\/\/focusonpack.com\/shrink-wrapping-machine\/single-row-automatic-film-wrapping-machine\/\"]}]},{\"@type\":\"BreadcrumbList\",\"@id\":\"https:\/\/focusonpack.com\/shrink-wrapping-machine\/single-row-automatic-film-wrapping-machine\/#breadcrumb\",\"itemListElement\":[{\"@type\":\"ListItem\",\"position\":1,\"name\":\"\u9996\u9875\",\"item\":\"https:\/\/focusonpack.com\/\"},{\"@type\":\"ListItem\",\"position\":2,\"name\":\"Shrink Wrapping Machine\",\"item\":\"https:\/\/focusonpack.com\/shrink-wrapping-machine\/\"},{\"@type\":\"ListItem\",\"position\":3,\"name\":\"Single-Row Automatic Film Wrapping Machine\"}]},{\"@type\":\"WebSite\",\"@id\":\"https:\/\/focusonpack.com\/#website\",\"url\":\"https:\/\/focusonpack.com\/\",\"name\":\"Focus on pack\",\"description\":\"\",\"potentialAction\":[{\"@type\":\"SearchAction\",\"target\":{\"@type\":\"EntryPoint\",\"urlTemplate\":\"https:\/\/focusonpack.com\/?s={search_term_string}\"},\"query-input\":{\"@type\":\"PropertyValueSpecification\",\"valueRequired\":true,\"valueName\":\"search_term_string\"}}],\"inLanguage\":\"fr-FR\"}]}<\/script>\n<!-- \/ Yoast SEO plugin. -->","yoast_head_json":{"title":"Single-Row Automatic Film Wrapping Machine - Focus on pack","robots":{"index":"index","follow":"follow","max-snippet":"max-snippet:-1","max-image-preview":"max-image-preview:large","max-video-preview":"max-video-preview:-1"},"canonical":"https:\/\/focusonpack.com\/fr\/machine-demballage-sous-film-retractable\/single-row-automatic-film-wrapping-machine\/","og_locale":"fr_FR","og_type":"article","og_title":"Single-Row Automatic Film Wrapping Machine - Focus on pack","og_description":"Designed for small and medium-&hellip;","og_url":"https:\/\/focusonpack.com\/fr\/machine-demballage-sous-film-retractable\/single-row-automatic-film-wrapping-machine\/","og_site_name":"Focus on pack","article_modified_time":"2025-11-25T02:57:29+00:00","twitter_card":"summary_large_image","twitter_misc":{"Dur\u00e9e de lecture estim\u00e9e":"3 minutes"},"schema":{"@context":"https:\/\/schema.org","@graph":[{"@type":"WebPage","@id":"https:\/\/focusonpack.com\/shrink-wrapping-machine\/single-row-automatic-film-wrapping-machine\/","url":"https:\/\/focusonpack.com\/shrink-wrapping-machine\/single-row-automatic-film-wrapping-machine\/","name":"Single-Row Automatic Film Wrapping Machine - Focus on pack","isPartOf":{"@id":"https:\/\/focusonpack.com\/#website"},"datePublished":"2025-11-21T08:30:32+00:00","dateModified":"2025-11-25T02:57:29+00:00","breadcrumb":{"@id":"https:\/\/focusonpack.com\/shrink-wrapping-machine\/single-row-automatic-film-wrapping-machine\/#breadcrumb"},"inLanguage":"fr-FR","potentialAction":[{"@type":"ReadAction","target":["https:\/\/focusonpack.com\/shrink-wrapping-machine\/single-row-automatic-film-wrapping-machine\/"]}]},{"@type":"BreadcrumbList","@id":"https:\/\/focusonpack.com\/shrink-wrapping-machine\/single-row-automatic-film-wrapping-machine\/#breadcrumb","itemListElement":[{"@type":"ListItem","position":1,"name":"\u9996\u9875","item":"https:\/\/focusonpack.com\/"},{"@type":"ListItem","position":2,"name":"Shrink Wrapping Machine","item":"https:\/\/focusonpack.com\/shrink-wrapping-machine\/"},{"@type":"ListItem","position":3,"name":"Single-Row Automatic Film Wrapping Machine"}]},{"@type":"WebSite","@id":"https:\/\/focusonpack.com\/#website","url":"https:\/\/focusonpack.com\/","name":"Focus on pack","description":"","potentialAction":[{"@type":"SearchAction","target":{"@type":"EntryPoint","urlTemplate":"https:\/\/focusonpack.com\/?s={search_term_string}"},"query-input":{"@type":"PropertyValueSpecification","valueRequired":true,"valueName":"search_term_string"}}],"inLanguage":"fr-FR"}]}},"_links":{"self":[{"href":"https:\/\/focusonpack.com\/fr\/wp-json\/wp\/v2\/pages\/4759","targetHints":{"allow":["GET"]}}],"collection":[{"href":"https:\/\/focusonpack.com\/fr\/wp-json\/wp\/v2\/pages"}],"about":[{"href":"https:\/\/focusonpack.com\/fr\/wp-json\/wp\/v2\/types\/page"}],"author":[{"embeddable":true,"href":"https:\/\/focusonpack.com\/fr\/wp-json\/wp\/v2\/users\/1"}],"replies":[{"embeddable":true,"href":"https:\/\/focusonpack.com\/fr\/wp-json\/wp\/v2\/comments?post=4759"}],"version-history":[{"count":3,"href":"https:\/\/focusonpack.com\/fr\/wp-json\/wp\/v2\/pages\/4759\/revisions"}],"predecessor-version":[{"id":4795,"href":"https:\/\/focusonpack.com\/fr\/wp-json\/wp\/v2\/pages\/4759\/revisions\/4795"}],"up":[{"embeddable":true,"href":"https:\/\/focusonpack.com\/fr\/wp-json\/wp\/v2\/pages\/2373"}],"wp:attachment":[{"href":"https:\/\/focusonpack.com\/fr\/wp-json\/wp\/v2\/media?parent=4759"}],"curies":[{"name":"wp","href":"https:\/\/api.w.org\/{rel}","templated":true}]}}