{"id":2369,"date":"2020-05-07T15:52:45","date_gmt":"2020-05-07T07:52:45","guid":{"rendered":"https:\/\/focusonpack.com\/?page_id=2369"},"modified":"2025-03-21T15:29:56","modified_gmt":"2025-03-21T07:29:56","slug":"pet-bottle-blow-molding-machine","status":"publish","type":"page","link":"https:\/\/focusonpack.com\/it\/macchina-per-il-soffiaggio-delle-bottiglie-in-pet\/","title":{"rendered":"Macchina per il soffiaggio delle bottiglie in PET"},"content":{"rendered":"<div data-elementor-type=\"wp-page\" data-elementor-id=\"2369\" class=\"elementor elementor-2369\" data-elementor-settings=\"[]\">\n\t\t\t<div class=\"elementor-inner\">\n\t\t\t\t<div class=\"elementor-section-wrap\">\n\t\t\t\t\t\t\t<section class=\"elementor-element elementor-element-40f63904 elementor-section-boxed elementor-section-height-default elementor-section-height-default elementor-section elementor-top-section\" data-id=\"40f63904\" data-element_type=\"section\">\n\t\t\t\t\t\t<div class=\"elementor-container elementor-column-gap-default\">\n\t\t\t\t<div class=\"elementor-row\">\n\t\t\t\t<div class=\"elementor-element elementor-element-18a53ea3 elementor-column elementor-col-100 elementor-top-column\" data-id=\"18a53ea3\" data-element_type=\"column\">\n\t\t\t<div class=\"elementor-column-wrap  elementor-element-populated\">\n\t\t\t\t\t<div class=\"elementor-widget-wrap\">\n\t\t\t\t<div class=\"elementor-element elementor-element-cdc8ea6 elementor-widget elementor-widget-heading\" data-id=\"cdc8ea6\" data-element_type=\"widget\" data-widget_type=\"heading.default\">\n\t\t\t\t<div class=\"elementor-widget-container\">\n\t\t\t<h3 class=\"elementor-heading-title elementor-size-default\">Macchina per il soffiaggio delle bottiglie in PET<\/h3>\t\t<\/div>\n\t\t\t\t<\/div>\n\t\t\t\t<div class=\"elementor-element elementor-element-439ed510 elementor-widget elementor-widget-text-editor\" data-id=\"439ed510\" data-element_type=\"widget\" data-widget_type=\"text-editor.default\">\n\t\t\t\t<div class=\"elementor-widget-container\">\n\t\t\t\t\t<div class=\"elementor-text-editor elementor-clearfix\"><p>Offriamo sia una soffiatrice per bottiglie in PET semiautomatica che una macchina per il soffiaggio estensibile in PET completamente automatica che produce bottiglie di plastica in PET di alta qualit\u00e0 in varie forme, dimensioni e colori per acqua, succhi di frutta, bevande gassate, olio vegetale, alcol, detergenti liquidi, cosmetici, prodotti farmaceutici, articoli per la cura della persona. articoli per la cura della persona.<\/p><\/div>\n\t\t\t\t<\/div>\n\t\t\t\t<\/div>\n\t\t\t\t\t\t<\/div>\n\t\t\t<\/div>\n\t\t<\/div>\n\t\t\t\t\t\t<\/div>\n\t\t\t<\/div>\n\t\t<\/section>\n\t\t\t\t<section class=\"elementor-element elementor-element-4773c29e elementor-section-boxed elementor-section-height-default elementor-section-height-default elementor-section elementor-top-section\" data-id=\"4773c29e\" data-element_type=\"section\">\n\t\t\t\t\t\t<div class=\"elementor-container elementor-column-gap-default\">\n\t\t\t\t<div class=\"elementor-row\">\n\t\t\t\t<div class=\"elementor-element elementor-element-4631db9d elementor-column elementor-col-100 elementor-top-column\" data-id=\"4631db9d\" data-element_type=\"column\">\n\t\t\t<div class=\"elementor-column-wrap  elementor-element-populated\">\n\t\t\t\t\t<div class=\"elementor-widget-wrap\">\n\t\t\t\t<div class=\"elementor-element elementor-element-4abb40e9 elementor-widget elementor-widget-divider\" data-id=\"4abb40e9\" data-element_type=\"widget\" data-widget_type=\"divider.default\">\n\t\t\t\t<div class=\"elementor-widget-container\">\n\t\t\t\t\t<div class=\"elementor-divider\">\n\t\t\t<span class=\"elementor-divider-separator\">\n\t\t\t\t\t\t<\/span>\n\t\t<\/div>\n\t\t\t\t<\/div>\n\t\t\t\t<\/div>\n\t\t\t\t\t\t<\/div>\n\t\t\t<\/div>\n\t\t<\/div>\n\t\t\t\t\t\t<\/div>\n\t\t\t<\/div>\n\t\t<\/section>\n\t\t\t\t<section class=\"elementor-element elementor-element-2d30680 elementor-section-boxed elementor-section-height-default elementor-section-height-default elementor-section elementor-top-section\" data-id=\"2d30680\" data-element_type=\"section\">\n\t\t\t\t\t\t<div class=\"elementor-container elementor-column-gap-default\">\n\t\t\t\t<div class=\"elementor-row\">\n\t\t\t\t<div class=\"elementor-element elementor-element-6c7ef892 elementor-column elementor-col-50 elementor-top-column\" data-id=\"6c7ef892\" data-element_type=\"column\">\n\t\t\t<div class=\"elementor-column-wrap  elementor-element-populated\">\n\t\t\t\t\t<div class=\"elementor-widget-wrap\">\n\t\t\t\t<div class=\"elementor-element elementor-element-63fe28fe elementor-widget elementor-widget-image\" data-id=\"63fe28fe\" data-element_type=\"widget\" data-widget_type=\"image.default\">\n\t\t\t\t<div class=\"elementor-widget-container\">\n\t\t\t\t\t<div class=\"elementor-image\">\n\t\t\t\t\t\t\t\t\t\t<img loading=\"lazy\" decoding=\"async\" width=\"1041\" height=\"776\" src=\"https:\/\/focusonpack.com\/wp-content\/uploads\/2025\/03\/Semi-Automatic-PET-Bottle-Blowing-Machine.png\" class=\"elementor-animation-grow attachment-full size-full\" alt=\"\" srcset=\"https:\/\/focusonpack.com\/wp-content\/uploads\/2025\/03\/Semi-Automatic-PET-Bottle-Blowing-Machine.png 1041w, https:\/\/focusonpack.com\/wp-content\/uploads\/2025\/03\/Semi-Automatic-PET-Bottle-Blowing-Machine-300x224.png 300w, https:\/\/focusonpack.com\/wp-content\/uploads\/2025\/03\/Semi-Automatic-PET-Bottle-Blowing-Machine-1024x763.png 1024w, https:\/\/focusonpack.com\/wp-content\/uploads\/2025\/03\/Semi-Automatic-PET-Bottle-Blowing-Machine-768x572.png 768w, https:\/\/focusonpack.com\/wp-content\/uploads\/2025\/03\/Semi-Automatic-PET-Bottle-Blowing-Machine-270x200.png 270w, https:\/\/focusonpack.com\/wp-content\/uploads\/2025\/03\/Semi-Automatic-PET-Bottle-Blowing-Machine-600x447.png 600w\" sizes=\"auto, (max-width: 1041px) 100vw, 1041px\" \/>\t\t\t\t\t\t\t\t\t\t\t<\/div>\n\t\t\t\t<\/div>\n\t\t\t\t<\/div>\n\t\t\t\t\t\t<\/div>\n\t\t\t<\/div>\n\t\t<\/div>\n\t\t\t\t<div class=\"elementor-element elementor-element-7a633549 elementor-column elementor-col-50 elementor-top-column\" data-id=\"7a633549\" data-element_type=\"column\">\n\t\t\t<div class=\"elementor-column-wrap  elementor-element-populated\">\n\t\t\t\t\t<div class=\"elementor-widget-wrap\">\n\t\t\t\t<div class=\"elementor-element elementor-element-82c5f8c elementor-widget elementor-widget-heading\" data-id=\"82c5f8c\" data-element_type=\"widget\" data-widget_type=\"heading.default\">\n\t\t\t\t<div class=\"elementor-widget-container\">\n\t\t\t<h3 class=\"elementor-heading-title elementor-size-default\">Macchina soffiatrice per bottiglie PET semiautomatica<\/h3>\t\t<\/div>\n\t\t\t\t<\/div>\n\t\t\t\t<div class=\"elementor-element elementor-element-302e7504 elementor-widget elementor-widget-text-editor\" data-id=\"302e7504\" data-element_type=\"widget\" data-widget_type=\"text-editor.default\">\n\t\t\t\t<div class=\"elementor-widget-container\">\n\t\t\t\t\t<div class=\"elementor-text-editor elementor-clearfix\"><p>La soffiatrice semiautomatica per bottiglie in PET \u00e8 la soluzione pi\u00f9 conveniente per la produzione di massa di vasi e bottiglie per le fabbriche di piccole e medie dimensioni. La macchina per la produzione di bottiglie in PET \u00e8 progettata anche per la produzione di vasi e contenitori di grandi dimensioni. La soffiatrice semiautomatica in PET a due stadi \u00e8 adatta a soffiare bottiglie per bevande gassate, bottiglie per acqua minerale, bottiglie per cosmetici e contenitori per acqua calda. La macchina per la produzione di bottiglie in PET \u00e8 progettata anche per la produzione di vasi e contenitori di grandi dimensioni. Con il sistema di controllo a microcomputer, controlla i vari parametri tecnici necessari in modo pi\u00f9 accurato e costante. Pu\u00f2 operare facilmente senza alcun addestramento speciale e in pi\u00f9 Pu\u00f2 operare facilmente senza alcuna formazione speciale e in modo pi\u00f9 sicuro.<\/p><\/div>\n\t\t\t\t<\/div>\n\t\t\t\t<\/div>\n\t\t\t\t<div class=\"elementor-element elementor-element-48e5d268 elementor-button-info elementor-align-left elementor-widget elementor-widget-button\" data-id=\"48e5d268\" data-element_type=\"widget\" data-widget_type=\"button.default\">\n\t\t\t\t<div class=\"elementor-widget-container\">\n\t\t\t\t\t<div class=\"elementor-button-wrapper\">\n\t\t\t<a href=\"https:\/\/focusonpack.com\/it\/macchina-semiautomatica-per-il-soffiaggio-delle-bottiglie-in-pet\/\" class=\"elementor-button-link elementor-button elementor-size-sm\" role=\"button\">\n\t\t\t\t\t\t<span class=\"elementor-button-content-wrapper\">\n\t\t\t\t\t\t<span class=\"elementor-button-text\">Visualizza i prodotti<\/span>\n\t\t<\/span>\n\t\t\t\t\t<\/a>\n\t\t<\/div>\n\t\t\t\t<\/div>\n\t\t\t\t<\/div>\n\t\t\t\t\t\t<\/div>\n\t\t\t<\/div>\n\t\t<\/div>\n\t\t\t\t\t\t<\/div>\n\t\t\t<\/div>\n\t\t<\/section>\n\t\t\t\t<section class=\"elementor-element elementor-element-13e935e5 elementor-section-boxed elementor-section-height-default elementor-section-height-default elementor-section elementor-top-section\" data-id=\"13e935e5\" data-element_type=\"section\">\n\t\t\t\t\t\t<div class=\"elementor-container elementor-column-gap-default\">\n\t\t\t\t<div class=\"elementor-row\">\n\t\t\t\t<div class=\"elementor-element elementor-element-50761835 elementor-column elementor-col-100 elementor-top-column\" data-id=\"50761835\" data-element_type=\"column\">\n\t\t\t<div class=\"elementor-column-wrap  elementor-element-populated\">\n\t\t\t\t\t<div class=\"elementor-widget-wrap\">\n\t\t\t\t<div class=\"elementor-element elementor-element-2631ca9d elementor-widget elementor-widget-divider\" data-id=\"2631ca9d\" data-element_type=\"widget\" data-widget_type=\"divider.default\">\n\t\t\t\t<div class=\"elementor-widget-container\">\n\t\t\t\t\t<div class=\"elementor-divider\">\n\t\t\t<span class=\"elementor-divider-separator\">\n\t\t\t\t\t\t<\/span>\n\t\t<\/div>\n\t\t\t\t<\/div>\n\t\t\t\t<\/div>\n\t\t\t\t\t\t<\/div>\n\t\t\t<\/div>\n\t\t<\/div>\n\t\t\t\t\t\t<\/div>\n\t\t\t<\/div>\n\t\t<\/section>\n\t\t\t\t<section class=\"elementor-element elementor-element-327b567 elementor-section-boxed elementor-section-height-default elementor-section-height-default elementor-section elementor-top-section\" data-id=\"327b567\" data-element_type=\"section\">\n\t\t\t\t\t\t<div class=\"elementor-container elementor-column-gap-default\">\n\t\t\t\t<div class=\"elementor-row\">\n\t\t\t\t<div class=\"elementor-element elementor-element-6c66d267 elementor-column elementor-col-50 elementor-top-column\" data-id=\"6c66d267\" data-element_type=\"column\">\n\t\t\t<div class=\"elementor-column-wrap  elementor-element-populated\">\n\t\t\t\t\t<div class=\"elementor-widget-wrap\">\n\t\t\t\t<div class=\"elementor-element elementor-element-64dc9ba6 elementor-widget elementor-widget-image\" data-id=\"64dc9ba6\" data-element_type=\"widget\" data-widget_type=\"image.default\">\n\t\t\t\t<div class=\"elementor-widget-container\">\n\t\t\t\t\t<div class=\"elementor-image\">\n\t\t\t\t\t\t\t\t\t\t<img loading=\"lazy\" decoding=\"async\" width=\"898\" height=\"657\" src=\"https:\/\/focusonpack.com\/wp-content\/uploads\/2025\/03\/4500BPH-4-Cavity-Economical-Automatic-PET-Blow-Moulding-Machine.png\" class=\"elementor-animation-grow attachment-full size-full\" alt=\"\" srcset=\"https:\/\/focusonpack.com\/wp-content\/uploads\/2025\/03\/4500BPH-4-Cavity-Economical-Automatic-PET-Blow-Moulding-Machine.png 898w, https:\/\/focusonpack.com\/wp-content\/uploads\/2025\/03\/4500BPH-4-Cavity-Economical-Automatic-PET-Blow-Moulding-Machine-300x219.png 300w, https:\/\/focusonpack.com\/wp-content\/uploads\/2025\/03\/4500BPH-4-Cavity-Economical-Automatic-PET-Blow-Moulding-Machine-768x562.png 768w, https:\/\/focusonpack.com\/wp-content\/uploads\/2025\/03\/4500BPH-4-Cavity-Economical-Automatic-PET-Blow-Moulding-Machine-600x439.png 600w\" sizes=\"auto, (max-width: 898px) 100vw, 898px\" \/>\t\t\t\t\t\t\t\t\t\t\t<\/div>\n\t\t\t\t<\/div>\n\t\t\t\t<\/div>\n\t\t\t\t\t\t<\/div>\n\t\t\t<\/div>\n\t\t<\/div>\n\t\t\t\t<div class=\"elementor-element elementor-element-618902d0 elementor-column elementor-col-50 elementor-top-column\" data-id=\"618902d0\" data-element_type=\"column\">\n\t\t\t<div class=\"elementor-column-wrap  elementor-element-populated\">\n\t\t\t\t\t<div class=\"elementor-widget-wrap\">\n\t\t\t\t<div class=\"elementor-element elementor-element-1be0237 elementor-widget elementor-widget-heading\" data-id=\"1be0237\" data-element_type=\"widget\" data-widget_type=\"heading.default\">\n\t\t\t\t<div class=\"elementor-widget-container\">\n\t\t\t<h3 class=\"elementor-heading-title elementor-size-default\">Macchina di soffiaggio completamente automatica dell'ANIMALE DOMESTICO di allungamento<\/h3>\t\t<\/div>\n\t\t\t\t<\/div>\n\t\t\t\t<div class=\"elementor-element elementor-element-6e407561 elementor-widget elementor-widget-text-editor\" data-id=\"6e407561\" data-element_type=\"widget\" data-widget_type=\"text-editor.default\">\n\t\t\t\t<div class=\"elementor-widget-container\">\n\t\t\t\t\t<div class=\"elementor-text-editor elementor-clearfix\"><p>La macchina automatica per il soffiaggio estensibile del PET \u00e8 una macchina automatica di nuova generazione per la produzione di bottiglie e vasetti in PET, ideale per fabbriche di medie e grandi dimensioni e per applicazioni che richiedono il rispetto di rigorosi requisiti di qualit\u00e0. Ideale per le fabbriche di medie e grandi dimensioni e per le applicazioni in cui devono essere soddisfatti rigorosi requisiti di qualit\u00e0. Una sostanziale riduzione dei costi operativi \u00e8 ottenuta grazie al risparmio di manodopera. Offriamo una stiro-soffiatrice automatica per PET a 4 cavit\u00e0, una soffiatrice automatica per bottiglie in PET a 6 cavit\u00e0 e una stiro-soffiatrice per PET a 8 cavit\u00e0 per la produzione di massa di bottiglie e vasetti in PET. Offriamo soffiatrici automatiche per PET a 4 cavit\u00e0, soffiatrici automatiche per bottiglie in PET a 6 cavit\u00e0 e soffiatrici automatiche per PET a 8 cavit\u00e0, in grado di soffiare bottiglie in forme quali contenitori per gassose, minerali, pesticidi, cosmetici, a bocca larga, riempimento a caldo e altri imballaggi. Sono in grado di soffiare bottiglie di forme quali gassate, minerali, pesticidi, cosmetici, a bocca larga, riempimento a caldo e altri contenitori da imballaggio, realizzati in plastica di tipo cristallino come PET e PP ecc.<\/p><\/div>\n\t\t\t\t<\/div>\n\t\t\t\t<\/div>\n\t\t\t\t<div class=\"elementor-element elementor-element-338bd11b elementor-button-info elementor-align-left elementor-widget elementor-widget-button\" data-id=\"338bd11b\" data-element_type=\"widget\" data-widget_type=\"button.default\">\n\t\t\t\t<div class=\"elementor-widget-container\">\n\t\t\t\t\t<div class=\"elementor-button-wrapper\">\n\t\t\t<a href=\"https:\/\/focusonpack.com\/it\/fully-automatic-pet-stretch-blow-molding-machine\/\" class=\"elementor-button-link elementor-button elementor-size-sm\" role=\"button\">\n\t\t\t\t\t\t<span class=\"elementor-button-content-wrapper\">\n\t\t\t\t\t\t<span class=\"elementor-button-text\">Visualizza i prodotti<\/span>\n\t\t<\/span>\n\t\t\t\t\t<\/a>\n\t\t<\/div>\n\t\t\t\t<\/div>\n\t\t\t\t<\/div>\n\t\t\t\t\t\t<\/div>\n\t\t\t<\/div>\n\t\t<\/div>\n\t\t\t\t\t\t<\/div>\n\t\t\t<\/div>\n\t\t<\/section>\n\t\t\t\t\t\t<\/div>\n\t\t\t<\/div>\n\t\t<\/div>","protected":false},"excerpt":{"rendered":"<p>PET Bottle Blow Molding Machin&hellip;<\/p>","protected":false},"author":1,"featured_media":0,"parent":0,"menu_order":0,"comment_status":"closed","ping_status":"closed","template":"elementor_header_footer","meta":{"footnotes":""},"class_list":["post-2369","page","type-page","status-publish","hentry","no-thumb"],"yoast_head":"<!-- This site is optimized with the Yoast SEO plugin v24.8.1 - https:\/\/yoast.com\/wordpress\/plugins\/seo\/ -->\n<title>PET Bottle Blow Molding Machine - Focus on pack<\/title>\n<meta name=\"robots\" content=\"index, follow, max-snippet:-1, max-image-preview:large, max-video-preview:-1\" \/>\n<link rel=\"canonical\" href=\"https:\/\/focusonpack.com\/it\/macchina-per-il-soffiaggio-delle-bottiglie-in-pet\/\" \/>\n<meta property=\"og:locale\" content=\"it_IT\" \/>\n<meta property=\"og:type\" content=\"article\" \/>\n<meta property=\"og:title\" content=\"PET Bottle Blow Molding Machine - Focus on pack\" \/>\n<meta property=\"og:description\" content=\"PET Bottle Blow Molding Machin&hellip;\" \/>\n<meta property=\"og:url\" content=\"https:\/\/focusonpack.com\/it\/macchina-per-il-soffiaggio-delle-bottiglie-in-pet\/\" \/>\n<meta property=\"og:site_name\" content=\"Focus on pack\" \/>\n<meta property=\"article:modified_time\" content=\"2025-03-21T07:29:56+00:00\" \/>\n<meta property=\"og:image\" content=\"https:\/\/focusonpack.com\/wp-content\/uploads\/2025\/03\/Semi-Automatic-PET-Bottle-Blowing-Machine.png\" \/>\n<meta name=\"twitter:card\" content=\"summary_large_image\" \/>\n<meta name=\"twitter:label1\" content=\"Tempo di lettura stimato\" \/>\n\t<meta name=\"twitter:data1\" content=\"1 minuto\" \/>\n<script type=\"application\/ld+json\" class=\"yoast-schema-graph\">{\"@context\":\"https:\/\/schema.org\",\"@graph\":[{\"@type\":\"WebPage\",\"@id\":\"https:\/\/focusonpack.com\/pet-bottle-blow-molding-machine\/\",\"url\":\"https:\/\/focusonpack.com\/pet-bottle-blow-molding-machine\/\",\"name\":\"PET Bottle Blow Molding Machine - Focus on pack\",\"isPartOf\":{\"@id\":\"https:\/\/focusonpack.com\/#website\"},\"primaryImageOfPage\":{\"@id\":\"https:\/\/focusonpack.com\/pet-bottle-blow-molding-machine\/#primaryimage\"},\"image\":{\"@id\":\"https:\/\/focusonpack.com\/pet-bottle-blow-molding-machine\/#primaryimage\"},\"thumbnailUrl\":\"https:\/\/focusonpack.com\/wp-content\/uploads\/2025\/03\/Semi-Automatic-PET-Bottle-Blowing-Machine.png\",\"datePublished\":\"2020-05-07T07:52:45+00:00\",\"dateModified\":\"2025-03-21T07:29:56+00:00\",\"breadcrumb\":{\"@id\":\"https:\/\/focusonpack.com\/pet-bottle-blow-molding-machine\/#breadcrumb\"},\"inLanguage\":\"it-IT\",\"potentialAction\":[{\"@type\":\"ReadAction\",\"target\":[\"https:\/\/focusonpack.com\/pet-bottle-blow-molding-machine\/\"]}]},{\"@type\":\"ImageObject\",\"inLanguage\":\"it-IT\",\"@id\":\"https:\/\/focusonpack.com\/pet-bottle-blow-molding-machine\/#primaryimage\",\"url\":\"https:\/\/focusonpack.com\/wp-content\/uploads\/2025\/03\/Semi-Automatic-PET-Bottle-Blowing-Machine.png\",\"contentUrl\":\"https:\/\/focusonpack.com\/wp-content\/uploads\/2025\/03\/Semi-Automatic-PET-Bottle-Blowing-Machine.png\"},{\"@type\":\"BreadcrumbList\",\"@id\":\"https:\/\/focusonpack.com\/pet-bottle-blow-molding-machine\/#breadcrumb\",\"itemListElement\":[{\"@type\":\"ListItem\",\"position\":1,\"name\":\"\u9996\u9875\",\"item\":\"https:\/\/focusonpack.com\/\"},{\"@type\":\"ListItem\",\"position\":2,\"name\":\"PET Bottle Blow Molding Machine\"}]},{\"@type\":\"WebSite\",\"@id\":\"https:\/\/focusonpack.com\/#website\",\"url\":\"https:\/\/focusonpack.com\/\",\"name\":\"Focus on pack\",\"description\":\"\",\"potentialAction\":[{\"@type\":\"SearchAction\",\"target\":{\"@type\":\"EntryPoint\",\"urlTemplate\":\"https:\/\/focusonpack.com\/?s={search_term_string}\"},\"query-input\":{\"@type\":\"PropertyValueSpecification\",\"valueRequired\":true,\"valueName\":\"search_term_string\"}}],\"inLanguage\":\"it-IT\"}]}<\/script>\n<!-- \/ Yoast SEO plugin. -->","yoast_head_json":{"title":"PET Bottle Blow Molding Machine - Focus on pack","robots":{"index":"index","follow":"follow","max-snippet":"max-snippet:-1","max-image-preview":"max-image-preview:large","max-video-preview":"max-video-preview:-1"},"canonical":"https:\/\/focusonpack.com\/it\/macchina-per-il-soffiaggio-delle-bottiglie-in-pet\/","og_locale":"it_IT","og_type":"article","og_title":"PET Bottle Blow Molding Machine - Focus on pack","og_description":"PET Bottle Blow Molding Machin&hellip;","og_url":"https:\/\/focusonpack.com\/it\/macchina-per-il-soffiaggio-delle-bottiglie-in-pet\/","og_site_name":"Focus on pack","article_modified_time":"2025-03-21T07:29:56+00:00","og_image":[{"url":"https:\/\/focusonpack.com\/wp-content\/uploads\/2025\/03\/Semi-Automatic-PET-Bottle-Blowing-Machine.png","type":"","width":"","height":""}],"twitter_card":"summary_large_image","twitter_misc":{"Tempo di lettura stimato":"1 minuto"},"schema":{"@context":"https:\/\/schema.org","@graph":[{"@type":"WebPage","@id":"https:\/\/focusonpack.com\/pet-bottle-blow-molding-machine\/","url":"https:\/\/focusonpack.com\/pet-bottle-blow-molding-machine\/","name":"PET Bottle Blow Molding Machine - Focus on pack","isPartOf":{"@id":"https:\/\/focusonpack.com\/#website"},"primaryImageOfPage":{"@id":"https:\/\/focusonpack.com\/pet-bottle-blow-molding-machine\/#primaryimage"},"image":{"@id":"https:\/\/focusonpack.com\/pet-bottle-blow-molding-machine\/#primaryimage"},"thumbnailUrl":"https:\/\/focusonpack.com\/wp-content\/uploads\/2025\/03\/Semi-Automatic-PET-Bottle-Blowing-Machine.png","datePublished":"2020-05-07T07:52:45+00:00","dateModified":"2025-03-21T07:29:56+00:00","breadcrumb":{"@id":"https:\/\/focusonpack.com\/pet-bottle-blow-molding-machine\/#breadcrumb"},"inLanguage":"it-IT","potentialAction":[{"@type":"ReadAction","target":["https:\/\/focusonpack.com\/pet-bottle-blow-molding-machine\/"]}]},{"@type":"ImageObject","inLanguage":"it-IT","@id":"https:\/\/focusonpack.com\/pet-bottle-blow-molding-machine\/#primaryimage","url":"https:\/\/focusonpack.com\/wp-content\/uploads\/2025\/03\/Semi-Automatic-PET-Bottle-Blowing-Machine.png","contentUrl":"https:\/\/focusonpack.com\/wp-content\/uploads\/2025\/03\/Semi-Automatic-PET-Bottle-Blowing-Machine.png"},{"@type":"BreadcrumbList","@id":"https:\/\/focusonpack.com\/pet-bottle-blow-molding-machine\/#breadcrumb","itemListElement":[{"@type":"ListItem","position":1,"name":"\u9996\u9875","item":"https:\/\/focusonpack.com\/"},{"@type":"ListItem","position":2,"name":"PET Bottle Blow Molding Machine"}]},{"@type":"WebSite","@id":"https:\/\/focusonpack.com\/#website","url":"https:\/\/focusonpack.com\/","name":"Focus on pack","description":"","potentialAction":[{"@type":"SearchAction","target":{"@type":"EntryPoint","urlTemplate":"https:\/\/focusonpack.com\/?s={search_term_string}"},"query-input":{"@type":"PropertyValueSpecification","valueRequired":true,"valueName":"search_term_string"}}],"inLanguage":"it-IT"}]}},"_links":{"self":[{"href":"https:\/\/focusonpack.com\/it\/wp-json\/wp\/v2\/pages\/2369","targetHints":{"allow":["GET"]}}],"collection":[{"href":"https:\/\/focusonpack.com\/it\/wp-json\/wp\/v2\/pages"}],"about":[{"href":"https:\/\/focusonpack.com\/it\/wp-json\/wp\/v2\/types\/page"}],"author":[{"embeddable":true,"href":"https:\/\/focusonpack.com\/it\/wp-json\/wp\/v2\/users\/1"}],"replies":[{"embeddable":true,"href":"https:\/\/focusonpack.com\/it\/wp-json\/wp\/v2\/comments?post=2369"}],"version-history":[{"count":11,"href":"https:\/\/focusonpack.com\/it\/wp-json\/wp\/v2\/pages\/2369\/revisions"}],"predecessor-version":[{"id":4533,"href":"https:\/\/focusonpack.com\/it\/wp-json\/wp\/v2\/pages\/2369\/revisions\/4533"}],"wp:attachment":[{"href":"https:\/\/focusonpack.com\/it\/wp-json\/wp\/v2\/media?parent=2369"}],"curies":[{"name":"wp","href":"https:\/\/api.w.org\/{rel}","templated":true}]}}