{"id":2393,"date":"2020-05-07T16:21:45","date_gmt":"2020-05-07T08:21:45","guid":{"rendered":"https:\/\/focusonpack.com\/?page_id=2393"},"modified":"2023-08-15T14:46:48","modified_gmt":"2023-08-15T06:46:48","slug":"about-us-2","status":"publish","type":"page","link":"https:\/\/focusonpack.com\/it\/su-di-noi-2\/","title":{"rendered":"Chi siamo"},"content":{"rendered":"<div data-elementor-type=\"wp-page\" data-elementor-id=\"2393\" class=\"elementor elementor-2393\" data-elementor-settings=\"[]\">\n\t\t\t<div class=\"elementor-inner\">\n\t\t\t\t<div class=\"elementor-section-wrap\">\n\t\t\t\t\t\t\t<section class=\"elementor-element elementor-element-01f1a6a elementor-section-boxed elementor-section-height-default elementor-section-height-default elementor-section elementor-top-section\" data-id=\"01f1a6a\" data-element_type=\"section\">\n\t\t\t\t\t\t<div class=\"elementor-container elementor-column-gap-default\">\n\t\t\t\t<div class=\"elementor-row\">\n\t\t\t\t<div class=\"elementor-element elementor-element-c1fdfda elementor-column elementor-col-100 elementor-top-column\" data-id=\"c1fdfda\" data-element_type=\"column\">\n\t\t\t<div class=\"elementor-column-wrap  elementor-element-populated\">\n\t\t\t\t\t<div class=\"elementor-widget-wrap\">\n\t\t\t\t<div class=\"elementor-element elementor-element-c081f60 elementor-widget elementor-widget-heading\" data-id=\"c081f60\" data-element_type=\"widget\" data-widget_type=\"heading.default\">\n\t\t\t\t<div class=\"elementor-widget-container\">\n\t\t\t<h4 class=\"elementor-heading-title elementor-size-default\">Un'azienda leader nello sviluppo e nella produzione di soluzioni complete di riempimento e confezionamento chiavi in mano<\/h4>\t\t<\/div>\n\t\t\t\t<\/div>\n\t\t\t\t<div class=\"elementor-element elementor-element-a4e33b5 elementor-widget elementor-widget-text-editor\" data-id=\"a4e33b5\" data-element_type=\"widget\" data-widget_type=\"text-editor.default\">\n\t\t\t\t<div class=\"elementor-widget-container\">\n\t\t\t\t\t<div class=\"elementor-text-editor elementor-clearfix\"><p>Wenzhou Bowei Import and Export Co. Ltd \u00e8 uno dei maggiori produttori di macchine per il riempimento e il confezionamento nella progettazione e nella fornitura in Cina. \u00c8 uno sviluppatore e produttore leader di soluzioni complete chiavi in mano per il confezionamento di prodotti liquidi e secchi, con progettazione, produzione, installazione e formazione. \u00c8 un'azienda leader nello sviluppo e nella produzione di soluzioni complete chiavi in mano per il confezionamento di prodotti liquidi e secchi, con progettazione, produzione, installazione e formazione. Il team di ingegneri professionisti progetter\u00e0 e produrr\u00e0 le macchine in base alle caratteristiche specifiche del prodotto, al budget e ad altri fattori. Tutte le macchine sono prodotte in uno stabilimento certificato ISO o CE. sono prodotte in uno stabilimento certificato ISO o CE per garantire il rispetto degli standard pi\u00f9 elevati del settore.<\/p><\/div>\n\t\t\t\t<\/div>\n\t\t\t\t<\/div>\n\t\t\t\t<div class=\"elementor-element elementor-element-1f8cf80 elementor-widget elementor-widget-text-editor\" data-id=\"1f8cf80\" data-element_type=\"widget\" data-widget_type=\"text-editor.default\">\n\t\t\t\t<div class=\"elementor-widget-container\">\n\t\t\t\t\t<div class=\"elementor-text-editor elementor-clearfix\"><p>Offriamo una variet\u00e0 di macchine di riempimento, tra cui tappatrici monoblocco a risciacquo, riempitrici a pistone, riempitrici a umido in rete, riempitrici corrosive, riempitrici a gravit\u00e0, tappatrici monoblocco a tappo, tappatrici, tra cui tappatrici semiautomatiche. riempitrici corrosive, riempitrici a gravit\u00e0, tappatrici a tappo monoblocco, tappatrici, incluse tappatrici semiautomatiche, tappatrici automatiche a mandrino in linea e tappatrici rotative, etichettatrici, incluse tappatrici, tappatrici automatiche a mandrino in linea e tappatrici rotative. macchine tappatrici, tappatrici automatiche a fuso in linea e tappatrici rotative, macchine etichettatrici, comprese le etichettatrici per maniche termoretraibili e le etichettatrici etichettatrici autoadesive, macchine per il soffiaggio del PET, macchine per la termoretrazione, sistemi di trattamento dell'acqua e di osmosi inversa.<\/p><\/div>\n\t\t\t\t<\/div>\n\t\t\t\t<\/div>\n\t\t\t\t\t\t<\/div>\n\t\t\t<\/div>\n\t\t<\/div>\n\t\t\t\t\t\t<\/div>\n\t\t\t<\/div>\n\t\t<\/section>\n\t\t\t\t<section class=\"elementor-element elementor-element-ea8e549 elementor-section-boxed elementor-section-height-default elementor-section-height-default elementor-section elementor-top-section\" data-id=\"ea8e549\" data-element_type=\"section\">\n\t\t\t\t\t\t<div class=\"elementor-container elementor-column-gap-default\">\n\t\t\t\t<div class=\"elementor-row\">\n\t\t\t\t<div class=\"elementor-element elementor-element-742b4a0 elementor-column elementor-col-100 elementor-top-column\" data-id=\"742b4a0\" data-element_type=\"column\">\n\t\t\t<div class=\"elementor-column-wrap  elementor-element-populated\">\n\t\t\t\t\t<div class=\"elementor-widget-wrap\">\n\t\t\t\t<div class=\"elementor-element elementor-element-0bad332 elementor-widget elementor-widget-heading\" data-id=\"0bad332\" data-element_type=\"widget\" data-widget_type=\"heading.default\">\n\t\t\t\t<div class=\"elementor-widget-container\">\n\t\t\t<h4 class=\"elementor-heading-title elementor-size-default\">Forniamo attrezzature di riempimento e confezionamento in un'unica soluzione per la progettazione, la produzione, l'installazione e la formazione.<\/h4>\t\t<\/div>\n\t\t\t\t<\/div>\n\t\t\t\t<div class=\"elementor-element elementor-element-74198e1 elementor-widget elementor-widget-text-editor\" data-id=\"74198e1\" data-element_type=\"widget\" data-widget_type=\"text-editor.default\">\n\t\t\t\t<div class=\"elementor-widget-container\">\n\t\t\t\t\t<div class=\"elementor-text-editor elementor-clearfix\"><p>Vi forniamo attrezzature di riempimento e confezionamento accurate, affidabili e ben funzionanti per raggiungere i vostri obiettivi. Le macchine di riempimento forniscono un preciso dosaggio di liquidi a flusso libero o ad alta viscosit\u00e0 in diversi tipi di contenitori. riempimento preciso di liquidi a flusso libero o ad alta viscosit\u00e0 in diversi tipi di contenitori, le tappatrici posizionano e serrano i tappi su diversi contenitori, le etichettatrici a manica termoretraibile applicano e termoretraggono le etichette sui contenitori per decorare i vostri contenitori. Le tappatrici posizionano e stringono i tappi su diversi contenitori, le etichettatrici a manica termoretraibile applicano e restringono le etichette ai contenitori per decorare i vostri prodotti, le etichettatrici adesive posizionano e fissano le etichette sui vostri prodotti. etichettatrici posizionano e fissano con precisione le etichette sui vostri contenitori, le confezionatrici di bottiglie termoretraibili le impacchettano e le restringono in diverse configurazioni per<\/p><\/div>\n\t\t\t\t<\/div>\n\t\t\t\t<\/div>\n\t\t\t\t<div class=\"elementor-element elementor-element-acf6e7a elementor-widget elementor-widget-text-editor\" data-id=\"acf6e7a\" data-element_type=\"widget\" data-widget_type=\"text-editor.default\">\n\t\t\t\t<div class=\"elementor-widget-container\">\n\t\t\t\t\t<div class=\"elementor-text-editor elementor-clearfix\"><p>La linea di riempimento e confezionamento di liquidi \u00e8 composta da riempitrici, tappatrici, etichettatrici, codificatori a getto d'inchiostro, confezionatrici termoretraibili, disincrostatrici di bottiglie, trattamento dell'acqua e osmosi inversa, soffiatrici per PET. Macchine per il riempimento di bottiglie, trattamento dell'acqua e osmosi inversa, macchine per il soffiaggio di PET. che possono riempire liquidi da sottili a spessi in contenitori di plastica o di vetro a bassa velocit\u00e0 e con un budget ridotto per le aziende in fase di avviamento o a media e alta velocit\u00e0 che desiderano Disponiamo di macchine monoblocco per il lavaggio e la tappatura di bevande, riempitrici a pistone per liquidi densi, riempitrici a gravit\u00e0 per liquidi sottili, riempitrici a peso netto e altre macchine di riempimento. per liquidi sottili, riempitrici a peso netto per liquidi a medio e alto valore di produzione, riempitrici per liquidi corrosivi; Tappatrici per tappi a vite, R Tappatori per tappi a vite, tappi ROPP, tappi a corona, tappi a pressione, tappi a pompa, ecc. Etichettatrici adesive per etichette adesive; macchine per il soffiaggio del PET, comprese le macchine semiautomatiche per il soffiaggio del PET per le aziende in fase di avviamento, macchine automatiche per il soffiaggio del PET. Macchine per il soffiaggio del PET, tra cui soffiatrici semiautomatiche per aziende in fase di avviamento, macchine automatiche per il soffiaggio del PET per produzioni a media e alta velocit\u00e0; Macchine per la termoretrazione, tra cui termoretraibili semiautomatiche per piccole aziende, macchine per la termoretrazione di tipo L, macchine per la termoretrazione di tipo L. Macchine per la termoretrazione, tra cui fardellatrice semiautomatica per piccola scala, fardellatrice a L per media scala e fardellatrice in linea per alta velocit\u00e0; sistemi di trattamento dell'acqua e osmosi inversa per il trattamento dell'acqua grezza da purificare. acqua per uso potabile, alimentare, farmaceutico, cosmetico, ecc.<\/p><\/div>\n\t\t\t\t<\/div>\n\t\t\t\t<\/div>\n\t\t\t\t\t\t<\/div>\n\t\t\t<\/div>\n\t\t<\/div>\n\t\t\t\t\t\t<\/div>\n\t\t\t<\/div>\n\t\t<\/section>\n\t\t\t\t<section class=\"elementor-element elementor-element-6099887 elementor-section-boxed elementor-section-height-default elementor-section-height-default elementor-section elementor-top-section\" data-id=\"6099887\" data-element_type=\"section\">\n\t\t\t\t\t\t<div class=\"elementor-container elementor-column-gap-default\">\n\t\t\t\t<div class=\"elementor-row\">\n\t\t\t\t<div class=\"elementor-element elementor-element-72d53ed elementor-column elementor-col-100 elementor-top-column\" data-id=\"72d53ed\" data-element_type=\"column\">\n\t\t\t<div class=\"elementor-column-wrap  elementor-element-populated\">\n\t\t\t\t\t<div class=\"elementor-widget-wrap\">\n\t\t\t\t<div class=\"elementor-element elementor-element-0321562 elementor-widget elementor-widget-heading\" data-id=\"0321562\" data-element_type=\"widget\" data-widget_type=\"heading.default\">\n\t\t\t\t<div class=\"elementor-widget-container\">\n\t\t\t<h4 class=\"elementor-heading-title elementor-size-default\">Le nostre macchine per il riempimento e il confezionamento sono ampiamente utilizzate nei settori seguenti<\/h4>\t\t<\/div>\n\t\t\t\t<\/div>\n\t\t\t\t<div class=\"elementor-element elementor-element-31dcf88 elementor-widget elementor-widget-text-editor\" data-id=\"31dcf88\" data-element_type=\"widget\" data-widget_type=\"text-editor.default\">\n\t\t\t\t<div class=\"elementor-widget-container\">\n\t\t\t\t\t<div class=\"elementor-text-editor elementor-clearfix\"><p>Le nostre macchine per il riempimento e il confezionamento sono ampiamente utilizzate per bevande, alimenti, prodotti per la casa, prodotti per la cura personale, prodotti farmaceutici e biomedici, prodotti chimici, ecc. Le nostre macchine per il riempimento e l'imballaggio sono ampiamente utilizzate in bevande, alimenti, prodotti per la casa, prodotti per la cura personale, prodotti farmaceutici e biomedici, prodotti chimici ecc. Dipende da molti fattori, tra cui i caratteri del liquido, la forma e le dimensioni del contenitore, la geometria e le dimensioni del tappo, la velocit\u00e0, ecc. Le macchine di riempimento monoblocco sono progettate per acqua, bibite gassate, succhi di frutta, bevande, t\u00e8, latte e yogurt. La macchina di riempimento a gravit\u00e0 \u00e8 adatta per liquidi sottili a flusso libero, mentre la macchina di riempimento a pistone \u00e8 ideale per liquidi densi e non \u00e8 progettata per essere utilizzata con l'acqua. La macchina di riempimento a pistone \u00e8 ideale per liquidi densi con o senza particolato, la macchina di riempimento a peso netto \u00e8 progettata per liquidi di media e alta produzione. La macchina di riempimento per liquidi corrosivi \u00e8 appositamente progettata per il riempimento di liquidi corrosivi, la macchina monoblocco per tappi di riempimento \u00e8 la soluzione ideale per il riempimento di liquidi corrosivi. Potete cliccare su uno dei link che meglio descrivono il settore in cui operate.<\/p><\/div>\n\t\t\t\t<\/div>\n\t\t\t\t<\/div>\n\t\t\t\t\t\t<\/div>\n\t\t\t<\/div>\n\t\t<\/div>\n\t\t\t\t\t\t<\/div>\n\t\t\t<\/div>\n\t\t<\/section>\n\t\t\t\t<section class=\"elementor-element elementor-element-b2f96a6 elementor-section-boxed elementor-section-height-default elementor-section-height-default elementor-section elementor-top-section\" data-id=\"b2f96a6\" data-element_type=\"section\">\n\t\t\t\t\t\t<div class=\"elementor-container elementor-column-gap-default\">\n\t\t\t\t<div class=\"elementor-row\">\n\t\t\t\t<div class=\"elementor-element elementor-element-e770ced elementor-column elementor-col-100 elementor-top-column\" data-id=\"e770ced\" data-element_type=\"column\">\n\t\t\t<div class=\"elementor-column-wrap  elementor-element-populated\">\n\t\t\t\t\t<div class=\"elementor-widget-wrap\">\n\t\t\t\t<div class=\"elementor-element elementor-element-13c8cc8 elementor-widget elementor-widget-heading\" data-id=\"13c8cc8\" data-element_type=\"widget\" data-widget_type=\"heading.default\">\n\t\t\t\t<div class=\"elementor-widget-container\">\n\t\t\t<h4 class=\"elementor-heading-title elementor-size-default\">Il nostro obiettivo<\/h4>\t\t<\/div>\n\t\t\t\t<\/div>\n\t\t\t\t<div class=\"elementor-element elementor-element-0a452ff elementor-widget elementor-widget-text-editor\" data-id=\"0a452ff\" data-element_type=\"widget\" data-widget_type=\"text-editor.default\">\n\t\t\t\t<div class=\"elementor-widget-container\">\n\t\t\t\t\t<div class=\"elementor-text-editor elementor-clearfix\"><p>Siamo qui per assistervi nell'acquisto di macchinari per l'imballaggio di qualit\u00e0. Ci impegniamo a fornire assistenza prima, durante e dopo la vendita e riteniamo che tutte le domande e i dubbi meritino una risposta rapida. Ci impegniamo a fornire assistenza prima, durante e dopo la vendita e riteniamo che tutte le domande e i dubbi meritino una risposta rapida. Il nostro obiettivo \u00e8 quello di aiutarvi ad acquistare i migliori macchinari, al miglior prezzo e con la pi\u00f9 breve data di consegna. Crediamo che per avere successo sia necessario essere in grado di commercializzare le attrezzature in modo onesto. Vorremmo crescere e svilupparci con i nostri clienti, che si tratti di startup o di grandi aziende, sempre con voi.<\/p><\/div>\n\t\t\t\t<\/div>\n\t\t\t\t<\/div>\n\t\t\t\t\t\t<\/div>\n\t\t\t<\/div>\n\t\t<\/div>\n\t\t\t\t\t\t<\/div>\n\t\t\t<\/div>\n\t\t<\/section>\n\t\t\t\t<section class=\"elementor-element elementor-element-e24fa99 elementor-section-full_width elementor-section-height-default elementor-section-height-default elementor-section elementor-top-section\" data-id=\"e24fa99\" data-element_type=\"section\">\n\t\t\t\t\t\t<div class=\"elementor-container elementor-column-gap-default\">\n\t\t\t\t<div class=\"elementor-row\">\n\t\t\t\t<div class=\"elementor-element elementor-element-d87290a elementor-column elementor-col-100 elementor-top-column\" data-id=\"d87290a\" data-element_type=\"column\">\n\t\t\t<div class=\"elementor-column-wrap  elementor-element-populated\">\n\t\t\t\t\t<div class=\"elementor-widget-wrap\">\n\t\t\t\t<div class=\"elementor-element elementor-element-7ebbec8 elementor-widget elementor-widget-image\" data-id=\"7ebbec8\" data-element_type=\"widget\" data-widget_type=\"image.default\">\n\t\t\t\t<div class=\"elementor-widget-container\">\n\t\t\t\t\t<div class=\"elementor-image\">\n\t\t\t\t\t\t\t\t\t\t<img loading=\"lazy\" decoding=\"async\" width=\"2560\" height=\"983\" src=\"https:\/\/focusonpack.com\/wp-content\/uploads\/2023\/08\/about-scaled.jpg\" class=\"attachment-full size-full\" alt=\"\" srcset=\"https:\/\/focusonpack.com\/wp-content\/uploads\/2023\/08\/about-scaled.jpg 2560w, https:\/\/focusonpack.com\/wp-content\/uploads\/2023\/08\/about-300x115.jpg 300w, https:\/\/focusonpack.com\/wp-content\/uploads\/2023\/08\/about-1024x393.jpg 1024w, https:\/\/focusonpack.com\/wp-content\/uploads\/2023\/08\/about-768x295.jpg 768w, https:\/\/focusonpack.com\/wp-content\/uploads\/2023\/08\/about-1536x590.jpg 1536w, https:\/\/focusonpack.com\/wp-content\/uploads\/2023\/08\/about-2048x786.jpg 2048w, https:\/\/focusonpack.com\/wp-content\/uploads\/2023\/08\/about-600x230.jpg 600w\" sizes=\"auto, (max-width: 2560px) 100vw, 2560px\" \/>\t\t\t\t\t\t\t\t\t\t\t<\/div>\n\t\t\t\t<\/div>\n\t\t\t\t<\/div>\n\t\t\t\t\t\t<\/div>\n\t\t\t<\/div>\n\t\t<\/div>\n\t\t\t\t\t\t<\/div>\n\t\t\t<\/div>\n\t\t<\/section>\n\t\t\t\t\t\t<\/div>\n\t\t\t<\/div>\n\t\t<\/div>","protected":false},"excerpt":{"rendered":"<p>A leading developer and manufa&hellip;<\/p>","protected":false},"author":1,"featured_media":0,"parent":0,"menu_order":0,"comment_status":"closed","ping_status":"closed","template":"elementor_header_footer","meta":{"footnotes":""},"class_list":["post-2393","page","type-page","status-publish","hentry","no-thumb"],"yoast_head":"<!-- This site is optimized with the Yoast SEO plugin v24.8.1 - https:\/\/yoast.com\/wordpress\/plugins\/seo\/ -->\n<title>About Us - Focus on pack<\/title>\n<meta name=\"robots\" content=\"index, follow, max-snippet:-1, max-image-preview:large, max-video-preview:-1\" \/>\n<link rel=\"canonical\" href=\"https:\/\/focusonpack.com\/it\/su-di-noi-2\/\" \/>\n<meta property=\"og:locale\" content=\"it_IT\" \/>\n<meta property=\"og:type\" content=\"article\" \/>\n<meta property=\"og:title\" content=\"About Us - Focus on pack\" \/>\n<meta property=\"og:description\" content=\"A leading developer and manufa&hellip;\" \/>\n<meta property=\"og:url\" content=\"https:\/\/focusonpack.com\/it\/su-di-noi-2\/\" \/>\n<meta property=\"og:site_name\" content=\"Focus on pack\" \/>\n<meta property=\"article:modified_time\" content=\"2023-08-15T06:46:48+00:00\" \/>\n<meta property=\"og:image\" content=\"https:\/\/focusonpack.com\/wp-content\/uploads\/2023\/08\/about-scaled.jpg\" \/>\n<meta name=\"twitter:card\" content=\"summary_large_image\" \/>\n<meta name=\"twitter:label1\" content=\"Tempo di lettura stimato\" \/>\n\t<meta name=\"twitter:data1\" content=\"4 minuti\" \/>\n<script type=\"application\/ld+json\" class=\"yoast-schema-graph\">{\"@context\":\"https:\/\/schema.org\",\"@graph\":[{\"@type\":\"WebPage\",\"@id\":\"https:\/\/focusonpack.com\/about-us-2\/\",\"url\":\"https:\/\/focusonpack.com\/about-us-2\/\",\"name\":\"About Us - Focus on pack\",\"isPartOf\":{\"@id\":\"https:\/\/focusonpack.com\/#website\"},\"primaryImageOfPage\":{\"@id\":\"https:\/\/focusonpack.com\/about-us-2\/#primaryimage\"},\"image\":{\"@id\":\"https:\/\/focusonpack.com\/about-us-2\/#primaryimage\"},\"thumbnailUrl\":\"https:\/\/focusonpack.com\/wp-content\/uploads\/2023\/08\/about-scaled.jpg\",\"datePublished\":\"2020-05-07T08:21:45+00:00\",\"dateModified\":\"2023-08-15T06:46:48+00:00\",\"breadcrumb\":{\"@id\":\"https:\/\/focusonpack.com\/about-us-2\/#breadcrumb\"},\"inLanguage\":\"it-IT\",\"potentialAction\":[{\"@type\":\"ReadAction\",\"target\":[\"https:\/\/focusonpack.com\/about-us-2\/\"]}]},{\"@type\":\"ImageObject\",\"inLanguage\":\"it-IT\",\"@id\":\"https:\/\/focusonpack.com\/about-us-2\/#primaryimage\",\"url\":\"https:\/\/focusonpack.com\/wp-content\/uploads\/2023\/08\/about-scaled.jpg\",\"contentUrl\":\"https:\/\/focusonpack.com\/wp-content\/uploads\/2023\/08\/about-scaled.jpg\"},{\"@type\":\"BreadcrumbList\",\"@id\":\"https:\/\/focusonpack.com\/about-us-2\/#breadcrumb\",\"itemListElement\":[{\"@type\":\"ListItem\",\"position\":1,\"name\":\"\u9996\u9875\",\"item\":\"https:\/\/focusonpack.com\/\"},{\"@type\":\"ListItem\",\"position\":2,\"name\":\"About Us\"}]},{\"@type\":\"WebSite\",\"@id\":\"https:\/\/focusonpack.com\/#website\",\"url\":\"https:\/\/focusonpack.com\/\",\"name\":\"Focus on pack\",\"description\":\"\",\"potentialAction\":[{\"@type\":\"SearchAction\",\"target\":{\"@type\":\"EntryPoint\",\"urlTemplate\":\"https:\/\/focusonpack.com\/?s={search_term_string}\"},\"query-input\":{\"@type\":\"PropertyValueSpecification\",\"valueRequired\":true,\"valueName\":\"search_term_string\"}}],\"inLanguage\":\"it-IT\"}]}<\/script>\n<!-- \/ Yoast SEO plugin. -->","yoast_head_json":{"title":"About Us - Focus on pack","robots":{"index":"index","follow":"follow","max-snippet":"max-snippet:-1","max-image-preview":"max-image-preview:large","max-video-preview":"max-video-preview:-1"},"canonical":"https:\/\/focusonpack.com\/it\/su-di-noi-2\/","og_locale":"it_IT","og_type":"article","og_title":"About Us - Focus on pack","og_description":"A leading developer and manufa&hellip;","og_url":"https:\/\/focusonpack.com\/it\/su-di-noi-2\/","og_site_name":"Focus on pack","article_modified_time":"2023-08-15T06:46:48+00:00","og_image":[{"url":"https:\/\/focusonpack.com\/wp-content\/uploads\/2023\/08\/about-scaled.jpg","type":"","width":"","height":""}],"twitter_card":"summary_large_image","twitter_misc":{"Tempo di lettura stimato":"4 minuti"},"schema":{"@context":"https:\/\/schema.org","@graph":[{"@type":"WebPage","@id":"https:\/\/focusonpack.com\/about-us-2\/","url":"https:\/\/focusonpack.com\/about-us-2\/","name":"About Us - Focus on pack","isPartOf":{"@id":"https:\/\/focusonpack.com\/#website"},"primaryImageOfPage":{"@id":"https:\/\/focusonpack.com\/about-us-2\/#primaryimage"},"image":{"@id":"https:\/\/focusonpack.com\/about-us-2\/#primaryimage"},"thumbnailUrl":"https:\/\/focusonpack.com\/wp-content\/uploads\/2023\/08\/about-scaled.jpg","datePublished":"2020-05-07T08:21:45+00:00","dateModified":"2023-08-15T06:46:48+00:00","breadcrumb":{"@id":"https:\/\/focusonpack.com\/about-us-2\/#breadcrumb"},"inLanguage":"it-IT","potentialAction":[{"@type":"ReadAction","target":["https:\/\/focusonpack.com\/about-us-2\/"]}]},{"@type":"ImageObject","inLanguage":"it-IT","@id":"https:\/\/focusonpack.com\/about-us-2\/#primaryimage","url":"https:\/\/focusonpack.com\/wp-content\/uploads\/2023\/08\/about-scaled.jpg","contentUrl":"https:\/\/focusonpack.com\/wp-content\/uploads\/2023\/08\/about-scaled.jpg"},{"@type":"BreadcrumbList","@id":"https:\/\/focusonpack.com\/about-us-2\/#breadcrumb","itemListElement":[{"@type":"ListItem","position":1,"name":"\u9996\u9875","item":"https:\/\/focusonpack.com\/"},{"@type":"ListItem","position":2,"name":"About Us"}]},{"@type":"WebSite","@id":"https:\/\/focusonpack.com\/#website","url":"https:\/\/focusonpack.com\/","name":"Focus on pack","description":"","potentialAction":[{"@type":"SearchAction","target":{"@type":"EntryPoint","urlTemplate":"https:\/\/focusonpack.com\/?s={search_term_string}"},"query-input":{"@type":"PropertyValueSpecification","valueRequired":true,"valueName":"search_term_string"}}],"inLanguage":"it-IT"}]}},"_links":{"self":[{"href":"https:\/\/focusonpack.com\/it\/wp-json\/wp\/v2\/pages\/2393","targetHints":{"allow":["GET"]}}],"collection":[{"href":"https:\/\/focusonpack.com\/it\/wp-json\/wp\/v2\/pages"}],"about":[{"href":"https:\/\/focusonpack.com\/it\/wp-json\/wp\/v2\/types\/page"}],"author":[{"embeddable":true,"href":"https:\/\/focusonpack.com\/it\/wp-json\/wp\/v2\/users\/1"}],"replies":[{"embeddable":true,"href":"https:\/\/focusonpack.com\/it\/wp-json\/wp\/v2\/comments?post=2393"}],"version-history":[{"count":15,"href":"https:\/\/focusonpack.com\/it\/wp-json\/wp\/v2\/pages\/2393\/revisions"}],"predecessor-version":[{"id":4140,"href":"https:\/\/focusonpack.com\/it\/wp-json\/wp\/v2\/pages\/2393\/revisions\/4140"}],"wp:attachment":[{"href":"https:\/\/focusonpack.com\/it\/wp-json\/wp\/v2\/media?parent=2393"}],"curies":[{"name":"wp","href":"https:\/\/api.w.org\/{rel}","templated":true}]}}