{"id":2395,"date":"2020-05-07T16:21:48","date_gmt":"2020-05-07T08:21:48","guid":{"rendered":"https:\/\/focusonpack.com\/?page_id=2395"},"modified":"2020-05-08T16:28:38","modified_gmt":"2020-05-08T08:28:38","slug":"tech-support","status":"publish","type":"page","link":"https:\/\/focusonpack.com\/it\/assistenza-tecnica\/","title":{"rendered":"Assistenza tecnica"},"content":{"rendered":"<div data-elementor-type=\"wp-page\" data-elementor-id=\"2395\" class=\"elementor elementor-2395\" data-elementor-settings=\"[]\">\n\t\t\t<div class=\"elementor-inner\">\n\t\t\t\t<div class=\"elementor-section-wrap\">\n\t\t\t\t\t\t\t<section class=\"elementor-element elementor-element-e4ee45a elementor-section-boxed elementor-section-height-default elementor-section-height-default elementor-section elementor-top-section\" data-id=\"e4ee45a\" data-element_type=\"section\">\n\t\t\t\t\t\t<div class=\"elementor-container elementor-column-gap-default\">\n\t\t\t\t<div class=\"elementor-row\">\n\t\t\t\t<div class=\"elementor-element elementor-element-b036c5f elementor-column elementor-col-100 elementor-top-column\" data-id=\"b036c5f\" data-element_type=\"column\">\n\t\t\t<div class=\"elementor-column-wrap  elementor-element-populated\">\n\t\t\t\t\t<div class=\"elementor-widget-wrap\">\n\t\t\t\t<div class=\"elementor-element elementor-element-942a5f8 elementor-widget elementor-widget-heading\" data-id=\"942a5f8\" data-element_type=\"widget\" data-widget_type=\"heading.default\">\n\t\t\t\t<div class=\"elementor-widget-container\">\n\t\t\t<h2 class=\"elementor-heading-title elementor-size-default\">Come costruire un impianto di imbottigliamento dell'acqua<\/h2>\t\t<\/div>\n\t\t\t\t<\/div>\n\t\t\t\t<div class=\"elementor-element elementor-element-2474fc0 elementor-widget elementor-widget-text-editor\" data-id=\"2474fc0\" data-element_type=\"widget\" data-widget_type=\"text-editor.default\">\n\t\t\t\t<div class=\"elementor-widget-container\">\n\t\t\t\t\t<div class=\"elementor-text-editor elementor-clearfix\"><p>L'acqua dolce \u00e8 una risorsa spaventosa e importante per l'uomo nella maggior parte del mondo.<br>Questo pu\u00f2 sembrare strano, perch\u00e9 c'\u00e8 cos\u00ec tanta acqua sulla terra, 71% della terra \u00e8 acqua mentre 29% \u00e8 terra. Quasi tutta l'acqua sulla terra, pi\u00f9 del 97%, \u00e8 acqua di mare negli oceani. Quasi tutta l'acqua presente sulla Terra, pi\u00f9 del 97%, \u00e8 acqua di mare negli oceani. Il resto \u00e8 chiamato acqua dolce, perch\u00e9 non ha un alto contenuto di sale. La maggior parte dell'acqua dolce del mondo \u00e8 congelata nei grandi ghiacciai dell'Antartide e della Groenlandia. Quasi tutta l'acqua dolce disponibile per l'uso umano \u00e8 contenuta nel suolo e nella roccia sotto la superficie o nell'atmosfera terrestre. Quasi tutta l'acqua dolce disponibile per l'uomo \u00e8 contenuta nel suolo e nella roccia sotto la superficie, chiamata acqua freatica, oppure nei fiumi e nei laghi.<\/p><\/div>\n\t\t\t\t<\/div>\n\t\t\t\t<\/div>\n\t\t\t\t<div class=\"elementor-element elementor-element-0a44b2b elementor-widget elementor-widget-text-editor\" data-id=\"0a44b2b\" data-element_type=\"widget\" data-widget_type=\"text-editor.default\">\n\t\t\t\t<div class=\"elementor-widget-container\">\n\t\t\t\t\t<div class=\"elementor-text-editor elementor-clearfix\"><p>Con la crescita dell'economia, anche l'ambiente sta peggiorando. Soprattutto l'inquinamento dell'acqua \u00e8 molto grave. 20 anni fa potevamo vedere l'acqua pulita nel fiume intorno a noi e vedere i pesci che nuotavano nel fiume, mentre di notte potevamo sentire le rane gracidare nella risaia. Nel fiume intorno a noi potevamo vedere l'acqua pulita e vedere i pesci che nuotavano nel fiume 20 anni prima, potevamo sentire le rane gracidare nella risaia di notte. Tuttavia, nella maggior parte dei luoghi, non possiamo pi\u00f9 vedere nulla. Intorno a noi ci sono acqua inquinata e maleodorante, aria sporca e rumore. Nella nostra vita quotidiana, le persone usano l'acqua in molti modi: per bere, cucinare, lavarsi, lavare i denti, lavare i vestiti e i piatti. Nella nostra vita quotidiana, le persone usano l'acqua in molti modi: per bere, cucinare, fare il bagno, lavarsi i denti, lavare i vestiti, i piatti e le auto, tirare lo sciacquone del bagno, innaffiare giardini e prati e riempire le piscine.<\/p><\/div>\n\t\t\t\t<\/div>\n\t\t\t\t<\/div>\n\t\t\t\t<div class=\"elementor-element elementor-element-b9cc5be elementor-widget elementor-widget-text-editor\" data-id=\"b9cc5be\" data-element_type=\"widget\" data-widget_type=\"text-editor.default\">\n\t\t\t\t<div class=\"elementor-widget-container\">\n\t\t\t\t\t<div class=\"elementor-text-editor elementor-clearfix\"><p>L'acqua pulita \u00e8 molto importante per la salute del nostro corpo. Molte malattie si verificano a causa dell'acqua inquinata. Il nostro obiettivo \u00e8 fornire le migliori attrezzature per l'acqua Il nostro obiettivo \u00e8 quello di fornire le migliori attrezzature per l'acqua per migliorare la qualit\u00e0 della nostra vita e aiutare le persone che vogliono avviare un'attivit\u00e0 in proprio nel settore dell'acqua. Esistono molti tipi di acqua da bere in Esistono molti tipi di acqua da bere oltre all'acqua del rubinetto o comunale, l'acqua di sorgente, l'acqua minerale, l'acqua purificata e l'acqua distillata. L'acqua minerale contiene naturalmente molti minerali disciolti - ferro, calcio, solfato, potassio, ecc. e ha almeno 250 PPM (parti per parte). L'acqua minerale contiene naturalmente molti minerali disciolti - ferro, calcio, solfato, potassio, ecc. e ha almeno 250 PPM (parti per milione) di solidi totali disciolti (TDS). Per dare una prospettiva a questa affermazione, l'acqua del rubinetto ha generalmente 300-400 PPM. Acqua purificata - l'acqua pi\u00f9 pura in circolazione, l'acqua purificata si riferisce alla qualit\u00e0 dell'acqua. Esistono diversi modi per raggiungere questa qualit\u00e0, tra cui la distillazione, l'osmosi inversa, lo scambio ionico e altri ancora. Per essere classificata come purificata, l'acqua deve avere meno di 10 PPM. La nostra acqua in bottiglia viene sottoposta a un processo di purificazione in 10 fasi che rimuove il 99,9% di impurit\u00e0. 99,9% di impurit\u00e0, per cui potete essere certi di bere l'acqua pi\u00f9 pura possibile.<\/p><\/div>\n\t\t\t\t<\/div>\n\t\t\t\t<\/div>\n\t\t\t\t<div class=\"elementor-element elementor-element-76e8360 elementor-widget elementor-widget-text-editor\" data-id=\"76e8360\" data-element_type=\"widget\" data-widget_type=\"text-editor.default\">\n\t\t\t\t<div class=\"elementor-widget-container\">\n\t\t\t\t\t<div class=\"elementor-text-editor elementor-clearfix\"><p>Per costruire un impianto di imbottigliamento dell'acqua, sono necessari il pretrattamento (filtro multimediale, filtro al carbonio, addolcitore e microfiltro) e l'ultrafiltrazione per l'acqua di miniera. Sono necessari un pretrattamento (filtro multimediale, filtro al carbonio, addolcitore e microfiltro) e l'ultrafiltrazione per l'acqua minerale; il trattamento dell'acqua (filtro multimediale, filtro al carbonio, addolcitore e microfiltro) e l'osmosi inversa per l'acqua purificata; il generatore di ozono viene utilizzato per uccidere i batteri presenti nell'acqua; l'impianto di imbottigliamento di PET viene utilizzato per uccidere i batteri presenti nell'acqua Il generatore di ozono viene utilizzato per uccidere i batteri presenti nell'acqua, la macchina per il soffiaggio del PET per la produzione di bottiglie; la macchina per l'imbottigliamento dell'acqua \u00e8 progettata per riempire l'acqua in bottiglie integrando La macchina per l'imbottigliamento dell'acqua \u00e8 progettata per riempire l'acqua in bottiglie integrando il risciacquo (lavaggio), il riempimento e la tappatura in un'unica soluzione; il codificatore a getto d'inchiostro viene utilizzato per stampare la data MFG, il numero di lotto e la data EXP su bottiglie, tappi o etichette; l'etichettatura con maniche termoretraibili per applicare e restringere le etichette sulle bottiglie; la confezionatrice impacchetta e restringe l'acqua in bottiglia per il trasporto.<\/p><\/div>\n\t\t\t\t<\/div>\n\t\t\t\t<\/div>\n\t\t\t\t\t\t<\/div>\n\t\t\t<\/div>\n\t\t<\/div>\n\t\t\t\t\t\t<\/div>\n\t\t\t<\/div>\n\t\t<\/section>\n\t\t\t\t\t\t<\/div>\n\t\t\t<\/div>\n\t\t<\/div>","protected":false},"excerpt":{"rendered":"<p>How to build a water bottling &hellip;<\/p>","protected":false},"author":1,"featured_media":0,"parent":0,"menu_order":0,"comment_status":"closed","ping_status":"closed","template":"elementor_header_footer","meta":{"footnotes":""},"class_list":["post-2395","page","type-page","status-publish","hentry","no-thumb"],"yoast_head":"<!-- This site is optimized with the Yoast SEO plugin v24.8.1 - https:\/\/yoast.com\/wordpress\/plugins\/seo\/ -->\n<title>Tech Support - Focus on pack<\/title>\n<meta name=\"robots\" content=\"index, follow, max-snippet:-1, max-image-preview:large, max-video-preview:-1\" \/>\n<link rel=\"canonical\" href=\"https:\/\/focusonpack.com\/it\/assistenza-tecnica\/\" \/>\n<meta property=\"og:locale\" content=\"it_IT\" \/>\n<meta property=\"og:type\" content=\"article\" \/>\n<meta property=\"og:title\" content=\"Tech Support - Focus on pack\" \/>\n<meta property=\"og:description\" content=\"How to build a water bottling &hellip;\" \/>\n<meta property=\"og:url\" content=\"https:\/\/focusonpack.com\/it\/assistenza-tecnica\/\" \/>\n<meta property=\"og:site_name\" content=\"Focus on pack\" \/>\n<meta property=\"article:modified_time\" content=\"2020-05-08T08:28:38+00:00\" \/>\n<meta name=\"twitter:card\" content=\"summary_large_image\" \/>\n<meta name=\"twitter:label1\" content=\"Tempo di lettura stimato\" \/>\n\t<meta name=\"twitter:data1\" content=\"3 minuti\" \/>\n<script type=\"application\/ld+json\" class=\"yoast-schema-graph\">{\"@context\":\"https:\/\/schema.org\",\"@graph\":[{\"@type\":\"WebPage\",\"@id\":\"https:\/\/focusonpack.com\/tech-support\/\",\"url\":\"https:\/\/focusonpack.com\/tech-support\/\",\"name\":\"Tech Support - Focus on pack\",\"isPartOf\":{\"@id\":\"https:\/\/focusonpack.com\/#website\"},\"datePublished\":\"2020-05-07T08:21:48+00:00\",\"dateModified\":\"2020-05-08T08:28:38+00:00\",\"breadcrumb\":{\"@id\":\"https:\/\/focusonpack.com\/tech-support\/#breadcrumb\"},\"inLanguage\":\"it-IT\",\"potentialAction\":[{\"@type\":\"ReadAction\",\"target\":[\"https:\/\/focusonpack.com\/tech-support\/\"]}]},{\"@type\":\"BreadcrumbList\",\"@id\":\"https:\/\/focusonpack.com\/tech-support\/#breadcrumb\",\"itemListElement\":[{\"@type\":\"ListItem\",\"position\":1,\"name\":\"\u9996\u9875\",\"item\":\"https:\/\/focusonpack.com\/\"},{\"@type\":\"ListItem\",\"position\":2,\"name\":\"Tech Support\"}]},{\"@type\":\"WebSite\",\"@id\":\"https:\/\/focusonpack.com\/#website\",\"url\":\"https:\/\/focusonpack.com\/\",\"name\":\"Focus on pack\",\"description\":\"water processing line,package machine, filling machine\",\"potentialAction\":[{\"@type\":\"SearchAction\",\"target\":{\"@type\":\"EntryPoint\",\"urlTemplate\":\"https:\/\/focusonpack.com\/?s={search_term_string}\"},\"query-input\":{\"@type\":\"PropertyValueSpecification\",\"valueRequired\":true,\"valueName\":\"search_term_string\"}}],\"inLanguage\":\"it-IT\"}]}<\/script>\n<!-- \/ Yoast SEO plugin. -->","yoast_head_json":{"title":"Tech Support - Focus on pack","robots":{"index":"index","follow":"follow","max-snippet":"max-snippet:-1","max-image-preview":"max-image-preview:large","max-video-preview":"max-video-preview:-1"},"canonical":"https:\/\/focusonpack.com\/it\/assistenza-tecnica\/","og_locale":"it_IT","og_type":"article","og_title":"Tech Support - Focus on pack","og_description":"How to build a water bottling &hellip;","og_url":"https:\/\/focusonpack.com\/it\/assistenza-tecnica\/","og_site_name":"Focus on pack","article_modified_time":"2020-05-08T08:28:38+00:00","twitter_card":"summary_large_image","twitter_misc":{"Tempo di lettura stimato":"3 minuti"},"schema":{"@context":"https:\/\/schema.org","@graph":[{"@type":"WebPage","@id":"https:\/\/focusonpack.com\/tech-support\/","url":"https:\/\/focusonpack.com\/tech-support\/","name":"Tech Support - Focus on pack","isPartOf":{"@id":"https:\/\/focusonpack.com\/#website"},"datePublished":"2020-05-07T08:21:48+00:00","dateModified":"2020-05-08T08:28:38+00:00","breadcrumb":{"@id":"https:\/\/focusonpack.com\/tech-support\/#breadcrumb"},"inLanguage":"it-IT","potentialAction":[{"@type":"ReadAction","target":["https:\/\/focusonpack.com\/tech-support\/"]}]},{"@type":"BreadcrumbList","@id":"https:\/\/focusonpack.com\/tech-support\/#breadcrumb","itemListElement":[{"@type":"ListItem","position":1,"name":"\u9996\u9875","item":"https:\/\/focusonpack.com\/"},{"@type":"ListItem","position":2,"name":"Tech Support"}]},{"@type":"WebSite","@id":"https:\/\/focusonpack.com\/#website","url":"https:\/\/focusonpack.com\/","name":"Focus on pack","description":"water processing line,package machine, filling machine","potentialAction":[{"@type":"SearchAction","target":{"@type":"EntryPoint","urlTemplate":"https:\/\/focusonpack.com\/?s={search_term_string}"},"query-input":{"@type":"PropertyValueSpecification","valueRequired":true,"valueName":"search_term_string"}}],"inLanguage":"it-IT"}]}},"_links":{"self":[{"href":"https:\/\/focusonpack.com\/it\/wp-json\/wp\/v2\/pages\/2395","targetHints":{"allow":["GET"]}}],"collection":[{"href":"https:\/\/focusonpack.com\/it\/wp-json\/wp\/v2\/pages"}],"about":[{"href":"https:\/\/focusonpack.com\/it\/wp-json\/wp\/v2\/types\/page"}],"author":[{"embeddable":true,"href":"https:\/\/focusonpack.com\/it\/wp-json\/wp\/v2\/users\/1"}],"replies":[{"embeddable":true,"href":"https:\/\/focusonpack.com\/it\/wp-json\/wp\/v2\/comments?post=2395"}],"version-history":[{"count":6,"href":"https:\/\/focusonpack.com\/it\/wp-json\/wp\/v2\/pages\/2395\/revisions"}],"predecessor-version":[{"id":2662,"href":"https:\/\/focusonpack.com\/it\/wp-json\/wp\/v2\/pages\/2395\/revisions\/2662"}],"wp:attachment":[{"href":"https:\/\/focusonpack.com\/it\/wp-json\/wp\/v2\/media?parent=2395"}],"curies":[{"name":"wp","href":"https:\/\/api.w.org\/{rel}","templated":true}]}}