{"id":2528,"date":"2020-05-08T10:50:02","date_gmt":"2020-05-08T02:50:02","guid":{"rendered":"https:\/\/focusonpack.com\/?page_id=2528"},"modified":"2020-05-18T14:08:06","modified_gmt":"2020-05-18T06:08:06","slug":"monoblock-fill-plug-cap-machines","status":"publish","type":"page","link":"https:\/\/focusonpack.com\/it\/macchine-con-tappo-di-riempimento-monoblocco\/","title":{"rendered":"Macchine con tappo di riempimento monoblocco"},"content":{"rendered":"<div data-elementor-type=\"wp-page\" data-elementor-id=\"2528\" class=\"elementor elementor-2528\" data-elementor-settings=\"[]\">\n\t\t\t<div class=\"elementor-inner\">\n\t\t\t\t<div class=\"elementor-section-wrap\">\n\t\t\t\t\t\t\t<section class=\"elementor-element elementor-element-5ae99209 elementor-section-boxed elementor-section-height-default elementor-section-height-default elementor-section elementor-top-section\" data-id=\"5ae99209\" data-element_type=\"section\">\n\t\t\t\t\t\t<div class=\"elementor-container elementor-column-gap-default\">\n\t\t\t\t<div class=\"elementor-row\">\n\t\t\t\t<div class=\"elementor-element elementor-element-c294b29 elementor-column elementor-col-100 elementor-top-column\" data-id=\"c294b29\" data-element_type=\"column\">\n\t\t\t<div class=\"elementor-column-wrap  elementor-element-populated\">\n\t\t\t\t\t<div class=\"elementor-widget-wrap\">\n\t\t\t\t<div class=\"elementor-element elementor-element-259411b7 elementor-widget elementor-widget-heading\" data-id=\"259411b7\" data-element_type=\"widget\" data-widget_type=\"heading.default\">\n\t\t\t\t<div class=\"elementor-widget-container\">\n\t\t\t<h3 class=\"elementor-heading-title elementor-size-default\">Macchina per tappi di riempimento monoblocco<\/h3>\t\t<\/div>\n\t\t\t\t<\/div>\n\t\t\t\t<div class=\"elementor-element elementor-element-5df0ef88 elementor-widget elementor-widget-text-editor\" data-id=\"5df0ef88\" data-element_type=\"widget\" data-widget_type=\"text-editor.default\">\n\t\t\t\t<div class=\"elementor-widget-container\">\n\t\t\t\t\t<div class=\"elementor-text-editor elementor-clearfix\"><p>Le macchine monoblocco rotative e lineari per il riempimento di tappi sono ideali per bottiglie e contenitori di piccole dimensioni o con l'utilizzo di un sistema a disco che integra il riempimento e\/o l'inserimento di tappi\/tappi e\/o il serraggio o la crimpatura. riempimento e\/o posizionamento di tappi\/tappi e\/o serraggio o crimpatura di tappi, una scelta di riempimento pu\u00f2 essere una macchina di riempimento a pistone o una macchina di riempimento a pompa peristaltica, le opzioni di smistamento includono una vasca centrifuga o una pompa vibrante, e una scelta di macchine di riempimento. Per il riempimento si pu\u00f2 scegliere tra una riempitrice a pistone o una riempitrice a pompa peristaltica, mentre le opzioni di selezione includono una vasca centrifuga o un sistema vibrante per i tappi.<\/p><p>Raccomandare i prodotti\u00a0<\/p><p>Gocce oculari, Liquido elettronico, Sigaretta elettronica, Fumo elettronico, Profumo, Preparati farmaceutici, Fragranze, Oli essenziali, Reagenti, Inchiostri, Coloranti e Specialit\u00e0 Liquido elettronico<\/p><\/div>\n\t\t\t\t<\/div>\n\t\t\t\t<\/div>\n\t\t\t\t\t\t<\/div>\n\t\t\t<\/div>\n\t\t<\/div>\n\t\t\t\t\t\t<\/div>\n\t\t\t<\/div>\n\t\t<\/section>\n\t\t\t\t<section class=\"elementor-element elementor-element-78cd42f2 elementor-section-boxed elementor-section-height-default elementor-section-height-default elementor-section elementor-top-section\" data-id=\"78cd42f2\" data-element_type=\"section\">\n\t\t\t\t\t\t<div class=\"elementor-container elementor-column-gap-default\">\n\t\t\t\t<div class=\"elementor-row\">\n\t\t\t\t<div class=\"elementor-element elementor-element-6a0fe075 elementor-column elementor-col-100 elementor-top-column\" data-id=\"6a0fe075\" data-element_type=\"column\">\n\t\t\t<div class=\"elementor-column-wrap  elementor-element-populated\">\n\t\t\t\t\t<div class=\"elementor-widget-wrap\">\n\t\t\t\t<div class=\"elementor-element elementor-element-57eaa15d elementor-widget elementor-widget-divider\" data-id=\"57eaa15d\" data-element_type=\"widget\" data-widget_type=\"divider.default\">\n\t\t\t\t<div class=\"elementor-widget-container\">\n\t\t\t\t\t<div class=\"elementor-divider\">\n\t\t\t<span class=\"elementor-divider-separator\">\n\t\t\t\t\t\t<\/span>\n\t\t<\/div>\n\t\t\t\t<\/div>\n\t\t\t\t<\/div>\n\t\t\t\t\t\t<\/div>\n\t\t\t<\/div>\n\t\t<\/div>\n\t\t\t\t\t\t<\/div>\n\t\t\t<\/div>\n\t\t<\/section>\n\t\t\t\t<section class=\"elementor-element elementor-element-25fcdc95 elementor-section-boxed elementor-section-height-default elementor-section-height-default elementor-section elementor-top-section\" data-id=\"25fcdc95\" data-element_type=\"section\">\n\t\t\t\t\t\t<div class=\"elementor-container elementor-column-gap-default\">\n\t\t\t\t<div class=\"elementor-row\">\n\t\t\t\t<div class=\"elementor-element elementor-element-1ba643db elementor-column elementor-col-50 elementor-top-column\" data-id=\"1ba643db\" data-element_type=\"column\">\n\t\t\t<div class=\"elementor-column-wrap  elementor-element-populated\">\n\t\t\t\t\t<div class=\"elementor-widget-wrap\">\n\t\t\t\t<div class=\"elementor-element elementor-element-24c9c8fb elementor-widget elementor-widget-image\" data-id=\"24c9c8fb\" data-element_type=\"widget\" data-widget_type=\"image.default\">\n\t\t\t\t<div class=\"elementor-widget-container\">\n\t\t\t\t\t<div class=\"elementor-image\">\n\t\t\t\t\t\t\t\t\t\t<img loading=\"lazy\" decoding=\"async\" width=\"300\" height=\"206\" src=\"https:\/\/focusonpack.com\/wp-content\/uploads\/2020\/05\/monblock5.jpg\" class=\"attachment-full size-full\" alt=\"\" \/>\t\t\t\t\t\t\t\t\t\t\t<\/div>\n\t\t\t\t<\/div>\n\t\t\t\t<\/div>\n\t\t\t\t\t\t<\/div>\n\t\t\t<\/div>\n\t\t<\/div>\n\t\t\t\t<div class=\"elementor-element elementor-element-30fe2611 elementor-column elementor-col-50 elementor-top-column\" data-id=\"30fe2611\" data-element_type=\"column\">\n\t\t\t<div class=\"elementor-column-wrap  elementor-element-populated\">\n\t\t\t\t\t<div class=\"elementor-widget-wrap\">\n\t\t\t\t<div class=\"elementor-element elementor-element-67cc7de2 elementor-widget elementor-widget-heading\" data-id=\"67cc7de2\" data-element_type=\"widget\" data-widget_type=\"heading.default\">\n\t\t\t\t<div class=\"elementor-widget-container\">\n\t\t\t<h3 class=\"elementor-heading-title elementor-size-default\">Macchina per tappi di riempimento monoblocco<\/h3>\t\t<\/div>\n\t\t\t\t<\/div>\n\t\t\t\t<div class=\"elementor-element elementor-element-7e48ba7b elementor-widget elementor-widget-text-editor\" data-id=\"7e48ba7b\" data-element_type=\"widget\" data-widget_type=\"text-editor.default\">\n\t\t\t\t<div class=\"elementor-widget-container\">\n\t\t\t\t\t<div class=\"elementor-text-editor elementor-clearfix\"><p>La macchina monoblocco per il riempimento della punta e la tappatura dei tappi pu\u00f2 essere una piattaforma multi-stazione a singola o doppia indicizzazione che pu\u00f2 essere configurata per gestire diversi contenitori. La macchina \u00e8 progettata per lavorare con contenitori free-standing o con l'utilizzo di un sistema puck. Questa macchina monoblocco multi-stazione per il riempimento della punta\/tappo pu\u00f2 essere dotata di una piattaforma a singola o doppia indicizzazione che pu\u00f2 essere configurata per gestire diversi tipi di applicazioni. Questa macchina monoblocco multi-stazione per il riempimento delle punte e la tappatura dei tappi pu\u00f2 essere dotata di una variet\u00e0 di sistemi di riempimento e dosaggio (ad esempio, riempimento volumetrico a pistone, peristaltico). Le opzioni di smistamento includono una vasca centrifuga o un sistema vibrante per punte, tappi e tappi. Le opzioni di smistamento includono una bacinella centrifuga o un sistema vibrante per puntali, tappi e cappucci. Il design a basso profilo \u00e8 facile da pulire e da mantenere per rispettare gli standard e le normative GMP. Il design a basso profilo \u00e8 facile da pulire e da mantenere per rispettare gli standard e le normative GMP. Le porte in acciaio inox sulla parte anteriore e posteriore della macchina consentono un rapido accesso ai componenti interni e ai controlli elettrici.<\/p><\/div>\n\t\t\t\t<\/div>\n\t\t\t\t<\/div>\n\t\t\t\t<div class=\"elementor-element elementor-element-2cd97c91 elementor-widget elementor-widget-button\" data-id=\"2cd97c91\" data-element_type=\"widget\" data-widget_type=\"button.default\">\n\t\t\t\t<div class=\"elementor-widget-container\">\n\t\t\t\t\t<div class=\"elementor-button-wrapper\">\n\t\t\t<a href=\"https:\/\/focusonpack.com\/it\/monoblock-fill-plug-cap-machine\/\" class=\"elementor-button-link elementor-button elementor-size-sm\" role=\"button\">\n\t\t\t\t\t\t<span class=\"elementor-button-content-wrapper\">\n\t\t\t\t\t\t<span class=\"elementor-button-text\">Dettagli sui prodotti<\/span>\n\t\t<\/span>\n\t\t\t\t\t<\/a>\n\t\t<\/div>\n\t\t\t\t<\/div>\n\t\t\t\t<\/div>\n\t\t\t\t\t\t<\/div>\n\t\t\t<\/div>\n\t\t<\/div>\n\t\t\t\t\t\t<\/div>\n\t\t\t<\/div>\n\t\t<\/section>\n\t\t\t\t<section class=\"elementor-element elementor-element-56f9a05d elementor-section-boxed elementor-section-height-default elementor-section-height-default elementor-section elementor-top-section\" data-id=\"56f9a05d\" data-element_type=\"section\">\n\t\t\t\t\t\t<div class=\"elementor-container elementor-column-gap-default\">\n\t\t\t\t<div class=\"elementor-row\">\n\t\t\t\t<div class=\"elementor-element elementor-element-6dc0b0a3 elementor-column elementor-col-100 elementor-top-column\" data-id=\"6dc0b0a3\" data-element_type=\"column\">\n\t\t\t<div class=\"elementor-column-wrap  elementor-element-populated\">\n\t\t\t\t\t<div class=\"elementor-widget-wrap\">\n\t\t\t\t<div class=\"elementor-element elementor-element-3691cc00 elementor-widget elementor-widget-divider\" data-id=\"3691cc00\" data-element_type=\"widget\" data-widget_type=\"divider.default\">\n\t\t\t\t<div class=\"elementor-widget-container\">\n\t\t\t\t\t<div class=\"elementor-divider\">\n\t\t\t<span class=\"elementor-divider-separator\">\n\t\t\t\t\t\t<\/span>\n\t\t<\/div>\n\t\t\t\t<\/div>\n\t\t\t\t<\/div>\n\t\t\t\t\t\t<\/div>\n\t\t\t<\/div>\n\t\t<\/div>\n\t\t\t\t\t\t<\/div>\n\t\t\t<\/div>\n\t\t<\/section>\n\t\t\t\t<section class=\"elementor-element elementor-element-48ce094e elementor-section-boxed elementor-section-height-default elementor-section-height-default elementor-section elementor-top-section\" data-id=\"48ce094e\" data-element_type=\"section\">\n\t\t\t\t\t\t<div class=\"elementor-container elementor-column-gap-default\">\n\t\t\t\t<div class=\"elementor-row\">\n\t\t\t\t<div class=\"elementor-element elementor-element-5cdcf451 elementor-column elementor-col-50 elementor-top-column\" data-id=\"5cdcf451\" data-element_type=\"column\">\n\t\t\t<div class=\"elementor-column-wrap  elementor-element-populated\">\n\t\t\t\t\t<div class=\"elementor-widget-wrap\">\n\t\t\t\t<div class=\"elementor-element elementor-element-43675f49 elementor-widget elementor-widget-image\" data-id=\"43675f49\" data-element_type=\"widget\" data-widget_type=\"image.default\">\n\t\t\t\t<div class=\"elementor-widget-container\">\n\t\t\t\t\t<div class=\"elementor-image\">\n\t\t\t\t\t\t\t\t\t\t<img loading=\"lazy\" decoding=\"async\" width=\"300\" height=\"201\" src=\"https:\/\/focusonpack.com\/wp-content\/uploads\/2020\/05\/monblock6.jpg\" class=\"attachment-full size-full\" alt=\"\" srcset=\"https:\/\/focusonpack.com\/wp-content\/uploads\/2020\/05\/monblock6.jpg 300w, https:\/\/focusonpack.com\/wp-content\/uploads\/2020\/05\/monblock6-270x180.jpg 270w\" sizes=\"auto, (max-width: 300px) 100vw, 300px\" \/>\t\t\t\t\t\t\t\t\t\t\t<\/div>\n\t\t\t\t<\/div>\n\t\t\t\t<\/div>\n\t\t\t\t\t\t<\/div>\n\t\t\t<\/div>\n\t\t<\/div>\n\t\t\t\t<div class=\"elementor-element elementor-element-5593a43c elementor-column elementor-col-50 elementor-top-column\" data-id=\"5593a43c\" data-element_type=\"column\">\n\t\t\t<div class=\"elementor-column-wrap  elementor-element-populated\">\n\t\t\t\t\t<div class=\"elementor-widget-wrap\">\n\t\t\t\t<div class=\"elementor-element elementor-element-7338d17 elementor-widget elementor-widget-heading\" data-id=\"7338d17\" data-element_type=\"widget\" data-widget_type=\"heading.default\">\n\t\t\t\t<div class=\"elementor-widget-container\">\n\t\t\t<h3 class=\"elementor-heading-title elementor-size-default\">Macchina tappatrice lineare automatica di riempimento e di riempimento<\/h3>\t\t<\/div>\n\t\t\t\t<\/div>\n\t\t\t\t<div class=\"elementor-element elementor-element-7d3eb965 elementor-widget elementor-widget-text-editor\" data-id=\"7d3eb965\" data-element_type=\"widget\" data-widget_type=\"text-editor.default\">\n\t\t\t\t<div class=\"elementor-widget-container\">\n\t\t\t\t\t<div class=\"elementor-text-editor elementor-clearfix\"><p>La tappatrice automatica a riempimento lineare \u00e8 ideale per bottiglie e contenitori di piccole dimensioni, pu\u00f2 essere dotata di un sistema di riempimento a singolo indice o a doppio indice. Pu\u00f2 essere equipaggiata con un sistema di riempimento a singolo indice o a doppio indice con una variet\u00e0 di sistemi di riempimento e dosaggio (ad esempio, riempimento a pistone vometrico, riempimento con pompa peristaltica o riempimento a gravit\u00e0), entrambe le versioni possono ospitare un'operazione di riempimento singola, doppia o a tre fasi. una scelta di stazione di riempimento e\/o tappatura, soluzione di serraggio e\/o crimpatura. Le opzioni di smistamento includono una vasca centrifuga o un sistema vibrante per punte, tappi e cappucci. Questa riempitrice tappatrice \u00e8 realizzata con un telaio in acciaio inox 304, acciaio inox alimentare e plastica per operazioni o uso sanitario, componenti in alluminio anodizzato, oltre a molte altre caratteristiche disponibili con trasportatore motorizzato e plastica per l'uso nella tappatrice. Caratteristiche disponibili con trasportatore motorizzato e pacchetto di indicizzazione per la movimentazione e il posizionamento integrato dei contenitori, funzione No Container\/No Fill (nessun contenitore\/riempimento) La funzione No Container\/No Fill rileva i contenitori mancanti o mal posizionati per evitare sprechi e fuoriuscite di prodotto. Viene fornita di serie con controllo PLC e HMI touch screen che assicurano La macchina \u00e8 dotata di serie di controllo PLC e HMI touch screen che assicurano un controllo affidabile e ripetibile con un intervento minimo da parte dell'operatore.<\/p><\/div>\n\t\t\t\t<\/div>\n\t\t\t\t<\/div>\n\t\t\t\t<div class=\"elementor-element elementor-element-784071af elementor-widget elementor-widget-button\" data-id=\"784071af\" data-element_type=\"widget\" data-widget_type=\"button.default\">\n\t\t\t\t<div class=\"elementor-widget-container\">\n\t\t\t\t\t<div class=\"elementor-button-wrapper\">\n\t\t\t<a href=\"#\" class=\"elementor-button-link elementor-button elementor-size-sm\" role=\"button\">\n\t\t\t\t\t\t<span class=\"elementor-button-content-wrapper\">\n\t\t\t\t\t\t<span class=\"elementor-button-text\">Dettagli sui prodotti<\/span>\n\t\t<\/span>\n\t\t\t\t\t<\/a>\n\t\t<\/div>\n\t\t\t\t<\/div>\n\t\t\t\t<\/div>\n\t\t\t\t\t\t<\/div>\n\t\t\t<\/div>\n\t\t<\/div>\n\t\t\t\t\t\t<\/div>\n\t\t\t<\/div>\n\t\t<\/section>\n\t\t\t\t\t\t<\/div>\n\t\t\t<\/div>\n\t\t<\/div>","protected":false},"excerpt":{"rendered":"<p>Monoblock Fill Plug Cap Machin&hellip;<\/p>","protected":false},"author":1,"featured_media":0,"parent":0,"menu_order":0,"comment_status":"closed","ping_status":"closed","template":"elementor_header_footer","meta":{"footnotes":""},"class_list":["post-2528","page","type-page","status-publish","hentry","no-thumb"],"yoast_head":"<!-- This site is optimized with the Yoast SEO plugin v24.8.1 - https:\/\/yoast.com\/wordpress\/plugins\/seo\/ -->\n<title>Monoblock Fill Plug Cap Machines - Focus on pack<\/title>\n<meta name=\"robots\" content=\"index, follow, max-snippet:-1, max-image-preview:large, max-video-preview:-1\" \/>\n<link rel=\"canonical\" href=\"https:\/\/focusonpack.com\/it\/macchine-con-tappo-di-riempimento-monoblocco\/\" \/>\n<meta property=\"og:locale\" content=\"it_IT\" \/>\n<meta property=\"og:type\" content=\"article\" \/>\n<meta property=\"og:title\" content=\"Monoblock Fill Plug Cap Machines - Focus on pack\" \/>\n<meta property=\"og:description\" content=\"Monoblock Fill Plug Cap Machin&hellip;\" \/>\n<meta property=\"og:url\" content=\"https:\/\/focusonpack.com\/it\/macchine-con-tappo-di-riempimento-monoblocco\/\" \/>\n<meta property=\"og:site_name\" content=\"Focus on pack\" \/>\n<meta property=\"article:modified_time\" content=\"2020-05-18T06:08:06+00:00\" \/>\n<meta property=\"og:image\" content=\"https:\/\/focusonpack.com\/wp-content\/uploads\/2020\/05\/monblock5.jpg\" \/>\n<meta name=\"twitter:card\" content=\"summary_large_image\" \/>\n<meta name=\"twitter:label1\" content=\"Tempo di lettura stimato\" \/>\n\t<meta name=\"twitter:data1\" content=\"2 minuti\" \/>\n<script type=\"application\/ld+json\" class=\"yoast-schema-graph\">{\"@context\":\"https:\/\/schema.org\",\"@graph\":[{\"@type\":\"WebPage\",\"@id\":\"https:\/\/focusonpack.com\/monoblock-fill-plug-cap-machines\/\",\"url\":\"https:\/\/focusonpack.com\/monoblock-fill-plug-cap-machines\/\",\"name\":\"Monoblock Fill Plug Cap Machines - Focus on pack\",\"isPartOf\":{\"@id\":\"https:\/\/focusonpack.com\/#website\"},\"primaryImageOfPage\":{\"@id\":\"https:\/\/focusonpack.com\/monoblock-fill-plug-cap-machines\/#primaryimage\"},\"image\":{\"@id\":\"https:\/\/focusonpack.com\/monoblock-fill-plug-cap-machines\/#primaryimage\"},\"thumbnailUrl\":\"https:\/\/focusonpack.com\/wp-content\/uploads\/2020\/05\/monblock5.jpg\",\"datePublished\":\"2020-05-08T02:50:02+00:00\",\"dateModified\":\"2020-05-18T06:08:06+00:00\",\"breadcrumb\":{\"@id\":\"https:\/\/focusonpack.com\/monoblock-fill-plug-cap-machines\/#breadcrumb\"},\"inLanguage\":\"it-IT\",\"potentialAction\":[{\"@type\":\"ReadAction\",\"target\":[\"https:\/\/focusonpack.com\/monoblock-fill-plug-cap-machines\/\"]}]},{\"@type\":\"ImageObject\",\"inLanguage\":\"it-IT\",\"@id\":\"https:\/\/focusonpack.com\/monoblock-fill-plug-cap-machines\/#primaryimage\",\"url\":\"https:\/\/focusonpack.com\/wp-content\/uploads\/2020\/05\/monblock5.jpg\",\"contentUrl\":\"https:\/\/focusonpack.com\/wp-content\/uploads\/2020\/05\/monblock5.jpg\"},{\"@type\":\"BreadcrumbList\",\"@id\":\"https:\/\/focusonpack.com\/monoblock-fill-plug-cap-machines\/#breadcrumb\",\"itemListElement\":[{\"@type\":\"ListItem\",\"position\":1,\"name\":\"\u9996\u9875\",\"item\":\"https:\/\/focusonpack.com\/\"},{\"@type\":\"ListItem\",\"position\":2,\"name\":\"Monoblock Fill Plug Cap Machines\"}]},{\"@type\":\"WebSite\",\"@id\":\"https:\/\/focusonpack.com\/#website\",\"url\":\"https:\/\/focusonpack.com\/\",\"name\":\"Focus on pack\",\"description\":\"\",\"potentialAction\":[{\"@type\":\"SearchAction\",\"target\":{\"@type\":\"EntryPoint\",\"urlTemplate\":\"https:\/\/focusonpack.com\/?s={search_term_string}\"},\"query-input\":{\"@type\":\"PropertyValueSpecification\",\"valueRequired\":true,\"valueName\":\"search_term_string\"}}],\"inLanguage\":\"it-IT\"}]}<\/script>\n<!-- \/ Yoast SEO plugin. -->","yoast_head_json":{"title":"Monoblock Fill Plug Cap Machines - Focus on pack","robots":{"index":"index","follow":"follow","max-snippet":"max-snippet:-1","max-image-preview":"max-image-preview:large","max-video-preview":"max-video-preview:-1"},"canonical":"https:\/\/focusonpack.com\/it\/macchine-con-tappo-di-riempimento-monoblocco\/","og_locale":"it_IT","og_type":"article","og_title":"Monoblock Fill Plug Cap Machines - Focus on pack","og_description":"Monoblock Fill Plug Cap Machin&hellip;","og_url":"https:\/\/focusonpack.com\/it\/macchine-con-tappo-di-riempimento-monoblocco\/","og_site_name":"Focus on pack","article_modified_time":"2020-05-18T06:08:06+00:00","og_image":[{"url":"https:\/\/focusonpack.com\/wp-content\/uploads\/2020\/05\/monblock5.jpg","type":"","width":"","height":""}],"twitter_card":"summary_large_image","twitter_misc":{"Tempo di lettura stimato":"2 minuti"},"schema":{"@context":"https:\/\/schema.org","@graph":[{"@type":"WebPage","@id":"https:\/\/focusonpack.com\/monoblock-fill-plug-cap-machines\/","url":"https:\/\/focusonpack.com\/monoblock-fill-plug-cap-machines\/","name":"Monoblock Fill Plug Cap Machines - Focus on pack","isPartOf":{"@id":"https:\/\/focusonpack.com\/#website"},"primaryImageOfPage":{"@id":"https:\/\/focusonpack.com\/monoblock-fill-plug-cap-machines\/#primaryimage"},"image":{"@id":"https:\/\/focusonpack.com\/monoblock-fill-plug-cap-machines\/#primaryimage"},"thumbnailUrl":"https:\/\/focusonpack.com\/wp-content\/uploads\/2020\/05\/monblock5.jpg","datePublished":"2020-05-08T02:50:02+00:00","dateModified":"2020-05-18T06:08:06+00:00","breadcrumb":{"@id":"https:\/\/focusonpack.com\/monoblock-fill-plug-cap-machines\/#breadcrumb"},"inLanguage":"it-IT","potentialAction":[{"@type":"ReadAction","target":["https:\/\/focusonpack.com\/monoblock-fill-plug-cap-machines\/"]}]},{"@type":"ImageObject","inLanguage":"it-IT","@id":"https:\/\/focusonpack.com\/monoblock-fill-plug-cap-machines\/#primaryimage","url":"https:\/\/focusonpack.com\/wp-content\/uploads\/2020\/05\/monblock5.jpg","contentUrl":"https:\/\/focusonpack.com\/wp-content\/uploads\/2020\/05\/monblock5.jpg"},{"@type":"BreadcrumbList","@id":"https:\/\/focusonpack.com\/monoblock-fill-plug-cap-machines\/#breadcrumb","itemListElement":[{"@type":"ListItem","position":1,"name":"\u9996\u9875","item":"https:\/\/focusonpack.com\/"},{"@type":"ListItem","position":2,"name":"Monoblock Fill Plug Cap Machines"}]},{"@type":"WebSite","@id":"https:\/\/focusonpack.com\/#website","url":"https:\/\/focusonpack.com\/","name":"Focus on pack","description":"","potentialAction":[{"@type":"SearchAction","target":{"@type":"EntryPoint","urlTemplate":"https:\/\/focusonpack.com\/?s={search_term_string}"},"query-input":{"@type":"PropertyValueSpecification","valueRequired":true,"valueName":"search_term_string"}}],"inLanguage":"it-IT"}]}},"_links":{"self":[{"href":"https:\/\/focusonpack.com\/it\/wp-json\/wp\/v2\/pages\/2528","targetHints":{"allow":["GET"]}}],"collection":[{"href":"https:\/\/focusonpack.com\/it\/wp-json\/wp\/v2\/pages"}],"about":[{"href":"https:\/\/focusonpack.com\/it\/wp-json\/wp\/v2\/types\/page"}],"author":[{"embeddable":true,"href":"https:\/\/focusonpack.com\/it\/wp-json\/wp\/v2\/users\/1"}],"replies":[{"embeddable":true,"href":"https:\/\/focusonpack.com\/it\/wp-json\/wp\/v2\/comments?post=2528"}],"version-history":[{"count":5,"href":"https:\/\/focusonpack.com\/it\/wp-json\/wp\/v2\/pages\/2528\/revisions"}],"predecessor-version":[{"id":3736,"href":"https:\/\/focusonpack.com\/it\/wp-json\/wp\/v2\/pages\/2528\/revisions\/3736"}],"wp:attachment":[{"href":"https:\/\/focusonpack.com\/it\/wp-json\/wp\/v2\/media?parent=2528"}],"curies":[{"name":"wp","href":"https:\/\/api.w.org\/{rel}","templated":true}]}}