{"id":2915,"date":"2020-05-09T17:05:45","date_gmt":"2020-05-09T09:05:45","guid":{"rendered":"https:\/\/focusonpack.com\/?page_id=2915"},"modified":"2025-03-20T10:48:40","modified_gmt":"2025-03-20T02:48:40","slug":"2000-3000-bottles-per-hour-water-bottling-machine","status":"publish","type":"page","link":"https:\/\/focusonpack.com\/it\/macchina-per-il-riempimento-dellacqua\/2000-3000-bottiglie-allora-macchina-per-limbottigliamento-dellacqua\/","title":{"rendered":"2000-3000 bottiglie all'ora macchina per l'imbottigliamento dell'acqua"},"content":{"rendered":"<div data-elementor-type=\"wp-page\" data-elementor-id=\"2915\" class=\"elementor elementor-2915\" data-elementor-settings=\"[]\">\n\t\t\t<div class=\"elementor-inner\">\n\t\t\t\t<div class=\"elementor-section-wrap\">\n\t\t\t\t\t\t\t<section class=\"elementor-element elementor-element-22a7817 elementor-section-boxed elementor-section-height-default elementor-section-height-default elementor-section elementor-top-section\" data-id=\"22a7817\" data-element_type=\"section\">\n\t\t\t\t\t\t<div class=\"elementor-container elementor-column-gap-default\">\n\t\t\t\t<div class=\"elementor-row\">\n\t\t\t\t<div class=\"elementor-element elementor-element-ea57348 elementor-column elementor-col-50 elementor-top-column\" data-id=\"ea57348\" data-element_type=\"column\">\n\t\t\t<div class=\"elementor-column-wrap  elementor-element-populated\">\n\t\t\t\t\t<div class=\"elementor-widget-wrap\">\n\t\t\t\t<div class=\"elementor-element elementor-element-99f9dc4 elementor-widget elementor-widget-heading\" data-id=\"99f9dc4\" data-element_type=\"widget\" data-widget_type=\"heading.default\">\n\t\t\t\t<div class=\"elementor-widget-container\">\n\t\t\t<h3 class=\"elementor-heading-title elementor-size-default\">2000-3000 bottiglie all'ora macchina per l'imbottigliamento dell'acqua<\/h3>\t\t<\/div>\n\t\t\t\t<\/div>\n\t\t\t\t<div class=\"elementor-element elementor-element-d6183f8 elementor-widget elementor-widget-text-editor\" data-id=\"d6183f8\" data-element_type=\"widget\" data-widget_type=\"text-editor.default\">\n\t\t\t\t<div class=\"elementor-widget-container\">\n\t\t\t\t\t<div class=\"elementor-text-editor elementor-clearfix\"><p>Questa serie di macchine per l'imbottigliamento dell'acqua \u00e8 stata progettata per le aziende in fase di avviamento per il confezionamento di acqua depurata, acqua minerale e bevande non gassate in bottiglie di PET. Questa serie di macchine per l'imbottigliamento dell'acqua \u00e8 stata progettata per le aziende in fase di avviamento per confezionare acqua purificata, acqua minerale e bevande non gassate in bottiglie PET da 200 ml a 1500 ml, integrando risciacquo, riempimento e tappatura in un'unica macchina, che comprende 8 valvole di risciacquo, 8 teste di riempimento e 3 gruppi di teste di tappatura. \u00c8 possibile ottenere da 2000 a 3000 bottiglie all'ora. Questo piccolo impianto di imbottigliamento dell'acqua \u00e8 stato appositamente progettato per sostituire il sistema in linea. il movimento continuo della riempitrice rotante la rende pi\u00f9 veloce rispetto al sistema in linea, la costruzione compatta consente di risparmiare spazio, il modulo monoblocco \u00e8 pi\u00f9 stabile del sistema in linea, il sistema in linea pu\u00f2 essere sostituito dalla riempitrice rotante. Il modulo monoblocco \u00e8 pi\u00f9 stabile del sistema in linea, il cambio rapido riduce al minimo i tempi di inattivit\u00e0 da un formato all'altro, il controllo PLC, tutti i motori sono sincronizzati, facile da usare. L'operatore carica le bottiglie sul trasportatore d'aria, il risciacquo, il riempimento e la tappatura sono completamente automatici.<\/p><\/div>\n\t\t\t\t<\/div>\n\t\t\t\t<\/div>\n\t\t\t\t<div class=\"elementor-element elementor-element-efbcf75 elementor-widget elementor-widget-text-editor\" data-id=\"efbcf75\" data-element_type=\"widget\" data-widget_type=\"text-editor.default\">\n\t\t\t\t<div class=\"elementor-widget-container\">\n\t\t\t\t\t<div class=\"elementor-text-editor elementor-clearfix\"><p>Le bottiglie di plastica vengono caricate manualmente su un trasportatore ad aria e alimentate automaticamente nella stazione di risciacquo. Una ruota a stella trasferisce quindi le bottiglie alla pinza di presa del collo della stazione di risciacquo. Una ruota a stella trasferisce quindi le bottiglie alla pinza di presa del collo della stazione di risciacquo. Le bottiglie vengono indicizzate di 180\u00b0 lungo il binario, risciacquate internamente e sgocciolate. Le bottiglie ben risciacquate vengono trasferite automaticamente da una ruota a stella alla stazione di riempimento; durante la fase di riempimento, le bottiglie vengono prelevate dal collo e assegnate a un sistema di archiviazione individuale. Durante la fase di riempimento, i flaconi vengono prelevati dal collo e vengono assegnati a una valvola di archiviazione individuale; la valvola di riempimento a livello \u00e8 cos\u00ec economica e accurata da garantire un riempimento uniforme di tutti i flaconi allo stesso livello. Le bottiglie riempite vengono poi trasferite alla stazione di tappatura tramite una ruota a stella, Le bottiglie si spostano automaticamente verso la fase di tappatura dove i tappi vengono sigillati automaticamente. L'intero sistema \u00e8 racchiuso in un involucro esterno in acciaio inox\/vetro. L'intero sistema \u00e8 racchiuso in un involucro esterno in acciaio inox\/vetro. Dopo la fase di tappatura, le bottiglie vengono espulse automaticamente verso il trasportatore di uscita. L'intera apparecchiatura \u00e8 elegante ed \u00e8 in grado di imbottigliare bottiglie in PET di vari formati, da 200 ml a 1500 ml.<\/p><\/div>\n\t\t\t\t<\/div>\n\t\t\t\t<\/div>\n\t\t\t\t<div class=\"elementor-element elementor-element-eb85ff4 elementor-widget elementor-widget-heading\" data-id=\"eb85ff4\" data-element_type=\"widget\" data-widget_type=\"heading.default\">\n\t\t\t\t<div class=\"elementor-widget-container\">\n\t\t\t<h3 class=\"elementor-heading-title elementor-size-default\">Caratteristiche principali<\/h3>\t\t<\/div>\n\t\t\t\t<\/div>\n\t\t\t\t<div class=\"elementor-element elementor-element-2a3b230 elementor-widget elementor-widget-text-editor\" data-id=\"2a3b230\" data-element_type=\"widget\" data-widget_type=\"text-editor.default\">\n\t\t\t\t<div class=\"elementor-widget-container\">\n\t\t\t\t\t<div class=\"elementor-text-editor elementor-clearfix\"><p>- Il set completo comprende trasportatore d'aria, sciacquatrice monoblocco, tappatrice e scarico.&nbsp;<span style=\"letter-spacing: -0.6px;\">trasportatore<\/span><\/p>\n<p>- Il design compatto consente di risparmiare spazio<\/p>\n<p>- Il telaio tubolare in acciaio al carbonio per impieghi gravosi rende la macchina stabile e resistente.<\/p>\n<p>&nbsp; &nbsp;guaina in acciaio fissata al telaio tubolare<\/p>\n<p>- Tutte le parti a contatto con la bottiglia e il liquido sono in acciaio inossidabile o in materiale plastico alimentare.<\/p>\n<p>- Tutti i componenti della trasmissione situati all'interno del basamento della macchina devono essere protetti da agenti aggressivi.<\/p>\n<p>&nbsp; &nbsp;ambiente, durata prolungata, superficie del mobile pulita e priva di ostacoli.<\/p>\n<p>- Risciacquo, riempimento e tappatura sono integrati in un'unica soluzione<\/p>\n<p>- Il sistema di sospensione del collo della bottiglia dal design unico consente alla bottiglia di muoversi senza problemi<\/p>\n<p>- Valvole di riempimento precise e accurate per un riempimento uniforme di tutte le bottiglie allo stesso livello<\/p>\n<p>- Nessuna bottiglia, nessun riempimento<\/p>\n<p>- La testina di tappatura magnetica elimina il serraggio eccessivo delle capsule<\/p>\n<p>- Nessuna bottiglia, nessun tappo<\/p>\n<p>- Il cambio rapido e semplice per i vari formati di bottiglie riduce al minimo i tempi di inattivit\u00e0<\/p>\n<p>- Controllo PLC e interfaccia HMI touch screen amichevole<\/p>\n<p>- Velocit\u00e0 regolabile tramite inverter<\/p>\n<p>- Facile da usare, pulire e mantenere<\/p><\/div>\n\t\t\t\t<\/div>\n\t\t\t\t<\/div>\n\t\t\t\t<div class=\"elementor-element elementor-element-a6ea234 elementor-widget elementor-widget-heading\" data-id=\"a6ea234\" data-element_type=\"widget\" data-widget_type=\"heading.default\">\n\t\t\t\t<div class=\"elementor-widget-container\">\n\t\t\t<h3 class=\"elementor-heading-title elementor-size-default\">Accessori<\/h3>\t\t<\/div>\n\t\t\t\t<\/div>\n\t\t\t\t<div class=\"elementor-element elementor-element-a4885e3 elementor-widget elementor-widget-text-editor\" data-id=\"a4885e3\" data-element_type=\"widget\" data-widget_type=\"text-editor.default\">\n\t\t\t\t<div class=\"elementor-widget-container\">\n\t\t\t\t\t<div class=\"elementor-text-editor elementor-clearfix\"><p>- Convogliatore ad aria in ingresso con soffiante<\/p><p>- Trasportatore in uscita con catena a lamelle da tavolo<\/p><p>- Elevatore\/alimentatore automatico di tappi<\/p><\/div>\n\t\t\t\t<\/div>\n\t\t\t\t<\/div>\n\t\t\t\t<div class=\"elementor-element elementor-element-8eb4992 elementor-widget elementor-widget-heading\" data-id=\"8eb4992\" data-element_type=\"widget\" data-widget_type=\"heading.default\">\n\t\t\t\t<div class=\"elementor-widget-container\">\n\t\t\t<h3 class=\"elementor-heading-title elementor-size-default\">Specifiche tecniche<\/h3>\t\t<\/div>\n\t\t\t\t<\/div>\n\t\t\t\t<div class=\"elementor-element elementor-element-8306be7 elementor-widget elementor-widget-text-editor\" data-id=\"8306be7\" data-element_type=\"widget\" data-widget_type=\"text-editor.default\">\n\t\t\t\t<div class=\"elementor-widget-container\">\n\t\t\t\t\t<div class=\"elementor-text-editor elementor-clearfix\"><table style=\"height: 508px;\" width=\"680\">\n<tbody>\n<tr>\n<td width=\"267\">Modello<\/td>\n<td width=\"303\">CGF 8-8-3<\/td>\n<\/tr>\n<tr>\n<td>Capacit\u00e0 di uscita<\/td>\n<td>2000-3000bottiglie\/ora a 500ml di volume<\/td>\n<\/tr>\n<tr>\n<td>N. di valvole di risciacquo<\/td>\n<td>8<\/td>\n<\/tr>\n<tr>\n<td>N. di teste di riempimento<\/td>\n<td>8<\/td>\n<\/tr>\n<tr>\n<td>N. di teste di tappi<\/td>\n<td>3<\/td>\n<\/tr>\n<tr>\n<td>Diametro della bottiglia applicabile<\/td>\n<td>\u03a650 mm ~\u03a690 mm<\/td>\n<\/tr>\n<tr>\n<td>Altezza della bottiglia applicabile<\/td>\n<td>150 mm - 310 mm<\/td>\n<\/tr>\n<tr>\n<td>Diametro del tappo a vite applicabile<\/td>\n<td>\u03a625 mm ~\u03a635 mm<\/td>\n<\/tr>\n<tr>\n<td>Altezza del tappo a vite applicabile<\/td>\n<td>15 mm - 25 mm Tappo a vite<\/td>\n<\/tr>\n<tr>\n<td>Tensione di alimentazione<\/td>\n<td>220\/380V 50\/60HZ 3PH<\/td>\n<\/tr>\n<tr>\n<td>Motore principale<\/td>\n<td>1,5KW<\/td>\n<\/tr>\n<tr>\n<td>Peso<\/td>\n<td>1800 kg (circa)<\/td>\n<\/tr>\n<tr>\n<td>Dimensioni (senza trasportatore)<\/td>\n<td>2100 x 1500 x 2150 mm<\/td>\n<\/tr>\n<\/tbody>\n<\/table><\/div>\n\t\t\t\t<\/div>\n\t\t\t\t<\/div>\n\t\t\t\t<div class=\"elementor-element elementor-element-797ed0f elementor-invisible elementor-widget elementor-widget-heading\" data-id=\"797ed0f\" data-element_type=\"widget\" data-settings=\"{&quot;_animation&quot;:&quot;none&quot;}\" data-widget_type=\"heading.default\">\n\t\t\t\t<div class=\"elementor-widget-container\">\n\t\t\t<h3 class=\"elementor-heading-title elementor-size-default\"><span style=\"font-size: 16px; font-weight: 400; white-space-collapse: collapse; background-color: rgb(255, 255, 255);\">* Le specifiche sono soggette a modifiche senza preavviso, Tutti i diritti sono riservati.<\/span><\/h3>\t\t<\/div>\n\t\t\t\t<\/div>\n\t\t\t\t\t\t<\/div>\n\t\t\t<\/div>\n\t\t<\/div>\n\t\t\t\t<div class=\"elementor-element elementor-element-573fa33 elementor-column elementor-col-50 elementor-top-column\" data-id=\"573fa33\" data-element_type=\"column\">\n\t\t\t<div class=\"elementor-column-wrap  elementor-element-populated\">\n\t\t\t\t\t<div class=\"elementor-widget-wrap\">\n\t\t\t\t<div class=\"elementor-element elementor-element-ac38f06 elementor-widget elementor-widget-spacer\" data-id=\"ac38f06\" data-element_type=\"widget\" data-widget_type=\"spacer.default\">\n\t\t\t\t<div class=\"elementor-widget-container\">\n\t\t\t\t\t<div class=\"elementor-spacer\">\n\t\t\t<div class=\"elementor-spacer-inner\"><\/div>\n\t\t<\/div>\n\t\t\t\t<\/div>\n\t\t\t\t<\/div>\n\t\t\t\t<div class=\"elementor-element elementor-element-43b9c29 elementor-widget elementor-widget-image\" data-id=\"43b9c29\" data-element_type=\"widget\" data-widget_type=\"image.default\">\n\t\t\t\t<div class=\"elementor-widget-container\">\n\t\t\t\t\t<div class=\"elementor-image\">\n\t\t\t\t\t\t\t\t\t\t\t<a href=\"https:\/\/focusonpack.com\/wp-content\/uploads\/2025\/03\/2000-3000-Bottles-per-Hour-Water-Bottling-Machine-logo.png\">\n\t\t\t\t\t\t\t<img loading=\"lazy\" decoding=\"async\" width=\"792\" height=\"494\" src=\"https:\/\/focusonpack.com\/wp-content\/uploads\/2025\/03\/2000-3000-Bottles-per-Hour-Water-Bottling-Machine-e1742364597757.png\" class=\"elementor-animation-grow attachment-full size-full\" alt=\"\" srcset=\"https:\/\/focusonpack.com\/wp-content\/uploads\/2025\/03\/2000-3000-Bottles-per-Hour-Water-Bottling-Machine-e1742364597757.png 792w, https:\/\/focusonpack.com\/wp-content\/uploads\/2025\/03\/2000-3000-Bottles-per-Hour-Water-Bottling-Machine-e1742364597757-300x187.png 300w, https:\/\/focusonpack.com\/wp-content\/uploads\/2025\/03\/2000-3000-Bottles-per-Hour-Water-Bottling-Machine-e1742364597757-768x479.png 768w, https:\/\/focusonpack.com\/wp-content\/uploads\/2025\/03\/2000-3000-Bottles-per-Hour-Water-Bottling-Machine-e1742364597757-600x374.png 600w\" sizes=\"auto, (max-width: 792px) 100vw, 792px\" \/>\t\t\t\t\t\t\t\t<\/a>\n\t\t\t\t\t\t\t\t\t\t\t<\/div>\n\t\t\t\t<\/div>\n\t\t\t\t<\/div>\n\t\t\t\t<div class=\"elementor-element elementor-element-3e0b302 elementor-button-info elementor-align-center elementor-widget elementor-widget-button\" data-id=\"3e0b302\" data-element_type=\"widget\" data-widget_type=\"button.default\">\n\t\t\t\t<div class=\"elementor-widget-container\">\n\t\t\t\t\t<div class=\"elementor-button-wrapper\">\n\t\t\t<a href=\"https:\/\/focusonpack.com\/it\/contattateci\/\" class=\"elementor-button-link elementor-button elementor-size-sm\" role=\"button\">\n\t\t\t\t\t\t<span class=\"elementor-button-content-wrapper\">\n\t\t\t\t\t\t<span class=\"elementor-button-text\">Richiesta di preventivo<\/span>\n\t\t<\/span>\n\t\t\t\t\t<\/a>\n\t\t<\/div>\n\t\t\t\t<\/div>\n\t\t\t\t<\/div>\n\t\t\t\t\t\t<\/div>\n\t\t\t<\/div>\n\t\t<\/div>\n\t\t\t\t\t\t<\/div>\n\t\t\t<\/div>\n\t\t<\/section>\n\t\t\t\t\t\t<\/div>\n\t\t\t<\/div>\n\t\t<\/div>","protected":false},"excerpt":{"rendered":"<p>2000-3000 Bottles per Hour Wat&hellip;<\/p>","protected":false},"author":1,"featured_media":0,"parent":2500,"menu_order":0,"comment_status":"closed","ping_status":"closed","template":"elementor_header_footer","meta":{"footnotes":""},"class_list":["post-2915","page","type-page","status-publish","hentry","no-thumb"],"yoast_head":"<!-- This site is optimized with the Yoast SEO plugin v24.8.1 - https:\/\/yoast.com\/wordpress\/plugins\/seo\/ -->\n<title>2000-3000 Bottles per Hour Water Bottling Machine - Focus on pack<\/title>\n<meta name=\"robots\" content=\"index, follow, max-snippet:-1, max-image-preview:large, max-video-preview:-1\" \/>\n<link rel=\"canonical\" href=\"https:\/\/focusonpack.com\/it\/macchina-per-il-riempimento-dellacqua\/2000-3000-bottiglie-allora-macchina-per-limbottigliamento-dellacqua\/\" \/>\n<meta property=\"og:locale\" content=\"it_IT\" \/>\n<meta property=\"og:type\" content=\"article\" \/>\n<meta property=\"og:title\" content=\"2000-3000 Bottles per Hour Water Bottling Machine - Focus on pack\" \/>\n<meta property=\"og:description\" content=\"2000-3000 Bottles per Hour Wat&hellip;\" \/>\n<meta property=\"og:url\" content=\"https:\/\/focusonpack.com\/it\/macchina-per-il-riempimento-dellacqua\/2000-3000-bottiglie-allora-macchina-per-limbottigliamento-dellacqua\/\" \/>\n<meta property=\"og:site_name\" content=\"Focus on pack\" \/>\n<meta property=\"article:modified_time\" content=\"2025-03-20T02:48:40+00:00\" \/>\n<meta property=\"og:image\" content=\"https:\/\/focusonpack.com\/wp-content\/uploads\/2025\/03\/2000-3000-Bottles-per-Hour-Water-Bottling-Machine-e1742364597757.png\" \/>\n<meta name=\"twitter:card\" content=\"summary_large_image\" \/>\n<meta name=\"twitter:label1\" content=\"Tempo di lettura stimato\" \/>\n\t<meta name=\"twitter:data1\" content=\"3 minuti\" \/>\n<script type=\"application\/ld+json\" class=\"yoast-schema-graph\">{\"@context\":\"https:\/\/schema.org\",\"@graph\":[{\"@type\":\"WebPage\",\"@id\":\"https:\/\/focusonpack.com\/water-filling-machine\/2000-3000-bottles-per-hour-water-bottling-machine\/\",\"url\":\"https:\/\/focusonpack.com\/water-filling-machine\/2000-3000-bottles-per-hour-water-bottling-machine\/\",\"name\":\"2000-3000 Bottles per Hour Water Bottling Machine - Focus on pack\",\"isPartOf\":{\"@id\":\"https:\/\/focusonpack.com\/#website\"},\"primaryImageOfPage\":{\"@id\":\"https:\/\/focusonpack.com\/water-filling-machine\/2000-3000-bottles-per-hour-water-bottling-machine\/#primaryimage\"},\"image\":{\"@id\":\"https:\/\/focusonpack.com\/water-filling-machine\/2000-3000-bottles-per-hour-water-bottling-machine\/#primaryimage\"},\"thumbnailUrl\":\"https:\/\/focusonpack.com\/wp-content\/uploads\/2025\/03\/2000-3000-Bottles-per-Hour-Water-Bottling-Machine-e1742364597757.png\",\"datePublished\":\"2020-05-09T09:05:45+00:00\",\"dateModified\":\"2025-03-20T02:48:40+00:00\",\"breadcrumb\":{\"@id\":\"https:\/\/focusonpack.com\/water-filling-machine\/2000-3000-bottles-per-hour-water-bottling-machine\/#breadcrumb\"},\"inLanguage\":\"it-IT\",\"potentialAction\":[{\"@type\":\"ReadAction\",\"target\":[\"https:\/\/focusonpack.com\/water-filling-machine\/2000-3000-bottles-per-hour-water-bottling-machine\/\"]}]},{\"@type\":\"ImageObject\",\"inLanguage\":\"it-IT\",\"@id\":\"https:\/\/focusonpack.com\/water-filling-machine\/2000-3000-bottles-per-hour-water-bottling-machine\/#primaryimage\",\"url\":\"https:\/\/focusonpack.com\/wp-content\/uploads\/2025\/03\/2000-3000-Bottles-per-Hour-Water-Bottling-Machine-e1742364597757.png\",\"contentUrl\":\"https:\/\/focusonpack.com\/wp-content\/uploads\/2025\/03\/2000-3000-Bottles-per-Hour-Water-Bottling-Machine-e1742364597757.png\"},{\"@type\":\"BreadcrumbList\",\"@id\":\"https:\/\/focusonpack.com\/water-filling-machine\/2000-3000-bottles-per-hour-water-bottling-machine\/#breadcrumb\",\"itemListElement\":[{\"@type\":\"ListItem\",\"position\":1,\"name\":\"\u9996\u9875\",\"item\":\"https:\/\/focusonpack.com\/\"},{\"@type\":\"ListItem\",\"position\":2,\"name\":\"Water Filling Machine\",\"item\":\"https:\/\/focusonpack.com\/water-filling-machine\/\"},{\"@type\":\"ListItem\",\"position\":3,\"name\":\"2000-3000 Bottles per Hour Water Bottling Machine\"}]},{\"@type\":\"WebSite\",\"@id\":\"https:\/\/focusonpack.com\/#website\",\"url\":\"https:\/\/focusonpack.com\/\",\"name\":\"Focus on pack\",\"description\":\"\",\"potentialAction\":[{\"@type\":\"SearchAction\",\"target\":{\"@type\":\"EntryPoint\",\"urlTemplate\":\"https:\/\/focusonpack.com\/?s={search_term_string}\"},\"query-input\":{\"@type\":\"PropertyValueSpecification\",\"valueRequired\":true,\"valueName\":\"search_term_string\"}}],\"inLanguage\":\"it-IT\"}]}<\/script>\n<!-- \/ Yoast SEO plugin. -->","yoast_head_json":{"title":"2000-3000 Bottles per Hour Water Bottling Machine - Focus on pack","robots":{"index":"index","follow":"follow","max-snippet":"max-snippet:-1","max-image-preview":"max-image-preview:large","max-video-preview":"max-video-preview:-1"},"canonical":"https:\/\/focusonpack.com\/it\/macchina-per-il-riempimento-dellacqua\/2000-3000-bottiglie-allora-macchina-per-limbottigliamento-dellacqua\/","og_locale":"it_IT","og_type":"article","og_title":"2000-3000 Bottles per Hour Water Bottling Machine - Focus on pack","og_description":"2000-3000 Bottles per Hour Wat&hellip;","og_url":"https:\/\/focusonpack.com\/it\/macchina-per-il-riempimento-dellacqua\/2000-3000-bottiglie-allora-macchina-per-limbottigliamento-dellacqua\/","og_site_name":"Focus on pack","article_modified_time":"2025-03-20T02:48:40+00:00","og_image":[{"url":"https:\/\/focusonpack.com\/wp-content\/uploads\/2025\/03\/2000-3000-Bottles-per-Hour-Water-Bottling-Machine-e1742364597757.png","type":"","width":"","height":""}],"twitter_card":"summary_large_image","twitter_misc":{"Tempo di lettura stimato":"3 minuti"},"schema":{"@context":"https:\/\/schema.org","@graph":[{"@type":"WebPage","@id":"https:\/\/focusonpack.com\/water-filling-machine\/2000-3000-bottles-per-hour-water-bottling-machine\/","url":"https:\/\/focusonpack.com\/water-filling-machine\/2000-3000-bottles-per-hour-water-bottling-machine\/","name":"2000-3000 Bottles per Hour Water Bottling Machine - Focus on pack","isPartOf":{"@id":"https:\/\/focusonpack.com\/#website"},"primaryImageOfPage":{"@id":"https:\/\/focusonpack.com\/water-filling-machine\/2000-3000-bottles-per-hour-water-bottling-machine\/#primaryimage"},"image":{"@id":"https:\/\/focusonpack.com\/water-filling-machine\/2000-3000-bottles-per-hour-water-bottling-machine\/#primaryimage"},"thumbnailUrl":"https:\/\/focusonpack.com\/wp-content\/uploads\/2025\/03\/2000-3000-Bottles-per-Hour-Water-Bottling-Machine-e1742364597757.png","datePublished":"2020-05-09T09:05:45+00:00","dateModified":"2025-03-20T02:48:40+00:00","breadcrumb":{"@id":"https:\/\/focusonpack.com\/water-filling-machine\/2000-3000-bottles-per-hour-water-bottling-machine\/#breadcrumb"},"inLanguage":"it-IT","potentialAction":[{"@type":"ReadAction","target":["https:\/\/focusonpack.com\/water-filling-machine\/2000-3000-bottles-per-hour-water-bottling-machine\/"]}]},{"@type":"ImageObject","inLanguage":"it-IT","@id":"https:\/\/focusonpack.com\/water-filling-machine\/2000-3000-bottles-per-hour-water-bottling-machine\/#primaryimage","url":"https:\/\/focusonpack.com\/wp-content\/uploads\/2025\/03\/2000-3000-Bottles-per-Hour-Water-Bottling-Machine-e1742364597757.png","contentUrl":"https:\/\/focusonpack.com\/wp-content\/uploads\/2025\/03\/2000-3000-Bottles-per-Hour-Water-Bottling-Machine-e1742364597757.png"},{"@type":"BreadcrumbList","@id":"https:\/\/focusonpack.com\/water-filling-machine\/2000-3000-bottles-per-hour-water-bottling-machine\/#breadcrumb","itemListElement":[{"@type":"ListItem","position":1,"name":"\u9996\u9875","item":"https:\/\/focusonpack.com\/"},{"@type":"ListItem","position":2,"name":"Water Filling Machine","item":"https:\/\/focusonpack.com\/water-filling-machine\/"},{"@type":"ListItem","position":3,"name":"2000-3000 Bottles per Hour Water Bottling Machine"}]},{"@type":"WebSite","@id":"https:\/\/focusonpack.com\/#website","url":"https:\/\/focusonpack.com\/","name":"Focus on pack","description":"","potentialAction":[{"@type":"SearchAction","target":{"@type":"EntryPoint","urlTemplate":"https:\/\/focusonpack.com\/?s={search_term_string}"},"query-input":{"@type":"PropertyValueSpecification","valueRequired":true,"valueName":"search_term_string"}}],"inLanguage":"it-IT"}]}},"_links":{"self":[{"href":"https:\/\/focusonpack.com\/it\/wp-json\/wp\/v2\/pages\/2915","targetHints":{"allow":["GET"]}}],"collection":[{"href":"https:\/\/focusonpack.com\/it\/wp-json\/wp\/v2\/pages"}],"about":[{"href":"https:\/\/focusonpack.com\/it\/wp-json\/wp\/v2\/types\/page"}],"author":[{"embeddable":true,"href":"https:\/\/focusonpack.com\/it\/wp-json\/wp\/v2\/users\/1"}],"replies":[{"embeddable":true,"href":"https:\/\/focusonpack.com\/it\/wp-json\/wp\/v2\/comments?post=2915"}],"version-history":[{"count":35,"href":"https:\/\/focusonpack.com\/it\/wp-json\/wp\/v2\/pages\/2915\/revisions"}],"predecessor-version":[{"id":4557,"href":"https:\/\/focusonpack.com\/it\/wp-json\/wp\/v2\/pages\/2915\/revisions\/4557"}],"up":[{"embeddable":true,"href":"https:\/\/focusonpack.com\/it\/wp-json\/wp\/v2\/pages\/2500"}],"wp:attachment":[{"href":"https:\/\/focusonpack.com\/it\/wp-json\/wp\/v2\/media?parent=2915"}],"curies":[{"name":"wp","href":"https:\/\/api.w.org\/{rel}","templated":true}]}}