{"id":2963,"date":"2020-05-11T10:37:14","date_gmt":"2020-05-11T02:37:14","guid":{"rendered":"https:\/\/focusonpack.com\/?page_id=2963"},"modified":"2025-03-24T16:52:41","modified_gmt":"2025-03-24T08:52:41","slug":"8000-10000-bottles-per-hour-water-bottling-system","status":"publish","type":"page","link":"https:\/\/focusonpack.com\/it\/macchina-per-il-riempimento-dellacqua\/8000-10000-bottiglie-allora-sistema-di-imbottigliamento-dellacqua\/","title":{"rendered":"8000-10000 bottiglie all'ora Sistema di imbottigliamento dell'acqua"},"content":{"rendered":"<div data-elementor-type=\"wp-page\" data-elementor-id=\"2963\" class=\"elementor elementor-2963\" data-elementor-settings=\"[]\">\n\t\t\t<div class=\"elementor-inner\">\n\t\t\t\t<div class=\"elementor-section-wrap\">\n\t\t\t\t\t\t\t<section class=\"elementor-element elementor-element-3f95ab81 elementor-section-boxed elementor-section-height-default elementor-section-height-default elementor-section elementor-top-section\" data-id=\"3f95ab81\" data-element_type=\"section\">\n\t\t\t\t\t\t<div class=\"elementor-container elementor-column-gap-default\">\n\t\t\t\t<div class=\"elementor-row\">\n\t\t\t\t<div class=\"elementor-element elementor-element-1b7c2172 elementor-column elementor-col-50 elementor-top-column\" data-id=\"1b7c2172\" data-element_type=\"column\">\n\t\t\t<div class=\"elementor-column-wrap  elementor-element-populated\">\n\t\t\t\t\t<div class=\"elementor-widget-wrap\">\n\t\t\t\t<div class=\"elementor-element elementor-element-57cbab6a elementor-widget elementor-widget-heading\" data-id=\"57cbab6a\" data-element_type=\"widget\" data-widget_type=\"heading.default\">\n\t\t\t\t<div class=\"elementor-widget-container\">\n\t\t\t<h3 class=\"elementor-heading-title elementor-size-default\">8000-10000 bottiglie all'ora Sistema di imbottigliamento dell'acqua<\/h3>\t\t<\/div>\n\t\t\t\t<\/div>\n\t\t\t\t<div class=\"elementor-element elementor-element-47374860 elementor-widget elementor-widget-heading\" data-id=\"47374860\" data-element_type=\"widget\" data-widget_type=\"heading.default\">\n\t\t\t\t<div class=\"elementor-widget-container\">\n\t\t\t<h3 class=\"elementor-heading-title elementor-size-default\">8000-10000 bottiglie all'ora di acqua impianto di imbottigliamento macchina<\/h3>\t\t<\/div>\n\t\t\t\t<\/div>\n\t\t\t\t<div class=\"elementor-element elementor-element-72c7ff2a elementor-widget elementor-widget-text-editor\" data-id=\"72c7ff2a\" data-element_type=\"widget\" data-widget_type=\"text-editor.default\">\n\t\t\t\t<div class=\"elementor-widget-container\">\n\t\t\t\t\t<div class=\"elementor-text-editor elementor-clearfix\"><p>Questa macchina per l'impianto di imbottigliamento dell'acqua \u00e8 una macchina di lavaggio e riempimento tappatura monoblocco altamente flessibile, affidabile e robusta per l'imbottigliamento di acqua e bevande non gassate Questa macchina per l'imbottigliamento dell'acqua \u00e8 una macchina monoblocco di lavaggio, riempimento e tappatura altamente flessibile, affidabile e robusta per l'imbottigliamento di acqua e bevande non gassate confezionate in bottiglie di plastica da 200 ml a 1500 ml, che comprende 18 teste di lavaggio, 18 teste di riempimento e 6 teste di tappatura. da 8000 a 10000 Questa macchina per l'imbottigliamento dell'acqua \u00e8 stata progettata appositamente per semplificare le linee di imbottigliamento, combinando il risciacquo delle bottiglie, il riempimento e la tappatura in un'unica unit\u00e0. Questa macchina per l'imbottigliamento dell'acqua \u00e8 stata progettata appositamente per semplificare le linee di imbottigliamento, combinando il risciacquo delle bottiglie, il riempimento e la tappatura in un'unica macchina salvaspazio per massimizzare la produzione. Nella riempitrice monoblocco il processo di risciacquo, riempimento e tappatura viene eseguito con un sistema continuo in una camera di sicurezza completamente chiusa. I contenitori vengono trasferiti nel monoblocco tramite ruote stellari modulari in modalit\u00e0 neck- holding, in modo da ridurre al minimo i contatti tra contenitori e componenti per evitare la contaminazione incrociata. Sistema di trasmissione sospeso Il perfetto sincronismo \u00e8 ottenuto da un'unica macchina con trasmissione a ingranaggi. La qualit\u00e0 e la durata della macchina sono garantite. La qualit\u00e0 e la durata della macchina sono garantite dall'uso di una struttura robusta e dalla scelta di parti e componenti di alta qualit\u00e0, come l'acciaio inossidabile AISI 304 e materiali plastici per uso alimentare, componenti elettronici critici, controlli Inverter e PLC sono prodotti da Siemens, Mitsubishi, Schneider e Omron, e la macchina \u00e8 dotata di un sistema di controllo di alta qualit\u00e0. I controlli Inverter e PLC sono prodotti da Siemens, Mitsubishi, Schneider e Omron, i controlli pneumatici sono prodotti da Festo o Airtac.<\/p><\/div>\n\t\t\t\t<\/div>\n\t\t\t\t<\/div>\n\t\t\t\t<div class=\"elementor-element elementor-element-7635d293 elementor-widget elementor-widget-text-editor\" data-id=\"7635d293\" data-element_type=\"widget\" data-widget_type=\"text-editor.default\">\n\t\t\t\t<div class=\"elementor-widget-container\">\n\t\t\t\t\t<div class=\"elementor-text-editor elementor-clearfix\"><p><strong>Trasportatore d'aria in entrata<\/strong><\/p><p>Il trasportatore d'aria in-feed \u00e8 utilizzato per trasportare le bottiglie vuote alla macchina di riempimento di monblock risciacquo tappatura da aria ad alta pressione dalla soffiante montata sulla parte superiore, in- Il convogliatore di alimentazione \u00e8 realizzato in acciaio inox 304 per impieghi gravosi ed \u00e8 regolabile per bottiglie di diverse dimensioni. Le bottiglie possono essere caricate sul convogliatore d'aria a mano, il convogliatore d'aria pu\u00f2 anche essere collegato alla soffiatrice per PET. Le bottiglie possono essere caricate sul convogliatore d'aria a mano, il convogliatore d'aria pu\u00f2 anche essere collegato alla macchina di soffiaggio del PET o allo sgraffignatore.<\/p><\/div>\n\t\t\t\t<\/div>\n\t\t\t\t<\/div>\n\t\t\t\t<div class=\"elementor-element elementor-element-3e8a928 elementor-widget elementor-widget-text-editor\" data-id=\"3e8a928\" data-element_type=\"widget\" data-widget_type=\"text-editor.default\">\n\t\t\t\t<div class=\"elementor-widget-container\">\n\t\t\t\t\t<div class=\"elementor-text-editor elementor-clearfix\"><p><strong>Stazione di risciacquo<\/strong><\/p><p>Le bottiglie vuote provenienti dal trasportatore d'aria in ingresso vengono sospese da un disco rotante e convogliate alla stazione di risciacquo.<br \/>La pinza in acciaio inox con tampone per alimenti e ugelli fissi preleva le bottiglie e viaggia a 180\u00b0 lungo il binario in acciaio inox e la pompa di risciacquo inietta un getto d'acqua ad alta pressione nella bottiglia per un periodo di tempo controllato. inietta un getto d'acqua ad alta pressione nella bottiglia per un periodo di tempo controllato. La bottiglia risciacquata viene quindi lasciata sgocciolare prima di essere nuovamente invertita e trasferita alla torretta di riempimento. Il flacone risciacquato viene quindi lasciato sgocciolare prima di essere nuovamente invertito e trasferito alla torretta di riempimento. Viene utilizzata acqua purificata, ozonizzata o disinfettata per garantire che i flaconi in ingresso siano privi di particolato. L'acqua di risciacquo rappresenta circa il 20-25% dell'acqua utilizzata nell'operazione di riempimento.<\/p><\/div>\n\t\t\t\t<\/div>\n\t\t\t\t<\/div>\n\t\t\t\t<div class=\"elementor-element elementor-element-942eef9 elementor-widget elementor-widget-text-editor\" data-id=\"942eef9\" data-element_type=\"widget\" data-widget_type=\"text-editor.default\">\n\t\t\t\t<div class=\"elementor-widget-container\">\n\t\t\t\t\t<div class=\"elementor-text-editor elementor-clearfix\"><p><strong>Stazione di rifornimento<\/strong><\/p><p>Dopo essere state risciacquate, le bottiglie pulite entrano nella stazione di riempimento tramite un disco rotante, le bottiglie vengono posizionate sulla singola stazione di riempimento e sollevate dalla camma, il riempimento ha inizio. Il serbatoio del prodotto \u00e8 realizzato in acciaio inox 304, con superfici interne perfettamente lisce e lucidate, Il livello del prodotto nel serbatoio \u00e8 controllato da un sensore elettronico in modo da creare un riempimento pressurizzato, che Il livello del prodotto nel serbatoio \u00e8 controllato da un sensore elettronico per creare un riempimento pressurizzato, regolabile per ridurre al minimo il tempo di riempimento e massimizzare cos\u00ec la produzione. Gli ugelli di riempimento possono essere a 2 stadi, con un ciclo di riempimento veloce e lento, o a singolo stadio. Niente bottiglia, niente riempimento.<\/p><\/div>\n\t\t\t\t<\/div>\n\t\t\t\t<\/div>\n\t\t\t\t<div class=\"elementor-element elementor-element-6e81f20 elementor-widget elementor-widget-text-editor\" data-id=\"6e81f20\" data-element_type=\"widget\" data-widget_type=\"text-editor.default\">\n\t\t\t\t<div class=\"elementor-widget-container\">\n\t\t\t\t\t<div class=\"elementor-text-editor elementor-clearfix\"><p><strong>Stazione di tappatura<\/strong><\/p><p>Dopo essere stati riempiti, i contenitori vengono alimentati dal disco rotante alla tappatrice e posizionati sul disco rotante.<br \/>I tappi vengono preselezionati e alimentati sul tavolo scorrevole della macchina. I mandrini a rotazione continua prelevano e fissano i tappi, quindi li applicano ai contenitori. I mandrini a rotazione continua prelevano e fissano i tappi, quindi li applicano ai contenitori.<br \/>Quando si raggiunge il valore di coppia applicato prestabilito, la frizione magnetica si disinnesta, il mandrino rilascia il tappo e il contenitore chiuso viene scaricato dalla macchina. Il contenitore chiuso viene scaricato dalla macchina.<\/p><\/div>\n\t\t\t\t<\/div>\n\t\t\t\t<\/div>\n\t\t\t\t<div class=\"elementor-element elementor-element-368ad7e elementor-widget elementor-widget-text-editor\" data-id=\"368ad7e\" data-element_type=\"widget\" data-widget_type=\"text-editor.default\">\n\t\t\t\t<div class=\"elementor-widget-container\">\n\t\t\t\t\t<div class=\"elementor-text-editor elementor-clearfix\"><p><strong>Sistema di trasporto ad aria per tappi<\/strong><\/p><p>Il sistema di trasporto ad aria stile utilizza un sistema di aria a pressione positiva per il trasporto dei tappi dal livello del pavimento a quello del pavimento.<br \/>alimentatore, sostituisce la soluzione con trasportatore a nastro che \u00e8 stata adottata finora nella maggior parte dei casi. Jumbled<br \/>I tappi vengono caricati nella tramoggia, uno sportello motorizzato sul fondo della tramoggia scarica i tappi in un tubo flessibile, nel quale i tappi vengono spinti dall'aria e convogliati Uno sportello motorizzato sul fondo della tramoggia scarica i tappi in un tubo flessibile, nel quale i tappi vengono spinti dall'aria e trasportati lungo il tubo flessibile fino all'alimentatore.<br \/>installati nell'alimentatore per controllare il movimento del sistema di trasporto dell'aria, quando i tappi raggiungono il livello desiderato,<br \/>il sistema si ferma, quando i tappi sono inferiori al livello, il sistema inizia a funzionare.<br \/>Il sistema di trasporto dell'aria viene utilizzato per aumentare l'efficienza di tappatura senza occupare ulteriore spazio sul pavimento.<br \/>Questa caratteristica pu\u00f2 ridurre notevolmente il rischio per i dipendenti di cadere da una scala, salire su una piattaforma e caricare il sorter da angolazioni scomode. Inoltre, la schiena dei dipendenti \u00e8 meno sollecitata dal trasporto delle scatole su una scala. Questo migliora la produttivit\u00e0 e contribuisce a ridurre i costi di manodopera. Migliora la produttivit\u00e0 e contribuisce a ridurre i costi di manodopera.<\/p><\/div>\n\t\t\t\t<\/div>\n\t\t\t\t<\/div>\n\t\t\t\t<div class=\"elementor-element elementor-element-7ccd66f4 elementor-widget elementor-widget-heading\" data-id=\"7ccd66f4\" data-element_type=\"widget\" data-widget_type=\"heading.default\">\n\t\t\t\t<div class=\"elementor-widget-container\">\n\t\t\t<h3 class=\"elementor-heading-title elementor-size-default\">Accessori<\/h3>\t\t<\/div>\n\t\t\t\t<\/div>\n\t\t\t\t<div class=\"elementor-element elementor-element-631dfe81 elementor-widget elementor-widget-text-editor\" data-id=\"631dfe81\" data-element_type=\"widget\" data-widget_type=\"text-editor.default\">\n\t\t\t\t<div class=\"elementor-widget-container\">\n\t\t\t\t\t<div class=\"elementor-text-editor elementor-clearfix\"><p>- Convogliatore ad aria in ingresso con soffiante<br \/>- Trasportatore in uscita con catena a lamelle da tavolo<br \/>- Elevatore\/alimentatore automatico di tappi<\/p><\/div>\n\t\t\t\t<\/div>\n\t\t\t\t<\/div>\n\t\t\t\t<div class=\"elementor-element elementor-element-7b81427e elementor-widget elementor-widget-heading\" data-id=\"7b81427e\" data-element_type=\"widget\" data-widget_type=\"heading.default\">\n\t\t\t\t<div class=\"elementor-widget-container\">\n\t\t\t<h3 class=\"elementor-heading-title elementor-size-default\">Specifiche tecniche<\/h3>\t\t<\/div>\n\t\t\t\t<\/div>\n\t\t\t\t<div class=\"elementor-element elementor-element-2cf505f4 elementor-widget elementor-widget-text-editor\" data-id=\"2cf505f4\" data-element_type=\"widget\" data-widget_type=\"text-editor.default\">\n\t\t\t\t<div class=\"elementor-widget-container\">\n\t\t\t\t\t<div class=\"elementor-text-editor elementor-clearfix\"><table width=\"760\">\n<tbody>\n<tr>\n<td width=\"267\">Modello<\/td>\n<td width=\"303\">CGF 18-18-6<\/td>\n<\/tr>\n<tr>\n<td><\/td>\n<td>8000-10000bottiglie\/ora a 500ml di volume<\/td>\n<\/tr>\n<tr>\n<td>N. di valvole di risciacquo<\/td>\n<td>18<\/td>\n<\/tr>\n<tr>\n<td>N. di teste di riempimento<\/td>\n<td>18<\/td>\n<\/tr>\n<tr>\n<td>N. di teste di tappi<\/td>\n<td>6<\/td>\n<\/tr>\n<tr>\n<td>Diametro della bottiglia applicabile<\/td>\n<td>\u03a650 mm ~\u03a690 mm<\/td>\n<\/tr>\n<tr>\n<td>Altezza della bottiglia applicabile<\/td>\n<td>150 mm - 310 mm<\/td>\n<\/tr>\n<tr>\n<td>Diametro del tappo a vite applicabile<\/td>\n<td>\u03a625 mm ~\u03a635 mm<\/td>\n<\/tr>\n<tr>\n<td>Altezza del tappo a vite applicabile<\/td>\n<td>15 mm - 25 mm Tappo a vite<\/td>\n<\/tr>\n<tr>\n<td>Tensione di alimentazione<\/td>\n<td>220\/380V 50\/60HZ 3PH<\/td>\n<\/tr>\n<tr>\n<td>Motore principale<\/td>\n<td>3KW<\/td>\n<\/tr>\n<tr>\n<td>Peso<\/td>\n<td>4000 kg (circa)<\/td>\n<\/tr>\n<tr>\n<td>Dimensioni (senza trasportatore)<\/td>\n<td>2600 x 1800 x 2250 mm<\/td>\n<\/tr>\n<\/tbody>\n<\/table><\/div>\n\t\t\t\t<\/div>\n\t\t\t\t<\/div>\n\t\t\t\t<div class=\"elementor-element elementor-element-118ecbd8 elementor-widget elementor-widget-text-editor\" data-id=\"118ecbd8\" data-element_type=\"widget\" data-widget_type=\"text-editor.default\">\n\t\t\t\t<div class=\"elementor-widget-container\">\n\t\t\t\t\t<div class=\"elementor-text-editor elementor-clearfix\"><p>* Le specifiche sono soggette a modifiche senza preavviso, Tutti i diritti sono riservati.<\/p><\/div>\n\t\t\t\t<\/div>\n\t\t\t\t<\/div>\n\t\t\t\t\t\t<\/div>\n\t\t\t<\/div>\n\t\t<\/div>\n\t\t\t\t<div class=\"elementor-element elementor-element-670ee4de elementor-column elementor-col-50 elementor-top-column\" data-id=\"670ee4de\" data-element_type=\"column\">\n\t\t\t<div class=\"elementor-column-wrap  elementor-element-populated\">\n\t\t\t\t\t<div class=\"elementor-widget-wrap\">\n\t\t\t\t<div class=\"elementor-element elementor-element-7a4e8fb9 elementor-widget elementor-widget-spacer\" data-id=\"7a4e8fb9\" data-element_type=\"widget\" data-widget_type=\"spacer.default\">\n\t\t\t\t<div class=\"elementor-widget-container\">\n\t\t\t\t\t<div class=\"elementor-spacer\">\n\t\t\t<div class=\"elementor-spacer-inner\"><\/div>\n\t\t<\/div>\n\t\t\t\t<\/div>\n\t\t\t\t<\/div>\n\t\t\t\t<div class=\"elementor-element elementor-element-4487de07 elementor-widget elementor-widget-image\" data-id=\"4487de07\" data-element_type=\"widget\" data-widget_type=\"image.default\">\n\t\t\t\t<div class=\"elementor-widget-container\">\n\t\t\t\t\t<div class=\"elementor-image\">\n\t\t\t\t\t\t\t\t\t\t<img loading=\"lazy\" decoding=\"async\" width=\"311\" height=\"213\" src=\"https:\/\/focusonpack.com\/wp-content\/uploads\/2020\/05\/water-filling-machine-2.jpg\" class=\"elementor-animation-grow attachment-full size-full\" alt=\"\" srcset=\"https:\/\/focusonpack.com\/wp-content\/uploads\/2020\/05\/water-filling-machine-2.jpg 311w, https:\/\/focusonpack.com\/wp-content\/uploads\/2020\/05\/water-filling-machine-2-300x205.jpg 300w\" sizes=\"auto, (max-width: 311px) 100vw, 311px\" \/>\t\t\t\t\t\t\t\t\t\t\t<\/div>\n\t\t\t\t<\/div>\n\t\t\t\t<\/div>\n\t\t\t\t<div class=\"elementor-element elementor-element-1a35c9b6 elementor-button-info elementor-align-center elementor-widget elementor-widget-button\" data-id=\"1a35c9b6\" data-element_type=\"widget\" data-widget_type=\"button.default\">\n\t\t\t\t<div class=\"elementor-widget-container\">\n\t\t\t\t\t<div class=\"elementor-button-wrapper\">\n\t\t\t<a href=\"https:\/\/focusonpack.com\/it\/contattateci\/\" class=\"elementor-button-link elementor-button elementor-size-sm\" role=\"button\">\n\t\t\t\t\t\t<span class=\"elementor-button-content-wrapper\">\n\t\t\t\t\t\t<span class=\"elementor-button-text\">Richiesta di preventivo<\/span>\n\t\t<\/span>\n\t\t\t\t\t<\/a>\n\t\t<\/div>\n\t\t\t\t<\/div>\n\t\t\t\t<\/div>\n\t\t\t\t\t\t<\/div>\n\t\t\t<\/div>\n\t\t<\/div>\n\t\t\t\t\t\t<\/div>\n\t\t\t<\/div>\n\t\t<\/section>\n\t\t\t\t\t\t<\/div>\n\t\t\t<\/div>\n\t\t<\/div>","protected":false},"excerpt":{"rendered":"<p>8000-10000 Bottles per Hour Wa&hellip;<\/p>","protected":false},"author":1,"featured_media":0,"parent":2500,"menu_order":0,"comment_status":"closed","ping_status":"closed","template":"elementor_header_footer","meta":{"footnotes":""},"class_list":["post-2963","page","type-page","status-publish","hentry","no-thumb"],"yoast_head":"<!-- This site is optimized with the Yoast SEO plugin v24.8.1 - https:\/\/yoast.com\/wordpress\/plugins\/seo\/ -->\n<title>8000-10000 Bottles per Hour Water Bottling System - Focus on pack<\/title>\n<meta name=\"robots\" content=\"index, follow, max-snippet:-1, max-image-preview:large, max-video-preview:-1\" \/>\n<link rel=\"canonical\" href=\"https:\/\/focusonpack.com\/it\/macchina-per-il-riempimento-dellacqua\/8000-10000-bottiglie-allora-sistema-di-imbottigliamento-dellacqua\/\" \/>\n<meta property=\"og:locale\" content=\"it_IT\" \/>\n<meta property=\"og:type\" content=\"article\" \/>\n<meta property=\"og:title\" content=\"8000-10000 Bottles per Hour Water Bottling System - Focus on pack\" \/>\n<meta property=\"og:description\" content=\"8000-10000 Bottles per Hour Wa&hellip;\" \/>\n<meta property=\"og:url\" content=\"https:\/\/focusonpack.com\/it\/macchina-per-il-riempimento-dellacqua\/8000-10000-bottiglie-allora-sistema-di-imbottigliamento-dellacqua\/\" \/>\n<meta property=\"og:site_name\" content=\"Focus on pack\" \/>\n<meta property=\"article:modified_time\" content=\"2025-03-24T08:52:41+00:00\" \/>\n<meta property=\"og:image\" content=\"https:\/\/focusonpack.com\/wp-content\/uploads\/2020\/05\/water-filling-machine-2.jpg\" \/>\n<meta name=\"twitter:card\" content=\"summary_large_image\" \/>\n<meta name=\"twitter:label1\" content=\"Tempo di lettura stimato\" \/>\n\t<meta name=\"twitter:data1\" content=\"6 minuti\" \/>\n<script type=\"application\/ld+json\" class=\"yoast-schema-graph\">{\"@context\":\"https:\/\/schema.org\",\"@graph\":[{\"@type\":\"WebPage\",\"@id\":\"https:\/\/focusonpack.com\/water-filling-machine\/8000-10000-bottles-per-hour-water-bottling-system\/\",\"url\":\"https:\/\/focusonpack.com\/water-filling-machine\/8000-10000-bottles-per-hour-water-bottling-system\/\",\"name\":\"8000-10000 Bottles per Hour Water Bottling System - Focus on pack\",\"isPartOf\":{\"@id\":\"https:\/\/focusonpack.com\/#website\"},\"primaryImageOfPage\":{\"@id\":\"https:\/\/focusonpack.com\/water-filling-machine\/8000-10000-bottles-per-hour-water-bottling-system\/#primaryimage\"},\"image\":{\"@id\":\"https:\/\/focusonpack.com\/water-filling-machine\/8000-10000-bottles-per-hour-water-bottling-system\/#primaryimage\"},\"thumbnailUrl\":\"https:\/\/focusonpack.com\/wp-content\/uploads\/2020\/05\/water-filling-machine-2.jpg\",\"datePublished\":\"2020-05-11T02:37:14+00:00\",\"dateModified\":\"2025-03-24T08:52:41+00:00\",\"breadcrumb\":{\"@id\":\"https:\/\/focusonpack.com\/water-filling-machine\/8000-10000-bottles-per-hour-water-bottling-system\/#breadcrumb\"},\"inLanguage\":\"it-IT\",\"potentialAction\":[{\"@type\":\"ReadAction\",\"target\":[\"https:\/\/focusonpack.com\/water-filling-machine\/8000-10000-bottles-per-hour-water-bottling-system\/\"]}]},{\"@type\":\"ImageObject\",\"inLanguage\":\"it-IT\",\"@id\":\"https:\/\/focusonpack.com\/water-filling-machine\/8000-10000-bottles-per-hour-water-bottling-system\/#primaryimage\",\"url\":\"https:\/\/focusonpack.com\/wp-content\/uploads\/2020\/05\/water-filling-machine-2.jpg\",\"contentUrl\":\"https:\/\/focusonpack.com\/wp-content\/uploads\/2020\/05\/water-filling-machine-2.jpg\"},{\"@type\":\"BreadcrumbList\",\"@id\":\"https:\/\/focusonpack.com\/water-filling-machine\/8000-10000-bottles-per-hour-water-bottling-system\/#breadcrumb\",\"itemListElement\":[{\"@type\":\"ListItem\",\"position\":1,\"name\":\"\u9996\u9875\",\"item\":\"https:\/\/focusonpack.com\/\"},{\"@type\":\"ListItem\",\"position\":2,\"name\":\"Water Filling Machine\",\"item\":\"https:\/\/focusonpack.com\/water-filling-machine\/\"},{\"@type\":\"ListItem\",\"position\":3,\"name\":\"8000-10000 Bottles per Hour Water Bottling System\"}]},{\"@type\":\"WebSite\",\"@id\":\"https:\/\/focusonpack.com\/#website\",\"url\":\"https:\/\/focusonpack.com\/\",\"name\":\"Focus on pack\",\"description\":\"\",\"potentialAction\":[{\"@type\":\"SearchAction\",\"target\":{\"@type\":\"EntryPoint\",\"urlTemplate\":\"https:\/\/focusonpack.com\/?s={search_term_string}\"},\"query-input\":{\"@type\":\"PropertyValueSpecification\",\"valueRequired\":true,\"valueName\":\"search_term_string\"}}],\"inLanguage\":\"it-IT\"}]}<\/script>\n<!-- \/ Yoast SEO plugin. -->","yoast_head_json":{"title":"8000-10000 Bottles per Hour Water Bottling System - Focus on pack","robots":{"index":"index","follow":"follow","max-snippet":"max-snippet:-1","max-image-preview":"max-image-preview:large","max-video-preview":"max-video-preview:-1"},"canonical":"https:\/\/focusonpack.com\/it\/macchina-per-il-riempimento-dellacqua\/8000-10000-bottiglie-allora-sistema-di-imbottigliamento-dellacqua\/","og_locale":"it_IT","og_type":"article","og_title":"8000-10000 Bottles per Hour Water Bottling System - Focus on pack","og_description":"8000-10000 Bottles per Hour Wa&hellip;","og_url":"https:\/\/focusonpack.com\/it\/macchina-per-il-riempimento-dellacqua\/8000-10000-bottiglie-allora-sistema-di-imbottigliamento-dellacqua\/","og_site_name":"Focus on pack","article_modified_time":"2025-03-24T08:52:41+00:00","og_image":[{"url":"https:\/\/focusonpack.com\/wp-content\/uploads\/2020\/05\/water-filling-machine-2.jpg","type":"","width":"","height":""}],"twitter_card":"summary_large_image","twitter_misc":{"Tempo di lettura stimato":"6 minuti"},"schema":{"@context":"https:\/\/schema.org","@graph":[{"@type":"WebPage","@id":"https:\/\/focusonpack.com\/water-filling-machine\/8000-10000-bottles-per-hour-water-bottling-system\/","url":"https:\/\/focusonpack.com\/water-filling-machine\/8000-10000-bottles-per-hour-water-bottling-system\/","name":"8000-10000 Bottles per Hour Water Bottling System - Focus on pack","isPartOf":{"@id":"https:\/\/focusonpack.com\/#website"},"primaryImageOfPage":{"@id":"https:\/\/focusonpack.com\/water-filling-machine\/8000-10000-bottles-per-hour-water-bottling-system\/#primaryimage"},"image":{"@id":"https:\/\/focusonpack.com\/water-filling-machine\/8000-10000-bottles-per-hour-water-bottling-system\/#primaryimage"},"thumbnailUrl":"https:\/\/focusonpack.com\/wp-content\/uploads\/2020\/05\/water-filling-machine-2.jpg","datePublished":"2020-05-11T02:37:14+00:00","dateModified":"2025-03-24T08:52:41+00:00","breadcrumb":{"@id":"https:\/\/focusonpack.com\/water-filling-machine\/8000-10000-bottles-per-hour-water-bottling-system\/#breadcrumb"},"inLanguage":"it-IT","potentialAction":[{"@type":"ReadAction","target":["https:\/\/focusonpack.com\/water-filling-machine\/8000-10000-bottles-per-hour-water-bottling-system\/"]}]},{"@type":"ImageObject","inLanguage":"it-IT","@id":"https:\/\/focusonpack.com\/water-filling-machine\/8000-10000-bottles-per-hour-water-bottling-system\/#primaryimage","url":"https:\/\/focusonpack.com\/wp-content\/uploads\/2020\/05\/water-filling-machine-2.jpg","contentUrl":"https:\/\/focusonpack.com\/wp-content\/uploads\/2020\/05\/water-filling-machine-2.jpg"},{"@type":"BreadcrumbList","@id":"https:\/\/focusonpack.com\/water-filling-machine\/8000-10000-bottles-per-hour-water-bottling-system\/#breadcrumb","itemListElement":[{"@type":"ListItem","position":1,"name":"\u9996\u9875","item":"https:\/\/focusonpack.com\/"},{"@type":"ListItem","position":2,"name":"Water Filling Machine","item":"https:\/\/focusonpack.com\/water-filling-machine\/"},{"@type":"ListItem","position":3,"name":"8000-10000 Bottles per Hour Water Bottling System"}]},{"@type":"WebSite","@id":"https:\/\/focusonpack.com\/#website","url":"https:\/\/focusonpack.com\/","name":"Focus on pack","description":"","potentialAction":[{"@type":"SearchAction","target":{"@type":"EntryPoint","urlTemplate":"https:\/\/focusonpack.com\/?s={search_term_string}"},"query-input":{"@type":"PropertyValueSpecification","valueRequired":true,"valueName":"search_term_string"}}],"inLanguage":"it-IT"}]}},"_links":{"self":[{"href":"https:\/\/focusonpack.com\/it\/wp-json\/wp\/v2\/pages\/2963","targetHints":{"allow":["GET"]}}],"collection":[{"href":"https:\/\/focusonpack.com\/it\/wp-json\/wp\/v2\/pages"}],"about":[{"href":"https:\/\/focusonpack.com\/it\/wp-json\/wp\/v2\/types\/page"}],"author":[{"embeddable":true,"href":"https:\/\/focusonpack.com\/it\/wp-json\/wp\/v2\/users\/1"}],"replies":[{"embeddable":true,"href":"https:\/\/focusonpack.com\/it\/wp-json\/wp\/v2\/comments?post=2963"}],"version-history":[{"count":20,"href":"https:\/\/focusonpack.com\/it\/wp-json\/wp\/v2\/pages\/2963\/revisions"}],"predecessor-version":[{"id":4578,"href":"https:\/\/focusonpack.com\/it\/wp-json\/wp\/v2\/pages\/2963\/revisions\/4578"}],"up":[{"embeddable":true,"href":"https:\/\/focusonpack.com\/it\/wp-json\/wp\/v2\/pages\/2500"}],"wp:attachment":[{"href":"https:\/\/focusonpack.com\/it\/wp-json\/wp\/v2\/media?parent=2963"}],"curies":[{"name":"wp","href":"https:\/\/api.w.org\/{rel}","templated":true}]}}