{"id":3114,"date":"2020-05-11T16:16:47","date_gmt":"2020-05-11T08:16:47","guid":{"rendered":"https:\/\/focusonpack.com\/?page_id=3114"},"modified":"2025-03-21T17:09:17","modified_gmt":"2025-03-21T09:09:17","slug":"800bph-semi-automatic-pet-blowing-machine","status":"publish","type":"page","link":"https:\/\/focusonpack.com\/it\/macchina-semiautomatica-per-il-soffiaggio-delle-bottiglie-in-pet\/macchina-soffiatrice-semiautomatica-per-animali-domestici-800bph\/","title":{"rendered":"800BPH Semi automatico PET macchina di soffiaggio"},"content":{"rendered":"<div data-elementor-type=\"wp-page\" data-elementor-id=\"3114\" class=\"elementor elementor-3114\" data-elementor-settings=\"[]\">\n\t\t\t<div class=\"elementor-inner\">\n\t\t\t\t<div class=\"elementor-section-wrap\">\n\t\t\t\t\t\t\t<section class=\"elementor-element elementor-element-165d5369 elementor-section-boxed elementor-section-height-default elementor-section-height-default elementor-section elementor-top-section\" data-id=\"165d5369\" data-element_type=\"section\">\n\t\t\t\t\t\t<div class=\"elementor-container elementor-column-gap-default\">\n\t\t\t\t<div class=\"elementor-row\">\n\t\t\t\t<div class=\"elementor-element elementor-element-8f8f834 elementor-column elementor-col-50 elementor-top-column\" data-id=\"8f8f834\" data-element_type=\"column\">\n\t\t\t<div class=\"elementor-column-wrap  elementor-element-populated\">\n\t\t\t\t\t<div class=\"elementor-widget-wrap\">\n\t\t\t\t<div class=\"elementor-element elementor-element-1a247209 elementor-widget elementor-widget-heading\" data-id=\"1a247209\" data-element_type=\"widget\" data-widget_type=\"heading.default\">\n\t\t\t\t<div class=\"elementor-widget-container\">\n\t\t\t<h3 class=\"elementor-heading-title elementor-size-default\">800BPH Semi automatico PET macchina di soffiaggio<\/h3>\t\t<\/div>\n\t\t\t\t<\/div>\n\t\t\t\t<div class=\"elementor-element elementor-element-68da5a0e elementor-widget elementor-widget-text-editor\" data-id=\"68da5a0e\" data-element_type=\"widget\" data-widget_type=\"text-editor.default\">\n\t\t\t\t<div class=\"elementor-widget-container\">\n\t\t\t\t\t<div class=\"elementor-text-editor elementor-clearfix\"><p>La soffiatrice semiautomatica per bottiglie in PET \u00e8 la soluzione ideale per la produzione di massa di bottiglie in PET per le aziende start-up e su piccola scala, ed \u00e8 in grado di produrre un'ampia variet\u00e0 di bottiglie in PET di alta qualit\u00e0 da 50ml a 6000ml per molti settori industriali come l'acqua in bottiglia, i succhi di frutta, i prodotti lattiero-caseari, i detersivi liquidi, l'olio vegetale, i cosmetici, i prodotti farmaceutici e per la cura della persona, solo per citare alcuni esempi. La macchina standard include preriscaldatore e soffiatore. La macchina standard comprende preriscaldatore e soffiatrice, compressore d'aria e filtri d'aria in opzione.<\/p><\/div>\n\t\t\t\t<\/div>\n\t\t\t\t<\/div>\n\t\t\t\t<div class=\"elementor-element elementor-element-3796fb8c elementor-widget elementor-widget-text-editor\" data-id=\"3796fb8c\" data-element_type=\"widget\" data-widget_type=\"text-editor.default\">\n\t\t\t\t<div class=\"elementor-widget-container\">\n\t\t\t\t\t<div class=\"elementor-text-editor elementor-clearfix\"><p>Questa soffiatrice per bottiglie di plastica non richiede operatori altamente qualificati per produrre bottiglie di qualit\u00e0 costante. Il processo di produzione delle bottiglie inizia caricando le preforme nel preriscaldatore. Il processo di produzione delle bottiglie inizia caricando le preforme nel preriscaldatore, che utilizza un binario a velocit\u00e0 variabile che muove le preforme attraverso un tunnel di riscaldamento. Il tunnel di riscaldamento \u00e8 dotato di elementi di riscaldamento appositamente progettati per garantire un riscaldamento costante con una manutenzione minima.<\/p><\/div>\n\t\t\t\t<\/div>\n\t\t\t\t<\/div>\n\t\t\t\t<div class=\"elementor-element elementor-element-b58be03 elementor-widget elementor-widget-text-editor\" data-id=\"b58be03\" data-element_type=\"widget\" data-widget_type=\"text-editor.default\">\n\t\t\t\t<div class=\"elementor-widget-container\">\n\t\t\t\t\t<div class=\"elementor-text-editor elementor-clearfix\"><p>Quando le preforme hanno fatto un giro nel preriscaldatore, vengono caricate manualmente due alla volta nella soffiatrice. L'operatore preme i due pulsanti di chiusura dello stampo per chiudere lo stampo, che \u00e8 stato appositamente progettato per funzionare in sicurezza. Dopo che le bottiglie si sono formate nel ciclo di soffiaggio, vengono rimosse e il ciclo continua. Dopo che le bottiglie sono state formate nel ciclo di soffiaggio, vengono rimosse e il ciclo continua.<\/p><\/div>\n\t\t\t\t<\/div>\n\t\t\t\t<\/div>\n\t\t\t\t<div class=\"elementor-element elementor-element-7e3019cf elementor-widget elementor-widget-heading\" data-id=\"7e3019cf\" data-element_type=\"widget\" data-widget_type=\"heading.default\">\n\t\t\t\t<div class=\"elementor-widget-container\">\n\t\t\t<h3 class=\"elementor-heading-title elementor-size-default\">Caratteristiche principali<\/h3>\t\t<\/div>\n\t\t\t\t<\/div>\n\t\t\t\t<div class=\"elementor-element elementor-element-57933355 elementor-widget elementor-widget-text-editor\" data-id=\"57933355\" data-element_type=\"widget\" data-widget_type=\"text-editor.default\">\n\t\t\t\t<div class=\"elementor-widget-container\">\n\t\t\t\t\t<div class=\"elementor-text-editor elementor-clearfix\"><p>- Pu\u00f2 essere utilizzato facilmente senza alcuna formazione speciale e senza operazioni di sicurezza.<br \/>- Cilindro aria originale FESTO<br \/>- Ridurre al minimo l'investimento iniziale iniziando in piccolo<br \/>- Aggiungere sistemi aggiuntivi in modo economico man mano che l'azienda cresce<br \/>- Bottiglie di diverse dimensioni possono essere prodotte simultaneamente per soddisfare le vostre esigenze.<br \/>- Il passaggio da una taglia all'altra pu\u00f2 essere completato in modo semplice e veloce<br \/>- I costi di attrezzaggio (stampi) sono bassi poich\u00e9 la progettazione del sistema \u00e8 semplice.<br \/>- I sistemi possono essere dedicati alla produzione di particolari formati di bottiglie<br \/>- Un breve periodo di addestramento dell'operatore grazie alla semplicit\u00e0 del progetto<br \/>- I costi di manutenzione sono ridotti al minimo e non \u00e8 necessario personale altamente qualificato.<br \/>- Il funzionamento semplice non richiede operatori altamente qualificati<\/p><\/div>\n\t\t\t\t<\/div>\n\t\t\t\t<\/div>\n\t\t\t\t<div class=\"elementor-element elementor-element-1e99e714 elementor-widget elementor-widget-heading\" data-id=\"1e99e714\" data-element_type=\"widget\" data-widget_type=\"heading.default\">\n\t\t\t\t<div class=\"elementor-widget-container\">\n\t\t\t<h3 class=\"elementor-heading-title elementor-size-default\">Specifiche tecniche<\/h3>\t\t<\/div>\n\t\t\t\t<\/div>\n\t\t\t\t<div class=\"elementor-element elementor-element-5242cb1a elementor-widget elementor-widget-text-editor\" data-id=\"5242cb1a\" data-element_type=\"widget\" data-widget_type=\"text-editor.default\">\n\t\t\t\t<div class=\"elementor-widget-container\">\n\t\t\t\t\t<div class=\"elementor-text-editor elementor-clearfix\"><table width=\"778\"><tbody><tr><td width=\"241\">Modello\u00a0<\/td><td width=\"220\">HZ-880\u00a0<\/td><td width=\"167\">HZ-880(S)\u00a0<\/td><td width=\"150\">HZ-880(L)<\/td><\/tr><tr><td>Materiale della preforma applicabile\u00a0<\/td><td>PET\/PP<\/td><td>PET\/PP<\/td><td>PET\/PP<\/td><\/tr><tr><td>Dimensioni della bottiglia e numero di cavit\u00e0<\/td><td>0,05-2,0 L(2-cav); 3-6 L(1-cav)<\/td><td>0,05-2,0 L(cavit\u00e0)<\/td><td>3-6 L(2 cavit\u00e0)<\/td><\/tr><tr><td>Capacit\u00e0 di uscita\u00a0<\/td><td>700-1000 BPH\u00a0<\/td><td>700-1000 BPH\u00a0<\/td><td>600-800 BPH<\/td><\/tr><tr><td>Altezza massima della bottiglia\u00a0<\/td><td>360 mm\u00a0<\/td><td>360 mm\u00a0<\/td><td>360 mm\u00a0<\/td><\/tr><tr><td>Diametro massimo della bottiglia\u00a0<\/td><td>180 mm\u00a0<\/td><td>180 mm\u00a0<\/td><td>180 mm\u00a0<\/td><\/tr><tr><td>Dimensione massima della piastra di stampaggio (LxW)<\/td><td>420 x 500 mm\u00a0<\/td><td>320 x 420 mm\u00a0<\/td><td>450 x 620 mm<\/td><\/tr><tr><td>Forza di serraggio\u00a0<\/td><td>180 KN\u00a0<\/td><td>120 KN\u00a0<\/td><td>220 KN\u00a0<\/td><\/tr><tr><td>Consumo di energia\u00a0<\/td><td>12 kw<\/td><td>12 kw<\/td><td>12 kw<\/td><\/tr><tr><td>Alimentazione\u00a0<\/td><td>220~380V\/50~60 HZ\u00a0<\/td><td>220~380V\/50~60HZ<\/td><td>220~380V\/50~60HZ<\/td><\/tr><tr><td>Dimensioni della macchina (L x W x H)\u00a0<\/td><td>1,66 x 0,74 x 2,2 M\u00a0<\/td><td>1,2 x 0,55 x 1,9 M<\/td><td>1,7 x 0,82 x 2,2 M<\/td><\/tr><tr><td>Peso della macchina\u00a0<\/td><td>700 kg (circa)<\/td><td>500 kg (circa)<\/td><td>900 kg (circa)<\/td><\/tr><tr><td>Dimensioni del preriscaldatore (L x W x H)\u00a0<\/td><td>1,46 x 0,71 x 1,58 M\u00a0<\/td><td>1,46 x 0,71 x 1,58 M\u00a0<\/td><td>1,77 x 0,72 x 1,58 M<\/td><\/tr><tr><td>Peso del preriscaldatore\u00a0<\/td><td>300 kg (circa)\u00a0<\/td><td>300 kg (circa)\u00a0<\/td><td>500 kg (circa)\u00a0<\/td><\/tr><\/tbody><\/table><\/div>\n\t\t\t\t<\/div>\n\t\t\t\t<\/div>\n\t\t\t\t<div class=\"elementor-element elementor-element-38b7431d elementor-widget elementor-widget-text-editor\" data-id=\"38b7431d\" data-element_type=\"widget\" data-widget_type=\"text-editor.default\">\n\t\t\t\t<div class=\"elementor-widget-container\">\n\t\t\t\t\t<div class=\"elementor-text-editor elementor-clearfix\"><p>\uf013 Le specifiche sono soggette a modifiche senza preavviso, Tutti i diritti sono riservati.<\/p><\/div>\n\t\t\t\t<\/div>\n\t\t\t\t<\/div>\n\t\t\t\t\t\t<\/div>\n\t\t\t<\/div>\n\t\t<\/div>\n\t\t\t\t<div class=\"elementor-element elementor-element-2053c062 elementor-column elementor-col-50 elementor-top-column\" data-id=\"2053c062\" data-element_type=\"column\">\n\t\t\t<div class=\"elementor-column-wrap  elementor-element-populated\">\n\t\t\t\t\t<div class=\"elementor-widget-wrap\">\n\t\t\t\t<div class=\"elementor-element elementor-element-22222b44 elementor-widget elementor-widget-image\" data-id=\"22222b44\" data-element_type=\"widget\" data-widget_type=\"image.default\">\n\t\t\t\t<div class=\"elementor-widget-container\">\n\t\t\t\t\t<div class=\"elementor-image\">\n\t\t\t\t\t\t\t\t\t\t\t<a href=\"https:\/\/focusonpack.com\/wp-content\/uploads\/2025\/03\/Semi-Automatic-PET-Bottle-Blowing-Machine-logo.png\">\n\t\t\t\t\t\t\t<img loading=\"lazy\" decoding=\"async\" width=\"1041\" height=\"776\" src=\"https:\/\/focusonpack.com\/wp-content\/uploads\/2025\/03\/Semi-Automatic-PET-Bottle-Blowing-Machine.png\" class=\"elementor-animation-grow attachment-full size-full\" alt=\"\" srcset=\"https:\/\/focusonpack.com\/wp-content\/uploads\/2025\/03\/Semi-Automatic-PET-Bottle-Blowing-Machine.png 1041w, https:\/\/focusonpack.com\/wp-content\/uploads\/2025\/03\/Semi-Automatic-PET-Bottle-Blowing-Machine-300x224.png 300w, https:\/\/focusonpack.com\/wp-content\/uploads\/2025\/03\/Semi-Automatic-PET-Bottle-Blowing-Machine-1024x763.png 1024w, https:\/\/focusonpack.com\/wp-content\/uploads\/2025\/03\/Semi-Automatic-PET-Bottle-Blowing-Machine-768x572.png 768w, https:\/\/focusonpack.com\/wp-content\/uploads\/2025\/03\/Semi-Automatic-PET-Bottle-Blowing-Machine-270x200.png 270w, https:\/\/focusonpack.com\/wp-content\/uploads\/2025\/03\/Semi-Automatic-PET-Bottle-Blowing-Machine-600x447.png 600w\" sizes=\"auto, (max-width: 1041px) 100vw, 1041px\" \/>\t\t\t\t\t\t\t\t<\/a>\n\t\t\t\t\t\t\t\t\t\t\t<\/div>\n\t\t\t\t<\/div>\n\t\t\t\t<\/div>\n\t\t\t\t<div class=\"elementor-element elementor-element-46684abb elementor-button-info elementor-align-center elementor-widget elementor-widget-button\" data-id=\"46684abb\" data-element_type=\"widget\" data-widget_type=\"button.default\">\n\t\t\t\t<div class=\"elementor-widget-container\">\n\t\t\t\t\t<div class=\"elementor-button-wrapper\">\n\t\t\t<a href=\"https:\/\/focusonpack.com\/it\/contattateci\/\" class=\"elementor-button-link elementor-button elementor-size-sm\" role=\"button\">\n\t\t\t\t\t\t<span class=\"elementor-button-content-wrapper\">\n\t\t\t\t\t\t<span class=\"elementor-button-text\">Richiesta di preventivo<\/span>\n\t\t<\/span>\n\t\t\t\t\t<\/a>\n\t\t<\/div>\n\t\t\t\t<\/div>\n\t\t\t\t<\/div>\n\t\t\t\t\t\t<\/div>\n\t\t\t<\/div>\n\t\t<\/div>\n\t\t\t\t\t\t<\/div>\n\t\t\t<\/div>\n\t\t<\/section>\n\t\t\t\t\t\t<\/div>\n\t\t\t<\/div>\n\t\t<\/div>","protected":false},"excerpt":{"rendered":"<p>800BPH Semi Automatic PET Blow&hellip;<\/p>","protected":false},"author":1,"featured_media":0,"parent":2571,"menu_order":0,"comment_status":"closed","ping_status":"closed","template":"elementor_header_footer","meta":{"footnotes":""},"class_list":["post-3114","page","type-page","status-publish","hentry","no-thumb"],"yoast_head":"<!-- This site is optimized with the Yoast SEO plugin v24.8.1 - https:\/\/yoast.com\/wordpress\/plugins\/seo\/ -->\n<title>800BPH Semi Automatic PET Blowing Machine - Focus on pack<\/title>\n<meta name=\"robots\" content=\"index, follow, max-snippet:-1, max-image-preview:large, max-video-preview:-1\" \/>\n<link rel=\"canonical\" href=\"https:\/\/focusonpack.com\/it\/macchina-semiautomatica-per-il-soffiaggio-delle-bottiglie-in-pet\/macchina-soffiatrice-semiautomatica-per-animali-domestici-800bph\/\" \/>\n<meta property=\"og:locale\" content=\"it_IT\" \/>\n<meta property=\"og:type\" content=\"article\" \/>\n<meta property=\"og:title\" content=\"800BPH Semi Automatic PET Blowing Machine - Focus on pack\" \/>\n<meta property=\"og:description\" content=\"800BPH Semi Automatic PET Blow&hellip;\" \/>\n<meta property=\"og:url\" content=\"https:\/\/focusonpack.com\/it\/macchina-semiautomatica-per-il-soffiaggio-delle-bottiglie-in-pet\/macchina-soffiatrice-semiautomatica-per-animali-domestici-800bph\/\" \/>\n<meta property=\"og:site_name\" content=\"Focus on pack\" \/>\n<meta property=\"article:modified_time\" content=\"2025-03-21T09:09:17+00:00\" \/>\n<meta property=\"og:image\" content=\"https:\/\/focusonpack.com\/wp-content\/uploads\/2025\/03\/Semi-Automatic-PET-Bottle-Blowing-Machine.png\" \/>\n<meta name=\"twitter:card\" content=\"summary_large_image\" \/>\n<meta name=\"twitter:label1\" content=\"Tempo di lettura stimato\" \/>\n\t<meta name=\"twitter:data1\" content=\"3 minuti\" \/>\n<script type=\"application\/ld+json\" class=\"yoast-schema-graph\">{\"@context\":\"https:\/\/schema.org\",\"@graph\":[{\"@type\":\"WebPage\",\"@id\":\"https:\/\/focusonpack.com\/semi-automatic-pet-bottle-blowing-machine\/800bph-semi-automatic-pet-blowing-machine\/\",\"url\":\"https:\/\/focusonpack.com\/semi-automatic-pet-bottle-blowing-machine\/800bph-semi-automatic-pet-blowing-machine\/\",\"name\":\"800BPH Semi Automatic PET Blowing Machine - Focus on pack\",\"isPartOf\":{\"@id\":\"https:\/\/focusonpack.com\/#website\"},\"primaryImageOfPage\":{\"@id\":\"https:\/\/focusonpack.com\/semi-automatic-pet-bottle-blowing-machine\/800bph-semi-automatic-pet-blowing-machine\/#primaryimage\"},\"image\":{\"@id\":\"https:\/\/focusonpack.com\/semi-automatic-pet-bottle-blowing-machine\/800bph-semi-automatic-pet-blowing-machine\/#primaryimage\"},\"thumbnailUrl\":\"https:\/\/focusonpack.com\/wp-content\/uploads\/2025\/03\/Semi-Automatic-PET-Bottle-Blowing-Machine.png\",\"datePublished\":\"2020-05-11T08:16:47+00:00\",\"dateModified\":\"2025-03-21T09:09:17+00:00\",\"breadcrumb\":{\"@id\":\"https:\/\/focusonpack.com\/semi-automatic-pet-bottle-blowing-machine\/800bph-semi-automatic-pet-blowing-machine\/#breadcrumb\"},\"inLanguage\":\"it-IT\",\"potentialAction\":[{\"@type\":\"ReadAction\",\"target\":[\"https:\/\/focusonpack.com\/semi-automatic-pet-bottle-blowing-machine\/800bph-semi-automatic-pet-blowing-machine\/\"]}]},{\"@type\":\"ImageObject\",\"inLanguage\":\"it-IT\",\"@id\":\"https:\/\/focusonpack.com\/semi-automatic-pet-bottle-blowing-machine\/800bph-semi-automatic-pet-blowing-machine\/#primaryimage\",\"url\":\"https:\/\/focusonpack.com\/wp-content\/uploads\/2025\/03\/Semi-Automatic-PET-Bottle-Blowing-Machine.png\",\"contentUrl\":\"https:\/\/focusonpack.com\/wp-content\/uploads\/2025\/03\/Semi-Automatic-PET-Bottle-Blowing-Machine.png\"},{\"@type\":\"BreadcrumbList\",\"@id\":\"https:\/\/focusonpack.com\/semi-automatic-pet-bottle-blowing-machine\/800bph-semi-automatic-pet-blowing-machine\/#breadcrumb\",\"itemListElement\":[{\"@type\":\"ListItem\",\"position\":1,\"name\":\"\u9996\u9875\",\"item\":\"https:\/\/focusonpack.com\/\"},{\"@type\":\"ListItem\",\"position\":2,\"name\":\"Semi Automatic PET Bottle Blowing Machine\",\"item\":\"https:\/\/focusonpack.com\/semi-automatic-pet-bottle-blowing-machine\/\"},{\"@type\":\"ListItem\",\"position\":3,\"name\":\"800BPH Semi Automatic PET Blowing Machine\"}]},{\"@type\":\"WebSite\",\"@id\":\"https:\/\/focusonpack.com\/#website\",\"url\":\"https:\/\/focusonpack.com\/\",\"name\":\"Focus on pack\",\"description\":\"\",\"potentialAction\":[{\"@type\":\"SearchAction\",\"target\":{\"@type\":\"EntryPoint\",\"urlTemplate\":\"https:\/\/focusonpack.com\/?s={search_term_string}\"},\"query-input\":{\"@type\":\"PropertyValueSpecification\",\"valueRequired\":true,\"valueName\":\"search_term_string\"}}],\"inLanguage\":\"it-IT\"}]}<\/script>\n<!-- \/ Yoast SEO plugin. -->","yoast_head_json":{"title":"800BPH Semi Automatic PET Blowing Machine - Focus on pack","robots":{"index":"index","follow":"follow","max-snippet":"max-snippet:-1","max-image-preview":"max-image-preview:large","max-video-preview":"max-video-preview:-1"},"canonical":"https:\/\/focusonpack.com\/it\/macchina-semiautomatica-per-il-soffiaggio-delle-bottiglie-in-pet\/macchina-soffiatrice-semiautomatica-per-animali-domestici-800bph\/","og_locale":"it_IT","og_type":"article","og_title":"800BPH Semi Automatic PET Blowing Machine - Focus on pack","og_description":"800BPH Semi Automatic PET Blow&hellip;","og_url":"https:\/\/focusonpack.com\/it\/macchina-semiautomatica-per-il-soffiaggio-delle-bottiglie-in-pet\/macchina-soffiatrice-semiautomatica-per-animali-domestici-800bph\/","og_site_name":"Focus on pack","article_modified_time":"2025-03-21T09:09:17+00:00","og_image":[{"url":"https:\/\/focusonpack.com\/wp-content\/uploads\/2025\/03\/Semi-Automatic-PET-Bottle-Blowing-Machine.png","type":"","width":"","height":""}],"twitter_card":"summary_large_image","twitter_misc":{"Tempo di lettura stimato":"3 minuti"},"schema":{"@context":"https:\/\/schema.org","@graph":[{"@type":"WebPage","@id":"https:\/\/focusonpack.com\/semi-automatic-pet-bottle-blowing-machine\/800bph-semi-automatic-pet-blowing-machine\/","url":"https:\/\/focusonpack.com\/semi-automatic-pet-bottle-blowing-machine\/800bph-semi-automatic-pet-blowing-machine\/","name":"800BPH Semi Automatic PET Blowing Machine - Focus on pack","isPartOf":{"@id":"https:\/\/focusonpack.com\/#website"},"primaryImageOfPage":{"@id":"https:\/\/focusonpack.com\/semi-automatic-pet-bottle-blowing-machine\/800bph-semi-automatic-pet-blowing-machine\/#primaryimage"},"image":{"@id":"https:\/\/focusonpack.com\/semi-automatic-pet-bottle-blowing-machine\/800bph-semi-automatic-pet-blowing-machine\/#primaryimage"},"thumbnailUrl":"https:\/\/focusonpack.com\/wp-content\/uploads\/2025\/03\/Semi-Automatic-PET-Bottle-Blowing-Machine.png","datePublished":"2020-05-11T08:16:47+00:00","dateModified":"2025-03-21T09:09:17+00:00","breadcrumb":{"@id":"https:\/\/focusonpack.com\/semi-automatic-pet-bottle-blowing-machine\/800bph-semi-automatic-pet-blowing-machine\/#breadcrumb"},"inLanguage":"it-IT","potentialAction":[{"@type":"ReadAction","target":["https:\/\/focusonpack.com\/semi-automatic-pet-bottle-blowing-machine\/800bph-semi-automatic-pet-blowing-machine\/"]}]},{"@type":"ImageObject","inLanguage":"it-IT","@id":"https:\/\/focusonpack.com\/semi-automatic-pet-bottle-blowing-machine\/800bph-semi-automatic-pet-blowing-machine\/#primaryimage","url":"https:\/\/focusonpack.com\/wp-content\/uploads\/2025\/03\/Semi-Automatic-PET-Bottle-Blowing-Machine.png","contentUrl":"https:\/\/focusonpack.com\/wp-content\/uploads\/2025\/03\/Semi-Automatic-PET-Bottle-Blowing-Machine.png"},{"@type":"BreadcrumbList","@id":"https:\/\/focusonpack.com\/semi-automatic-pet-bottle-blowing-machine\/800bph-semi-automatic-pet-blowing-machine\/#breadcrumb","itemListElement":[{"@type":"ListItem","position":1,"name":"\u9996\u9875","item":"https:\/\/focusonpack.com\/"},{"@type":"ListItem","position":2,"name":"Semi Automatic PET Bottle Blowing Machine","item":"https:\/\/focusonpack.com\/semi-automatic-pet-bottle-blowing-machine\/"},{"@type":"ListItem","position":3,"name":"800BPH Semi Automatic PET Blowing Machine"}]},{"@type":"WebSite","@id":"https:\/\/focusonpack.com\/#website","url":"https:\/\/focusonpack.com\/","name":"Focus on pack","description":"","potentialAction":[{"@type":"SearchAction","target":{"@type":"EntryPoint","urlTemplate":"https:\/\/focusonpack.com\/?s={search_term_string}"},"query-input":{"@type":"PropertyValueSpecification","valueRequired":true,"valueName":"search_term_string"}}],"inLanguage":"it-IT"}]}},"_links":{"self":[{"href":"https:\/\/focusonpack.com\/it\/wp-json\/wp\/v2\/pages\/3114","targetHints":{"allow":["GET"]}}],"collection":[{"href":"https:\/\/focusonpack.com\/it\/wp-json\/wp\/v2\/pages"}],"about":[{"href":"https:\/\/focusonpack.com\/it\/wp-json\/wp\/v2\/types\/page"}],"author":[{"embeddable":true,"href":"https:\/\/focusonpack.com\/it\/wp-json\/wp\/v2\/users\/1"}],"replies":[{"embeddable":true,"href":"https:\/\/focusonpack.com\/it\/wp-json\/wp\/v2\/comments?post=3114"}],"version-history":[{"count":13,"href":"https:\/\/focusonpack.com\/it\/wp-json\/wp\/v2\/pages\/3114\/revisions"}],"predecessor-version":[{"id":4552,"href":"https:\/\/focusonpack.com\/it\/wp-json\/wp\/v2\/pages\/3114\/revisions\/4552"}],"up":[{"embeddable":true,"href":"https:\/\/focusonpack.com\/it\/wp-json\/wp\/v2\/pages\/2571"}],"wp:attachment":[{"href":"https:\/\/focusonpack.com\/it\/wp-json\/wp\/v2\/media?parent=3114"}],"curies":[{"name":"wp","href":"https:\/\/api.w.org\/{rel}","templated":true}]}}