{"id":3308,"date":"2020-05-15T16:54:06","date_gmt":"2020-05-15T08:54:06","guid":{"rendered":"https:\/\/focusonpack.com\/?page_id=3308"},"modified":"2025-03-29T15:51:53","modified_gmt":"2025-03-29T07:51:53","slug":"semi-automatic-rotary-valve-piston-filling-machine-for-thick-liquids","status":"publish","type":"page","link":"https:\/\/focusonpack.com\/it\/macchina-di-riempimento-a-pistone\/riempitrice-semiautomatica-a-pistone-con-valvola-rotante-per-liquidi-densi\/","title":{"rendered":"Macchina di riempimento a pistone con valvola rotante semiautomatica per liquidi spessi"},"content":{"rendered":"<div data-elementor-type=\"wp-page\" data-elementor-id=\"3308\" class=\"elementor elementor-3308\" data-elementor-settings=\"[]\">\n\t\t\t<div class=\"elementor-inner\">\n\t\t\t\t<div class=\"elementor-section-wrap\">\n\t\t\t\t\t\t\t<section class=\"elementor-element elementor-element-41b36adc elementor-section-boxed elementor-section-height-default elementor-section-height-default elementor-section elementor-top-section\" data-id=\"41b36adc\" data-element_type=\"section\">\n\t\t\t\t\t\t<div class=\"elementor-container elementor-column-gap-default\">\n\t\t\t\t<div class=\"elementor-row\">\n\t\t\t\t<div class=\"elementor-element elementor-element-40686c8d elementor-column elementor-col-50 elementor-top-column\" data-id=\"40686c8d\" data-element_type=\"column\">\n\t\t\t<div class=\"elementor-column-wrap  elementor-element-populated\">\n\t\t\t\t\t<div class=\"elementor-widget-wrap\">\n\t\t\t\t<div class=\"elementor-element elementor-element-808a7ed elementor-widget elementor-widget-heading\" data-id=\"808a7ed\" data-element_type=\"widget\" data-widget_type=\"heading.default\">\n\t\t\t\t<div class=\"elementor-widget-container\">\n\t\t\t<h3 class=\"elementor-heading-title elementor-size-default\">Macchina di riempimento a pistone con valvola rotante semiautomatica per liquidi spessi<\/h3>\t\t<\/div>\n\t\t\t\t<\/div>\n\t\t\t\t<div class=\"elementor-element elementor-element-44c9062c elementor-widget elementor-widget-heading\" data-id=\"44c9062c\" data-element_type=\"widget\" data-widget_type=\"heading.default\">\n\t\t\t\t<div class=\"elementor-widget-container\">\n\t\t\t<h3 class=\"elementor-heading-title elementor-size-default\">Riempitrice a pistone con valvola rotante semiautomatica per liquidi viscosi<\/h3>\t\t<\/div>\n\t\t\t\t<\/div>\n\t\t\t\t<div class=\"elementor-element elementor-element-56eee64 elementor-widget elementor-widget-text-editor\" data-id=\"56eee64\" data-element_type=\"widget\" data-widget_type=\"text-editor.default\">\n\t\t\t\t<div class=\"elementor-widget-container\">\n\t\t\t\t\t<div class=\"elementor-text-editor elementor-clearfix\"><p>La riempitrice semiautomatica da tavolo a pistone con valvola rotante \u00e8 una macchina di riempimento altamente versatile, affidabile e precisa, in grado di gestire Questa riempitrice pneumatica volumetrica misura ed eroga il prodotto al contenitore mediante l'azione di un singolo pistone per ogni testa di riempimento. Questa riempitrice pneumatica volumetrica misura ed eroga il prodotto nel contenitore mediante l'azione di un singolo pistone per ogni testa di riempimento. Il pistone viene tirato indietro nel suo cilindro in modo che il prodotto venga aspirato all'interno del cilindro. Una valvola rotante viene quindi ruotata di novanta gradi tra il cilindro e il tubo di scarico durante la corsa di erogazione, in modo che il prodotto venga spinto fuori dal cilindro. Nella corsa di erogazione, una valvola rotante ruota di novanta gradi tra il cilindro e il tubo di scarico, in modo che il prodotto venga spinto fuori dall'ugello anzich\u00e9 tornare nella tramoggia.<\/p><\/div>\n\t\t\t\t<\/div>\n\t\t\t\t<\/div>\n\t\t\t\t<div class=\"elementor-element elementor-element-4999dd5c elementor-widget elementor-widget-text-editor\" data-id=\"4999dd5c\" data-element_type=\"widget\" data-widget_type=\"text-editor.default\">\n\t\t\t\t<div class=\"elementor-widget-container\">\n\t\t\t\t\t<div class=\"elementor-text-editor elementor-clearfix\"><p>Il volume della camera di riempimento in cui opera il pistone determina il volume di prodotto erogato nel contenitore. Pi\u00f9 grande \u00e8 il cilindro di prodotto, maggiore \u00e8 il volume disponibile per il riempimento. All'allungarsi della corsa aumenta il volume della camera, mentre all'accorciarsi della corsa aumenta il volume della camera. All'allungarsi della corsa, il volume della camera aumenta e all'accorciarsi della corsa, il volume della camera diminuisce.<\/p><\/div>\n\t\t\t\t<\/div>\n\t\t\t\t<\/div>\n\t\t\t\t<div class=\"elementor-element elementor-element-50cf43f elementor-widget elementor-widget-text-editor\" data-id=\"50cf43f\" data-element_type=\"widget\" data-widget_type=\"text-editor.default\">\n\t\t\t\t<div class=\"elementor-widget-container\">\n\t\t\t\t\t<div class=\"elementor-text-editor elementor-clearfix\"><p>L'accuratezza dipende dalla percentuale del volume complessivo della bombola di prodotto utilizzata: maggiore \u00e8 il volume, maggiore \u00e8 l'accuratezza. Le macchine di riempimento hanno una precisione di +\/- 1% quando vengono utilizzate negli intervalli di volume di riempimento raccomandati per ciascuna bombola di dimensioni specifiche. Sono disponibili come opzione il tipo da tavolo con un ugello e due ugelli, il tipo da pavimento con un ugello e due ugelli. Il tipo da tavolo con un ugello e due ugelli, il tipo a pavimento con un ugello e due ugelli sono disponibili come opzione.<\/p><\/div>\n\t\t\t\t<\/div>\n\t\t\t\t<\/div>\n\t\t\t\t<div class=\"elementor-element elementor-element-900e959 elementor-widget elementor-widget-heading\" data-id=\"900e959\" data-element_type=\"widget\" data-widget_type=\"heading.default\">\n\t\t\t\t<div class=\"elementor-widget-container\">\n\t\t\t<h3 class=\"elementor-heading-title elementor-size-default\">Caratteristiche principali<\/h3>\t\t<\/div>\n\t\t\t\t<\/div>\n\t\t\t\t<div class=\"elementor-element elementor-element-3e32a765 elementor-widget elementor-widget-text-editor\" data-id=\"3e32a765\" data-element_type=\"widget\" data-widget_type=\"text-editor.default\">\n\t\t\t\t<div class=\"elementor-widget-container\">\n\t\t\t\t\t<div class=\"elementor-text-editor elementor-clearfix\"><p>- Struttura in acciaio inossidabile per uso sanitario<\/p><p>- Pistone Airtec o Festo<\/p><p>- Smontaggio senza attrezzi per una facile pulizia<\/p><p>- Ugello e tubo di alimentazione a sgancio rapido senza l'ausilio di attrezzi<\/p><p>- Tramoggia a forma di cono (con rivestimento opzionale)<\/p><p>- Funzionamento manuale\/automatico<\/p><p>- L'azionamento a pedale libera le mani dell'operatore per altre operazioni<\/p><p>- Funzionamento pneumatico adatto per aree pericolose o impianti di lavaggio<\/p><p>- Regolazione della velocit\u00e0 di aspirazione e di erogazione del prodotto<\/p><p>- Ugelli intercambiabili<\/p><p>- Facilmente assemblabile e smontabile<\/p><p>- Facilmente trasportabile<\/p><\/div>\n\t\t\t\t<\/div>\n\t\t\t\t<\/div>\n\t\t\t\t<div class=\"elementor-element elementor-element-1b1f2d15 elementor-widget elementor-widget-heading\" data-id=\"1b1f2d15\" data-element_type=\"widget\" data-widget_type=\"heading.default\">\n\t\t\t\t<div class=\"elementor-widget-container\">\n\t\t\t<h3 class=\"elementor-heading-title elementor-size-default\">Specifiche tecniche<\/h3>\t\t<\/div>\n\t\t\t\t<\/div>\n\t\t\t\t<div class=\"elementor-element elementor-element-1e227822 elementor-widget elementor-widget-text-editor\" data-id=\"1e227822\" data-element_type=\"widget\" data-widget_type=\"text-editor.default\">\n\t\t\t\t<div class=\"elementor-widget-container\">\n\t\t\t\t\t<div class=\"elementor-text-editor elementor-clearfix\"><p>Velocit\u00e0 di riempimento: fino a 30BPM (bottiglia al minuto)<br \/>Precisione di riempimento: 99%<br \/>Intervallo di riempimento.<br \/>5-60ml,15-125ml,15-250ml,50-500ml,100-1000ml,500-2500ml,1000-5000ml.<br \/>Pressione dell'aria: 70-100 psi<br \/>Volume d'aria: 3-5 cfm<\/p><\/div>\n\t\t\t\t<\/div>\n\t\t\t\t<\/div>\n\t\t\t\t\t\t<\/div>\n\t\t\t<\/div>\n\t\t<\/div>\n\t\t\t\t<div class=\"elementor-element elementor-element-3b088b7f elementor-column elementor-col-50 elementor-top-column\" data-id=\"3b088b7f\" data-element_type=\"column\">\n\t\t\t<div class=\"elementor-column-wrap  elementor-element-populated\">\n\t\t\t\t\t<div class=\"elementor-widget-wrap\">\n\t\t\t\t<div class=\"elementor-element elementor-element-4059541d elementor-widget elementor-widget-spacer\" data-id=\"4059541d\" data-element_type=\"widget\" data-widget_type=\"spacer.default\">\n\t\t\t\t<div class=\"elementor-widget-container\">\n\t\t\t\t\t<div class=\"elementor-spacer\">\n\t\t\t<div class=\"elementor-spacer-inner\"><\/div>\n\t\t<\/div>\n\t\t\t\t<\/div>\n\t\t\t\t<\/div>\n\t\t\t\t<div class=\"elementor-element elementor-element-59e8087 elementor-widget elementor-widget-image\" data-id=\"59e8087\" data-element_type=\"widget\" data-widget_type=\"image.default\">\n\t\t\t\t<div class=\"elementor-widget-container\">\n\t\t\t\t\t<div class=\"elementor-image\">\n\t\t\t\t\t\t\t\t\t\t<img loading=\"lazy\" decoding=\"async\" width=\"302\" height=\"200\" src=\"https:\/\/focusonpack.com\/wp-content\/uploads\/2023\/07\/rotary0.jpg\" class=\"elementor-animation-grow attachment-full size-full\" alt=\"\" srcset=\"https:\/\/focusonpack.com\/wp-content\/uploads\/2023\/07\/rotary0.jpg 302w, https:\/\/focusonpack.com\/wp-content\/uploads\/2023\/07\/rotary0-300x200.jpg 300w, https:\/\/focusonpack.com\/wp-content\/uploads\/2023\/07\/rotary0-270x180.jpg 270w\" sizes=\"auto, (max-width: 302px) 100vw, 302px\" \/>\t\t\t\t\t\t\t\t\t\t\t<\/div>\n\t\t\t\t<\/div>\n\t\t\t\t<\/div>\n\t\t\t\t<div class=\"elementor-element elementor-element-4731b842 elementor-button-info elementor-align-center elementor-widget elementor-widget-button\" data-id=\"4731b842\" data-element_type=\"widget\" data-widget_type=\"button.default\">\n\t\t\t\t<div class=\"elementor-widget-container\">\n\t\t\t\t\t<div class=\"elementor-button-wrapper\">\n\t\t\t<a href=\"https:\/\/focusonpack.com\/it\/contattateci\/\" class=\"elementor-button-link elementor-button elementor-size-sm\" role=\"button\">\n\t\t\t\t\t\t<span class=\"elementor-button-content-wrapper\">\n\t\t\t\t\t\t<span class=\"elementor-button-text\">Richiesta di preventivo<\/span>\n\t\t<\/span>\n\t\t\t\t\t<\/a>\n\t\t<\/div>\n\t\t\t\t<\/div>\n\t\t\t\t<\/div>\n\t\t\t\t\t\t<\/div>\n\t\t\t<\/div>\n\t\t<\/div>\n\t\t\t\t\t\t<\/div>\n\t\t\t<\/div>\n\t\t<\/section>\n\t\t\t\t\t\t<\/div>\n\t\t\t<\/div>\n\t\t<\/div>","protected":false},"excerpt":{"rendered":"<p>Semi Automatic Rotary Valve Pi&hellip;<\/p>","protected":false},"author":1,"featured_media":0,"parent":2495,"menu_order":0,"comment_status":"closed","ping_status":"closed","template":"elementor_header_footer","meta":{"footnotes":""},"class_list":["post-3308","page","type-page","status-publish","hentry","no-thumb"],"yoast_head":"<!-- This site is optimized with the Yoast SEO plugin v24.8.1 - https:\/\/yoast.com\/wordpress\/plugins\/seo\/ -->\n<title>Semi Automatic Rotary Valve Piston Filling Machine for Thick Liquids - Focus on pack<\/title>\n<meta name=\"robots\" content=\"index, follow, max-snippet:-1, max-image-preview:large, max-video-preview:-1\" \/>\n<link rel=\"canonical\" href=\"https:\/\/focusonpack.com\/it\/macchina-di-riempimento-a-pistone\/riempitrice-semiautomatica-a-pistone-con-valvola-rotante-per-liquidi-densi\/\" \/>\n<meta property=\"og:locale\" content=\"it_IT\" \/>\n<meta property=\"og:type\" content=\"article\" \/>\n<meta property=\"og:title\" content=\"Semi Automatic Rotary Valve Piston Filling Machine for Thick Liquids - Focus on pack\" \/>\n<meta property=\"og:description\" content=\"Semi Automatic Rotary Valve Pi&hellip;\" \/>\n<meta property=\"og:url\" content=\"https:\/\/focusonpack.com\/it\/macchina-di-riempimento-a-pistone\/riempitrice-semiautomatica-a-pistone-con-valvola-rotante-per-liquidi-densi\/\" \/>\n<meta property=\"og:site_name\" content=\"Focus on pack\" \/>\n<meta property=\"article:modified_time\" content=\"2025-03-29T07:51:53+00:00\" \/>\n<meta property=\"og:image\" content=\"https:\/\/focusonpack.com\/wp-content\/uploads\/2023\/07\/rotary0.jpg\" \/>\n<meta name=\"twitter:card\" content=\"summary_large_image\" \/>\n<meta name=\"twitter:label1\" content=\"Tempo di lettura stimato\" \/>\n\t<meta name=\"twitter:data1\" content=\"3 minuti\" \/>\n<script type=\"application\/ld+json\" class=\"yoast-schema-graph\">{\"@context\":\"https:\/\/schema.org\",\"@graph\":[{\"@type\":\"WebPage\",\"@id\":\"https:\/\/focusonpack.com\/piston-filling-machine\/semi-automatic-rotary-valve-piston-filling-machine-for-thick-liquids\/\",\"url\":\"https:\/\/focusonpack.com\/piston-filling-machine\/semi-automatic-rotary-valve-piston-filling-machine-for-thick-liquids\/\",\"name\":\"Semi Automatic Rotary Valve Piston Filling Machine for Thick Liquids - Focus on pack\",\"isPartOf\":{\"@id\":\"https:\/\/focusonpack.com\/#website\"},\"primaryImageOfPage\":{\"@id\":\"https:\/\/focusonpack.com\/piston-filling-machine\/semi-automatic-rotary-valve-piston-filling-machine-for-thick-liquids\/#primaryimage\"},\"image\":{\"@id\":\"https:\/\/focusonpack.com\/piston-filling-machine\/semi-automatic-rotary-valve-piston-filling-machine-for-thick-liquids\/#primaryimage\"},\"thumbnailUrl\":\"https:\/\/focusonpack.com\/wp-content\/uploads\/2023\/07\/rotary0.jpg\",\"datePublished\":\"2020-05-15T08:54:06+00:00\",\"dateModified\":\"2025-03-29T07:51:53+00:00\",\"breadcrumb\":{\"@id\":\"https:\/\/focusonpack.com\/piston-filling-machine\/semi-automatic-rotary-valve-piston-filling-machine-for-thick-liquids\/#breadcrumb\"},\"inLanguage\":\"it-IT\",\"potentialAction\":[{\"@type\":\"ReadAction\",\"target\":[\"https:\/\/focusonpack.com\/piston-filling-machine\/semi-automatic-rotary-valve-piston-filling-machine-for-thick-liquids\/\"]}]},{\"@type\":\"ImageObject\",\"inLanguage\":\"it-IT\",\"@id\":\"https:\/\/focusonpack.com\/piston-filling-machine\/semi-automatic-rotary-valve-piston-filling-machine-for-thick-liquids\/#primaryimage\",\"url\":\"https:\/\/focusonpack.com\/wp-content\/uploads\/2023\/07\/rotary0.jpg\",\"contentUrl\":\"https:\/\/focusonpack.com\/wp-content\/uploads\/2023\/07\/rotary0.jpg\"},{\"@type\":\"BreadcrumbList\",\"@id\":\"https:\/\/focusonpack.com\/piston-filling-machine\/semi-automatic-rotary-valve-piston-filling-machine-for-thick-liquids\/#breadcrumb\",\"itemListElement\":[{\"@type\":\"ListItem\",\"position\":1,\"name\":\"\u9996\u9875\",\"item\":\"https:\/\/focusonpack.com\/\"},{\"@type\":\"ListItem\",\"position\":2,\"name\":\"Piston Filling Machine\",\"item\":\"https:\/\/focusonpack.com\/piston-filling-machine\/\"},{\"@type\":\"ListItem\",\"position\":3,\"name\":\"Semi Automatic Rotary Valve Piston Filling Machine for Thick Liquids\"}]},{\"@type\":\"WebSite\",\"@id\":\"https:\/\/focusonpack.com\/#website\",\"url\":\"https:\/\/focusonpack.com\/\",\"name\":\"Focus on pack\",\"description\":\"\",\"potentialAction\":[{\"@type\":\"SearchAction\",\"target\":{\"@type\":\"EntryPoint\",\"urlTemplate\":\"https:\/\/focusonpack.com\/?s={search_term_string}\"},\"query-input\":{\"@type\":\"PropertyValueSpecification\",\"valueRequired\":true,\"valueName\":\"search_term_string\"}}],\"inLanguage\":\"it-IT\"}]}<\/script>\n<!-- \/ Yoast SEO plugin. -->","yoast_head_json":{"title":"Semi Automatic Rotary Valve Piston Filling Machine for Thick Liquids - Focus on pack","robots":{"index":"index","follow":"follow","max-snippet":"max-snippet:-1","max-image-preview":"max-image-preview:large","max-video-preview":"max-video-preview:-1"},"canonical":"https:\/\/focusonpack.com\/it\/macchina-di-riempimento-a-pistone\/riempitrice-semiautomatica-a-pistone-con-valvola-rotante-per-liquidi-densi\/","og_locale":"it_IT","og_type":"article","og_title":"Semi Automatic Rotary Valve Piston Filling Machine for Thick Liquids - Focus on pack","og_description":"Semi Automatic Rotary Valve Pi&hellip;","og_url":"https:\/\/focusonpack.com\/it\/macchina-di-riempimento-a-pistone\/riempitrice-semiautomatica-a-pistone-con-valvola-rotante-per-liquidi-densi\/","og_site_name":"Focus on pack","article_modified_time":"2025-03-29T07:51:53+00:00","og_image":[{"url":"https:\/\/focusonpack.com\/wp-content\/uploads\/2023\/07\/rotary0.jpg","type":"","width":"","height":""}],"twitter_card":"summary_large_image","twitter_misc":{"Tempo di lettura stimato":"3 minuti"},"schema":{"@context":"https:\/\/schema.org","@graph":[{"@type":"WebPage","@id":"https:\/\/focusonpack.com\/piston-filling-machine\/semi-automatic-rotary-valve-piston-filling-machine-for-thick-liquids\/","url":"https:\/\/focusonpack.com\/piston-filling-machine\/semi-automatic-rotary-valve-piston-filling-machine-for-thick-liquids\/","name":"Semi Automatic Rotary Valve Piston Filling Machine for Thick Liquids - Focus on pack","isPartOf":{"@id":"https:\/\/focusonpack.com\/#website"},"primaryImageOfPage":{"@id":"https:\/\/focusonpack.com\/piston-filling-machine\/semi-automatic-rotary-valve-piston-filling-machine-for-thick-liquids\/#primaryimage"},"image":{"@id":"https:\/\/focusonpack.com\/piston-filling-machine\/semi-automatic-rotary-valve-piston-filling-machine-for-thick-liquids\/#primaryimage"},"thumbnailUrl":"https:\/\/focusonpack.com\/wp-content\/uploads\/2023\/07\/rotary0.jpg","datePublished":"2020-05-15T08:54:06+00:00","dateModified":"2025-03-29T07:51:53+00:00","breadcrumb":{"@id":"https:\/\/focusonpack.com\/piston-filling-machine\/semi-automatic-rotary-valve-piston-filling-machine-for-thick-liquids\/#breadcrumb"},"inLanguage":"it-IT","potentialAction":[{"@type":"ReadAction","target":["https:\/\/focusonpack.com\/piston-filling-machine\/semi-automatic-rotary-valve-piston-filling-machine-for-thick-liquids\/"]}]},{"@type":"ImageObject","inLanguage":"it-IT","@id":"https:\/\/focusonpack.com\/piston-filling-machine\/semi-automatic-rotary-valve-piston-filling-machine-for-thick-liquids\/#primaryimage","url":"https:\/\/focusonpack.com\/wp-content\/uploads\/2023\/07\/rotary0.jpg","contentUrl":"https:\/\/focusonpack.com\/wp-content\/uploads\/2023\/07\/rotary0.jpg"},{"@type":"BreadcrumbList","@id":"https:\/\/focusonpack.com\/piston-filling-machine\/semi-automatic-rotary-valve-piston-filling-machine-for-thick-liquids\/#breadcrumb","itemListElement":[{"@type":"ListItem","position":1,"name":"\u9996\u9875","item":"https:\/\/focusonpack.com\/"},{"@type":"ListItem","position":2,"name":"Piston Filling Machine","item":"https:\/\/focusonpack.com\/piston-filling-machine\/"},{"@type":"ListItem","position":3,"name":"Semi Automatic Rotary Valve Piston Filling Machine for Thick Liquids"}]},{"@type":"WebSite","@id":"https:\/\/focusonpack.com\/#website","url":"https:\/\/focusonpack.com\/","name":"Focus on pack","description":"","potentialAction":[{"@type":"SearchAction","target":{"@type":"EntryPoint","urlTemplate":"https:\/\/focusonpack.com\/?s={search_term_string}"},"query-input":{"@type":"PropertyValueSpecification","valueRequired":true,"valueName":"search_term_string"}}],"inLanguage":"it-IT"}]}},"_links":{"self":[{"href":"https:\/\/focusonpack.com\/it\/wp-json\/wp\/v2\/pages\/3308","targetHints":{"allow":["GET"]}}],"collection":[{"href":"https:\/\/focusonpack.com\/it\/wp-json\/wp\/v2\/pages"}],"about":[{"href":"https:\/\/focusonpack.com\/it\/wp-json\/wp\/v2\/types\/page"}],"author":[{"embeddable":true,"href":"https:\/\/focusonpack.com\/it\/wp-json\/wp\/v2\/users\/1"}],"replies":[{"embeddable":true,"href":"https:\/\/focusonpack.com\/it\/wp-json\/wp\/v2\/comments?post=3308"}],"version-history":[{"count":12,"href":"https:\/\/focusonpack.com\/it\/wp-json\/wp\/v2\/pages\/3308\/revisions"}],"predecessor-version":[{"id":4625,"href":"https:\/\/focusonpack.com\/it\/wp-json\/wp\/v2\/pages\/3308\/revisions\/4625"}],"up":[{"embeddable":true,"href":"https:\/\/focusonpack.com\/it\/wp-json\/wp\/v2\/pages\/2495"}],"wp:attachment":[{"href":"https:\/\/focusonpack.com\/it\/wp-json\/wp\/v2\/media?parent=3308"}],"curies":[{"name":"wp","href":"https:\/\/api.w.org\/{rel}","templated":true}]}}