{"id":3643,"date":"2020-05-16T17:14:06","date_gmt":"2020-05-16T09:14:06","guid":{"rendered":"https:\/\/focusonpack.com\/?page_id=3643"},"modified":"2023-07-21T11:16:06","modified_gmt":"2023-07-21T03:16:06","slug":"wt-ro-5000-prefiltration-and-reverse-osmosis","status":"publish","type":"page","link":"https:\/\/focusonpack.com\/it\/wt-ro-5000-prefiltrazione-e-osmosi-inversa\/","title":{"rendered":"WT-RO-5000 Prefiltrazione e osmosi inversa"},"content":{"rendered":"<div data-elementor-type=\"wp-page\" data-elementor-id=\"3643\" class=\"elementor elementor-3643\" data-elementor-settings=\"[]\">\n\t\t\t<div class=\"elementor-inner\">\n\t\t\t\t<div class=\"elementor-section-wrap\">\n\t\t\t\t\t\t\t<section class=\"elementor-element elementor-element-3eb6a8bf elementor-section-boxed elementor-section-height-default elementor-section-height-default elementor-section elementor-top-section\" data-id=\"3eb6a8bf\" data-element_type=\"section\">\n\t\t\t\t\t\t<div class=\"elementor-container elementor-column-gap-default\">\n\t\t\t\t<div class=\"elementor-row\">\n\t\t\t\t<div class=\"elementor-element elementor-element-650cc212 elementor-column elementor-col-50 elementor-top-column\" data-id=\"650cc212\" data-element_type=\"column\">\n\t\t\t<div class=\"elementor-column-wrap  elementor-element-populated\">\n\t\t\t\t\t<div class=\"elementor-widget-wrap\">\n\t\t\t\t<div class=\"elementor-element elementor-element-4502b012 elementor-widget elementor-widget-heading\" data-id=\"4502b012\" data-element_type=\"widget\" data-widget_type=\"heading.default\">\n\t\t\t\t<div class=\"elementor-widget-container\">\n\t\t\t<h3 class=\"elementor-heading-title elementor-size-default\">WT-RO-5000 Prefiltrazione e osmosi inversa<\/h3>\t\t<\/div>\n\t\t\t\t<\/div>\n\t\t\t\t<div class=\"elementor-element elementor-element-b340db7 elementor-widget elementor-widget-text-editor\" data-id=\"b340db7\" data-element_type=\"widget\" data-widget_type=\"text-editor.default\">\n\t\t\t\t<div class=\"elementor-widget-container\">\n\t\t\t\t\t<div class=\"elementor-text-editor elementor-clearfix\"><p>I sistemi di osmosi inversa commerciali e industriali WT-RO-5000 sono progettati per produrre in modo economico acqua di elevata purezza attraverso la rimozione di minerali disciolti, batteri, particelle e impurit\u00e0 organiche. Ogni macchina \u00e8 costruita con componenti e materiali di altissima qualit\u00e0 per un funzionamento affidabile e prestazioni eccezionali. Ogni macchina \u00e8 costruita con componenti e materiali di altissima qualit\u00e0 per un funzionamento affidabile e prestazioni eccezionali. La capacit\u00e0 dell'acqua prodotta \u00e8 di 5000 litri all'ora. La macchina standard viene fornita con un pre-trattamento che include un filtro a sabbia per la rimozione dei solidi sospesi e della torbidit\u00e0, un filtro a carboni attivi per la rimozione economica di cloro, clorammine e\/o sostanze organiche che possono causare sapori e odori. organici che possono causare sapore, odore o colore nell'acqua, pompa dosatrice con la quale viene dosata una soluzione antincrostante prima delle membrane a osmosi inversa per disperdere carbonato di calcio e solfati. per disperdere i precipitati di carbonato di calcio e solfati al fine di evitare incrostazioni, un filtro a cartuccia 5mirco prima della pompa ad alta pressione funge da barriera finale alle particelle e agli organismi presenti nell'acqua. barriera finale alle particelle presenti nell'acqua e al sistema a osmosi inversa, che \u00e8 un processo in cui i solidi inorganici disciolti (come i sali) vengono rimossi da una soluzione (come l'acqua). soluzione (come l'acqua). Ci\u00f2 avviene grazie alla pressione di una pompa ad alta pressione che spinge l'acqua attraverso una membrana semipermeabile. La membrana, spessa quanto il cellophane, permette di rimuovere solo l'acqua dalla soluzione (ad esempio l'acqua). La membrana, spessa quanto il cellophane, lascia passare solo l'acqua e non le impurit\u00e0 o i contaminanti, che vengono scaricati nello scarico.<\/p><\/div>\n\t\t\t\t<\/div>\n\t\t\t\t<\/div>\n\t\t\t\t<div class=\"elementor-element elementor-element-27ce86b9 elementor-widget elementor-widget-text-editor\" data-id=\"27ce86b9\" data-element_type=\"widget\" data-widget_type=\"text-editor.default\">\n\t\t\t\t<div class=\"elementor-widget-container\">\n\t\t\t\t\t<div class=\"elementor-text-editor elementor-clearfix\"><p><strong>Istruzioni per il percorso tecnico e il diagramma di flusso<\/strong><\/p><p>Serbatoio dell'acqua grezza \u2192 Pompa di rilancio \u2192 Filtro a sabbia \u2192 Filtro a carbone attivo \u2192 Addolcitore Microfiltro<br \/>\u2192 Pompa ad alta pressione \u2192 Osmosi inversa \u2192 Serbatoio del permeato<\/p><\/div>\n\t\t\t\t<\/div>\n\t\t\t\t<\/div>\n\t\t\t\t<div class=\"elementor-element elementor-element-14df022e elementor-widget elementor-widget-heading\" data-id=\"14df022e\" data-element_type=\"widget\" data-widget_type=\"heading.default\">\n\t\t\t\t<div class=\"elementor-widget-container\">\n\t\t\t<h3 class=\"elementor-heading-title elementor-size-default\">Caratteristiche principali<\/h3>\t\t<\/div>\n\t\t\t\t<\/div>\n\t\t\t\t<div class=\"elementor-element elementor-element-70164d22 elementor-widget elementor-widget-text-editor\" data-id=\"70164d22\" data-element_type=\"widget\" data-widget_type=\"text-editor.default\">\n\t\t\t\t<div class=\"elementor-widget-container\">\n\t\t\t\t\t<div class=\"elementor-text-editor elementor-clearfix\"><p><strong>Materiali di costruzione<\/strong><\/p><p>Telaio del pattino: SS304<\/p><p>Elementi a membrana: idraulica ESPA2-4040<\/p><p>Alloggiamenti della membrana: SS304<\/p><p>Tubazioni a bassa pressione: SS304<\/p><p>Tubazioni ad alta pressione: SS304<\/p><\/div>\n\t\t\t\t<\/div>\n\t\t\t\t<\/div>\n\t\t\t\t<div class=\"elementor-element elementor-element-53a2b5f5 elementor-widget elementor-widget-text-editor\" data-id=\"53a2b5f5\" data-element_type=\"widget\" data-widget_type=\"text-editor.default\">\n\t\t\t\t<div class=\"elementor-widget-container\">\n\t\t\t\t\t<div class=\"elementor-text-editor elementor-clearfix\"><p><b>Pompa e motore<\/b><\/p><p>Pompa: centrifuga verticale multistadio 304SS<\/p><p>Motore: TEFC, 380\/460 VCA, trifase, 50\/60 Hz.<\/p><\/div>\n\t\t\t\t<\/div>\n\t\t\t\t<\/div>\n\t\t\t\t<div class=\"elementor-element elementor-element-194ae3ff elementor-widget elementor-widget-text-editor\" data-id=\"194ae3ff\" data-element_type=\"widget\" data-widget_type=\"text-editor.default\">\n\t\t\t\t<div class=\"elementor-widget-container\">\n\t\t\t\t\t<div class=\"elementor-text-editor elementor-clearfix\"><p><b>Caratteristiche standard<\/b><\/p><p>4\" x 40\" Elementi a membrana ad alta reiezione<\/p><p>Alloggiamento del prefiltro per sedimenti da 5 micron<\/p><p>Elettrovalvola di ingresso automatica<\/p><p>Controllo PLC<\/p><p>Monitoraggio della conducibilit\u00e0 dell'acqua del prodotto<\/p><p>Manometri di pressione di esercizio<\/p><p>Misuratori di portata per prodotti e concentrati<\/p><p>Valvole di controllo del flusso di concentrazione e riciclo<\/p><p>Pressostato di bassa pressione in ingresso con allarme di spegnimento<\/p><p>Lavaggio automatico\/manuale<\/p><\/div>\n\t\t\t\t<\/div>\n\t\t\t\t<\/div>\n\t\t\t\t<div class=\"elementor-element elementor-element-46eaef7 elementor-widget elementor-widget-text-editor\" data-id=\"46eaef7\" data-element_type=\"widget\" data-widget_type=\"text-editor.default\">\n\t\t\t\t<div class=\"elementor-widget-container\">\n\t\t\t\t\t<div class=\"elementor-text-editor elementor-clearfix\"><p><strong>Equipaggiamento opzionale disponibile<\/strong><br \/>Serbatoi atmosferici con controllo del livello e pompe di ripressurizzazione<br \/>Contenitori di stoccaggio pressurizzati<br \/>UV<br \/>Generatore di ozono<br \/>Sistemi clean-in-place (CIP) a membrana<br \/>Sistemi di iniezione chimica di pretrattamento<\/p><\/div>\n\t\t\t\t<\/div>\n\t\t\t\t<\/div>\n\t\t\t\t<div class=\"elementor-element elementor-element-20c3ef0f elementor-widget elementor-widget-heading\" data-id=\"20c3ef0f\" data-element_type=\"widget\" data-widget_type=\"heading.default\">\n\t\t\t\t<div class=\"elementor-widget-container\">\n\t\t\t<h3 class=\"elementor-heading-title elementor-size-default\">Specifiche tecniche<\/h3>\t\t<\/div>\n\t\t\t\t<\/div>\n\t\t\t\t<div class=\"elementor-element elementor-element-10a579d3 elementor-widget elementor-widget-text-editor\" data-id=\"10a579d3\" data-element_type=\"widget\" data-widget_type=\"text-editor.default\">\n\t\t\t\t<div class=\"elementor-widget-container\">\n\t\t\t\t\t<div class=\"elementor-text-editor elementor-clearfix\"><table style=\"width: 301.52pt;\" border=\"0\" width=\"402\" cellspacing=\"0\" cellpadding=\"0\">\n<colgroup>\n<col style=\"width: 129.75pt;\" width=\"173\">\n<col style=\"width: 171.75pt;\" width=\"229\"> <\/colgroup>\n<tbody>\n<tr style=\"height: 15.00pt;\">\n<td class=\"et2\" style=\"height: 15.00pt; width: 129.75pt;\" width=\"173\" height=\"20\">Modello n.&nbsp;<\/td>\n<td class=\"et2\" style=\"width: 171.75pt;\" width=\"229\">WT-RO-5000<\/td>\n<\/tr>\n<tr style=\"height: 15.00pt;\">\n<td class=\"et2\" style=\"height: 15.00pt;\" height=\"20\">Capacit\u00e0<\/td>\n<td class=\"et2\">5000LPH (litri all'ora)<\/td>\n<\/tr>\n<tr style=\"height: 15.00pt;\">\n<td class=\"et2\" style=\"height: 15.00pt;\" height=\"20\">Recupero nominale&nbsp;<\/td>\n<td class=\"et2\">65-75%<\/td>\n<\/tr>\n<tr style=\"height: 15.00pt;\">\n<td class=\"et2\" style=\"height: 15.00pt;\" height=\"20\">Rifiuto nominale del sale<\/td>\n<td class=\"et3\">99.60%<\/td>\n<\/tr>\n<tr style=\"height: 15.00pt;\">\n<td class=\"et2\" style=\"height: 15.00pt;\" height=\"20\">Temperatura di esercizio<\/td>\n<td class=\"et2\">15\u00b0C-45\u00b0C<\/td>\n<\/tr>\n<tr style=\"height: 15.00pt;\">\n<td class=\"et2\" style=\"height: 15.00pt;\" height=\"20\">Temperatura di progetto<\/td>\n<td class=\"et2\">25\u00b0C<\/td>\n<\/tr>\n<tr style=\"height: 15.00pt;\">\n<td class=\"et2\" style=\"height: 15.00pt;\" height=\"20\">Pompa di alimentazione<\/td>\n<td class=\"et2\">1.1KW<\/td>\n<\/tr>\n<tr style=\"height: 15.00pt;\">\n<td class=\"et2\" style=\"height: 15.00pt;\" height=\"20\">Pompa ad alta pressione&nbsp;<\/td>\n<td class=\"et2\">5,5KW<\/td>\n<\/tr>\n<tr style=\"height: 15.00pt;\">\n<td class=\"et2\" style=\"height: 15.00pt;\" height=\"20\">Tensione<\/td>\n<td class=\"et2\">220V \/380V\/460V - 50Hz\/60Hz<\/td>\n<\/tr>\n<\/tbody>\n<\/table><\/div>\n\t\t\t\t<\/div>\n\t\t\t\t<\/div>\n\t\t\t\t<div class=\"elementor-element elementor-element-2c782a92 elementor-widget elementor-widget-text-editor\" data-id=\"2c782a92\" data-element_type=\"widget\" data-widget_type=\"text-editor.default\">\n\t\t\t\t<div class=\"elementor-widget-container\">\n\t\t\t\t\t<div class=\"elementor-text-editor elementor-clearfix\"><p>\uf013 Le specifiche sono soggette a modifiche senza preavviso, Tutti i diritti sono riservati.<\/p><\/div>\n\t\t\t\t<\/div>\n\t\t\t\t<\/div>\n\t\t\t\t\t\t<\/div>\n\t\t\t<\/div>\n\t\t<\/div>\n\t\t\t\t<div class=\"elementor-element elementor-element-697d39f7 elementor-column elementor-col-50 elementor-top-column\" data-id=\"697d39f7\" data-element_type=\"column\">\n\t\t\t<div class=\"elementor-column-wrap  elementor-element-populated\">\n\t\t\t\t\t<div class=\"elementor-widget-wrap\">\n\t\t\t\t<div class=\"elementor-element elementor-element-52192b3c elementor-widget elementor-widget-spacer\" data-id=\"52192b3c\" data-element_type=\"widget\" data-widget_type=\"spacer.default\">\n\t\t\t\t<div class=\"elementor-widget-container\">\n\t\t\t\t\t<div class=\"elementor-spacer\">\n\t\t\t<div class=\"elementor-spacer-inner\"><\/div>\n\t\t<\/div>\n\t\t\t\t<\/div>\n\t\t\t\t<\/div>\n\t\t\t\t<div class=\"elementor-element elementor-element-4ac62634 elementor-widget elementor-widget-image\" data-id=\"4ac62634\" data-element_type=\"widget\" data-widget_type=\"image.default\">\n\t\t\t\t<div class=\"elementor-widget-container\">\n\t\t\t\t\t<div class=\"elementor-image\">\n\t\t\t\t\t\t\t\t\t\t<img loading=\"lazy\" decoding=\"async\" width=\"302\" height=\"195\" src=\"https:\/\/focusonpack.com\/wp-content\/uploads\/2023\/07\/wt3.jpg\" class=\"attachment-full size-full\" alt=\"\" srcset=\"https:\/\/focusonpack.com\/wp-content\/uploads\/2023\/07\/wt3.jpg 302w, https:\/\/focusonpack.com\/wp-content\/uploads\/2023\/07\/wt3-300x195.jpg 300w\" sizes=\"auto, (max-width: 302px) 100vw, 302px\" \/>\t\t\t\t\t\t\t\t\t\t\t<\/div>\n\t\t\t\t<\/div>\n\t\t\t\t<\/div>\n\t\t\t\t<div class=\"elementor-element elementor-element-22024d34 elementor-button-info elementor-align-center elementor-widget elementor-widget-button\" data-id=\"22024d34\" data-element_type=\"widget\" data-widget_type=\"button.default\">\n\t\t\t\t<div class=\"elementor-widget-container\">\n\t\t\t\t\t<div class=\"elementor-button-wrapper\">\n\t\t\t<a href=\"https:\/\/focusonpack.com\/it\/contattateci\/\" class=\"elementor-button-link elementor-button elementor-size-sm\" role=\"button\">\n\t\t\t\t\t\t<span class=\"elementor-button-content-wrapper\">\n\t\t\t\t\t\t<span class=\"elementor-button-text\">Richiesta di preventivo<\/span>\n\t\t<\/span>\n\t\t\t\t\t<\/a>\n\t\t<\/div>\n\t\t\t\t<\/div>\n\t\t\t\t<\/div>\n\t\t\t\t\t\t<\/div>\n\t\t\t<\/div>\n\t\t<\/div>\n\t\t\t\t\t\t<\/div>\n\t\t\t<\/div>\n\t\t<\/section>\n\t\t\t\t\t\t<\/div>\n\t\t\t<\/div>\n\t\t<\/div>","protected":false},"excerpt":{"rendered":"<p>WT-RO-5000 Prefiltration and R&hellip;<\/p>","protected":false},"author":1,"featured_media":0,"parent":0,"menu_order":0,"comment_status":"closed","ping_status":"closed","template":"elementor_header_footer","meta":{"footnotes":""},"class_list":["post-3643","page","type-page","status-publish","hentry","no-thumb"],"yoast_head":"<!-- This site is optimized with the Yoast SEO plugin v24.8.1 - https:\/\/yoast.com\/wordpress\/plugins\/seo\/ -->\n<title>WT-RO-5000 Prefiltration and Reverse Osmosis - Focus on pack<\/title>\n<meta name=\"robots\" content=\"index, follow, max-snippet:-1, max-image-preview:large, max-video-preview:-1\" \/>\n<link rel=\"canonical\" href=\"https:\/\/focusonpack.com\/it\/wt-ro-5000-prefiltrazione-e-osmosi-inversa\/\" \/>\n<meta property=\"og:locale\" content=\"it_IT\" \/>\n<meta property=\"og:type\" content=\"article\" \/>\n<meta property=\"og:title\" content=\"WT-RO-5000 Prefiltration and Reverse Osmosis - Focus on pack\" \/>\n<meta property=\"og:description\" content=\"WT-RO-5000 Prefiltration and R&hellip;\" \/>\n<meta property=\"og:url\" content=\"https:\/\/focusonpack.com\/it\/wt-ro-5000-prefiltrazione-e-osmosi-inversa\/\" \/>\n<meta property=\"og:site_name\" content=\"Focus on pack\" \/>\n<meta property=\"article:modified_time\" content=\"2023-07-21T03:16:06+00:00\" \/>\n<meta property=\"og:image\" content=\"https:\/\/focusonpack.com\/wp-content\/uploads\/2023\/07\/wt3.jpg\" \/>\n<meta name=\"twitter:card\" content=\"summary_large_image\" \/>\n<meta name=\"twitter:label1\" content=\"Tempo di lettura stimato\" \/>\n\t<meta name=\"twitter:data1\" content=\"2 minuti\" \/>\n<script type=\"application\/ld+json\" class=\"yoast-schema-graph\">{\"@context\":\"https:\/\/schema.org\",\"@graph\":[{\"@type\":\"WebPage\",\"@id\":\"https:\/\/focusonpack.com\/wt-ro-5000-prefiltration-and-reverse-osmosis\/\",\"url\":\"https:\/\/focusonpack.com\/wt-ro-5000-prefiltration-and-reverse-osmosis\/\",\"name\":\"WT-RO-5000 Prefiltration and Reverse Osmosis - Focus on pack\",\"isPartOf\":{\"@id\":\"https:\/\/focusonpack.com\/#website\"},\"primaryImageOfPage\":{\"@id\":\"https:\/\/focusonpack.com\/wt-ro-5000-prefiltration-and-reverse-osmosis\/#primaryimage\"},\"image\":{\"@id\":\"https:\/\/focusonpack.com\/wt-ro-5000-prefiltration-and-reverse-osmosis\/#primaryimage\"},\"thumbnailUrl\":\"https:\/\/focusonpack.com\/wp-content\/uploads\/2023\/07\/wt3.jpg\",\"datePublished\":\"2020-05-16T09:14:06+00:00\",\"dateModified\":\"2023-07-21T03:16:06+00:00\",\"breadcrumb\":{\"@id\":\"https:\/\/focusonpack.com\/wt-ro-5000-prefiltration-and-reverse-osmosis\/#breadcrumb\"},\"inLanguage\":\"it-IT\",\"potentialAction\":[{\"@type\":\"ReadAction\",\"target\":[\"https:\/\/focusonpack.com\/wt-ro-5000-prefiltration-and-reverse-osmosis\/\"]}]},{\"@type\":\"ImageObject\",\"inLanguage\":\"it-IT\",\"@id\":\"https:\/\/focusonpack.com\/wt-ro-5000-prefiltration-and-reverse-osmosis\/#primaryimage\",\"url\":\"https:\/\/focusonpack.com\/wp-content\/uploads\/2023\/07\/wt3.jpg\",\"contentUrl\":\"https:\/\/focusonpack.com\/wp-content\/uploads\/2023\/07\/wt3.jpg\"},{\"@type\":\"BreadcrumbList\",\"@id\":\"https:\/\/focusonpack.com\/wt-ro-5000-prefiltration-and-reverse-osmosis\/#breadcrumb\",\"itemListElement\":[{\"@type\":\"ListItem\",\"position\":1,\"name\":\"\u9996\u9875\",\"item\":\"https:\/\/focusonpack.com\/\"},{\"@type\":\"ListItem\",\"position\":2,\"name\":\"WT-RO-5000 Prefiltration and Reverse Osmosis\"}]},{\"@type\":\"WebSite\",\"@id\":\"https:\/\/focusonpack.com\/#website\",\"url\":\"https:\/\/focusonpack.com\/\",\"name\":\"Focus on pack\",\"description\":\"\",\"potentialAction\":[{\"@type\":\"SearchAction\",\"target\":{\"@type\":\"EntryPoint\",\"urlTemplate\":\"https:\/\/focusonpack.com\/?s={search_term_string}\"},\"query-input\":{\"@type\":\"PropertyValueSpecification\",\"valueRequired\":true,\"valueName\":\"search_term_string\"}}],\"inLanguage\":\"it-IT\"}]}<\/script>\n<!-- \/ Yoast SEO plugin. -->","yoast_head_json":{"title":"WT-RO-5000 Prefiltration and Reverse Osmosis - Focus on pack","robots":{"index":"index","follow":"follow","max-snippet":"max-snippet:-1","max-image-preview":"max-image-preview:large","max-video-preview":"max-video-preview:-1"},"canonical":"https:\/\/focusonpack.com\/it\/wt-ro-5000-prefiltrazione-e-osmosi-inversa\/","og_locale":"it_IT","og_type":"article","og_title":"WT-RO-5000 Prefiltration and Reverse Osmosis - Focus on pack","og_description":"WT-RO-5000 Prefiltration and R&hellip;","og_url":"https:\/\/focusonpack.com\/it\/wt-ro-5000-prefiltrazione-e-osmosi-inversa\/","og_site_name":"Focus on pack","article_modified_time":"2023-07-21T03:16:06+00:00","og_image":[{"url":"https:\/\/focusonpack.com\/wp-content\/uploads\/2023\/07\/wt3.jpg","type":"","width":"","height":""}],"twitter_card":"summary_large_image","twitter_misc":{"Tempo di lettura stimato":"2 minuti"},"schema":{"@context":"https:\/\/schema.org","@graph":[{"@type":"WebPage","@id":"https:\/\/focusonpack.com\/wt-ro-5000-prefiltration-and-reverse-osmosis\/","url":"https:\/\/focusonpack.com\/wt-ro-5000-prefiltration-and-reverse-osmosis\/","name":"WT-RO-5000 Prefiltration and Reverse Osmosis - Focus on pack","isPartOf":{"@id":"https:\/\/focusonpack.com\/#website"},"primaryImageOfPage":{"@id":"https:\/\/focusonpack.com\/wt-ro-5000-prefiltration-and-reverse-osmosis\/#primaryimage"},"image":{"@id":"https:\/\/focusonpack.com\/wt-ro-5000-prefiltration-and-reverse-osmosis\/#primaryimage"},"thumbnailUrl":"https:\/\/focusonpack.com\/wp-content\/uploads\/2023\/07\/wt3.jpg","datePublished":"2020-05-16T09:14:06+00:00","dateModified":"2023-07-21T03:16:06+00:00","breadcrumb":{"@id":"https:\/\/focusonpack.com\/wt-ro-5000-prefiltration-and-reverse-osmosis\/#breadcrumb"},"inLanguage":"it-IT","potentialAction":[{"@type":"ReadAction","target":["https:\/\/focusonpack.com\/wt-ro-5000-prefiltration-and-reverse-osmosis\/"]}]},{"@type":"ImageObject","inLanguage":"it-IT","@id":"https:\/\/focusonpack.com\/wt-ro-5000-prefiltration-and-reverse-osmosis\/#primaryimage","url":"https:\/\/focusonpack.com\/wp-content\/uploads\/2023\/07\/wt3.jpg","contentUrl":"https:\/\/focusonpack.com\/wp-content\/uploads\/2023\/07\/wt3.jpg"},{"@type":"BreadcrumbList","@id":"https:\/\/focusonpack.com\/wt-ro-5000-prefiltration-and-reverse-osmosis\/#breadcrumb","itemListElement":[{"@type":"ListItem","position":1,"name":"\u9996\u9875","item":"https:\/\/focusonpack.com\/"},{"@type":"ListItem","position":2,"name":"WT-RO-5000 Prefiltration and Reverse Osmosis"}]},{"@type":"WebSite","@id":"https:\/\/focusonpack.com\/#website","url":"https:\/\/focusonpack.com\/","name":"Focus on pack","description":"","potentialAction":[{"@type":"SearchAction","target":{"@type":"EntryPoint","urlTemplate":"https:\/\/focusonpack.com\/?s={search_term_string}"},"query-input":{"@type":"PropertyValueSpecification","valueRequired":true,"valueName":"search_term_string"}}],"inLanguage":"it-IT"}]}},"_links":{"self":[{"href":"https:\/\/focusonpack.com\/it\/wp-json\/wp\/v2\/pages\/3643","targetHints":{"allow":["GET"]}}],"collection":[{"href":"https:\/\/focusonpack.com\/it\/wp-json\/wp\/v2\/pages"}],"about":[{"href":"https:\/\/focusonpack.com\/it\/wp-json\/wp\/v2\/types\/page"}],"author":[{"embeddable":true,"href":"https:\/\/focusonpack.com\/it\/wp-json\/wp\/v2\/users\/1"}],"replies":[{"embeddable":true,"href":"https:\/\/focusonpack.com\/it\/wp-json\/wp\/v2\/comments?post=3643"}],"version-history":[{"count":8,"href":"https:\/\/focusonpack.com\/it\/wp-json\/wp\/v2\/pages\/3643\/revisions"}],"predecessor-version":[{"id":4077,"href":"https:\/\/focusonpack.com\/it\/wp-json\/wp\/v2\/pages\/3643\/revisions\/4077"}],"wp:attachment":[{"href":"https:\/\/focusonpack.com\/it\/wp-json\/wp\/v2\/media?parent=3643"}],"curies":[{"name":"wp","href":"https:\/\/api.w.org\/{rel}","templated":true}]}}