{"id":3691,"date":"2020-05-18T10:26:05","date_gmt":"2020-05-18T02:26:05","guid":{"rendered":"https:\/\/focusonpack.com\/?page_id=3691"},"modified":"2020-05-18T14:07:39","modified_gmt":"2020-05-18T06:07:39","slug":"monoblock-fill-plug-cap-machine","status":"publish","type":"page","link":"https:\/\/focusonpack.com\/it\/monoblock-fill-plug-cap-machine\/","title":{"rendered":"Macchina per tappi di riempimento monoblocco"},"content":{"rendered":"<div data-elementor-type=\"wp-page\" data-elementor-id=\"3691\" class=\"elementor elementor-3691\" data-elementor-settings=\"[]\">\n\t\t\t<div class=\"elementor-inner\">\n\t\t\t\t<div class=\"elementor-section-wrap\">\n\t\t\t\t\t\t\t<section class=\"elementor-element elementor-element-2d634c97 elementor-section-boxed elementor-section-height-default elementor-section-height-default elementor-section elementor-top-section\" data-id=\"2d634c97\" data-element_type=\"section\">\n\t\t\t\t\t\t<div class=\"elementor-container elementor-column-gap-default\">\n\t\t\t\t<div class=\"elementor-row\">\n\t\t\t\t<div class=\"elementor-element elementor-element-1155c944 elementor-column elementor-col-50 elementor-top-column\" data-id=\"1155c944\" data-element_type=\"column\">\n\t\t\t<div class=\"elementor-column-wrap  elementor-element-populated\">\n\t\t\t\t\t<div class=\"elementor-widget-wrap\">\n\t\t\t\t<div class=\"elementor-element elementor-element-1a83f86c elementor-widget elementor-widget-heading\" data-id=\"1a83f86c\" data-element_type=\"widget\" data-widget_type=\"heading.default\">\n\t\t\t\t<div class=\"elementor-widget-container\">\n\t\t\t<h3 class=\"elementor-heading-title elementor-size-default\">Macchina per tappi di riempimento monoblocco<\/h3>\t\t<\/div>\n\t\t\t\t<\/div>\n\t\t\t\t<div class=\"elementor-element elementor-element-3c2237b8 elementor-widget elementor-widget-text-editor\" data-id=\"3c2237b8\" data-element_type=\"widget\" data-widget_type=\"text-editor.default\">\n\t\t\t\t<div class=\"elementor-widget-container\">\n\t\t\t\t\t<div class=\"elementor-text-editor elementor-clearfix\"><p>La macchina monoblocco per il riempimento della punta e la tappatura dei tappi pu\u00f2 essere una piattaforma multi-stazione a singola o doppia indicizzazione che pu\u00f2 essere configurata per gestire diversi contenitori. La macchina \u00e8 progettata per lavorare con contenitori free-standing o con l'utilizzo di un sistema puck. Questa macchina monoblocco multi-stazione per il riempimento della punta\/tappo pu\u00f2 essere dotata di una piattaforma a singola o doppia indicizzazione che pu\u00f2 essere configurata per gestire diversi tipi di applicazioni. Questa macchina monoblocco multi-stazione per il riempimento delle punte e la tappatura dei tappi pu\u00f2 essere dotata di una variet\u00e0 di sistemi di riempimento e dosaggio (ad esempio, riempimento volumetrico a pistone, peristaltico). Le opzioni di smistamento includono una vasca centrifuga o un sistema vibrante per punte, tappi e tappi. Le opzioni di smistamento includono una bacinella centrifuga o un sistema vibrante per puntali, tappi e cappucci. Il design a basso profilo \u00e8 facile da pulire e da mantenere per rispettare gli standard e le normative GMP. Il design a basso profilo \u00e8 facile da pulire e da mantenere per rispettare gli standard e le normative GMP. Le porte in acciaio inox sulla parte anteriore e posteriore della macchina consentono un rapido accesso ai componenti interni e ai controlli elettrici.<\/p><\/div>\n\t\t\t\t<\/div>\n\t\t\t\t<\/div>\n\t\t\t\t<div class=\"elementor-element elementor-element-b4495ad elementor-widget elementor-widget-text-editor\" data-id=\"b4495ad\" data-element_type=\"widget\" data-widget_type=\"text-editor.default\">\n\t\t\t\t<div class=\"elementor-widget-container\">\n\t\t\t\t\t<div class=\"elementor-text-editor elementor-clearfix\"><p>The automatic single index or dual index monoblock filling plugging capping machine can accommodate a single, dual, or three step filling operation. The containers are first brought to the turret indexing assembly from the bulk unscramble or loaded manually. As this containers moves around the star wheel, the liquids can be introduced via piston filler, peristaltic pump fillers or other filling machines. Once filled, the star wheel may jog one or two more positions to a point where the plug\/tip will be introduced and then on to another position where the plug\/tip is stomped or otherwise sealed to the container. Once filled and capped, the star wheel can release the package to a labeling machine as a final step. The monoblock system can be a cost-effective, space saving and efficient option to an inline system for the right package and product.<\/p><\/div>\n\t\t\t\t<\/div>\n\t\t\t\t<\/div>\n\t\t\t\t<div class=\"elementor-element elementor-element-64084832 elementor-widget elementor-widget-heading\" data-id=\"64084832\" data-element_type=\"widget\" data-widget_type=\"heading.default\">\n\t\t\t\t<div class=\"elementor-widget-container\">\n\t\t\t<h3 class=\"elementor-heading-title elementor-size-default\">Caratteristiche principali<\/h3>\t\t<\/div>\n\t\t\t\t<\/div>\n\t\t\t\t<div class=\"elementor-element elementor-element-214eb909 elementor-widget elementor-widget-text-editor\" data-id=\"214eb909\" data-element_type=\"widget\" data-widget_type=\"text-editor.default\">\n\t\t\t\t<div class=\"elementor-widget-container\">\n\t\t\t\t\t<div class=\"elementor-text-editor elementor-clearfix\"><p>\uf105 Heavy-duty stainless steel construction<\/p><p>\uf105 PLC control<\/p><p>\uf105 Touch screen operation interface<\/p><p>\uf105 Peristaltic pump prevents cross contamination<\/p><p>\uf105 Automatic bottle index kit<\/p><p>\uf105 No bottle\/No fill sensor<\/p><p>\uf105 No bottle\/No cap sensor<\/p><p>\uf105 Simple and quick changeovers<\/p><p>\uf105 Designed for easy clean-up<\/p><\/div>\n\t\t\t\t<\/div>\n\t\t\t\t<\/div>\n\t\t\t\t<div class=\"elementor-element elementor-element-3c68fc3e elementor-widget elementor-widget-heading\" data-id=\"3c68fc3e\" data-element_type=\"widget\" data-widget_type=\"heading.default\">\n\t\t\t\t<div class=\"elementor-widget-container\">\n\t\t\t<h3 class=\"elementor-heading-title elementor-size-default\">Specifiche tecniche<\/h3>\t\t<\/div>\n\t\t\t\t<\/div>\n\t\t\t\t<div class=\"elementor-element elementor-element-21251d44 elementor-widget elementor-widget-text-editor\" data-id=\"21251d44\" data-element_type=\"widget\" data-widget_type=\"text-editor.default\">\n\t\t\t\t<div class=\"elementor-widget-container\">\n\t\t\t\t\t<div class=\"elementor-text-editor elementor-clearfix\"><table style=\"width: 380.27pt;\" border=\"0\" width=\"507\" cellspacing=\"0\" cellpadding=\"0\"><colgroup><col style=\"width: 116.25pt;\" width=\"155\" \/> <col style=\"width: 264.00pt;\" width=\"352\" \/> <\/colgroup><tbody><tr style=\"height: 15.00pt;\"><td class=\"et2\" style=\"height: 15.00pt; width: 116.25pt;\" width=\"155\" height=\"20\">N. di testa di riempimento\u00a0<\/td><td class=\"et2\" style=\"width: 264.00pt;\" width=\"352\">1,2,3,4<\/td><\/tr><tr style=\"height: 15.00pt;\"><td class=\"et2\" style=\"height: 15.00pt;\" height=\"20\">Fill Range<\/td><td class=\"et2\">2-50ml<\/td><\/tr><tr style=\"height: 15.00pt;\"><td class=\"et2\" style=\"height: 15.00pt;\" height=\"20\">Speed<\/td><td class=\"et2\">30-80Bottles\/Hr<\/td><\/tr><tr style=\"height: 15.00pt;\"><td class=\"et2\" style=\"height: 15.00pt;\" height=\"20\">Filling method<\/td><td class=\"et2\">peristaltic pump or Piston Filling<\/td><\/tr><tr style=\"height: 15.00pt;\"><td class=\"et2\" style=\"height: 15.00pt;\" height=\"20\">Filling accuracy<\/td><td class=\"et2\">\u226599%<\/td><\/tr><tr style=\"height: 15.00pt;\"><td class=\"et2\" style=\"height: 15.00pt;\" height=\"20\">Container type<\/td><td class=\"et2\">Round, square, rectangular and oval containers<\/td><\/tr><tr style=\"height: 15.00pt;\"><td class=\"et2\" style=\"height: 15.00pt;\" height=\"20\">Power\u00a0<\/td><td class=\"et2\">220V 50\/60HZ 1PH or 380V 50\/60HZ 3PH<\/td><\/tr><tr style=\"height: 15.00pt;\"><td class=\"et2\" style=\"height: 15.00pt;\" height=\"20\">Overall(Approx)\u00a0<\/td><td class=\"et2\">2500x1300x1800mm<\/td><\/tr><\/tbody><\/table><\/div>\n\t\t\t\t<\/div>\n\t\t\t\t<\/div>\n\t\t\t\t<div class=\"elementor-element elementor-element-5d078c22 elementor-widget elementor-widget-text-editor\" data-id=\"5d078c22\" data-element_type=\"widget\" data-widget_type=\"text-editor.default\">\n\t\t\t\t<div class=\"elementor-widget-container\">\n\t\t\t\t\t<div class=\"elementor-text-editor elementor-clearfix\"><p>\uf013 Le specifiche sono soggette a modifiche senza preavviso, Tutti i diritti sono riservati.<\/p><\/div>\n\t\t\t\t<\/div>\n\t\t\t\t<\/div>\n\t\t\t\t\t\t<\/div>\n\t\t\t<\/div>\n\t\t<\/div>\n\t\t\t\t<div class=\"elementor-element elementor-element-7b1cae89 elementor-column elementor-col-50 elementor-top-column\" data-id=\"7b1cae89\" data-element_type=\"column\">\n\t\t\t<div class=\"elementor-column-wrap  elementor-element-populated\">\n\t\t\t\t\t<div class=\"elementor-widget-wrap\">\n\t\t\t\t<div class=\"elementor-element elementor-element-3c518e24 elementor-widget elementor-widget-image\" data-id=\"3c518e24\" data-element_type=\"widget\" data-widget_type=\"image.default\">\n\t\t\t\t<div class=\"elementor-widget-container\">\n\t\t\t\t\t<div class=\"elementor-image\">\n\t\t\t\t\t\t\t\t\t\t<img loading=\"lazy\" decoding=\"async\" width=\"372\" height=\"315\" src=\"https:\/\/focusonpack.com\/wp-content\/uploads\/2020\/05\/monmon.jpg\" class=\"attachment-full size-full\" alt=\"\" srcset=\"https:\/\/focusonpack.com\/wp-content\/uploads\/2020\/05\/monmon.jpg 372w, https:\/\/focusonpack.com\/wp-content\/uploads\/2020\/05\/monmon-300x254.jpg 300w\" sizes=\"auto, (max-width: 372px) 100vw, 372px\" \/>\t\t\t\t\t\t\t\t\t\t\t<\/div>\n\t\t\t\t<\/div>\n\t\t\t\t<\/div>\n\t\t\t\t<div class=\"elementor-element elementor-element-47ab0f9 elementor-button-info elementor-align-center elementor-widget elementor-widget-button\" data-id=\"47ab0f9\" data-element_type=\"widget\" data-widget_type=\"button.default\">\n\t\t\t\t<div class=\"elementor-widget-container\">\n\t\t\t\t\t<div class=\"elementor-button-wrapper\">\n\t\t\t<a href=\"https:\/\/focusonpack.com\/it\/contattateci\/\" class=\"elementor-button-link elementor-button elementor-size-sm\" role=\"button\">\n\t\t\t\t\t\t<span class=\"elementor-button-content-wrapper\">\n\t\t\t\t\t\t<span class=\"elementor-button-text\">Richiesta di preventivo<\/span>\n\t\t<\/span>\n\t\t\t\t\t<\/a>\n\t\t<\/div>\n\t\t\t\t<\/div>\n\t\t\t\t<\/div>\n\t\t\t\t\t\t<\/div>\n\t\t\t<\/div>\n\t\t<\/div>\n\t\t\t\t\t\t<\/div>\n\t\t\t<\/div>\n\t\t<\/section>\n\t\t\t\t\t\t<\/div>\n\t\t\t<\/div>\n\t\t<\/div>","protected":false},"excerpt":{"rendered":"<p>Monoblock Fill Plug Cap Machin&hellip;<\/p>","protected":false},"author":1,"featured_media":0,"parent":0,"menu_order":0,"comment_status":"closed","ping_status":"closed","template":"elementor_header_footer","meta":{"footnotes":""},"class_list":["post-3691","page","type-page","status-publish","hentry","no-thumb"],"yoast_head":"<!-- This site is optimized with the Yoast SEO plugin v24.8.1 - https:\/\/yoast.com\/wordpress\/plugins\/seo\/ -->\n<title>Monoblock Fill Plug Cap Machine - Focus on pack<\/title>\n<meta name=\"robots\" content=\"index, follow, max-snippet:-1, max-image-preview:large, max-video-preview:-1\" \/>\n<link rel=\"canonical\" href=\"https:\/\/focusonpack.com\/it\/monoblock-fill-plug-cap-machine\/\" \/>\n<meta property=\"og:locale\" content=\"it_IT\" \/>\n<meta property=\"og:type\" content=\"article\" \/>\n<meta property=\"og:title\" content=\"Monoblock Fill Plug Cap Machine - Focus on pack\" \/>\n<meta property=\"og:description\" content=\"Monoblock Fill Plug Cap Machin&hellip;\" \/>\n<meta property=\"og:url\" content=\"https:\/\/focusonpack.com\/it\/monoblock-fill-plug-cap-machine\/\" \/>\n<meta property=\"og:site_name\" content=\"Focus on pack\" \/>\n<meta property=\"article:modified_time\" content=\"2020-05-18T06:07:39+00:00\" \/>\n<meta property=\"og:image\" content=\"https:\/\/focusonpack.com\/wp-content\/uploads\/2020\/05\/monmon.jpg\" \/>\n<meta name=\"twitter:card\" content=\"summary_large_image\" \/>\n<meta name=\"twitter:label1\" content=\"Tempo di lettura stimato\" \/>\n\t<meta name=\"twitter:data1\" content=\"2 minuti\" \/>\n<script type=\"application\/ld+json\" class=\"yoast-schema-graph\">{\"@context\":\"https:\/\/schema.org\",\"@graph\":[{\"@type\":\"WebPage\",\"@id\":\"https:\/\/focusonpack.com\/monoblock-fill-plug-cap-machine\/\",\"url\":\"https:\/\/focusonpack.com\/monoblock-fill-plug-cap-machine\/\",\"name\":\"Monoblock Fill Plug Cap Machine - Focus on pack\",\"isPartOf\":{\"@id\":\"https:\/\/focusonpack.com\/#website\"},\"primaryImageOfPage\":{\"@id\":\"https:\/\/focusonpack.com\/monoblock-fill-plug-cap-machine\/#primaryimage\"},\"image\":{\"@id\":\"https:\/\/focusonpack.com\/monoblock-fill-plug-cap-machine\/#primaryimage\"},\"thumbnailUrl\":\"https:\/\/focusonpack.com\/wp-content\/uploads\/2020\/05\/monmon.jpg\",\"datePublished\":\"2020-05-18T02:26:05+00:00\",\"dateModified\":\"2020-05-18T06:07:39+00:00\",\"breadcrumb\":{\"@id\":\"https:\/\/focusonpack.com\/monoblock-fill-plug-cap-machine\/#breadcrumb\"},\"inLanguage\":\"it-IT\",\"potentialAction\":[{\"@type\":\"ReadAction\",\"target\":[\"https:\/\/focusonpack.com\/monoblock-fill-plug-cap-machine\/\"]}]},{\"@type\":\"ImageObject\",\"inLanguage\":\"it-IT\",\"@id\":\"https:\/\/focusonpack.com\/monoblock-fill-plug-cap-machine\/#primaryimage\",\"url\":\"https:\/\/focusonpack.com\/wp-content\/uploads\/2020\/05\/monmon.jpg\",\"contentUrl\":\"https:\/\/focusonpack.com\/wp-content\/uploads\/2020\/05\/monmon.jpg\"},{\"@type\":\"BreadcrumbList\",\"@id\":\"https:\/\/focusonpack.com\/monoblock-fill-plug-cap-machine\/#breadcrumb\",\"itemListElement\":[{\"@type\":\"ListItem\",\"position\":1,\"name\":\"\u9996\u9875\",\"item\":\"https:\/\/focusonpack.com\/\"},{\"@type\":\"ListItem\",\"position\":2,\"name\":\"Monoblock Fill Plug Cap Machine\"}]},{\"@type\":\"WebSite\",\"@id\":\"https:\/\/focusonpack.com\/#website\",\"url\":\"https:\/\/focusonpack.com\/\",\"name\":\"Focus on pack\",\"description\":\"\",\"potentialAction\":[{\"@type\":\"SearchAction\",\"target\":{\"@type\":\"EntryPoint\",\"urlTemplate\":\"https:\/\/focusonpack.com\/?s={search_term_string}\"},\"query-input\":{\"@type\":\"PropertyValueSpecification\",\"valueRequired\":true,\"valueName\":\"search_term_string\"}}],\"inLanguage\":\"it-IT\"}]}<\/script>\n<!-- \/ Yoast SEO plugin. -->","yoast_head_json":{"title":"Monoblock Fill Plug Cap Machine - Focus on pack","robots":{"index":"index","follow":"follow","max-snippet":"max-snippet:-1","max-image-preview":"max-image-preview:large","max-video-preview":"max-video-preview:-1"},"canonical":"https:\/\/focusonpack.com\/it\/monoblock-fill-plug-cap-machine\/","og_locale":"it_IT","og_type":"article","og_title":"Monoblock Fill Plug Cap Machine - Focus on pack","og_description":"Monoblock Fill Plug Cap Machin&hellip;","og_url":"https:\/\/focusonpack.com\/it\/monoblock-fill-plug-cap-machine\/","og_site_name":"Focus on pack","article_modified_time":"2020-05-18T06:07:39+00:00","og_image":[{"url":"https:\/\/focusonpack.com\/wp-content\/uploads\/2020\/05\/monmon.jpg","type":"","width":"","height":""}],"twitter_card":"summary_large_image","twitter_misc":{"Tempo di lettura stimato":"2 minuti"},"schema":{"@context":"https:\/\/schema.org","@graph":[{"@type":"WebPage","@id":"https:\/\/focusonpack.com\/monoblock-fill-plug-cap-machine\/","url":"https:\/\/focusonpack.com\/monoblock-fill-plug-cap-machine\/","name":"Monoblock Fill Plug Cap Machine - Focus on pack","isPartOf":{"@id":"https:\/\/focusonpack.com\/#website"},"primaryImageOfPage":{"@id":"https:\/\/focusonpack.com\/monoblock-fill-plug-cap-machine\/#primaryimage"},"image":{"@id":"https:\/\/focusonpack.com\/monoblock-fill-plug-cap-machine\/#primaryimage"},"thumbnailUrl":"https:\/\/focusonpack.com\/wp-content\/uploads\/2020\/05\/monmon.jpg","datePublished":"2020-05-18T02:26:05+00:00","dateModified":"2020-05-18T06:07:39+00:00","breadcrumb":{"@id":"https:\/\/focusonpack.com\/monoblock-fill-plug-cap-machine\/#breadcrumb"},"inLanguage":"it-IT","potentialAction":[{"@type":"ReadAction","target":["https:\/\/focusonpack.com\/monoblock-fill-plug-cap-machine\/"]}]},{"@type":"ImageObject","inLanguage":"it-IT","@id":"https:\/\/focusonpack.com\/monoblock-fill-plug-cap-machine\/#primaryimage","url":"https:\/\/focusonpack.com\/wp-content\/uploads\/2020\/05\/monmon.jpg","contentUrl":"https:\/\/focusonpack.com\/wp-content\/uploads\/2020\/05\/monmon.jpg"},{"@type":"BreadcrumbList","@id":"https:\/\/focusonpack.com\/monoblock-fill-plug-cap-machine\/#breadcrumb","itemListElement":[{"@type":"ListItem","position":1,"name":"\u9996\u9875","item":"https:\/\/focusonpack.com\/"},{"@type":"ListItem","position":2,"name":"Monoblock Fill Plug Cap Machine"}]},{"@type":"WebSite","@id":"https:\/\/focusonpack.com\/#website","url":"https:\/\/focusonpack.com\/","name":"Focus on pack","description":"","potentialAction":[{"@type":"SearchAction","target":{"@type":"EntryPoint","urlTemplate":"https:\/\/focusonpack.com\/?s={search_term_string}"},"query-input":{"@type":"PropertyValueSpecification","valueRequired":true,"valueName":"search_term_string"}}],"inLanguage":"it-IT"}]}},"_links":{"self":[{"href":"https:\/\/focusonpack.com\/it\/wp-json\/wp\/v2\/pages\/3691","targetHints":{"allow":["GET"]}}],"collection":[{"href":"https:\/\/focusonpack.com\/it\/wp-json\/wp\/v2\/pages"}],"about":[{"href":"https:\/\/focusonpack.com\/it\/wp-json\/wp\/v2\/types\/page"}],"author":[{"embeddable":true,"href":"https:\/\/focusonpack.com\/it\/wp-json\/wp\/v2\/users\/1"}],"replies":[{"embeddable":true,"href":"https:\/\/focusonpack.com\/it\/wp-json\/wp\/v2\/comments?post=3691"}],"version-history":[{"count":8,"href":"https:\/\/focusonpack.com\/it\/wp-json\/wp\/v2\/pages\/3691\/revisions"}],"predecessor-version":[{"id":3735,"href":"https:\/\/focusonpack.com\/it\/wp-json\/wp\/v2\/pages\/3691\/revisions\/3735"}],"wp:attachment":[{"href":"https:\/\/focusonpack.com\/it\/wp-json\/wp\/v2\/media?parent=3691"}],"curies":[{"name":"wp","href":"https:\/\/api.w.org\/{rel}","templated":true}]}}