{"id":2581,"date":"2020-05-08T15:37:41","date_gmt":"2020-05-08T07:37:41","guid":{"rendered":"https:\/\/focusonpack.com\/?page_id=2581"},"modified":"2025-03-27T16:16:53","modified_gmt":"2025-03-27T08:16:53","slug":"inline-shrink-wrapper-machine","status":"publish","type":"page","link":"https:\/\/focusonpack.com\/ko\/%ec%88%98%ec%b6%95-%ed%8f%ac%ec%9e%a5%ea%b8%b0\/%ec%9d%b8%eb%9d%bc%ec%9d%b8-%ec%88%98%ec%b6%95-%ed%8f%ac%ec%9e%a5%ea%b8%b0\/","title":{"rendered":"\uc778\ub77c\uc778 \uc218\ucd95 \ud3ec\uc7a5\uae30"},"content":{"rendered":"<div data-elementor-type=\"wp-page\" data-elementor-id=\"2581\" class=\"elementor elementor-2581\" data-elementor-settings=\"[]\">\n\t\t\t<div class=\"elementor-inner\">\n\t\t\t\t<div class=\"elementor-section-wrap\">\n\t\t\t\t\t\t\t<section class=\"elementor-element elementor-element-1eb3985f elementor-section-boxed elementor-section-height-default elementor-section-height-default elementor-section elementor-top-section\" data-id=\"1eb3985f\" data-element_type=\"section\">\n\t\t\t\t\t\t<div class=\"elementor-container elementor-column-gap-default\">\n\t\t\t\t<div class=\"elementor-row\">\n\t\t\t\t<div class=\"elementor-element elementor-element-3b37178a elementor-column elementor-col-50 elementor-top-column\" data-id=\"3b37178a\" data-element_type=\"column\">\n\t\t\t<div class=\"elementor-column-wrap  elementor-element-populated\">\n\t\t\t\t\t<div class=\"elementor-widget-wrap\">\n\t\t\t\t<div class=\"elementor-element elementor-element-2951b2f6 elementor-widget elementor-widget-heading\" data-id=\"2951b2f6\" data-element_type=\"widget\" data-widget_type=\"heading.default\">\n\t\t\t\t<div class=\"elementor-widget-container\">\n\t\t\t<h3 class=\"elementor-heading-title elementor-size-default\">\uc778\ub77c\uc778 \uc218\ucd95 \ud3ec\uc7a5\uae30<\/h3>\t\t<\/div>\n\t\t\t\t<\/div>\n\t\t\t\t<div class=\"elementor-element elementor-element-355abd3b elementor-widget elementor-widget-text-editor\" data-id=\"355abd3b\" data-element_type=\"widget\" data-widget_type=\"text-editor.default\">\n\t\t\t\t<div class=\"elementor-widget-container\">\n\t\t\t\t\t<div class=\"elementor-text-editor elementor-clearfix\"><p>\uc778\ub77c\uc778 \uc218\ucd95 \ud3ec\uc7a5\uae30\ub294 \ud558\ub098 \ub610\ub294 \ub450 \uac1c\uc758 \ud544\ub984 \ub9b4\uc744 \uc0ac\uc6a9\ud558\uc5ec \ub290\uc2a8\ud55c \ud544\ub984 \uc870\uac01\uc73c\ub85c \uc81c\ud488 \ub610\ub294 \uc81c\ud488 \uadf8\ub8f9\uc744 \uac10\uc2fc \ub2e4\uc74c \uc5f4\uc744 \uac00\ud558\uc5ec \ub2e8\ub2e8\ud788 \uc218\ucd95\uc2dc\ud0a4\ub294 \uc218\ucd95 \ud3ec\uc7a5 \uc7a5\ube44\uc785\ub2c8\ub2e4. \uadf8\ub7f0 \ub2e4\uc74c \uc5f4\uc744 \uac00\ud558\uc5ec \ub2e8\ub2e8\ud788 \uc218\ucd95\ud569\ub2c8\ub2e4.<\/p><\/div>\n\t\t\t\t<\/div>\n\t\t\t\t<\/div>\n\t\t\t\t<div class=\"elementor-element elementor-element-32dfc822 elementor-widget elementor-widget-text-editor\" data-id=\"32dfc822\" data-element_type=\"widget\" data-widget_type=\"text-editor.default\">\n\t\t\t\t<div class=\"elementor-widget-container\">\n\t\t\t\t\t<div class=\"elementor-text-editor elementor-clearfix\"><p>\ucda9\uc804, \ub9c8\uac1c \ubc0f \ub77c\ubca8\ub9c1 \ud6c4 \uc81c\ud488 \uc6a9\uae30\ub294 \uc778\ub77c\uc778 \ucee8\ubca0\uc774\uc5b4\ub97c \ud1b5\ud574 \uc218\ucd95 \ud3ec\uc7a5 \uc7a5\ube44\ub85c \uc774\uc1a1\ub418\uc5b4 2, 3 \ub610\ub294 4\ub808\uc778\uc73c\ub85c \uc81c\ud488\uc744 \uc815\ub82c \ud14c\uc774\ube14\ub85c \uc804\ub2ec\ud569\ub2c8\ub2e4. 2, 3 \ub610\ub294 4 \ub808\uc778\uc758 \uc81c\ud488\uc774 \uc815\ub82c \ud14c\uc774\ube14\ub85c \uc804\ub2ec\ub429\ub2c8\ub2e4. \ucee8\ubca0\uc774\uc5b4\uc5d0 \uc7a5\ucc29\ub41c \ud3ec\ud1a0 \uc544\uc774\ub294 \uc81c\ud488\uc758 \ud750\ub984\uc744 \uac10\uc9c0\ud558\uace0, \uacf5\uc555\uc73c\ub85c \uc791\ub3d9\ub418\ub294 \ubcd1\uc740 \ub2e4\uc74c\uc744 \uc218\ud589\ud569\ub2c8\ub2e4. \uacf5\uc555\uc73c\ub85c \uc791\ub3d9\ud558\ub294 \ubcd1 \uc544\uc6c3\uac8c\uc774\ud2b8 \uc2e4\ub9b0\ub354\uac00 \ubcd1 \uc138\ud2b8\ub97c \uba48\ucd94\uace0, \ubaa9\ud45c \uc81c\ud488\uc774 \ub3c4\ub2ec\ud558\uba74 \uc544\uc6c3\uac8c\uc774\ud2b8 \uc2e4\ub9b0\ub354\uac00 \uc2a4\uc2a4\ub85c \ucca0\uc218\ud558\uace0 \uc778\uac8c\uc774\ud2b8 \uc2e4\ub9b0\ub354\uac00 \ub2eb\ud799\ub2c8\ub2e4. \uacf5\uc555\uc73c\ub85c \uc791\ub3d9\ud558\ub294 \ubcd1 \uc544\uc6c3\uac8c\uc774\ud2b8 \uc2e4\ub9b0\ub354\ub294 \ubaa9\ud45c \uc81c\ud488\uc744 \ub2ec\uc131\ud55c \ud6c4 \ubcd1 \uc138\ud2b8\ub97c \uba48\ucd94\uace0 \uc544\uc6c3\uac8c\uc774\ud2b8 \uc2e4\ub9b0\ub354\uac00 \uc2a4\uc2a4\ub85c \uc778\ucd9c\ub418\uace0 \uc778\uac8c\uc774\ud2b8 \uc2e4\ub9b0\ub354\uac00 \ub2eb\ud799\ub2c8\ub2e4. \uc81c\ud488\uc774 \ud544\ub984 \uc6f9\uacfc \uad50\ucc28\ud558\uba74 \uc530 \ud504\ub808\uc784\uc744 \ud1b5\uacfc\ud558\uc5ec \uc815\ub82c \ud14c\uc774\ube14\ub85c \uc774\ub3d9\ud569\ub2c8\ub2e4. \uc81c\ud488\uc774 \ud544\ub984\uc744 \ud1b5\uacfc\ud560 \ub54c \uc218\ucd95 \ud3ec\uc7a5 \uae30\uacc4\ub294 \ud544\ub984 \uc0ac\uc6a9\ub7c9\uc744 \uac10\uc9c0\ud558\uace0 \ub3d9\ub825 \ud544\ub984 \ud480\uae30 \uacf5\uae09\uc744 \uc2dc\uc791\ud569\ub2c8\ub2e4. \ud544\ub984\uc774 \ucda9\ubd84\ud788 \uacf5\uae09\ub418\uba74 \ub3d9\ub825 \ud544\ub984 \ud480\uae30 \uc2dc\uc2a4\ud15c\uc774 \uba48\ucda5\ub2c8\ub2e4. \uc81c\ud488\uc774 \uc530 \ud504\ub808\uc784\uc744 \ud1b5\uacfc\ud558\uba74 \uce90\ub9ac\uc9c0\uac00 \uc81c\ud488\uacfc \ud568\uaed8 \uc530 \ud504\ub808\uc784\uc744 \uc55e\uc73c\ub85c \uc774\ub3d9\ud558\uace0 \uc530 \ubc14\uac00 \ub2eb\ud600 \uc81c\ud488 \uc8fc\uc704\uc5d0 \ud544\ub984 \uc2ac\ub9ac\ube0c\ub97c \ud615\uc131\ud569\ub2c8\ub2e4. \uc530 \ubc14\uac00 \ud544\ub984\uc744 \uc808\ub2e8\ud558\uace0 \ubc00\ubd09\ud569\ub2c8\ub2e4. \ubc00\ubd09 \ub300\uae30 \ud0c0\uc774\uba38\uac00 \ub9cc\ub8cc\ub418\uba74 \ubc14\uac00 \uc5f4\ub9ac\uace0 \uce90\ub9ac\uc9c0\uac00 \uc6d0\uc810 \uc704\uce58\ub85c \ub3cc\uc544\uac11\ub2c8\ub2e4. \uc774\uc81c \ud544\ub984 \uc2ac\ub9ac\ube0c\uc5d0 \uc788\ub294 \uc81c\ud488\uc740 \ucee8\ubca0\uc774\uc5b4\ub97c \uac00\ub85c\uc9c8\ub7ec \uacc4\uc18d \uc55e\uc73c\ub85c \uc774\ub3d9\ud558\uc5ec \uc218\ucd95 \ud3ec\uc7a5 \ud130\ub110 \ucee8\ubca0\uc774\uc5b4\ub85c \uc62e\uaca8\uc9d1\ub2c8\ub2e4. \uc911\uc18d \uc218\ucd95 \ud3ec\uc7a5\uae30 \ud130\ub110 \ucee8\ubca0\uc774\uc5b4\ub294 \uc218\ucd95 \ud130\ub110 \ucc54\ubc84\ub97c \ud1b5\ud574 \uc81c\ud488\uc744 \uc774\ub3d9\uc2dc\ud0b5\ub2c8\ub2e4. \ud544\ub984\uc740 \ud130\ub110\uc744 \ud1b5\uacfc\ud558\uba74\uc11c \uc81c\ud488 \uc8fc\ubcc0\uc744 \uace0\ub974\uac8c \uc218\ucd95\ud569\ub2c8\ub2e4. \uc218\ucd95 \ud3ec\uc7a5\ub41c \uc81c\ud488\uc774 \ud130\ub110\uc744 \ube60\uc838\ub098\uac08 \ub54c \ud544\ub984\uc740 \uc5ec\uc804\ud788 \ub2e4\uc18c \ub048\uc801\ub048\uc801\ud55c \uc0c1\ud0dc\uc785\ub2c8\ub2e4. \uacf5\uae30\uac00 \ud544\ub984\uc744 \ub0c9\uac01\uc2dc\ucf1c \uc81c\ud488\uc744 \ub354 \ube60\ub974\uac8c \ucc98\ub9ac\ud560 \uc218 \uc788\uc2b5\ub2c8\ub2e4. \uadf8\ub7f0 \ub2e4\uc74c \uc644\uc804\ud788 \uc218\ucd95 \ud3ec\uc7a5\ub41c \uc81c\ud488\uc740 \uace0\uac1d\uc758 \ucee8\ubca0\uc774\uc5b4\ub85c \uc774\ub3d9\ud558\uc5ec \uc218\ucd95 \ud3ec\uc7a5 \uc81c\ud488\uc744 \uc644\uc131\ud569\ub2c8\ub2e4. \uadf8\ub7f0 \ub2e4\uc74c \uc644\uc804\ud788 \uc218\ucd95 \ud3ec\uc7a5\ub41c \uc81c\ud488\uc774 \uace0\uac1d\uc758 \ucee8\ubca0\uc774\uc5b4\ub85c \uc774\ub3d9\ud558\uc5ec \uc218\ucd95 \ud3ec\uc7a5 \uc0ac\uc774\ud074\uc774 \uc644\ub8cc\ub429\ub2c8\ub2e4.<\/p><\/div>\n\t\t\t\t<\/div>\n\t\t\t\t<\/div>\n\t\t\t\t<div class=\"elementor-element elementor-element-187e54a5 elementor-widget elementor-widget-heading\" data-id=\"187e54a5\" data-element_type=\"widget\" data-widget_type=\"heading.default\">\n\t\t\t\t<div class=\"elementor-widget-container\">\n\t\t\t<h3 class=\"elementor-heading-title elementor-size-default\">\uc8fc\uc694 \uae30\ub2a5<\/h3>\t\t<\/div>\n\t\t\t\t<\/div>\n\t\t\t\t<div class=\"elementor-element elementor-element-208fc6fa elementor-widget elementor-widget-text-editor\" data-id=\"208fc6fa\" data-element_type=\"widget\" data-widget_type=\"text-editor.default\">\n\t\t\t\t<div class=\"elementor-widget-container\">\n\t\t\t\t\t<div class=\"elementor-text-editor elementor-clearfix\"><p>- \uace0\uc18d, \ub0b4\uad6c\uc131 \ubc0f \ud558\ub8e8 \uc885\uc77c \uc791\ub3d9\ud558\ub3c4\ub85d \uc124\uacc4\ub41c \uacac\uace0\ud55c \uae30\uacc4 \uad6c\uc870<br \/>- \uc815\ubc00\ub3c4\ub97c \uadf9\ub300\ud654\ud558\ub294 \ub808\uc774\uc800 \ucee4\ud305 \ubc0f CNC \uac00\uacf5 \ubd80\ud488<br \/>\u00a0 \ud30c\uc6b0\ub354 \ucf54\ud305 \uae30\uacc4 \ub9c8\uac10\uc73c\ub85c \uad6c\uc6cc \ub0b4\uad6c\uc131\uc774 \ub6f0\uc5b4\ub09c \uc2a4\ud06c\ub798\uce58 \ubc29\uc9c0 \ud45c\uba74\uc744 \uc81c\uacf5\ud558\uace0 \ubd80\uc2dd\uc744 \ubc29\uc9c0\ud569\ub2c8\ub2e4.<br \/>- 4\u00d76, 3\u00d74, 2\u00d73 \ub4f1 \ub2e4\uc591\ud55c \uad6c\uc131\uc73c\ub85c \uc81c\ud488\uc744 \uc720\uc5f0\ud558\uac8c \ud3ec\uc7a5\ud560 \uc218 \uc788\uc2b5\ub2c8\ub2e4.<br \/>- \uc77c\uad00\ub418\uac8c \uac15\ub825\ud55c \ubc00\ubd09\uc744 \uc704\ud574 \ud2b9\uc218 \ud504\ub85c\ud30c\uc77c\ub9c1\ub41c \ub3c5\ud2b9\ud55c \ud5e4\ube44 \ub4c0\ud2f0 \uc530\ub9c1 \ud131\uc774 \uc788\uc2b5\ub2c8\ub2e4.<br \/>- PLC \uc81c\uc5b4 \ubc0f HMI \uc124\uc815<br \/>- \ud14c\ud504\ub860 \ucf54\ud305 \uc530\ub9c1 \ube14\ub808\uc774\ub4dc.<br \/>- \ub2e8\uc5f4 \uc218\ucd95 \ud130\ub110 \ucc54\ubc84<br \/>- \uc218\uba85\uc774 \uae34 \uc2a4\ud14c\uc778\ub9ac\uc2a4 \uc2a4\ud2f8 \ubc1c\uc5f4\uccb4.<br \/>- \uacf5\uae30 \ud750\ub984\uc744 \uc870\uc808\ud560 \uc218 \uc788\ub294 \ub4c0\uc5bc \ube14\ub85c\uc5b4 \ub514\uc790\uc778<br \/>- \ub0b4\uad6c\uc131\uc774 \ub6f0\uc5b4\ub09c \ub17c\uc2a4\ud1b1 \ud14c\ud50c\ub860 \uba54\uc26c \ucee8\ubca0\uc774\uc5b4 \ubca8\ud2b8<br \/>- \ube60\ub978 \ud544\ub984 \uacbd\ud654\ub97c \uc704\ud55c \ud130\ub110 \ubc30\ucd9c \ub0c9\uac01 \uc2a4\ud14c\uc774\uc158<br \/>- \ucd95\uc801 \ubc0f \uac04\ud3b8\ud55c \uc6b4\ubc18\uc744 \uc704\ud55c \uc720\ud734 \ub864\ub7ec \ucee8\ubca0\uc774\uc5b4 \ubc30\ucd9c<\/p><\/div>\n\t\t\t\t<\/div>\n\t\t\t\t<\/div>\n\t\t\t\t<div class=\"elementor-element elementor-element-65b5b5 elementor-widget elementor-widget-heading\" data-id=\"65b5b5\" data-element_type=\"widget\" data-widget_type=\"heading.default\">\n\t\t\t\t<div class=\"elementor-widget-container\">\n\t\t\t<h3 class=\"elementor-heading-title elementor-size-default\">\uae30\uc220 \uc0ac\uc591<\/h3>\t\t<\/div>\n\t\t\t\t<\/div>\n\t\t\t\t<div class=\"elementor-element elementor-element-186185e5 elementor-widget elementor-widget-text-editor\" data-id=\"186185e5\" data-element_type=\"widget\" data-widget_type=\"text-editor.default\">\n\t\t\t\t<div class=\"elementor-widget-container\">\n\t\t\t\t\t<div class=\"elementor-text-editor elementor-clearfix\"><table width=\"721\"><tbody><tr><td width=\"235\">\ud3ec\uc7a5 \uc18d\ub3c4\u00a0<\/td><td width=\"226\">12-18PPM\u00a0<\/td><td width=\"260\">18-25PPM<\/td><\/tr><tr><td>\ud3ec\uc7a5 \ud06c\uae30\u00a0<\/td><td>450(L) x 450(W) x 350(H) mm\u00a0<\/td><td>500(L) x 450(W) x 350(H) mm<\/td><\/tr><tr><td>\uc801\uc6a9 \uac00\ub2a5\ud55c \ud544\ub984<\/td><td>PE<\/td><td>PE<\/td><\/tr><tr><td>\ucd5c\ub300 \ud544\ub984 \ub450\uaed8<\/td><td>100Micro<\/td><td>100Micro<\/td><\/tr><tr><td>\ucd5c\ub300 \ubc00\ubd09<\/td><td>700mm<\/td><td>700mm<\/td><\/tr><tr><td>\uc801\uc6a9 \uac00\ub2a5\ud55c \ucee8\ud14c\uc774\ub108<\/td><td colspan=\"2\">\ud50c\ub77c\uc2a4\ud2f1 \ubcd1, \uc720\ub9ac \ubcd1, \uce94, \uc9c1\uc0ac\uac01\ud615 \uc0c1\uc790, \uc0c1\uc790 \ub4f1<\/td><\/tr><tr><td>\uae30\uc555<\/td><td>0.5MPA\u00a0<\/td><td>0.5MPA\u00a0<\/td><\/tr><tr><td>\uc2ac\ub9ac\ube0c \ub798\ud37c \uc804\uae30 \uacf5\uae09<\/td><td>380V 50HZ 3PH 4KW\u00a0<\/td><td>380V 50HZ 3PH 4KW\u00a0<\/td><\/tr><tr><td>\ud130\ub110 \uc804\uae30 \uacf5\uae09 \ucd95\uc18c<\/td><td>380V 50HZ 3PH 28KW<\/td><td>380V 50HZ 3PH 28KW<\/td><\/tr><tr><td>\uae30\uacc4 \uce58\uc218\u00a0<\/td><td>9500x1000x1920mm\u00a0<\/td><td>13200x1100x2000mm<\/td><\/tr><\/tbody><\/table><p>\u00a0<\/p><\/div>\n\t\t\t\t<\/div>\n\t\t\t\t<\/div>\n\t\t\t\t<div class=\"elementor-element elementor-element-910a066 elementor-widget elementor-widget-text-editor\" data-id=\"910a066\" data-element_type=\"widget\" data-widget_type=\"text-editor.default\">\n\t\t\t\t<div class=\"elementor-widget-container\">\n\t\t\t\t\t<div class=\"elementor-text-editor elementor-clearfix\"><p>*\uc0ac\uc591\uc740 \uc608\uace0 \uc5c6\uc774 \ubcc0\uacbd\ub420 \uc218 \uc788\uc73c\uba70, \ubaa8\ub4e0 \uad8c\ud55c\uc740 \uc18c\uc720\uc790\uc5d0\uac8c \uc788\uc2b5\ub2c8\ub2e4.<\/p><\/div>\n\t\t\t\t<\/div>\n\t\t\t\t<\/div>\n\t\t\t\t\t\t<\/div>\n\t\t\t<\/div>\n\t\t<\/div>\n\t\t\t\t<div class=\"elementor-element elementor-element-21f27193 elementor-column elementor-col-50 elementor-top-column\" data-id=\"21f27193\" data-element_type=\"column\">\n\t\t\t<div class=\"elementor-column-wrap  elementor-element-populated\">\n\t\t\t\t\t<div class=\"elementor-widget-wrap\">\n\t\t\t\t<div class=\"elementor-element elementor-element-5803676d elementor-widget elementor-widget-spacer\" data-id=\"5803676d\" data-element_type=\"widget\" data-widget_type=\"spacer.default\">\n\t\t\t\t<div class=\"elementor-widget-container\">\n\t\t\t\t\t<div class=\"elementor-spacer\">\n\t\t\t<div class=\"elementor-spacer-inner\"><\/div>\n\t\t<\/div>\n\t\t\t\t<\/div>\n\t\t\t\t<\/div>\n\t\t\t\t<div class=\"elementor-element elementor-element-6932a32f elementor-widget elementor-widget-image\" data-id=\"6932a32f\" data-element_type=\"widget\" data-widget_type=\"image.default\">\n\t\t\t\t<div class=\"elementor-widget-container\">\n\t\t\t\t\t<div class=\"elementor-image\">\n\t\t\t\t\t\t\t\t\t\t<img loading=\"lazy\" decoding=\"async\" width=\"436\" height=\"156\" src=\"https:\/\/focusonpack.com\/wp-content\/uploads\/2020\/05\/inline.jpg\" class=\"elementor-animation-grow attachment-full size-full\" alt=\"\" srcset=\"https:\/\/focusonpack.com\/wp-content\/uploads\/2020\/05\/inline.jpg 436w, https:\/\/focusonpack.com\/wp-content\/uploads\/2020\/05\/inline-300x107.jpg 300w\" sizes=\"auto, (max-width: 436px) 100vw, 436px\" \/>\t\t\t\t\t\t\t\t\t\t\t<\/div>\n\t\t\t\t<\/div>\n\t\t\t\t<\/div>\n\t\t\t\t<div class=\"elementor-element elementor-element-6708279d elementor-button-info elementor-align-center elementor-widget elementor-widget-button\" data-id=\"6708279d\" data-element_type=\"widget\" data-widget_type=\"button.default\">\n\t\t\t\t<div class=\"elementor-widget-container\">\n\t\t\t\t\t<div class=\"elementor-button-wrapper\">\n\t\t\t<a href=\"https:\/\/focusonpack.com\/ko\/%eb%ac%b8%ec%9d%98%ed%95%98%ea%b8%b0\/\" class=\"elementor-button-link elementor-button elementor-size-sm\" role=\"button\">\n\t\t\t\t\t\t<span class=\"elementor-button-content-wrapper\">\n\t\t\t\t\t\t<span class=\"elementor-button-text\">\uacac\uc801 \uc694\uccad\ud558\uae30<\/span>\n\t\t<\/span>\n\t\t\t\t\t<\/a>\n\t\t<\/div>\n\t\t\t\t<\/div>\n\t\t\t\t<\/div>\n\t\t\t\t\t\t<\/div>\n\t\t\t<\/div>\n\t\t<\/div>\n\t\t\t\t\t\t<\/div>\n\t\t\t<\/div>\n\t\t<\/section>\n\t\t\t\t\t\t<\/div>\n\t\t\t<\/div>\n\t\t<\/div>","protected":false},"excerpt":{"rendered":"<p>Inline Shrink Wrapper Machine &hellip;<\/p>","protected":false},"author":1,"featured_media":0,"parent":2373,"menu_order":0,"comment_status":"closed","ping_status":"closed","template":"elementor_header_footer","meta":{"footnotes":""},"class_list":["post-2581","page","type-page","status-publish","hentry","no-thumb"],"yoast_head":"<!-- This site is optimized with the Yoast SEO plugin v24.8.1 - https:\/\/yoast.com\/wordpress\/plugins\/seo\/ -->\n<title>Inline Shrink Wrapper Machine - Focus on pack<\/title>\n<meta name=\"robots\" content=\"index, follow, max-snippet:-1, max-image-preview:large, max-video-preview:-1\" \/>\n<link rel=\"canonical\" href=\"https:\/\/focusonpack.com\/ko\/\uc218\ucd95-\ud3ec\uc7a5\uae30\/\uc778\ub77c\uc778-\uc218\ucd95-\ud3ec\uc7a5\uae30\/\" \/>\n<meta property=\"og:locale\" content=\"ko_KR\" \/>\n<meta property=\"og:type\" content=\"article\" \/>\n<meta property=\"og:title\" content=\"Inline Shrink Wrapper Machine - Focus on pack\" \/>\n<meta property=\"og:description\" content=\"Inline Shrink Wrapper Machine &hellip;\" \/>\n<meta property=\"og:url\" content=\"https:\/\/focusonpack.com\/ko\/\uc218\ucd95-\ud3ec\uc7a5\uae30\/\uc778\ub77c\uc778-\uc218\ucd95-\ud3ec\uc7a5\uae30\/\" \/>\n<meta property=\"og:site_name\" content=\"Focus on pack\" \/>\n<meta property=\"article:modified_time\" content=\"2025-03-27T08:16:53+00:00\" \/>\n<meta property=\"og:image\" content=\"https:\/\/focusonpack.com\/wp-content\/uploads\/2020\/05\/inline.jpg\" \/>\n<meta name=\"twitter:card\" content=\"summary_large_image\" \/>\n<meta name=\"twitter:label1\" content=\"\uc608\uc0c1 \ub418\ub294 \ud310\ub3c5 \uc2dc\uac04\" \/>\n\t<meta name=\"twitter:data1\" content=\"4\ubd84\" \/>\n<script type=\"application\/ld+json\" class=\"yoast-schema-graph\">{\"@context\":\"https:\/\/schema.org\",\"@graph\":[{\"@type\":\"WebPage\",\"@id\":\"https:\/\/focusonpack.com\/shrink-wrapping-machine\/inline-shrink-wrapper-machine\/\",\"url\":\"https:\/\/focusonpack.com\/shrink-wrapping-machine\/inline-shrink-wrapper-machine\/\",\"name\":\"Inline Shrink Wrapper Machine - Focus on pack\",\"isPartOf\":{\"@id\":\"https:\/\/focusonpack.com\/#website\"},\"primaryImageOfPage\":{\"@id\":\"https:\/\/focusonpack.com\/shrink-wrapping-machine\/inline-shrink-wrapper-machine\/#primaryimage\"},\"image\":{\"@id\":\"https:\/\/focusonpack.com\/shrink-wrapping-machine\/inline-shrink-wrapper-machine\/#primaryimage\"},\"thumbnailUrl\":\"https:\/\/focusonpack.com\/wp-content\/uploads\/2020\/05\/inline.jpg\",\"datePublished\":\"2020-05-08T07:37:41+00:00\",\"dateModified\":\"2025-03-27T08:16:53+00:00\",\"breadcrumb\":{\"@id\":\"https:\/\/focusonpack.com\/shrink-wrapping-machine\/inline-shrink-wrapper-machine\/#breadcrumb\"},\"inLanguage\":\"ko-KR\",\"potentialAction\":[{\"@type\":\"ReadAction\",\"target\":[\"https:\/\/focusonpack.com\/shrink-wrapping-machine\/inline-shrink-wrapper-machine\/\"]}]},{\"@type\":\"ImageObject\",\"inLanguage\":\"ko-KR\",\"@id\":\"https:\/\/focusonpack.com\/shrink-wrapping-machine\/inline-shrink-wrapper-machine\/#primaryimage\",\"url\":\"https:\/\/focusonpack.com\/wp-content\/uploads\/2020\/05\/inline.jpg\",\"contentUrl\":\"https:\/\/focusonpack.com\/wp-content\/uploads\/2020\/05\/inline.jpg\"},{\"@type\":\"BreadcrumbList\",\"@id\":\"https:\/\/focusonpack.com\/shrink-wrapping-machine\/inline-shrink-wrapper-machine\/#breadcrumb\",\"itemListElement\":[{\"@type\":\"ListItem\",\"position\":1,\"name\":\"\u9996\u9875\",\"item\":\"https:\/\/focusonpack.com\/\"},{\"@type\":\"ListItem\",\"position\":2,\"name\":\"Shrink Wrapping Machine\",\"item\":\"https:\/\/focusonpack.com\/shrink-wrapping-machine\/\"},{\"@type\":\"ListItem\",\"position\":3,\"name\":\"Inline Shrink Wrapper Machine\"}]},{\"@type\":\"WebSite\",\"@id\":\"https:\/\/focusonpack.com\/#website\",\"url\":\"https:\/\/focusonpack.com\/\",\"name\":\"Focus on pack\",\"description\":\"\",\"potentialAction\":[{\"@type\":\"SearchAction\",\"target\":{\"@type\":\"EntryPoint\",\"urlTemplate\":\"https:\/\/focusonpack.com\/?s={search_term_string}\"},\"query-input\":{\"@type\":\"PropertyValueSpecification\",\"valueRequired\":true,\"valueName\":\"search_term_string\"}}],\"inLanguage\":\"ko-KR\"}]}<\/script>\n<!-- \/ Yoast SEO plugin. -->","yoast_head_json":{"title":"Inline Shrink Wrapper Machine - Focus on pack","robots":{"index":"index","follow":"follow","max-snippet":"max-snippet:-1","max-image-preview":"max-image-preview:large","max-video-preview":"max-video-preview:-1"},"canonical":"https:\/\/focusonpack.com\/ko\/\uc218\ucd95-\ud3ec\uc7a5\uae30\/\uc778\ub77c\uc778-\uc218\ucd95-\ud3ec\uc7a5\uae30\/","og_locale":"ko_KR","og_type":"article","og_title":"Inline Shrink Wrapper Machine - Focus on pack","og_description":"Inline Shrink Wrapper Machine &hellip;","og_url":"https:\/\/focusonpack.com\/ko\/\uc218\ucd95-\ud3ec\uc7a5\uae30\/\uc778\ub77c\uc778-\uc218\ucd95-\ud3ec\uc7a5\uae30\/","og_site_name":"Focus on pack","article_modified_time":"2025-03-27T08:16:53+00:00","og_image":[{"url":"https:\/\/focusonpack.com\/wp-content\/uploads\/2020\/05\/inline.jpg","type":"","width":"","height":""}],"twitter_card":"summary_large_image","twitter_misc":{"\uc608\uc0c1 \ub418\ub294 \ud310\ub3c5 \uc2dc\uac04":"4\ubd84"},"schema":{"@context":"https:\/\/schema.org","@graph":[{"@type":"WebPage","@id":"https:\/\/focusonpack.com\/shrink-wrapping-machine\/inline-shrink-wrapper-machine\/","url":"https:\/\/focusonpack.com\/shrink-wrapping-machine\/inline-shrink-wrapper-machine\/","name":"Inline Shrink Wrapper Machine - Focus on pack","isPartOf":{"@id":"https:\/\/focusonpack.com\/#website"},"primaryImageOfPage":{"@id":"https:\/\/focusonpack.com\/shrink-wrapping-machine\/inline-shrink-wrapper-machine\/#primaryimage"},"image":{"@id":"https:\/\/focusonpack.com\/shrink-wrapping-machine\/inline-shrink-wrapper-machine\/#primaryimage"},"thumbnailUrl":"https:\/\/focusonpack.com\/wp-content\/uploads\/2020\/05\/inline.jpg","datePublished":"2020-05-08T07:37:41+00:00","dateModified":"2025-03-27T08:16:53+00:00","breadcrumb":{"@id":"https:\/\/focusonpack.com\/shrink-wrapping-machine\/inline-shrink-wrapper-machine\/#breadcrumb"},"inLanguage":"ko-KR","potentialAction":[{"@type":"ReadAction","target":["https:\/\/focusonpack.com\/shrink-wrapping-machine\/inline-shrink-wrapper-machine\/"]}]},{"@type":"ImageObject","inLanguage":"ko-KR","@id":"https:\/\/focusonpack.com\/shrink-wrapping-machine\/inline-shrink-wrapper-machine\/#primaryimage","url":"https:\/\/focusonpack.com\/wp-content\/uploads\/2020\/05\/inline.jpg","contentUrl":"https:\/\/focusonpack.com\/wp-content\/uploads\/2020\/05\/inline.jpg"},{"@type":"BreadcrumbList","@id":"https:\/\/focusonpack.com\/shrink-wrapping-machine\/inline-shrink-wrapper-machine\/#breadcrumb","itemListElement":[{"@type":"ListItem","position":1,"name":"\u9996\u9875","item":"https:\/\/focusonpack.com\/"},{"@type":"ListItem","position":2,"name":"Shrink Wrapping Machine","item":"https:\/\/focusonpack.com\/shrink-wrapping-machine\/"},{"@type":"ListItem","position":3,"name":"Inline Shrink Wrapper Machine"}]},{"@type":"WebSite","@id":"https:\/\/focusonpack.com\/#website","url":"https:\/\/focusonpack.com\/","name":"Focus on pack","description":"","potentialAction":[{"@type":"SearchAction","target":{"@type":"EntryPoint","urlTemplate":"https:\/\/focusonpack.com\/?s={search_term_string}"},"query-input":{"@type":"PropertyValueSpecification","valueRequired":true,"valueName":"search_term_string"}}],"inLanguage":"ko-KR"}]}},"_links":{"self":[{"href":"https:\/\/focusonpack.com\/ko\/wp-json\/wp\/v2\/pages\/2581","targetHints":{"allow":["GET"]}}],"collection":[{"href":"https:\/\/focusonpack.com\/ko\/wp-json\/wp\/v2\/pages"}],"about":[{"href":"https:\/\/focusonpack.com\/ko\/wp-json\/wp\/v2\/types\/page"}],"author":[{"embeddable":true,"href":"https:\/\/focusonpack.com\/ko\/wp-json\/wp\/v2\/users\/1"}],"replies":[{"embeddable":true,"href":"https:\/\/focusonpack.com\/ko\/wp-json\/wp\/v2\/comments?post=2581"}],"version-history":[{"count":10,"href":"https:\/\/focusonpack.com\/ko\/wp-json\/wp\/v2\/pages\/2581\/revisions"}],"predecessor-version":[{"id":4604,"href":"https:\/\/focusonpack.com\/ko\/wp-json\/wp\/v2\/pages\/2581\/revisions\/4604"}],"up":[{"embeddable":true,"href":"https:\/\/focusonpack.com\/ko\/wp-json\/wp\/v2\/pages\/2373"}],"wp:attachment":[{"href":"https:\/\/focusonpack.com\/ko\/wp-json\/wp\/v2\/media?parent=2581"}],"curies":[{"name":"wp","href":"https:\/\/api.w.org\/{rel}","templated":true}]}}