{"id":2391,"date":"2020-05-07T16:21:41","date_gmt":"2020-05-07T08:21:41","guid":{"rendered":"https:\/\/focusonpack.com\/?page_id=2391"},"modified":"2020-05-28T16:17:40","modified_gmt":"2020-05-28T08:17:40","slug":"news","status":"publish","type":"page","link":"https:\/\/focusonpack.com\/pl\/wiadomosci\/","title":{"rendered":"Aktualno\u015bci"},"content":{"rendered":"<div data-elementor-type=\"wp-page\" data-elementor-id=\"2391\" class=\"elementor elementor-2391\" data-elementor-settings=\"[]\">\n\t\t\t<div class=\"elementor-inner\">\n\t\t\t\t<div class=\"elementor-section-wrap\">\n\t\t\t\t\t\t\t<section class=\"elementor-element elementor-element-941c07c elementor-section-boxed elementor-section-height-default elementor-section-height-default elementor-section elementor-top-section\" data-id=\"941c07c\" data-element_type=\"section\">\n\t\t\t\t\t\t<div class=\"elementor-container elementor-column-gap-default\">\n\t\t\t\t<div class=\"elementor-row\">\n\t\t\t\t<div class=\"elementor-element elementor-element-56ab1c9 elementor-column elementor-col-50 elementor-top-column\" data-id=\"56ab1c9\" data-element_type=\"column\">\n\t\t\t<div class=\"elementor-column-wrap  elementor-element-populated\">\n\t\t\t\t\t<div class=\"elementor-widget-wrap\">\n\t\t\t\t<div class=\"elementor-element elementor-element-a87a879 elementor-widget elementor-widget-text-editor\" data-id=\"a87a879\" data-element_type=\"widget\" data-widget_type=\"text-editor.default\">\n\t\t\t\t<div class=\"elementor-widget-container\">\n\t\t\t\t\t<div class=\"elementor-text-editor elementor-clearfix\"><p>01-20<\/p><\/div>\n\t\t\t\t<\/div>\n\t\t\t\t<\/div>\n\t\t\t\t<div class=\"elementor-element elementor-element-7603f88 elementor-widget elementor-widget-text-editor\" data-id=\"7603f88\" data-element_type=\"widget\" data-widget_type=\"text-editor.default\">\n\t\t\t\t<div class=\"elementor-widget-container\">\n\t\t\t\t\t<div class=\"elementor-text-editor elementor-clearfix\"><p>2017<\/p><\/div>\n\t\t\t\t<\/div>\n\t\t\t\t<\/div>\n\t\t\t\t\t\t<\/div>\n\t\t\t<\/div>\n\t\t<\/div>\n\t\t\t\t<div class=\"elementor-element elementor-element-37edcbe elementor-column elementor-col-50 elementor-top-column\" data-id=\"37edcbe\" data-element_type=\"column\">\n\t\t\t<div class=\"elementor-column-wrap  elementor-element-populated\">\n\t\t\t\t\t<div class=\"elementor-widget-wrap\">\n\t\t\t\t<div class=\"elementor-element elementor-element-968279a elementor-widget elementor-widget-text-editor\" data-id=\"968279a\" data-element_type=\"widget\" data-widget_type=\"text-editor.default\">\n\t\t\t\t<div class=\"elementor-widget-container\">\n\t\t\t\t\t<div class=\"elementor-text-editor elementor-clearfix\"><p>\u015awi\u0119tuj Chi\u0144ski Festiwal Wiosny<\/p><\/div>\n\t\t\t\t<\/div>\n\t\t\t\t<\/div>\n\t\t\t\t<div class=\"elementor-element elementor-element-f4997e6 elementor-widget elementor-widget-text-editor\" data-id=\"f4997e6\" data-element_type=\"widget\" data-widget_type=\"text-editor.default\">\n\t\t\t\t<div class=\"elementor-widget-container\">\n\t\t\t\t\t<div class=\"elementor-text-editor elementor-clearfix\"><p>\u015awi\u0119to Wiosny to najwspanialszy festiwal dla Chi\u0144czyk\u00f3w na ca\u0142ym \u015bwiecie, ma histori\u0119 ponad 4000 lat. Zamkniemy od 21 stycznia 2017 r. I wznowimy 4 lutego 2017 r. W tym okresie mo\u017cemy nie by\u0107 w stanie odpowiedzie\u0107 na czas. B\u0119dziemy zamkni\u0119ci od 21 stycznia 2017 r. i wznowimy dzia\u0142alno\u015b\u0107 4 lutego 2017 r. W tym okresie mo\u017cemy nie by\u0107 w stanie odpowiedzie\u0107 na czas. Prosimy o zrozumienie. Je\u015bli potrzebujesz pilnie informacji lub odpowiedzi, zadzwo\u0144 do nas 0086 Je\u015bli potrzebujesz pilnie informacji lub odpowiedzi, zadzwo\u0144 do nas 0086 13868355855.&nbsp;<\/p><\/div>\n\t\t\t\t<\/div>\n\t\t\t\t<\/div>\n\t\t\t\t\t\t<\/div>\n\t\t\t<\/div>\n\t\t<\/div>\n\t\t\t\t\t\t<\/div>\n\t\t\t<\/div>\n\t\t<\/section>\n\t\t\t\t<section class=\"elementor-element elementor-element-7346dbf elementor-section-boxed elementor-section-height-default elementor-section-height-default elementor-section elementor-top-section\" data-id=\"7346dbf\" data-element_type=\"section\">\n\t\t\t\t\t\t<div class=\"elementor-container elementor-column-gap-default\">\n\t\t\t\t<div class=\"elementor-row\">\n\t\t\t\t<div class=\"elementor-element elementor-element-6ade247 elementor-column elementor-col-50 elementor-top-column\" data-id=\"6ade247\" data-element_type=\"column\">\n\t\t\t<div class=\"elementor-column-wrap  elementor-element-populated\">\n\t\t\t\t\t<div class=\"elementor-widget-wrap\">\n\t\t\t\t<div class=\"elementor-element elementor-element-ca3d7fd elementor-widget elementor-widget-text-editor\" data-id=\"ca3d7fd\" data-element_type=\"widget\" data-widget_type=\"text-editor.default\">\n\t\t\t\t<div class=\"elementor-widget-container\">\n\t\t\t\t\t<div class=\"elementor-text-editor elementor-clearfix\"><p>05-08<\/p><\/div>\n\t\t\t\t<\/div>\n\t\t\t\t<\/div>\n\t\t\t\t<div class=\"elementor-element elementor-element-a4fea20 elementor-widget elementor-widget-text-editor\" data-id=\"a4fea20\" data-element_type=\"widget\" data-widget_type=\"text-editor.default\">\n\t\t\t\t<div class=\"elementor-widget-container\">\n\t\t\t\t\t<div class=\"elementor-text-editor elementor-clearfix\"><p>2020<\/p><\/div>\n\t\t\t\t<\/div>\n\t\t\t\t<\/div>\n\t\t\t\t\t\t<\/div>\n\t\t\t<\/div>\n\t\t<\/div>\n\t\t\t\t<div class=\"elementor-element elementor-element-199640e elementor-column elementor-col-50 elementor-top-column\" data-id=\"199640e\" data-element_type=\"column\">\n\t\t\t<div class=\"elementor-column-wrap  elementor-element-populated\">\n\t\t\t\t\t<div class=\"elementor-widget-wrap\">\n\t\t\t\t<div class=\"elementor-element elementor-element-c6a0e2f elementor-widget elementor-widget-text-editor\" data-id=\"c6a0e2f\" data-element_type=\"widget\" data-widget_type=\"text-editor.default\">\n\t\t\t\t<div class=\"elementor-widget-container\">\n\t\t\t\t\t<div class=\"elementor-text-editor elementor-clearfix\"><p>Otwarcie nowej strony internetowej<\/p><\/div>\n\t\t\t\t<\/div>\n\t\t\t\t<\/div>\n\t\t\t\t<div class=\"elementor-element elementor-element-3f1d49c elementor-widget elementor-widget-text-editor\" data-id=\"3f1d49c\" data-element_type=\"widget\" data-widget_type=\"text-editor.default\">\n\t\t\t\t<div class=\"elementor-widget-container\">\n\t\t\t\t\t<div class=\"elementor-text-editor elementor-clearfix\"><p>Po d\u0142ugich przygotowaniach i ci\u0119\u017ckiej pracy, nasza nowa strona internetowa otwiera si\u0119 dzisiaj. Dzi\u0119kujemy za wysi\u0142ki dzia\u0142u technicznego, zespo\u0142u sprzeda\u017cy, zespo\u0142u obs\u0142ugi posprzeda\u017cnej, naszej firmy. B\u0119dziemy dodawa\u0107 wi\u0119cej informacji, zdj\u0119\u0107 i film\u00f3w na naszej stronie internetowej krok po kroku i mamy nadziej\u0119, \u017ce nasza strona internetowa pomo\u017ce Ci B\u0119dziemy dodawa\u0107 wi\u0119cej informacji, zdj\u0119\u0107 i film\u00f3w na naszej stronie internetowej krok po kroku i mamy nadziej\u0119, \u017ce nasza strona pomo\u017ce Ci wybra\u0107 dobre maszyny, aby osi\u0105gn\u0105\u0107 sw\u00f3j cel.&nbsp;<\/p><\/div>\n\t\t\t\t<\/div>\n\t\t\t\t<\/div>\n\t\t\t\t\t\t<\/div>\n\t\t\t<\/div>\n\t\t<\/div>\n\t\t\t\t\t\t<\/div>\n\t\t\t<\/div>\n\t\t<\/section>\n\t\t\t\t\t\t<\/div>\n\t\t\t<\/div>\n\t\t<\/div>","protected":false},"excerpt":{"rendered":"<p>01-20 2017 Celebrate Chinese S&hellip;<\/p>","protected":false},"author":1,"featured_media":0,"parent":0,"menu_order":0,"comment_status":"closed","ping_status":"closed","template":"elementor_header_footer","meta":{"footnotes":""},"class_list":["post-2391","page","type-page","status-publish","hentry","no-thumb"],"yoast_head":"<!-- This site is optimized with the Yoast SEO plugin v24.8.1 - https:\/\/yoast.com\/wordpress\/plugins\/seo\/ -->\n<title>News - Focus on pack<\/title>\n<meta name=\"robots\" content=\"index, follow, max-snippet:-1, max-image-preview:large, max-video-preview:-1\" \/>\n<link rel=\"canonical\" href=\"https:\/\/focusonpack.com\/pl\/wiadomosci\/\" \/>\n<meta property=\"og:locale\" content=\"pl_PL\" \/>\n<meta property=\"og:type\" content=\"article\" \/>\n<meta property=\"og:title\" content=\"News - Focus on pack\" \/>\n<meta property=\"og:description\" content=\"01-20 2017 Celebrate Chinese S&hellip;\" \/>\n<meta property=\"og:url\" content=\"https:\/\/focusonpack.com\/pl\/wiadomosci\/\" \/>\n<meta property=\"og:site_name\" content=\"Focus on pack\" \/>\n<meta property=\"article:modified_time\" content=\"2020-05-28T08:17:40+00:00\" \/>\n<meta name=\"twitter:card\" content=\"summary_large_image\" \/>\n<meta name=\"twitter:label1\" content=\"Szacowany czas czytania\" \/>\n\t<meta name=\"twitter:data1\" content=\"1 minuta\" \/>\n<script type=\"application\/ld+json\" class=\"yoast-schema-graph\">{\"@context\":\"https:\/\/schema.org\",\"@graph\":[{\"@type\":\"WebPage\",\"@id\":\"https:\/\/focusonpack.com\/news\/\",\"url\":\"https:\/\/focusonpack.com\/news\/\",\"name\":\"News - Focus on pack\",\"isPartOf\":{\"@id\":\"https:\/\/focusonpack.com\/#website\"},\"datePublished\":\"2020-05-07T08:21:41+00:00\",\"dateModified\":\"2020-05-28T08:17:40+00:00\",\"breadcrumb\":{\"@id\":\"https:\/\/focusonpack.com\/news\/#breadcrumb\"},\"inLanguage\":\"pl-PL\",\"potentialAction\":[{\"@type\":\"ReadAction\",\"target\":[\"https:\/\/focusonpack.com\/news\/\"]}]},{\"@type\":\"BreadcrumbList\",\"@id\":\"https:\/\/focusonpack.com\/news\/#breadcrumb\",\"itemListElement\":[{\"@type\":\"ListItem\",\"position\":1,\"name\":\"\u9996\u9875\",\"item\":\"https:\/\/focusonpack.com\/\"},{\"@type\":\"ListItem\",\"position\":2,\"name\":\"News\"}]},{\"@type\":\"WebSite\",\"@id\":\"https:\/\/focusonpack.com\/#website\",\"url\":\"https:\/\/focusonpack.com\/\",\"name\":\"Focus on pack\",\"description\":\"\",\"potentialAction\":[{\"@type\":\"SearchAction\",\"target\":{\"@type\":\"EntryPoint\",\"urlTemplate\":\"https:\/\/focusonpack.com\/?s={search_term_string}\"},\"query-input\":{\"@type\":\"PropertyValueSpecification\",\"valueRequired\":true,\"valueName\":\"search_term_string\"}}],\"inLanguage\":\"pl-PL\"}]}<\/script>\n<!-- \/ Yoast SEO plugin. -->","yoast_head_json":{"title":"News - Focus on pack","robots":{"index":"index","follow":"follow","max-snippet":"max-snippet:-1","max-image-preview":"max-image-preview:large","max-video-preview":"max-video-preview:-1"},"canonical":"https:\/\/focusonpack.com\/pl\/wiadomosci\/","og_locale":"pl_PL","og_type":"article","og_title":"News - Focus on pack","og_description":"01-20 2017 Celebrate Chinese S&hellip;","og_url":"https:\/\/focusonpack.com\/pl\/wiadomosci\/","og_site_name":"Focus on pack","article_modified_time":"2020-05-28T08:17:40+00:00","twitter_card":"summary_large_image","twitter_misc":{"Szacowany czas czytania":"1 minuta"},"schema":{"@context":"https:\/\/schema.org","@graph":[{"@type":"WebPage","@id":"https:\/\/focusonpack.com\/news\/","url":"https:\/\/focusonpack.com\/news\/","name":"News - Focus on pack","isPartOf":{"@id":"https:\/\/focusonpack.com\/#website"},"datePublished":"2020-05-07T08:21:41+00:00","dateModified":"2020-05-28T08:17:40+00:00","breadcrumb":{"@id":"https:\/\/focusonpack.com\/news\/#breadcrumb"},"inLanguage":"pl-PL","potentialAction":[{"@type":"ReadAction","target":["https:\/\/focusonpack.com\/news\/"]}]},{"@type":"BreadcrumbList","@id":"https:\/\/focusonpack.com\/news\/#breadcrumb","itemListElement":[{"@type":"ListItem","position":1,"name":"\u9996\u9875","item":"https:\/\/focusonpack.com\/"},{"@type":"ListItem","position":2,"name":"News"}]},{"@type":"WebSite","@id":"https:\/\/focusonpack.com\/#website","url":"https:\/\/focusonpack.com\/","name":"Focus on pack","description":"","potentialAction":[{"@type":"SearchAction","target":{"@type":"EntryPoint","urlTemplate":"https:\/\/focusonpack.com\/?s={search_term_string}"},"query-input":{"@type":"PropertyValueSpecification","valueRequired":true,"valueName":"search_term_string"}}],"inLanguage":"pl-PL"}]}},"_links":{"self":[{"href":"https:\/\/focusonpack.com\/pl\/wp-json\/wp\/v2\/pages\/2391","targetHints":{"allow":["GET"]}}],"collection":[{"href":"https:\/\/focusonpack.com\/pl\/wp-json\/wp\/v2\/pages"}],"about":[{"href":"https:\/\/focusonpack.com\/pl\/wp-json\/wp\/v2\/types\/page"}],"author":[{"embeddable":true,"href":"https:\/\/focusonpack.com\/pl\/wp-json\/wp\/v2\/users\/1"}],"replies":[{"embeddable":true,"href":"https:\/\/focusonpack.com\/pl\/wp-json\/wp\/v2\/comments?post=2391"}],"version-history":[{"count":10,"href":"https:\/\/focusonpack.com\/pl\/wp-json\/wp\/v2\/pages\/2391\/revisions"}],"predecessor-version":[{"id":3798,"href":"https:\/\/focusonpack.com\/pl\/wp-json\/wp\/v2\/pages\/2391\/revisions\/3798"}],"wp:attachment":[{"href":"https:\/\/focusonpack.com\/pl\/wp-json\/wp\/v2\/media?parent=2391"}],"curies":[{"name":"wp","href":"https:\/\/api.w.org\/{rel}","templated":true}]}}