{"id":2393,"date":"2020-05-07T16:21:45","date_gmt":"2020-05-07T08:21:45","guid":{"rendered":"https:\/\/focusonpack.com\/?page_id=2393"},"modified":"2023-08-15T14:46:48","modified_gmt":"2023-08-15T06:46:48","slug":"about-us-2","status":"publish","type":"page","link":"https:\/\/focusonpack.com\/pl\/o-nas-2\/","title":{"rendered":"O nas"},"content":{"rendered":"<div data-elementor-type=\"wp-page\" data-elementor-id=\"2393\" class=\"elementor elementor-2393\" data-elementor-settings=\"[]\">\n\t\t\t<div class=\"elementor-inner\">\n\t\t\t\t<div class=\"elementor-section-wrap\">\n\t\t\t\t\t\t\t<section class=\"elementor-element elementor-element-01f1a6a elementor-section-boxed elementor-section-height-default elementor-section-height-default elementor-section elementor-top-section\" data-id=\"01f1a6a\" data-element_type=\"section\">\n\t\t\t\t\t\t<div class=\"elementor-container elementor-column-gap-default\">\n\t\t\t\t<div class=\"elementor-row\">\n\t\t\t\t<div class=\"elementor-element elementor-element-c1fdfda elementor-column elementor-col-100 elementor-top-column\" data-id=\"c1fdfda\" data-element_type=\"column\">\n\t\t\t<div class=\"elementor-column-wrap  elementor-element-populated\">\n\t\t\t\t\t<div class=\"elementor-widget-wrap\">\n\t\t\t\t<div class=\"elementor-element elementor-element-c081f60 elementor-widget elementor-widget-heading\" data-id=\"c081f60\" data-element_type=\"widget\" data-widget_type=\"heading.default\">\n\t\t\t\t<div class=\"elementor-widget-container\">\n\t\t\t<h4 class=\"elementor-heading-title elementor-size-default\">Wiod\u0105cy deweloper i producent kompletnych rozwi\u0105za\u0144 do nape\u0142niania i pakowania \"pod klucz<\/h4>\t\t<\/div>\n\t\t\t\t<\/div>\n\t\t\t\t<div class=\"elementor-element elementor-element-a4e33b5 elementor-widget elementor-widget-text-editor\" data-id=\"a4e33b5\" data-element_type=\"widget\" data-widget_type=\"text-editor.default\">\n\t\t\t\t<div class=\"elementor-widget-container\">\n\t\t\t\t\t<div class=\"elementor-text-editor elementor-clearfix\"><p>Wenzhou Bowei Import and Export Co., Ltd jest jednym z najwi\u0119kszych producent\u00f3w maszyn do nape\u0142niania i pakowania w zakresie projektowania i dostaw w Chinach. Jest wiod\u0105cym deweloperem i producentem kompletnych rozwi\u0105za\u0144 do pakowania produkt\u00f3w p\u0142ynnych i suchych pod klucz w zakresie projektowania, produkcji, instalacji i szkole\u0144. Jest wiod\u0105cym deweloperem i producentem kompletnych rozwi\u0105za\u0144 do pakowania produkt\u00f3w p\u0142ynnych i suchych pod klucz w zakresie projektowania, produkcji, instalacji i szkole\u0144. Profesjonalny zesp\u00f3\u0142 in\u017cynier\u00f3w zaprojektuje i wyprodukuje maszyny zgodnie z konkretnymi cechami produktu, bud\u017cetem i innymi czynnikami. Wszystkie maszyny s\u0105 produkowane w zak\u0142adzie posiadaj\u0105cym certyfikat ISO lub CE. Wszystkie maszyny s\u0105 produkowane w zak\u0142adzie produkcyjnym posiadaj\u0105cym certyfikat ISO lub CE, aby zapewni\u0107 spe\u0142nienie najwy\u017cszych standard\u00f3w w bran\u017cy.<\/p><\/div>\n\t\t\t\t<\/div>\n\t\t\t\t<\/div>\n\t\t\t\t<div class=\"elementor-element elementor-element-1f8cf80 elementor-widget elementor-widget-text-editor\" data-id=\"1f8cf80\" data-element_type=\"widget\" data-widget_type=\"text-editor.default\">\n\t\t\t\t<div class=\"elementor-widget-container\">\n\t\t\t\t\t<div class=\"elementor-text-editor elementor-clearfix\"><p>Oferujemy r\u00f3\u017cnorodne maszyny do nape\u0142niania, w tym monoblokowe maszyny do nape\u0142niania z p\u0142ukaniem, t\u0142okowe maszyny do nape\u0142niania, maszyny do nape\u0142niania siatk\u0105 na mokro, \u017cr\u0105ce maszyny do nape\u0142niania, grawitacyjne maszyny do nape\u0142niania, monoblokowe maszyny do zamykania kork\u00f3w, maszyny do zamykania, w tym p\u00f3\u0142automatyczne maszyny do zamykania. korozyjne maszyny nape\u0142niaj\u0105ce, grawitacyjne maszyny nape\u0142niaj\u0105ce, monoblokowe maszyny zamykaj\u0105ce, maszyny zamykaj\u0105ce, w tym p\u00f3\u0142automatyczne maszyny zamykaj\u0105ce, automatyczne wrzecionowe maszyny zamykaj\u0105ce i obrotowe maszyny zamykaj\u0105ce, maszyny etykietuj\u0105ce, w tym maszyny zamykaj\u0105ce, automatyczne wrzecionowe maszyny zamykaj\u0105ce i obrotowe maszyny zamykaj\u0105ce. maszyny zamykaj\u0105ce, automatyczne wrzecionowe maszyny zamykaj\u0105ce i obrotowe maszyny zamykaj\u0105ce, maszyny etykietuj\u0105ce, w tym maszyny do etykietowania termokurczliwego i samoprzylepne maszyny do etykietowania, maszyny do formowania z rozdmuchiwaniem PET, maszyny do pakowania w foli\u0119 termokurczliw\u0105, system uzdatniania wody i odwr\u00f3conej osmozy.<\/p><\/div>\n\t\t\t\t<\/div>\n\t\t\t\t<\/div>\n\t\t\t\t\t\t<\/div>\n\t\t\t<\/div>\n\t\t<\/div>\n\t\t\t\t\t\t<\/div>\n\t\t\t<\/div>\n\t\t<\/section>\n\t\t\t\t<section class=\"elementor-element elementor-element-ea8e549 elementor-section-boxed elementor-section-height-default elementor-section-height-default elementor-section elementor-top-section\" data-id=\"ea8e549\" data-element_type=\"section\">\n\t\t\t\t\t\t<div class=\"elementor-container elementor-column-gap-default\">\n\t\t\t\t<div class=\"elementor-row\">\n\t\t\t\t<div class=\"elementor-element elementor-element-742b4a0 elementor-column elementor-col-100 elementor-top-column\" data-id=\"742b4a0\" data-element_type=\"column\">\n\t\t\t<div class=\"elementor-column-wrap  elementor-element-populated\">\n\t\t\t\t\t<div class=\"elementor-widget-wrap\">\n\t\t\t\t<div class=\"elementor-element elementor-element-0bad332 elementor-widget elementor-widget-heading\" data-id=\"0bad332\" data-element_type=\"widget\" data-widget_type=\"heading.default\">\n\t\t\t\t<div class=\"elementor-widget-container\">\n\t\t\t<h4 class=\"elementor-heading-title elementor-size-default\">Dostarczamy kompleksowe urz\u0105dzenia do nape\u0142niania i pakowania w zakresie projektowania, produkcji, instalacji i szkole\u0144.<\/h4>\t\t<\/div>\n\t\t\t\t<\/div>\n\t\t\t\t<div class=\"elementor-element elementor-element-74198e1 elementor-widget elementor-widget-text-editor\" data-id=\"74198e1\" data-element_type=\"widget\" data-widget_type=\"text-editor.default\">\n\t\t\t\t<div class=\"elementor-widget-container\">\n\t\t\t\t\t<div class=\"elementor-text-editor elementor-clearfix\"><p>Zapewniamy dok\u0142adne, niezawodne i dobrze dzia\u0142aj\u0105ce urz\u0105dzenia do nape\u0142niania i pakowania, aby osi\u0105gn\u0105\u0107 zamierzony cel. Maszyny do nape\u0142niania zapewniaj\u0105 precyzyjne nape\u0142nianie dawek p\u0142yn\u00f3w sypkich do p\u0142yn\u00f3w o wysokiej lepko\u015bci do r\u00f3\u017cnych typ\u00f3w pojemnik\u00f3w. maszyny do nape\u0142niania zapewniaj\u0105 precyzyjne dozowanie p\u0142yn\u00f3w o swobodnym przep\u0142ywie do p\u0142yn\u00f3w o wysokiej lepko\u015bci do r\u00f3\u017cnych rodzaj\u00f3w pojemnik\u00f3w, maszyny do zakr\u0119cania umieszczaj\u0105 i dokr\u0119caj\u0105 nakr\u0119tki na r\u00f3\u017cnych pojemnikach, maszyny do etykietowania termokurczliwego nak\u0142adaj\u0105 i mocno obkurczaj\u0105 etykiety na pojemniku, aby ozdobi\u0107 pojemniki. Maszyny zamykaj\u0105ce umieszczaj\u0105 i dokr\u0119caj\u0105 nakr\u0119tki na r\u00f3\u017cnych pojemnikach, maszyny do etykietowania termokurczliwego nak\u0142adaj\u0105 i obkurczaj\u0105 etykiety na pojemnikach, aby udekorowa\u0107 swoje produkty, etykieciarki samoprzylepne umieszczaj\u0105 i zabezpieczaj\u0105 etykiety na pojemnikach. etykieciarki dok\u0142adnie umieszczaj\u0105 i zabezpieczaj\u0105 etykiety na pojemniku, maszyny do owijania termokurczliwego wi\u0105\u017c\u0105 i obkurczaj\u0105 butelki w r\u00f3\u017cnych konfiguracjach dla<\/p><\/div>\n\t\t\t\t<\/div>\n\t\t\t\t<\/div>\n\t\t\t\t<div class=\"elementor-element elementor-element-acf6e7a elementor-widget elementor-widget-text-editor\" data-id=\"acf6e7a\" data-element_type=\"widget\" data-widget_type=\"text-editor.default\">\n\t\t\t\t<div class=\"elementor-widget-container\">\n\t\t\t\t\t<div class=\"elementor-text-editor elementor-clearfix\"><p>Linia do nape\u0142niania i pakowania p\u0142yn\u00f3w sk\u0142ada si\u0119 z maszyn do nape\u0142niania, maszyn zamykaj\u0105cych, maszyn etykietuj\u0105cych, koder\u00f3w atramentowych, maszyn do pakowania w foli\u0119 termokurczliw\u0105, rozszywarek do butelek, maszyn do uzdatniania wody i odwr\u00f3conej osmozy, rozdmuchiwarek PET. Maszyny do rozszyfrowywania butelek, uzdatniania wody i odwr\u00f3conej osmozy, rozdmuchiwarki PET. Szeroka gama maszyn do nape\u0142niania jest dost\u0119pna dla opcji kt\u00f3re mog\u0105 nape\u0142nia\u0107 cienkie i g\u0119ste ciecze w plastikowych lub szklanych pojemnikach przy niskiej pr\u0119dko\u015bci z mniejszym bud\u017cetem dla firm rozpoczynaj\u0105cych dzia\u0142alno\u015b\u0107 lub przy \u015bredniej i du\u017cej pr\u0119dko\u015bci, kt\u00f3re chc\u0105 Posiadamy monoblokowe maszyny do nape\u0142niania napoj\u00f3w, t\u0142okowe maszyny do nape\u0142niania g\u0119st\u0105 ciecz\u0105, grawitacyjne maszyny do nape\u0142niania cienk\u0105 ciecz\u0105, maszyny do nape\u0142niania wag\u0105 netto i inne maszyny do nape\u0142niania. do cienkich cieczy, maszyny do nape\u0142niania netto do cieczy o \u015bredniej i wysokiej warto\u015bci produkcyjnej, maszyny do nape\u0142niania cieczy korozyjnych do cieczy korozyjnych; Maszyny zamykaj\u0105ce do zakr\u0119tek, R Maszyny zamykaj\u0105ce do zakr\u0119tek, zakr\u0119tek ROPP, zakr\u0119tek koronowych, zakr\u0119tek wciskanych, zakr\u0119tek z pompk\u0105 itp. Maszyny do formowania z rozdmuchiwaniem PET, w tym p\u00f3\u0142automatyczne maszyny do rozdmuchiwania PET dla firm rozpoczynaj\u0105cych dzia\u0142alno\u015b\u0107, automatyczne maszyny do formowania z rozdmuchiwaniem PET dla firm rozpoczynaj\u0105cych dzia\u0142alno\u015b\u0107, automatyczne maszyny do formowania z rozdmuchiwaniem PET dla firm rozpoczynaj\u0105cych dzia\u0142alno\u015b\u0107. Maszyny do rozdmuchiwania PET, w tym p\u00f3\u0142automatyczne maszyny do rozdmuchiwania PET dla firm rozpoczynaj\u0105cych dzia\u0142alno\u015b\u0107, automatyczne maszyny do rozdmuchiwania PET do produkcji \u015brednio- i wysokoobrotowej; Maszyny do owijania foli\u0105 termokurczliw\u0105, w tym p\u00f3\u0142automatyczne maszyny do owijania foli\u0105 termokurczliw\u0105 na ma\u0142\u0105 skal\u0119, typu L Maszyny do pakowania w foli\u0119 termokurczliw\u0105, w tym p\u00f3\u0142automatyczna maszyna do pakowania w foli\u0119 termokurczliw\u0105 na ma\u0142\u0105 skal\u0119, maszyna do pakowania w foli\u0119 termokurczliw\u0105 typu L na \u015bredni\u0105 skal\u0119 i liniowa maszyna do pakowania w foli\u0119 termokurczliw\u0105 do produkcji z du\u017c\u0105 pr\u0119dko\u015bci\u0105; systemy uzdatniania wody i odwr\u00f3conej osmozy uzdatniaj\u0105 surow\u0105 wod\u0119, kt\u00f3ra ma by\u0107 oczyszczona wody pitnej, spo\u017cywczej, farmaceutycznej, kosmetycznej itp.<\/p><\/div>\n\t\t\t\t<\/div>\n\t\t\t\t<\/div>\n\t\t\t\t\t\t<\/div>\n\t\t\t<\/div>\n\t\t<\/div>\n\t\t\t\t\t\t<\/div>\n\t\t\t<\/div>\n\t\t<\/section>\n\t\t\t\t<section class=\"elementor-element elementor-element-6099887 elementor-section-boxed elementor-section-height-default elementor-section-height-default elementor-section elementor-top-section\" data-id=\"6099887\" data-element_type=\"section\">\n\t\t\t\t\t\t<div class=\"elementor-container elementor-column-gap-default\">\n\t\t\t\t<div class=\"elementor-row\">\n\t\t\t\t<div class=\"elementor-element elementor-element-72d53ed elementor-column elementor-col-100 elementor-top-column\" data-id=\"72d53ed\" data-element_type=\"column\">\n\t\t\t<div class=\"elementor-column-wrap  elementor-element-populated\">\n\t\t\t\t\t<div class=\"elementor-widget-wrap\">\n\t\t\t\t<div class=\"elementor-element elementor-element-0321562 elementor-widget elementor-widget-heading\" data-id=\"0321562\" data-element_type=\"widget\" data-widget_type=\"heading.default\">\n\t\t\t\t<div class=\"elementor-widget-container\">\n\t\t\t<h4 class=\"elementor-heading-title elementor-size-default\">Nasze maszyny do nape\u0142niania i pakowania s\u0105 szeroko stosowane w nast\u0119puj\u0105cych bran\u017cach<\/h4>\t\t<\/div>\n\t\t\t\t<\/div>\n\t\t\t\t<div class=\"elementor-element elementor-element-31dcf88 elementor-widget elementor-widget-text-editor\" data-id=\"31dcf88\" data-element_type=\"widget\" data-widget_type=\"text-editor.default\">\n\t\t\t\t<div class=\"elementor-widget-container\">\n\t\t\t\t\t<div class=\"elementor-text-editor elementor-clearfix\"><p>Nasze maszyny do nape\u0142niania i pakowania s\u0105 szeroko stosowane w napojach, \u017cywno\u015bci, produktach gospodarstwa domowego, produktach higieny osobistej, produktach farmaceutycznych i biomedycznych, chemikaliach itp. Wyb\u00f3r odpowiedniego sprz\u0119tu jest du\u017cym wyzwaniem dla startupu lub niekt\u00f3rych klient\u00f3w, kt\u00f3rzy chc\u0105 rozszerzy\u0107 swoj\u0105 dzia\u0142alno\u015b\u0107. Nasze maszyny do nape\u0142niania i pakowania s\u0105 szeroko stosowane w napojach, \u017cywno\u015bci, produktach gospodarstwa domowego, produktach higieny osobistej, produktach farmaceutycznych i biomedycznych, chemikaliach itp. Wyb\u00f3r odpowiedniego sprz\u0119tu jest du\u017cym wyzwaniem dla startupu lub niekt\u00f3rych klient\u00f3w, kt\u00f3rzy chc\u0105 rozszerzy\u0107 swoj\u0105 dzia\u0142alno\u015b\u0107. Zale\u017cy to od wielu czynnik\u00f3w, w tym od postaci cieczy, kszta\u0142tu i rozmiaru pojemnika, geometrii i rozmiaru zakr\u0119tki, pr\u0119dko\u015bci itp. Monoblokowe maszyny do nape\u0142niania z p\u0142ukaniem s\u0105 przeznaczone do wody, gazowanych napoj\u00f3w bezalkoholowych, sok\u00f3w, napoj\u00f3w, herbaty, mleka i jogurtu, grawitacyjna maszyna do nape\u0142niania nadaje si\u0119 do swobodnie p\u0142yn\u0105cej cienkiej cieczy, t\u0142okowa maszyna do nape\u0142niania najlepiej nadaje si\u0119 do g\u0119stej cieczy i nie jest przeznaczona do stosowania z wod\u0105. maszyna do nape\u0142niania t\u0142ok\u00f3w jest najlepsza do g\u0119stych cieczy z cz\u0105stkami sta\u0142ymi lub bez, maszyna do nape\u0142niania mas\u0105 netto jest zaprojektowana do \u015brednich i wysoko produkowanych maszyna do nape\u0142niania cieczy korozyjnych jest specjalnie zaprojektowana do nape\u0142niania cieczy korozyjnych, monoblokowa maszyna do nape\u0142niania kork\u00f3w jest idealnym rozwi\u0105zaniem dla cieczy korozyjnych. Mo\u017cesz klikn\u0105\u0107 dowolny z tych link\u00f3w, kt\u00f3ry najlepiej opisuje bran\u017c\u0119, w kt\u00f3rej si\u0119 znajdujesz.<\/p><\/div>\n\t\t\t\t<\/div>\n\t\t\t\t<\/div>\n\t\t\t\t\t\t<\/div>\n\t\t\t<\/div>\n\t\t<\/div>\n\t\t\t\t\t\t<\/div>\n\t\t\t<\/div>\n\t\t<\/section>\n\t\t\t\t<section class=\"elementor-element elementor-element-b2f96a6 elementor-section-boxed elementor-section-height-default elementor-section-height-default elementor-section elementor-top-section\" data-id=\"b2f96a6\" data-element_type=\"section\">\n\t\t\t\t\t\t<div class=\"elementor-container elementor-column-gap-default\">\n\t\t\t\t<div class=\"elementor-row\">\n\t\t\t\t<div class=\"elementor-element elementor-element-e770ced elementor-column elementor-col-100 elementor-top-column\" data-id=\"e770ced\" data-element_type=\"column\">\n\t\t\t<div class=\"elementor-column-wrap  elementor-element-populated\">\n\t\t\t\t\t<div class=\"elementor-widget-wrap\">\n\t\t\t\t<div class=\"elementor-element elementor-element-13c8cc8 elementor-widget elementor-widget-heading\" data-id=\"13c8cc8\" data-element_type=\"widget\" data-widget_type=\"heading.default\">\n\t\t\t\t<div class=\"elementor-widget-container\">\n\t\t\t<h4 class=\"elementor-heading-title elementor-size-default\">Nasz cel<\/h4>\t\t<\/div>\n\t\t\t\t<\/div>\n\t\t\t\t<div class=\"elementor-element elementor-element-0a452ff elementor-widget elementor-widget-text-editor\" data-id=\"0a452ff\" data-element_type=\"widget\" data-widget_type=\"text-editor.default\">\n\t\t\t\t<div class=\"elementor-widget-container\">\n\t\t\t\t\t<div class=\"elementor-text-editor elementor-clearfix\"><p>Jeste\u015bmy tutaj, aby pom\u00f3c Ci w zakupie wysokiej jako\u015bci maszyn pakuj\u0105cych. Jeste\u015bmy zobowi\u0105zani do zapewnienia pomocy przed, w trakcie i po sprzeda\u017cy i uwa\u017camy, \u017ce wszystkie pytania i w\u0105tpliwo\u015bci zas\u0142uguj\u0105 na szybk\u0105 odpowied\u017a. Jeste\u015bmy zobowi\u0105zani do zapewnienia pomocy przed, w trakcie i po sprzeda\u017cy, i uwa\u017camy, \u017ce wszystkie pytania i w\u0105tpliwo\u015bci zas\u0142uguj\u0105 na szybk\u0105 odpowied\u017a. Naszym celem jest pomoc w zakupie najlepszej maszyny, w najlepszej cenie, z najkr\u00f3tszym terminem dostawy. Wierzymy, \u017ce aby odnie\u015b\u0107 sukces, trzeba by\u0107 w stanie uczciwie sprzedawa\u0107 sprz\u0119t. Chcieliby\u015bmy rosn\u0105\u0107 i rozwija\u0107 si\u0119 wraz z naszymi klientami, niezale\u017cnie od tego, czy jeste\u015b startupem, czy du\u017c\u0105 firm\u0105, zawsze z Tob\u0105 na zawsze.<\/p><\/div>\n\t\t\t\t<\/div>\n\t\t\t\t<\/div>\n\t\t\t\t\t\t<\/div>\n\t\t\t<\/div>\n\t\t<\/div>\n\t\t\t\t\t\t<\/div>\n\t\t\t<\/div>\n\t\t<\/section>\n\t\t\t\t<section class=\"elementor-element elementor-element-e24fa99 elementor-section-full_width elementor-section-height-default elementor-section-height-default elementor-section elementor-top-section\" data-id=\"e24fa99\" data-element_type=\"section\">\n\t\t\t\t\t\t<div class=\"elementor-container elementor-column-gap-default\">\n\t\t\t\t<div class=\"elementor-row\">\n\t\t\t\t<div class=\"elementor-element elementor-element-d87290a elementor-column elementor-col-100 elementor-top-column\" data-id=\"d87290a\" data-element_type=\"column\">\n\t\t\t<div class=\"elementor-column-wrap  elementor-element-populated\">\n\t\t\t\t\t<div class=\"elementor-widget-wrap\">\n\t\t\t\t<div class=\"elementor-element elementor-element-7ebbec8 elementor-widget elementor-widget-image\" data-id=\"7ebbec8\" data-element_type=\"widget\" data-widget_type=\"image.default\">\n\t\t\t\t<div class=\"elementor-widget-container\">\n\t\t\t\t\t<div class=\"elementor-image\">\n\t\t\t\t\t\t\t\t\t\t<img loading=\"lazy\" decoding=\"async\" width=\"2560\" height=\"983\" src=\"https:\/\/focusonpack.com\/wp-content\/uploads\/2023\/08\/about-scaled.jpg\" class=\"attachment-full size-full\" alt=\"\" srcset=\"https:\/\/focusonpack.com\/wp-content\/uploads\/2023\/08\/about-scaled.jpg 2560w, https:\/\/focusonpack.com\/wp-content\/uploads\/2023\/08\/about-300x115.jpg 300w, https:\/\/focusonpack.com\/wp-content\/uploads\/2023\/08\/about-1024x393.jpg 1024w, https:\/\/focusonpack.com\/wp-content\/uploads\/2023\/08\/about-768x295.jpg 768w, https:\/\/focusonpack.com\/wp-content\/uploads\/2023\/08\/about-1536x590.jpg 1536w, https:\/\/focusonpack.com\/wp-content\/uploads\/2023\/08\/about-2048x786.jpg 2048w, https:\/\/focusonpack.com\/wp-content\/uploads\/2023\/08\/about-600x230.jpg 600w\" sizes=\"auto, (max-width: 2560px) 100vw, 2560px\" \/>\t\t\t\t\t\t\t\t\t\t\t<\/div>\n\t\t\t\t<\/div>\n\t\t\t\t<\/div>\n\t\t\t\t\t\t<\/div>\n\t\t\t<\/div>\n\t\t<\/div>\n\t\t\t\t\t\t<\/div>\n\t\t\t<\/div>\n\t\t<\/section>\n\t\t\t\t\t\t<\/div>\n\t\t\t<\/div>\n\t\t<\/div>","protected":false},"excerpt":{"rendered":"<p>A leading developer and manufa&hellip;<\/p>","protected":false},"author":1,"featured_media":0,"parent":0,"menu_order":0,"comment_status":"closed","ping_status":"closed","template":"elementor_header_footer","meta":{"footnotes":""},"class_list":["post-2393","page","type-page","status-publish","hentry","no-thumb"],"yoast_head":"<!-- This site is optimized with the Yoast SEO plugin v24.8.1 - https:\/\/yoast.com\/wordpress\/plugins\/seo\/ -->\n<title>About Us - Focus on pack<\/title>\n<meta name=\"robots\" content=\"index, follow, max-snippet:-1, max-image-preview:large, max-video-preview:-1\" \/>\n<link rel=\"canonical\" href=\"https:\/\/focusonpack.com\/pl\/o-nas-2\/\" \/>\n<meta property=\"og:locale\" content=\"pl_PL\" \/>\n<meta property=\"og:type\" content=\"article\" \/>\n<meta property=\"og:title\" content=\"About Us - Focus on pack\" \/>\n<meta property=\"og:description\" content=\"A leading developer and manufa&hellip;\" \/>\n<meta property=\"og:url\" content=\"https:\/\/focusonpack.com\/pl\/o-nas-2\/\" \/>\n<meta property=\"og:site_name\" content=\"Focus on pack\" \/>\n<meta property=\"article:modified_time\" content=\"2023-08-15T06:46:48+00:00\" \/>\n<meta property=\"og:image\" content=\"https:\/\/focusonpack.com\/wp-content\/uploads\/2023\/08\/about-scaled.jpg\" \/>\n<meta name=\"twitter:card\" content=\"summary_large_image\" \/>\n<meta name=\"twitter:label1\" content=\"Szacowany czas czytania\" \/>\n\t<meta name=\"twitter:data1\" content=\"4 minuty\" \/>\n<script type=\"application\/ld+json\" class=\"yoast-schema-graph\">{\"@context\":\"https:\/\/schema.org\",\"@graph\":[{\"@type\":\"WebPage\",\"@id\":\"https:\/\/focusonpack.com\/about-us-2\/\",\"url\":\"https:\/\/focusonpack.com\/about-us-2\/\",\"name\":\"About Us - Focus on pack\",\"isPartOf\":{\"@id\":\"https:\/\/focusonpack.com\/#website\"},\"primaryImageOfPage\":{\"@id\":\"https:\/\/focusonpack.com\/about-us-2\/#primaryimage\"},\"image\":{\"@id\":\"https:\/\/focusonpack.com\/about-us-2\/#primaryimage\"},\"thumbnailUrl\":\"https:\/\/focusonpack.com\/wp-content\/uploads\/2023\/08\/about-scaled.jpg\",\"datePublished\":\"2020-05-07T08:21:45+00:00\",\"dateModified\":\"2023-08-15T06:46:48+00:00\",\"breadcrumb\":{\"@id\":\"https:\/\/focusonpack.com\/about-us-2\/#breadcrumb\"},\"inLanguage\":\"pl-PL\",\"potentialAction\":[{\"@type\":\"ReadAction\",\"target\":[\"https:\/\/focusonpack.com\/about-us-2\/\"]}]},{\"@type\":\"ImageObject\",\"inLanguage\":\"pl-PL\",\"@id\":\"https:\/\/focusonpack.com\/about-us-2\/#primaryimage\",\"url\":\"https:\/\/focusonpack.com\/wp-content\/uploads\/2023\/08\/about-scaled.jpg\",\"contentUrl\":\"https:\/\/focusonpack.com\/wp-content\/uploads\/2023\/08\/about-scaled.jpg\"},{\"@type\":\"BreadcrumbList\",\"@id\":\"https:\/\/focusonpack.com\/about-us-2\/#breadcrumb\",\"itemListElement\":[{\"@type\":\"ListItem\",\"position\":1,\"name\":\"\u9996\u9875\",\"item\":\"https:\/\/focusonpack.com\/\"},{\"@type\":\"ListItem\",\"position\":2,\"name\":\"About Us\"}]},{\"@type\":\"WebSite\",\"@id\":\"https:\/\/focusonpack.com\/#website\",\"url\":\"https:\/\/focusonpack.com\/\",\"name\":\"Focus on pack\",\"description\":\"\",\"potentialAction\":[{\"@type\":\"SearchAction\",\"target\":{\"@type\":\"EntryPoint\",\"urlTemplate\":\"https:\/\/focusonpack.com\/?s={search_term_string}\"},\"query-input\":{\"@type\":\"PropertyValueSpecification\",\"valueRequired\":true,\"valueName\":\"search_term_string\"}}],\"inLanguage\":\"pl-PL\"}]}<\/script>\n<!-- \/ Yoast SEO plugin. -->","yoast_head_json":{"title":"About Us - Focus on pack","robots":{"index":"index","follow":"follow","max-snippet":"max-snippet:-1","max-image-preview":"max-image-preview:large","max-video-preview":"max-video-preview:-1"},"canonical":"https:\/\/focusonpack.com\/pl\/o-nas-2\/","og_locale":"pl_PL","og_type":"article","og_title":"About Us - Focus on pack","og_description":"A leading developer and manufa&hellip;","og_url":"https:\/\/focusonpack.com\/pl\/o-nas-2\/","og_site_name":"Focus on pack","article_modified_time":"2023-08-15T06:46:48+00:00","og_image":[{"url":"https:\/\/focusonpack.com\/wp-content\/uploads\/2023\/08\/about-scaled.jpg","type":"","width":"","height":""}],"twitter_card":"summary_large_image","twitter_misc":{"Szacowany czas czytania":"4 minuty"},"schema":{"@context":"https:\/\/schema.org","@graph":[{"@type":"WebPage","@id":"https:\/\/focusonpack.com\/about-us-2\/","url":"https:\/\/focusonpack.com\/about-us-2\/","name":"About Us - Focus on pack","isPartOf":{"@id":"https:\/\/focusonpack.com\/#website"},"primaryImageOfPage":{"@id":"https:\/\/focusonpack.com\/about-us-2\/#primaryimage"},"image":{"@id":"https:\/\/focusonpack.com\/about-us-2\/#primaryimage"},"thumbnailUrl":"https:\/\/focusonpack.com\/wp-content\/uploads\/2023\/08\/about-scaled.jpg","datePublished":"2020-05-07T08:21:45+00:00","dateModified":"2023-08-15T06:46:48+00:00","breadcrumb":{"@id":"https:\/\/focusonpack.com\/about-us-2\/#breadcrumb"},"inLanguage":"pl-PL","potentialAction":[{"@type":"ReadAction","target":["https:\/\/focusonpack.com\/about-us-2\/"]}]},{"@type":"ImageObject","inLanguage":"pl-PL","@id":"https:\/\/focusonpack.com\/about-us-2\/#primaryimage","url":"https:\/\/focusonpack.com\/wp-content\/uploads\/2023\/08\/about-scaled.jpg","contentUrl":"https:\/\/focusonpack.com\/wp-content\/uploads\/2023\/08\/about-scaled.jpg"},{"@type":"BreadcrumbList","@id":"https:\/\/focusonpack.com\/about-us-2\/#breadcrumb","itemListElement":[{"@type":"ListItem","position":1,"name":"\u9996\u9875","item":"https:\/\/focusonpack.com\/"},{"@type":"ListItem","position":2,"name":"About Us"}]},{"@type":"WebSite","@id":"https:\/\/focusonpack.com\/#website","url":"https:\/\/focusonpack.com\/","name":"Focus on pack","description":"","potentialAction":[{"@type":"SearchAction","target":{"@type":"EntryPoint","urlTemplate":"https:\/\/focusonpack.com\/?s={search_term_string}"},"query-input":{"@type":"PropertyValueSpecification","valueRequired":true,"valueName":"search_term_string"}}],"inLanguage":"pl-PL"}]}},"_links":{"self":[{"href":"https:\/\/focusonpack.com\/pl\/wp-json\/wp\/v2\/pages\/2393","targetHints":{"allow":["GET"]}}],"collection":[{"href":"https:\/\/focusonpack.com\/pl\/wp-json\/wp\/v2\/pages"}],"about":[{"href":"https:\/\/focusonpack.com\/pl\/wp-json\/wp\/v2\/types\/page"}],"author":[{"embeddable":true,"href":"https:\/\/focusonpack.com\/pl\/wp-json\/wp\/v2\/users\/1"}],"replies":[{"embeddable":true,"href":"https:\/\/focusonpack.com\/pl\/wp-json\/wp\/v2\/comments?post=2393"}],"version-history":[{"count":15,"href":"https:\/\/focusonpack.com\/pl\/wp-json\/wp\/v2\/pages\/2393\/revisions"}],"predecessor-version":[{"id":4140,"href":"https:\/\/focusonpack.com\/pl\/wp-json\/wp\/v2\/pages\/2393\/revisions\/4140"}],"wp:attachment":[{"href":"https:\/\/focusonpack.com\/pl\/wp-json\/wp\/v2\/media?parent=2393"}],"curies":[{"name":"wp","href":"https:\/\/api.w.org\/{rel}","templated":true}]}}