{"id":2499,"date":"2020-05-08T10:35:13","date_gmt":"2020-05-08T02:35:13","guid":{"rendered":"https:\/\/focusonpack.com\/?page_id=2499"},"modified":"2025-03-24T15:38:15","modified_gmt":"2025-03-24T07:38:15","slug":"carbonated-soft-drink-filling-machine","status":"publish","type":"page","link":"https:\/\/focusonpack.com\/pl\/maszyna-do-napelniania-napojow-gazowanych\/","title":{"rendered":"Maszyna do nape\u0142niania napoj\u00f3w gazowanych"},"content":{"rendered":"<div data-elementor-type=\"wp-page\" data-elementor-id=\"2499\" class=\"elementor elementor-2499\" data-elementor-settings=\"[]\">\n\t\t\t<div class=\"elementor-inner\">\n\t\t\t\t<div class=\"elementor-section-wrap\">\n\t\t\t\t\t\t\t<section class=\"elementor-element elementor-element-540a5ae7 elementor-section-boxed elementor-section-height-default elementor-section-height-default elementor-section elementor-top-section\" data-id=\"540a5ae7\" data-element_type=\"section\">\n\t\t\t\t\t\t<div class=\"elementor-container elementor-column-gap-default\">\n\t\t\t\t<div class=\"elementor-row\">\n\t\t\t\t<div class=\"elementor-element elementor-element-5d4a3646 elementor-column elementor-col-100 elementor-top-column\" data-id=\"5d4a3646\" data-element_type=\"column\">\n\t\t\t<div class=\"elementor-column-wrap  elementor-element-populated\">\n\t\t\t\t\t<div class=\"elementor-widget-wrap\">\n\t\t\t\t<div class=\"elementor-element elementor-element-30f22ef4 elementor-widget elementor-widget-heading\" data-id=\"30f22ef4\" data-element_type=\"widget\" data-widget_type=\"heading.default\">\n\t\t\t\t<div class=\"elementor-widget-container\">\n\t\t\t<h3 class=\"elementor-heading-title elementor-size-default\">Maszyna do nape\u0142niania napoj\u00f3w gazowanych<\/h3>\t\t<\/div>\n\t\t\t\t<\/div>\n\t\t\t\t<div class=\"elementor-element elementor-element-1d9dd23c elementor-widget elementor-widget-text-editor\" data-id=\"1d9dd23c\" data-element_type=\"widget\" data-widget_type=\"text-editor.default\">\n\t\t\t\t<div class=\"elementor-widget-container\">\n\t\t\t\t\t<div class=\"elementor-text-editor elementor-clearfix\"><p>Oferujemy w pe\u0142ni automatyczn\u0105 maszyn\u0119 do nape\u0142niania napoj\u00f3w gazowanych, maszyn\u0119 do nape\u0142niania wod\u0105 gazowan\u0105, maszyn\u0119 do nape\u0142niania napoj\u00f3w gazowanych, sod\u0119 gazowan\u0105 maszyna do nape\u0142niania, maszyna do nape\u0142niania piwa, kt\u00f3ra s\u0142u\u017cy do nape\u0142niania coca coli, spirytusu, wody sodowej, szampana, wina koktajlowego, piwa, wina, alkoholu itp. w PET, szklanych butelkach, puszkach pop i puszkach. szklane butelki, puszki i puszki.<\/p><\/div>\n\t\t\t\t<\/div>\n\t\t\t\t<\/div>\n\t\t\t\t\t\t<\/div>\n\t\t\t<\/div>\n\t\t<\/div>\n\t\t\t\t\t\t<\/div>\n\t\t\t<\/div>\n\t\t<\/section>\n\t\t\t\t<section class=\"elementor-element elementor-element-5066844d elementor-section-boxed elementor-section-height-default elementor-section-height-default elementor-section elementor-top-section\" data-id=\"5066844d\" data-element_type=\"section\">\n\t\t\t\t\t\t<div class=\"elementor-container elementor-column-gap-default\">\n\t\t\t\t<div class=\"elementor-row\">\n\t\t\t\t<div class=\"elementor-element elementor-element-39c765e6 elementor-column elementor-col-100 elementor-top-column\" data-id=\"39c765e6\" data-element_type=\"column\">\n\t\t\t<div class=\"elementor-column-wrap  elementor-element-populated\">\n\t\t\t\t\t<div class=\"elementor-widget-wrap\">\n\t\t\t\t<div class=\"elementor-element elementor-element-72096b7 elementor-widget elementor-widget-divider\" data-id=\"72096b7\" data-element_type=\"widget\" data-widget_type=\"divider.default\">\n\t\t\t\t<div class=\"elementor-widget-container\">\n\t\t\t\t\t<div class=\"elementor-divider\">\n\t\t\t<span class=\"elementor-divider-separator\">\n\t\t\t\t\t\t<\/span>\n\t\t<\/div>\n\t\t\t\t<\/div>\n\t\t\t\t<\/div>\n\t\t\t\t\t\t<\/div>\n\t\t\t<\/div>\n\t\t<\/div>\n\t\t\t\t\t\t<\/div>\n\t\t\t<\/div>\n\t\t<\/section>\n\t\t\t\t<section class=\"elementor-element elementor-element-544c3713 elementor-section-boxed elementor-section-height-default elementor-section-height-default elementor-section elementor-top-section\" data-id=\"544c3713\" data-element_type=\"section\">\n\t\t\t\t\t\t<div class=\"elementor-container elementor-column-gap-default\">\n\t\t\t\t<div class=\"elementor-row\">\n\t\t\t\t<div class=\"elementor-element elementor-element-2dc61fd0 elementor-column elementor-col-50 elementor-top-column\" data-id=\"2dc61fd0\" data-element_type=\"column\">\n\t\t\t<div class=\"elementor-column-wrap  elementor-element-populated\">\n\t\t\t\t\t<div class=\"elementor-widget-wrap\">\n\t\t\t\t<div class=\"elementor-element elementor-element-35fa474a elementor-widget elementor-widget-image\" data-id=\"35fa474a\" data-element_type=\"widget\" data-widget_type=\"image.default\">\n\t\t\t\t<div class=\"elementor-widget-container\">\n\t\t\t\t\t<div class=\"elementor-image\">\n\t\t\t\t\t\t\t\t\t\t<img decoding=\"async\" src=\"https:\/\/focusonpack.com\/wp-content\/uploads\/elementor\/thumbs\/monoblock-2-2-q9o7o62nrc2se9gc9z7lu4eq6de8dmayu04kppc6vk.jpg\" title=\"monoblock-2-2\" alt=\"monoblock-2-2\" class=\"elementor-animation-grow\" \/>\t\t\t\t\t\t\t\t\t\t\t<\/div>\n\t\t\t\t<\/div>\n\t\t\t\t<\/div>\n\t\t\t\t\t\t<\/div>\n\t\t\t<\/div>\n\t\t<\/div>\n\t\t\t\t<div class=\"elementor-element elementor-element-2c3f2657 elementor-column elementor-col-50 elementor-top-column\" data-id=\"2c3f2657\" data-element_type=\"column\">\n\t\t\t<div class=\"elementor-column-wrap  elementor-element-populated\">\n\t\t\t\t\t<div class=\"elementor-widget-wrap\">\n\t\t\t\t<div class=\"elementor-element elementor-element-42e1950 elementor-widget elementor-widget-heading\" data-id=\"42e1950\" data-element_type=\"widget\" data-widget_type=\"heading.default\">\n\t\t\t\t<div class=\"elementor-widget-container\">\n\t\t\t<h3 class=\"elementor-heading-title elementor-size-default\">Maszyna do butelkowania napoj\u00f3w gazowanych\/wody\/napoj\u00f3w PET<\/h3>\t\t<\/div>\n\t\t\t\t<\/div>\n\t\t\t\t<div class=\"elementor-element elementor-element-53c33e47 elementor-widget elementor-widget-text-editor\" data-id=\"53c33e47\" data-element_type=\"widget\" data-widget_type=\"text-editor.default\">\n\t\t\t\t<div class=\"elementor-widget-container\">\n\t\t\t\t\t<div class=\"elementor-text-editor elementor-clearfix\"><p>Maszyna do nape\u0142niania napoj\u00f3w gazowanych \/ wody \/ napoj\u00f3w jest specjalnie zaprojektowana do produkcji na ma\u0142\u0105 i \u015bredni\u0105 skal\u0119 zar\u00f3wno niegazowanych, jak i gazowanych napoj\u00f3w bezalkoholowych, takich jak coca-cola, woda sodowa itp. napoj\u00f3w, takich jak coca cola, spirytus, woda sodowa itp. w butelkach PET o pojemno\u015bci od 0,2 do 2 litr\u00f3w, integruj\u0105c podnoszenie, nape\u0142nianie i zamykanie w jednym. Cechy obejmuj\u0105 solidn\u0105 podstaw\u0119 wspart\u0105 na regulowanych n\u00f3\u017ckach i wykonan\u0105 z poszycia ze stali nierdzewnej przymocowanego do ramy rurowej. cz\u0119\u015bci cieczy s\u0105 wykonane ze stali nierdzewnej i tworzyw sztucznych o jako\u015bci spo\u017cywczej, unikalny system zawieszenia szyjki butelki sprawia, \u017ce butelka porusza si\u0119 p\u0142ynnie i minimalizuje czas przestoju z jednego do innego rozmiaru, wyposa\u017cone w najnowsze dysze do nape\u0142niania przeciwci\u015bnieniowego do precyzyjnego nape\u0142niania, system zamykania typu pick and place, krytyczne komponenty elektroniczne i sterowniki PLC s\u0105 produkowane przez Ministerstwo Handlu. Krytyczne komponenty elektroniczne i sterowniki PLC s\u0105 produkowane przez Siemens, Mitsubishi i Omron itp. Wszystkie informacje o produkcji i sterowanie automatyk\u0105 s\u0105 wy\u015bwietlane cyfrowo.<\/p><\/div>\n\t\t\t\t<\/div>\n\t\t\t\t<\/div>\n\t\t\t\t<div class=\"elementor-element elementor-element-659779e1 elementor-button-info elementor-align-left elementor-widget elementor-widget-button\" data-id=\"659779e1\" data-element_type=\"widget\" data-widget_type=\"button.default\">\n\t\t\t\t<div class=\"elementor-widget-container\">\n\t\t\t\t\t<div class=\"elementor-button-wrapper\">\n\t\t\t<a href=\"https:\/\/focusonpack.com\/pl\/gazowany-napoj-bezalkoholowy-woda-napoj-maszyna-do-butelkowania-zwierzat-domowych\/\" class=\"elementor-button-link elementor-button elementor-size-sm\" role=\"button\">\n\t\t\t\t\t\t<span class=\"elementor-button-content-wrapper\">\n\t\t\t\t\t\t<span class=\"elementor-button-text\">Szczeg\u00f3\u0142y dotycz\u0105ce produkt\u00f3w<\/span>\n\t\t<\/span>\n\t\t\t\t\t<\/a>\n\t\t<\/div>\n\t\t\t\t<\/div>\n\t\t\t\t<\/div>\n\t\t\t\t\t\t<\/div>\n\t\t\t<\/div>\n\t\t<\/div>\n\t\t\t\t\t\t<\/div>\n\t\t\t<\/div>\n\t\t<\/section>\n\t\t\t\t\t\t<\/div>\n\t\t\t<\/div>\n\t\t<\/div>","protected":false},"excerpt":{"rendered":"<p>Carbonated Soft Drink Filling &hellip;<\/p>","protected":false},"author":1,"featured_media":0,"parent":0,"menu_order":0,"comment_status":"closed","ping_status":"closed","template":"elementor_header_footer","meta":{"footnotes":""},"class_list":["post-2499","page","type-page","status-publish","hentry","no-thumb"],"yoast_head":"<!-- This site is optimized with the Yoast SEO plugin v24.8.1 - https:\/\/yoast.com\/wordpress\/plugins\/seo\/ -->\n<title>Carbonated Soft Drink Filling Machine - Focus on pack<\/title>\n<meta name=\"robots\" content=\"index, follow, max-snippet:-1, max-image-preview:large, max-video-preview:-1\" \/>\n<link rel=\"canonical\" href=\"https:\/\/focusonpack.com\/pl\/maszyna-do-napelniania-napojow-gazowanych\/\" \/>\n<meta property=\"og:locale\" content=\"pl_PL\" \/>\n<meta property=\"og:type\" content=\"article\" \/>\n<meta property=\"og:title\" content=\"Carbonated Soft Drink Filling Machine - Focus on pack\" \/>\n<meta property=\"og:description\" content=\"Carbonated Soft Drink Filling &hellip;\" \/>\n<meta property=\"og:url\" content=\"https:\/\/focusonpack.com\/pl\/maszyna-do-napelniania-napojow-gazowanych\/\" \/>\n<meta property=\"og:site_name\" content=\"Focus on pack\" \/>\n<meta property=\"article:modified_time\" content=\"2025-03-24T07:38:15+00:00\" \/>\n<meta property=\"og:image\" content=\"https:\/\/focusonpack.com\/wp-content\/uploads\/elementor\/thumbs\/monoblock-2-2-q9o7o62nrc2se9gc9z7lu4eq6de8dmayu04kppc6vk.jpg\" \/>\n<meta name=\"twitter:card\" content=\"summary_large_image\" \/>\n<meta name=\"twitter:label1\" content=\"Szacowany czas czytania\" \/>\n\t<meta name=\"twitter:data1\" content=\"1 minuta\" \/>\n<script type=\"application\/ld+json\" class=\"yoast-schema-graph\">{\"@context\":\"https:\/\/schema.org\",\"@graph\":[{\"@type\":\"WebPage\",\"@id\":\"https:\/\/focusonpack.com\/carbonated-soft-drink-filling-machine\/\",\"url\":\"https:\/\/focusonpack.com\/carbonated-soft-drink-filling-machine\/\",\"name\":\"Carbonated Soft Drink Filling Machine - Focus on pack\",\"isPartOf\":{\"@id\":\"https:\/\/focusonpack.com\/#website\"},\"primaryImageOfPage\":{\"@id\":\"https:\/\/focusonpack.com\/carbonated-soft-drink-filling-machine\/#primaryimage\"},\"image\":{\"@id\":\"https:\/\/focusonpack.com\/carbonated-soft-drink-filling-machine\/#primaryimage\"},\"thumbnailUrl\":\"https:\/\/focusonpack.com\/wp-content\/uploads\/elementor\/thumbs\/monoblock-2-2-q9o7o62nrc2se9gc9z7lu4eq6de8dmayu04kppc6vk.jpg\",\"datePublished\":\"2020-05-08T02:35:13+00:00\",\"dateModified\":\"2025-03-24T07:38:15+00:00\",\"breadcrumb\":{\"@id\":\"https:\/\/focusonpack.com\/carbonated-soft-drink-filling-machine\/#breadcrumb\"},\"inLanguage\":\"pl-PL\",\"potentialAction\":[{\"@type\":\"ReadAction\",\"target\":[\"https:\/\/focusonpack.com\/carbonated-soft-drink-filling-machine\/\"]}]},{\"@type\":\"ImageObject\",\"inLanguage\":\"pl-PL\",\"@id\":\"https:\/\/focusonpack.com\/carbonated-soft-drink-filling-machine\/#primaryimage\",\"url\":\"https:\/\/focusonpack.com\/wp-content\/uploads\/elementor\/thumbs\/monoblock-2-2-q9o7o62nrc2se9gc9z7lu4eq6de8dmayu04kppc6vk.jpg\",\"contentUrl\":\"https:\/\/focusonpack.com\/wp-content\/uploads\/elementor\/thumbs\/monoblock-2-2-q9o7o62nrc2se9gc9z7lu4eq6de8dmayu04kppc6vk.jpg\"},{\"@type\":\"BreadcrumbList\",\"@id\":\"https:\/\/focusonpack.com\/carbonated-soft-drink-filling-machine\/#breadcrumb\",\"itemListElement\":[{\"@type\":\"ListItem\",\"position\":1,\"name\":\"\u9996\u9875\",\"item\":\"https:\/\/focusonpack.com\/\"},{\"@type\":\"ListItem\",\"position\":2,\"name\":\"Carbonated Soft Drink Filling Machine\"}]},{\"@type\":\"WebSite\",\"@id\":\"https:\/\/focusonpack.com\/#website\",\"url\":\"https:\/\/focusonpack.com\/\",\"name\":\"Focus on pack\",\"description\":\"\",\"potentialAction\":[{\"@type\":\"SearchAction\",\"target\":{\"@type\":\"EntryPoint\",\"urlTemplate\":\"https:\/\/focusonpack.com\/?s={search_term_string}\"},\"query-input\":{\"@type\":\"PropertyValueSpecification\",\"valueRequired\":true,\"valueName\":\"search_term_string\"}}],\"inLanguage\":\"pl-PL\"}]}<\/script>\n<!-- \/ Yoast SEO plugin. -->","yoast_head_json":{"title":"Carbonated Soft Drink Filling Machine - Focus on pack","robots":{"index":"index","follow":"follow","max-snippet":"max-snippet:-1","max-image-preview":"max-image-preview:large","max-video-preview":"max-video-preview:-1"},"canonical":"https:\/\/focusonpack.com\/pl\/maszyna-do-napelniania-napojow-gazowanych\/","og_locale":"pl_PL","og_type":"article","og_title":"Carbonated Soft Drink Filling Machine - Focus on pack","og_description":"Carbonated Soft Drink Filling &hellip;","og_url":"https:\/\/focusonpack.com\/pl\/maszyna-do-napelniania-napojow-gazowanych\/","og_site_name":"Focus on pack","article_modified_time":"2025-03-24T07:38:15+00:00","og_image":[{"url":"https:\/\/focusonpack.com\/wp-content\/uploads\/elementor\/thumbs\/monoblock-2-2-q9o7o62nrc2se9gc9z7lu4eq6de8dmayu04kppc6vk.jpg","type":"","width":"","height":""}],"twitter_card":"summary_large_image","twitter_misc":{"Szacowany czas czytania":"1 minuta"},"schema":{"@context":"https:\/\/schema.org","@graph":[{"@type":"WebPage","@id":"https:\/\/focusonpack.com\/carbonated-soft-drink-filling-machine\/","url":"https:\/\/focusonpack.com\/carbonated-soft-drink-filling-machine\/","name":"Carbonated Soft Drink Filling Machine - Focus on pack","isPartOf":{"@id":"https:\/\/focusonpack.com\/#website"},"primaryImageOfPage":{"@id":"https:\/\/focusonpack.com\/carbonated-soft-drink-filling-machine\/#primaryimage"},"image":{"@id":"https:\/\/focusonpack.com\/carbonated-soft-drink-filling-machine\/#primaryimage"},"thumbnailUrl":"https:\/\/focusonpack.com\/wp-content\/uploads\/elementor\/thumbs\/monoblock-2-2-q9o7o62nrc2se9gc9z7lu4eq6de8dmayu04kppc6vk.jpg","datePublished":"2020-05-08T02:35:13+00:00","dateModified":"2025-03-24T07:38:15+00:00","breadcrumb":{"@id":"https:\/\/focusonpack.com\/carbonated-soft-drink-filling-machine\/#breadcrumb"},"inLanguage":"pl-PL","potentialAction":[{"@type":"ReadAction","target":["https:\/\/focusonpack.com\/carbonated-soft-drink-filling-machine\/"]}]},{"@type":"ImageObject","inLanguage":"pl-PL","@id":"https:\/\/focusonpack.com\/carbonated-soft-drink-filling-machine\/#primaryimage","url":"https:\/\/focusonpack.com\/wp-content\/uploads\/elementor\/thumbs\/monoblock-2-2-q9o7o62nrc2se9gc9z7lu4eq6de8dmayu04kppc6vk.jpg","contentUrl":"https:\/\/focusonpack.com\/wp-content\/uploads\/elementor\/thumbs\/monoblock-2-2-q9o7o62nrc2se9gc9z7lu4eq6de8dmayu04kppc6vk.jpg"},{"@type":"BreadcrumbList","@id":"https:\/\/focusonpack.com\/carbonated-soft-drink-filling-machine\/#breadcrumb","itemListElement":[{"@type":"ListItem","position":1,"name":"\u9996\u9875","item":"https:\/\/focusonpack.com\/"},{"@type":"ListItem","position":2,"name":"Carbonated Soft Drink Filling Machine"}]},{"@type":"WebSite","@id":"https:\/\/focusonpack.com\/#website","url":"https:\/\/focusonpack.com\/","name":"Focus on pack","description":"","potentialAction":[{"@type":"SearchAction","target":{"@type":"EntryPoint","urlTemplate":"https:\/\/focusonpack.com\/?s={search_term_string}"},"query-input":{"@type":"PropertyValueSpecification","valueRequired":true,"valueName":"search_term_string"}}],"inLanguage":"pl-PL"}]}},"_links":{"self":[{"href":"https:\/\/focusonpack.com\/pl\/wp-json\/wp\/v2\/pages\/2499","targetHints":{"allow":["GET"]}}],"collection":[{"href":"https:\/\/focusonpack.com\/pl\/wp-json\/wp\/v2\/pages"}],"about":[{"href":"https:\/\/focusonpack.com\/pl\/wp-json\/wp\/v2\/types\/page"}],"author":[{"embeddable":true,"href":"https:\/\/focusonpack.com\/pl\/wp-json\/wp\/v2\/users\/1"}],"replies":[{"embeddable":true,"href":"https:\/\/focusonpack.com\/pl\/wp-json\/wp\/v2\/comments?post=2499"}],"version-history":[{"count":9,"href":"https:\/\/focusonpack.com\/pl\/wp-json\/wp\/v2\/pages\/2499\/revisions"}],"predecessor-version":[{"id":4570,"href":"https:\/\/focusonpack.com\/pl\/wp-json\/wp\/v2\/pages\/2499\/revisions\/4570"}],"wp:attachment":[{"href":"https:\/\/focusonpack.com\/pl\/wp-json\/wp\/v2\/media?parent=2499"}],"curies":[{"name":"wp","href":"https:\/\/api.w.org\/{rel}","templated":true}]}}