{"id":2577,"date":"2020-05-08T15:37:18","date_gmt":"2020-05-08T07:37:18","guid":{"rendered":"https:\/\/focusonpack.com\/?page_id=2577"},"modified":"2020-05-16T16:36:50","modified_gmt":"2020-05-16T08:36:50","slug":"automatic-one-side-labeling-machine","status":"publish","type":"page","link":"https:\/\/focusonpack.com\/pl\/automatic-one-side-labeling-machine\/","title":{"rendered":"Automatyczna maszyna do etykietowania jednostronnego"},"content":{"rendered":"<div data-elementor-type=\"wp-page\" data-elementor-id=\"2577\" class=\"elementor elementor-2577\" data-elementor-settings=\"[]\">\n\t\t\t<div class=\"elementor-inner\">\n\t\t\t\t<div class=\"elementor-section-wrap\">\n\t\t\t\t\t\t\t<section class=\"elementor-element elementor-element-4ae5073 elementor-section-boxed elementor-section-height-default elementor-section-height-default elementor-section elementor-top-section\" data-id=\"4ae5073\" data-element_type=\"section\">\n\t\t\t\t\t\t<div class=\"elementor-container elementor-column-gap-default\">\n\t\t\t\t<div class=\"elementor-row\">\n\t\t\t\t<div class=\"elementor-element elementor-element-39ebc987 elementor-column elementor-col-50 elementor-top-column\" data-id=\"39ebc987\" data-element_type=\"column\">\n\t\t\t<div class=\"elementor-column-wrap  elementor-element-populated\">\n\t\t\t\t\t<div class=\"elementor-widget-wrap\">\n\t\t\t\t<div class=\"elementor-element elementor-element-67cfe6a5 elementor-widget elementor-widget-heading\" data-id=\"67cfe6a5\" data-element_type=\"widget\" data-widget_type=\"heading.default\">\n\t\t\t\t<div class=\"elementor-widget-container\">\n\t\t\t<h3 class=\"elementor-heading-title elementor-size-default\">Automatyczna maszyna do etykietowania jednostronnego<\/h3>\t\t<\/div>\n\t\t\t\t<\/div>\n\t\t\t\t<div class=\"elementor-element elementor-element-66018f9f elementor-widget elementor-widget-heading\" data-id=\"66018f9f\" data-element_type=\"widget\" data-widget_type=\"heading.default\">\n\t\t\t\t<div class=\"elementor-widget-container\">\n\t\t\t<h3 class=\"elementor-heading-title elementor-size-default\">Automatic One Side Label Machine For Bottles<\/h3>\t\t<\/div>\n\t\t\t\t<\/div>\n\t\t\t\t<div class=\"elementor-element elementor-element-51f474ba elementor-widget elementor-widget-text-editor\" data-id=\"51f474ba\" data-element_type=\"widget\" data-widget_type=\"text-editor.default\">\n\t\t\t\t<div class=\"elementor-widget-container\">\n\t\t\t\t\t<div class=\"elementor-text-editor elementor-clearfix\"><p>Automatic one side self adhesive sticker labeling machine is designed to apply apply one label on on flat, oval, square, round or any other shape of container or an optional wrap around station for partial wrap or full wrap labels as well as tamper evident or promotional top labels, It is built with stainless steel and anodize components, labeling system is driven by servomotor, all remaining systems are driven by AC motors(all motors synchronized). This bottle sticker machine is equipped with speed adjustable container separation module integrated with the labeling system to assure correct bottle entry timing, equipped with synchronized top stabilizing\/conveyor belt which is provided to hold the bottle for proper labeling, equipped with a non- contact product sensor for label gaps and containers or optional build back sensor, Additional features include power assisted web take up, PLC control and user friendly HMI. The easy to use design makes it simple to change bottle and label sizes.<\/p><\/div>\n\t\t\t\t<\/div>\n\t\t\t\t<\/div>\n\t\t\t\t<div class=\"elementor-element elementor-element-6138dd16 elementor-widget elementor-widget-heading\" data-id=\"6138dd16\" data-element_type=\"widget\" data-widget_type=\"heading.default\">\n\t\t\t\t<div class=\"elementor-widget-container\">\n\t\t\t<h3 class=\"elementor-heading-title elementor-size-default\">Kluczowe cechy<\/h3>\t\t<\/div>\n\t\t\t\t<\/div>\n\t\t\t\t<div class=\"elementor-element elementor-element-1d483d01 elementor-widget elementor-widget-text-editor\" data-id=\"1d483d01\" data-element_type=\"widget\" data-widget_type=\"text-editor.default\">\n\t\t\t\t<div class=\"elementor-widget-container\">\n\t\t\t\t\t<div class=\"elementor-text-editor elementor-clearfix\"><p>\uf105 Heavy-duty stainless steel constructed anodized aluminium components<\/p><p>\uf105 Komponenty elektroniczne s\u0105 znan\u0105 na ca\u0142ym \u015bwiecie mark\u0105<\/p><p>\uf105 Capable of labeling flat,oval,square and round containers<\/p><p>\uf105 Variable speed bottle infeed seperator wheel<\/p><p>\uf105 Sterowanie PLC i przyjazny dla u\u017cytkownika interfejs HMI<\/p><p>\uf105 Serwomotor zapewnia dok\u0142adne i powtarzalne etykietowanie z du\u017c\u0105 pr\u0119dko\u015bci\u0105<\/p><p>\uf105 Top stabilizing\/conveyor belt is provided to hold the bottle for proper labeling.<\/p><p>\uf105 Automatycznie zsynchronizowana g\u0142owica etykietuj\u0105ca i przeno\u015bnik ta\u015bmowy<\/p><p>\uf105 Odbieranie sieci wspomagane energi\u0105<\/p><p>\uf105 Wykrywanie niskiego poziomu lub braku etykiety z automatycznym systemem zatrzymywania, aby zapobiec b\u0142\u0119dnemu etykietowaniu.<\/p><p>\uf105 Bezkontaktowe czujniki fotoelektryczne<\/p><p>\uf105 Licznik etykiet<\/p><\/div>\n\t\t\t\t<\/div>\n\t\t\t\t<\/div>\n\t\t\t\t<div class=\"elementor-element elementor-element-9884201 elementor-widget elementor-widget-heading\" data-id=\"9884201\" data-element_type=\"widget\" data-widget_type=\"heading.default\">\n\t\t\t\t<div class=\"elementor-widget-container\">\n\t\t\t<h3 class=\"elementor-heading-title elementor-size-default\">Dost\u0119pne opcje<\/h3>\t\t<\/div>\n\t\t\t\t<\/div>\n\t\t\t\t<div class=\"elementor-element elementor-element-8495217 elementor-widget elementor-widget-text-editor\" data-id=\"8495217\" data-element_type=\"widget\" data-widget_type=\"text-editor.default\">\n\t\t\t\t<div class=\"elementor-widget-container\">\n\t\t\t\t\t<div class=\"elementor-text-editor elementor-clearfix\"><p>\uf105 Koder drukuj\u0105cy na gor\u0105co z podstaw\u0105 (drukuje znaki bezpo\u015brednio na etykiecie)<\/p><p>\uf105 Czujniki przezroczystych etykiet (zdolne do wykrywania przezroczystych etykiet)<\/p><p>\uf105 Wraparound station<\/p><\/div>\n\t\t\t\t<\/div>\n\t\t\t\t<\/div>\n\t\t\t\t<div class=\"elementor-element elementor-element-7c286953 elementor-widget elementor-widget-heading\" data-id=\"7c286953\" data-element_type=\"widget\" data-widget_type=\"heading.default\">\n\t\t\t\t<div class=\"elementor-widget-container\">\n\t\t\t<h3 class=\"elementor-heading-title elementor-size-default\">Specyfikacja techniczna<\/h3>\t\t<\/div>\n\t\t\t\t<\/div>\n\t\t\t\t<div class=\"elementor-element elementor-element-61431646 elementor-widget elementor-widget-text-editor\" data-id=\"61431646\" data-element_type=\"widget\" data-widget_type=\"text-editor.default\">\n\t\t\t\t<div class=\"elementor-widget-container\">\n\t\t\t\t\t<div class=\"elementor-text-editor elementor-clearfix\"><table border=\"0\" cellpadding=\"0\" cellspacing=\"0\" width=\"633\" height=\"240\" style=\"width: 474.77pt;\">\n <colgroup><col width=\"146\" style=\"width:109.50pt;\">\n <col width=\"487\" style=\"width:365.25pt;\">\n <\/colgroup><tbody><tr height=\"20\" style=\"height:15.00pt;\">\n  <td class=\"et2\" height=\"20\" width=\"146\" x:str=\"\" style=\"height:15.00pt;width:109.50pt;\">Kierunek<\/td>\n  <td class=\"et2\" width=\"487\" x:str=\"\" style=\"width:365.25pt;\">Od lewej do prawej lub od prawej do lewej<\/td>\n <\/tr>\n <tr height=\"20\" style=\"height:15.00pt;\">\n  <td class=\"et2\" height=\"20\" x:str=\"\" style=\"height:15.00pt;\">pr\u0119dko\u015b\u0107<\/td>\n  <td class=\"et2\" x:str=\"\">120-250CPM(Depending on product characteristics and feed speed)<\/td>\n <\/tr>\n <tr height=\"20\" style=\"height:15.00pt;\">\n  <td class=\"et2\" height=\"20\" x:str=\"\" style=\"height:15.00pt;\">Container Diameter&nbsp;<\/td>\n  <td class=\"et2\" x:str=\"\">L:30-300mm W:20-140mm<\/td>\n <\/tr>\n <tr height=\"20\" style=\"height:15.00pt;\">\n  <td class=\"et2\" height=\"20\" x:str=\"\" style=\"height:15.00pt;\">Wysoko\u015b\u0107 pojemnika<\/td>\n  <td class=\"et2\" x:str=\"\">55-400mm<\/td>\n <\/tr>\n <tr height=\"20\" style=\"height:15.00pt;\">\n  <td class=\"et2\" height=\"20\" x:str=\"\" style=\"height:15.00pt;\">D\u0142ugo\u015b\u0107 etykiety<\/td>\n  <td class=\"et2\" x:str=\"\">15-300mm<\/td>\n <\/tr>\n <tr height=\"20\" style=\"height:15.00pt;\">\n  <td class=\"et2\" height=\"20\" x:str=\"\" style=\"height:15.00pt;\">Wysoko\u015b\u0107 etykiety<\/td>\n  <td class=\"et2\" x:str=\"\">10-150mm<\/td>\n <\/tr>\n <tr height=\"20\" style=\"height:15.00pt;\">\n  <td class=\"et2\" height=\"20\" x:str=\"\" style=\"height:15.00pt;\">Dok\u0142adno\u015b\u0107 etykietowania<\/td>\n  <td class=\"et2\" x:str=\"\">\u00b11 mm (w zale\u017cno\u015bci od charakterystyki produktu)<\/td>\n <\/tr>\n <tr height=\"20\" style=\"height:15.00pt;\">\n  <td class=\"et2\" height=\"20\" x:str=\"\" style=\"height:15.00pt;\">Rozmiar etykiety<\/td>\n  <td class=\"et2\" x:str=\"\">320 mm (maks.)<\/td>\n <\/tr>\n <tr height=\"20\" style=\"height:15.00pt;\">\n  <td class=\"et2\" height=\"20\" x:str=\"\" style=\"height:15.00pt;\">Rozmiar rdzenia etykiety<\/td>\n  <td class=\"et2\" x:str=\"\">76 mm<\/td>\n <\/tr>\n <tr height=\"20\" style=\"height:15.00pt;\">\n  <td class=\"et2\" height=\"20\" x:str=\"\" style=\"height:15.00pt;\">Zasilanie elektryczne<\/td>\n  <td class=\"et2\" x:str=\"\">110\/220V 50\/60HZ 1PH 950W<\/td>\n <\/tr>\n <tr height=\"20\" style=\"height:15.00pt;\">\n  <td class=\"et2\" height=\"20\" x:str=\"\" style=\"height:15.00pt;\">Waga&nbsp;<\/td>\n  <td class=\"et2\" x:str=\"\">310kgs<\/td>\n <\/tr>\n <tr height=\"20\" style=\"height:15.00pt;\">\n  <td class=\"et2\" height=\"20\" x:str=\"\" style=\"height:15.00pt;\">Wymiar<\/td>\n  <td class=\"et2\" x:str=\"\">2800x1450x1500mm<\/td>\n <\/tr>\n<\/tbody><\/table><\/div>\n\t\t\t\t<\/div>\n\t\t\t\t<\/div>\n\t\t\t\t<div class=\"elementor-element elementor-element-640c4e95 elementor-widget elementor-widget-text-editor\" data-id=\"640c4e95\" data-element_type=\"widget\" data-widget_type=\"text-editor.default\">\n\t\t\t\t<div class=\"elementor-widget-container\">\n\t\t\t\t\t<div class=\"elementor-text-editor elementor-clearfix\"><p>\uf013 Dane techniczne mog\u0105 ulec zmianie bez powiadomienia. Wszelkie prawa zastrze\u017cone.<\/p><\/div>\n\t\t\t\t<\/div>\n\t\t\t\t<\/div>\n\t\t\t\t\t\t<\/div>\n\t\t\t<\/div>\n\t\t<\/div>\n\t\t\t\t<div class=\"elementor-element elementor-element-757c995a elementor-column elementor-col-50 elementor-top-column\" data-id=\"757c995a\" data-element_type=\"column\">\n\t\t\t<div class=\"elementor-column-wrap  elementor-element-populated\">\n\t\t\t\t\t<div class=\"elementor-widget-wrap\">\n\t\t\t\t<div class=\"elementor-element elementor-element-26961cb3 elementor-widget elementor-widget-spacer\" data-id=\"26961cb3\" data-element_type=\"widget\" data-widget_type=\"spacer.default\">\n\t\t\t\t<div class=\"elementor-widget-container\">\n\t\t\t\t\t<div class=\"elementor-spacer\">\n\t\t\t<div class=\"elementor-spacer-inner\"><\/div>\n\t\t<\/div>\n\t\t\t\t<\/div>\n\t\t\t\t<\/div>\n\t\t\t\t<div class=\"elementor-element elementor-element-3e267c81 elementor-widget elementor-widget-image\" data-id=\"3e267c81\" data-element_type=\"widget\" data-widget_type=\"image.default\">\n\t\t\t\t<div class=\"elementor-widget-container\">\n\t\t\t\t\t<div class=\"elementor-image\">\n\t\t\t\t\t\t\t\t\t\t<img loading=\"lazy\" decoding=\"async\" width=\"370\" height=\"248\" src=\"https:\/\/focusonpack.com\/wp-content\/uploads\/2020\/05\/one-side.jpg\" class=\"attachment-full size-full\" alt=\"\" srcset=\"https:\/\/focusonpack.com\/wp-content\/uploads\/2020\/05\/one-side.jpg 370w, https:\/\/focusonpack.com\/wp-content\/uploads\/2020\/05\/one-side-300x201.jpg 300w, https:\/\/focusonpack.com\/wp-content\/uploads\/2020\/05\/one-side-270x180.jpg 270w\" sizes=\"auto, (max-width: 370px) 100vw, 370px\" \/>\t\t\t\t\t\t\t\t\t\t\t<\/div>\n\t\t\t\t<\/div>\n\t\t\t\t<\/div>\n\t\t\t\t<div class=\"elementor-element elementor-element-481a6c71 elementor-button-info elementor-align-center elementor-widget elementor-widget-button\" data-id=\"481a6c71\" data-element_type=\"widget\" data-widget_type=\"button.default\">\n\t\t\t\t<div class=\"elementor-widget-container\">\n\t\t\t\t\t<div class=\"elementor-button-wrapper\">\n\t\t\t<a href=\"https:\/\/focusonpack.com\/pl\/skontaktuj-sie-z-nami\/\" class=\"elementor-button-link elementor-button elementor-size-sm\" role=\"button\">\n\t\t\t\t\t\t<span class=\"elementor-button-content-wrapper\">\n\t\t\t\t\t\t<span class=\"elementor-button-text\">Zapytanie ofertowe<\/span>\n\t\t<\/span>\n\t\t\t\t\t<\/a>\n\t\t<\/div>\n\t\t\t\t<\/div>\n\t\t\t\t<\/div>\n\t\t\t\t\t\t<\/div>\n\t\t\t<\/div>\n\t\t<\/div>\n\t\t\t\t\t\t<\/div>\n\t\t\t<\/div>\n\t\t<\/section>\n\t\t\t\t\t\t<\/div>\n\t\t\t<\/div>\n\t\t<\/div>","protected":false},"excerpt":{"rendered":"<p>Automatic One Side Labeling Ma&hellip;<\/p>","protected":false},"author":1,"featured_media":0,"parent":0,"menu_order":0,"comment_status":"closed","ping_status":"closed","template":"elementor_header_footer","meta":{"footnotes":""},"class_list":["post-2577","page","type-page","status-publish","hentry","no-thumb"],"yoast_head":"<!-- This site is optimized with the Yoast SEO plugin v24.8.1 - https:\/\/yoast.com\/wordpress\/plugins\/seo\/ -->\n<title>Automatic One Side Labeling Machine - Focus on pack<\/title>\n<meta name=\"robots\" content=\"index, follow, max-snippet:-1, max-image-preview:large, max-video-preview:-1\" \/>\n<link rel=\"canonical\" href=\"https:\/\/focusonpack.com\/pl\/automatic-one-side-labeling-machine\/\" \/>\n<meta property=\"og:locale\" content=\"pl_PL\" \/>\n<meta property=\"og:type\" content=\"article\" \/>\n<meta property=\"og:title\" content=\"Automatic One Side Labeling Machine - Focus on pack\" \/>\n<meta property=\"og:description\" content=\"Automatic One Side Labeling Ma&hellip;\" \/>\n<meta property=\"og:url\" content=\"https:\/\/focusonpack.com\/pl\/automatic-one-side-labeling-machine\/\" \/>\n<meta property=\"og:site_name\" content=\"Focus on pack\" \/>\n<meta property=\"article:modified_time\" content=\"2020-05-16T08:36:50+00:00\" \/>\n<meta property=\"og:image\" content=\"https:\/\/focusonpack.com\/wp-content\/uploads\/2020\/05\/one-side.jpg\" \/>\n<meta name=\"twitter:card\" content=\"summary_large_image\" \/>\n<meta name=\"twitter:label1\" content=\"Szacowany czas czytania\" \/>\n\t<meta name=\"twitter:data1\" content=\"2 minuty\" \/>\n<script type=\"application\/ld+json\" class=\"yoast-schema-graph\">{\"@context\":\"https:\/\/schema.org\",\"@graph\":[{\"@type\":\"WebPage\",\"@id\":\"https:\/\/focusonpack.com\/automatic-one-side-labeling-machine\/\",\"url\":\"https:\/\/focusonpack.com\/automatic-one-side-labeling-machine\/\",\"name\":\"Automatic One Side Labeling Machine - Focus on pack\",\"isPartOf\":{\"@id\":\"https:\/\/focusonpack.com\/#website\"},\"primaryImageOfPage\":{\"@id\":\"https:\/\/focusonpack.com\/automatic-one-side-labeling-machine\/#primaryimage\"},\"image\":{\"@id\":\"https:\/\/focusonpack.com\/automatic-one-side-labeling-machine\/#primaryimage\"},\"thumbnailUrl\":\"https:\/\/focusonpack.com\/wp-content\/uploads\/2020\/05\/one-side.jpg\",\"datePublished\":\"2020-05-08T07:37:18+00:00\",\"dateModified\":\"2020-05-16T08:36:50+00:00\",\"breadcrumb\":{\"@id\":\"https:\/\/focusonpack.com\/automatic-one-side-labeling-machine\/#breadcrumb\"},\"inLanguage\":\"pl-PL\",\"potentialAction\":[{\"@type\":\"ReadAction\",\"target\":[\"https:\/\/focusonpack.com\/automatic-one-side-labeling-machine\/\"]}]},{\"@type\":\"ImageObject\",\"inLanguage\":\"pl-PL\",\"@id\":\"https:\/\/focusonpack.com\/automatic-one-side-labeling-machine\/#primaryimage\",\"url\":\"https:\/\/focusonpack.com\/wp-content\/uploads\/2020\/05\/one-side.jpg\",\"contentUrl\":\"https:\/\/focusonpack.com\/wp-content\/uploads\/2020\/05\/one-side.jpg\"},{\"@type\":\"BreadcrumbList\",\"@id\":\"https:\/\/focusonpack.com\/automatic-one-side-labeling-machine\/#breadcrumb\",\"itemListElement\":[{\"@type\":\"ListItem\",\"position\":1,\"name\":\"\u9996\u9875\",\"item\":\"https:\/\/focusonpack.com\/\"},{\"@type\":\"ListItem\",\"position\":2,\"name\":\"Automatic One Side Labeling Machine\"}]},{\"@type\":\"WebSite\",\"@id\":\"https:\/\/focusonpack.com\/#website\",\"url\":\"https:\/\/focusonpack.com\/\",\"name\":\"Focus on pack\",\"description\":\"\",\"potentialAction\":[{\"@type\":\"SearchAction\",\"target\":{\"@type\":\"EntryPoint\",\"urlTemplate\":\"https:\/\/focusonpack.com\/?s={search_term_string}\"},\"query-input\":{\"@type\":\"PropertyValueSpecification\",\"valueRequired\":true,\"valueName\":\"search_term_string\"}}],\"inLanguage\":\"pl-PL\"}]}<\/script>\n<!-- \/ Yoast SEO plugin. -->","yoast_head_json":{"title":"Automatic One Side Labeling Machine - Focus on pack","robots":{"index":"index","follow":"follow","max-snippet":"max-snippet:-1","max-image-preview":"max-image-preview:large","max-video-preview":"max-video-preview:-1"},"canonical":"https:\/\/focusonpack.com\/pl\/automatic-one-side-labeling-machine\/","og_locale":"pl_PL","og_type":"article","og_title":"Automatic One Side Labeling Machine - Focus on pack","og_description":"Automatic One Side Labeling Ma&hellip;","og_url":"https:\/\/focusonpack.com\/pl\/automatic-one-side-labeling-machine\/","og_site_name":"Focus on pack","article_modified_time":"2020-05-16T08:36:50+00:00","og_image":[{"url":"https:\/\/focusonpack.com\/wp-content\/uploads\/2020\/05\/one-side.jpg","type":"","width":"","height":""}],"twitter_card":"summary_large_image","twitter_misc":{"Szacowany czas czytania":"2 minuty"},"schema":{"@context":"https:\/\/schema.org","@graph":[{"@type":"WebPage","@id":"https:\/\/focusonpack.com\/automatic-one-side-labeling-machine\/","url":"https:\/\/focusonpack.com\/automatic-one-side-labeling-machine\/","name":"Automatic One Side Labeling Machine - Focus on pack","isPartOf":{"@id":"https:\/\/focusonpack.com\/#website"},"primaryImageOfPage":{"@id":"https:\/\/focusonpack.com\/automatic-one-side-labeling-machine\/#primaryimage"},"image":{"@id":"https:\/\/focusonpack.com\/automatic-one-side-labeling-machine\/#primaryimage"},"thumbnailUrl":"https:\/\/focusonpack.com\/wp-content\/uploads\/2020\/05\/one-side.jpg","datePublished":"2020-05-08T07:37:18+00:00","dateModified":"2020-05-16T08:36:50+00:00","breadcrumb":{"@id":"https:\/\/focusonpack.com\/automatic-one-side-labeling-machine\/#breadcrumb"},"inLanguage":"pl-PL","potentialAction":[{"@type":"ReadAction","target":["https:\/\/focusonpack.com\/automatic-one-side-labeling-machine\/"]}]},{"@type":"ImageObject","inLanguage":"pl-PL","@id":"https:\/\/focusonpack.com\/automatic-one-side-labeling-machine\/#primaryimage","url":"https:\/\/focusonpack.com\/wp-content\/uploads\/2020\/05\/one-side.jpg","contentUrl":"https:\/\/focusonpack.com\/wp-content\/uploads\/2020\/05\/one-side.jpg"},{"@type":"BreadcrumbList","@id":"https:\/\/focusonpack.com\/automatic-one-side-labeling-machine\/#breadcrumb","itemListElement":[{"@type":"ListItem","position":1,"name":"\u9996\u9875","item":"https:\/\/focusonpack.com\/"},{"@type":"ListItem","position":2,"name":"Automatic One Side Labeling Machine"}]},{"@type":"WebSite","@id":"https:\/\/focusonpack.com\/#website","url":"https:\/\/focusonpack.com\/","name":"Focus on pack","description":"","potentialAction":[{"@type":"SearchAction","target":{"@type":"EntryPoint","urlTemplate":"https:\/\/focusonpack.com\/?s={search_term_string}"},"query-input":{"@type":"PropertyValueSpecification","valueRequired":true,"valueName":"search_term_string"}}],"inLanguage":"pl-PL"}]}},"_links":{"self":[{"href":"https:\/\/focusonpack.com\/pl\/wp-json\/wp\/v2\/pages\/2577","targetHints":{"allow":["GET"]}}],"collection":[{"href":"https:\/\/focusonpack.com\/pl\/wp-json\/wp\/v2\/pages"}],"about":[{"href":"https:\/\/focusonpack.com\/pl\/wp-json\/wp\/v2\/types\/page"}],"author":[{"embeddable":true,"href":"https:\/\/focusonpack.com\/pl\/wp-json\/wp\/v2\/users\/1"}],"replies":[{"embeddable":true,"href":"https:\/\/focusonpack.com\/pl\/wp-json\/wp\/v2\/comments?post=2577"}],"version-history":[{"count":7,"href":"https:\/\/focusonpack.com\/pl\/wp-json\/wp\/v2\/pages\/2577\/revisions"}],"predecessor-version":[{"id":3597,"href":"https:\/\/focusonpack.com\/pl\/wp-json\/wp\/v2\/pages\/2577\/revisions\/3597"}],"wp:attachment":[{"href":"https:\/\/focusonpack.com\/pl\/wp-json\/wp\/v2\/media?parent=2577"}],"curies":[{"name":"wp","href":"https:\/\/api.w.org\/{rel}","templated":true}]}}