{"id":2601,"date":"2020-05-08T15:49:37","date_gmt":"2020-05-08T07:49:37","guid":{"rendered":"https:\/\/focusonpack.com\/?page_id=2601"},"modified":"2023-07-21T11:06:04","modified_gmt":"2023-07-21T03:06:04","slug":"automatic-spindle-capping-machine","status":"publish","type":"page","link":"https:\/\/focusonpack.com\/pl\/automatyczna-zakrecarka-wrzecionowa\/","title":{"rendered":"Automatyczna wrzecionowa maszyna zamykaj\u0105ca"},"content":{"rendered":"<div data-elementor-type=\"wp-page\" data-elementor-id=\"2601\" class=\"elementor elementor-2601\" data-elementor-settings=\"[]\">\n\t\t\t<div class=\"elementor-inner\">\n\t\t\t\t<div class=\"elementor-section-wrap\">\n\t\t\t\t\t\t\t<section class=\"elementor-element elementor-element-62d2c953 elementor-section-boxed elementor-section-height-default elementor-section-height-default elementor-section elementor-top-section\" data-id=\"62d2c953\" data-element_type=\"section\">\n\t\t\t\t\t\t<div class=\"elementor-container elementor-column-gap-default\">\n\t\t\t\t<div class=\"elementor-row\">\n\t\t\t\t<div class=\"elementor-element elementor-element-57599a2a elementor-column elementor-col-100 elementor-top-column\" data-id=\"57599a2a\" data-element_type=\"column\">\n\t\t\t<div class=\"elementor-column-wrap  elementor-element-populated\">\n\t\t\t\t\t<div class=\"elementor-widget-wrap\">\n\t\t\t\t<div class=\"elementor-element elementor-element-4380e05 elementor-widget elementor-widget-heading\" data-id=\"4380e05\" data-element_type=\"widget\" data-widget_type=\"heading.default\">\n\t\t\t\t<div class=\"elementor-widget-container\">\n\t\t\t<h3 class=\"elementor-heading-title elementor-size-default\">Automatyczna wrzecionowa maszyna zamykaj\u0105ca<\/h3>\t\t<\/div>\n\t\t\t\t<\/div>\n\t\t\t\t<div class=\"elementor-element elementor-element-66b42664 elementor-widget elementor-widget-text-editor\" data-id=\"66b42664\" data-element_type=\"widget\" data-widget_type=\"text-editor.default\">\n\t\t\t\t<div class=\"elementor-widget-container\">\n\t\t\t\t\t<div class=\"elementor-text-editor elementor-clearfix\"><p>Zakr\u0119carka wrzecionowa mo\u017ce umieszcza\u0107 i dokr\u0119ca\u0107 szeroki asortyment zakr\u0119tek p\u0142askich, owalnych, z klapk\u0105, z wylewk\u0105, zabezpieczaj\u0105cych, zabezpieczaj\u0105cych przed dzie\u0107mi, sportowych oraz z nak\u0142adkami lub uszczelnieniami indukcyjnymi. Nasadka wrzecionowa mo\u017ce umieszcza\u0107 i dokr\u0119ca\u0107 szeroki asortyment p\u0142askich nasadek, owalnych nasadek, nasadek z klapk\u0105, wylewek, nasadek zabezpieczaj\u0105cych, nasadek zabezpieczaj\u0105cych przed dzie\u0107mi, nasadek sportowych i nasadek z nadlewkami lub uszczelkami indukcyjnymi. Szk\u0142o.<\/p><\/div>\n\t\t\t\t<\/div>\n\t\t\t\t<\/div>\n\t\t\t\t\t\t<\/div>\n\t\t\t<\/div>\n\t\t<\/div>\n\t\t\t\t\t\t<\/div>\n\t\t\t<\/div>\n\t\t<\/section>\n\t\t\t\t<section class=\"elementor-element elementor-element-8fa21fc elementor-section-boxed elementor-section-height-default elementor-section-height-default elementor-section elementor-top-section\" data-id=\"8fa21fc\" data-element_type=\"section\">\n\t\t\t\t\t\t<div class=\"elementor-container elementor-column-gap-default\">\n\t\t\t\t<div class=\"elementor-row\">\n\t\t\t\t<div class=\"elementor-element elementor-element-7bd6b085 elementor-column elementor-col-100 elementor-top-column\" data-id=\"7bd6b085\" data-element_type=\"column\">\n\t\t\t<div class=\"elementor-column-wrap  elementor-element-populated\">\n\t\t\t\t\t<div class=\"elementor-widget-wrap\">\n\t\t\t\t<div class=\"elementor-element elementor-element-79a1f898 elementor-widget elementor-widget-divider\" data-id=\"79a1f898\" data-element_type=\"widget\" data-widget_type=\"divider.default\">\n\t\t\t\t<div class=\"elementor-widget-container\">\n\t\t\t\t\t<div class=\"elementor-divider\">\n\t\t\t<span class=\"elementor-divider-separator\">\n\t\t\t\t\t\t<\/span>\n\t\t<\/div>\n\t\t\t\t<\/div>\n\t\t\t\t<\/div>\n\t\t\t\t\t\t<\/div>\n\t\t\t<\/div>\n\t\t<\/div>\n\t\t\t\t\t\t<\/div>\n\t\t\t<\/div>\n\t\t<\/section>\n\t\t\t\t<section class=\"elementor-element elementor-element-3727650a elementor-section-boxed elementor-section-height-default elementor-section-height-default elementor-section elementor-top-section\" data-id=\"3727650a\" data-element_type=\"section\">\n\t\t\t\t\t\t<div class=\"elementor-container elementor-column-gap-default\">\n\t\t\t\t<div class=\"elementor-row\">\n\t\t\t\t<div class=\"elementor-element elementor-element-4faccd78 elementor-column elementor-col-50 elementor-top-column\" data-id=\"4faccd78\" data-element_type=\"column\">\n\t\t\t<div class=\"elementor-column-wrap  elementor-element-populated\">\n\t\t\t\t\t<div class=\"elementor-widget-wrap\">\n\t\t\t\t<div class=\"elementor-element elementor-element-7e802026 elementor-widget elementor-widget-image\" data-id=\"7e802026\" data-element_type=\"widget\" data-widget_type=\"image.default\">\n\t\t\t\t<div class=\"elementor-widget-container\">\n\t\t\t\t\t<div class=\"elementor-image\">\n\t\t\t\t\t\t\t\t\t\t<img loading=\"lazy\" decoding=\"async\" width=\"300\" height=\"200\" src=\"https:\/\/focusonpack.com\/wp-content\/uploads\/2023\/07\/scm.jpg\" class=\"attachment-full size-full\" alt=\"\" srcset=\"https:\/\/focusonpack.com\/wp-content\/uploads\/2023\/07\/scm.jpg 300w, https:\/\/focusonpack.com\/wp-content\/uploads\/2023\/07\/scm-270x180.jpg 270w\" sizes=\"auto, (max-width: 300px) 100vw, 300px\" \/>\t\t\t\t\t\t\t\t\t\t\t<\/div>\n\t\t\t\t<\/div>\n\t\t\t\t<\/div>\n\t\t\t\t\t\t<\/div>\n\t\t\t<\/div>\n\t\t<\/div>\n\t\t\t\t<div class=\"elementor-element elementor-element-43ffb4c7 elementor-column elementor-col-50 elementor-top-column\" data-id=\"43ffb4c7\" data-element_type=\"column\">\n\t\t\t<div class=\"elementor-column-wrap  elementor-element-populated\">\n\t\t\t\t\t<div class=\"elementor-widget-wrap\">\n\t\t\t\t<div class=\"elementor-element elementor-element-5f2cf0fc elementor-widget elementor-widget-heading\" data-id=\"5f2cf0fc\" data-element_type=\"widget\" data-widget_type=\"heading.default\">\n\t\t\t\t<div class=\"elementor-widget-container\">\n\t\t\t<h3 class=\"elementor-heading-title elementor-size-default\">Automatyczna zakr\u0119carka wrzecionowa z podajnikiem od\u015brodkowym lub wibracyjnym<\/h3>\t\t<\/div>\n\t\t\t\t<\/div>\n\t\t\t\t<div class=\"elementor-element elementor-element-1ae18095 elementor-widget elementor-widget-text-editor\" data-id=\"1ae18095\" data-element_type=\"widget\" data-widget_type=\"text-editor.default\">\n\t\t\t\t<div class=\"elementor-widget-container\">\n\t\t\t\t\t<div class=\"elementor-text-editor elementor-clearfix\"><p>Automatyczna zakr\u0119carka wrzecionowa zosta\u0142a zaprojektowana do automatycznego umieszczania i dokr\u0119cania szerokiej gamy zakr\u0119tek i zamkni\u0119\u0107 na pojemnikach. Zakr\u0119carka wrzecionowa wykorzystuje trzy zestawy gumowych tarcz do przyk\u0142adania momentu obrotowego do ka\u017cdej butelki i zakr\u0119tki przechodz\u0105cej przez maszyn\u0119, tworz\u0105c sp\u00f3jne i niezawodne uszczelnienie. Zakr\u0119carka wrzecionowa wykorzystuje trzy zestawy gumowych tarcz do przyk\u0142adania momentu obrotowego do ka\u017cdej butelki i zakr\u0119tki przechodz\u0105cej przez maszyn\u0119, tworz\u0105c sp\u00f3jne i niezawodne uszczelnienie. Pasy chwytaj\u0105ce stabilizuj\u0105 butelki podczas przechodzenia przez zakr\u0119cark\u0119, aby unikn\u0105\u0107 krzy\u017cowania si\u0119 gwint\u00f3w lub lu\u017anych zakr\u0119tek. Dr\u0105\u017cek stabilizuj\u0105cy utrzymuje nakr\u0119tk\u0119 na miejscu, gdy pojemnik zaczyna przechodzi\u0107 przez zakr\u0119cark\u0119. Automatyczne zakr\u0119carki wrzecionowe wykorzystuj\u0105 system dostarczania nakr\u0119tek, taki jak od\u015brodkowa lub wibracyjna misa do dostarczania kapsu\u0142ek. Automatyczne zakr\u0119carki wrzecionowe b\u0119d\u0105 wykorzystywa\u0107 system dostarczania zakr\u0119tek, taki jak od\u015brodkowa lub wibracyjna miska do dostarczania zakr\u0119tek do butelek tu\u017c przed dotarciem do wrzecion zakr\u0119caj\u0105cych. Podno\u015bnik nakr\u0119tek jest opcjonalny, aby zmniejszy\u0107 ryzyko upadku pracownika z drabiny, wspinania si\u0119 na platform\u0119 i \u0142adowania sortownika pod niewygodnymi k\u0105tami. Jest to r\u00f3wnie\u017c mniejsze obci\u0105\u017cenie dla plec\u00f3w pracownika zwi\u0105zane z przenoszeniem skrzynek po drabinie. Zwi\u0119ksza to produktywno\u015b\u0107, a tak\u017ce pomaga obni\u017cy\u0107 koszty pracy.<\/p><\/div>\n\t\t\t\t<\/div>\n\t\t\t\t<\/div>\n\t\t\t\t<div class=\"elementor-element elementor-element-7c8d753a elementor-widget elementor-widget-button\" data-id=\"7c8d753a\" data-element_type=\"widget\" data-widget_type=\"button.default\">\n\t\t\t\t<div class=\"elementor-widget-container\">\n\t\t\t\t\t<div class=\"elementor-button-wrapper\">\n\t\t\t<a href=\"https:\/\/focusonpack.com\/pl\/automatic-spindle-capping-machine-with-centrifugal-or-vibratory-feeder\/\" class=\"elementor-button-link elementor-button elementor-size-sm\" role=\"button\">\n\t\t\t\t\t\t<span class=\"elementor-button-content-wrapper\">\n\t\t\t\t\t\t<span class=\"elementor-button-text\">Szczeg\u00f3\u0142y dotycz\u0105ce produkt\u00f3w<\/span>\n\t\t<\/span>\n\t\t\t\t\t<\/a>\n\t\t<\/div>\n\t\t\t\t<\/div>\n\t\t\t\t<\/div>\n\t\t\t\t\t\t<\/div>\n\t\t\t<\/div>\n\t\t<\/div>\n\t\t\t\t\t\t<\/div>\n\t\t\t<\/div>\n\t\t<\/section>\n\t\t\t\t<section class=\"elementor-element elementor-element-286d3f9b elementor-section-boxed elementor-section-height-default elementor-section-height-default elementor-section elementor-top-section\" data-id=\"286d3f9b\" data-element_type=\"section\">\n\t\t\t\t\t\t<div class=\"elementor-container elementor-column-gap-default\">\n\t\t\t\t<div class=\"elementor-row\">\n\t\t\t\t<div class=\"elementor-element elementor-element-6ee5c7ca elementor-column elementor-col-100 elementor-top-column\" data-id=\"6ee5c7ca\" data-element_type=\"column\">\n\t\t\t<div class=\"elementor-column-wrap  elementor-element-populated\">\n\t\t\t\t\t<div class=\"elementor-widget-wrap\">\n\t\t\t\t<div class=\"elementor-element elementor-element-25fed356 elementor-widget elementor-widget-divider\" data-id=\"25fed356\" data-element_type=\"widget\" data-widget_type=\"divider.default\">\n\t\t\t\t<div class=\"elementor-widget-container\">\n\t\t\t\t\t<div class=\"elementor-divider\">\n\t\t\t<span class=\"elementor-divider-separator\">\n\t\t\t\t\t\t<\/span>\n\t\t<\/div>\n\t\t\t\t<\/div>\n\t\t\t\t<\/div>\n\t\t\t\t\t\t<\/div>\n\t\t\t<\/div>\n\t\t<\/div>\n\t\t\t\t\t\t<\/div>\n\t\t\t<\/div>\n\t\t<\/section>\n\t\t\t\t<section class=\"elementor-element elementor-element-46d7e7cc elementor-section-boxed elementor-section-height-default elementor-section-height-default elementor-section elementor-top-section\" data-id=\"46d7e7cc\" data-element_type=\"section\">\n\t\t\t\t\t\t<div class=\"elementor-container elementor-column-gap-default\">\n\t\t\t\t<div class=\"elementor-row\">\n\t\t\t\t<div class=\"elementor-element elementor-element-499dc03e elementor-column elementor-col-50 elementor-top-column\" data-id=\"499dc03e\" data-element_type=\"column\">\n\t\t\t<div class=\"elementor-column-wrap  elementor-element-populated\">\n\t\t\t\t\t<div class=\"elementor-widget-wrap\">\n\t\t\t\t<div class=\"elementor-element elementor-element-5e9b2617 elementor-widget elementor-widget-image\" data-id=\"5e9b2617\" data-element_type=\"widget\" data-widget_type=\"image.default\">\n\t\t\t\t<div class=\"elementor-widget-container\">\n\t\t\t\t\t<div class=\"elementor-image\">\n\t\t\t\t\t\t\t\t\t\t<img loading=\"lazy\" decoding=\"async\" width=\"299\" height=\"206\" src=\"https:\/\/focusonpack.com\/wp-content\/uploads\/2023\/07\/spindle2-2.jpg\" class=\"attachment-full size-full\" alt=\"\" \/>\t\t\t\t\t\t\t\t\t\t\t<\/div>\n\t\t\t\t<\/div>\n\t\t\t\t<\/div>\n\t\t\t\t\t\t<\/div>\n\t\t\t<\/div>\n\t\t<\/div>\n\t\t\t\t<div class=\"elementor-element elementor-element-2f2e6b79 elementor-column elementor-col-50 elementor-top-column\" data-id=\"2f2e6b79\" data-element_type=\"column\">\n\t\t\t<div class=\"elementor-column-wrap  elementor-element-populated\">\n\t\t\t\t\t<div class=\"elementor-widget-wrap\">\n\t\t\t\t<div class=\"elementor-element elementor-element-6ee2aeb3 elementor-widget elementor-widget-heading\" data-id=\"6ee2aeb3\" data-element_type=\"widget\" data-widget_type=\"heading.default\">\n\t\t\t\t<div class=\"elementor-widget-container\">\n\t\t\t<h3 class=\"elementor-heading-title elementor-size-default\">Automatyczna zakr\u0119carka wrzecionowa z sortownikiem zakr\u0119tek<\/h3>\t\t<\/div>\n\t\t\t\t<\/div>\n\t\t\t\t<div class=\"elementor-element elementor-element-497ba0c1 elementor-widget elementor-widget-text-editor\" data-id=\"497ba0c1\" data-element_type=\"widget\" data-widget_type=\"text-editor.default\">\n\t\t\t\t<div class=\"elementor-widget-container\">\n\t\t\t\t\t<div class=\"elementor-text-editor elementor-clearfix\"><p>Automatyczna zakr\u0119carka wrzecionowa z sortownikiem zakr\u0119tek jest niezwykle elastyczna i wszechstronna, poniewa\u017c mo\u017ce pomie\u015bci\u0107 wiele r\u00f3\u017cnych konfiguracji zakr\u0119tek i butelek bez konieczno\u015bci wymiany cz\u0119\u015bci. Automatyczna zakr\u0119carka wrzecionowa sk\u0142ada si\u0119 z 3 modu\u0142\u00f3w: dokr\u0119carki zakr\u0119tek, zsypu zakr\u0119tek i sortownika podno\u015bnika zakr\u0119tek. Standardowa maszyna zamykaj\u0105ca mo\u017ce korzysta\u0107 z trzech stacji dokr\u0119cania i zawiera sortownik zakr\u0119tek w stylu windy dla zakr\u0119tek od 20 do 120 mm. Pojemniki o wysoko\u015bci od 40 do 460 mm przechodz\u0105 przez maszyn\u0119 zamykaj\u0105c\u0105. Pojemniki przechodz\u0105 przez obszar zsypu maszyny zamykaj\u0105cej, chwytane przez pasy boczne. Pojemniki usuwaj\u0105 zakr\u0119tki z palc\u00f3w zsypu maszyny zamykaj\u0105cej. Stabilizator utrzymuje zakr\u0119tk\u0119 na miejscu, podczas gdy gumowane tarcze dociskowe (wrzeciona) stykaj\u0105 si\u0119 z zakr\u0119tk\u0105 po przeciwnych stronach i obracaj\u0105 zakr\u0119tk\u0119 w d\u00f3\u0142. Sprz\u0119g\u0142a zakr\u0119carki wrzecionowej zapewniaj\u0105 odpowiedni moment obrotowy na zakr\u0119tkach, a butelki nie zatrzymuj\u0105 si\u0119 podczas ci\u0105g\u0142ej pracy automatycznej zakr\u0119carki.<\/p><\/div>\n\t\t\t\t<\/div>\n\t\t\t\t<\/div>\n\t\t\t\t<div class=\"elementor-element elementor-element-5221297 elementor-widget elementor-widget-button\" data-id=\"5221297\" data-element_type=\"widget\" data-widget_type=\"button.default\">\n\t\t\t\t<div class=\"elementor-widget-container\">\n\t\t\t\t\t<div class=\"elementor-button-wrapper\">\n\t\t\t<a href=\"https:\/\/focusonpack.com\/pl\/automatic-spindle-capping-machine-with-cap-elevator-sorter\/\" class=\"elementor-button-link elementor-button elementor-size-sm\" role=\"button\">\n\t\t\t\t\t\t<span class=\"elementor-button-content-wrapper\">\n\t\t\t\t\t\t<span class=\"elementor-button-text\">Szczeg\u00f3\u0142y dotycz\u0105ce produkt\u00f3w<\/span>\n\t\t<\/span>\n\t\t\t\t\t<\/a>\n\t\t<\/div>\n\t\t\t\t<\/div>\n\t\t\t\t<\/div>\n\t\t\t\t\t\t<\/div>\n\t\t\t<\/div>\n\t\t<\/div>\n\t\t\t\t\t\t<\/div>\n\t\t\t<\/div>\n\t\t<\/section>\n\t\t\t\t\t\t<\/div>\n\t\t\t<\/div>\n\t\t<\/div>","protected":false},"excerpt":{"rendered":"<p>Automatic Spindle Capping Mach&hellip;<\/p>","protected":false},"author":1,"featured_media":0,"parent":0,"menu_order":0,"comment_status":"closed","ping_status":"closed","template":"elementor_header_footer","meta":{"footnotes":""},"class_list":["post-2601","page","type-page","status-publish","hentry","no-thumb"],"yoast_head":"<!-- This site is optimized with the Yoast SEO plugin v24.8.1 - https:\/\/yoast.com\/wordpress\/plugins\/seo\/ -->\n<title>Automatic Spindle Capping Machine - Focus on pack<\/title>\n<meta name=\"robots\" content=\"index, follow, max-snippet:-1, max-image-preview:large, max-video-preview:-1\" \/>\n<link rel=\"canonical\" href=\"https:\/\/focusonpack.com\/pl\/automatyczna-zakrecarka-wrzecionowa\/\" \/>\n<meta property=\"og:locale\" content=\"pl_PL\" \/>\n<meta property=\"og:type\" content=\"article\" \/>\n<meta property=\"og:title\" content=\"Automatic Spindle Capping Machine - Focus on pack\" \/>\n<meta property=\"og:description\" content=\"Automatic Spindle Capping Mach&hellip;\" \/>\n<meta property=\"og:url\" content=\"https:\/\/focusonpack.com\/pl\/automatyczna-zakrecarka-wrzecionowa\/\" \/>\n<meta property=\"og:site_name\" content=\"Focus on pack\" \/>\n<meta property=\"article:modified_time\" content=\"2023-07-21T03:06:04+00:00\" \/>\n<meta property=\"og:image\" content=\"https:\/\/focusonpack.com\/wp-content\/uploads\/2023\/07\/scm.jpg\" \/>\n<meta name=\"twitter:card\" content=\"summary_large_image\" \/>\n<meta name=\"twitter:label1\" content=\"Szacowany czas czytania\" \/>\n\t<meta name=\"twitter:data1\" content=\"2 minuty\" \/>\n<script type=\"application\/ld+json\" class=\"yoast-schema-graph\">{\"@context\":\"https:\/\/schema.org\",\"@graph\":[{\"@type\":\"WebPage\",\"@id\":\"https:\/\/focusonpack.com\/automatic-spindle-capping-machine\/\",\"url\":\"https:\/\/focusonpack.com\/automatic-spindle-capping-machine\/\",\"name\":\"Automatic Spindle Capping Machine - Focus on pack\",\"isPartOf\":{\"@id\":\"https:\/\/focusonpack.com\/#website\"},\"primaryImageOfPage\":{\"@id\":\"https:\/\/focusonpack.com\/automatic-spindle-capping-machine\/#primaryimage\"},\"image\":{\"@id\":\"https:\/\/focusonpack.com\/automatic-spindle-capping-machine\/#primaryimage\"},\"thumbnailUrl\":\"https:\/\/focusonpack.com\/wp-content\/uploads\/2023\/07\/scm.jpg\",\"datePublished\":\"2020-05-08T07:49:37+00:00\",\"dateModified\":\"2023-07-21T03:06:04+00:00\",\"breadcrumb\":{\"@id\":\"https:\/\/focusonpack.com\/automatic-spindle-capping-machine\/#breadcrumb\"},\"inLanguage\":\"pl-PL\",\"potentialAction\":[{\"@type\":\"ReadAction\",\"target\":[\"https:\/\/focusonpack.com\/automatic-spindle-capping-machine\/\"]}]},{\"@type\":\"ImageObject\",\"inLanguage\":\"pl-PL\",\"@id\":\"https:\/\/focusonpack.com\/automatic-spindle-capping-machine\/#primaryimage\",\"url\":\"https:\/\/focusonpack.com\/wp-content\/uploads\/2023\/07\/scm.jpg\",\"contentUrl\":\"https:\/\/focusonpack.com\/wp-content\/uploads\/2023\/07\/scm.jpg\"},{\"@type\":\"BreadcrumbList\",\"@id\":\"https:\/\/focusonpack.com\/automatic-spindle-capping-machine\/#breadcrumb\",\"itemListElement\":[{\"@type\":\"ListItem\",\"position\":1,\"name\":\"\u9996\u9875\",\"item\":\"https:\/\/focusonpack.com\/\"},{\"@type\":\"ListItem\",\"position\":2,\"name\":\"Automatic Spindle Capping Machine\"}]},{\"@type\":\"WebSite\",\"@id\":\"https:\/\/focusonpack.com\/#website\",\"url\":\"https:\/\/focusonpack.com\/\",\"name\":\"Focus on pack\",\"description\":\"\",\"potentialAction\":[{\"@type\":\"SearchAction\",\"target\":{\"@type\":\"EntryPoint\",\"urlTemplate\":\"https:\/\/focusonpack.com\/?s={search_term_string}\"},\"query-input\":{\"@type\":\"PropertyValueSpecification\",\"valueRequired\":true,\"valueName\":\"search_term_string\"}}],\"inLanguage\":\"pl-PL\"}]}<\/script>\n<!-- \/ Yoast SEO plugin. -->","yoast_head_json":{"title":"Automatic Spindle Capping Machine - Focus on pack","robots":{"index":"index","follow":"follow","max-snippet":"max-snippet:-1","max-image-preview":"max-image-preview:large","max-video-preview":"max-video-preview:-1"},"canonical":"https:\/\/focusonpack.com\/pl\/automatyczna-zakrecarka-wrzecionowa\/","og_locale":"pl_PL","og_type":"article","og_title":"Automatic Spindle Capping Machine - Focus on pack","og_description":"Automatic Spindle Capping Mach&hellip;","og_url":"https:\/\/focusonpack.com\/pl\/automatyczna-zakrecarka-wrzecionowa\/","og_site_name":"Focus on pack","article_modified_time":"2023-07-21T03:06:04+00:00","og_image":[{"url":"https:\/\/focusonpack.com\/wp-content\/uploads\/2023\/07\/scm.jpg","type":"","width":"","height":""}],"twitter_card":"summary_large_image","twitter_misc":{"Szacowany czas czytania":"2 minuty"},"schema":{"@context":"https:\/\/schema.org","@graph":[{"@type":"WebPage","@id":"https:\/\/focusonpack.com\/automatic-spindle-capping-machine\/","url":"https:\/\/focusonpack.com\/automatic-spindle-capping-machine\/","name":"Automatic Spindle Capping Machine - Focus on pack","isPartOf":{"@id":"https:\/\/focusonpack.com\/#website"},"primaryImageOfPage":{"@id":"https:\/\/focusonpack.com\/automatic-spindle-capping-machine\/#primaryimage"},"image":{"@id":"https:\/\/focusonpack.com\/automatic-spindle-capping-machine\/#primaryimage"},"thumbnailUrl":"https:\/\/focusonpack.com\/wp-content\/uploads\/2023\/07\/scm.jpg","datePublished":"2020-05-08T07:49:37+00:00","dateModified":"2023-07-21T03:06:04+00:00","breadcrumb":{"@id":"https:\/\/focusonpack.com\/automatic-spindle-capping-machine\/#breadcrumb"},"inLanguage":"pl-PL","potentialAction":[{"@type":"ReadAction","target":["https:\/\/focusonpack.com\/automatic-spindle-capping-machine\/"]}]},{"@type":"ImageObject","inLanguage":"pl-PL","@id":"https:\/\/focusonpack.com\/automatic-spindle-capping-machine\/#primaryimage","url":"https:\/\/focusonpack.com\/wp-content\/uploads\/2023\/07\/scm.jpg","contentUrl":"https:\/\/focusonpack.com\/wp-content\/uploads\/2023\/07\/scm.jpg"},{"@type":"BreadcrumbList","@id":"https:\/\/focusonpack.com\/automatic-spindle-capping-machine\/#breadcrumb","itemListElement":[{"@type":"ListItem","position":1,"name":"\u9996\u9875","item":"https:\/\/focusonpack.com\/"},{"@type":"ListItem","position":2,"name":"Automatic Spindle Capping Machine"}]},{"@type":"WebSite","@id":"https:\/\/focusonpack.com\/#website","url":"https:\/\/focusonpack.com\/","name":"Focus on pack","description":"","potentialAction":[{"@type":"SearchAction","target":{"@type":"EntryPoint","urlTemplate":"https:\/\/focusonpack.com\/?s={search_term_string}"},"query-input":{"@type":"PropertyValueSpecification","valueRequired":true,"valueName":"search_term_string"}}],"inLanguage":"pl-PL"}]}},"_links":{"self":[{"href":"https:\/\/focusonpack.com\/pl\/wp-json\/wp\/v2\/pages\/2601","targetHints":{"allow":["GET"]}}],"collection":[{"href":"https:\/\/focusonpack.com\/pl\/wp-json\/wp\/v2\/pages"}],"about":[{"href":"https:\/\/focusonpack.com\/pl\/wp-json\/wp\/v2\/types\/page"}],"author":[{"embeddable":true,"href":"https:\/\/focusonpack.com\/pl\/wp-json\/wp\/v2\/users\/1"}],"replies":[{"embeddable":true,"href":"https:\/\/focusonpack.com\/pl\/wp-json\/wp\/v2\/comments?post=2601"}],"version-history":[{"count":11,"href":"https:\/\/focusonpack.com\/pl\/wp-json\/wp\/v2\/pages\/2601\/revisions"}],"predecessor-version":[{"id":4067,"href":"https:\/\/focusonpack.com\/pl\/wp-json\/wp\/v2\/pages\/2601\/revisions\/4067"}],"wp:attachment":[{"href":"https:\/\/focusonpack.com\/pl\/wp-json\/wp\/v2\/media?parent=2601"}],"curies":[{"name":"wp","href":"https:\/\/api.w.org\/{rel}","templated":true}]}}