{"id":2625,"date":"2020-05-08T15:55:32","date_gmt":"2020-05-08T07:55:32","guid":{"rendered":"https:\/\/focusonpack.com\/?page_id=2625"},"modified":"2023-07-21T11:08:00","modified_gmt":"2023-07-21T03:08:00","slug":"automatic-horizontal-wrap-around-labeling-machine","status":"publish","type":"page","link":"https:\/\/focusonpack.com\/pl\/automatic-horizontal-wrap-around-labeling-machine\/","title":{"rendered":"Automatyczna pozioma owijarka do etykiet"},"content":{"rendered":"<div data-elementor-type=\"wp-page\" data-elementor-id=\"2625\" class=\"elementor elementor-2625\" data-elementor-settings=\"[]\">\n\t\t\t<div class=\"elementor-inner\">\n\t\t\t\t<div class=\"elementor-section-wrap\">\n\t\t\t\t\t\t\t<section class=\"elementor-element elementor-element-6f20141b elementor-section-boxed elementor-section-height-default elementor-section-height-default elementor-section elementor-top-section\" data-id=\"6f20141b\" data-element_type=\"section\">\n\t\t\t\t\t\t<div class=\"elementor-container elementor-column-gap-default\">\n\t\t\t\t<div class=\"elementor-row\">\n\t\t\t\t<div class=\"elementor-element elementor-element-3634018e elementor-column elementor-col-50 elementor-top-column\" data-id=\"3634018e\" data-element_type=\"column\">\n\t\t\t<div class=\"elementor-column-wrap  elementor-element-populated\">\n\t\t\t\t\t<div class=\"elementor-widget-wrap\">\n\t\t\t\t<div class=\"elementor-element elementor-element-4c67d4ca elementor-widget elementor-widget-heading\" data-id=\"4c67d4ca\" data-element_type=\"widget\" data-widget_type=\"heading.default\">\n\t\t\t\t<div class=\"elementor-widget-container\">\n\t\t\t<h3 class=\"elementor-heading-title elementor-size-default\">Automatyczna pozioma owijarka do etykiet<\/h3>\t\t<\/div>\n\t\t\t\t<\/div>\n\t\t\t\t<div class=\"elementor-element elementor-element-5b65d988 elementor-widget elementor-widget-heading\" data-id=\"5b65d988\" data-element_type=\"widget\" data-widget_type=\"heading.default\">\n\t\t\t\t<div class=\"elementor-widget-container\">\n\t\t\t<h3 class=\"elementor-heading-title elementor-size-default\">Automatic Horizontal Wrap Around Labeler<\/h3>\t\t<\/div>\n\t\t\t\t<\/div>\n\t\t\t\t<div class=\"elementor-element elementor-element-166d4058 elementor-widget elementor-widget-text-editor\" data-id=\"166d4058\" data-element_type=\"widget\" data-widget_type=\"text-editor.default\">\n\t\t\t\t<div class=\"elementor-widget-container\">\n\t\t\t\t\t<div class=\"elementor-text-editor elementor-clearfix\"><p>Automatic horizontal wrap sticker labeling machine or unstable round product wrap labeler utilize a roller bed type of conveyor in order to lay smaller diameter products on their side and apply labels around the circumference. Horizontal wrap labeling systems can be hand fed with an infeed chute or fully automated with infeed and discharge magazines, products are fed manually or automatically on the roll conveyor bed, travels under a wrap belt assembly where the label is dispensed onto the products. The rotating motion of the belt spins the product in the roller pocket and the label wipes down. Typical products for the horizontal wrap labelers are vials, pens, lip sticks, crayons, inhales, glue sticks, syringes, test tubes, sausages, batteries, ampules, chopsticks and other small diameter cylindrical plastic or glass containers.<\/p><\/div>\n\t\t\t\t<\/div>\n\t\t\t\t<\/div>\n\t\t\t\t<div class=\"elementor-element elementor-element-4e57a5a elementor-widget elementor-widget-text-editor\" data-id=\"4e57a5a\" data-element_type=\"widget\" data-widget_type=\"text-editor.default\">\n\t\t\t\t<div class=\"elementor-widget-container\">\n\t\t\t\t\t<div class=\"elementor-text-editor elementor-clearfix\"><p>Automatic horizontal wrap vial labeling\/labelling machine is is made of 304 stainless steel and anodized aluminum, and carefully treated to guard against the effects of harsher environments, comes with an angled roller chain conveyor ensuring accurate labeling by securing the product on its side as it moves through the label head and a hopper feeder to load products onto the conveyor, the label head is fully synchronized with the conveyor. Additional features include PLC control and user friendly HMI, powered assisted web take up, non-contact product sensor for label gaps and containers and optional build back sensor.<\/p><\/div>\n\t\t\t\t<\/div>\n\t\t\t\t<\/div>\n\t\t\t\t<div class=\"elementor-element elementor-element-5c2fdafe elementor-widget elementor-widget-heading\" data-id=\"5c2fdafe\" data-element_type=\"widget\" data-widget_type=\"heading.default\">\n\t\t\t\t<div class=\"elementor-widget-container\">\n\t\t\t<h3 class=\"elementor-heading-title elementor-size-default\">Kluczowe cechy<\/h3>\t\t<\/div>\n\t\t\t\t<\/div>\n\t\t\t\t<div class=\"elementor-element elementor-element-f8b8e1c elementor-widget elementor-widget-text-editor\" data-id=\"f8b8e1c\" data-element_type=\"widget\" data-widget_type=\"text-editor.default\">\n\t\t\t\t<div class=\"elementor-widget-container\">\n\t\t\t\t\t<div class=\"elementor-text-editor elementor-clearfix\"><p>\uf105 Heavy-duty stainless steel constructed anodized aluminium components<\/p><p>\uf105 Komponenty elektroniczne s\u0105 znan\u0105 na ca\u0142ym \u015bwiecie mark\u0105<\/p><p>\uf105 Applying labels on slim,unwieldy, non-freestanding, round containers<\/p><p>\uf105 Variable speed bottle infeed seperator wheel<\/p><p>\uf105 Sterowanie PLC i przyjazny dla u\u017cytkownika interfejs HMI<\/p><p>\uf105 Serwomotor zapewnia dok\u0142adne i powtarzalne etykietowanie z du\u017c\u0105 pr\u0119dko\u015bci\u0105<\/p><p>\uf105 Automatycznie zsynchronizowana g\u0142owica etykietuj\u0105ca i przeno\u015bnik ta\u015bmowy<\/p><p>\uf105 Odbieranie sieci wspomagane energi\u0105<\/p><p>\uf105 Wykrywanie niskiego poziomu lub braku etykiety z automatycznym systemem zatrzymywania, aby zapobiec b\u0142\u0119dnemu etykietowaniu.<\/p><p>\uf105 Bezkontaktowe czujniki fotoelektryczne<\/p><p>\uf105 Licznik etykiet<\/p><\/div>\n\t\t\t\t<\/div>\n\t\t\t\t<\/div>\n\t\t\t\t<div class=\"elementor-element elementor-element-7b151af2 elementor-widget elementor-widget-heading\" data-id=\"7b151af2\" data-element_type=\"widget\" data-widget_type=\"heading.default\">\n\t\t\t\t<div class=\"elementor-widget-container\">\n\t\t\t<h3 class=\"elementor-heading-title elementor-size-default\">Dost\u0119pne opcje<\/h3>\t\t<\/div>\n\t\t\t\t<\/div>\n\t\t\t\t<div class=\"elementor-element elementor-element-32c88899 elementor-widget elementor-widget-text-editor\" data-id=\"32c88899\" data-element_type=\"widget\" data-widget_type=\"text-editor.default\">\n\t\t\t\t<div class=\"elementor-widget-container\">\n\t\t\t\t\t<div class=\"elementor-text-editor elementor-clearfix\"><p>\uf105 Koder drukuj\u0105cy na gor\u0105co z podstaw\u0105 (drukuje znaki bezpo\u015brednio na etykiecie)<\/p><p>\uf105 Czujniki przezroczystych etykiet (zdolne do wykrywania przezroczystych etykiet)<\/p><\/div>\n\t\t\t\t<\/div>\n\t\t\t\t<\/div>\n\t\t\t\t<div class=\"elementor-element elementor-element-6d15913f elementor-widget elementor-widget-heading\" data-id=\"6d15913f\" data-element_type=\"widget\" data-widget_type=\"heading.default\">\n\t\t\t\t<div class=\"elementor-widget-container\">\n\t\t\t<h3 class=\"elementor-heading-title elementor-size-default\">Specyfikacja techniczna<\/h3>\t\t<\/div>\n\t\t\t\t<\/div>\n\t\t\t\t<div class=\"elementor-element elementor-element-2716aa0f elementor-widget elementor-widget-text-editor\" data-id=\"2716aa0f\" data-element_type=\"widget\" data-widget_type=\"text-editor.default\">\n\t\t\t\t<div class=\"elementor-widget-container\">\n\t\t\t\t\t<div class=\"elementor-text-editor elementor-clearfix\"><table border=\"0\" cellpadding=\"0\" cellspacing=\"0\" width=\"633\" height=\"240\" style=\"width: 474.77pt;\">\n<colgroup>\n<col width=\"146\" style=\"width:109.50pt;\">\n<col width=\"487\" style=\"width:365.25pt;\">\n <\/colgroup>\n<tbody>\n<tr height=\"20\" style=\"height:15.00pt;\">\n<td height=\"20\" width=\"146\" x:str=\"\" style=\"height:15.00pt;width:109.50pt;\">Kierunek<\/td>\n<td width=\"487\" x:str=\"\" style=\"width:365.25pt;\">Od lewej do prawej lub od prawej do lewej<\/td>\n<\/tr>\n<tr height=\"20\" style=\"height:15.00pt;\">\n<td height=\"20\" x:str=\"\" style=\"height:15.00pt;\">pr\u0119dko\u015b\u0107<\/td>\n<td x:str=\"\">120-250CPM(Depending on product characteristics and feed speed)<\/td>\n<\/tr>\n<tr height=\"20\" style=\"height:15.00pt;\">\n<td height=\"20\" x:str=\"\" style=\"height:15.00pt;\">Container Diameter&nbsp;<\/td>\n<td x:str=\"\">9-23mm<\/td>\n<\/tr>\n<tr height=\"20\" style=\"height:15.00pt;\">\n<td height=\"20\" x:str=\"\" style=\"height:15.00pt;\">Wysoko\u015b\u0107 pojemnika<\/td>\n<td x:str=\"\">25-150mm<\/td>\n<\/tr>\n<tr height=\"20\" style=\"height:15.00pt;\">\n<td height=\"20\" x:str=\"\" style=\"height:15.00pt;\">D\u0142ugo\u015b\u0107 etykiety<\/td>\n<td x:str=\"\">15-80mm<\/td>\n<\/tr>\n<tr height=\"20\" style=\"height:15.00pt;\">\n<td height=\"20\" x:str=\"\" style=\"height:15.00pt;\">Wysoko\u015b\u0107 etykiety<\/td>\n<td x:str=\"\">10-60mm<\/td>\n<\/tr>\n<tr height=\"20\" style=\"height:15.00pt;\">\n<td height=\"20\" x:str=\"\" style=\"height:15.00pt;\">Dok\u0142adno\u015b\u0107 etykietowania<\/td>\n<td x:str=\"\">\u00b10.5mm(Subject to product characteristics)<\/td>\n<\/tr>\n<tr height=\"20\" style=\"height:15.00pt;\">\n<td height=\"20\" x:str=\"\" style=\"height:15.00pt;\">Rozmiar etykiety<\/td>\n<td x:str=\"\">320 mm (maks.)<\/td>\n<\/tr>\n<tr height=\"20\" style=\"height:15.00pt;\">\n<td height=\"20\" x:str=\"\" style=\"height:15.00pt;\">Rozmiar rdzenia etykiety<\/td>\n<td x:str=\"\">76 mm<\/td>\n<\/tr>\n<tr height=\"20\" style=\"height:15.00pt;\">\n<td height=\"20\" x:str=\"\" style=\"height:15.00pt;\">Zasilanie elektryczne<\/td>\n<td x:str=\"\">110\/220V 50\/60HZ 1PH 2500W<\/td>\n<\/tr>\n<tr height=\"20\" style=\"height:15.00pt;\">\n<td height=\"20\" x:str=\"\" style=\"height:15.00pt;\">Waga&nbsp;<\/td>\n<td x:str=\"\">200 kg<\/td>\n<\/tr>\n<tr height=\"20\" style=\"height:15.00pt;\">\n<td height=\"20\" x:str=\"\" style=\"height:15.00pt;\">Wymiar<\/td>\n<td x:str=\"\">1800x900x1300mm<\/td>\n<\/tr>\n<\/tbody>\n<\/table><\/div>\n\t\t\t\t<\/div>\n\t\t\t\t<\/div>\n\t\t\t\t<div class=\"elementor-element elementor-element-3648dd5b elementor-widget elementor-widget-text-editor\" data-id=\"3648dd5b\" data-element_type=\"widget\" data-widget_type=\"text-editor.default\">\n\t\t\t\t<div class=\"elementor-widget-container\">\n\t\t\t\t\t<div class=\"elementor-text-editor elementor-clearfix\"><p>\uf013 Dane techniczne mog\u0105 ulec zmianie bez powiadomienia. Wszelkie prawa zastrze\u017cone.<\/p><\/div>\n\t\t\t\t<\/div>\n\t\t\t\t<\/div>\n\t\t\t\t\t\t<\/div>\n\t\t\t<\/div>\n\t\t<\/div>\n\t\t\t\t<div class=\"elementor-element elementor-element-9b9ca67 elementor-column elementor-col-50 elementor-top-column\" data-id=\"9b9ca67\" data-element_type=\"column\">\n\t\t\t<div class=\"elementor-column-wrap  elementor-element-populated\">\n\t\t\t\t\t<div class=\"elementor-widget-wrap\">\n\t\t\t\t<div class=\"elementor-element elementor-element-61cd8b98 elementor-widget elementor-widget-spacer\" data-id=\"61cd8b98\" data-element_type=\"widget\" data-widget_type=\"spacer.default\">\n\t\t\t\t<div class=\"elementor-widget-container\">\n\t\t\t\t\t<div class=\"elementor-spacer\">\n\t\t\t<div class=\"elementor-spacer-inner\"><\/div>\n\t\t<\/div>\n\t\t\t\t<\/div>\n\t\t\t\t<\/div>\n\t\t\t\t<div class=\"elementor-element elementor-element-76fff4ca elementor-widget elementor-widget-image\" data-id=\"76fff4ca\" data-element_type=\"widget\" data-widget_type=\"image.default\">\n\t\t\t\t<div class=\"elementor-widget-container\">\n\t\t\t\t\t<div class=\"elementor-image\">\n\t\t\t\t\t\t\t\t\t\t<img loading=\"lazy\" decoding=\"async\" width=\"304\" height=\"241\" src=\"https:\/\/focusonpack.com\/wp-content\/uploads\/2023\/07\/label-5-5.jpg\" class=\"attachment-full size-full\" alt=\"\" srcset=\"https:\/\/focusonpack.com\/wp-content\/uploads\/2023\/07\/label-5-5.jpg 304w, https:\/\/focusonpack.com\/wp-content\/uploads\/2023\/07\/label-5-5-300x238.jpg 300w\" sizes=\"auto, (max-width: 304px) 100vw, 304px\" \/>\t\t\t\t\t\t\t\t\t\t\t<\/div>\n\t\t\t\t<\/div>\n\t\t\t\t<\/div>\n\t\t\t\t<div class=\"elementor-element elementor-element-f4e9ffe elementor-button-info elementor-align-center elementor-widget elementor-widget-button\" data-id=\"f4e9ffe\" data-element_type=\"widget\" data-widget_type=\"button.default\">\n\t\t\t\t<div class=\"elementor-widget-container\">\n\t\t\t\t\t<div class=\"elementor-button-wrapper\">\n\t\t\t<a href=\"https:\/\/focusonpack.com\/pl\/skontaktuj-sie-z-nami\/\" class=\"elementor-button-link elementor-button elementor-size-sm\" role=\"button\">\n\t\t\t\t\t\t<span class=\"elementor-button-content-wrapper\">\n\t\t\t\t\t\t<span class=\"elementor-button-text\">Zapytanie ofertowe<\/span>\n\t\t<\/span>\n\t\t\t\t\t<\/a>\n\t\t<\/div>\n\t\t\t\t<\/div>\n\t\t\t\t<\/div>\n\t\t\t\t\t\t<\/div>\n\t\t\t<\/div>\n\t\t<\/div>\n\t\t\t\t\t\t<\/div>\n\t\t\t<\/div>\n\t\t<\/section>\n\t\t\t\t\t\t<\/div>\n\t\t\t<\/div>\n\t\t<\/div>","protected":false},"excerpt":{"rendered":"<p>Automatic Horizontal Wrap Arou&hellip;<\/p>","protected":false},"author":1,"featured_media":0,"parent":0,"menu_order":0,"comment_status":"closed","ping_status":"closed","template":"elementor_header_footer","meta":{"footnotes":""},"class_list":["post-2625","page","type-page","status-publish","hentry","no-thumb"],"yoast_head":"<!-- This site is optimized with the Yoast SEO plugin v24.8.1 - https:\/\/yoast.com\/wordpress\/plugins\/seo\/ -->\n<title>Automatic Horizontal Wrap Around Labeling Machine - Focus on pack<\/title>\n<meta name=\"robots\" content=\"index, follow, max-snippet:-1, max-image-preview:large, max-video-preview:-1\" \/>\n<link rel=\"canonical\" href=\"https:\/\/focusonpack.com\/pl\/automatic-horizontal-wrap-around-labeling-machine\/\" \/>\n<meta property=\"og:locale\" content=\"pl_PL\" \/>\n<meta property=\"og:type\" content=\"article\" \/>\n<meta property=\"og:title\" content=\"Automatic Horizontal Wrap Around Labeling Machine - Focus on pack\" \/>\n<meta property=\"og:description\" content=\"Automatic Horizontal Wrap Arou&hellip;\" \/>\n<meta property=\"og:url\" content=\"https:\/\/focusonpack.com\/pl\/automatic-horizontal-wrap-around-labeling-machine\/\" \/>\n<meta property=\"og:site_name\" content=\"Focus on pack\" \/>\n<meta property=\"article:modified_time\" content=\"2023-07-21T03:08:00+00:00\" \/>\n<meta property=\"og:image\" content=\"https:\/\/focusonpack.com\/wp-content\/uploads\/2023\/07\/label-5-5.jpg\" \/>\n<meta name=\"twitter:card\" content=\"summary_large_image\" \/>\n<meta name=\"twitter:label1\" content=\"Szacowany czas czytania\" \/>\n\t<meta name=\"twitter:data1\" content=\"2 minuty\" \/>\n<script type=\"application\/ld+json\" class=\"yoast-schema-graph\">{\"@context\":\"https:\/\/schema.org\",\"@graph\":[{\"@type\":\"WebPage\",\"@id\":\"https:\/\/focusonpack.com\/automatic-horizontal-wrap-around-labeling-machine\/\",\"url\":\"https:\/\/focusonpack.com\/automatic-horizontal-wrap-around-labeling-machine\/\",\"name\":\"Automatic Horizontal Wrap Around Labeling Machine - Focus on pack\",\"isPartOf\":{\"@id\":\"https:\/\/focusonpack.com\/#website\"},\"primaryImageOfPage\":{\"@id\":\"https:\/\/focusonpack.com\/automatic-horizontal-wrap-around-labeling-machine\/#primaryimage\"},\"image\":{\"@id\":\"https:\/\/focusonpack.com\/automatic-horizontal-wrap-around-labeling-machine\/#primaryimage\"},\"thumbnailUrl\":\"https:\/\/focusonpack.com\/wp-content\/uploads\/2023\/07\/label-5-5.jpg\",\"datePublished\":\"2020-05-08T07:55:32+00:00\",\"dateModified\":\"2023-07-21T03:08:00+00:00\",\"breadcrumb\":{\"@id\":\"https:\/\/focusonpack.com\/automatic-horizontal-wrap-around-labeling-machine\/#breadcrumb\"},\"inLanguage\":\"pl-PL\",\"potentialAction\":[{\"@type\":\"ReadAction\",\"target\":[\"https:\/\/focusonpack.com\/automatic-horizontal-wrap-around-labeling-machine\/\"]}]},{\"@type\":\"ImageObject\",\"inLanguage\":\"pl-PL\",\"@id\":\"https:\/\/focusonpack.com\/automatic-horizontal-wrap-around-labeling-machine\/#primaryimage\",\"url\":\"https:\/\/focusonpack.com\/wp-content\/uploads\/2023\/07\/label-5-5.jpg\",\"contentUrl\":\"https:\/\/focusonpack.com\/wp-content\/uploads\/2023\/07\/label-5-5.jpg\"},{\"@type\":\"BreadcrumbList\",\"@id\":\"https:\/\/focusonpack.com\/automatic-horizontal-wrap-around-labeling-machine\/#breadcrumb\",\"itemListElement\":[{\"@type\":\"ListItem\",\"position\":1,\"name\":\"\u9996\u9875\",\"item\":\"https:\/\/focusonpack.com\/\"},{\"@type\":\"ListItem\",\"position\":2,\"name\":\"Automatic Horizontal Wrap Around Labeling Machine\"}]},{\"@type\":\"WebSite\",\"@id\":\"https:\/\/focusonpack.com\/#website\",\"url\":\"https:\/\/focusonpack.com\/\",\"name\":\"Focus on pack\",\"description\":\"\",\"potentialAction\":[{\"@type\":\"SearchAction\",\"target\":{\"@type\":\"EntryPoint\",\"urlTemplate\":\"https:\/\/focusonpack.com\/?s={search_term_string}\"},\"query-input\":{\"@type\":\"PropertyValueSpecification\",\"valueRequired\":true,\"valueName\":\"search_term_string\"}}],\"inLanguage\":\"pl-PL\"}]}<\/script>\n<!-- \/ Yoast SEO plugin. -->","yoast_head_json":{"title":"Automatic Horizontal Wrap Around Labeling Machine - Focus on pack","robots":{"index":"index","follow":"follow","max-snippet":"max-snippet:-1","max-image-preview":"max-image-preview:large","max-video-preview":"max-video-preview:-1"},"canonical":"https:\/\/focusonpack.com\/pl\/automatic-horizontal-wrap-around-labeling-machine\/","og_locale":"pl_PL","og_type":"article","og_title":"Automatic Horizontal Wrap Around Labeling Machine - Focus on pack","og_description":"Automatic Horizontal Wrap Arou&hellip;","og_url":"https:\/\/focusonpack.com\/pl\/automatic-horizontal-wrap-around-labeling-machine\/","og_site_name":"Focus on pack","article_modified_time":"2023-07-21T03:08:00+00:00","og_image":[{"url":"https:\/\/focusonpack.com\/wp-content\/uploads\/2023\/07\/label-5-5.jpg","type":"","width":"","height":""}],"twitter_card":"summary_large_image","twitter_misc":{"Szacowany czas czytania":"2 minuty"},"schema":{"@context":"https:\/\/schema.org","@graph":[{"@type":"WebPage","@id":"https:\/\/focusonpack.com\/automatic-horizontal-wrap-around-labeling-machine\/","url":"https:\/\/focusonpack.com\/automatic-horizontal-wrap-around-labeling-machine\/","name":"Automatic Horizontal Wrap Around Labeling Machine - Focus on pack","isPartOf":{"@id":"https:\/\/focusonpack.com\/#website"},"primaryImageOfPage":{"@id":"https:\/\/focusonpack.com\/automatic-horizontal-wrap-around-labeling-machine\/#primaryimage"},"image":{"@id":"https:\/\/focusonpack.com\/automatic-horizontal-wrap-around-labeling-machine\/#primaryimage"},"thumbnailUrl":"https:\/\/focusonpack.com\/wp-content\/uploads\/2023\/07\/label-5-5.jpg","datePublished":"2020-05-08T07:55:32+00:00","dateModified":"2023-07-21T03:08:00+00:00","breadcrumb":{"@id":"https:\/\/focusonpack.com\/automatic-horizontal-wrap-around-labeling-machine\/#breadcrumb"},"inLanguage":"pl-PL","potentialAction":[{"@type":"ReadAction","target":["https:\/\/focusonpack.com\/automatic-horizontal-wrap-around-labeling-machine\/"]}]},{"@type":"ImageObject","inLanguage":"pl-PL","@id":"https:\/\/focusonpack.com\/automatic-horizontal-wrap-around-labeling-machine\/#primaryimage","url":"https:\/\/focusonpack.com\/wp-content\/uploads\/2023\/07\/label-5-5.jpg","contentUrl":"https:\/\/focusonpack.com\/wp-content\/uploads\/2023\/07\/label-5-5.jpg"},{"@type":"BreadcrumbList","@id":"https:\/\/focusonpack.com\/automatic-horizontal-wrap-around-labeling-machine\/#breadcrumb","itemListElement":[{"@type":"ListItem","position":1,"name":"\u9996\u9875","item":"https:\/\/focusonpack.com\/"},{"@type":"ListItem","position":2,"name":"Automatic Horizontal Wrap Around Labeling Machine"}]},{"@type":"WebSite","@id":"https:\/\/focusonpack.com\/#website","url":"https:\/\/focusonpack.com\/","name":"Focus on pack","description":"","potentialAction":[{"@type":"SearchAction","target":{"@type":"EntryPoint","urlTemplate":"https:\/\/focusonpack.com\/?s={search_term_string}"},"query-input":{"@type":"PropertyValueSpecification","valueRequired":true,"valueName":"search_term_string"}}],"inLanguage":"pl-PL"}]}},"_links":{"self":[{"href":"https:\/\/focusonpack.com\/pl\/wp-json\/wp\/v2\/pages\/2625","targetHints":{"allow":["GET"]}}],"collection":[{"href":"https:\/\/focusonpack.com\/pl\/wp-json\/wp\/v2\/pages"}],"about":[{"href":"https:\/\/focusonpack.com\/pl\/wp-json\/wp\/v2\/types\/page"}],"author":[{"embeddable":true,"href":"https:\/\/focusonpack.com\/pl\/wp-json\/wp\/v2\/users\/1"}],"replies":[{"embeddable":true,"href":"https:\/\/focusonpack.com\/pl\/wp-json\/wp\/v2\/comments?post=2625"}],"version-history":[{"count":10,"href":"https:\/\/focusonpack.com\/pl\/wp-json\/wp\/v2\/pages\/2625\/revisions"}],"predecessor-version":[{"id":4071,"href":"https:\/\/focusonpack.com\/pl\/wp-json\/wp\/v2\/pages\/2625\/revisions\/4071"}],"wp:attachment":[{"href":"https:\/\/focusonpack.com\/pl\/wp-json\/wp\/v2\/media?parent=2625"}],"curies":[{"name":"wp","href":"https:\/\/api.w.org\/{rel}","templated":true}]}}