{"id":2626,"date":"2020-05-08T15:55:33","date_gmt":"2020-05-08T07:55:33","guid":{"rendered":"https:\/\/focusonpack.com\/?page_id=2626"},"modified":"2023-07-21T11:07:48","modified_gmt":"2023-07-21T03:07:48","slug":"automatic-top-labeling-machine","status":"publish","type":"page","link":"https:\/\/focusonpack.com\/pl\/automatyczna-maszyna-do-etykietowania\/","title":{"rendered":"Automatyczna maszyna do etykietowania od g\u00f3ry"},"content":{"rendered":"<div data-elementor-type=\"wp-page\" data-elementor-id=\"2626\" class=\"elementor elementor-2626\" data-elementor-settings=\"[]\">\n\t\t\t<div class=\"elementor-inner\">\n\t\t\t\t<div class=\"elementor-section-wrap\">\n\t\t\t\t\t\t\t<section class=\"elementor-element elementor-element-112e3290 elementor-section-boxed elementor-section-height-default elementor-section-height-default elementor-section elementor-top-section\" data-id=\"112e3290\" data-element_type=\"section\">\n\t\t\t\t\t\t<div class=\"elementor-container elementor-column-gap-default\">\n\t\t\t\t<div class=\"elementor-row\">\n\t\t\t\t<div class=\"elementor-element elementor-element-3c9bb09a elementor-column elementor-col-50 elementor-top-column\" data-id=\"3c9bb09a\" data-element_type=\"column\">\n\t\t\t<div class=\"elementor-column-wrap  elementor-element-populated\">\n\t\t\t\t\t<div class=\"elementor-widget-wrap\">\n\t\t\t\t<div class=\"elementor-element elementor-element-638e5d0c elementor-widget elementor-widget-heading\" data-id=\"638e5d0c\" data-element_type=\"widget\" data-widget_type=\"heading.default\">\n\t\t\t\t<div class=\"elementor-widget-container\">\n\t\t\t<h3 class=\"elementor-heading-title elementor-size-default\">Automatyczna maszyna do etykietowania od g\u00f3ry<\/h3>\t\t<\/div>\n\t\t\t\t<\/div>\n\t\t\t\t<div class=\"elementor-element elementor-element-4b43df10 elementor-widget elementor-widget-heading\" data-id=\"4b43df10\" data-element_type=\"widget\" data-widget_type=\"heading.default\">\n\t\t\t\t<div class=\"elementor-widget-container\">\n\t\t\t<h3 class=\"elementor-heading-title elementor-size-default\">Automatyczna etykieciarka g\u00f3rna<\/h3>\t\t<\/div>\n\t\t\t\t<\/div>\n\t\t\t\t<div class=\"elementor-element elementor-element-51a28d95 elementor-widget elementor-widget-text-editor\" data-id=\"51a28d95\" data-element_type=\"widget\" data-widget_type=\"text-editor.default\">\n\t\t\t\t<div class=\"elementor-widget-container\">\n\t\t\t\t\t<div class=\"elementor-text-editor elementor-clearfix\"><p>Automatyczna g\u00f3rna samoprzylepna maszyna do etykietowania naklejek zosta\u0142a zaprojektowana do \u0142atwego i precyzyjnego nak\u0142adania etykiet samoprzylepnych na przedmioty o p\u0142askich powierzchniach. w celu uzyskania sp\u00f3jnych, profesjonalnie wygl\u0105daj\u0105cych produkt\u00f3w, takich jak pude\u0142ka, kosmetyki, opakowania, torby, koperty, kartony, tace na \u017cywno\u015b\u0107, pojemniki, blistry itp. blistry itp.<\/p><\/div>\n\t\t\t\t<\/div>\n\t\t\t\t<\/div>\n\t\t\t\t<div class=\"elementor-element elementor-element-9fa4132 elementor-widget elementor-widget-text-editor\" data-id=\"9fa4132\" data-element_type=\"widget\" data-widget_type=\"text-editor.default\">\n\t\t\t\t<div class=\"elementor-widget-container\">\n\t\t\t\t\t<div class=\"elementor-text-editor elementor-clearfix\"><p>Ta wra\u017cliwa na nacisk maszyna do etykietowania g\u00f3rnego mo\u017ce by\u0107 zintegrowana z istniej\u0105cymi liniami produkcyjnymi lub podawana r\u0119cznie, stosowane s\u0105 maszyny do naklejania etykiet g\u00f3rnych Przyk\u0142adowe produkty etykietowane za pomoc\u0105 tych urz\u0105dze\u0144 obejmuj\u0105 chusteczki dla niemowl\u0105t, baterie, produkty mleczne, apteczki pierwszej pomocy, aplikacje kod\u00f3w kreskowych. Przyk\u0142adowe produkty etykietowane za pomoc\u0105 tych urz\u0105dze\u0144 obejmuj\u0105 chusteczki dla niemowl\u0105t, baterie, produkty mleczne, apteczki pierwszej pomocy, zio\u0142a, podr\u0119czniki, produkty piekarnicze, instrumenty medyczne, cz\u0119\u015bci maszyn, wyroby cukiernicze i wiele innych. Przyk\u0142adowe produkty etykietowane za pomoc\u0105 tych urz\u0105dze\u0144 obejmuj\u0105 chusteczki dla niemowl\u0105t, baterie, produkty mleczne, apteczki pierwszej pomocy, zio\u0142a, podr\u0119czniki, produkty piekarnicze, instrumenty medyczne, cz\u0119\u015bci maszyn, wyroby cukiernicze i wiele innych.<\/p><\/div>\n\t\t\t\t<\/div>\n\t\t\t\t<\/div>\n\t\t\t\t<div class=\"elementor-element elementor-element-5ea1bfc4 elementor-widget elementor-widget-heading\" data-id=\"5ea1bfc4\" data-element_type=\"widget\" data-widget_type=\"heading.default\">\n\t\t\t\t<div class=\"elementor-widget-container\">\n\t\t\t<h3 class=\"elementor-heading-title elementor-size-default\">Kluczowe cechy<\/h3>\t\t<\/div>\n\t\t\t\t<\/div>\n\t\t\t\t<div class=\"elementor-element elementor-element-232d777a elementor-widget elementor-widget-text-editor\" data-id=\"232d777a\" data-element_type=\"widget\" data-widget_type=\"text-editor.default\">\n\t\t\t\t<div class=\"elementor-widget-container\">\n\t\t\t\t\t<div class=\"elementor-text-editor elementor-clearfix\"><p>\uf105 Wytrzyma\u0142e elementy ze stali nierdzewnej i anodyzowanego aluminium<\/p><p>\uf105 Komponenty elektroniczne s\u0105 znan\u0105 na ca\u0142ym \u015bwiecie mark\u0105<\/p><p>\uf105 Mo\u017cliwo\u015b\u0107 etykietowania na p\u0142askiej powierzchni<\/p><p>\uf105 Sterowanie PLC i przyjazny dla u\u017cytkownika interfejs HMI<\/p><p>\uf105 Serwomotor zapewnia dok\u0142adne i powtarzalne etykietowanie z du\u017c\u0105 pr\u0119dko\u015bci\u0105<\/p><p>\uf105 Automatycznie zsynchronizowana g\u0142owica etykietuj\u0105ca i przeno\u015bnik ta\u015bmowy<\/p><p>\uf105 Odbieranie sieci wspomagane energi\u0105<\/p><p>\uf105 Wykrywanie niskiego poziomu lub braku etykiety z automatycznym systemem zatrzymywania, aby zapobiec b\u0142\u0119dnemu etykietowaniu.<\/p><p>\uf105 Bezkontaktowe czujniki fotoelektryczne<\/p><p>\uf105 Licznik etykiet<\/p><\/div>\n\t\t\t\t<\/div>\n\t\t\t\t<\/div>\n\t\t\t\t<div class=\"elementor-element elementor-element-1ae1d0fd elementor-widget elementor-widget-heading\" data-id=\"1ae1d0fd\" data-element_type=\"widget\" data-widget_type=\"heading.default\">\n\t\t\t\t<div class=\"elementor-widget-container\">\n\t\t\t<h3 class=\"elementor-heading-title elementor-size-default\">Dost\u0119pne opcje<\/h3>\t\t<\/div>\n\t\t\t\t<\/div>\n\t\t\t\t<div class=\"elementor-element elementor-element-e763afe elementor-widget elementor-widget-text-editor\" data-id=\"e763afe\" data-element_type=\"widget\" data-widget_type=\"text-editor.default\">\n\t\t\t\t<div class=\"elementor-widget-container\">\n\t\t\t\t\t<div class=\"elementor-text-editor elementor-clearfix\"><p>\uf105 Koder drukuj\u0105cy na gor\u0105co z podstaw\u0105 (drukuje znaki bezpo\u015brednio na etykiecie)<\/p><p>\uf105 Czujniki przezroczystych etykiet (zdolne do wykrywania przezroczystych etykiet)<\/p><\/div>\n\t\t\t\t<\/div>\n\t\t\t\t<\/div>\n\t\t\t\t<div class=\"elementor-element elementor-element-d90d4bf elementor-widget elementor-widget-heading\" data-id=\"d90d4bf\" data-element_type=\"widget\" data-widget_type=\"heading.default\">\n\t\t\t\t<div class=\"elementor-widget-container\">\n\t\t\t<h3 class=\"elementor-heading-title elementor-size-default\">Specyfikacja techniczna<\/h3>\t\t<\/div>\n\t\t\t\t<\/div>\n\t\t\t\t<div class=\"elementor-element elementor-element-71d7e487 elementor-widget elementor-widget-text-editor\" data-id=\"71d7e487\" data-element_type=\"widget\" data-widget_type=\"text-editor.default\">\n\t\t\t\t<div class=\"elementor-widget-container\">\n\t\t\t\t\t<div class=\"elementor-text-editor elementor-clearfix\"><table border=\"0\" cellpadding=\"0\" cellspacing=\"0\" width=\"652\" height=\"260\" style=\"width: 489.02pt;\">\n <colgroup><col width=\"146\" style=\"width:109.50pt;\">\n <col width=\"506\" style=\"width:379.50pt;\">\n <\/colgroup><tbody><tr height=\"20\" style=\"height:15.00pt;\">\n  <td class=\"et2\" height=\"20\" width=\"146\" x:str=\"\" style=\"height:15.00pt;width:109.50pt;\">Kierunek<\/td>\n  <td class=\"et2\" width=\"506\" x:str=\"\" style=\"width:379.50pt;\">Od lewej do prawej lub od prawej do lewej<\/td>\n <\/tr>\n <tr height=\"20\" style=\"height:15.00pt;\">\n  <td class=\"et2\" height=\"20\" x:str=\"\" style=\"height:15.00pt;\">pr\u0119dko\u015b\u0107<\/td>\n  <td class=\"et2\" x:str=\"\">17 metr\u00f3w\/minut\u0119<br>(W zale\u017cno\u015bci od charakterystyki produktu i pr\u0119dko\u015bci podawania)<\/td>\n <\/tr>\n <tr height=\"20\" style=\"height:15.00pt;\">\n  <td class=\"et2\" height=\"20\" x:str=\"\" style=\"height:15.00pt;\">D\u0142ugo\u015b\u0107 pojemnika&nbsp;<\/td>\n  <td class=\"et2\" x:str=\"\">40-500 mm<\/td>\n <\/tr>\n <tr height=\"20\" style=\"height:15.00pt;\">\n  <td class=\"et2\" height=\"20\" x:str=\"\" style=\"height:15.00pt;\">Szeroko\u015b\u0107 pojemnika&nbsp;<\/td>\n  <td class=\"et2\" x:str=\"\">40-400 mm<\/td>\n <\/tr>\n <tr height=\"20\" style=\"height:15.00pt;\">\n  <td class=\"et2\" height=\"20\" x:str=\"\" style=\"height:15.00pt;\">Wysoko\u015b\u0107 pojemnika<\/td>\n  <td class=\"et2\" x:str=\"\">1-300 mm<\/td>\n <\/tr>\n <tr height=\"20\" style=\"height:15.00pt;\">\n  <td class=\"et2\" height=\"20\" x:str=\"\" style=\"height:15.00pt;\">D\u0142ugo\u015b\u0107 etykiety&nbsp;<\/td>\n  <td class=\"et2\" x:str=\"\">20-200 mm<\/td>\n <\/tr>\n <tr height=\"20\" style=\"height:15.00pt;\">\n  <td class=\"et2\" height=\"20\" x:str=\"\" style=\"height:15.00pt;\">Wysoko\u015b\u0107 etykiety&nbsp;<\/td>\n  <td class=\"et2\" x:str=\"\">20-200 mm<\/td>\n <\/tr>\n <tr height=\"20\" style=\"height:15.00pt;\">\n  <td class=\"et2\" height=\"20\" x:str=\"\" style=\"height:15.00pt;\">Dok\u0142adno\u015b\u0107 etykietowania&nbsp;<\/td>\n  <td class=\"et2\" x:str=\"\">\u00b11 mm (w zale\u017cno\u015bci od charakterystyki produktu)<\/td>\n <\/tr>\n <tr height=\"20\" style=\"height:15.00pt;\">\n  <td class=\"et2\" height=\"20\" x:str=\"\" style=\"height:15.00pt;\">Rozmiar etykiety<\/td>\n  <td class=\"et2\" x:str=\"\">320 mm (maks.)<\/td>\n <\/tr>\n <tr height=\"20\" style=\"height:15.00pt;\">\n  <td class=\"et2\" height=\"20\" x:str=\"\" style=\"height:15.00pt;\">Rozmiar rdzenia etykiety<\/td>\n  <td class=\"et2\" x:str=\"\">76 mm<\/td>\n <\/tr>\n <tr height=\"20\" style=\"height:15.00pt;\">\n  <td class=\"et2\" height=\"20\" x:str=\"\" style=\"height:15.00pt;\">Zasilanie elektryczne<\/td>\n  <td class=\"et2\" x:str=\"\">110\/220V 50\/60HZ 1PH 950W<\/td>\n <\/tr>\n <tr height=\"20\" style=\"height:15.00pt;\">\n  <td class=\"et2\" height=\"20\" x:str=\"\" style=\"height:15.00pt;\">Waga&nbsp;<\/td>\n  <td class=\"et2\" x:str=\"\">200 kg<\/td>\n <\/tr>\n <tr height=\"20\" style=\"height:15.00pt;\">\n  <td class=\"et2\" height=\"20\" x:str=\"\" style=\"height:15.00pt;\">Wymiar<\/td>\n  <td class=\"et2\" x:str=\"\">2000x800x1450mm<\/td>\n <\/tr>\n<\/tbody><\/table><\/div>\n\t\t\t\t<\/div>\n\t\t\t\t<\/div>\n\t\t\t\t<div class=\"elementor-element elementor-element-3dcd465f elementor-widget elementor-widget-text-editor\" data-id=\"3dcd465f\" data-element_type=\"widget\" data-widget_type=\"text-editor.default\">\n\t\t\t\t<div class=\"elementor-widget-container\">\n\t\t\t\t\t<div class=\"elementor-text-editor elementor-clearfix\"><p>\uf013 Dane techniczne mog\u0105 ulec zmianie bez powiadomienia. Wszelkie prawa zastrze\u017cone.<\/p><\/div>\n\t\t\t\t<\/div>\n\t\t\t\t<\/div>\n\t\t\t\t\t\t<\/div>\n\t\t\t<\/div>\n\t\t<\/div>\n\t\t\t\t<div class=\"elementor-element elementor-element-13fccf28 elementor-column elementor-col-50 elementor-top-column\" data-id=\"13fccf28\" data-element_type=\"column\">\n\t\t\t<div class=\"elementor-column-wrap  elementor-element-populated\">\n\t\t\t\t\t<div class=\"elementor-widget-wrap\">\n\t\t\t\t<div class=\"elementor-element elementor-element-473e9196 elementor-widget elementor-widget-spacer\" data-id=\"473e9196\" data-element_type=\"widget\" data-widget_type=\"spacer.default\">\n\t\t\t\t<div class=\"elementor-widget-container\">\n\t\t\t\t\t<div class=\"elementor-spacer\">\n\t\t\t<div class=\"elementor-spacer-inner\"><\/div>\n\t\t<\/div>\n\t\t\t\t<\/div>\n\t\t\t\t<\/div>\n\t\t\t\t<div class=\"elementor-element elementor-element-357d56d7 elementor-widget elementor-widget-image\" data-id=\"357d56d7\" data-element_type=\"widget\" data-widget_type=\"image.default\">\n\t\t\t\t<div class=\"elementor-widget-container\">\n\t\t\t\t\t<div class=\"elementor-image\">\n\t\t\t\t\t\t\t\t\t\t<img loading=\"lazy\" decoding=\"async\" width=\"304\" height=\"241\" src=\"https:\/\/focusonpack.com\/wp-content\/uploads\/2023\/07\/label-4-4.jpg\" class=\"attachment-full size-full\" alt=\"\" srcset=\"https:\/\/focusonpack.com\/wp-content\/uploads\/2023\/07\/label-4-4.jpg 304w, https:\/\/focusonpack.com\/wp-content\/uploads\/2023\/07\/label-4-4-300x238.jpg 300w\" sizes=\"auto, (max-width: 304px) 100vw, 304px\" \/>\t\t\t\t\t\t\t\t\t\t\t<\/div>\n\t\t\t\t<\/div>\n\t\t\t\t<\/div>\n\t\t\t\t<div class=\"elementor-element elementor-element-5aea0bd1 elementor-button-info elementor-align-center elementor-widget elementor-widget-button\" data-id=\"5aea0bd1\" data-element_type=\"widget\" data-widget_type=\"button.default\">\n\t\t\t\t<div class=\"elementor-widget-container\">\n\t\t\t\t\t<div class=\"elementor-button-wrapper\">\n\t\t\t<a href=\"https:\/\/focusonpack.com\/pl\/skontaktuj-sie-z-nami\/\" class=\"elementor-button-link elementor-button elementor-size-sm\" role=\"button\">\n\t\t\t\t\t\t<span class=\"elementor-button-content-wrapper\">\n\t\t\t\t\t\t<span class=\"elementor-button-text\">Zapytanie ofertowe<\/span>\n\t\t<\/span>\n\t\t\t\t\t<\/a>\n\t\t<\/div>\n\t\t\t\t<\/div>\n\t\t\t\t<\/div>\n\t\t\t\t\t\t<\/div>\n\t\t\t<\/div>\n\t\t<\/div>\n\t\t\t\t\t\t<\/div>\n\t\t\t<\/div>\n\t\t<\/section>\n\t\t\t\t\t\t<\/div>\n\t\t\t<\/div>\n\t\t<\/div>","protected":false},"excerpt":{"rendered":"<p>Automatic Top Labeling Machine&hellip;<\/p>","protected":false},"author":1,"featured_media":0,"parent":0,"menu_order":0,"comment_status":"closed","ping_status":"closed","template":"elementor_header_footer","meta":{"footnotes":""},"class_list":["post-2626","page","type-page","status-publish","hentry","no-thumb"],"yoast_head":"<!-- This site is optimized with the Yoast SEO plugin v24.8.1 - https:\/\/yoast.com\/wordpress\/plugins\/seo\/ -->\n<title>Automatic Top Labeling Machine - Focus on pack<\/title>\n<meta name=\"robots\" content=\"index, follow, max-snippet:-1, max-image-preview:large, max-video-preview:-1\" \/>\n<link rel=\"canonical\" href=\"https:\/\/focusonpack.com\/pl\/automatyczna-maszyna-do-etykietowania\/\" \/>\n<meta property=\"og:locale\" content=\"pl_PL\" \/>\n<meta property=\"og:type\" content=\"article\" \/>\n<meta property=\"og:title\" content=\"Automatic Top Labeling Machine - Focus on pack\" \/>\n<meta property=\"og:description\" content=\"Automatic Top Labeling Machine&hellip;\" \/>\n<meta property=\"og:url\" content=\"https:\/\/focusonpack.com\/pl\/automatyczna-maszyna-do-etykietowania\/\" \/>\n<meta property=\"og:site_name\" content=\"Focus on pack\" \/>\n<meta property=\"article:modified_time\" content=\"2023-07-21T03:07:48+00:00\" \/>\n<meta property=\"og:image\" content=\"https:\/\/focusonpack.com\/wp-content\/uploads\/2023\/07\/label-4-4.jpg\" \/>\n<meta name=\"twitter:card\" content=\"summary_large_image\" \/>\n<meta name=\"twitter:label1\" content=\"Szacowany czas czytania\" \/>\n\t<meta name=\"twitter:data1\" content=\"1 minuta\" \/>\n<script type=\"application\/ld+json\" class=\"yoast-schema-graph\">{\"@context\":\"https:\/\/schema.org\",\"@graph\":[{\"@type\":\"WebPage\",\"@id\":\"https:\/\/focusonpack.com\/automatic-top-labeling-machine\/\",\"url\":\"https:\/\/focusonpack.com\/automatic-top-labeling-machine\/\",\"name\":\"Automatic Top Labeling Machine - Focus on pack\",\"isPartOf\":{\"@id\":\"https:\/\/focusonpack.com\/#website\"},\"primaryImageOfPage\":{\"@id\":\"https:\/\/focusonpack.com\/automatic-top-labeling-machine\/#primaryimage\"},\"image\":{\"@id\":\"https:\/\/focusonpack.com\/automatic-top-labeling-machine\/#primaryimage\"},\"thumbnailUrl\":\"https:\/\/focusonpack.com\/wp-content\/uploads\/2023\/07\/label-4-4.jpg\",\"datePublished\":\"2020-05-08T07:55:33+00:00\",\"dateModified\":\"2023-07-21T03:07:48+00:00\",\"breadcrumb\":{\"@id\":\"https:\/\/focusonpack.com\/automatic-top-labeling-machine\/#breadcrumb\"},\"inLanguage\":\"pl-PL\",\"potentialAction\":[{\"@type\":\"ReadAction\",\"target\":[\"https:\/\/focusonpack.com\/automatic-top-labeling-machine\/\"]}]},{\"@type\":\"ImageObject\",\"inLanguage\":\"pl-PL\",\"@id\":\"https:\/\/focusonpack.com\/automatic-top-labeling-machine\/#primaryimage\",\"url\":\"https:\/\/focusonpack.com\/wp-content\/uploads\/2023\/07\/label-4-4.jpg\",\"contentUrl\":\"https:\/\/focusonpack.com\/wp-content\/uploads\/2023\/07\/label-4-4.jpg\"},{\"@type\":\"BreadcrumbList\",\"@id\":\"https:\/\/focusonpack.com\/automatic-top-labeling-machine\/#breadcrumb\",\"itemListElement\":[{\"@type\":\"ListItem\",\"position\":1,\"name\":\"\u9996\u9875\",\"item\":\"https:\/\/focusonpack.com\/\"},{\"@type\":\"ListItem\",\"position\":2,\"name\":\"Automatic Top Labeling Machine\"}]},{\"@type\":\"WebSite\",\"@id\":\"https:\/\/focusonpack.com\/#website\",\"url\":\"https:\/\/focusonpack.com\/\",\"name\":\"Focus on pack\",\"description\":\"\",\"potentialAction\":[{\"@type\":\"SearchAction\",\"target\":{\"@type\":\"EntryPoint\",\"urlTemplate\":\"https:\/\/focusonpack.com\/?s={search_term_string}\"},\"query-input\":{\"@type\":\"PropertyValueSpecification\",\"valueRequired\":true,\"valueName\":\"search_term_string\"}}],\"inLanguage\":\"pl-PL\"}]}<\/script>\n<!-- \/ Yoast SEO plugin. -->","yoast_head_json":{"title":"Automatic Top Labeling Machine - Focus on pack","robots":{"index":"index","follow":"follow","max-snippet":"max-snippet:-1","max-image-preview":"max-image-preview:large","max-video-preview":"max-video-preview:-1"},"canonical":"https:\/\/focusonpack.com\/pl\/automatyczna-maszyna-do-etykietowania\/","og_locale":"pl_PL","og_type":"article","og_title":"Automatic Top Labeling Machine - Focus on pack","og_description":"Automatic Top Labeling Machine&hellip;","og_url":"https:\/\/focusonpack.com\/pl\/automatyczna-maszyna-do-etykietowania\/","og_site_name":"Focus on pack","article_modified_time":"2023-07-21T03:07:48+00:00","og_image":[{"url":"https:\/\/focusonpack.com\/wp-content\/uploads\/2023\/07\/label-4-4.jpg","type":"","width":"","height":""}],"twitter_card":"summary_large_image","twitter_misc":{"Szacowany czas czytania":"1 minuta"},"schema":{"@context":"https:\/\/schema.org","@graph":[{"@type":"WebPage","@id":"https:\/\/focusonpack.com\/automatic-top-labeling-machine\/","url":"https:\/\/focusonpack.com\/automatic-top-labeling-machine\/","name":"Automatic Top Labeling Machine - Focus on pack","isPartOf":{"@id":"https:\/\/focusonpack.com\/#website"},"primaryImageOfPage":{"@id":"https:\/\/focusonpack.com\/automatic-top-labeling-machine\/#primaryimage"},"image":{"@id":"https:\/\/focusonpack.com\/automatic-top-labeling-machine\/#primaryimage"},"thumbnailUrl":"https:\/\/focusonpack.com\/wp-content\/uploads\/2023\/07\/label-4-4.jpg","datePublished":"2020-05-08T07:55:33+00:00","dateModified":"2023-07-21T03:07:48+00:00","breadcrumb":{"@id":"https:\/\/focusonpack.com\/automatic-top-labeling-machine\/#breadcrumb"},"inLanguage":"pl-PL","potentialAction":[{"@type":"ReadAction","target":["https:\/\/focusonpack.com\/automatic-top-labeling-machine\/"]}]},{"@type":"ImageObject","inLanguage":"pl-PL","@id":"https:\/\/focusonpack.com\/automatic-top-labeling-machine\/#primaryimage","url":"https:\/\/focusonpack.com\/wp-content\/uploads\/2023\/07\/label-4-4.jpg","contentUrl":"https:\/\/focusonpack.com\/wp-content\/uploads\/2023\/07\/label-4-4.jpg"},{"@type":"BreadcrumbList","@id":"https:\/\/focusonpack.com\/automatic-top-labeling-machine\/#breadcrumb","itemListElement":[{"@type":"ListItem","position":1,"name":"\u9996\u9875","item":"https:\/\/focusonpack.com\/"},{"@type":"ListItem","position":2,"name":"Automatic Top Labeling Machine"}]},{"@type":"WebSite","@id":"https:\/\/focusonpack.com\/#website","url":"https:\/\/focusonpack.com\/","name":"Focus on pack","description":"","potentialAction":[{"@type":"SearchAction","target":{"@type":"EntryPoint","urlTemplate":"https:\/\/focusonpack.com\/?s={search_term_string}"},"query-input":{"@type":"PropertyValueSpecification","valueRequired":true,"valueName":"search_term_string"}}],"inLanguage":"pl-PL"}]}},"_links":{"self":[{"href":"https:\/\/focusonpack.com\/pl\/wp-json\/wp\/v2\/pages\/2626","targetHints":{"allow":["GET"]}}],"collection":[{"href":"https:\/\/focusonpack.com\/pl\/wp-json\/wp\/v2\/pages"}],"about":[{"href":"https:\/\/focusonpack.com\/pl\/wp-json\/wp\/v2\/types\/page"}],"author":[{"embeddable":true,"href":"https:\/\/focusonpack.com\/pl\/wp-json\/wp\/v2\/users\/1"}],"replies":[{"embeddable":true,"href":"https:\/\/focusonpack.com\/pl\/wp-json\/wp\/v2\/comments?post=2626"}],"version-history":[{"count":9,"href":"https:\/\/focusonpack.com\/pl\/wp-json\/wp\/v2\/pages\/2626\/revisions"}],"predecessor-version":[{"id":4070,"href":"https:\/\/focusonpack.com\/pl\/wp-json\/wp\/v2\/pages\/2626\/revisions\/4070"}],"wp:attachment":[{"href":"https:\/\/focusonpack.com\/pl\/wp-json\/wp\/v2\/media?parent=2626"}],"curies":[{"name":"wp","href":"https:\/\/api.w.org\/{rel}","templated":true}]}}