{"id":2627,"date":"2020-05-08T15:55:34","date_gmt":"2020-05-08T07:55:34","guid":{"rendered":"https:\/\/focusonpack.com\/?page_id=2627"},"modified":"2023-07-21T11:07:30","modified_gmt":"2023-07-21T03:07:30","slug":"automatic-two-side-front-and-back-labeling-machine","status":"publish","type":"page","link":"https:\/\/focusonpack.com\/pl\/automatic-two-side-front-and-back-labeling-machine\/","title":{"rendered":"Automatyczna dwustronna maszyna do etykietowania z przodu i z ty\u0142u"},"content":{"rendered":"<div data-elementor-type=\"wp-page\" data-elementor-id=\"2627\" class=\"elementor elementor-2627\" data-elementor-settings=\"[]\">\n\t\t\t<div class=\"elementor-inner\">\n\t\t\t\t<div class=\"elementor-section-wrap\">\n\t\t\t\t\t\t\t<section class=\"elementor-element elementor-element-66e71174 elementor-section-boxed elementor-section-height-default elementor-section-height-default elementor-section elementor-top-section\" data-id=\"66e71174\" data-element_type=\"section\">\n\t\t\t\t\t\t<div class=\"elementor-container elementor-column-gap-default\">\n\t\t\t\t<div class=\"elementor-row\">\n\t\t\t\t<div class=\"elementor-element elementor-element-23fce30f elementor-column elementor-col-50 elementor-top-column\" data-id=\"23fce30f\" data-element_type=\"column\">\n\t\t\t<div class=\"elementor-column-wrap  elementor-element-populated\">\n\t\t\t\t\t<div class=\"elementor-widget-wrap\">\n\t\t\t\t<div class=\"elementor-element elementor-element-2263c9c6 elementor-widget elementor-widget-heading\" data-id=\"2263c9c6\" data-element_type=\"widget\" data-widget_type=\"heading.default\">\n\t\t\t\t<div class=\"elementor-widget-container\">\n\t\t\t<h3 class=\"elementor-heading-title elementor-size-default\">Automatyczna dwustronna maszyna do etykietowania z przodu i z ty\u0142u<\/h3>\t\t<\/div>\n\t\t\t\t<\/div>\n\t\t\t\t<div class=\"elementor-element elementor-element-51e33e81 elementor-widget elementor-widget-heading\" data-id=\"51e33e81\" data-element_type=\"widget\" data-widget_type=\"heading.default\">\n\t\t\t\t<div class=\"elementor-widget-container\">\n\t\t\t<h3 class=\"elementor-heading-title elementor-size-default\">Automatic Double side Sticker Labelling Machine<\/h3>\t\t<\/div>\n\t\t\t\t<\/div>\n\t\t\t\t<div class=\"elementor-element elementor-element-5df2cebe elementor-widget elementor-widget-text-editor\" data-id=\"5df2cebe\" data-element_type=\"widget\" data-widget_type=\"text-editor.default\">\n\t\t\t\t<div class=\"elementor-widget-container\">\n\t\t\t\t\t<div class=\"elementor-text-editor elementor-clearfix\"><p>Automatic double side front and back self adhesive labelling machine for bottles is design to handle a wide range of self-adhesive labelling applications with speed and accuracy in either single, twin or tri-labelling head configuration can apply front, back, partial wrap or full wrap labels as well as tamper evident or promotional top labels. Two label dispensers operates independently for one side labeling or operate simultaneously for two side labeling which allows different size of label application on either side, An optional wrap station is offered for partial wrap or full wrap labels as well as tamper evident or promotional top labels. Front and Back sticker labeler machine is equipped with a chain aligner system for product orientation, ensuring correct positioning of the containers before the label is applied. The container position is adjusted by the spring mounted motorized chains before it moves under the head gripper where it is released. The head gripper is mounted on a vertical stainless steel spindle system for easy adjustment when needed. Additional features includes stainless steel construction and anodize components, world famous electronic components, servo motor drive, powered assist web take up, PLC control and user friendly HMI.<\/p><\/div>\n\t\t\t\t<\/div>\n\t\t\t\t<\/div>\n\t\t\t\t<div class=\"elementor-element elementor-element-74e2a097 elementor-widget elementor-widget-heading\" data-id=\"74e2a097\" data-element_type=\"widget\" data-widget_type=\"heading.default\">\n\t\t\t\t<div class=\"elementor-widget-container\">\n\t\t\t<h3 class=\"elementor-heading-title elementor-size-default\">Kluczowe cechy<\/h3>\t\t<\/div>\n\t\t\t\t<\/div>\n\t\t\t\t<div class=\"elementor-element elementor-element-156e4e72 elementor-widget elementor-widget-text-editor\" data-id=\"156e4e72\" data-element_type=\"widget\" data-widget_type=\"text-editor.default\">\n\t\t\t\t<div class=\"elementor-widget-container\">\n\t\t\t\t\t<div class=\"elementor-text-editor elementor-clearfix\"><p>\uf105 Heavy-duty stainless steel constructed anodized aluminium components<\/p><p>\uf105 Komponenty elektroniczne s\u0105 znan\u0105 na ca\u0142ym \u015bwiecie mark\u0105<\/p><p>\uf105 Capable of labeling flat,oval,square and round containers<\/p><p>\uf105 Variable speed bottle infeed seperator wheel<\/p><p>\uf105 Sterowanie PLC i przyjazny dla u\u017cytkownika interfejs HMI<\/p><p>\uf105 Serwomotor zapewnia dok\u0142adne i powtarzalne etykietowanie z du\u017c\u0105 pr\u0119dko\u015bci\u0105<\/p><p>\uf105 Top stabilizing\/conveyor belt is provided to hold the bottle for proper labeling.<\/p><p>\uf105 Automatycznie zsynchronizowana g\u0142owica etykietuj\u0105ca i przeno\u015bnik ta\u015bmowy<\/p><p>\uf105 Odbieranie sieci wspomagane energi\u0105<\/p><p>\uf105 Wykrywanie niskiego poziomu lub braku etykiety z automatycznym systemem zatrzymywania, aby zapobiec b\u0142\u0119dnemu etykietowaniu.<\/p><p>\uf105 Bezkontaktowe czujniki fotoelektryczne<\/p><p>\uf105 Licznik etykiet<\/p><\/div>\n\t\t\t\t<\/div>\n\t\t\t\t<\/div>\n\t\t\t\t<div class=\"elementor-element elementor-element-05390c4 elementor-widget elementor-widget-heading\" data-id=\"05390c4\" data-element_type=\"widget\" data-widget_type=\"heading.default\">\n\t\t\t\t<div class=\"elementor-widget-container\">\n\t\t\t<h3 class=\"elementor-heading-title elementor-size-default\">Dost\u0119pne opcje<\/h3>\t\t<\/div>\n\t\t\t\t<\/div>\n\t\t\t\t<div class=\"elementor-element elementor-element-25df27e elementor-widget elementor-widget-text-editor\" data-id=\"25df27e\" data-element_type=\"widget\" data-widget_type=\"text-editor.default\">\n\t\t\t\t<div class=\"elementor-widget-container\">\n\t\t\t\t\t<div class=\"elementor-text-editor elementor-clearfix\"><p>\uf105 Koder drukuj\u0105cy na gor\u0105co z podstaw\u0105 (drukuje znaki bezpo\u015brednio na etykiecie)<\/p><p>\uf105 Czujniki przezroczystych etykiet (zdolne do wykrywania przezroczystych etykiet)<\/p><p>\uf105 Wraparound station<\/p><\/div>\n\t\t\t\t<\/div>\n\t\t\t\t<\/div>\n\t\t\t\t<div class=\"elementor-element elementor-element-6b68c209 elementor-widget elementor-widget-heading\" data-id=\"6b68c209\" data-element_type=\"widget\" data-widget_type=\"heading.default\">\n\t\t\t\t<div class=\"elementor-widget-container\">\n\t\t\t<h3 class=\"elementor-heading-title elementor-size-default\">Specyfikacja techniczna<\/h3>\t\t<\/div>\n\t\t\t\t<\/div>\n\t\t\t\t<div class=\"elementor-element elementor-element-2a04ffc elementor-widget elementor-widget-text-editor\" data-id=\"2a04ffc\" data-element_type=\"widget\" data-widget_type=\"text-editor.default\">\n\t\t\t\t<div class=\"elementor-widget-container\">\n\t\t\t\t\t<div class=\"elementor-text-editor elementor-clearfix\"><table border=\"0\" cellpadding=\"0\" cellspacing=\"0\" width=\"633\" height=\"240\" style=\"width: 474.77pt;\">\n <colgroup><col width=\"146\" style=\"width:109.50pt;\">\n <col width=\"487\" style=\"width:365.25pt;\">\n <\/colgroup><tbody><tr height=\"20\" style=\"height:15.00pt;\">\n  <td class=\"et2\" height=\"20\" width=\"146\" x:str=\"\" style=\"height:15.00pt;width:109.50pt;\">Kierunek<\/td>\n  <td class=\"et2\" width=\"487\" x:str=\"\" style=\"width:365.25pt;\">Od lewej do prawej lub od prawej do lewej<\/td>\n <\/tr>\n <tr height=\"20\" style=\"height:15.00pt;\">\n  <td class=\"et2\" height=\"20\" x:str=\"\" style=\"height:15.00pt;\">pr\u0119dko\u015b\u0107<\/td>\n  <td class=\"et2\" x:str=\"\">120-250CPM(Depending on product characteristics and feed speed)<\/td>\n <\/tr>\n <tr height=\"20\" style=\"height:15.00pt;\">\n  <td class=\"et2\" height=\"20\" x:str=\"\" style=\"height:15.00pt;\">Container Diameter&nbsp;<\/td>\n  <td class=\"et2\" x:str=\"\">L:30-300mm W:20-140mm<\/td>\n <\/tr>\n <tr height=\"20\" style=\"height:15.00pt;\">\n  <td class=\"et2\" height=\"20\" x:str=\"\" style=\"height:15.00pt;\">Wysoko\u015b\u0107 pojemnika<\/td>\n  <td class=\"et2\" x:str=\"\">55-400mm<\/td>\n <\/tr>\n <tr height=\"20\" style=\"height:15.00pt;\">\n  <td class=\"et2\" height=\"20\" x:str=\"\" style=\"height:15.00pt;\">D\u0142ugo\u015b\u0107 etykiety<\/td>\n  <td class=\"et2\" x:str=\"\">15-300mm<\/td>\n <\/tr>\n <tr height=\"20\" style=\"height:15.00pt;\">\n  <td class=\"et2\" height=\"20\" x:str=\"\" style=\"height:15.00pt;\">Wysoko\u015b\u0107 etykiety<\/td>\n  <td class=\"et2\" x:str=\"\">10-150mm<\/td>\n <\/tr>\n <tr height=\"20\" style=\"height:15.00pt;\">\n  <td class=\"et2\" height=\"20\" x:str=\"\" style=\"height:15.00pt;\">Dok\u0142adno\u015b\u0107 etykietowania<\/td>\n  <td class=\"et2\" x:str=\"\">\u00b11 mm (w zale\u017cno\u015bci od charakterystyki produktu)<\/td>\n <\/tr>\n <tr height=\"20\" style=\"height:15.00pt;\">\n  <td class=\"et2\" height=\"20\" x:str=\"\" style=\"height:15.00pt;\">Rozmiar etykiety<\/td>\n  <td class=\"et2\" x:str=\"\">320 mm (maks.)<\/td>\n <\/tr>\n <tr height=\"20\" style=\"height:15.00pt;\">\n  <td class=\"et2\" height=\"20\" x:str=\"\" style=\"height:15.00pt;\">Rozmiar rdzenia etykiety<\/td>\n  <td class=\"et2\" x:str=\"\">76 mm<\/td>\n <\/tr>\n <tr height=\"20\" style=\"height:15.00pt;\">\n  <td class=\"et2\" height=\"20\" x:str=\"\" style=\"height:15.00pt;\">Zasilanie elektryczne<\/td>\n  <td class=\"et2\" x:str=\"\">110\/220V 50\/60HZ 1PH 2500W<\/td>\n <\/tr>\n <tr height=\"20\" style=\"height:15.00pt;\">\n  <td class=\"et2\" height=\"20\" x:str=\"\" style=\"height:15.00pt;\">Waga&nbsp;<\/td>\n  <td class=\"et2\" x:str=\"\">310kgs<\/td>\n <\/tr>\n <tr height=\"20\" style=\"height:15.00pt;\">\n  <td class=\"et2\" height=\"20\" x:str=\"\" style=\"height:15.00pt;\">Wymiar<\/td>\n  <td class=\"et2\" x:str=\"\">2800x1450x1500mm<\/td>\n <\/tr>\n<\/tbody><\/table><\/div>\n\t\t\t\t<\/div>\n\t\t\t\t<\/div>\n\t\t\t\t<div class=\"elementor-element elementor-element-3e71d433 elementor-widget elementor-widget-text-editor\" data-id=\"3e71d433\" data-element_type=\"widget\" data-widget_type=\"text-editor.default\">\n\t\t\t\t<div class=\"elementor-widget-container\">\n\t\t\t\t\t<div class=\"elementor-text-editor elementor-clearfix\"><p>\uf013 Dane techniczne mog\u0105 ulec zmianie bez powiadomienia. Wszelkie prawa zastrze\u017cone.<\/p><\/div>\n\t\t\t\t<\/div>\n\t\t\t\t<\/div>\n\t\t\t\t\t\t<\/div>\n\t\t\t<\/div>\n\t\t<\/div>\n\t\t\t\t<div class=\"elementor-element elementor-element-5e6b9315 elementor-column elementor-col-50 elementor-top-column\" data-id=\"5e6b9315\" data-element_type=\"column\">\n\t\t\t<div class=\"elementor-column-wrap  elementor-element-populated\">\n\t\t\t\t\t<div class=\"elementor-widget-wrap\">\n\t\t\t\t<div class=\"elementor-element elementor-element-7b6bede6 elementor-widget elementor-widget-spacer\" data-id=\"7b6bede6\" data-element_type=\"widget\" data-widget_type=\"spacer.default\">\n\t\t\t\t<div class=\"elementor-widget-container\">\n\t\t\t\t\t<div class=\"elementor-spacer\">\n\t\t\t<div class=\"elementor-spacer-inner\"><\/div>\n\t\t<\/div>\n\t\t\t\t<\/div>\n\t\t\t\t<\/div>\n\t\t\t\t<div class=\"elementor-element elementor-element-48a11244 elementor-widget elementor-widget-image\" data-id=\"48a11244\" data-element_type=\"widget\" data-widget_type=\"image.default\">\n\t\t\t\t<div class=\"elementor-widget-container\">\n\t\t\t\t\t<div class=\"elementor-image\">\n\t\t\t\t\t\t\t\t\t\t<img loading=\"lazy\" decoding=\"async\" width=\"308\" height=\"221\" src=\"https:\/\/focusonpack.com\/wp-content\/uploads\/2023\/07\/label-3-3.jpg\" class=\"attachment-full size-full\" alt=\"\" srcset=\"https:\/\/focusonpack.com\/wp-content\/uploads\/2023\/07\/label-3-3.jpg 308w, https:\/\/focusonpack.com\/wp-content\/uploads\/2023\/07\/label-3-3-300x215.jpg 300w\" sizes=\"auto, (max-width: 308px) 100vw, 308px\" \/>\t\t\t\t\t\t\t\t\t\t\t<\/div>\n\t\t\t\t<\/div>\n\t\t\t\t<\/div>\n\t\t\t\t<div class=\"elementor-element elementor-element-675f8d6c elementor-button-info elementor-align-center elementor-widget elementor-widget-button\" data-id=\"675f8d6c\" data-element_type=\"widget\" data-widget_type=\"button.default\">\n\t\t\t\t<div class=\"elementor-widget-container\">\n\t\t\t\t\t<div class=\"elementor-button-wrapper\">\n\t\t\t<a href=\"https:\/\/focusonpack.com\/pl\/skontaktuj-sie-z-nami\/\" class=\"elementor-button-link elementor-button elementor-size-sm\" role=\"button\">\n\t\t\t\t\t\t<span class=\"elementor-button-content-wrapper\">\n\t\t\t\t\t\t<span class=\"elementor-button-text\">Zapytanie ofertowe<\/span>\n\t\t<\/span>\n\t\t\t\t\t<\/a>\n\t\t<\/div>\n\t\t\t\t<\/div>\n\t\t\t\t<\/div>\n\t\t\t\t\t\t<\/div>\n\t\t\t<\/div>\n\t\t<\/div>\n\t\t\t\t\t\t<\/div>\n\t\t\t<\/div>\n\t\t<\/section>\n\t\t\t\t\t\t<\/div>\n\t\t\t<\/div>\n\t\t<\/div>","protected":false},"excerpt":{"rendered":"<p>Automatic Two Side Front And B&hellip;<\/p>","protected":false},"author":1,"featured_media":0,"parent":0,"menu_order":0,"comment_status":"closed","ping_status":"closed","template":"elementor_header_footer","meta":{"footnotes":""},"class_list":["post-2627","page","type-page","status-publish","hentry","no-thumb"],"yoast_head":"<!-- This site is optimized with the Yoast SEO plugin v24.8.1 - https:\/\/yoast.com\/wordpress\/plugins\/seo\/ -->\n<title>Automatic Two Side Front And Back Labeling Machine - Focus on pack<\/title>\n<meta name=\"robots\" content=\"index, follow, max-snippet:-1, max-image-preview:large, max-video-preview:-1\" \/>\n<link rel=\"canonical\" href=\"https:\/\/focusonpack.com\/pl\/automatic-two-side-front-and-back-labeling-machine\/\" \/>\n<meta property=\"og:locale\" content=\"pl_PL\" \/>\n<meta property=\"og:type\" content=\"article\" \/>\n<meta property=\"og:title\" content=\"Automatic Two Side Front And Back Labeling Machine - Focus on pack\" \/>\n<meta property=\"og:description\" content=\"Automatic Two Side Front And B&hellip;\" \/>\n<meta property=\"og:url\" content=\"https:\/\/focusonpack.com\/pl\/automatic-two-side-front-and-back-labeling-machine\/\" \/>\n<meta property=\"og:site_name\" content=\"Focus on pack\" \/>\n<meta property=\"article:modified_time\" content=\"2023-07-21T03:07:30+00:00\" \/>\n<meta property=\"og:image\" content=\"https:\/\/focusonpack.com\/wp-content\/uploads\/2023\/07\/label-3-3.jpg\" \/>\n<meta name=\"twitter:card\" content=\"summary_large_image\" \/>\n<meta name=\"twitter:label1\" content=\"Szacowany czas czytania\" \/>\n\t<meta name=\"twitter:data1\" content=\"2 minuty\" \/>\n<script type=\"application\/ld+json\" class=\"yoast-schema-graph\">{\"@context\":\"https:\/\/schema.org\",\"@graph\":[{\"@type\":\"WebPage\",\"@id\":\"https:\/\/focusonpack.com\/automatic-two-side-front-and-back-labeling-machine\/\",\"url\":\"https:\/\/focusonpack.com\/automatic-two-side-front-and-back-labeling-machine\/\",\"name\":\"Automatic Two Side Front And Back Labeling Machine - Focus on pack\",\"isPartOf\":{\"@id\":\"https:\/\/focusonpack.com\/#website\"},\"primaryImageOfPage\":{\"@id\":\"https:\/\/focusonpack.com\/automatic-two-side-front-and-back-labeling-machine\/#primaryimage\"},\"image\":{\"@id\":\"https:\/\/focusonpack.com\/automatic-two-side-front-and-back-labeling-machine\/#primaryimage\"},\"thumbnailUrl\":\"https:\/\/focusonpack.com\/wp-content\/uploads\/2023\/07\/label-3-3.jpg\",\"datePublished\":\"2020-05-08T07:55:34+00:00\",\"dateModified\":\"2023-07-21T03:07:30+00:00\",\"breadcrumb\":{\"@id\":\"https:\/\/focusonpack.com\/automatic-two-side-front-and-back-labeling-machine\/#breadcrumb\"},\"inLanguage\":\"pl-PL\",\"potentialAction\":[{\"@type\":\"ReadAction\",\"target\":[\"https:\/\/focusonpack.com\/automatic-two-side-front-and-back-labeling-machine\/\"]}]},{\"@type\":\"ImageObject\",\"inLanguage\":\"pl-PL\",\"@id\":\"https:\/\/focusonpack.com\/automatic-two-side-front-and-back-labeling-machine\/#primaryimage\",\"url\":\"https:\/\/focusonpack.com\/wp-content\/uploads\/2023\/07\/label-3-3.jpg\",\"contentUrl\":\"https:\/\/focusonpack.com\/wp-content\/uploads\/2023\/07\/label-3-3.jpg\"},{\"@type\":\"BreadcrumbList\",\"@id\":\"https:\/\/focusonpack.com\/automatic-two-side-front-and-back-labeling-machine\/#breadcrumb\",\"itemListElement\":[{\"@type\":\"ListItem\",\"position\":1,\"name\":\"\u9996\u9875\",\"item\":\"https:\/\/focusonpack.com\/\"},{\"@type\":\"ListItem\",\"position\":2,\"name\":\"Automatic Two Side Front And Back Labeling Machine\"}]},{\"@type\":\"WebSite\",\"@id\":\"https:\/\/focusonpack.com\/#website\",\"url\":\"https:\/\/focusonpack.com\/\",\"name\":\"Focus on pack\",\"description\":\"\",\"potentialAction\":[{\"@type\":\"SearchAction\",\"target\":{\"@type\":\"EntryPoint\",\"urlTemplate\":\"https:\/\/focusonpack.com\/?s={search_term_string}\"},\"query-input\":{\"@type\":\"PropertyValueSpecification\",\"valueRequired\":true,\"valueName\":\"search_term_string\"}}],\"inLanguage\":\"pl-PL\"}]}<\/script>\n<!-- \/ Yoast SEO plugin. -->","yoast_head_json":{"title":"Automatic Two Side Front And Back Labeling Machine - Focus on pack","robots":{"index":"index","follow":"follow","max-snippet":"max-snippet:-1","max-image-preview":"max-image-preview:large","max-video-preview":"max-video-preview:-1"},"canonical":"https:\/\/focusonpack.com\/pl\/automatic-two-side-front-and-back-labeling-machine\/","og_locale":"pl_PL","og_type":"article","og_title":"Automatic Two Side Front And Back Labeling Machine - Focus on pack","og_description":"Automatic Two Side Front And B&hellip;","og_url":"https:\/\/focusonpack.com\/pl\/automatic-two-side-front-and-back-labeling-machine\/","og_site_name":"Focus on pack","article_modified_time":"2023-07-21T03:07:30+00:00","og_image":[{"url":"https:\/\/focusonpack.com\/wp-content\/uploads\/2023\/07\/label-3-3.jpg","type":"","width":"","height":""}],"twitter_card":"summary_large_image","twitter_misc":{"Szacowany czas czytania":"2 minuty"},"schema":{"@context":"https:\/\/schema.org","@graph":[{"@type":"WebPage","@id":"https:\/\/focusonpack.com\/automatic-two-side-front-and-back-labeling-machine\/","url":"https:\/\/focusonpack.com\/automatic-two-side-front-and-back-labeling-machine\/","name":"Automatic Two Side Front And Back Labeling Machine - Focus on pack","isPartOf":{"@id":"https:\/\/focusonpack.com\/#website"},"primaryImageOfPage":{"@id":"https:\/\/focusonpack.com\/automatic-two-side-front-and-back-labeling-machine\/#primaryimage"},"image":{"@id":"https:\/\/focusonpack.com\/automatic-two-side-front-and-back-labeling-machine\/#primaryimage"},"thumbnailUrl":"https:\/\/focusonpack.com\/wp-content\/uploads\/2023\/07\/label-3-3.jpg","datePublished":"2020-05-08T07:55:34+00:00","dateModified":"2023-07-21T03:07:30+00:00","breadcrumb":{"@id":"https:\/\/focusonpack.com\/automatic-two-side-front-and-back-labeling-machine\/#breadcrumb"},"inLanguage":"pl-PL","potentialAction":[{"@type":"ReadAction","target":["https:\/\/focusonpack.com\/automatic-two-side-front-and-back-labeling-machine\/"]}]},{"@type":"ImageObject","inLanguage":"pl-PL","@id":"https:\/\/focusonpack.com\/automatic-two-side-front-and-back-labeling-machine\/#primaryimage","url":"https:\/\/focusonpack.com\/wp-content\/uploads\/2023\/07\/label-3-3.jpg","contentUrl":"https:\/\/focusonpack.com\/wp-content\/uploads\/2023\/07\/label-3-3.jpg"},{"@type":"BreadcrumbList","@id":"https:\/\/focusonpack.com\/automatic-two-side-front-and-back-labeling-machine\/#breadcrumb","itemListElement":[{"@type":"ListItem","position":1,"name":"\u9996\u9875","item":"https:\/\/focusonpack.com\/"},{"@type":"ListItem","position":2,"name":"Automatic Two Side Front And Back Labeling Machine"}]},{"@type":"WebSite","@id":"https:\/\/focusonpack.com\/#website","url":"https:\/\/focusonpack.com\/","name":"Focus on pack","description":"","potentialAction":[{"@type":"SearchAction","target":{"@type":"EntryPoint","urlTemplate":"https:\/\/focusonpack.com\/?s={search_term_string}"},"query-input":{"@type":"PropertyValueSpecification","valueRequired":true,"valueName":"search_term_string"}}],"inLanguage":"pl-PL"}]}},"_links":{"self":[{"href":"https:\/\/focusonpack.com\/pl\/wp-json\/wp\/v2\/pages\/2627","targetHints":{"allow":["GET"]}}],"collection":[{"href":"https:\/\/focusonpack.com\/pl\/wp-json\/wp\/v2\/pages"}],"about":[{"href":"https:\/\/focusonpack.com\/pl\/wp-json\/wp\/v2\/types\/page"}],"author":[{"embeddable":true,"href":"https:\/\/focusonpack.com\/pl\/wp-json\/wp\/v2\/users\/1"}],"replies":[{"embeddable":true,"href":"https:\/\/focusonpack.com\/pl\/wp-json\/wp\/v2\/comments?post=2627"}],"version-history":[{"count":10,"href":"https:\/\/focusonpack.com\/pl\/wp-json\/wp\/v2\/pages\/2627\/revisions"}],"predecessor-version":[{"id":4069,"href":"https:\/\/focusonpack.com\/pl\/wp-json\/wp\/v2\/pages\/2627\/revisions\/4069"}],"wp:attachment":[{"href":"https:\/\/focusonpack.com\/pl\/wp-json\/wp\/v2\/media?parent=2627"}],"curies":[{"name":"wp","href":"https:\/\/api.w.org\/{rel}","templated":true}]}}