{"id":2959,"date":"2020-05-11T10:36:56","date_gmt":"2020-05-11T02:36:56","guid":{"rendered":"https:\/\/focusonpack.com\/?page_id=2959"},"modified":"2025-03-27T15:45:15","modified_gmt":"2025-03-27T07:45:15","slug":"3-in-1-juice-beverage-tea-filling-machine","status":"publish","type":"page","link":"https:\/\/focusonpack.com\/pl\/maszyna-do-napelniania-herbaty-sokiem\/maszyna-do-napelniania-herbata-3-w-1\/","title":{"rendered":"Maszyna do nape\u0142niania herbat\u0105 i sokami 3 w 1"},"content":{"rendered":"<div data-elementor-type=\"wp-page\" data-elementor-id=\"2959\" class=\"elementor elementor-2959\" data-elementor-settings=\"[]\">\n\t\t\t<div class=\"elementor-inner\">\n\t\t\t\t<div class=\"elementor-section-wrap\">\n\t\t\t\t\t\t\t<section class=\"elementor-element elementor-element-740fcf5 elementor-section-boxed elementor-section-height-default elementor-section-height-default elementor-section elementor-top-section\" data-id=\"740fcf5\" data-element_type=\"section\">\n\t\t\t\t\t\t<div class=\"elementor-container elementor-column-gap-default\">\n\t\t\t\t<div class=\"elementor-row\">\n\t\t\t\t<div class=\"elementor-element elementor-element-45ea925b elementor-column elementor-col-50 elementor-top-column\" data-id=\"45ea925b\" data-element_type=\"column\">\n\t\t\t<div class=\"elementor-column-wrap  elementor-element-populated\">\n\t\t\t\t\t<div class=\"elementor-widget-wrap\">\n\t\t\t\t<div class=\"elementor-element elementor-element-61bdb211 elementor-widget elementor-widget-heading\" data-id=\"61bdb211\" data-element_type=\"widget\" data-widget_type=\"heading.default\">\n\t\t\t\t<div class=\"elementor-widget-container\">\n\t\t\t<h3 class=\"elementor-heading-title elementor-size-default\">Maszyna do nape\u0142niania herbat\u0105 i sokami 3 w 1<\/h3>\t\t<\/div>\n\t\t\t\t<\/div>\n\t\t\t\t<div class=\"elementor-element elementor-element-54e48967 elementor-widget elementor-widget-text-editor\" data-id=\"54e48967\" data-element_type=\"widget\" data-widget_type=\"text-editor.default\">\n\t\t\t\t<div class=\"elementor-widget-container\">\n\t\t\t\t\t<div class=\"elementor-text-editor elementor-clearfix\"><p>Maszyna do nape\u0142niania herbaty napojami sokowymi 3 w 1 to w pe\u0142ni automatyczna obrotowa maszyna do nape\u0142niania, integruj\u0105ca p\u0142ukanie butelek, nape\u0142nianie herbaty napojami sokowymi i dokr\u0119canie nakr\u0119tek w jednym opakowaniu. Kompaktowa konstrukcja pomaga zaoszcz\u0119dzi\u0107 cenn\u0105 przestrze\u0144, wytrzyma\u0142a podstawa ze stali w\u0119glowej pokryta stal\u0105 nierdzewn\u0105 sprawia, \u017ce ta maszyna do nape\u0142niania wod\u0105 dzia\u0142a stabilnie przy mniejszych wibracjach, wszystkie butelki i ciecz stykaj\u0105 si\u0119 z maszyn\u0105. Pokryta stal\u0105 nierdzewn\u0105 sprawia, \u017ce ta maszyna do nape\u0142niania wod\u0105 dzia\u0142a stabilnie przy mniejszych wibracjach, wszystkie butelki i cz\u0119\u015bci maj\u0105ce kontakt z ciecz\u0105 s\u0105 wykonane ze stali nierdzewnej lub plastiku spo\u017cywczego, mo\u017cliwa jest idealna synchronizacja. Wszystkie elementy stykaj\u0105ce si\u0119 z butelkami i ciecz\u0105 s\u0105 wykonane ze stali nierdzewnej lub tworzywa sztucznego dopuszczonego do kontaktu z \u017cywno\u015bci\u0105. Falowniki i sterowniki PLC s\u0105 produkowane przez firmy Siemens, Mitsubishi, Schneider i Omron, sterowniki pneumatyczne s\u0105 produkowane przez Festo lub Airtac. Standardowa maszyna jest wyposa\u017cona w z 2-metrowym przeno\u015bnikiem powietrznym i 4-metrowym przeno\u015bnikiem wy\u0142adowczym.<\/p><\/div>\n\t\t\t\t<\/div>\n\t\t\t\t<\/div>\n\t\t\t\t<div class=\"elementor-element elementor-element-edb19c9 elementor-widget elementor-widget-text-editor\" data-id=\"edb19c9\" data-element_type=\"widget\" data-widget_type=\"text-editor.default\">\n\t\t\t\t<div class=\"elementor-widget-container\">\n\t\t\t\t\t<div class=\"elementor-text-editor elementor-clearfix\"><p><strong>Stacja p\u0142ukania<\/strong><\/p><p>Plastikowe butelki s\u0105 podawane do obrotowej maszyny p\u0142ucz\u0105co-nape\u0142niaj\u0105co-zamykaj\u0105cej za pomoc\u0105 wej\u015bciowego przeno\u015bnika pneumatycznego. Nast\u0119pnie ko\u0142o gwiazdowe przenosi butelk\u0119 do chwytaka przytrzymuj\u0105cego szyjk\u0119 stacji p\u0142ucz\u0105cej. Nast\u0119pnie ko\u0142o gwiazdowe przenosi butelk\u0119 do chwytaka przytrzymuj\u0105cego szyjk\u0119 stacji p\u0142ucz\u0105cej. Robot p\u0142ucz\u0105cy indeksuje butelk\u0119 o 180\u00b0 i aktywuje zaw\u00f3r p\u0142ucz\u0105cy.<\/p><\/div>\n\t\t\t\t<\/div>\n\t\t\t\t<\/div>\n\t\t\t\t<div class=\"elementor-element elementor-element-e63929a elementor-widget elementor-widget-text-editor\" data-id=\"e63929a\" data-element_type=\"widget\" data-widget_type=\"text-editor.default\">\n\t\t\t\t<div class=\"elementor-widget-container\">\n\t\t\t\t\t<div class=\"elementor-text-editor elementor-clearfix\"><p><strong>Stacja paliw<\/strong><\/p><p>Butelki po przep\u0142ukaniu s\u0105 automatycznie przenoszone za pomoc\u0105 ko\u0142a gwiazdowego do stacji nape\u0142niania. W stacji nape\u0142niania butelki s\u0105 pobierane za szyjk\u0119 i przydzielane s\u0105 im indywidualne warto\u015bci nape\u0142nienia. W stacji nape\u0142niania butelki s\u0105 pobierane za szyjk\u0119 i przydzielane s\u0105 im indywidualne warto\u015bci nape\u0142nienia. Najnowocze\u015bniejszy zaw\u00f3r nape\u0142niaj\u0105cy jest tak precyzyjny i dok\u0142adny, \u017ce zapewnia r\u00f3wnomierne nape\u0142nianie wszystkich butelek. Dzi\u0119ki technologii nape\u0142niania na gor\u0105co mo\u017cliwe jest nape\u0142nianie w temperaturze 90\u00b0C, co gwarantuje sta\u0142\u0105 temperatur\u0119 nape\u0142niania, dok\u0142adno\u015b\u0107 poziomu nape\u0142nienia i ca\u0142kowity recykling produktu. dok\u0142adno\u015b\u0107 poziomu nape\u0142nienia i ca\u0142kowity recykling produktu.<\/p><\/div>\n\t\t\t\t<\/div>\n\t\t\t\t<\/div>\n\t\t\t\t<div class=\"elementor-element elementor-element-7ef485b elementor-widget elementor-widget-text-editor\" data-id=\"7ef485b\" data-element_type=\"widget\" data-widget_type=\"text-editor.default\">\n\t\t\t\t<div class=\"elementor-widget-container\">\n\t\t\t\t\t<div class=\"elementor-text-editor elementor-clearfix\"><p><strong>Stacja zamykaj\u0105ca<\/strong><\/p><p>Nape\u0142nione butelki s\u0105 nast\u0119pnie przenoszone do stacji zamykania za pomoc\u0105 ko\u0142a gwiazdowego. Butelki automatycznie przemieszczaj\u0105 si\u0119 do etapu zamykania, w kt\u00f3rym nakr\u0119tki s\u0105 uwalniane z sortownika na butelki. Butelki automatycznie przemieszczaj\u0105 si\u0119 do etapu zakr\u0119cania, w kt\u00f3rym nakr\u0119tki s\u0105 uwalniane z sortownika do butelek. Ca\u0142y system jest zamkni\u0119ty w zewn\u0119trznej obudowie ze stali nierdzewnej\/szk\u0142a. Po etapie zakr\u0119cania butelki s\u0105 automatycznie wyrzucane na przeno\u015bnik wy\u0142adowczy.<\/p><\/div>\n\t\t\t\t<\/div>\n\t\t\t\t<\/div>\n\t\t\t\t<div class=\"elementor-element elementor-element-3a5d51fa elementor-widget elementor-widget-heading\" data-id=\"3a5d51fa\" data-element_type=\"widget\" data-widget_type=\"heading.default\">\n\t\t\t\t<div class=\"elementor-widget-container\">\n\t\t\t<h3 class=\"elementor-heading-title elementor-size-default\">Kluczowe cechy<\/h3>\t\t<\/div>\n\t\t\t\t<\/div>\n\t\t\t\t<div class=\"elementor-element elementor-element-5a42868b elementor-widget elementor-widget-text-editor\" data-id=\"5a42868b\" data-element_type=\"widget\" data-widget_type=\"text-editor.default\">\n\t\t\t\t<div class=\"elementor-widget-container\">\n\t\t\t\t\t<div class=\"elementor-text-editor elementor-clearfix\"><p>- Zintegrowane p\u0142ukanie, nape\u0142nianie i zamykanie butelek w celu zaoszcz\u0119dzenia miejsca.<br \/>- Obejmuje przeno\u015bnik powietrzny butelek, 3 w 1 monoblokowe urz\u0105dzenie p\u0142ucz\u0105co-nape\u0142niaj\u0105co-zwijaj\u0105ce, przeno\u015bnik wy\u0142adowczy i podno\u015bnik nakr\u0119tek.<br \/>- Wszystkie cz\u0119\u015bci stykaj\u0105ce si\u0119 z butelk\u0105 i ciecz\u0105 s\u0105 wykonane ze stali nierdzewnej lub tworzywa sztucznego dopuszczonego do kontaktu z \u017cywno\u015bci\u0105.<br \/>- Wytrzyma\u0142a podstawa jest wsparta na czterech n\u00f3\u017ckach i wykonana ze stali nierdzewnej przymocowanej do rurowej ramy.<br \/>- Wszystkie podzespo\u0142y uk\u0142adu nap\u0119dowego znajduj\u0105ce si\u0119 wewn\u0105trz podstawy maszyny musz\u0105 by\u0107 chronione przed agresywnymi substancjami.<br \/>\u00a0 \u015brodowisko, wyd\u0142u\u017cona \u017cywotno\u015b\u0107, czysta i niezak\u0142\u00f3cona powierzchnia obudowy<br \/>- Butelki s\u0105 p\u0142ukane wewn\u0119trznie<br \/>- Precyzyjne i dok\u0142adne zawory do nape\u0142niania na gor\u0105co zapewniaj\u0105 r\u00f3wnomierne nape\u0142nianie wszystkich butelek na tym samym poziomie, brak butelki, brak nape\u0142niania<br \/>- Magnetyczna g\u0142owica zakr\u0119caj\u0105ca eliminuje nadmierne dokr\u0119canie zakr\u0119tek, brak butelki, brak zakr\u0119tki.<br \/>- Sterowanie PLC i przyjazny interfejs HMI z ekranem dotykowym.<br \/>- Regulowana pr\u0119dko\u015b\u0107 za pomoc\u0105 falownika.<br \/>- Szybka i \u0142atwa zmiana na r\u00f3\u017cne rozmiary butelek.<br \/>- Unikalny system zawieszenia szyjki butelki sprawia, \u017ce butelka porusza si\u0119 p\u0142ynnie.<br \/>- \u0141atwy w obs\u0142udze, czyszczeniu i konserwacji.<\/p><\/div>\n\t\t\t\t<\/div>\n\t\t\t\t<\/div>\n\t\t\t\t<div class=\"elementor-element elementor-element-297ca3fc elementor-widget elementor-widget-heading\" data-id=\"297ca3fc\" data-element_type=\"widget\" data-widget_type=\"heading.default\">\n\t\t\t\t<div class=\"elementor-widget-container\">\n\t\t\t<h3 class=\"elementor-heading-title elementor-size-default\">Specyfikacja techniczna<\/h3>\t\t<\/div>\n\t\t\t\t<\/div>\n\t\t\t\t<div class=\"elementor-element elementor-element-dbb5cdd elementor-widget elementor-widget-text-editor\" data-id=\"dbb5cdd\" data-element_type=\"widget\" data-widget_type=\"text-editor.default\">\n\t\t\t\t<div class=\"elementor-widget-container\">\n\t\t\t\t\t<div class=\"elementor-text-editor elementor-clearfix\"><table width=\"760\">\n<tbody>\n<tr>\n<td width=\"267\">Model<\/td>\n<td width=\"128\">RCGF14-12-5<\/td>\n<td width=\"121\">RCGF16-16-5<\/td>\n<td width=\"120\">RCGF24-24-6<\/td>\n<td width=\"124\">RCGF32-32-8<\/td>\n<\/tr>\n<tr>\n<td>Wydajno\u015b\u0107 wyj\u015bciowa<\/td>\n<td>400BPH<\/td>\n<td>5500BPH<\/td>\n<td>8000BPH<\/td>\n<td>10000BPH<\/td>\n<\/tr>\n<tr>\n<td>Liczba zawor\u00f3w p\u0142ucz\u0105cych<\/td>\n<td>14<\/td>\n<td>16<\/td>\n<td>24<\/td>\n<td>32<\/td>\n<\/tr>\n<tr>\n<td>Liczba g\u0142owic nape\u0142niaj\u0105cych<\/td>\n<td>12<\/td>\n<td>16<\/td>\n<td>24<\/td>\n<td>32<\/td>\n<\/tr>\n<tr>\n<td>Liczba g\u0142owic<\/td>\n<td>5<\/td>\n<td>5<\/td>\n<td>6<\/td>\n<td>8<\/td>\n<\/tr>\n<tr>\n<td>Odpowiednia \u015brednica butelki<\/td>\n<td colspan=\"4\">\u03a650 mm ~ \u03a690 mm<\/td>\n<\/tr>\n<tr>\n<td>Odpowiednia wysoko\u015b\u0107 butelki<\/td>\n<td colspan=\"4\">150 mm - 310 mm<\/td>\n<\/tr>\n<tr>\n<td>Odpowiednia \u015brednica nakr\u0119tki<\/td>\n<td colspan=\"4\">\u03a625 mm ~ \u03a635 mm<\/td>\n<\/tr>\n<tr>\n<td>Odpowiednia wysoko\u015b\u0107 nakr\u0119tki<\/td>\n<td colspan=\"4\">15 mm - 25 mm Nakr\u0119tka<\/td>\n<\/tr>\n<tr>\n<td>Napi\u0119cie zasilania&nbsp;<\/td>\n<td colspan=\"4\">220\/380V 50\/60HZ 3PH<\/td>\n<\/tr>\n<tr>\n<td>Silnik g\u0142\u00f3wny<\/td>\n<td>2,2 KW<\/td>\n<td>3,5 KW<\/td>\n<td>4,5 KW<\/td>\n<td>6KW<\/td>\n<\/tr>\n<tr>\n<td>Waga<\/td>\n<td>2500 kg<\/td>\n<td>3500 kg<\/td>\n<td>4500 kg<\/td>\n<td>6000 kg<\/td>\n<\/tr>\n<tr>\n<td>Wymiar (bez przeno\u015bnika)<\/td>\n<td>2,1 x 1,5 x 2,15 m<\/td>\n<td>2,3 x 1,7 x 2,4 m<\/td>\n<td>2,8 x 2,2 x 2,4 m<\/td>\n<td>2,9 x 2,2 x 2,5 m<\/td>\n<\/tr>\n<\/tbody>\n<\/table><\/div>\n\t\t\t\t<\/div>\n\t\t\t\t<\/div>\n\t\t\t\t<div class=\"elementor-element elementor-element-5517c635 elementor-widget elementor-widget-text-editor\" data-id=\"5517c635\" data-element_type=\"widget\" data-widget_type=\"text-editor.default\">\n\t\t\t\t<div class=\"elementor-widget-container\">\n\t\t\t\t\t<div class=\"elementor-text-editor elementor-clearfix\"><p>* Dane techniczne mog\u0105 ulec zmianie bez powiadomienia, wszelkie prawa zastrze\u017cone.<\/p><\/div>\n\t\t\t\t<\/div>\n\t\t\t\t<\/div>\n\t\t\t\t\t\t<\/div>\n\t\t\t<\/div>\n\t\t<\/div>\n\t\t\t\t<div class=\"elementor-element elementor-element-5a29ed4d elementor-column elementor-col-50 elementor-top-column\" data-id=\"5a29ed4d\" data-element_type=\"column\">\n\t\t\t<div class=\"elementor-column-wrap  elementor-element-populated\">\n\t\t\t\t\t<div class=\"elementor-widget-wrap\">\n\t\t\t\t<div class=\"elementor-element elementor-element-70829473 elementor-widget elementor-widget-spacer\" data-id=\"70829473\" data-element_type=\"widget\" data-widget_type=\"spacer.default\">\n\t\t\t\t<div class=\"elementor-widget-container\">\n\t\t\t\t\t<div class=\"elementor-spacer\">\n\t\t\t<div class=\"elementor-spacer-inner\"><\/div>\n\t\t<\/div>\n\t\t\t\t<\/div>\n\t\t\t\t<\/div>\n\t\t\t\t<div class=\"elementor-element elementor-element-5f9c2b44 elementor-widget elementor-widget-image\" data-id=\"5f9c2b44\" data-element_type=\"widget\" data-widget_type=\"image.default\">\n\t\t\t\t<div class=\"elementor-widget-container\">\n\t\t\t\t\t<div class=\"elementor-image\">\n\t\t\t\t\t\t\t\t\t\t<img loading=\"lazy\" decoding=\"async\" width=\"296\" height=\"200\" src=\"https:\/\/focusonpack.com\/wp-content\/uploads\/2023\/07\/monoblock-334.jpg\" class=\"elementor-animation-grow attachment-full size-full\" alt=\"\" \/>\t\t\t\t\t\t\t\t\t\t\t<\/div>\n\t\t\t\t<\/div>\n\t\t\t\t<\/div>\n\t\t\t\t<div class=\"elementor-element elementor-element-1db8b90f elementor-button-info elementor-align-center elementor-widget elementor-widget-button\" data-id=\"1db8b90f\" data-element_type=\"widget\" data-widget_type=\"button.default\">\n\t\t\t\t<div class=\"elementor-widget-container\">\n\t\t\t\t\t<div class=\"elementor-button-wrapper\">\n\t\t\t<a href=\"https:\/\/focusonpack.com\/pl\/skontaktuj-sie-z-nami\/\" class=\"elementor-button-link elementor-button elementor-size-sm\" role=\"button\">\n\t\t\t\t\t\t<span class=\"elementor-button-content-wrapper\">\n\t\t\t\t\t\t<span class=\"elementor-button-text\">Zapytanie ofertowe<\/span>\n\t\t<\/span>\n\t\t\t\t\t<\/a>\n\t\t<\/div>\n\t\t\t\t<\/div>\n\t\t\t\t<\/div>\n\t\t\t\t\t\t<\/div>\n\t\t\t<\/div>\n\t\t<\/div>\n\t\t\t\t\t\t<\/div>\n\t\t\t<\/div>\n\t\t<\/section>\n\t\t\t\t\t\t<\/div>\n\t\t\t<\/div>\n\t\t<\/div>","protected":false},"excerpt":{"rendered":"<p>3 in 1 Juice Beverage Tea Fill&hellip;<\/p>","protected":false},"author":1,"featured_media":0,"parent":2498,"menu_order":0,"comment_status":"closed","ping_status":"closed","template":"elementor_header_footer","meta":{"footnotes":""},"class_list":["post-2959","page","type-page","status-publish","hentry","no-thumb"],"yoast_head":"<!-- This site is optimized with the Yoast SEO plugin v24.8.1 - https:\/\/yoast.com\/wordpress\/plugins\/seo\/ -->\n<title>3 in 1 Juice Beverage Tea Filling Machine - Focus on pack<\/title>\n<meta name=\"robots\" content=\"index, follow, max-snippet:-1, max-image-preview:large, max-video-preview:-1\" \/>\n<link rel=\"canonical\" href=\"https:\/\/focusonpack.com\/pl\/maszyna-do-napelniania-herbaty-sokiem\/maszyna-do-napelniania-herbata-3-w-1\/\" \/>\n<meta property=\"og:locale\" content=\"pl_PL\" \/>\n<meta property=\"og:type\" content=\"article\" \/>\n<meta property=\"og:title\" content=\"3 in 1 Juice Beverage Tea Filling Machine - Focus on pack\" \/>\n<meta property=\"og:description\" content=\"3 in 1 Juice Beverage Tea Fill&hellip;\" \/>\n<meta property=\"og:url\" content=\"https:\/\/focusonpack.com\/pl\/maszyna-do-napelniania-herbaty-sokiem\/maszyna-do-napelniania-herbata-3-w-1\/\" \/>\n<meta property=\"og:site_name\" content=\"Focus on pack\" \/>\n<meta property=\"article:modified_time\" content=\"2025-03-27T07:45:15+00:00\" \/>\n<meta property=\"og:image\" content=\"https:\/\/focusonpack.com\/wp-content\/uploads\/2023\/07\/monoblock-334.jpg\" \/>\n<meta name=\"twitter:card\" content=\"summary_large_image\" \/>\n<meta name=\"twitter:label1\" content=\"Szacowany czas czytania\" \/>\n\t<meta name=\"twitter:data1\" content=\"4 minuty\" \/>\n<script type=\"application\/ld+json\" class=\"yoast-schema-graph\">{\"@context\":\"https:\/\/schema.org\",\"@graph\":[{\"@type\":\"WebPage\",\"@id\":\"https:\/\/focusonpack.com\/juice-beverage-tea-filling-machine\/3-in-1-juice-beverage-tea-filling-machine\/\",\"url\":\"https:\/\/focusonpack.com\/juice-beverage-tea-filling-machine\/3-in-1-juice-beverage-tea-filling-machine\/\",\"name\":\"3 in 1 Juice Beverage Tea Filling Machine - Focus on pack\",\"isPartOf\":{\"@id\":\"https:\/\/focusonpack.com\/#website\"},\"primaryImageOfPage\":{\"@id\":\"https:\/\/focusonpack.com\/juice-beverage-tea-filling-machine\/3-in-1-juice-beverage-tea-filling-machine\/#primaryimage\"},\"image\":{\"@id\":\"https:\/\/focusonpack.com\/juice-beverage-tea-filling-machine\/3-in-1-juice-beverage-tea-filling-machine\/#primaryimage\"},\"thumbnailUrl\":\"https:\/\/focusonpack.com\/wp-content\/uploads\/2023\/07\/monoblock-334.jpg\",\"datePublished\":\"2020-05-11T02:36:56+00:00\",\"dateModified\":\"2025-03-27T07:45:15+00:00\",\"breadcrumb\":{\"@id\":\"https:\/\/focusonpack.com\/juice-beverage-tea-filling-machine\/3-in-1-juice-beverage-tea-filling-machine\/#breadcrumb\"},\"inLanguage\":\"pl-PL\",\"potentialAction\":[{\"@type\":\"ReadAction\",\"target\":[\"https:\/\/focusonpack.com\/juice-beverage-tea-filling-machine\/3-in-1-juice-beverage-tea-filling-machine\/\"]}]},{\"@type\":\"ImageObject\",\"inLanguage\":\"pl-PL\",\"@id\":\"https:\/\/focusonpack.com\/juice-beverage-tea-filling-machine\/3-in-1-juice-beverage-tea-filling-machine\/#primaryimage\",\"url\":\"https:\/\/focusonpack.com\/wp-content\/uploads\/2023\/07\/monoblock-334.jpg\",\"contentUrl\":\"https:\/\/focusonpack.com\/wp-content\/uploads\/2023\/07\/monoblock-334.jpg\"},{\"@type\":\"BreadcrumbList\",\"@id\":\"https:\/\/focusonpack.com\/juice-beverage-tea-filling-machine\/3-in-1-juice-beverage-tea-filling-machine\/#breadcrumb\",\"itemListElement\":[{\"@type\":\"ListItem\",\"position\":1,\"name\":\"\u9996\u9875\",\"item\":\"https:\/\/focusonpack.com\/\"},{\"@type\":\"ListItem\",\"position\":2,\"name\":\"Juice Beverage Tea Filling Machine\",\"item\":\"https:\/\/focusonpack.com\/juice-beverage-tea-filling-machine\/\"},{\"@type\":\"ListItem\",\"position\":3,\"name\":\"3 in 1 Juice Beverage Tea Filling Machine\"}]},{\"@type\":\"WebSite\",\"@id\":\"https:\/\/focusonpack.com\/#website\",\"url\":\"https:\/\/focusonpack.com\/\",\"name\":\"Focus on pack\",\"description\":\"water processing line,package machine, filling machine\",\"potentialAction\":[{\"@type\":\"SearchAction\",\"target\":{\"@type\":\"EntryPoint\",\"urlTemplate\":\"https:\/\/focusonpack.com\/?s={search_term_string}\"},\"query-input\":{\"@type\":\"PropertyValueSpecification\",\"valueRequired\":true,\"valueName\":\"search_term_string\"}}],\"inLanguage\":\"pl-PL\"}]}<\/script>\n<!-- \/ Yoast SEO plugin. -->","yoast_head_json":{"title":"3 in 1 Juice Beverage Tea Filling Machine - Focus on pack","robots":{"index":"index","follow":"follow","max-snippet":"max-snippet:-1","max-image-preview":"max-image-preview:large","max-video-preview":"max-video-preview:-1"},"canonical":"https:\/\/focusonpack.com\/pl\/maszyna-do-napelniania-herbaty-sokiem\/maszyna-do-napelniania-herbata-3-w-1\/","og_locale":"pl_PL","og_type":"article","og_title":"3 in 1 Juice Beverage Tea Filling Machine - Focus on pack","og_description":"3 in 1 Juice Beverage Tea Fill&hellip;","og_url":"https:\/\/focusonpack.com\/pl\/maszyna-do-napelniania-herbaty-sokiem\/maszyna-do-napelniania-herbata-3-w-1\/","og_site_name":"Focus on pack","article_modified_time":"2025-03-27T07:45:15+00:00","og_image":[{"url":"https:\/\/focusonpack.com\/wp-content\/uploads\/2023\/07\/monoblock-334.jpg","type":"","width":"","height":""}],"twitter_card":"summary_large_image","twitter_misc":{"Szacowany czas czytania":"4 minuty"},"schema":{"@context":"https:\/\/schema.org","@graph":[{"@type":"WebPage","@id":"https:\/\/focusonpack.com\/juice-beverage-tea-filling-machine\/3-in-1-juice-beverage-tea-filling-machine\/","url":"https:\/\/focusonpack.com\/juice-beverage-tea-filling-machine\/3-in-1-juice-beverage-tea-filling-machine\/","name":"3 in 1 Juice Beverage Tea Filling Machine - Focus on pack","isPartOf":{"@id":"https:\/\/focusonpack.com\/#website"},"primaryImageOfPage":{"@id":"https:\/\/focusonpack.com\/juice-beverage-tea-filling-machine\/3-in-1-juice-beverage-tea-filling-machine\/#primaryimage"},"image":{"@id":"https:\/\/focusonpack.com\/juice-beverage-tea-filling-machine\/3-in-1-juice-beverage-tea-filling-machine\/#primaryimage"},"thumbnailUrl":"https:\/\/focusonpack.com\/wp-content\/uploads\/2023\/07\/monoblock-334.jpg","datePublished":"2020-05-11T02:36:56+00:00","dateModified":"2025-03-27T07:45:15+00:00","breadcrumb":{"@id":"https:\/\/focusonpack.com\/juice-beverage-tea-filling-machine\/3-in-1-juice-beverage-tea-filling-machine\/#breadcrumb"},"inLanguage":"pl-PL","potentialAction":[{"@type":"ReadAction","target":["https:\/\/focusonpack.com\/juice-beverage-tea-filling-machine\/3-in-1-juice-beverage-tea-filling-machine\/"]}]},{"@type":"ImageObject","inLanguage":"pl-PL","@id":"https:\/\/focusonpack.com\/juice-beverage-tea-filling-machine\/3-in-1-juice-beverage-tea-filling-machine\/#primaryimage","url":"https:\/\/focusonpack.com\/wp-content\/uploads\/2023\/07\/monoblock-334.jpg","contentUrl":"https:\/\/focusonpack.com\/wp-content\/uploads\/2023\/07\/monoblock-334.jpg"},{"@type":"BreadcrumbList","@id":"https:\/\/focusonpack.com\/juice-beverage-tea-filling-machine\/3-in-1-juice-beverage-tea-filling-machine\/#breadcrumb","itemListElement":[{"@type":"ListItem","position":1,"name":"\u9996\u9875","item":"https:\/\/focusonpack.com\/"},{"@type":"ListItem","position":2,"name":"Juice Beverage Tea Filling Machine","item":"https:\/\/focusonpack.com\/juice-beverage-tea-filling-machine\/"},{"@type":"ListItem","position":3,"name":"3 in 1 Juice Beverage Tea Filling Machine"}]},{"@type":"WebSite","@id":"https:\/\/focusonpack.com\/#website","url":"https:\/\/focusonpack.com\/","name":"Focus on pack","description":"water processing line,package machine, filling machine","potentialAction":[{"@type":"SearchAction","target":{"@type":"EntryPoint","urlTemplate":"https:\/\/focusonpack.com\/?s={search_term_string}"},"query-input":{"@type":"PropertyValueSpecification","valueRequired":true,"valueName":"search_term_string"}}],"inLanguage":"pl-PL"}]}},"_links":{"self":[{"href":"https:\/\/focusonpack.com\/pl\/wp-json\/wp\/v2\/pages\/2959","targetHints":{"allow":["GET"]}}],"collection":[{"href":"https:\/\/focusonpack.com\/pl\/wp-json\/wp\/v2\/pages"}],"about":[{"href":"https:\/\/focusonpack.com\/pl\/wp-json\/wp\/v2\/types\/page"}],"author":[{"embeddable":true,"href":"https:\/\/focusonpack.com\/pl\/wp-json\/wp\/v2\/users\/1"}],"replies":[{"embeddable":true,"href":"https:\/\/focusonpack.com\/pl\/wp-json\/wp\/v2\/comments?post=2959"}],"version-history":[{"count":21,"href":"https:\/\/focusonpack.com\/pl\/wp-json\/wp\/v2\/pages\/2959\/revisions"}],"predecessor-version":[{"id":4593,"href":"https:\/\/focusonpack.com\/pl\/wp-json\/wp\/v2\/pages\/2959\/revisions\/4593"}],"up":[{"embeddable":true,"href":"https:\/\/focusonpack.com\/pl\/wp-json\/wp\/v2\/pages\/2498"}],"wp:attachment":[{"href":"https:\/\/focusonpack.com\/pl\/wp-json\/wp\/v2\/media?parent=2959"}],"curies":[{"name":"wp","href":"https:\/\/api.w.org\/{rel}","templated":true}]}}