{"id":2960,"date":"2020-05-11T10:37:02","date_gmt":"2020-05-11T02:37:02","guid":{"rendered":"https:\/\/focusonpack.com\/?page_id=2960"},"modified":"2025-03-27T15:36:44","modified_gmt":"2025-03-27T07:36:44","slug":"carbonated-soft-drink-water-beverage-pet-bottling-machine","status":"publish","type":"page","link":"https:\/\/focusonpack.com\/pl\/maszyna-do-napelniania-napojow-gazowanych\/gazowany-napoj-bezalkoholowy-woda-napoj-maszyna-do-butelkowania-zwierzat-domowych\/","title":{"rendered":"Maszyna do butelkowania napoj\u00f3w gazowanych\/wody\/napoj\u00f3w PET"},"content":{"rendered":"<div data-elementor-type=\"wp-page\" data-elementor-id=\"2960\" class=\"elementor elementor-2960\" data-elementor-settings=\"[]\">\n\t\t\t<div class=\"elementor-inner\">\n\t\t\t\t<div class=\"elementor-section-wrap\">\n\t\t\t\t\t\t\t<section class=\"elementor-element elementor-element-9c0d60b elementor-section-boxed elementor-section-height-default elementor-section-height-default elementor-section elementor-top-section\" data-id=\"9c0d60b\" data-element_type=\"section\">\n\t\t\t\t\t\t<div class=\"elementor-container elementor-column-gap-default\">\n\t\t\t\t<div class=\"elementor-row\">\n\t\t\t\t<div class=\"elementor-element elementor-element-25034a59 elementor-column elementor-col-50 elementor-top-column\" data-id=\"25034a59\" data-element_type=\"column\">\n\t\t\t<div class=\"elementor-column-wrap  elementor-element-populated\">\n\t\t\t\t\t<div class=\"elementor-widget-wrap\">\n\t\t\t\t<div class=\"elementor-element elementor-element-3217455f elementor-widget elementor-widget-heading\" data-id=\"3217455f\" data-element_type=\"widget\" data-widget_type=\"heading.default\">\n\t\t\t\t<div class=\"elementor-widget-container\">\n\t\t\t<h3 class=\"elementor-heading-title elementor-size-default\">Maszyna do butelkowania napoj\u00f3w gazowanych\/wody\/napoj\u00f3w PET<\/h3>\t\t<\/div>\n\t\t\t\t<\/div>\n\t\t\t\t<div class=\"elementor-element elementor-element-462673bb elementor-widget elementor-widget-heading\" data-id=\"462673bb\" data-element_type=\"widget\" data-widget_type=\"heading.default\">\n\t\t\t\t<div class=\"elementor-widget-container\">\n\t\t\t<h3 class=\"elementor-heading-title elementor-size-default\">Maszyna do nape\u0142niania butelek PET napojami gazowanymi \/ wod\u0105 \/ napojami<\/h3>\t\t<\/div>\n\t\t\t\t<\/div>\n\t\t\t\t<div class=\"elementor-element elementor-element-425fbe75 elementor-widget elementor-widget-text-editor\" data-id=\"425fbe75\" data-element_type=\"widget\" data-widget_type=\"text-editor.default\">\n\t\t\t\t<div class=\"elementor-widget-container\">\n\t\t\t\t\t<div class=\"elementor-text-editor elementor-clearfix\"><p>Maszyna do nape\u0142niania napoj\u00f3w gazowanych \/ wody \/ napoj\u00f3w jest specjalnie zaprojektowana do produkcji na ma\u0142\u0105 i \u015bredni\u0105 skal\u0119 zar\u00f3wno niegazowanych, jak i gazowanych napoj\u00f3w bezalkoholowych, takich jak coca-cola, woda sodowa itp. napoj\u00f3w, takich jak coca cola, spirytus, woda sodowa itp. w butelkach PET o pojemno\u015bci od 0,2 do 2 litr\u00f3w, integruj\u0105c podnoszenie, nape\u0142nianie i zamykanie w jednym. Cechy obejmuj\u0105 solidn\u0105 podstaw\u0119 wspart\u0105 na regulowanych n\u00f3\u017ckach i wykonan\u0105 z poszycia ze stali nierdzewnej przymocowanego do ramy rurowej. cz\u0119\u015bci cieczy s\u0105 wykonane ze stali nierdzewnej i tworzyw sztucznych o jako\u015bci spo\u017cywczej, unikalny system zawieszenia szyjki butelki sprawia, \u017ce butelka porusza si\u0119 p\u0142ynnie i minimalizuje czas przestoju z jednego do innego rozmiaru, wyposa\u017cone w najnowsze dysze do nape\u0142niania przeciwci\u015bnieniowego do precyzyjnego nape\u0142niania, system zamykania typu pick and place, krytyczne komponenty elektroniczne i sterowniki PLC s\u0105 produkowane przez Ministerstwo Handlu. Krytyczne komponenty elektroniczne i sterowniki PLC s\u0105 produkowane przez Siemens, Mitsubishi i Omron itp. Wszystkie informacje o produkcji i sterowanie automatyk\u0105 s\u0105 wy\u015bwietlane cyfrowo.<\/p><\/div>\n\t\t\t\t<\/div>\n\t\t\t\t<\/div>\n\t\t\t\t<div class=\"elementor-element elementor-element-5cbc178c elementor-widget elementor-widget-text-editor\" data-id=\"5cbc178c\" data-element_type=\"widget\" data-widget_type=\"text-editor.default\">\n\t\t\t\t<div class=\"elementor-widget-container\">\n\t\t\t\t\t<div class=\"elementor-text-editor elementor-clearfix\"><p>Maszyna do nape\u0142niania butelek PET napojami gazowanymi dzia\u0142a na prostej zasadzie. Przeno\u015bnik powietrzny przenosi butelki do gwiazdy podaj\u0105cej maszyny, kt\u00f3ra oddziela butelki i przenosi je na \u015brodek chwytak\u00f3w. Przeno\u015bnik powietrzny przenosi butelki do gwiazdy podaj\u0105cej maszyny, kt\u00f3ra oddziela butelki i przenosi je na \u015brodek chwytak\u00f3w. Nast\u0119pnie chwytaki chwytaj\u0105 szyjk\u0119 butelki za pomoc\u0105 dw\u00f3ch twardych gumowych podk\u0142adek. Chwytaki nast\u0119pnie chwytaj\u0105 szyjk\u0119 butelki za pomoc\u0105 dw\u00f3ch podk\u0142adek z twardej gumy. Po uchwyceniu butelki jest ona odwracana do g\u00f3ry nogami za pomoc\u0105 krzywki. Wyj\u015bciowe ko\u0142o gwiazdowe, kt\u00f3re jest zsynchronizowane z chwytakami, pobiera butelki i przekazuje je do nape\u0142niacza. Wyj\u015bciowe ko\u0142o gwiazdowe, kt\u00f3re jest zsynchronizowane z chwytakami, pobiera butelki i przekazuje je do nape\u0142niacza. Jednocze\u015bnie otwierany jest drugi zaw\u00f3r odpowietrzaj\u0105cy (upustowy) w celu wyparcia uprzednio natlenionego powietrza z pojemnika. Gdy ostatecznie ca\u0142y tlen zostanie zast\u0105piony przez CO2, otwierany jest zaw\u00f3r odpowietrzaj\u0105cy w celu wyparcia uprzednio natlenionego powietrza z pojemnika. Gdy w ko\u0144cu ca\u0142y tlen zostanie zast\u0105piony przez CO2, odpowietrznik zostaje zamkni\u0119ty i otwiera si\u0119 kolejny zaw\u00f3r, aby umo\u017cliwi\u0107 przep\u0142yw produktu do pojemnika po \u015bciance butelki. Po zako\u0144czeniu nape\u0142niania Po zako\u0144czeniu nape\u0142niania otwierany jest odpowietrznik, aby umo\u017cliwi\u0107 wyp\u0142yni\u0119cie nadmiaru produktu, co definiuje klasyczny poziom nape\u0142nienia ciecz\u0105, kt\u00f3ry mo\u017cna zaobserwowa\u0107 we wszystkich napojach gazowanych. Po zako\u0144czeniu nape\u0142niania otwierany jest odpowietrznik, aby umo\u017cliwi\u0107 wydostanie si\u0119 nadmiaru produktu, co definiuje klasyczny poziom nape\u0142nienia ciecz\u0105, kt\u00f3ry mo\u017cna zobaczy\u0107 we wszystkich napojach gazowanych. Wreszcie nape\u0142niony pojemnik jest gotowy do uszczelnienia, a im szybciej, tym lepiej. Butelkowane napoje gazowane mog\u0105 trafia\u0107 bezpo\u015brednio do stacji zamykania bez wi\u0119kszych obaw, poniewa\u017c piana spowodowana ulatniaj\u0105cym si\u0119 CO2 zapobiega przedostawaniu si\u0119 tlenu atmosferycznego do produktu. Butelki s\u0105 automatycznie przenoszone do etapu zakr\u0119cania, gdzie zakr\u0119tki s\u0105 uwalniane z sortownika na butelki. Zakr\u0119tki s\u0105 automatycznie zamykane za pomoc\u0105 specjalnych r\u0105czek. Ca\u0142y system jest zamkni\u0119ty w zewn\u0119trznej obudowie ze stali nierdzewnej\/szk\u0142a. Po etapie zakr\u0119cania butelki s\u0105 automatycznie wyrzucane na przeno\u015bnik wyj\u015bciowy. Ca\u0142y sprz\u0119t jest elegancki i jest w stanie butelkowa\u0107 r\u00f3\u017cne rozmiary butelek PET od 200 ml do 2 litr\u00f3w.<\/p><\/div>\n\t\t\t\t<\/div>\n\t\t\t\t<\/div>\n\t\t\t\t<div class=\"elementor-element elementor-element-267af8f8 elementor-widget elementor-widget-heading\" data-id=\"267af8f8\" data-element_type=\"widget\" data-widget_type=\"heading.default\">\n\t\t\t\t<div class=\"elementor-widget-container\">\n\t\t\t<h3 class=\"elementor-heading-title elementor-size-default\">Kluczowe cechy<\/h3>\t\t<\/div>\n\t\t\t\t<\/div>\n\t\t\t\t<div class=\"elementor-element elementor-element-414dccc5 elementor-widget elementor-widget-text-editor\" data-id=\"414dccc5\" data-element_type=\"widget\" data-widget_type=\"text-editor.default\">\n\t\t\t\t<div class=\"elementor-widget-container\">\n\t\t\t\t\t<div class=\"elementor-text-editor elementor-clearfix\"><p>- Integracja p\u0142ukania, nape\u0142niania i zamykania butelek w jednym urz\u0105dzeniu<br \/>- Obejmuje przeno\u015bnik powietrzny podaj\u0105cy butelki, tri-bloc Rinser-Filler-Capper oraz przeno\u015bnik wyj\u015bciowy i podno\u015bnik nakr\u0119tek.<br \/>- Wszystkie cz\u0119\u015bci stykaj\u0105ce si\u0119 z butelk\u0105 i ciecz\u0105 s\u0105 wykonane ze stali nierdzewnej lub tworzywa sztucznego dopuszczonego do kontaktu z \u017cywno\u015bci\u0105.<br \/>- \u015aruba rozrz\u0105du posuwu, gwiazdowe ko\u0142o indeksuj\u0105ce i prowadnica s\u0105 wykonane z redukuj\u0105cego ha\u0142as i odpornego na zu\u017cycie tworzywa sztucznego.<br \/>- Wytrzyma\u0142a podstawa wsparta jest na czterech n\u00f3\u017ckach i wykonana jest z poszycia ze stali nierdzewnej przymocowanego do<br \/>\u00a0 \u00a0 rama rurowa<br \/>- Wszystkie elementy uk\u0142adu nap\u0119dowego znajduj\u0105ce si\u0119 wewn\u0105trz podstawy maszyny musz\u0105 by\u0107 chronione przed agresywnym \u015brodowiskiem, wyd\u0142u\u017con\u0105 \u017cywotno\u015bci\u0105, czyst\u0105 i niezak\u0142\u00f3con\u0105 powierzchni\u0105 obudowy. niezak\u0142\u00f3cona powierzchnia obudowy<br \/>- Butelki s\u0105 p\u0142ukane wewn\u0119trznie i zewn\u0119trznie, Brak butelki, Brak p\u0142ukania<br \/>- Precyzyjne i dok\u0142adne przeciwci\u015bnieniowe zawory nape\u0142niaj\u0105ce zapewniaj\u0105 r\u00f3wnomierne nape\u0142nianie wszystkich butelek na tym samym poziomie,<br \/>\u00a0 \u00a0Bez butelki, bez nape\u0142niania<br \/>- Magnetyczna g\u0142owica zakr\u0119caj\u0105ca eliminuje nadmierne dokr\u0119canie zakr\u0119tek, brak butelki, brak zakr\u0119tki<br \/>- Sterowanie PLC i przyjazny interfejs HMI z ekranem dotykowym<br \/>- Regulowana pr\u0119dko\u015b\u0107 za pomoc\u0105 falownika<br \/>- Szybka i \u0142atwa zmiana na r\u00f3\u017cne rozmiary butelek<br \/>- Unikalny system zawieszenia szyjki butelki sprawia, \u017ce butelka porusza si\u0119 p\u0142ynnie<br \/>- \u0141atwy w obs\u0142udze, czyszczeniu i konserwacji<\/p><\/div>\n\t\t\t\t<\/div>\n\t\t\t\t<\/div>\n\t\t\t\t<div class=\"elementor-element elementor-element-499b37bd elementor-widget elementor-widget-heading\" data-id=\"499b37bd\" data-element_type=\"widget\" data-widget_type=\"heading.default\">\n\t\t\t\t<div class=\"elementor-widget-container\">\n\t\t\t<h3 class=\"elementor-heading-title elementor-size-default\">Akcesoria<\/h3>\t\t<\/div>\n\t\t\t\t<\/div>\n\t\t\t\t<div class=\"elementor-element elementor-element-4c5908d4 elementor-widget elementor-widget-text-editor\" data-id=\"4c5908d4\" data-element_type=\"widget\" data-widget_type=\"text-editor.default\">\n\t\t\t\t<div class=\"elementor-widget-container\">\n\t\t\t\t\t<div class=\"elementor-text-editor elementor-clearfix\"><p>- Przeno\u015bnik powietrza podaj\u0105cego z dmuchaw\u0105<br \/>- Przeno\u015bnik wyj\u015bciowy z \u0142a\u0144cuchem listwowym na blacie<br \/>- Automatyczny podno\u015bnik\/podajnik nasadek<\/p><\/div>\n\t\t\t\t<\/div>\n\t\t\t\t<\/div>\n\t\t\t\t<div class=\"elementor-element elementor-element-6cf73845 elementor-widget elementor-widget-heading\" data-id=\"6cf73845\" data-element_type=\"widget\" data-widget_type=\"heading.default\">\n\t\t\t\t<div class=\"elementor-widget-container\">\n\t\t\t<h3 class=\"elementor-heading-title elementor-size-default\">Specyfikacja techniczna<\/h3>\t\t<\/div>\n\t\t\t\t<\/div>\n\t\t\t\t<div class=\"elementor-element elementor-element-30db3965 elementor-widget elementor-widget-text-editor\" data-id=\"30db3965\" data-element_type=\"widget\" data-widget_type=\"text-editor.default\">\n\t\t\t\t<div class=\"elementor-widget-container\">\n\t\t\t\t\t<div class=\"elementor-text-editor elementor-clearfix\"><table width=\"760\">\n<tbody>\n<tr>\n<td width=\"267\">Model<\/td>\n<td width=\"128\">DCGF14-12-5<\/td>\n<td width=\"121\">DCGF18-18-6<\/td>\n<td width=\"120\">DCGF24-24-8<\/td>\n<td width=\"124\">DCGF32-32-10<\/td>\n<\/tr>\n<tr>\n<td>Wydajno\u015b\u0107 wyj\u015bciowa<\/td>\n<td>300BPH<\/td>\n<td>5000BPH<\/td>\n<td>7000BPH<\/td>\n<td>10000BPH<\/td>\n<\/tr>\n<tr>\n<td>Liczba zawor\u00f3w p\u0142ucz\u0105cych<\/td>\n<td>14<\/td>\n<td>18<\/td>\n<td>24<\/td>\n<td>32<\/td>\n<\/tr>\n<tr>\n<td>Liczba g\u0142owic nape\u0142niaj\u0105cych<\/td>\n<td>12<\/td>\n<td>18<\/td>\n<td>24<\/td>\n<td>32<\/td>\n<\/tr>\n<tr>\n<td>Liczba g\u0142owic<\/td>\n<td>5<\/td>\n<td>6<\/td>\n<td>8<\/td>\n<td>10<\/td>\n<\/tr>\n<tr>\n<td>Odpowiednia \u015brednica butelki<\/td>\n<td colspan=\"4\">\u03a650 mm ~ \u03a690 mm<\/td>\n<\/tr>\n<tr>\n<td>Odpowiednia wysoko\u015b\u0107 butelki<\/td>\n<td colspan=\"4\">150 mm - 310 mm<\/td>\n<\/tr>\n<tr>\n<td>Odpowiednia \u015brednica nakr\u0119tki<\/td>\n<td colspan=\"4\">\u03a625 mm ~ \u03a635 mm<\/td>\n<\/tr>\n<tr>\n<td>Odpowiednia wysoko\u015b\u0107 nakr\u0119tki<\/td>\n<td colspan=\"4\">15 mm - 25 mm Nakr\u0119tka<\/td>\n<\/tr>\n<tr>\n<td>Napi\u0119cie zasilania&nbsp;<\/td>\n<td colspan=\"4\">220\/380V 50\/60HZ 3PH<\/td>\n<\/tr>\n<tr>\n<td>Silnik g\u0142\u00f3wny<\/td>\n<td>2,2 KW<\/td>\n<td>3,5 KW<\/td>\n<td>4,5 KW<\/td>\n<td>6KW<\/td>\n<\/tr>\n<tr>\n<td>Waga<\/td>\n<td>2500 kg<\/td>\n<td>3500 kg<\/td>\n<td>4500 kg<\/td>\n<td>6000 kg<\/td>\n<\/tr>\n<tr>\n<td>Wymiar (bez przeno\u015bnika)<\/td>\n<td>2,1 x 1,5 x 2,15 m<\/td>\n<td>2,3 x 1,7 x 2,4 m<\/td>\n<td>2,8 x 2,2 x 2,4 m<\/td>\n<td>2,9 x 2,2 x 2,5 m<\/td>\n<\/tr>\n<\/tbody>\n<\/table><\/div>\n\t\t\t\t<\/div>\n\t\t\t\t<\/div>\n\t\t\t\t<div class=\"elementor-element elementor-element-56a196dd elementor-widget elementor-widget-text-editor\" data-id=\"56a196dd\" data-element_type=\"widget\" data-widget_type=\"text-editor.default\">\n\t\t\t\t<div class=\"elementor-widget-container\">\n\t\t\t\t\t<div class=\"elementor-text-editor elementor-clearfix\"><p>* Dane techniczne mog\u0105 ulec zmianie bez powiadomienia, wszelkie prawa zastrze\u017cone.<\/p><\/div>\n\t\t\t\t<\/div>\n\t\t\t\t<\/div>\n\t\t\t\t\t\t<\/div>\n\t\t\t<\/div>\n\t\t<\/div>\n\t\t\t\t<div class=\"elementor-element elementor-element-7df6942d elementor-column elementor-col-50 elementor-top-column\" data-id=\"7df6942d\" data-element_type=\"column\">\n\t\t\t<div class=\"elementor-column-wrap  elementor-element-populated\">\n\t\t\t\t\t<div class=\"elementor-widget-wrap\">\n\t\t\t\t<div class=\"elementor-element elementor-element-771fb8bf elementor-widget elementor-widget-spacer\" data-id=\"771fb8bf\" data-element_type=\"widget\" data-widget_type=\"spacer.default\">\n\t\t\t\t<div class=\"elementor-widget-container\">\n\t\t\t\t\t<div class=\"elementor-spacer\">\n\t\t\t<div class=\"elementor-spacer-inner\"><\/div>\n\t\t<\/div>\n\t\t\t\t<\/div>\n\t\t\t\t<\/div>\n\t\t\t\t<div class=\"elementor-element elementor-element-5564bd67 elementor-widget elementor-widget-image\" data-id=\"5564bd67\" data-element_type=\"widget\" data-widget_type=\"image.default\">\n\t\t\t\t<div class=\"elementor-widget-container\">\n\t\t\t\t\t<div class=\"elementor-image\">\n\t\t\t\t\t\t\t\t\t\t<img loading=\"lazy\" decoding=\"async\" width=\"310\" height=\"209\" src=\"https:\/\/focusonpack.com\/wp-content\/uploads\/2023\/07\/monoblock-2-2.jpg\" class=\"elementor-animation-grow attachment-full size-full\" alt=\"\" srcset=\"https:\/\/focusonpack.com\/wp-content\/uploads\/2023\/07\/monoblock-2-2.jpg 310w, https:\/\/focusonpack.com\/wp-content\/uploads\/2023\/07\/monoblock-2-2-300x202.jpg 300w\" sizes=\"auto, (max-width: 310px) 100vw, 310px\" \/>\t\t\t\t\t\t\t\t\t\t\t<\/div>\n\t\t\t\t<\/div>\n\t\t\t\t<\/div>\n\t\t\t\t<div class=\"elementor-element elementor-element-1cccde4 elementor-button-info elementor-align-center elementor-widget elementor-widget-button\" data-id=\"1cccde4\" data-element_type=\"widget\" data-widget_type=\"button.default\">\n\t\t\t\t<div class=\"elementor-widget-container\">\n\t\t\t\t\t<div class=\"elementor-button-wrapper\">\n\t\t\t<a href=\"https:\/\/focusonpack.com\/pl\/skontaktuj-sie-z-nami\/\" class=\"elementor-button-link elementor-button elementor-size-sm\" role=\"button\">\n\t\t\t\t\t\t<span class=\"elementor-button-content-wrapper\">\n\t\t\t\t\t\t<span class=\"elementor-button-text\">Zapytanie ofertowe<\/span>\n\t\t<\/span>\n\t\t\t\t\t<\/a>\n\t\t<\/div>\n\t\t\t\t<\/div>\n\t\t\t\t<\/div>\n\t\t\t\t\t\t<\/div>\n\t\t\t<\/div>\n\t\t<\/div>\n\t\t\t\t\t\t<\/div>\n\t\t\t<\/div>\n\t\t<\/section>\n\t\t\t\t\t\t<\/div>\n\t\t\t<\/div>\n\t\t<\/div>","protected":false},"excerpt":{"rendered":"<p>Carbonated Soft Drink\/Water\/Be&hellip;<\/p>","protected":false},"author":1,"featured_media":0,"parent":2499,"menu_order":0,"comment_status":"closed","ping_status":"closed","template":"elementor_header_footer","meta":{"footnotes":""},"class_list":["post-2960","page","type-page","status-publish","hentry","no-thumb"],"yoast_head":"<!-- This site is optimized with the Yoast SEO plugin v24.8.1 - https:\/\/yoast.com\/wordpress\/plugins\/seo\/ -->\n<title>Carbonated Soft Drink\/Water\/Beverage PET Bottling Machine - Focus on pack<\/title>\n<meta name=\"robots\" content=\"index, follow, max-snippet:-1, max-image-preview:large, max-video-preview:-1\" \/>\n<link rel=\"canonical\" href=\"https:\/\/focusonpack.com\/pl\/maszyna-do-napelniania-napojow-gazowanych\/gazowany-napoj-bezalkoholowy-woda-napoj-maszyna-do-butelkowania-zwierzat-domowych\/\" \/>\n<meta property=\"og:locale\" content=\"pl_PL\" \/>\n<meta property=\"og:type\" content=\"article\" \/>\n<meta property=\"og:title\" content=\"Carbonated Soft Drink\/Water\/Beverage PET Bottling Machine - Focus on pack\" \/>\n<meta property=\"og:description\" content=\"Carbonated Soft Drink\/Water\/Be&hellip;\" \/>\n<meta property=\"og:url\" content=\"https:\/\/focusonpack.com\/pl\/maszyna-do-napelniania-napojow-gazowanych\/gazowany-napoj-bezalkoholowy-woda-napoj-maszyna-do-butelkowania-zwierzat-domowych\/\" \/>\n<meta property=\"og:site_name\" content=\"Focus on pack\" \/>\n<meta property=\"article:modified_time\" content=\"2025-03-27T07:36:44+00:00\" \/>\n<meta property=\"og:image\" content=\"https:\/\/focusonpack.com\/wp-content\/uploads\/2023\/07\/monoblock-2-2.jpg\" \/>\n<meta name=\"twitter:card\" content=\"summary_large_image\" \/>\n<meta name=\"twitter:label1\" content=\"Szacowany czas czytania\" \/>\n\t<meta name=\"twitter:data1\" content=\"5 minut\" \/>\n<script type=\"application\/ld+json\" class=\"yoast-schema-graph\">{\"@context\":\"https:\/\/schema.org\",\"@graph\":[{\"@type\":\"WebPage\",\"@id\":\"https:\/\/focusonpack.com\/carbonated-soft-drink-filling-machine\/carbonated-soft-drink-water-beverage-pet-bottling-machine\/\",\"url\":\"https:\/\/focusonpack.com\/carbonated-soft-drink-filling-machine\/carbonated-soft-drink-water-beverage-pet-bottling-machine\/\",\"name\":\"Carbonated Soft Drink\/Water\/Beverage PET Bottling Machine - Focus on pack\",\"isPartOf\":{\"@id\":\"https:\/\/focusonpack.com\/#website\"},\"primaryImageOfPage\":{\"@id\":\"https:\/\/focusonpack.com\/carbonated-soft-drink-filling-machine\/carbonated-soft-drink-water-beverage-pet-bottling-machine\/#primaryimage\"},\"image\":{\"@id\":\"https:\/\/focusonpack.com\/carbonated-soft-drink-filling-machine\/carbonated-soft-drink-water-beverage-pet-bottling-machine\/#primaryimage\"},\"thumbnailUrl\":\"https:\/\/focusonpack.com\/wp-content\/uploads\/2023\/07\/monoblock-2-2.jpg\",\"datePublished\":\"2020-05-11T02:37:02+00:00\",\"dateModified\":\"2025-03-27T07:36:44+00:00\",\"breadcrumb\":{\"@id\":\"https:\/\/focusonpack.com\/carbonated-soft-drink-filling-machine\/carbonated-soft-drink-water-beverage-pet-bottling-machine\/#breadcrumb\"},\"inLanguage\":\"pl-PL\",\"potentialAction\":[{\"@type\":\"ReadAction\",\"target\":[\"https:\/\/focusonpack.com\/carbonated-soft-drink-filling-machine\/carbonated-soft-drink-water-beverage-pet-bottling-machine\/\"]}]},{\"@type\":\"ImageObject\",\"inLanguage\":\"pl-PL\",\"@id\":\"https:\/\/focusonpack.com\/carbonated-soft-drink-filling-machine\/carbonated-soft-drink-water-beverage-pet-bottling-machine\/#primaryimage\",\"url\":\"https:\/\/focusonpack.com\/wp-content\/uploads\/2023\/07\/monoblock-2-2.jpg\",\"contentUrl\":\"https:\/\/focusonpack.com\/wp-content\/uploads\/2023\/07\/monoblock-2-2.jpg\"},{\"@type\":\"BreadcrumbList\",\"@id\":\"https:\/\/focusonpack.com\/carbonated-soft-drink-filling-machine\/carbonated-soft-drink-water-beverage-pet-bottling-machine\/#breadcrumb\",\"itemListElement\":[{\"@type\":\"ListItem\",\"position\":1,\"name\":\"\u9996\u9875\",\"item\":\"https:\/\/focusonpack.com\/\"},{\"@type\":\"ListItem\",\"position\":2,\"name\":\"Carbonated Soft Drink Filling Machine\",\"item\":\"https:\/\/focusonpack.com\/carbonated-soft-drink-filling-machine\/\"},{\"@type\":\"ListItem\",\"position\":3,\"name\":\"Carbonated Soft Drink\/Water\/Beverage PET Bottling Machine\"}]},{\"@type\":\"WebSite\",\"@id\":\"https:\/\/focusonpack.com\/#website\",\"url\":\"https:\/\/focusonpack.com\/\",\"name\":\"Focus on pack\",\"description\":\"\",\"potentialAction\":[{\"@type\":\"SearchAction\",\"target\":{\"@type\":\"EntryPoint\",\"urlTemplate\":\"https:\/\/focusonpack.com\/?s={search_term_string}\"},\"query-input\":{\"@type\":\"PropertyValueSpecification\",\"valueRequired\":true,\"valueName\":\"search_term_string\"}}],\"inLanguage\":\"pl-PL\"}]}<\/script>\n<!-- \/ Yoast SEO plugin. -->","yoast_head_json":{"title":"Carbonated Soft Drink\/Water\/Beverage PET Bottling Machine - Focus on pack","robots":{"index":"index","follow":"follow","max-snippet":"max-snippet:-1","max-image-preview":"max-image-preview:large","max-video-preview":"max-video-preview:-1"},"canonical":"https:\/\/focusonpack.com\/pl\/maszyna-do-napelniania-napojow-gazowanych\/gazowany-napoj-bezalkoholowy-woda-napoj-maszyna-do-butelkowania-zwierzat-domowych\/","og_locale":"pl_PL","og_type":"article","og_title":"Carbonated Soft Drink\/Water\/Beverage PET Bottling Machine - Focus on pack","og_description":"Carbonated Soft Drink\/Water\/Be&hellip;","og_url":"https:\/\/focusonpack.com\/pl\/maszyna-do-napelniania-napojow-gazowanych\/gazowany-napoj-bezalkoholowy-woda-napoj-maszyna-do-butelkowania-zwierzat-domowych\/","og_site_name":"Focus on pack","article_modified_time":"2025-03-27T07:36:44+00:00","og_image":[{"url":"https:\/\/focusonpack.com\/wp-content\/uploads\/2023\/07\/monoblock-2-2.jpg","type":"","width":"","height":""}],"twitter_card":"summary_large_image","twitter_misc":{"Szacowany czas czytania":"5 minut"},"schema":{"@context":"https:\/\/schema.org","@graph":[{"@type":"WebPage","@id":"https:\/\/focusonpack.com\/carbonated-soft-drink-filling-machine\/carbonated-soft-drink-water-beverage-pet-bottling-machine\/","url":"https:\/\/focusonpack.com\/carbonated-soft-drink-filling-machine\/carbonated-soft-drink-water-beverage-pet-bottling-machine\/","name":"Carbonated Soft Drink\/Water\/Beverage PET Bottling Machine - Focus on pack","isPartOf":{"@id":"https:\/\/focusonpack.com\/#website"},"primaryImageOfPage":{"@id":"https:\/\/focusonpack.com\/carbonated-soft-drink-filling-machine\/carbonated-soft-drink-water-beverage-pet-bottling-machine\/#primaryimage"},"image":{"@id":"https:\/\/focusonpack.com\/carbonated-soft-drink-filling-machine\/carbonated-soft-drink-water-beverage-pet-bottling-machine\/#primaryimage"},"thumbnailUrl":"https:\/\/focusonpack.com\/wp-content\/uploads\/2023\/07\/monoblock-2-2.jpg","datePublished":"2020-05-11T02:37:02+00:00","dateModified":"2025-03-27T07:36:44+00:00","breadcrumb":{"@id":"https:\/\/focusonpack.com\/carbonated-soft-drink-filling-machine\/carbonated-soft-drink-water-beverage-pet-bottling-machine\/#breadcrumb"},"inLanguage":"pl-PL","potentialAction":[{"@type":"ReadAction","target":["https:\/\/focusonpack.com\/carbonated-soft-drink-filling-machine\/carbonated-soft-drink-water-beverage-pet-bottling-machine\/"]}]},{"@type":"ImageObject","inLanguage":"pl-PL","@id":"https:\/\/focusonpack.com\/carbonated-soft-drink-filling-machine\/carbonated-soft-drink-water-beverage-pet-bottling-machine\/#primaryimage","url":"https:\/\/focusonpack.com\/wp-content\/uploads\/2023\/07\/monoblock-2-2.jpg","contentUrl":"https:\/\/focusonpack.com\/wp-content\/uploads\/2023\/07\/monoblock-2-2.jpg"},{"@type":"BreadcrumbList","@id":"https:\/\/focusonpack.com\/carbonated-soft-drink-filling-machine\/carbonated-soft-drink-water-beverage-pet-bottling-machine\/#breadcrumb","itemListElement":[{"@type":"ListItem","position":1,"name":"\u9996\u9875","item":"https:\/\/focusonpack.com\/"},{"@type":"ListItem","position":2,"name":"Carbonated Soft Drink Filling Machine","item":"https:\/\/focusonpack.com\/carbonated-soft-drink-filling-machine\/"},{"@type":"ListItem","position":3,"name":"Carbonated Soft Drink\/Water\/Beverage PET Bottling Machine"}]},{"@type":"WebSite","@id":"https:\/\/focusonpack.com\/#website","url":"https:\/\/focusonpack.com\/","name":"Focus on pack","description":"","potentialAction":[{"@type":"SearchAction","target":{"@type":"EntryPoint","urlTemplate":"https:\/\/focusonpack.com\/?s={search_term_string}"},"query-input":{"@type":"PropertyValueSpecification","valueRequired":true,"valueName":"search_term_string"}}],"inLanguage":"pl-PL"}]}},"_links":{"self":[{"href":"https:\/\/focusonpack.com\/pl\/wp-json\/wp\/v2\/pages\/2960","targetHints":{"allow":["GET"]}}],"collection":[{"href":"https:\/\/focusonpack.com\/pl\/wp-json\/wp\/v2\/pages"}],"about":[{"href":"https:\/\/focusonpack.com\/pl\/wp-json\/wp\/v2\/types\/page"}],"author":[{"embeddable":true,"href":"https:\/\/focusonpack.com\/pl\/wp-json\/wp\/v2\/users\/1"}],"replies":[{"embeddable":true,"href":"https:\/\/focusonpack.com\/pl\/wp-json\/wp\/v2\/comments?post=2960"}],"version-history":[{"count":17,"href":"https:\/\/focusonpack.com\/pl\/wp-json\/wp\/v2\/pages\/2960\/revisions"}],"predecessor-version":[{"id":4587,"href":"https:\/\/focusonpack.com\/pl\/wp-json\/wp\/v2\/pages\/2960\/revisions\/4587"}],"up":[{"embeddable":true,"href":"https:\/\/focusonpack.com\/pl\/wp-json\/wp\/v2\/pages\/2499"}],"wp:attachment":[{"href":"https:\/\/focusonpack.com\/pl\/wp-json\/wp\/v2\/media?parent=2960"}],"curies":[{"name":"wp","href":"https:\/\/api.w.org\/{rel}","templated":true}]}}