{"id":2965,"date":"2020-05-11T10:37:18","date_gmt":"2020-05-11T02:37:18","guid":{"rendered":"https:\/\/focusonpack.com\/?page_id=2965"},"modified":"2025-03-24T16:45:54","modified_gmt":"2025-03-24T08:45:54","slug":"6000-7000-bottles-per-hour-bottled-water-plant","status":"publish","type":"page","link":"https:\/\/focusonpack.com\/pl\/maszyna-do-napelniania-woda\/6000-7000-bottles-per-hour-bottled-water-plant\/","title":{"rendered":"6000-7000 Bottles per Hour Bottled Water Plant"},"content":{"rendered":"<div data-elementor-type=\"wp-page\" data-elementor-id=\"2965\" class=\"elementor elementor-2965\" data-elementor-settings=\"[]\">\n\t\t\t<div class=\"elementor-inner\">\n\t\t\t\t<div class=\"elementor-section-wrap\">\n\t\t\t\t\t\t\t<section class=\"elementor-element elementor-element-674a3a8e elementor-section-boxed elementor-section-height-default elementor-section-height-default elementor-section elementor-top-section\" data-id=\"674a3a8e\" data-element_type=\"section\">\n\t\t\t\t\t\t<div class=\"elementor-container elementor-column-gap-default\">\n\t\t\t\t<div class=\"elementor-row\">\n\t\t\t\t<div class=\"elementor-element elementor-element-17f83132 elementor-column elementor-col-50 elementor-top-column\" data-id=\"17f83132\" data-element_type=\"column\">\n\t\t\t<div class=\"elementor-column-wrap  elementor-element-populated\">\n\t\t\t\t\t<div class=\"elementor-widget-wrap\">\n\t\t\t\t<div class=\"elementor-element elementor-element-d123533 elementor-widget elementor-widget-heading\" data-id=\"d123533\" data-element_type=\"widget\" data-widget_type=\"heading.default\">\n\t\t\t\t<div class=\"elementor-widget-container\">\n\t\t\t<h3 class=\"elementor-heading-title elementor-size-default\">6000-7000 Bottles per Hour Bottled Water Plant<\/h3>\t\t<\/div>\n\t\t\t\t<\/div>\n\t\t\t\t<div class=\"elementor-element elementor-element-615ca490 elementor-widget elementor-widget-text-editor\" data-id=\"615ca490\" data-element_type=\"widget\" data-widget_type=\"text-editor.default\">\n\t\t\t\t<div class=\"elementor-widget-container\">\n\t\t\t\t\t<div class=\"elementor-text-editor elementor-clearfix\"><p>This bottled water equipment is offered as a fully automatic monoblock rinsing filling capping machine with a high degree of flexibility and modularity, this machine allows compact and effective combinations to satisfy even the most stringent filling requirements, and designed to fill drinking water and non carbonated drinks in plastic bottles ranging from 200ml to 1500ml. This water bottle filing machine includes 16 rinsing nozzles, 16 filling heads and 5 cap head assemblies. 6000 to 7000 bottles per hour can be achieved per hour. Heavy duty frame makes this bottled water making machine run stable with less vibration, newly developed two times fill to level nozzles increase filling speed and provide precise filling for each bottle, latest technology capping head with variable torque magnetic clutches, all bottle contact parts are made of stainless steel or food grade plastic, PLC control and friendly user touch screen. It is an ideal bottled water system for small to medium sized bottle water plant.<\/p><\/div>\n\t\t\t\t<\/div>\n\t\t\t\t<\/div>\n\t\t\t\t<div class=\"elementor-element elementor-element-22477ca0 elementor-widget elementor-widget-text-editor\" data-id=\"22477ca0\" data-element_type=\"widget\" data-widget_type=\"text-editor.default\">\n\t\t\t\t<div class=\"elementor-widget-container\">\n\t\t\t\t\t<div class=\"elementor-text-editor elementor-clearfix\"><p>The water bottle filling machine principle is extremely simple with an in feed air conveyor and star wheel moving containers into the rinsing turret. The rinser inverts the container and then injects a high pressure jet of water into the bottle for a controlled period of time.<\/p><\/div>\n\t\t\t\t<\/div>\n\t\t\t\t<\/div>\n\t\t\t\t<div class=\"elementor-element elementor-element-705b4e0 elementor-widget elementor-widget-text-editor\" data-id=\"705b4e0\" data-element_type=\"widget\" data-widget_type=\"text-editor.default\">\n\t\t\t\t<div class=\"elementor-widget-container\">\n\t\t\t\t\t<div class=\"elementor-text-editor elementor-clearfix\"><p>The rinsed bottle is then allowed to drip before being re inverted and transferred to the filling turret. The containers are lifted on a cam, onto the nozzles, which can be either, 2 stage filling nozzles with a fast and slow filling cycle, or single stage nozzles, which then fill the bottles to the desired volume before transferring to the capping turret, The fill height is simply adjusted by adding or removing spacer rings from the nozzles. Product is generally pumped to the manifold on the filling turret in order to create a pressurized fill, which is adjustable to minimize the filling time and thus maximize production.<\/p><\/div>\n\t\t\t\t<\/div>\n\t\t\t\t<\/div>\n\t\t\t\t<div class=\"elementor-element elementor-element-1c08ee6 elementor-widget elementor-widget-text-editor\" data-id=\"1c08ee6\" data-element_type=\"widget\" data-widget_type=\"text-editor.default\">\n\t\t\t\t<div class=\"elementor-widget-container\">\n\t\t\t\t\t<div class=\"elementor-text-editor elementor-clearfix\"><p>The filled bottle is transferred to conventional screw capping turret with variable torque magnetic clutches which is a pick and place and is supplied complete with cap unscrambler. The cap unscrambler orients the caps into its position for its final entry into chute and ultimately applied to the container. The closure orientation is achieved through the exit throat of the centrifugal sorter. The final position of the closure is to have the open side of the closure facing upward (top of the cap touching the exit throat of the spinner bowl\/sorter). The closures that are not oriented properly (open side of the closure facing downward) will be blown out of the system by an airline into a discharge chamber. Capping head picks and places cap onto filled bottles and tighten it.<\/p><\/div>\n\t\t\t\t<\/div>\n\t\t\t\t<\/div>\n\t\t\t\t<div class=\"elementor-element elementor-element-d2d8b16 elementor-widget elementor-widget-text-editor\" data-id=\"d2d8b16\" data-element_type=\"widget\" data-widget_type=\"text-editor.default\">\n\t\t\t\t<div class=\"elementor-widget-container\">\n\t\t\t\t\t<div class=\"elementor-text-editor elementor-clearfix\"><p>The style air conveying system uses a positive pressure air system for transport of caps from floor level to feeder, it replaces the solution with belt conveyor which has been adopted till now in most cases. Jumbled caps are loaded in the hopper, A motorized flap at the bottom of the hopper discharges the caps into hose, in which the caps are pushed by air and conveyed along the flexible hose to the feeder. A level sensor is installed in the feeder to control movement of the air conveying system, when caps reach the desired level, the system stops, when the caps are less the level, the system starts to work.<\/p><\/div>\n\t\t\t\t<\/div>\n\t\t\t\t<\/div>\n\t\t\t\t<div class=\"elementor-element elementor-element-cc4dbdd elementor-widget elementor-widget-text-editor\" data-id=\"cc4dbdd\" data-element_type=\"widget\" data-widget_type=\"text-editor.default\">\n\t\t\t\t<div class=\"elementor-widget-container\">\n\t\t\t\t\t<div class=\"elementor-text-editor elementor-clearfix\"><p>The air conveying system is used to increase capping efficiency without taking any extra floor space on the packing line. This feature can greatly reduce your employee\u2019s risk of falling off a ladder, climbing a platform, and loading the sorter from awkward angles. It is also less strain on your employee\u2019s back from carrying the boxes up a ladder. This improves productivity as well as helping reduce labor cost.<\/p><\/div>\n\t\t\t\t<\/div>\n\t\t\t\t<\/div>\n\t\t\t\t<div class=\"elementor-element elementor-element-1150559 elementor-widget elementor-widget-text-editor\" data-id=\"1150559\" data-element_type=\"widget\" data-widget_type=\"text-editor.default\">\n\t\t\t\t<div class=\"elementor-widget-container\">\n\t\t\t\t\t<div class=\"elementor-text-editor elementor-clearfix\"><p>In-feed air conveyor system is used for empty bottle conveying to rinsing station by a positive pressure air system from blower. Empty bottles can be loaded on the air conveyor by hand and conveyed to rinsing station by air. Or air conveyor can be connected with blow molder or unscrambler, the blown bottles from PET blowing machine or bottles sorted by unscrambler will be conveyed to monoblock rinsing filling machine automatically.<\/p><\/div>\n\t\t\t\t<\/div>\n\t\t\t\t<\/div>\n\t\t\t\t<div class=\"elementor-element elementor-element-355f6506 elementor-widget elementor-widget-heading\" data-id=\"355f6506\" data-element_type=\"widget\" data-widget_type=\"heading.default\">\n\t\t\t\t<div class=\"elementor-widget-container\">\n\t\t\t<h3 class=\"elementor-heading-title elementor-size-default\">Akcesoria<\/h3>\t\t<\/div>\n\t\t\t\t<\/div>\n\t\t\t\t<div class=\"elementor-element elementor-element-4623252c elementor-widget elementor-widget-text-editor\" data-id=\"4623252c\" data-element_type=\"widget\" data-widget_type=\"text-editor.default\">\n\t\t\t\t<div class=\"elementor-widget-container\">\n\t\t\t\t\t<div class=\"elementor-text-editor elementor-clearfix\"><p>\u2022\u00a0 Infeed air conveyor with Blower<br \/>\u2022\u00a0 Outfeed conveyor with tabletop slat chain<br \/>\u2022\u00a0 Automatic cap elevator\/feeder<\/p><\/div>\n\t\t\t\t<\/div>\n\t\t\t\t<\/div>\n\t\t\t\t<div class=\"elementor-element elementor-element-7d24a488 elementor-widget elementor-widget-heading\" data-id=\"7d24a488\" data-element_type=\"widget\" data-widget_type=\"heading.default\">\n\t\t\t\t<div class=\"elementor-widget-container\">\n\t\t\t<h3 class=\"elementor-heading-title elementor-size-default\">Specyfikacja techniczna<\/h3>\t\t<\/div>\n\t\t\t\t<\/div>\n\t\t\t\t<div class=\"elementor-element elementor-element-21c91248 elementor-widget elementor-widget-text-editor\" data-id=\"21c91248\" data-element_type=\"widget\" data-widget_type=\"text-editor.default\">\n\t\t\t\t<div class=\"elementor-widget-container\">\n\t\t\t\t\t<div class=\"elementor-text-editor elementor-clearfix\"><table width=\"760\">\n<tbody>\n<tr>\n<td width=\"267\">Model<\/td>\n<td width=\"303\">CGF 16-16-5<\/td>\n<\/tr>\n<tr>\n<td>Wydajno\u015b\u0107 wyj\u015bciowa<\/td>\n<td>6000-7000Bottles\/Hr at 500ml volume<\/td>\n<\/tr>\n<tr>\n<td>Liczba zawor\u00f3w p\u0142ucz\u0105cych<\/td>\n<td>16<\/td>\n<\/tr>\n<tr>\n<td>Liczba g\u0142owic nape\u0142niaj\u0105cych<\/td>\n<td>16<\/td>\n<\/tr>\n<tr>\n<td>Liczba g\u0142owic<\/td>\n<td>5<\/td>\n<\/tr>\n<tr>\n<td>Odpowiednia \u015brednica butelki<\/td>\n<td>\u03a650 mm ~ \u03a690 mm<\/td>\n<\/tr>\n<tr>\n<td>Odpowiednia wysoko\u015b\u0107 butelki<\/td>\n<td>150 mm - 310 mm<\/td>\n<\/tr>\n<tr>\n<td>Odpowiednia \u015brednica nakr\u0119tki<\/td>\n<td>\u03a625 mm ~ \u03a635 mm<\/td>\n<\/tr>\n<tr>\n<td>Odpowiednia wysoko\u015b\u0107 nakr\u0119tki<\/td>\n<td>15 mm - 25 mm Nakr\u0119tka<\/td>\n<\/tr>\n<tr>\n<td>Napi\u0119cie zasilania\u00a0<\/td>\n<td>220\/380V 50\/60HZ 3PH<\/td>\n<\/tr>\n<tr>\n<td>Silnik g\u0142\u00f3wny<\/td>\n<td>3KW<\/td>\n<\/tr>\n<tr>\n<td>Waga<\/td>\n<td>3500 kgs(approx)<\/td>\n<\/tr>\n<tr>\n<td>Wymiar (bez przeno\u015bnika)<\/td>\n<td>2500 x 1800 x 2250 mm<\/td>\n<\/tr>\n<\/tbody>\n<\/table><\/div>\n\t\t\t\t<\/div>\n\t\t\t\t<\/div>\n\t\t\t\t<div class=\"elementor-element elementor-element-6d8b3a4c elementor-widget elementor-widget-text-editor\" data-id=\"6d8b3a4c\" data-element_type=\"widget\" data-widget_type=\"text-editor.default\">\n\t\t\t\t<div class=\"elementor-widget-container\">\n\t\t\t\t\t<div class=\"elementor-text-editor elementor-clearfix\"><p>* Dane techniczne mog\u0105 ulec zmianie bez powiadomienia, wszelkie prawa zastrze\u017cone.<\/p><\/div>\n\t\t\t\t<\/div>\n\t\t\t\t<\/div>\n\t\t\t\t\t\t<\/div>\n\t\t\t<\/div>\n\t\t<\/div>\n\t\t\t\t<div class=\"elementor-element elementor-element-5d4a1d1 elementor-column elementor-col-50 elementor-top-column\" data-id=\"5d4a1d1\" data-element_type=\"column\">\n\t\t\t<div class=\"elementor-column-wrap  elementor-element-populated\">\n\t\t\t\t\t<div class=\"elementor-widget-wrap\">\n\t\t\t\t<div class=\"elementor-element elementor-element-2720db3f elementor-widget elementor-widget-spacer\" data-id=\"2720db3f\" data-element_type=\"widget\" data-widget_type=\"spacer.default\">\n\t\t\t\t<div class=\"elementor-widget-container\">\n\t\t\t\t\t<div class=\"elementor-spacer\">\n\t\t\t<div class=\"elementor-spacer-inner\"><\/div>\n\t\t<\/div>\n\t\t\t\t<\/div>\n\t\t\t\t<\/div>\n\t\t\t\t<div class=\"elementor-element elementor-element-69dddd9e elementor-widget elementor-widget-image\" data-id=\"69dddd9e\" data-element_type=\"widget\" data-widget_type=\"image.default\">\n\t\t\t\t<div class=\"elementor-widget-container\">\n\t\t\t\t\t<div class=\"elementor-image\">\n\t\t\t\t\t\t\t\t\t\t<img loading=\"lazy\" decoding=\"async\" width=\"308\" height=\"205\" src=\"https:\/\/focusonpack.com\/wp-content\/uploads\/2020\/05\/water-filling-machine-23.jpg\" class=\"elementor-animation-grow attachment-full size-full\" alt=\"\" srcset=\"https:\/\/focusonpack.com\/wp-content\/uploads\/2020\/05\/water-filling-machine-23.jpg 308w, https:\/\/focusonpack.com\/wp-content\/uploads\/2020\/05\/water-filling-machine-23-300x200.jpg 300w, https:\/\/focusonpack.com\/wp-content\/uploads\/2020\/05\/water-filling-machine-23-270x180.jpg 270w\" sizes=\"auto, (max-width: 308px) 100vw, 308px\" \/>\t\t\t\t\t\t\t\t\t\t\t<\/div>\n\t\t\t\t<\/div>\n\t\t\t\t<\/div>\n\t\t\t\t<div class=\"elementor-element elementor-element-283dd53a elementor-button-info elementor-align-center elementor-widget elementor-widget-button\" data-id=\"283dd53a\" data-element_type=\"widget\" data-widget_type=\"button.default\">\n\t\t\t\t<div class=\"elementor-widget-container\">\n\t\t\t\t\t<div class=\"elementor-button-wrapper\">\n\t\t\t<a href=\"https:\/\/focusonpack.com\/pl\/skontaktuj-sie-z-nami\/\" class=\"elementor-button-link elementor-button elementor-size-sm\" role=\"button\">\n\t\t\t\t\t\t<span class=\"elementor-button-content-wrapper\">\n\t\t\t\t\t\t<span class=\"elementor-button-text\">Zapytanie ofertowe<\/span>\n\t\t<\/span>\n\t\t\t\t\t<\/a>\n\t\t<\/div>\n\t\t\t\t<\/div>\n\t\t\t\t<\/div>\n\t\t\t\t\t\t<\/div>\n\t\t\t<\/div>\n\t\t<\/div>\n\t\t\t\t\t\t<\/div>\n\t\t\t<\/div>\n\t\t<\/section>\n\t\t\t\t\t\t<\/div>\n\t\t\t<\/div>\n\t\t<\/div>","protected":false},"excerpt":{"rendered":"<p>6000-7000 Bottles per Hour Bot&hellip;<\/p>","protected":false},"author":1,"featured_media":0,"parent":2500,"menu_order":0,"comment_status":"closed","ping_status":"closed","template":"elementor_header_footer","meta":{"footnotes":""},"class_list":["post-2965","page","type-page","status-publish","hentry","no-thumb"],"yoast_head":"<!-- This site is optimized with the Yoast SEO plugin v24.8.1 - https:\/\/yoast.com\/wordpress\/plugins\/seo\/ -->\n<title>6000-7000 Bottles per Hour Bottled Water Plant - Focus on pack<\/title>\n<meta name=\"robots\" content=\"index, follow, max-snippet:-1, max-image-preview:large, max-video-preview:-1\" \/>\n<link rel=\"canonical\" href=\"https:\/\/focusonpack.com\/pl\/maszyna-do-napelniania-woda\/6000-7000-bottles-per-hour-bottled-water-plant\/\" \/>\n<meta property=\"og:locale\" content=\"pl_PL\" \/>\n<meta property=\"og:type\" content=\"article\" \/>\n<meta property=\"og:title\" content=\"6000-7000 Bottles per Hour Bottled Water Plant - Focus on pack\" \/>\n<meta property=\"og:description\" content=\"6000-7000 Bottles per Hour Bot&hellip;\" \/>\n<meta property=\"og:url\" content=\"https:\/\/focusonpack.com\/pl\/maszyna-do-napelniania-woda\/6000-7000-bottles-per-hour-bottled-water-plant\/\" \/>\n<meta property=\"og:site_name\" content=\"Focus on pack\" \/>\n<meta property=\"article:modified_time\" content=\"2025-03-24T08:45:54+00:00\" \/>\n<meta property=\"og:image\" content=\"https:\/\/focusonpack.com\/wp-content\/uploads\/2020\/05\/water-filling-machine-23.jpg\" \/>\n<meta name=\"twitter:card\" content=\"summary_large_image\" \/>\n<meta name=\"twitter:label1\" content=\"Szacowany czas czytania\" \/>\n\t<meta name=\"twitter:data1\" content=\"5 minut\" \/>\n<script type=\"application\/ld+json\" class=\"yoast-schema-graph\">{\"@context\":\"https:\/\/schema.org\",\"@graph\":[{\"@type\":\"WebPage\",\"@id\":\"https:\/\/focusonpack.com\/water-filling-machine\/6000-7000-bottles-per-hour-bottled-water-plant\/\",\"url\":\"https:\/\/focusonpack.com\/water-filling-machine\/6000-7000-bottles-per-hour-bottled-water-plant\/\",\"name\":\"6000-7000 Bottles per Hour Bottled Water Plant - Focus on pack\",\"isPartOf\":{\"@id\":\"https:\/\/focusonpack.com\/#website\"},\"primaryImageOfPage\":{\"@id\":\"https:\/\/focusonpack.com\/water-filling-machine\/6000-7000-bottles-per-hour-bottled-water-plant\/#primaryimage\"},\"image\":{\"@id\":\"https:\/\/focusonpack.com\/water-filling-machine\/6000-7000-bottles-per-hour-bottled-water-plant\/#primaryimage\"},\"thumbnailUrl\":\"https:\/\/focusonpack.com\/wp-content\/uploads\/2020\/05\/water-filling-machine-23.jpg\",\"datePublished\":\"2020-05-11T02:37:18+00:00\",\"dateModified\":\"2025-03-24T08:45:54+00:00\",\"breadcrumb\":{\"@id\":\"https:\/\/focusonpack.com\/water-filling-machine\/6000-7000-bottles-per-hour-bottled-water-plant\/#breadcrumb\"},\"inLanguage\":\"pl-PL\",\"potentialAction\":[{\"@type\":\"ReadAction\",\"target\":[\"https:\/\/focusonpack.com\/water-filling-machine\/6000-7000-bottles-per-hour-bottled-water-plant\/\"]}]},{\"@type\":\"ImageObject\",\"inLanguage\":\"pl-PL\",\"@id\":\"https:\/\/focusonpack.com\/water-filling-machine\/6000-7000-bottles-per-hour-bottled-water-plant\/#primaryimage\",\"url\":\"https:\/\/focusonpack.com\/wp-content\/uploads\/2020\/05\/water-filling-machine-23.jpg\",\"contentUrl\":\"https:\/\/focusonpack.com\/wp-content\/uploads\/2020\/05\/water-filling-machine-23.jpg\"},{\"@type\":\"BreadcrumbList\",\"@id\":\"https:\/\/focusonpack.com\/water-filling-machine\/6000-7000-bottles-per-hour-bottled-water-plant\/#breadcrumb\",\"itemListElement\":[{\"@type\":\"ListItem\",\"position\":1,\"name\":\"\u9996\u9875\",\"item\":\"https:\/\/focusonpack.com\/\"},{\"@type\":\"ListItem\",\"position\":2,\"name\":\"Water Filling Machine\",\"item\":\"https:\/\/focusonpack.com\/water-filling-machine\/\"},{\"@type\":\"ListItem\",\"position\":3,\"name\":\"6000-7000 Bottles per Hour Bottled Water Plant\"}]},{\"@type\":\"WebSite\",\"@id\":\"https:\/\/focusonpack.com\/#website\",\"url\":\"https:\/\/focusonpack.com\/\",\"name\":\"Focus on pack\",\"description\":\"\",\"potentialAction\":[{\"@type\":\"SearchAction\",\"target\":{\"@type\":\"EntryPoint\",\"urlTemplate\":\"https:\/\/focusonpack.com\/?s={search_term_string}\"},\"query-input\":{\"@type\":\"PropertyValueSpecification\",\"valueRequired\":true,\"valueName\":\"search_term_string\"}}],\"inLanguage\":\"pl-PL\"}]}<\/script>\n<!-- \/ Yoast SEO plugin. -->","yoast_head_json":{"title":"6000-7000 Bottles per Hour Bottled Water Plant - Focus on pack","robots":{"index":"index","follow":"follow","max-snippet":"max-snippet:-1","max-image-preview":"max-image-preview:large","max-video-preview":"max-video-preview:-1"},"canonical":"https:\/\/focusonpack.com\/pl\/maszyna-do-napelniania-woda\/6000-7000-bottles-per-hour-bottled-water-plant\/","og_locale":"pl_PL","og_type":"article","og_title":"6000-7000 Bottles per Hour Bottled Water Plant - Focus on pack","og_description":"6000-7000 Bottles per Hour Bot&hellip;","og_url":"https:\/\/focusonpack.com\/pl\/maszyna-do-napelniania-woda\/6000-7000-bottles-per-hour-bottled-water-plant\/","og_site_name":"Focus on pack","article_modified_time":"2025-03-24T08:45:54+00:00","og_image":[{"url":"https:\/\/focusonpack.com\/wp-content\/uploads\/2020\/05\/water-filling-machine-23.jpg","type":"","width":"","height":""}],"twitter_card":"summary_large_image","twitter_misc":{"Szacowany czas czytania":"5 minut"},"schema":{"@context":"https:\/\/schema.org","@graph":[{"@type":"WebPage","@id":"https:\/\/focusonpack.com\/water-filling-machine\/6000-7000-bottles-per-hour-bottled-water-plant\/","url":"https:\/\/focusonpack.com\/water-filling-machine\/6000-7000-bottles-per-hour-bottled-water-plant\/","name":"6000-7000 Bottles per Hour Bottled Water Plant - Focus on pack","isPartOf":{"@id":"https:\/\/focusonpack.com\/#website"},"primaryImageOfPage":{"@id":"https:\/\/focusonpack.com\/water-filling-machine\/6000-7000-bottles-per-hour-bottled-water-plant\/#primaryimage"},"image":{"@id":"https:\/\/focusonpack.com\/water-filling-machine\/6000-7000-bottles-per-hour-bottled-water-plant\/#primaryimage"},"thumbnailUrl":"https:\/\/focusonpack.com\/wp-content\/uploads\/2020\/05\/water-filling-machine-23.jpg","datePublished":"2020-05-11T02:37:18+00:00","dateModified":"2025-03-24T08:45:54+00:00","breadcrumb":{"@id":"https:\/\/focusonpack.com\/water-filling-machine\/6000-7000-bottles-per-hour-bottled-water-plant\/#breadcrumb"},"inLanguage":"pl-PL","potentialAction":[{"@type":"ReadAction","target":["https:\/\/focusonpack.com\/water-filling-machine\/6000-7000-bottles-per-hour-bottled-water-plant\/"]}]},{"@type":"ImageObject","inLanguage":"pl-PL","@id":"https:\/\/focusonpack.com\/water-filling-machine\/6000-7000-bottles-per-hour-bottled-water-plant\/#primaryimage","url":"https:\/\/focusonpack.com\/wp-content\/uploads\/2020\/05\/water-filling-machine-23.jpg","contentUrl":"https:\/\/focusonpack.com\/wp-content\/uploads\/2020\/05\/water-filling-machine-23.jpg"},{"@type":"BreadcrumbList","@id":"https:\/\/focusonpack.com\/water-filling-machine\/6000-7000-bottles-per-hour-bottled-water-plant\/#breadcrumb","itemListElement":[{"@type":"ListItem","position":1,"name":"\u9996\u9875","item":"https:\/\/focusonpack.com\/"},{"@type":"ListItem","position":2,"name":"Water Filling Machine","item":"https:\/\/focusonpack.com\/water-filling-machine\/"},{"@type":"ListItem","position":3,"name":"6000-7000 Bottles per Hour Bottled Water Plant"}]},{"@type":"WebSite","@id":"https:\/\/focusonpack.com\/#website","url":"https:\/\/focusonpack.com\/","name":"Focus on pack","description":"","potentialAction":[{"@type":"SearchAction","target":{"@type":"EntryPoint","urlTemplate":"https:\/\/focusonpack.com\/?s={search_term_string}"},"query-input":{"@type":"PropertyValueSpecification","valueRequired":true,"valueName":"search_term_string"}}],"inLanguage":"pl-PL"}]}},"_links":{"self":[{"href":"https:\/\/focusonpack.com\/pl\/wp-json\/wp\/v2\/pages\/2965","targetHints":{"allow":["GET"]}}],"collection":[{"href":"https:\/\/focusonpack.com\/pl\/wp-json\/wp\/v2\/pages"}],"about":[{"href":"https:\/\/focusonpack.com\/pl\/wp-json\/wp\/v2\/types\/page"}],"author":[{"embeddable":true,"href":"https:\/\/focusonpack.com\/pl\/wp-json\/wp\/v2\/users\/1"}],"replies":[{"embeddable":true,"href":"https:\/\/focusonpack.com\/pl\/wp-json\/wp\/v2\/comments?post=2965"}],"version-history":[{"count":17,"href":"https:\/\/focusonpack.com\/pl\/wp-json\/wp\/v2\/pages\/2965\/revisions"}],"predecessor-version":[{"id":4574,"href":"https:\/\/focusonpack.com\/pl\/wp-json\/wp\/v2\/pages\/2965\/revisions\/4574"}],"up":[{"embeddable":true,"href":"https:\/\/focusonpack.com\/pl\/wp-json\/wp\/v2\/pages\/2500"}],"wp:attachment":[{"href":"https:\/\/focusonpack.com\/pl\/wp-json\/wp\/v2\/media?parent=2965"}],"curies":[{"name":"wp","href":"https:\/\/api.w.org\/{rel}","templated":true}]}}