{"id":3306,"date":"2020-05-15T16:54:31","date_gmt":"2020-05-15T08:54:31","guid":{"rendered":"https:\/\/focusonpack.com\/?page_id=3306"},"modified":"2025-03-27T17:08:52","modified_gmt":"2025-03-27T09:08:52","slug":"10-head-automated-inline-time-gravity-bottle-filler","status":"publish","type":"page","link":"https:\/\/focusonpack.com\/pl\/gravity-filling-machine\/10-head-automated-inline-time-gravity-bottle-filler\/","title":{"rendered":"10 Head Automated Inline Time Gravity Bottle Filler"},"content":{"rendered":"<div data-elementor-type=\"wp-page\" data-elementor-id=\"3306\" class=\"elementor elementor-3306\" data-elementor-settings=\"[]\">\n\t\t\t<div class=\"elementor-inner\">\n\t\t\t\t<div class=\"elementor-section-wrap\">\n\t\t\t\t\t\t\t<section class=\"elementor-element elementor-element-4d1b433f elementor-section-boxed elementor-section-height-default elementor-section-height-default elementor-section elementor-top-section\" data-id=\"4d1b433f\" data-element_type=\"section\">\n\t\t\t\t\t\t<div class=\"elementor-container elementor-column-gap-default\">\n\t\t\t\t<div class=\"elementor-row\">\n\t\t\t\t<div class=\"elementor-element elementor-element-69e749dd elementor-column elementor-col-50 elementor-top-column\" data-id=\"69e749dd\" data-element_type=\"column\">\n\t\t\t<div class=\"elementor-column-wrap  elementor-element-populated\">\n\t\t\t\t\t<div class=\"elementor-widget-wrap\">\n\t\t\t\t<div class=\"elementor-element elementor-element-6e78baff elementor-widget elementor-widget-heading\" data-id=\"6e78baff\" data-element_type=\"widget\" data-widget_type=\"heading.default\">\n\t\t\t\t<div class=\"elementor-widget-container\">\n\t\t\t<h3 class=\"elementor-heading-title elementor-size-default\">10 Head Automated Inline Time Gravity Bottle Filler<\/h3>\t\t<\/div>\n\t\t\t\t<\/div>\n\t\t\t\t<div class=\"elementor-element elementor-element-94aed6c elementor-widget elementor-widget-text-editor\" data-id=\"94aed6c\" data-element_type=\"widget\" data-widget_type=\"text-editor.default\">\n\t\t\t\t<div class=\"elementor-widget-container\">\n\t\t\t\t\t<div class=\"elementor-text-editor elementor-clearfix\"><p>Time gravity bottle filler is generally time driven volumetric filling machine. In general terms, nozzles will open for a set amount of time, releasing product. Usually individual times can be set for each nozzle, or the same time can be used for all nozzles. Gravity fillers, as the name suggests, rely on the force of gravity to fill the bottles, though pressure gravity fillers also exist. Timer fillers use a pressure tank and can handle more viscous products than a regular gravity filler. An automatic product level sensing float system detects level of the liquid to maintain pressure so that liquid can flow into containers fast and evenly. When liquid level is low, pump is on, liquid is pumped into holding tank, when liquid reaches high level, pump is off. Each valve is independently timed by the time gravity filler master computer so that the precise amount of the liquid will flow by gravity into the containers, Independent timing of each filling valve\/nozzle corrects for minor variations in flow rates so that each container is filled accurately. The thinner the product the faster it flows. The thicker the product the slower it flows.<\/p><\/div>\n\t\t\t\t<\/div>\n\t\t\t\t<\/div>\n\t\t\t\t<div class=\"elementor-element elementor-element-d2d7671 elementor-widget elementor-widget-heading\" data-id=\"d2d7671\" data-element_type=\"widget\" data-widget_type=\"heading.default\">\n\t\t\t\t<div class=\"elementor-widget-container\">\n\t\t\t<h3 class=\"elementor-heading-title elementor-size-default\">Dost\u0119pne opcje<\/h3>\t\t<\/div>\n\t\t\t\t<\/div>\n\t\t\t\t<div class=\"elementor-element elementor-element-2a641ed elementor-widget elementor-widget-text-editor\" data-id=\"2a641ed\" data-element_type=\"widget\" data-widget_type=\"text-editor.default\">\n\t\t\t\t<div class=\"elementor-widget-container\">\n\t\t\t\t\t<div class=\"elementor-text-editor elementor-clearfix\"><p>\u2022 Various indexing systems &#8211; pin or gate,timing screw,starwheel and shuttle<\/p><p>\u2022 Diving heads nozzles for bottom up filling to reduce foam<\/p><p>\u2022 Drip Tray<\/p><\/div>\n\t\t\t\t<\/div>\n\t\t\t\t<\/div>\n\t\t\t\t<div class=\"elementor-element elementor-element-1c0f7a95 elementor-widget elementor-widget-heading\" data-id=\"1c0f7a95\" data-element_type=\"widget\" data-widget_type=\"heading.default\">\n\t\t\t\t<div class=\"elementor-widget-container\">\n\t\t\t<h3 class=\"elementor-heading-title elementor-size-default\">Specyfikacja techniczna<\/h3>\t\t<\/div>\n\t\t\t\t<\/div>\n\t\t\t\t<div class=\"elementor-element elementor-element-16ecc894 elementor-widget elementor-widget-text-editor\" data-id=\"16ecc894\" data-element_type=\"widget\" data-widget_type=\"text-editor.default\">\n\t\t\t\t<div class=\"elementor-widget-container\">\n\t\t\t\t\t<div class=\"elementor-text-editor elementor-clearfix\"><table style=\"width: 527.27pt;\" border=\"0\" width=\"703\" cellspacing=\"0\" cellpadding=\"0\"><colgroup><col style=\"width: 116.25pt;\" width=\"155\" \/> <col style=\"width: 411.00pt;\" width=\"548\" \/> <\/colgroup><tbody><tr style=\"height: 15.00pt;\"><td class=\"et2\" style=\"height: 15.00pt; width: 116.25pt;\" width=\"155\" height=\"20\">Liczba g\u0142owic nape\u0142niaj\u0105cych\u00a0<\/td><td class=\"et2\" style=\"width: 411.00pt;\" width=\"548\">10(Available with 4,6,8,12,14,16)<\/td><\/tr><tr style=\"height: 15.00pt;\"><td class=\"et2\" style=\"height: 15.00pt;\" height=\"20\">Filling Size<\/td><td class=\"et2\">1000-5000ml<\/td><\/tr><tr style=\"height: 15.00pt;\"><td class=\"et2\" style=\"height: 15.00pt;\" height=\"20\">Wydajno\u015b\u0107 wyj\u015bciowa\u00a0<\/td><td class=\"et2\">1800BPH based on 100ml(depending on liquid characters and container size)<\/td><\/tr><tr style=\"height: 15.00pt;\"><td class=\"et2\" style=\"height: 15.00pt;\" height=\"20\">Filling Accuracy\u00a0<\/td><td class=\"et2\">\u00b10.5%<\/td><\/tr><tr style=\"height: 15.00pt;\"><td class=\"et2\" style=\"height: 15.00pt;\" height=\"20\">Container Diameter\u00a0<\/td><td class=\"et2\">\u00a090-160mm<\/td><\/tr><tr style=\"height: 15.00pt;\"><td class=\"et2\" style=\"height: 15.00pt;\" height=\"20\">Wysoko\u015b\u0107 pojemnika<\/td><td class=\"et2\">350mm(max)<\/td><\/tr><tr style=\"height: 15.00pt;\"><td class=\"et2\" style=\"height: 15.00pt;\" height=\"20\">Air Pressure\u00a0<\/td><td class=\"et2\">0.6-0.8MPA<\/td><\/tr><tr style=\"height: 15.00pt;\"><td class=\"et2\" style=\"height: 15.00pt;\" height=\"20\">Power Consumption\u00a0<\/td><td class=\"et2\">1.5KW<\/td><\/tr><tr style=\"height: 15.00pt;\"><td class=\"et2\" style=\"height: 15.00pt;\" height=\"20\">Zasilanie elektryczne\u00a0<\/td><td class=\"et2\">220\/110V 50\/60HZ 1PH<\/td><\/tr><tr style=\"height: 15.00pt;\"><td class=\"et2\" style=\"height: 15.00pt;\" height=\"20\">Machine Weight\u00a0<\/td><td class=\"et2\">850kgs<\/td><\/tr><tr style=\"height: 15.00pt;\"><td class=\"et2\" style=\"height: 15.00pt;\" height=\"20\">Machine Dimension<\/td><td class=\"et2\">2000x1030x2300mm<\/td><\/tr><\/tbody><\/table><\/div>\n\t\t\t\t<\/div>\n\t\t\t\t<\/div>\n\t\t\t\t<div class=\"elementor-element elementor-element-21e0e01a elementor-widget elementor-widget-text-editor\" data-id=\"21e0e01a\" data-element_type=\"widget\" data-widget_type=\"text-editor.default\">\n\t\t\t\t<div class=\"elementor-widget-container\">\n\t\t\t\t\t<div class=\"elementor-text-editor elementor-clearfix\"><p>* Dane techniczne mog\u0105 ulec zmianie bez powiadomienia, wszelkie prawa zastrze\u017cone.<\/p><\/div>\n\t\t\t\t<\/div>\n\t\t\t\t<\/div>\n\t\t\t\t<div class=\"elementor-element elementor-element-0332042 elementor-widget elementor-widget-spacer\" data-id=\"0332042\" data-element_type=\"widget\" data-widget_type=\"spacer.default\">\n\t\t\t\t<div class=\"elementor-widget-container\">\n\t\t\t\t\t<div class=\"elementor-spacer\">\n\t\t\t<div class=\"elementor-spacer-inner\"><\/div>\n\t\t<\/div>\n\t\t\t\t<\/div>\n\t\t\t\t<\/div>\n\t\t\t\t<div class=\"elementor-element elementor-element-7675dfd9 elementor-widget elementor-widget-heading\" data-id=\"7675dfd9\" data-element_type=\"widget\" data-widget_type=\"heading.default\">\n\t\t\t\t<div class=\"elementor-widget-container\">\n\t\t\t<h3 class=\"elementor-heading-title elementor-size-default\">How to choose time gravity bottle filler<\/h3>\t\t<\/div>\n\t\t\t\t<\/div>\n\t\t\t\t<div class=\"elementor-element elementor-element-e41a33a elementor-widget elementor-widget-text-editor\" data-id=\"e41a33a\" data-element_type=\"widget\" data-widget_type=\"text-editor.default\">\n\t\t\t\t<div class=\"elementor-widget-container\">\n\t\t\t\t\t<div class=\"elementor-text-editor elementor-clearfix\"><p>Output depends on fill size,viscosity of the liquid and type of container,Available with 4,6,8,12,14,16 filling head, if you are unsure how to choose,please let us know and our professional team will give you specific advice on the best filing machine to fit your requirements.<\/p><\/div>\n\t\t\t\t<\/div>\n\t\t\t\t<\/div>\n\t\t\t\t<div class=\"elementor-element elementor-element-ddfd8ae elementor-widget elementor-widget-text-editor\" data-id=\"ddfd8ae\" data-element_type=\"widget\" data-widget_type=\"text-editor.default\">\n\t\t\t\t<div class=\"elementor-widget-container\">\n\t\t\t\t\t<div class=\"elementor-text-editor elementor-clearfix\"><p>\u2022 What product to fill<\/p><p>\u2022 What output capacity to achieve<\/p><p>\u2022 What material and shape of containers<\/p><p>\u2022 What size to fill<\/p><\/div>\n\t\t\t\t<\/div>\n\t\t\t\t<\/div>\n\t\t\t\t\t\t<\/div>\n\t\t\t<\/div>\n\t\t<\/div>\n\t\t\t\t<div class=\"elementor-element elementor-element-43c19ebc elementor-column elementor-col-50 elementor-top-column\" data-id=\"43c19ebc\" data-element_type=\"column\">\n\t\t\t<div class=\"elementor-column-wrap  elementor-element-populated\">\n\t\t\t\t\t<div class=\"elementor-widget-wrap\">\n\t\t\t\t<div class=\"elementor-element elementor-element-301a7aed elementor-widget elementor-widget-spacer\" data-id=\"301a7aed\" data-element_type=\"widget\" data-widget_type=\"spacer.default\">\n\t\t\t\t<div class=\"elementor-widget-container\">\n\t\t\t\t\t<div class=\"elementor-spacer\">\n\t\t\t<div class=\"elementor-spacer-inner\"><\/div>\n\t\t<\/div>\n\t\t\t\t<\/div>\n\t\t\t\t<\/div>\n\t\t\t\t<div class=\"elementor-element elementor-element-5d287ada elementor-widget elementor-widget-image\" data-id=\"5d287ada\" data-element_type=\"widget\" data-widget_type=\"image.default\">\n\t\t\t\t<div class=\"elementor-widget-container\">\n\t\t\t\t\t<div class=\"elementor-image\">\n\t\t\t\t\t\t\t\t\t\t<img loading=\"lazy\" decoding=\"async\" width=\"291\" height=\"289\" src=\"https:\/\/focusonpack.com\/wp-content\/uploads\/2023\/07\/10head1.jpg\" class=\"elementor-animation-grow attachment-full size-full\" alt=\"\" srcset=\"https:\/\/focusonpack.com\/wp-content\/uploads\/2023\/07\/10head1.jpg 291w, https:\/\/focusonpack.com\/wp-content\/uploads\/2023\/07\/10head1-150x150.jpg 150w, https:\/\/focusonpack.com\/wp-content\/uploads\/2023\/07\/10head1-75x75.jpg 75w, https:\/\/focusonpack.com\/wp-content\/uploads\/2023\/07\/10head1-80x80.jpg 80w, https:\/\/focusonpack.com\/wp-content\/uploads\/2023\/07\/10head1-100x100.jpg 100w\" sizes=\"auto, (max-width: 291px) 100vw, 291px\" \/>\t\t\t\t\t\t\t\t\t\t\t<\/div>\n\t\t\t\t<\/div>\n\t\t\t\t<\/div>\n\t\t\t\t<div class=\"elementor-element elementor-element-479385a7 elementor-button-info elementor-align-center elementor-widget elementor-widget-button\" data-id=\"479385a7\" data-element_type=\"widget\" data-widget_type=\"button.default\">\n\t\t\t\t<div class=\"elementor-widget-container\">\n\t\t\t\t\t<div class=\"elementor-button-wrapper\">\n\t\t\t<a href=\"https:\/\/focusonpack.com\/pl\/skontaktuj-sie-z-nami\/\" class=\"elementor-button-link elementor-button elementor-size-sm\" role=\"button\">\n\t\t\t\t\t\t<span class=\"elementor-button-content-wrapper\">\n\t\t\t\t\t\t<span class=\"elementor-button-text\">Zapytanie ofertowe<\/span>\n\t\t<\/span>\n\t\t\t\t\t<\/a>\n\t\t<\/div>\n\t\t\t\t<\/div>\n\t\t\t\t<\/div>\n\t\t\t\t\t\t<\/div>\n\t\t\t<\/div>\n\t\t<\/div>\n\t\t\t\t\t\t<\/div>\n\t\t\t<\/div>\n\t\t<\/section>\n\t\t\t\t\t\t<\/div>\n\t\t\t<\/div>\n\t\t<\/div>","protected":false},"excerpt":{"rendered":"<p>10 Head Automated Inline Time &hellip;<\/p>","protected":false},"author":1,"featured_media":0,"parent":2496,"menu_order":0,"comment_status":"closed","ping_status":"closed","template":"elementor_header_footer","meta":{"footnotes":""},"class_list":["post-3306","page","type-page","status-publish","hentry","no-thumb"],"yoast_head":"<!-- This site is optimized with the Yoast SEO plugin v24.8.1 - https:\/\/yoast.com\/wordpress\/plugins\/seo\/ -->\n<title>10 Head Automated Inline Time Gravity Bottle Filler - Focus on pack<\/title>\n<meta name=\"robots\" content=\"index, follow, max-snippet:-1, max-image-preview:large, max-video-preview:-1\" \/>\n<link rel=\"canonical\" href=\"https:\/\/focusonpack.com\/pl\/gravity-filling-machine\/10-head-automated-inline-time-gravity-bottle-filler\/\" \/>\n<meta property=\"og:locale\" content=\"pl_PL\" \/>\n<meta property=\"og:type\" content=\"article\" \/>\n<meta property=\"og:title\" content=\"10 Head Automated Inline Time Gravity Bottle Filler - Focus on pack\" \/>\n<meta property=\"og:description\" content=\"10 Head Automated Inline Time &hellip;\" \/>\n<meta property=\"og:url\" content=\"https:\/\/focusonpack.com\/pl\/gravity-filling-machine\/10-head-automated-inline-time-gravity-bottle-filler\/\" \/>\n<meta property=\"og:site_name\" content=\"Focus on pack\" \/>\n<meta property=\"article:modified_time\" content=\"2025-03-27T09:08:52+00:00\" \/>\n<meta property=\"og:image\" content=\"https:\/\/focusonpack.com\/wp-content\/uploads\/2023\/07\/10head1.jpg\" \/>\n<meta name=\"twitter:card\" content=\"summary_large_image\" \/>\n<meta name=\"twitter:label1\" content=\"Szacowany czas czytania\" \/>\n\t<meta name=\"twitter:data1\" content=\"3 minuty\" \/>\n<script type=\"application\/ld+json\" class=\"yoast-schema-graph\">{\"@context\":\"https:\/\/schema.org\",\"@graph\":[{\"@type\":\"WebPage\",\"@id\":\"https:\/\/focusonpack.com\/gravity-filling-machine\/10-head-automated-inline-time-gravity-bottle-filler\/\",\"url\":\"https:\/\/focusonpack.com\/gravity-filling-machine\/10-head-automated-inline-time-gravity-bottle-filler\/\",\"name\":\"10 Head Automated Inline Time Gravity Bottle Filler - Focus on pack\",\"isPartOf\":{\"@id\":\"https:\/\/focusonpack.com\/#website\"},\"primaryImageOfPage\":{\"@id\":\"https:\/\/focusonpack.com\/gravity-filling-machine\/10-head-automated-inline-time-gravity-bottle-filler\/#primaryimage\"},\"image\":{\"@id\":\"https:\/\/focusonpack.com\/gravity-filling-machine\/10-head-automated-inline-time-gravity-bottle-filler\/#primaryimage\"},\"thumbnailUrl\":\"https:\/\/focusonpack.com\/wp-content\/uploads\/2023\/07\/10head1.jpg\",\"datePublished\":\"2020-05-15T08:54:31+00:00\",\"dateModified\":\"2025-03-27T09:08:52+00:00\",\"breadcrumb\":{\"@id\":\"https:\/\/focusonpack.com\/gravity-filling-machine\/10-head-automated-inline-time-gravity-bottle-filler\/#breadcrumb\"},\"inLanguage\":\"pl-PL\",\"potentialAction\":[{\"@type\":\"ReadAction\",\"target\":[\"https:\/\/focusonpack.com\/gravity-filling-machine\/10-head-automated-inline-time-gravity-bottle-filler\/\"]}]},{\"@type\":\"ImageObject\",\"inLanguage\":\"pl-PL\",\"@id\":\"https:\/\/focusonpack.com\/gravity-filling-machine\/10-head-automated-inline-time-gravity-bottle-filler\/#primaryimage\",\"url\":\"https:\/\/focusonpack.com\/wp-content\/uploads\/2023\/07\/10head1.jpg\",\"contentUrl\":\"https:\/\/focusonpack.com\/wp-content\/uploads\/2023\/07\/10head1.jpg\"},{\"@type\":\"BreadcrumbList\",\"@id\":\"https:\/\/focusonpack.com\/gravity-filling-machine\/10-head-automated-inline-time-gravity-bottle-filler\/#breadcrumb\",\"itemListElement\":[{\"@type\":\"ListItem\",\"position\":1,\"name\":\"\u9996\u9875\",\"item\":\"https:\/\/focusonpack.com\/\"},{\"@type\":\"ListItem\",\"position\":2,\"name\":\"Gravity Filling Machine\",\"item\":\"https:\/\/focusonpack.com\/gravity-filling-machine\/\"},{\"@type\":\"ListItem\",\"position\":3,\"name\":\"10 Head Automated Inline Time Gravity Bottle Filler\"}]},{\"@type\":\"WebSite\",\"@id\":\"https:\/\/focusonpack.com\/#website\",\"url\":\"https:\/\/focusonpack.com\/\",\"name\":\"Focus on pack\",\"description\":\"\",\"potentialAction\":[{\"@type\":\"SearchAction\",\"target\":{\"@type\":\"EntryPoint\",\"urlTemplate\":\"https:\/\/focusonpack.com\/?s={search_term_string}\"},\"query-input\":{\"@type\":\"PropertyValueSpecification\",\"valueRequired\":true,\"valueName\":\"search_term_string\"}}],\"inLanguage\":\"pl-PL\"}]}<\/script>\n<!-- \/ Yoast SEO plugin. -->","yoast_head_json":{"title":"10 Head Automated Inline Time Gravity Bottle Filler - Focus on pack","robots":{"index":"index","follow":"follow","max-snippet":"max-snippet:-1","max-image-preview":"max-image-preview:large","max-video-preview":"max-video-preview:-1"},"canonical":"https:\/\/focusonpack.com\/pl\/gravity-filling-machine\/10-head-automated-inline-time-gravity-bottle-filler\/","og_locale":"pl_PL","og_type":"article","og_title":"10 Head Automated Inline Time Gravity Bottle Filler - Focus on pack","og_description":"10 Head Automated Inline Time &hellip;","og_url":"https:\/\/focusonpack.com\/pl\/gravity-filling-machine\/10-head-automated-inline-time-gravity-bottle-filler\/","og_site_name":"Focus on pack","article_modified_time":"2025-03-27T09:08:52+00:00","og_image":[{"url":"https:\/\/focusonpack.com\/wp-content\/uploads\/2023\/07\/10head1.jpg","type":"","width":"","height":""}],"twitter_card":"summary_large_image","twitter_misc":{"Szacowany czas czytania":"3 minuty"},"schema":{"@context":"https:\/\/schema.org","@graph":[{"@type":"WebPage","@id":"https:\/\/focusonpack.com\/gravity-filling-machine\/10-head-automated-inline-time-gravity-bottle-filler\/","url":"https:\/\/focusonpack.com\/gravity-filling-machine\/10-head-automated-inline-time-gravity-bottle-filler\/","name":"10 Head Automated Inline Time Gravity Bottle Filler - Focus on pack","isPartOf":{"@id":"https:\/\/focusonpack.com\/#website"},"primaryImageOfPage":{"@id":"https:\/\/focusonpack.com\/gravity-filling-machine\/10-head-automated-inline-time-gravity-bottle-filler\/#primaryimage"},"image":{"@id":"https:\/\/focusonpack.com\/gravity-filling-machine\/10-head-automated-inline-time-gravity-bottle-filler\/#primaryimage"},"thumbnailUrl":"https:\/\/focusonpack.com\/wp-content\/uploads\/2023\/07\/10head1.jpg","datePublished":"2020-05-15T08:54:31+00:00","dateModified":"2025-03-27T09:08:52+00:00","breadcrumb":{"@id":"https:\/\/focusonpack.com\/gravity-filling-machine\/10-head-automated-inline-time-gravity-bottle-filler\/#breadcrumb"},"inLanguage":"pl-PL","potentialAction":[{"@type":"ReadAction","target":["https:\/\/focusonpack.com\/gravity-filling-machine\/10-head-automated-inline-time-gravity-bottle-filler\/"]}]},{"@type":"ImageObject","inLanguage":"pl-PL","@id":"https:\/\/focusonpack.com\/gravity-filling-machine\/10-head-automated-inline-time-gravity-bottle-filler\/#primaryimage","url":"https:\/\/focusonpack.com\/wp-content\/uploads\/2023\/07\/10head1.jpg","contentUrl":"https:\/\/focusonpack.com\/wp-content\/uploads\/2023\/07\/10head1.jpg"},{"@type":"BreadcrumbList","@id":"https:\/\/focusonpack.com\/gravity-filling-machine\/10-head-automated-inline-time-gravity-bottle-filler\/#breadcrumb","itemListElement":[{"@type":"ListItem","position":1,"name":"\u9996\u9875","item":"https:\/\/focusonpack.com\/"},{"@type":"ListItem","position":2,"name":"Gravity Filling Machine","item":"https:\/\/focusonpack.com\/gravity-filling-machine\/"},{"@type":"ListItem","position":3,"name":"10 Head Automated Inline Time Gravity Bottle Filler"}]},{"@type":"WebSite","@id":"https:\/\/focusonpack.com\/#website","url":"https:\/\/focusonpack.com\/","name":"Focus on pack","description":"","potentialAction":[{"@type":"SearchAction","target":{"@type":"EntryPoint","urlTemplate":"https:\/\/focusonpack.com\/?s={search_term_string}"},"query-input":{"@type":"PropertyValueSpecification","valueRequired":true,"valueName":"search_term_string"}}],"inLanguage":"pl-PL"}]}},"_links":{"self":[{"href":"https:\/\/focusonpack.com\/pl\/wp-json\/wp\/v2\/pages\/3306","targetHints":{"allow":["GET"]}}],"collection":[{"href":"https:\/\/focusonpack.com\/pl\/wp-json\/wp\/v2\/pages"}],"about":[{"href":"https:\/\/focusonpack.com\/pl\/wp-json\/wp\/v2\/types\/page"}],"author":[{"embeddable":true,"href":"https:\/\/focusonpack.com\/pl\/wp-json\/wp\/v2\/users\/1"}],"replies":[{"embeddable":true,"href":"https:\/\/focusonpack.com\/pl\/wp-json\/wp\/v2\/comments?post=3306"}],"version-history":[{"count":17,"href":"https:\/\/focusonpack.com\/pl\/wp-json\/wp\/v2\/pages\/3306\/revisions"}],"predecessor-version":[{"id":4614,"href":"https:\/\/focusonpack.com\/pl\/wp-json\/wp\/v2\/pages\/3306\/revisions\/4614"}],"up":[{"embeddable":true,"href":"https:\/\/focusonpack.com\/pl\/wp-json\/wp\/v2\/pages\/2496"}],"wp:attachment":[{"href":"https:\/\/focusonpack.com\/pl\/wp-json\/wp\/v2\/media?parent=3306"}],"curies":[{"name":"wp","href":"https:\/\/api.w.org\/{rel}","templated":true}]}}