{"id":3450,"date":"2020-05-16T13:36:55","date_gmt":"2020-05-16T05:36:55","guid":{"rendered":"https:\/\/focusonpack.com\/?page_id=3450"},"modified":"2023-07-21T14:24:24","modified_gmt":"2023-07-21T06:24:24","slug":"automatic-rotary-capping-machines","status":"publish","type":"page","link":"https:\/\/focusonpack.com\/pl\/automatic-rotary-capping-machines\/","title":{"rendered":"Automatyczne zakr\u0119carki rotacyjne"},"content":{"rendered":"<div data-elementor-type=\"wp-page\" data-elementor-id=\"3450\" class=\"elementor elementor-3450\" data-elementor-settings=\"[]\">\n\t\t\t<div class=\"elementor-inner\">\n\t\t\t\t<div class=\"elementor-section-wrap\">\n\t\t\t\t\t\t\t<section class=\"elementor-element elementor-element-46bb8bcc elementor-section-boxed elementor-section-height-default elementor-section-height-default elementor-section elementor-top-section\" data-id=\"46bb8bcc\" data-element_type=\"section\">\n\t\t\t\t\t\t<div class=\"elementor-container elementor-column-gap-default\">\n\t\t\t\t<div class=\"elementor-row\">\n\t\t\t\t<div class=\"elementor-element elementor-element-3c72091a elementor-column elementor-col-50 elementor-top-column\" data-id=\"3c72091a\" data-element_type=\"column\">\n\t\t\t<div class=\"elementor-column-wrap  elementor-element-populated\">\n\t\t\t\t\t<div class=\"elementor-widget-wrap\">\n\t\t\t\t<div class=\"elementor-element elementor-element-4b7cca7 elementor-widget elementor-widget-heading\" data-id=\"4b7cca7\" data-element_type=\"widget\" data-widget_type=\"heading.default\">\n\t\t\t\t<div class=\"elementor-widget-container\">\n\t\t\t<h3 class=\"elementor-heading-title elementor-size-default\">Automatyczna obrotowa maszyna zamykaj\u0105ca<\/h3>\t\t<\/div>\n\t\t\t\t<\/div>\n\t\t\t\t<div class=\"elementor-element elementor-element-4a2d9050 elementor-widget elementor-widget-text-editor\" data-id=\"4a2d9050\" data-element_type=\"widget\" data-widget_type=\"text-editor.default\">\n\t\t\t\t<div class=\"elementor-widget-container\">\n\t\t\t\t\t<div class=\"elementor-text-editor elementor-clearfix\"><p>Automatyczne zakr\u0119carki obrotowe s\u0105 przeznaczone do obs\u0142ugi szerokiej gamy zakr\u0119tek, w tym zakr\u0119tek zakr\u0119canych, zakr\u0119tek wciskanych, zakr\u0119tek zabezpieczaj\u0105cych przed manipulacj\u0105, zakr\u0119tek aerozolowych, wk\u0142adek, zakr\u0119tek ROPP, zakr\u0119tek koronowych, zakr\u0119tek odkr\u0119canych do pojemnik\u00f3w plastikowych i szklanych. Kapsle ROPP, kapsle koronowe, zakr\u0119cane kapsle do plastikowych i szklanych pojemnik\u00f3w. Kapsle rotacyjne maj\u0105 znacznie wi\u0119ksz\u0105 pr\u0119dko\u015b\u0107 ni\u017c zakr\u0119carki liniowe. Zakr\u0119carki rotacyjne maj\u0105 znacznie wi\u0119ksze mo\u017cliwo\u015bci w zakresie pr\u0119dko\u015bci ni\u017c zakr\u0119carki liniowe.<\/p><\/div>\n\t\t\t\t<\/div>\n\t\t\t\t<\/div>\n\t\t\t\t<div class=\"elementor-element elementor-element-67ad48d8 elementor-widget elementor-widget-text-editor\" data-id=\"67ad48d8\" data-element_type=\"widget\" data-widget_type=\"text-editor.default\">\n\t\t\t\t<div class=\"elementor-widget-container\">\n\t\t\t\t\t<div class=\"elementor-text-editor elementor-clearfix\"><p>The containers are fed onto the rotary screw capper and are separated and positioned on individual capping stations. The caps are presorted and fed on the sliding table of the machine. The continuously rotating chucks are lowered over the cap to pick up and secure the caps, then apply the caps to the containers. When the preset applied torque value is achieved, the magnetic clutch disengages, the chuck releases the cap and the closed container is discharged from the machine.<\/p><\/div>\n\t\t\t\t<\/div>\n\t\t\t\t<\/div>\n\t\t\t\t<div class=\"elementor-element elementor-element-16484a21 elementor-widget elementor-widget-heading\" data-id=\"16484a21\" data-element_type=\"widget\" data-widget_type=\"heading.default\">\n\t\t\t\t<div class=\"elementor-widget-container\">\n\t\t\t<h3 class=\"elementor-heading-title elementor-size-default\">Kluczowe cechy<\/h3>\t\t<\/div>\n\t\t\t\t<\/div>\n\t\t\t\t<div class=\"elementor-element elementor-element-11afe737 elementor-widget elementor-widget-text-editor\" data-id=\"11afe737\" data-element_type=\"widget\" data-widget_type=\"text-editor.default\">\n\t\t\t\t<div class=\"elementor-widget-container\">\n\t\t\t\t\t<div class=\"elementor-text-editor elementor-clearfix\"><p>Direction: Right to left or left to right<\/p><p>Mains Power requirement: 380v 3ph 50hz<\/p><p>Compressed air reqequirement: 3cfm at 5 Bar<\/p><p>Numbers of Capping Head:1,4,6,8,10,12.<\/p><p>Output: 2000,4000,6000,8000,10000,12000 Bottles\/Hr<\/p><p>Carbon steel base mounted on adjustable floor levellers for easy alignment<\/p><p>Bearing frame and all surface components manufactured in 304 stainless steel<\/p><p>Magnetic clutch capping heads for screw caps complete with pick &amp; place cap system<\/p><p>Caps in chute photocell, machine will not work if there are no caps present on chute<\/p><p>Automatic cap feeder, chute and applicating head<\/p><p>Electrical socket for optional elevator feed<\/p><p>Safety guarding with interlock devices<\/p><p>Cap change parts complete set to run a different size cap(option)<\/p><p>Cap elevator to load the cap feeder automatically(option)<\/p><\/div>\n\t\t\t\t<\/div>\n\t\t\t\t<\/div>\n\t\t\t\t\t\t<\/div>\n\t\t\t<\/div>\n\t\t<\/div>\n\t\t\t\t<div class=\"elementor-element elementor-element-bb353bb elementor-column elementor-col-50 elementor-top-column\" data-id=\"bb353bb\" data-element_type=\"column\">\n\t\t\t<div class=\"elementor-column-wrap  elementor-element-populated\">\n\t\t\t\t\t<div class=\"elementor-widget-wrap\">\n\t\t\t\t<div class=\"elementor-element elementor-element-13f0b652 elementor-widget elementor-widget-spacer\" data-id=\"13f0b652\" data-element_type=\"widget\" data-widget_type=\"spacer.default\">\n\t\t\t\t<div class=\"elementor-widget-container\">\n\t\t\t\t\t<div class=\"elementor-spacer\">\n\t\t\t<div class=\"elementor-spacer-inner\"><\/div>\n\t\t<\/div>\n\t\t\t\t<\/div>\n\t\t\t\t<\/div>\n\t\t\t\t<div class=\"elementor-element elementor-element-5665c7f5 elementor-widget elementor-widget-image\" data-id=\"5665c7f5\" data-element_type=\"widget\" data-widget_type=\"image.default\">\n\t\t\t\t<div class=\"elementor-widget-container\">\n\t\t\t\t\t<div class=\"elementor-image\">\n\t\t\t\t\t\t\t\t\t\t<img loading=\"lazy\" decoding=\"async\" width=\"300\" height=\"200\" src=\"https:\/\/focusonpack.com\/wp-content\/uploads\/2023\/07\/capping-3-3.jpg\" class=\"attachment-full size-full\" alt=\"\" srcset=\"https:\/\/focusonpack.com\/wp-content\/uploads\/2023\/07\/capping-3-3.jpg 300w, https:\/\/focusonpack.com\/wp-content\/uploads\/2023\/07\/capping-3-3-270x180.jpg 270w\" sizes=\"auto, (max-width: 300px) 100vw, 300px\" \/>\t\t\t\t\t\t\t\t\t\t\t<\/div>\n\t\t\t\t<\/div>\n\t\t\t\t<\/div>\n\t\t\t\t<div class=\"elementor-element elementor-element-550794ce elementor-button-info elementor-align-center elementor-widget elementor-widget-button\" data-id=\"550794ce\" data-element_type=\"widget\" data-widget_type=\"button.default\">\n\t\t\t\t<div class=\"elementor-widget-container\">\n\t\t\t\t\t<div class=\"elementor-button-wrapper\">\n\t\t\t<a href=\"https:\/\/focusonpack.com\/pl\/skontaktuj-sie-z-nami\/\" class=\"elementor-button-link elementor-button elementor-size-sm\" role=\"button\">\n\t\t\t\t\t\t<span class=\"elementor-button-content-wrapper\">\n\t\t\t\t\t\t<span class=\"elementor-button-text\">Zapytanie ofertowe<\/span>\n\t\t<\/span>\n\t\t\t\t\t<\/a>\n\t\t<\/div>\n\t\t\t\t<\/div>\n\t\t\t\t<\/div>\n\t\t\t\t\t\t<\/div>\n\t\t\t<\/div>\n\t\t<\/div>\n\t\t\t\t\t\t<\/div>\n\t\t\t<\/div>\n\t\t<\/section>\n\t\t\t\t\t\t<\/div>\n\t\t\t<\/div>\n\t\t<\/div>","protected":false},"excerpt":{"rendered":"<p>Automatic Rotary Capping Machi&hellip;<\/p>","protected":false},"author":1,"featured_media":0,"parent":0,"menu_order":0,"comment_status":"closed","ping_status":"closed","template":"elementor_header_footer","meta":{"footnotes":""},"class_list":["post-3450","page","type-page","status-publish","hentry","no-thumb"],"yoast_head":"<!-- This site is optimized with the Yoast SEO plugin v24.8.1 - https:\/\/yoast.com\/wordpress\/plugins\/seo\/ -->\n<title>Automatic Rotary Capping Machines - Focus on pack<\/title>\n<meta name=\"robots\" content=\"index, follow, max-snippet:-1, max-image-preview:large, max-video-preview:-1\" \/>\n<link rel=\"canonical\" href=\"https:\/\/focusonpack.com\/pl\/automatic-rotary-capping-machines\/\" \/>\n<meta property=\"og:locale\" content=\"pl_PL\" \/>\n<meta property=\"og:type\" content=\"article\" \/>\n<meta property=\"og:title\" content=\"Automatic Rotary Capping Machines - Focus on pack\" \/>\n<meta property=\"og:description\" content=\"Automatic Rotary Capping Machi&hellip;\" \/>\n<meta property=\"og:url\" content=\"https:\/\/focusonpack.com\/pl\/automatic-rotary-capping-machines\/\" \/>\n<meta property=\"og:site_name\" content=\"Focus on pack\" \/>\n<meta property=\"article:modified_time\" content=\"2023-07-21T06:24:24+00:00\" \/>\n<meta property=\"og:image\" content=\"https:\/\/focusonpack.com\/wp-content\/uploads\/2023\/07\/capping-3-3.jpg\" \/>\n<meta name=\"twitter:card\" content=\"summary_large_image\" \/>\n<meta name=\"twitter:label1\" content=\"Szacowany czas czytania\" \/>\n\t<meta name=\"twitter:data1\" content=\"1 minuta\" \/>\n<script type=\"application\/ld+json\" class=\"yoast-schema-graph\">{\"@context\":\"https:\/\/schema.org\",\"@graph\":[{\"@type\":\"WebPage\",\"@id\":\"https:\/\/focusonpack.com\/automatic-rotary-capping-machines\/\",\"url\":\"https:\/\/focusonpack.com\/automatic-rotary-capping-machines\/\",\"name\":\"Automatic Rotary Capping Machines - Focus on pack\",\"isPartOf\":{\"@id\":\"https:\/\/focusonpack.com\/#website\"},\"primaryImageOfPage\":{\"@id\":\"https:\/\/focusonpack.com\/automatic-rotary-capping-machines\/#primaryimage\"},\"image\":{\"@id\":\"https:\/\/focusonpack.com\/automatic-rotary-capping-machines\/#primaryimage\"},\"thumbnailUrl\":\"https:\/\/focusonpack.com\/wp-content\/uploads\/2023\/07\/capping-3-3.jpg\",\"datePublished\":\"2020-05-16T05:36:55+00:00\",\"dateModified\":\"2023-07-21T06:24:24+00:00\",\"breadcrumb\":{\"@id\":\"https:\/\/focusonpack.com\/automatic-rotary-capping-machines\/#breadcrumb\"},\"inLanguage\":\"pl-PL\",\"potentialAction\":[{\"@type\":\"ReadAction\",\"target\":[\"https:\/\/focusonpack.com\/automatic-rotary-capping-machines\/\"]}]},{\"@type\":\"ImageObject\",\"inLanguage\":\"pl-PL\",\"@id\":\"https:\/\/focusonpack.com\/automatic-rotary-capping-machines\/#primaryimage\",\"url\":\"https:\/\/focusonpack.com\/wp-content\/uploads\/2023\/07\/capping-3-3.jpg\",\"contentUrl\":\"https:\/\/focusonpack.com\/wp-content\/uploads\/2023\/07\/capping-3-3.jpg\"},{\"@type\":\"BreadcrumbList\",\"@id\":\"https:\/\/focusonpack.com\/automatic-rotary-capping-machines\/#breadcrumb\",\"itemListElement\":[{\"@type\":\"ListItem\",\"position\":1,\"name\":\"\u9996\u9875\",\"item\":\"https:\/\/focusonpack.com\/\"},{\"@type\":\"ListItem\",\"position\":2,\"name\":\"Automatic Rotary Capping Machines\"}]},{\"@type\":\"WebSite\",\"@id\":\"https:\/\/focusonpack.com\/#website\",\"url\":\"https:\/\/focusonpack.com\/\",\"name\":\"Focus on pack\",\"description\":\"\",\"potentialAction\":[{\"@type\":\"SearchAction\",\"target\":{\"@type\":\"EntryPoint\",\"urlTemplate\":\"https:\/\/focusonpack.com\/?s={search_term_string}\"},\"query-input\":{\"@type\":\"PropertyValueSpecification\",\"valueRequired\":true,\"valueName\":\"search_term_string\"}}],\"inLanguage\":\"pl-PL\"}]}<\/script>\n<!-- \/ Yoast SEO plugin. -->","yoast_head_json":{"title":"Automatic Rotary Capping Machines - Focus on pack","robots":{"index":"index","follow":"follow","max-snippet":"max-snippet:-1","max-image-preview":"max-image-preview:large","max-video-preview":"max-video-preview:-1"},"canonical":"https:\/\/focusonpack.com\/pl\/automatic-rotary-capping-machines\/","og_locale":"pl_PL","og_type":"article","og_title":"Automatic Rotary Capping Machines - Focus on pack","og_description":"Automatic Rotary Capping Machi&hellip;","og_url":"https:\/\/focusonpack.com\/pl\/automatic-rotary-capping-machines\/","og_site_name":"Focus on pack","article_modified_time":"2023-07-21T06:24:24+00:00","og_image":[{"url":"https:\/\/focusonpack.com\/wp-content\/uploads\/2023\/07\/capping-3-3.jpg","type":"","width":"","height":""}],"twitter_card":"summary_large_image","twitter_misc":{"Szacowany czas czytania":"1 minuta"},"schema":{"@context":"https:\/\/schema.org","@graph":[{"@type":"WebPage","@id":"https:\/\/focusonpack.com\/automatic-rotary-capping-machines\/","url":"https:\/\/focusonpack.com\/automatic-rotary-capping-machines\/","name":"Automatic Rotary Capping Machines - Focus on pack","isPartOf":{"@id":"https:\/\/focusonpack.com\/#website"},"primaryImageOfPage":{"@id":"https:\/\/focusonpack.com\/automatic-rotary-capping-machines\/#primaryimage"},"image":{"@id":"https:\/\/focusonpack.com\/automatic-rotary-capping-machines\/#primaryimage"},"thumbnailUrl":"https:\/\/focusonpack.com\/wp-content\/uploads\/2023\/07\/capping-3-3.jpg","datePublished":"2020-05-16T05:36:55+00:00","dateModified":"2023-07-21T06:24:24+00:00","breadcrumb":{"@id":"https:\/\/focusonpack.com\/automatic-rotary-capping-machines\/#breadcrumb"},"inLanguage":"pl-PL","potentialAction":[{"@type":"ReadAction","target":["https:\/\/focusonpack.com\/automatic-rotary-capping-machines\/"]}]},{"@type":"ImageObject","inLanguage":"pl-PL","@id":"https:\/\/focusonpack.com\/automatic-rotary-capping-machines\/#primaryimage","url":"https:\/\/focusonpack.com\/wp-content\/uploads\/2023\/07\/capping-3-3.jpg","contentUrl":"https:\/\/focusonpack.com\/wp-content\/uploads\/2023\/07\/capping-3-3.jpg"},{"@type":"BreadcrumbList","@id":"https:\/\/focusonpack.com\/automatic-rotary-capping-machines\/#breadcrumb","itemListElement":[{"@type":"ListItem","position":1,"name":"\u9996\u9875","item":"https:\/\/focusonpack.com\/"},{"@type":"ListItem","position":2,"name":"Automatic Rotary Capping Machines"}]},{"@type":"WebSite","@id":"https:\/\/focusonpack.com\/#website","url":"https:\/\/focusonpack.com\/","name":"Focus on pack","description":"","potentialAction":[{"@type":"SearchAction","target":{"@type":"EntryPoint","urlTemplate":"https:\/\/focusonpack.com\/?s={search_term_string}"},"query-input":{"@type":"PropertyValueSpecification","valueRequired":true,"valueName":"search_term_string"}}],"inLanguage":"pl-PL"}]}},"_links":{"self":[{"href":"https:\/\/focusonpack.com\/pl\/wp-json\/wp\/v2\/pages\/3450","targetHints":{"allow":["GET"]}}],"collection":[{"href":"https:\/\/focusonpack.com\/pl\/wp-json\/wp\/v2\/pages"}],"about":[{"href":"https:\/\/focusonpack.com\/pl\/wp-json\/wp\/v2\/types\/page"}],"author":[{"embeddable":true,"href":"https:\/\/focusonpack.com\/pl\/wp-json\/wp\/v2\/users\/1"}],"replies":[{"embeddable":true,"href":"https:\/\/focusonpack.com\/pl\/wp-json\/wp\/v2\/comments?post=3450"}],"version-history":[{"count":7,"href":"https:\/\/focusonpack.com\/pl\/wp-json\/wp\/v2\/pages\/3450\/revisions"}],"predecessor-version":[{"id":4105,"href":"https:\/\/focusonpack.com\/pl\/wp-json\/wp\/v2\/pages\/3450\/revisions\/4105"}],"wp:attachment":[{"href":"https:\/\/focusonpack.com\/pl\/wp-json\/wp\/v2\/media?parent=3450"}],"curies":[{"name":"wp","href":"https:\/\/api.w.org\/{rel}","templated":true}]}}