{"id":4166,"date":"2025-03-20T14:20:26","date_gmt":"2025-03-20T06:20:26","guid":{"rendered":"https:\/\/focusonpack.com\/?page_id=4166"},"modified":"2025-03-21T13:58:39","modified_gmt":"2025-03-21T05:58:39","slug":"powder-packing-machine","status":"publish","type":"page","link":"https:\/\/focusonpack.com\/pl\/produkty\/wielofunkcyjna-maszyna-pakujaca\/powder-packing-machine\/","title":{"rendered":"Maszyna do pakowania proszk\u00f3w"},"content":{"rendered":"<div data-elementor-type=\"wp-page\" data-elementor-id=\"4166\" class=\"elementor elementor-4166\" data-elementor-settings=\"[]\">\n\t\t\t<div class=\"elementor-inner\">\n\t\t\t\t<div class=\"elementor-section-wrap\">\n\t\t\t\t\t\t\t<section class=\"elementor-element elementor-element-b35596 elementor-section-boxed elementor-section-height-default elementor-section-height-default elementor-section elementor-top-section\" data-id=\"b35596\" data-element_type=\"section\">\n\t\t\t\t\t\t<div class=\"elementor-container elementor-column-gap-default\">\n\t\t\t\t<div class=\"elementor-row\">\n\t\t\t\t<div class=\"elementor-element elementor-element-5cb832cf elementor-column elementor-col-50 elementor-top-column\" data-id=\"5cb832cf\" data-element_type=\"column\">\n\t\t\t<div class=\"elementor-column-wrap  elementor-element-populated\">\n\t\t\t\t\t<div class=\"elementor-widget-wrap\">\n\t\t\t\t<div class=\"elementor-element elementor-element-331438 elementor-invisible elementor-widget elementor-widget-heading\" data-id=\"331438\" data-element_type=\"widget\" data-settings=\"{&quot;_animation&quot;:&quot;fadeIn&quot;}\" data-widget_type=\"heading.default\">\n\t\t\t\t<div class=\"elementor-widget-container\">\n\t\t\t<h3 class=\"elementor-heading-title elementor-size-default\">Maszyna do pakowania proszk\u00f3w<\/h3>\t\t<\/div>\n\t\t\t\t<\/div>\n\t\t\t\t<div class=\"elementor-element elementor-element-c82e361 elementor-widget elementor-widget-text-editor\" data-id=\"c82e361\" data-element_type=\"widget\" data-widget_type=\"text-editor.default\">\n\t\t\t\t<div class=\"elementor-widget-container\">\n\t\t\t\t\t<div class=\"elementor-text-editor elementor-clearfix\"><p>Nasza maszyna do pakowania proszku usprawnia proces pakowania proszku do worka w trzech etapach: formowanie worka, nape\u0142nianie i zamykanie. Obrotowa \u015bruba precyzyjnie przenosi proszek do uformowanych work\u00f3w, zapewniaj\u0105c dok\u0142adne nape\u0142nianie i minimalizuj\u0105c ilo\u015b\u0107 odpad\u00f3w. Obrotowa \u015bruba precyzyjnie przenosi proszek do uformowanych work\u00f3w, zapewniaj\u0105c dok\u0142adne nape\u0142nianie i minimalizuj\u0105c ilo\u015b\u0107 odpad\u00f3w.<br \/>W przemy\u015ble spo\u017cywczym idealnie nadaje si\u0119 do pakowania produkt\u00f3w takich jak m\u0105ka, cukier i przyprawy w proszku. R\u00f3wnie\u017c w sektorze chemicznym nadaje si\u0119 do pakowania r\u00f3\u017cnych proszk\u00f3w przemys\u0142owych. Dzi\u0119ki niezawodnej wydajno\u015bci oferuje kompleksowe rozwi\u0105zanie do pakowania proszk\u00f3w, zwi\u0119kszaj\u0105c produktywno\u015b\u0107 w tych bran\u017cach.<\/p><\/div>\n\t\t\t\t<\/div>\n\t\t\t\t<\/div>\n\t\t\t\t<div class=\"elementor-element elementor-element-78a6afb elementor-invisible elementor-widget elementor-widget-heading\" data-id=\"78a6afb\" data-element_type=\"widget\" data-settings=\"{&quot;_animation&quot;:&quot;fadeIn&quot;}\" data-widget_type=\"heading.default\">\n\t\t\t\t<div class=\"elementor-widget-container\">\n\t\t\t<h3 class=\"elementor-heading-title elementor-size-default\">Kluczowe cechy<\/h3>\t\t<\/div>\n\t\t\t\t<\/div>\n\t\t\t\t<div class=\"elementor-element elementor-element-66e6fff6 elementor-widget elementor-widget-text-editor\" data-id=\"66e6fff6\" data-element_type=\"widget\" data-widget_type=\"text-editor.default\">\n\t\t\t\t<div class=\"elementor-widget-container\">\n\t\t\t\t\t<div class=\"elementor-text-editor elementor-clearfix\"><p>\u00a0<b>\u2022<\/b> Bag length,packing volume, speed , &amp; etc data &amp;adjustment can be displayed on the screen.The usercan directly operate it on it.<\/p><p>\u00a0<b>\u2022 <\/b>It can automatically finish making-bag, metering, filling, sealing, cutting, counting and printing batchnumber.<\/p><p>\u00a0<b><\/b><\/p><\/div>\n\t\t\t\t<\/div>\n\t\t\t\t<\/div>\n\t\t\t\t\t\t<\/div>\n\t\t\t<\/div>\n\t\t<\/div>\n\t\t\t\t<div class=\"elementor-element elementor-element-3e1f972b elementor-column elementor-col-50 elementor-top-column\" data-id=\"3e1f972b\" data-element_type=\"column\">\n\t\t\t<div class=\"elementor-column-wrap  elementor-element-populated\">\n\t\t\t\t\t<div class=\"elementor-widget-wrap\">\n\t\t\t\t<div class=\"elementor-element elementor-element-626c9e8a elementor-widget elementor-widget-image\" data-id=\"626c9e8a\" data-element_type=\"widget\" data-widget_type=\"image.default\">\n\t\t\t\t<div class=\"elementor-widget-container\">\n\t\t\t\t\t<div class=\"elementor-image\">\n\t\t\t\t\t\t\t\t\t\t\t<a href=\"https:\/\/focusonpack.com\/wp-content\/uploads\/2025\/03\/Powder-Packing-Machine-logo.png\">\n\t\t\t\t\t\t\t<img loading=\"lazy\" decoding=\"async\" width=\"768\" height=\"768\" src=\"https:\/\/focusonpack.com\/wp-content\/uploads\/2025\/03\/Powder-Packing-Machine-768x768.jpg\" class=\"elementor-animation-grow attachment-medium_large size-medium_large\" alt=\"\" srcset=\"https:\/\/focusonpack.com\/wp-content\/uploads\/2025\/03\/Powder-Packing-Machine-768x768.jpg 768w, https:\/\/focusonpack.com\/wp-content\/uploads\/2025\/03\/Powder-Packing-Machine-300x300.jpg 300w, https:\/\/focusonpack.com\/wp-content\/uploads\/2025\/03\/Powder-Packing-Machine-150x150.jpg 150w, https:\/\/focusonpack.com\/wp-content\/uploads\/2025\/03\/Powder-Packing-Machine-75x75.jpg 75w, https:\/\/focusonpack.com\/wp-content\/uploads\/2025\/03\/Powder-Packing-Machine-80x80.jpg 80w, https:\/\/focusonpack.com\/wp-content\/uploads\/2025\/03\/Powder-Packing-Machine-600x600.jpg 600w, https:\/\/focusonpack.com\/wp-content\/uploads\/2025\/03\/Powder-Packing-Machine-100x100.jpg 100w, https:\/\/focusonpack.com\/wp-content\/uploads\/2025\/03\/Powder-Packing-Machine.jpg 800w\" sizes=\"auto, (max-width: 768px) 100vw, 768px\" \/>\t\t\t\t\t\t\t\t<\/a>\n\t\t\t\t\t\t\t\t\t\t\t<\/div>\n\t\t\t\t<\/div>\n\t\t\t\t<\/div>\n\t\t\t\t<div class=\"elementor-element elementor-element-5cf6d485 elementor-button-info elementor-align-center elementor-widget elementor-widget-button\" data-id=\"5cf6d485\" data-element_type=\"widget\" data-widget_type=\"button.default\">\n\t\t\t\t<div class=\"elementor-widget-container\">\n\t\t\t\t\t<div class=\"elementor-button-wrapper\">\n\t\t\t<a href=\"https:\/\/focusonpack.com\/pl\/skontaktuj-sie-z-nami\/\" class=\"elementor-button-link elementor-button elementor-size-sm\" role=\"button\">\n\t\t\t\t\t\t<span class=\"elementor-button-content-wrapper\">\n\t\t\t\t\t\t<span class=\"elementor-button-text\">Zapytanie ofertowe<\/span>\n\t\t<\/span>\n\t\t\t\t\t<\/a>\n\t\t<\/div>\n\t\t\t\t<\/div>\n\t\t\t\t<\/div>\n\t\t\t\t\t\t<\/div>\n\t\t\t<\/div>\n\t\t<\/div>\n\t\t\t\t\t\t<\/div>\n\t\t\t<\/div>\n\t\t<\/section>\n\t\t\t\t<section class=\"elementor-element elementor-element-550634ce elementor-section-boxed elementor-section-height-default elementor-section-height-default elementor-section elementor-top-section\" data-id=\"550634ce\" data-element_type=\"section\">\n\t\t\t\t\t\t<div class=\"elementor-container elementor-column-gap-default\">\n\t\t\t\t<div class=\"elementor-row\">\n\t\t\t\t<div class=\"elementor-element elementor-element-4fb416fb elementor-column elementor-col-16 elementor-top-column\" data-id=\"4fb416fb\" data-element_type=\"column\">\n\t\t\t<div class=\"elementor-column-wrap  elementor-element-populated\">\n\t\t\t\t\t<div class=\"elementor-widget-wrap\">\n\t\t\t\t<div class=\"elementor-element elementor-element-1d1e4b34 elementor-invisible elementor-widget elementor-widget-image\" data-id=\"1d1e4b34\" data-element_type=\"widget\" data-settings=\"{&quot;_animation&quot;:&quot;fadeIn&quot;}\" data-widget_type=\"image.default\">\n\t\t\t\t<div class=\"elementor-widget-container\">\n\t\t\t\t\t<div class=\"elementor-image\">\n\t\t\t\t\t\t\t<figure class=\"wp-caption\">\n\t\t\t\t\t\t\t\t\t\t<img loading=\"lazy\" decoding=\"async\" width=\"216\" height=\"199\" src=\"https:\/\/focusonpack.com\/wp-content\/uploads\/2025\/03\/PLC-\u7c89.png\" class=\"attachment-factoryplus-related-project-thumb size-factoryplus-related-project-thumb\" alt=\"\" \/>\t\t\t\t\t\t\t\t\t\t\t<figcaption class=\"widget-image-caption wp-caption-text\">PLC<\/figcaption>\n\t\t\t\t\t\t\t\t\t\t<\/figure>\n\t\t\t\t\t<\/div>\n\t\t\t\t<\/div>\n\t\t\t\t<\/div>\n\t\t\t\t\t\t<\/div>\n\t\t\t<\/div>\n\t\t<\/div>\n\t\t\t\t<div class=\"elementor-element elementor-element-70b341a1 elementor-column elementor-col-16 elementor-top-column\" data-id=\"70b341a1\" data-element_type=\"column\">\n\t\t\t<div class=\"elementor-column-wrap  elementor-element-populated\">\n\t\t\t\t\t<div class=\"elementor-widget-wrap\">\n\t\t\t\t<div class=\"elementor-element elementor-element-3f21cb38 elementor-invisible elementor-widget elementor-widget-image\" data-id=\"3f21cb38\" data-element_type=\"widget\" data-settings=\"{&quot;_animation&quot;:&quot;fadeIn&quot;}\" data-widget_type=\"image.default\">\n\t\t\t\t<div class=\"elementor-widget-container\">\n\t\t\t\t\t<div class=\"elementor-image\">\n\t\t\t\t\t\t\t<figure class=\"wp-caption\">\n\t\t\t\t\t\t\t\t\t\t<img loading=\"lazy\" decoding=\"async\" width=\"215\" height=\"200\" src=\"https:\/\/focusonpack.com\/wp-content\/uploads\/2025\/03\/Coder-215x200.png\" class=\"attachment-factoryplus-blog-grid-thumb size-factoryplus-blog-grid-thumb\" alt=\"\" \/>\t\t\t\t\t\t\t\t\t\t\t<figcaption class=\"widget-image-caption wp-caption-text\">   Coder<\/figcaption>\n\t\t\t\t\t\t\t\t\t\t<\/figure>\n\t\t\t\t\t<\/div>\n\t\t\t\t<\/div>\n\t\t\t\t<\/div>\n\t\t\t\t\t\t<\/div>\n\t\t\t<\/div>\n\t\t<\/div>\n\t\t\t\t<div class=\"elementor-element elementor-element-501bf2b6 elementor-column elementor-col-16 elementor-top-column\" data-id=\"501bf2b6\" data-element_type=\"column\">\n\t\t\t<div class=\"elementor-column-wrap  elementor-element-populated\">\n\t\t\t\t\t<div class=\"elementor-widget-wrap\">\n\t\t\t\t<div class=\"elementor-element elementor-element-491d1aa0 elementor-invisible elementor-widget elementor-widget-image\" data-id=\"491d1aa0\" data-element_type=\"widget\" data-settings=\"{&quot;_animation&quot;:&quot;fadeIn&quot;}\" data-widget_type=\"image.default\">\n\t\t\t\t<div class=\"elementor-widget-container\">\n\t\t\t\t\t<div class=\"elementor-image\">\n\t\t\t\t\t\t\t<figure class=\"wp-caption\">\n\t\t\t\t\t\t\t\t\t\t<img loading=\"lazy\" decoding=\"async\" width=\"216\" height=\"199\" src=\"https:\/\/focusonpack.com\/wp-content\/uploads\/2025\/03\/hopper-\u7c89.png\" class=\"attachment-factoryplus-related-project-thumb size-factoryplus-related-project-thumb\" alt=\"\" \/>\t\t\t\t\t\t\t\t\t\t\t<figcaption class=\"widget-image-caption wp-caption-text\">Hopper<\/figcaption>\n\t\t\t\t\t\t\t\t\t\t<\/figure>\n\t\t\t\t\t<\/div>\n\t\t\t\t<\/div>\n\t\t\t\t<\/div>\n\t\t\t\t\t\t<\/div>\n\t\t\t<\/div>\n\t\t<\/div>\n\t\t\t\t<div class=\"elementor-element elementor-element-1d625b92 elementor-column elementor-col-16 elementor-top-column\" data-id=\"1d625b92\" data-element_type=\"column\">\n\t\t\t<div class=\"elementor-column-wrap  elementor-element-populated\">\n\t\t\t\t\t<div class=\"elementor-widget-wrap\">\n\t\t\t\t<div class=\"elementor-element elementor-element-4073a3fb elementor-invisible elementor-widget elementor-widget-image\" data-id=\"4073a3fb\" data-element_type=\"widget\" data-settings=\"{&quot;_animation&quot;:&quot;fadeIn&quot;}\" data-widget_type=\"image.default\">\n\t\t\t\t<div class=\"elementor-widget-container\">\n\t\t\t\t\t<div class=\"elementor-image\">\n\t\t\t\t\t\t\t<figure class=\"wp-caption\">\n\t\t\t\t\t\t\t\t\t\t<img loading=\"lazy\" decoding=\"async\" width=\"216\" height=\"199\" src=\"https:\/\/focusonpack.com\/wp-content\/uploads\/2025\/03\/vibrator.png\" class=\"attachment-factoryplus-related-project-thumb size-factoryplus-related-project-thumb\" alt=\"\" \/>\t\t\t\t\t\t\t\t\t\t\t<figcaption class=\"widget-image-caption wp-caption-text\">Vibrator<\/figcaption>\n\t\t\t\t\t\t\t\t\t\t<\/figure>\n\t\t\t\t\t<\/div>\n\t\t\t\t<\/div>\n\t\t\t\t<\/div>\n\t\t\t\t\t\t<\/div>\n\t\t\t<\/div>\n\t\t<\/div>\n\t\t\t\t<div class=\"elementor-element elementor-element-16cd6508 elementor-column elementor-col-16 elementor-top-column\" data-id=\"16cd6508\" data-element_type=\"column\">\n\t\t\t<div class=\"elementor-column-wrap  elementor-element-populated\">\n\t\t\t\t\t<div class=\"elementor-widget-wrap\">\n\t\t\t\t<div class=\"elementor-element elementor-element-2ffa4ffa elementor-invisible elementor-widget elementor-widget-image\" data-id=\"2ffa4ffa\" data-element_type=\"widget\" data-settings=\"{&quot;_animation&quot;:&quot;fadeIn&quot;}\" data-widget_type=\"image.default\">\n\t\t\t\t<div class=\"elementor-widget-container\">\n\t\t\t\t\t<div class=\"elementor-image\">\n\t\t\t\t\t\t\t<figure class=\"wp-caption\">\n\t\t\t\t\t\t\t\t\t\t<img loading=\"lazy\" decoding=\"async\" width=\"216\" height=\"199\" src=\"https:\/\/focusonpack.com\/wp-content\/uploads\/2025\/03\/film-fixing-\u7c89.png\" class=\"attachment-factoryplus-related-project-thumb size-factoryplus-related-project-thumb\" alt=\"\" \/>\t\t\t\t\t\t\t\t\t\t\t<figcaption class=\"widget-image-caption wp-caption-text\">Film-fixing<\/figcaption>\n\t\t\t\t\t\t\t\t\t\t<\/figure>\n\t\t\t\t\t<\/div>\n\t\t\t\t<\/div>\n\t\t\t\t<\/div>\n\t\t\t\t\t\t<\/div>\n\t\t\t<\/div>\n\t\t<\/div>\n\t\t\t\t<div class=\"elementor-element elementor-element-5f1f870b elementor-column elementor-col-16 elementor-top-column\" data-id=\"5f1f870b\" data-element_type=\"column\">\n\t\t\t<div class=\"elementor-column-wrap\">\n\t\t\t\t\t<div class=\"elementor-widget-wrap\">\n\t\t\t\t\t\t<\/div>\n\t\t\t<\/div>\n\t\t<\/div>\n\t\t\t\t\t\t<\/div>\n\t\t\t<\/div>\n\t\t<\/section>\n\t\t\t\t<section class=\"elementor-element elementor-element-2c180d8c elementor-section-boxed elementor-section-height-default elementor-section-height-default elementor-section elementor-top-section\" data-id=\"2c180d8c\" data-element_type=\"section\">\n\t\t\t\t\t\t<div class=\"elementor-container elementor-column-gap-default\">\n\t\t\t\t<div class=\"elementor-row\">\n\t\t\t\t<div class=\"elementor-element elementor-element-662d9911 elementor-column elementor-col-66 elementor-top-column\" data-id=\"662d9911\" data-element_type=\"column\">\n\t\t\t<div class=\"elementor-column-wrap  elementor-element-populated\">\n\t\t\t\t\t<div class=\"elementor-widget-wrap\">\n\t\t\t\t<div class=\"elementor-element elementor-element-33f4b978 elementor-invisible elementor-widget elementor-widget-heading\" data-id=\"33f4b978\" data-element_type=\"widget\" data-settings=\"{&quot;_animation&quot;:&quot;fadeIn&quot;}\" data-widget_type=\"heading.default\">\n\t\t\t\t<div class=\"elementor-widget-container\">\n\t\t\t<h3 class=\"elementor-heading-title elementor-size-default\">Specyfikacja techniczna<\/h3>\t\t<\/div>\n\t\t\t\t<\/div>\n\t\t\t\t<div class=\"elementor-element elementor-element-5809a51b elementor-widget elementor-widget-text-editor\" data-id=\"5809a51b\" data-element_type=\"widget\" data-widget_type=\"text-editor.default\">\n\t\t\t\t<div class=\"elementor-widget-container\">\n\t\t\t\t\t<div class=\"elementor-text-editor elementor-clearfix\"><style>\n    table {\n        width: 780px; \/* \u5c06\u8868\u683c\u5bbd\u5ea6\u8bbe\u7f6e\u4e3a780px *\/\n        border-collapse: collapse;\n    }\n    th, td {\n        border: 1px solid #ddd;\n        padding: 8px;\n        text-align: center;\n    }\n    th {\n        background-color: #f2f2f2;\n    }\n<\/style>\n\n<table>\n<tbody>\n<tr>\n<th>Model<\/th>\n<th>HXL-K100<\/th>\n<th>HXL-K300<\/th>\n<\/tr>\n<tr>\n<td>Bag-making length<\/td>\n<td>40-160mm<\/td>\n<td>50-300mm<\/td>\n<\/tr>\n<tr>\n<td>Bag-making width<\/td>\n<td>30-120mm<\/td>\n<td>50-400mm<\/td>\n<\/tr>\n<tr>\n<td>Bag-making style<\/td>\n<td>3 Side seal\u30014 Side seal\u3001back seal<\/td>\n<td>back seal<\/td>\n<\/tr>\n<tr>\n<td>Bag cacpacity<\/td>\n<td>5-100ml<\/td>\n<td>100-500ml<\/td>\n<\/tr>\n<tr>\n<td>Packing speed<\/td>\n<td>40-60bags\/min<\/td>\n<td>30-50bags\/min<\/td>\n<\/tr>\n<tr>\n<td>Power<\/td>\n<td>2.4kw<\/td>\n<td>2.4kw<\/td>\n<\/tr>\n<tr>\n<td>Wymiar<\/td>\n<td>80*100*180cm<\/td>\n<td>100*120*220cm<\/td>\n<\/tr>\n<tr>\n<td>Waga<\/td>\n<td>400KG<\/td>\n<td>580KG<\/td>\n<\/tr>\n<\/tbody>\n<\/table>\n* Dane techniczne mog\u0105 ulec zmianie bez powiadomienia, wszelkie prawa zastrze\u017cone.<\/div>\n\t\t\t\t<\/div>\n\t\t\t\t<\/div>\n\t\t\t\t\t\t<\/div>\n\t\t\t<\/div>\n\t\t<\/div>\n\t\t\t\t<div class=\"elementor-element elementor-element-93b8284 elementor-column elementor-col-33 elementor-top-column\" data-id=\"93b8284\" data-element_type=\"column\">\n\t\t\t<div class=\"elementor-column-wrap\">\n\t\t\t\t\t<div class=\"elementor-widget-wrap\">\n\t\t\t\t\t\t<\/div>\n\t\t\t<\/div>\n\t\t<\/div>\n\t\t\t\t\t\t<\/div>\n\t\t\t<\/div>\n\t\t<\/section>\n\t\t\t\t\t\t<\/div>\n\t\t\t<\/div>\n\t\t<\/div>","protected":false},"excerpt":{"rendered":"<p>Powder Packing Machine Our pow&hellip;<\/p>","protected":false},"author":1,"featured_media":0,"parent":4356,"menu_order":0,"comment_status":"closed","ping_status":"closed","template":"elementor_header_footer","meta":{"footnotes":""},"class_list":["post-4166","page","type-page","status-publish","hentry","no-thumb"],"yoast_head":"<!-- This site is optimized with the Yoast SEO plugin v24.8.1 - https:\/\/yoast.com\/wordpress\/plugins\/seo\/ -->\n<title>Powder Packing Machine - Focus on pack<\/title>\n<meta name=\"robots\" content=\"index, follow, max-snippet:-1, max-image-preview:large, max-video-preview:-1\" \/>\n<link rel=\"canonical\" href=\"https:\/\/focusonpack.com\/pl\/produkty\/wielofunkcyjna-maszyna-pakujaca\/powder-packing-machine\/\" \/>\n<meta property=\"og:locale\" content=\"pl_PL\" \/>\n<meta property=\"og:type\" content=\"article\" \/>\n<meta property=\"og:title\" content=\"Powder Packing Machine - Focus on pack\" \/>\n<meta property=\"og:description\" content=\"Powder Packing Machine Our pow&hellip;\" \/>\n<meta property=\"og:url\" content=\"https:\/\/focusonpack.com\/pl\/produkty\/wielofunkcyjna-maszyna-pakujaca\/powder-packing-machine\/\" \/>\n<meta property=\"og:site_name\" content=\"Focus on pack\" \/>\n<meta property=\"article:modified_time\" content=\"2025-03-21T05:58:39+00:00\" \/>\n<meta property=\"og:image\" content=\"https:\/\/focusonpack.com\/wp-content\/uploads\/2025\/03\/Powder-Packing-Machine-768x768.jpg\" \/>\n<meta name=\"twitter:card\" content=\"summary_large_image\" \/>\n<script type=\"application\/ld+json\" class=\"yoast-schema-graph\">{\"@context\":\"https:\/\/schema.org\",\"@graph\":[{\"@type\":\"WebPage\",\"@id\":\"https:\/\/focusonpack.com\/products\/multi-funaction-packing-machine\/powder-packing-machine\/\",\"url\":\"https:\/\/focusonpack.com\/products\/multi-funaction-packing-machine\/powder-packing-machine\/\",\"name\":\"Powder Packing Machine - Focus on pack\",\"isPartOf\":{\"@id\":\"https:\/\/focusonpack.com\/#website\"},\"primaryImageOfPage\":{\"@id\":\"https:\/\/focusonpack.com\/products\/multi-funaction-packing-machine\/powder-packing-machine\/#primaryimage\"},\"image\":{\"@id\":\"https:\/\/focusonpack.com\/products\/multi-funaction-packing-machine\/powder-packing-machine\/#primaryimage\"},\"thumbnailUrl\":\"https:\/\/focusonpack.com\/wp-content\/uploads\/2025\/03\/Powder-Packing-Machine-768x768.jpg\",\"datePublished\":\"2025-03-20T06:20:26+00:00\",\"dateModified\":\"2025-03-21T05:58:39+00:00\",\"breadcrumb\":{\"@id\":\"https:\/\/focusonpack.com\/products\/multi-funaction-packing-machine\/powder-packing-machine\/#breadcrumb\"},\"inLanguage\":\"pl-PL\",\"potentialAction\":[{\"@type\":\"ReadAction\",\"target\":[\"https:\/\/focusonpack.com\/products\/multi-funaction-packing-machine\/powder-packing-machine\/\"]}]},{\"@type\":\"ImageObject\",\"inLanguage\":\"pl-PL\",\"@id\":\"https:\/\/focusonpack.com\/products\/multi-funaction-packing-machine\/powder-packing-machine\/#primaryimage\",\"url\":\"https:\/\/focusonpack.com\/wp-content\/uploads\/2025\/03\/Powder-Packing-Machine-768x768.jpg\",\"contentUrl\":\"https:\/\/focusonpack.com\/wp-content\/uploads\/2025\/03\/Powder-Packing-Machine-768x768.jpg\"},{\"@type\":\"BreadcrumbList\",\"@id\":\"https:\/\/focusonpack.com\/products\/multi-funaction-packing-machine\/powder-packing-machine\/#breadcrumb\",\"itemListElement\":[{\"@type\":\"ListItem\",\"position\":1,\"name\":\"\u9996\u9875\",\"item\":\"https:\/\/focusonpack.com\/\"},{\"@type\":\"ListItem\",\"position\":2,\"name\":\"Products\",\"item\":\"https:\/\/focusonpack.com\/products\/\"},{\"@type\":\"ListItem\",\"position\":3,\"name\":\"Multifunction Packing Machine\",\"item\":\"https:\/\/focusonpack.com\/products\/multi-funaction-packing-machine\/\"},{\"@type\":\"ListItem\",\"position\":4,\"name\":\"Powder Packing Machine\"}]},{\"@type\":\"WebSite\",\"@id\":\"https:\/\/focusonpack.com\/#website\",\"url\":\"https:\/\/focusonpack.com\/\",\"name\":\"Focus on pack\",\"description\":\"\",\"potentialAction\":[{\"@type\":\"SearchAction\",\"target\":{\"@type\":\"EntryPoint\",\"urlTemplate\":\"https:\/\/focusonpack.com\/?s={search_term_string}\"},\"query-input\":{\"@type\":\"PropertyValueSpecification\",\"valueRequired\":true,\"valueName\":\"search_term_string\"}}],\"inLanguage\":\"pl-PL\"}]}<\/script>\n<!-- \/ Yoast SEO plugin. -->","yoast_head_json":{"title":"Powder Packing Machine - Focus on pack","robots":{"index":"index","follow":"follow","max-snippet":"max-snippet:-1","max-image-preview":"max-image-preview:large","max-video-preview":"max-video-preview:-1"},"canonical":"https:\/\/focusonpack.com\/pl\/produkty\/wielofunkcyjna-maszyna-pakujaca\/powder-packing-machine\/","og_locale":"pl_PL","og_type":"article","og_title":"Powder Packing Machine - Focus on pack","og_description":"Powder Packing Machine Our pow&hellip;","og_url":"https:\/\/focusonpack.com\/pl\/produkty\/wielofunkcyjna-maszyna-pakujaca\/powder-packing-machine\/","og_site_name":"Focus on pack","article_modified_time":"2025-03-21T05:58:39+00:00","og_image":[{"url":"https:\/\/focusonpack.com\/wp-content\/uploads\/2025\/03\/Powder-Packing-Machine-768x768.jpg","type":"","width":"","height":""}],"twitter_card":"summary_large_image","schema":{"@context":"https:\/\/schema.org","@graph":[{"@type":"WebPage","@id":"https:\/\/focusonpack.com\/products\/multi-funaction-packing-machine\/powder-packing-machine\/","url":"https:\/\/focusonpack.com\/products\/multi-funaction-packing-machine\/powder-packing-machine\/","name":"Powder Packing Machine - Focus on pack","isPartOf":{"@id":"https:\/\/focusonpack.com\/#website"},"primaryImageOfPage":{"@id":"https:\/\/focusonpack.com\/products\/multi-funaction-packing-machine\/powder-packing-machine\/#primaryimage"},"image":{"@id":"https:\/\/focusonpack.com\/products\/multi-funaction-packing-machine\/powder-packing-machine\/#primaryimage"},"thumbnailUrl":"https:\/\/focusonpack.com\/wp-content\/uploads\/2025\/03\/Powder-Packing-Machine-768x768.jpg","datePublished":"2025-03-20T06:20:26+00:00","dateModified":"2025-03-21T05:58:39+00:00","breadcrumb":{"@id":"https:\/\/focusonpack.com\/products\/multi-funaction-packing-machine\/powder-packing-machine\/#breadcrumb"},"inLanguage":"pl-PL","potentialAction":[{"@type":"ReadAction","target":["https:\/\/focusonpack.com\/products\/multi-funaction-packing-machine\/powder-packing-machine\/"]}]},{"@type":"ImageObject","inLanguage":"pl-PL","@id":"https:\/\/focusonpack.com\/products\/multi-funaction-packing-machine\/powder-packing-machine\/#primaryimage","url":"https:\/\/focusonpack.com\/wp-content\/uploads\/2025\/03\/Powder-Packing-Machine-768x768.jpg","contentUrl":"https:\/\/focusonpack.com\/wp-content\/uploads\/2025\/03\/Powder-Packing-Machine-768x768.jpg"},{"@type":"BreadcrumbList","@id":"https:\/\/focusonpack.com\/products\/multi-funaction-packing-machine\/powder-packing-machine\/#breadcrumb","itemListElement":[{"@type":"ListItem","position":1,"name":"\u9996\u9875","item":"https:\/\/focusonpack.com\/"},{"@type":"ListItem","position":2,"name":"Products","item":"https:\/\/focusonpack.com\/products\/"},{"@type":"ListItem","position":3,"name":"Multifunction Packing Machine","item":"https:\/\/focusonpack.com\/products\/multi-funaction-packing-machine\/"},{"@type":"ListItem","position":4,"name":"Powder Packing Machine"}]},{"@type":"WebSite","@id":"https:\/\/focusonpack.com\/#website","url":"https:\/\/focusonpack.com\/","name":"Focus on pack","description":"","potentialAction":[{"@type":"SearchAction","target":{"@type":"EntryPoint","urlTemplate":"https:\/\/focusonpack.com\/?s={search_term_string}"},"query-input":{"@type":"PropertyValueSpecification","valueRequired":true,"valueName":"search_term_string"}}],"inLanguage":"pl-PL"}]}},"_links":{"self":[{"href":"https:\/\/focusonpack.com\/pl\/wp-json\/wp\/v2\/pages\/4166","targetHints":{"allow":["GET"]}}],"collection":[{"href":"https:\/\/focusonpack.com\/pl\/wp-json\/wp\/v2\/pages"}],"about":[{"href":"https:\/\/focusonpack.com\/pl\/wp-json\/wp\/v2\/types\/page"}],"author":[{"embeddable":true,"href":"https:\/\/focusonpack.com\/pl\/wp-json\/wp\/v2\/users\/1"}],"replies":[{"embeddable":true,"href":"https:\/\/focusonpack.com\/pl\/wp-json\/wp\/v2\/comments?post=4166"}],"version-history":[{"count":8,"href":"https:\/\/focusonpack.com\/pl\/wp-json\/wp\/v2\/pages\/4166\/revisions"}],"predecessor-version":[{"id":4509,"href":"https:\/\/focusonpack.com\/pl\/wp-json\/wp\/v2\/pages\/4166\/revisions\/4509"}],"up":[{"embeddable":true,"href":"https:\/\/focusonpack.com\/pl\/wp-json\/wp\/v2\/pages\/4356"}],"wp:attachment":[{"href":"https:\/\/focusonpack.com\/pl\/wp-json\/wp\/v2\/media?parent=4166"}],"curies":[{"name":"wp","href":"https:\/\/api.w.org\/{rel}","templated":true}]}}