{"id":2393,"date":"2020-05-07T16:21:45","date_gmt":"2020-05-07T08:21:45","guid":{"rendered":"https:\/\/focusonpack.com\/?page_id=2393"},"modified":"2023-08-15T14:46:48","modified_gmt":"2023-08-15T06:46:48","slug":"about-us-2","status":"publish","type":"page","link":"https:\/\/focusonpack.com\/pt\/sobre-nos-2\/","title":{"rendered":"Sobre n\u00f3s"},"content":{"rendered":"<div data-elementor-type=\"wp-page\" data-elementor-id=\"2393\" class=\"elementor elementor-2393\" data-elementor-settings=\"[]\">\n\t\t\t<div class=\"elementor-inner\">\n\t\t\t\t<div class=\"elementor-section-wrap\">\n\t\t\t\t\t\t\t<section class=\"elementor-element elementor-element-01f1a6a elementor-section-boxed elementor-section-height-default elementor-section-height-default elementor-section elementor-top-section\" data-id=\"01f1a6a\" data-element_type=\"section\">\n\t\t\t\t\t\t<div class=\"elementor-container elementor-column-gap-default\">\n\t\t\t\t<div class=\"elementor-row\">\n\t\t\t\t<div class=\"elementor-element elementor-element-c1fdfda elementor-column elementor-col-100 elementor-top-column\" data-id=\"c1fdfda\" data-element_type=\"column\">\n\t\t\t<div class=\"elementor-column-wrap  elementor-element-populated\">\n\t\t\t\t\t<div class=\"elementor-widget-wrap\">\n\t\t\t\t<div class=\"elementor-element elementor-element-c081f60 elementor-widget elementor-widget-heading\" data-id=\"c081f60\" data-element_type=\"widget\" data-widget_type=\"heading.default\">\n\t\t\t\t<div class=\"elementor-widget-container\">\n\t\t\t<h4 class=\"elementor-heading-title elementor-size-default\">Um l\u00edder no desenvolvimento e fabrico de solu\u00e7\u00f5es completas de enchimento e embalagem chave na m\u00e3o<\/h4>\t\t<\/div>\n\t\t\t\t<\/div>\n\t\t\t\t<div class=\"elementor-element elementor-element-a4e33b5 elementor-widget elementor-widget-text-editor\" data-id=\"a4e33b5\" data-element_type=\"widget\" data-widget_type=\"text-editor.default\">\n\t\t\t\t<div class=\"elementor-widget-container\">\n\t\t\t\t\t<div class=\"elementor-text-editor elementor-clearfix\"><p>Wenzhou Bowei Import and Export Co., Ltd \u00e9 um dos maiores fabricantes de m\u00e1quinas de enchimento e embalagem na conce\u00e7\u00e3o e fornecimento na China. \u00c9 um dos principais promotores e fabricantes de solu\u00e7\u00f5es completas de embalagem de produtos l\u00edquidos e secos chave-na-m\u00e3o de conce\u00e7\u00e3o, fabrico, instala\u00e7\u00e3o e forma\u00e7\u00e3o. \u00c9 l\u00edder no desenvolvimento e fabrico de solu\u00e7\u00f5es completas de embalagem de produtos l\u00edquidos e secos, chave na m\u00e3o, para conce\u00e7\u00e3o, fabrico, instala\u00e7\u00e3o e forma\u00e7\u00e3o. A equipa de engenheiros profissionais concebe e fabrica m\u00e1quinas de acordo com as carater\u00edsticas espec\u00edficas do seu produto, or\u00e7amento e outros factores. Todas as m\u00e1quinas s\u00e3o fabricadas em instala\u00e7\u00f5es com certifica\u00e7\u00e3o ISO ou CE. Todas as m\u00e1quinas s\u00e3o fabricadas em instala\u00e7\u00f5es de fabrico com certifica\u00e7\u00e3o ISO ou CE para garantir o cumprimento dos mais elevados padr\u00f5es da ind\u00fastria.<\/p><\/div>\n\t\t\t\t<\/div>\n\t\t\t\t<\/div>\n\t\t\t\t<div class=\"elementor-element elementor-element-1f8cf80 elementor-widget elementor-widget-text-editor\" data-id=\"1f8cf80\" data-element_type=\"widget\" data-widget_type=\"text-editor.default\">\n\t\t\t\t<div class=\"elementor-widget-container\">\n\t\t\t\t\t<div class=\"elementor-text-editor elementor-clearfix\"><p>Oferecemos uma variedade de m\u00e1quinas de enchimento, incluindo m\u00e1quinas de enchimento com enxaguamento monobloco, m\u00e1quinas de enchimento com pist\u00e3o, m\u00e1quinas de enchimento com l\u00edquido h\u00famido, m\u00e1quinas de enchimento corrosivas, m\u00e1quinas de enchimento por gravidade, m\u00e1quinas de enchimento com tampas monobloco, m\u00e1quinas de coloca\u00e7\u00e3o de tampas, incluindo m\u00e1quinas de coloca\u00e7\u00e3o de tampas semi-autom\u00e1ticas. m\u00e1quinas de enchimento corrosivas, m\u00e1quinas de enchimento por gravidade, m\u00e1quinas de enchimento monobloco com tampas, m\u00e1quinas de nivelamento incluindo m\u00e1quinas de nivelamento semi-autom\u00e1ticas, m\u00e1quinas de nivelamento autom\u00e1ticas com fuso em linha e m\u00e1quinas de nivelamento rotativas, m\u00e1quinas de rotulagem incluindo m\u00e1quinas de rotulagem, incluindo m\u00e1quinas de capsulagem semi-autom\u00e1ticas, m\u00e1quinas de capsulagem autom\u00e1ticas com fuso em linha e m\u00e1quinas de capsulagem rotativas, m\u00e1quinas de rotulagem, incluindo m\u00e1quinas de rotulagem com manga retr\u00e1til e m\u00e1quinas de etiquetagem, incluindo m\u00e1quinas de etiquetagem com manga retr\u00e1til e m\u00e1quinas de etiquetagem auto-adesiva, m\u00e1quinas de moldagem por sopro PET, m\u00e1quinas de embalagem retr\u00e1til, tratamento de \u00e1gua e sistema de osmose inversa.<\/p><\/div>\n\t\t\t\t<\/div>\n\t\t\t\t<\/div>\n\t\t\t\t\t\t<\/div>\n\t\t\t<\/div>\n\t\t<\/div>\n\t\t\t\t\t\t<\/div>\n\t\t\t<\/div>\n\t\t<\/section>\n\t\t\t\t<section class=\"elementor-element elementor-element-ea8e549 elementor-section-boxed elementor-section-height-default elementor-section-height-default elementor-section elementor-top-section\" data-id=\"ea8e549\" data-element_type=\"section\">\n\t\t\t\t\t\t<div class=\"elementor-container elementor-column-gap-default\">\n\t\t\t\t<div class=\"elementor-row\">\n\t\t\t\t<div class=\"elementor-element elementor-element-742b4a0 elementor-column elementor-col-100 elementor-top-column\" data-id=\"742b4a0\" data-element_type=\"column\">\n\t\t\t<div class=\"elementor-column-wrap  elementor-element-populated\">\n\t\t\t\t\t<div class=\"elementor-widget-wrap\">\n\t\t\t\t<div class=\"elementor-element elementor-element-0bad332 elementor-widget elementor-widget-heading\" data-id=\"0bad332\" data-element_type=\"widget\" data-widget_type=\"heading.default\">\n\t\t\t\t<div class=\"elementor-widget-container\">\n\t\t\t<h4 class=\"elementor-heading-title elementor-size-default\">Fornecemos equipamento de enchimento e embalagem completo em termos de conce\u00e7\u00e3o, fabrico, instala\u00e7\u00e3o e forma\u00e7\u00e3o.<\/h4>\t\t<\/div>\n\t\t\t\t<\/div>\n\t\t\t\t<div class=\"elementor-element elementor-element-74198e1 elementor-widget elementor-widget-text-editor\" data-id=\"74198e1\" data-element_type=\"widget\" data-widget_type=\"text-editor.default\">\n\t\t\t\t<div class=\"elementor-widget-container\">\n\t\t\t\t\t<div class=\"elementor-text-editor elementor-clearfix\"><p>Fornecemos-lhe os equipamentos de enchimento e embalagem precisos, fi\u00e1veis e com bom desempenho para atingir o seu objetivo. As m\u00e1quinas de enchimento proporcionam um enchimento preciso de l\u00edquidos de fluxo livre a l\u00edquidos de alta viscosidade em diferentes tipos de recipientes, as m\u00e1quinas de coloca\u00e7\u00e3o de tampas colocam e apertam as tampas em diferentes recipientes, as m\u00e1quinas de rotulagem com manga retr\u00e1til aplicam e encolhem firmemente os r\u00f3tulos no recipiente para decorar os seus recipientes. As m\u00e1quinas de coloca\u00e7\u00e3o de tampas colocam e apertam as tampas em diferentes contentores, as m\u00e1quinas de etiquetagem com manga retr\u00e1til aplicam e encolhem as etiquetas no contentor para decorar os seus produtos, as etiquetadoras de autocolantes colocam e fixam com precis\u00e3o os r\u00f3tulos no seu contentor, as m\u00e1quinas de embalagem retr\u00e1til agrupam e encolhem garrafas em diferentes configura\u00e7\u00f5es para<\/p><\/div>\n\t\t\t\t<\/div>\n\t\t\t\t<\/div>\n\t\t\t\t<div class=\"elementor-element elementor-element-acf6e7a elementor-widget elementor-widget-text-editor\" data-id=\"acf6e7a\" data-element_type=\"widget\" data-widget_type=\"text-editor.default\">\n\t\t\t\t<div class=\"elementor-widget-container\">\n\t\t\t\t\t<div class=\"elementor-text-editor elementor-clearfix\"><p>A linha de enchimento e embalagem de l\u00edquidos \u00e9 composta por m\u00e1quinas de enchimento, m\u00e1quinas de capsulagem, m\u00e1quinas de rotulagem, codificadores de jato de tinta, m\u00e1quinas de embalagem retr\u00e1til, desembaladoras de garrafas, tratamento de \u00e1gua e osmose inversa, m\u00e1quinas de moldagem por sopro PET. m\u00e1quinas para abrir garrafas, tratamento de \u00e1gua e osmose inversa, m\u00e1quinas de moldagem por sopro PET. Existe uma grande variedade de m\u00e1quinas de enchimento dispon\u00edveis para a sua op\u00e7\u00e3o que podem encher l\u00edquidos finos a espessos em recipientes de pl\u00e1stico ou vidro a baixa velocidade com menos or\u00e7amento para empresas em fase de arranque ou a m\u00e9dia e alta velocidade que pretendam Dispomos de m\u00e1quinas de enchimento monobloco para bebidas, m\u00e1quinas de enchimento de pist\u00e3o para l\u00edquidos espessos, m\u00e1quinas de enchimento por gravidade para l\u00edquidos finos, m\u00e1quinas de enchimento de peso l\u00edquido e outras m\u00e1quinas de enchimento. para l\u00edquidos finos, m\u00e1quinas de enchimento de peso l\u00edquido para l\u00edquidos de m\u00e9dio e alto valor manufaturado, m\u00e1quinas de enchimento de l\u00edquidos corrosivos para l\u00edquidos corrosivos; M\u00e1quinas de capsulagem para tampas de rosca, R M\u00e1quinas de capsulagem para tampas de rosca, tampas ROPP, tampas de coroa, tampas de press\u00e3o, tampas de bomba, etc.; M\u00e1quina de rotulagem de mangas para r\u00f3tulos de mangas e provas de adultera\u00e7\u00e3o  M\u00e1quinas de moldagem por sopro PET, incluindo m\u00e1quina de sopro PET semi-autom\u00e1tica para empresas em fase de arranque, m\u00e1quinas de moldagem por sopro PET autom\u00e1ticas para produ\u00e7\u00e3o de m\u00e9dia a alta velocidade; M\u00e1quinas de embalagem retr\u00e1til, incluindo m\u00e1quina de embalagem retr\u00e1til semi-autom\u00e1tica para pequena escala, tipo L M\u00e1quinas de embalagem retr\u00e1til, incluindo m\u00e1quina de embalagem retr\u00e1til semi-autom\u00e1tica para pequena escala, m\u00e1quina de embalagem retr\u00e1til tipo L para m\u00e9dia escala e m\u00e1quina de embalagem retr\u00e1til em linha para alta velocidade; sistemas de tratamento de \u00e1gua e de osmose inversa tratam a \u00e1gua bruta a ser purificada \u00e1gua para beber, alimentar, farmac\u00eautica, cosm\u00e9tica, etc.<\/p><\/div>\n\t\t\t\t<\/div>\n\t\t\t\t<\/div>\n\t\t\t\t\t\t<\/div>\n\t\t\t<\/div>\n\t\t<\/div>\n\t\t\t\t\t\t<\/div>\n\t\t\t<\/div>\n\t\t<\/section>\n\t\t\t\t<section class=\"elementor-element elementor-element-6099887 elementor-section-boxed elementor-section-height-default elementor-section-height-default elementor-section elementor-top-section\" data-id=\"6099887\" data-element_type=\"section\">\n\t\t\t\t\t\t<div class=\"elementor-container elementor-column-gap-default\">\n\t\t\t\t<div class=\"elementor-row\">\n\t\t\t\t<div class=\"elementor-element elementor-element-72d53ed elementor-column elementor-col-100 elementor-top-column\" data-id=\"72d53ed\" data-element_type=\"column\">\n\t\t\t<div class=\"elementor-column-wrap  elementor-element-populated\">\n\t\t\t\t\t<div class=\"elementor-widget-wrap\">\n\t\t\t\t<div class=\"elementor-element elementor-element-0321562 elementor-widget elementor-widget-heading\" data-id=\"0321562\" data-element_type=\"widget\" data-widget_type=\"heading.default\">\n\t\t\t\t<div class=\"elementor-widget-container\">\n\t\t\t<h4 class=\"elementor-heading-title elementor-size-default\">As nossas m\u00e1quinas de enchimento e embalagem s\u00e3o amplamente utilizadas nas seguintes ind\u00fastrias<\/h4>\t\t<\/div>\n\t\t\t\t<\/div>\n\t\t\t\t<div class=\"elementor-element elementor-element-31dcf88 elementor-widget elementor-widget-text-editor\" data-id=\"31dcf88\" data-element_type=\"widget\" data-widget_type=\"text-editor.default\">\n\t\t\t\t<div class=\"elementor-widget-container\">\n\t\t\t\t\t<div class=\"elementor-text-editor elementor-clearfix\"><p>As nossas m\u00e1quinas de enchimento e embalagem s\u00e3o amplamente utilizadas em bebidas, alimentos, produtos para o lar, produtos de higiene pessoal, produtos farmac\u00eauticos e biom\u00e9dicos, produtos qu\u00edmicos, etc. Como escolher o equipamento certo \u00e9 um grande desafio para o arranque ou para alguns clientes que pretendem expandir o seu neg\u00f3cio. As nossas m\u00e1quinas de enchimento e embalagem s\u00e3o amplamente utilizadas em bebidas, alimentos, produtos dom\u00e9sticos, produtos de higiene pessoal, produtos farmac\u00eauticos e biom\u00e9dicos, produtos qu\u00edmicos, etc. Como escolher o equipamento certo \u00e9 um grande desafio para o arranque ou para alguns clientes que querem expandir o seu neg\u00f3cio. Depende de muitos factores, incluindo as carater\u00edsticas do l\u00edquido, a forma e o tamanho do recipiente, a geometria e o tamanho da tampa, a velocidade, etc. As m\u00e1quinas de enchimento e selagem com enxaguamento monobloco s\u00e3o As m\u00e1quinas de enchimento e selagem por enxaguamento monobloco s\u00e3o concebidas para \u00e1gua, refrigerantes, sumos, bebidas, ch\u00e1, leite e iogurte. A m\u00e1quina de enchimento por gravidade \u00e9 adequada para l\u00edquidos finos de fluxo livre, a m\u00e1quina de enchimento por pist\u00e3o \u00e9 melhor para l\u00edquidos espessos e n\u00e3o foi concebida para ser utilizada com \u00e1gua. a m\u00e1quina de enchimento de pist\u00e3o \u00e9 melhor para l\u00edquidos espessos com ou sem part\u00edculas, a m\u00e1quina de enchimento de peso l\u00edquido \u00e9 projetada para l\u00edquidos de v\u00e1lvula de fabrica\u00e7\u00e3o m\u00e9dia e alta A m\u00e1quina de enchimento de l\u00edquidos corrosivos \u00e9 especialmente concebida para o enchimento de l\u00edquidos corrosivos, a m\u00e1quina de enchimento de tampas de monobloco \u00e9 a solu\u00e7\u00e3o ideal para o enchimento de l\u00edquidos com ou sem part\u00edculas. Pode clicar em qualquer uma destas liga\u00e7\u00f5es que melhor descreva o sector em que se encontra.<\/p><\/div>\n\t\t\t\t<\/div>\n\t\t\t\t<\/div>\n\t\t\t\t\t\t<\/div>\n\t\t\t<\/div>\n\t\t<\/div>\n\t\t\t\t\t\t<\/div>\n\t\t\t<\/div>\n\t\t<\/section>\n\t\t\t\t<section class=\"elementor-element elementor-element-b2f96a6 elementor-section-boxed elementor-section-height-default elementor-section-height-default elementor-section elementor-top-section\" data-id=\"b2f96a6\" data-element_type=\"section\">\n\t\t\t\t\t\t<div class=\"elementor-container elementor-column-gap-default\">\n\t\t\t\t<div class=\"elementor-row\">\n\t\t\t\t<div class=\"elementor-element elementor-element-e770ced elementor-column elementor-col-100 elementor-top-column\" data-id=\"e770ced\" data-element_type=\"column\">\n\t\t\t<div class=\"elementor-column-wrap  elementor-element-populated\">\n\t\t\t\t\t<div class=\"elementor-widget-wrap\">\n\t\t\t\t<div class=\"elementor-element elementor-element-13c8cc8 elementor-widget elementor-widget-heading\" data-id=\"13c8cc8\" data-element_type=\"widget\" data-widget_type=\"heading.default\">\n\t\t\t\t<div class=\"elementor-widget-container\">\n\t\t\t<h4 class=\"elementor-heading-title elementor-size-default\">O nosso objetivo<\/h4>\t\t<\/div>\n\t\t\t\t<\/div>\n\t\t\t\t<div class=\"elementor-element elementor-element-0a452ff elementor-widget elementor-widget-text-editor\" data-id=\"0a452ff\" data-element_type=\"widget\" data-widget_type=\"text-editor.default\">\n\t\t\t\t<div class=\"elementor-widget-container\">\n\t\t\t\t\t<div class=\"elementor-text-editor elementor-clearfix\"><p>Estamos aqui para o ajudar a adquirir maquinaria de embalagem de qualidade. Estamos empenhados em prestar assist\u00eancia antes, durante e ap\u00f3s a venda, e consideramos que todas as quest\u00f5es e preocupa\u00e7\u00f5es merecem uma resposta r\u00e1pida. Estamos empenhados em prestar assist\u00eancia antes, durante e ap\u00f3s a venda e consideramos que todas as quest\u00f5es e preocupa\u00e7\u00f5es merecem uma resposta r\u00e1pida. O nosso objetivo \u00e9 ajud\u00e1-lo a adquirir a melhor m\u00e1quina, ao melhor pre\u00e7o e com o prazo de entrega mais curto. Acreditamos que, para ter sucesso, \u00e9 necess\u00e1rio ser capaz de comercializar o equipamento de forma honesta. Gostar\u00edamos de crescer e desenvolver com os nossos clientes, quer sejam empresas em fase de arranque ou grandes empresas, sempre convosco.<\/p><\/div>\n\t\t\t\t<\/div>\n\t\t\t\t<\/div>\n\t\t\t\t\t\t<\/div>\n\t\t\t<\/div>\n\t\t<\/div>\n\t\t\t\t\t\t<\/div>\n\t\t\t<\/div>\n\t\t<\/section>\n\t\t\t\t<section class=\"elementor-element elementor-element-e24fa99 elementor-section-full_width elementor-section-height-default elementor-section-height-default elementor-section elementor-top-section\" data-id=\"e24fa99\" data-element_type=\"section\">\n\t\t\t\t\t\t<div class=\"elementor-container elementor-column-gap-default\">\n\t\t\t\t<div class=\"elementor-row\">\n\t\t\t\t<div class=\"elementor-element elementor-element-d87290a elementor-column elementor-col-100 elementor-top-column\" data-id=\"d87290a\" data-element_type=\"column\">\n\t\t\t<div class=\"elementor-column-wrap  elementor-element-populated\">\n\t\t\t\t\t<div class=\"elementor-widget-wrap\">\n\t\t\t\t<div class=\"elementor-element elementor-element-7ebbec8 elementor-widget elementor-widget-image\" data-id=\"7ebbec8\" data-element_type=\"widget\" data-widget_type=\"image.default\">\n\t\t\t\t<div class=\"elementor-widget-container\">\n\t\t\t\t\t<div class=\"elementor-image\">\n\t\t\t\t\t\t\t\t\t\t<img loading=\"lazy\" decoding=\"async\" width=\"2560\" height=\"983\" src=\"https:\/\/focusonpack.com\/wp-content\/uploads\/2023\/08\/about-scaled.jpg\" class=\"attachment-full size-full\" alt=\"\" srcset=\"https:\/\/focusonpack.com\/wp-content\/uploads\/2023\/08\/about-scaled.jpg 2560w, https:\/\/focusonpack.com\/wp-content\/uploads\/2023\/08\/about-300x115.jpg 300w, https:\/\/focusonpack.com\/wp-content\/uploads\/2023\/08\/about-1024x393.jpg 1024w, https:\/\/focusonpack.com\/wp-content\/uploads\/2023\/08\/about-768x295.jpg 768w, https:\/\/focusonpack.com\/wp-content\/uploads\/2023\/08\/about-1536x590.jpg 1536w, https:\/\/focusonpack.com\/wp-content\/uploads\/2023\/08\/about-2048x786.jpg 2048w, https:\/\/focusonpack.com\/wp-content\/uploads\/2023\/08\/about-600x230.jpg 600w\" sizes=\"auto, (max-width: 2560px) 100vw, 2560px\" \/>\t\t\t\t\t\t\t\t\t\t\t<\/div>\n\t\t\t\t<\/div>\n\t\t\t\t<\/div>\n\t\t\t\t\t\t<\/div>\n\t\t\t<\/div>\n\t\t<\/div>\n\t\t\t\t\t\t<\/div>\n\t\t\t<\/div>\n\t\t<\/section>\n\t\t\t\t\t\t<\/div>\n\t\t\t<\/div>\n\t\t<\/div>","protected":false},"excerpt":{"rendered":"<p>A leading developer and manufa&hellip;<\/p>","protected":false},"author":1,"featured_media":0,"parent":0,"menu_order":0,"comment_status":"closed","ping_status":"closed","template":"elementor_header_footer","meta":{"footnotes":""},"class_list":["post-2393","page","type-page","status-publish","hentry","no-thumb"],"yoast_head":"<!-- This site is optimized with the Yoast SEO plugin v24.8.1 - https:\/\/yoast.com\/wordpress\/plugins\/seo\/ -->\n<title>About Us - Focus on pack<\/title>\n<meta name=\"robots\" content=\"index, follow, max-snippet:-1, max-image-preview:large, max-video-preview:-1\" \/>\n<link rel=\"canonical\" href=\"https:\/\/focusonpack.com\/pt\/sobre-nos-2\/\" \/>\n<meta property=\"og:locale\" content=\"pt_PT\" \/>\n<meta property=\"og:type\" content=\"article\" \/>\n<meta property=\"og:title\" content=\"About Us - Focus on pack\" \/>\n<meta property=\"og:description\" content=\"A leading developer and manufa&hellip;\" \/>\n<meta property=\"og:url\" content=\"https:\/\/focusonpack.com\/pt\/sobre-nos-2\/\" \/>\n<meta property=\"og:site_name\" content=\"Focus on pack\" \/>\n<meta property=\"article:modified_time\" content=\"2023-08-15T06:46:48+00:00\" \/>\n<meta property=\"og:image\" content=\"https:\/\/focusonpack.com\/wp-content\/uploads\/2023\/08\/about-scaled.jpg\" \/>\n<meta name=\"twitter:card\" content=\"summary_large_image\" \/>\n<meta name=\"twitter:label1\" content=\"Est. reading time\" \/>\n\t<meta name=\"twitter:data1\" content=\"4 minutos\" \/>\n<script type=\"application\/ld+json\" class=\"yoast-schema-graph\">{\"@context\":\"https:\/\/schema.org\",\"@graph\":[{\"@type\":\"WebPage\",\"@id\":\"https:\/\/focusonpack.com\/about-us-2\/\",\"url\":\"https:\/\/focusonpack.com\/about-us-2\/\",\"name\":\"About Us - Focus on pack\",\"isPartOf\":{\"@id\":\"https:\/\/focusonpack.com\/#website\"},\"primaryImageOfPage\":{\"@id\":\"https:\/\/focusonpack.com\/about-us-2\/#primaryimage\"},\"image\":{\"@id\":\"https:\/\/focusonpack.com\/about-us-2\/#primaryimage\"},\"thumbnailUrl\":\"https:\/\/focusonpack.com\/wp-content\/uploads\/2023\/08\/about-scaled.jpg\",\"datePublished\":\"2020-05-07T08:21:45+00:00\",\"dateModified\":\"2023-08-15T06:46:48+00:00\",\"breadcrumb\":{\"@id\":\"https:\/\/focusonpack.com\/about-us-2\/#breadcrumb\"},\"inLanguage\":\"pt-PT\",\"potentialAction\":[{\"@type\":\"ReadAction\",\"target\":[\"https:\/\/focusonpack.com\/about-us-2\/\"]}]},{\"@type\":\"ImageObject\",\"inLanguage\":\"pt-PT\",\"@id\":\"https:\/\/focusonpack.com\/about-us-2\/#primaryimage\",\"url\":\"https:\/\/focusonpack.com\/wp-content\/uploads\/2023\/08\/about-scaled.jpg\",\"contentUrl\":\"https:\/\/focusonpack.com\/wp-content\/uploads\/2023\/08\/about-scaled.jpg\"},{\"@type\":\"BreadcrumbList\",\"@id\":\"https:\/\/focusonpack.com\/about-us-2\/#breadcrumb\",\"itemListElement\":[{\"@type\":\"ListItem\",\"position\":1,\"name\":\"\u9996\u9875\",\"item\":\"https:\/\/focusonpack.com\/\"},{\"@type\":\"ListItem\",\"position\":2,\"name\":\"About Us\"}]},{\"@type\":\"WebSite\",\"@id\":\"https:\/\/focusonpack.com\/#website\",\"url\":\"https:\/\/focusonpack.com\/\",\"name\":\"Focus on pack\",\"description\":\"\",\"potentialAction\":[{\"@type\":\"SearchAction\",\"target\":{\"@type\":\"EntryPoint\",\"urlTemplate\":\"https:\/\/focusonpack.com\/?s={search_term_string}\"},\"query-input\":{\"@type\":\"PropertyValueSpecification\",\"valueRequired\":true,\"valueName\":\"search_term_string\"}}],\"inLanguage\":\"pt-PT\"}]}<\/script>\n<!-- \/ Yoast SEO plugin. -->","yoast_head_json":{"title":"About Us - Focus on pack","robots":{"index":"index","follow":"follow","max-snippet":"max-snippet:-1","max-image-preview":"max-image-preview:large","max-video-preview":"max-video-preview:-1"},"canonical":"https:\/\/focusonpack.com\/pt\/sobre-nos-2\/","og_locale":"pt_PT","og_type":"article","og_title":"About Us - Focus on pack","og_description":"A leading developer and manufa&hellip;","og_url":"https:\/\/focusonpack.com\/pt\/sobre-nos-2\/","og_site_name":"Focus on pack","article_modified_time":"2023-08-15T06:46:48+00:00","og_image":[{"url":"https:\/\/focusonpack.com\/wp-content\/uploads\/2023\/08\/about-scaled.jpg","type":"","width":"","height":""}],"twitter_card":"summary_large_image","twitter_misc":{"Est. reading time":"4 minutos"},"schema":{"@context":"https:\/\/schema.org","@graph":[{"@type":"WebPage","@id":"https:\/\/focusonpack.com\/about-us-2\/","url":"https:\/\/focusonpack.com\/about-us-2\/","name":"About Us - Focus on pack","isPartOf":{"@id":"https:\/\/focusonpack.com\/#website"},"primaryImageOfPage":{"@id":"https:\/\/focusonpack.com\/about-us-2\/#primaryimage"},"image":{"@id":"https:\/\/focusonpack.com\/about-us-2\/#primaryimage"},"thumbnailUrl":"https:\/\/focusonpack.com\/wp-content\/uploads\/2023\/08\/about-scaled.jpg","datePublished":"2020-05-07T08:21:45+00:00","dateModified":"2023-08-15T06:46:48+00:00","breadcrumb":{"@id":"https:\/\/focusonpack.com\/about-us-2\/#breadcrumb"},"inLanguage":"pt-PT","potentialAction":[{"@type":"ReadAction","target":["https:\/\/focusonpack.com\/about-us-2\/"]}]},{"@type":"ImageObject","inLanguage":"pt-PT","@id":"https:\/\/focusonpack.com\/about-us-2\/#primaryimage","url":"https:\/\/focusonpack.com\/wp-content\/uploads\/2023\/08\/about-scaled.jpg","contentUrl":"https:\/\/focusonpack.com\/wp-content\/uploads\/2023\/08\/about-scaled.jpg"},{"@type":"BreadcrumbList","@id":"https:\/\/focusonpack.com\/about-us-2\/#breadcrumb","itemListElement":[{"@type":"ListItem","position":1,"name":"\u9996\u9875","item":"https:\/\/focusonpack.com\/"},{"@type":"ListItem","position":2,"name":"About Us"}]},{"@type":"WebSite","@id":"https:\/\/focusonpack.com\/#website","url":"https:\/\/focusonpack.com\/","name":"Focus on pack","description":"","potentialAction":[{"@type":"SearchAction","target":{"@type":"EntryPoint","urlTemplate":"https:\/\/focusonpack.com\/?s={search_term_string}"},"query-input":{"@type":"PropertyValueSpecification","valueRequired":true,"valueName":"search_term_string"}}],"inLanguage":"pt-PT"}]}},"_links":{"self":[{"href":"https:\/\/focusonpack.com\/pt\/wp-json\/wp\/v2\/pages\/2393","targetHints":{"allow":["GET"]}}],"collection":[{"href":"https:\/\/focusonpack.com\/pt\/wp-json\/wp\/v2\/pages"}],"about":[{"href":"https:\/\/focusonpack.com\/pt\/wp-json\/wp\/v2\/types\/page"}],"author":[{"embeddable":true,"href":"https:\/\/focusonpack.com\/pt\/wp-json\/wp\/v2\/users\/1"}],"replies":[{"embeddable":true,"href":"https:\/\/focusonpack.com\/pt\/wp-json\/wp\/v2\/comments?post=2393"}],"version-history":[{"count":15,"href":"https:\/\/focusonpack.com\/pt\/wp-json\/wp\/v2\/pages\/2393\/revisions"}],"predecessor-version":[{"id":4140,"href":"https:\/\/focusonpack.com\/pt\/wp-json\/wp\/v2\/pages\/2393\/revisions\/4140"}],"wp:attachment":[{"href":"https:\/\/focusonpack.com\/pt\/wp-json\/wp\/v2\/media?parent=2393"}],"curies":[{"name":"wp","href":"https:\/\/api.w.org\/{rel}","templated":true}]}}