{"id":2395,"date":"2020-05-07T16:21:48","date_gmt":"2020-05-07T08:21:48","guid":{"rendered":"https:\/\/focusonpack.com\/?page_id=2395"},"modified":"2020-05-08T16:28:38","modified_gmt":"2020-05-08T08:28:38","slug":"tech-support","status":"publish","type":"page","link":"https:\/\/focusonpack.com\/pt\/apoio-tecnico\/","title":{"rendered":"Suporte t\u00e9cnico"},"content":{"rendered":"<div data-elementor-type=\"wp-page\" data-elementor-id=\"2395\" class=\"elementor elementor-2395\" data-elementor-settings=\"[]\">\n\t\t\t<div class=\"elementor-inner\">\n\t\t\t\t<div class=\"elementor-section-wrap\">\n\t\t\t\t\t\t\t<section class=\"elementor-element elementor-element-e4ee45a elementor-section-boxed elementor-section-height-default elementor-section-height-default elementor-section elementor-top-section\" data-id=\"e4ee45a\" data-element_type=\"section\">\n\t\t\t\t\t\t<div class=\"elementor-container elementor-column-gap-default\">\n\t\t\t\t<div class=\"elementor-row\">\n\t\t\t\t<div class=\"elementor-element elementor-element-b036c5f elementor-column elementor-col-100 elementor-top-column\" data-id=\"b036c5f\" data-element_type=\"column\">\n\t\t\t<div class=\"elementor-column-wrap  elementor-element-populated\">\n\t\t\t\t\t<div class=\"elementor-widget-wrap\">\n\t\t\t\t<div class=\"elementor-element elementor-element-942a5f8 elementor-widget elementor-widget-heading\" data-id=\"942a5f8\" data-element_type=\"widget\" data-widget_type=\"heading.default\">\n\t\t\t\t<div class=\"elementor-widget-container\">\n\t\t\t<h2 class=\"elementor-heading-title elementor-size-default\">Como construir uma f\u00e1brica de engarrafamento de \u00e1gua<\/h2>\t\t<\/div>\n\t\t\t\t<\/div>\n\t\t\t\t<div class=\"elementor-element elementor-element-2474fc0 elementor-widget elementor-widget-text-editor\" data-id=\"2474fc0\" data-element_type=\"widget\" data-widget_type=\"text-editor.default\">\n\t\t\t\t<div class=\"elementor-widget-container\">\n\t\t\t\t\t<div class=\"elementor-text-editor elementor-clearfix\"><p>A \u00e1gua doce \u00e9 um recurso assustador e importante para o ser humano na maior parte do mundo.<br>Isto pode parecer estranho, porque h\u00e1 muita \u00e1gua na terra, 71% da terra \u00e9 \u00e1gua enquanto 29% \u00e9 terra. Quase toda a \u00e1gua na terra, mais de 97% dela, \u00e9 \u00e1gua do mar nos oceanos. Quase toda a \u00e1gua na Terra, mais de 97% dela, \u00e9 \u00e1gua do mar nos oceanos. O resto \u00e9 chamado de \u00e1gua doce, porque n\u00e3o tem um alto teor de sal. A maior parte da \u00e1gua doce do mundo est\u00e1 congelada em grandes glaciares na Ant\u00e1rctida e na Gronel\u00e2ndia. Quase toda a \u00e1gua doce dispon\u00edvel para uso humano est\u00e1 contida no solo e nas rochas abaixo da superf\u00edcie ou na atmosfera da Terra. Quase toda a \u00e1gua doce dispon\u00edvel para uso humano est\u00e1 contida no solo e nas rochas abaixo da superf\u00edcie, chamada \u00e1gua subterr\u00e2nea, ou em rios e lagos.<\/p><\/div>\n\t\t\t\t<\/div>\n\t\t\t\t<\/div>\n\t\t\t\t<div class=\"elementor-element elementor-element-0a44b2b elementor-widget elementor-widget-text-editor\" data-id=\"0a44b2b\" data-element_type=\"widget\" data-widget_type=\"text-editor.default\">\n\t\t\t\t<div class=\"elementor-widget-container\">\n\t\t\t\t\t<div class=\"elementor-text-editor elementor-clearfix\"><p>Com o crescimento da economia, o ambiente est\u00e1 a piorar cada vez mais. A polui\u00e7\u00e3o da \u00e1gua, em especial, \u00e9 muito grave. 20 anos antes, pod\u00edamos ver \u00e1gua limpa no rio \u00e0 nossa volta e ver peixes a nadar no rio, pod\u00edamos ouvir o coaxar das r\u00e3s nos arrozais durante a noite. H\u00e1 20 anos atr\u00e1s, pod\u00edamos ver \u00e1gua limpa no rio \u00e0 nossa volta e ver peixes a nadar no rio, pod\u00edamos ouvir o coaxar das r\u00e3s nos campos de arroz durante a noite. No entanto, na maior parte dos locais, j\u00e1 n\u00e3o conseguimos ver nada. Na nossa vida quotidiana, as pessoas utilizam a \u00e1gua de muitas formas em casa: para beber, cozinhar, tomar banho, lavar os dentes, lavar a roupa e a loi\u00e7a. Na nossa vida quotidiana, as pessoas utilizam a \u00e1gua de muitas formas em casa: para beber, cozinhar, tomar banho, lavar os dentes, lavar a roupa, a loi\u00e7a e os carros, puxar o autoclismo, regar jardins e relvados e encher piscinas.<\/p><\/div>\n\t\t\t\t<\/div>\n\t\t\t\t<\/div>\n\t\t\t\t<div class=\"elementor-element elementor-element-b9cc5be elementor-widget elementor-widget-text-editor\" data-id=\"b9cc5be\" data-element_type=\"widget\" data-widget_type=\"text-editor.default\">\n\t\t\t\t<div class=\"elementor-widget-container\">\n\t\t\t\t\t<div class=\"elementor-text-editor elementor-clearfix\"><p>O nosso objetivo \u00e9 fornecer os melhores equipamentos para a produ\u00e7\u00e3o de \u00e1gua pot\u00e1vel para melhorar a nossa qualidade de vida. O nosso objetivo \u00e9 fornecer os melhores equipamentos de \u00e1gua, produzir \u00e1gua limpa para melhorar a nossa qualidade de vida e ajudar as pessoas que querem come\u00e7ar o seu pr\u00f3prio neg\u00f3cio de \u00e1gua. H\u00e1 muitos tipos de \u00e1gua para beber em Existem muitos tipos de \u00e1gua para beber, para al\u00e9m da \u00e1gua da torneira ou da \u00e1gua municipal, \u00e1gua de nascente, \u00e1gua mineral, \u00e1gua purificada e \u00e1gua destilada. A \u00e1gua mineral cont\u00e9m naturalmente muitos minerais dissolvidos - ferro, c\u00e1lcio, sulfato, pot\u00e1ssio, etc., e tem pelo menos 250 PPM (partes por parte). A \u00e1gua mineral cont\u00e9m naturalmente muitos minerais dissolvidos - ferro, c\u00e1lcio, sulfato, pot\u00e1ssio, etc., e tem pelo menos 250 PPM (partes por milh\u00e3o) de s\u00f3lidos totais dissolvidos (TDS). Para dar alguma perspetiva a esta afirma\u00e7\u00e3o, a \u00e1gua da torneira tem geralmente 300 a 400 PPM. \u00c1gua purificada - a \u00e1gua mais pura que existe, a \u00e1gua purificada refere-se \u00e0 qualidade da \u00e1gua. Existem v\u00e1rias formas de atingir esta qualidade, incluindo a destila\u00e7\u00e3o, a osmose inversa, a troca i\u00f3nica e outras. Para ser classificada como purificada, a \u00e1gua deve ter menos de 10 PPM. A nossa \u00e1gua engarrafada passa por um processo de purifica\u00e7\u00e3o de 10 passos que remove 99,9% de impurezas. 99,9% de impurezas, pelo que pode ter a certeza de que est\u00e1 a beber a \u00e1gua mais pura poss\u00edvel.<\/p><\/div>\n\t\t\t\t<\/div>\n\t\t\t\t<\/div>\n\t\t\t\t<div class=\"elementor-element elementor-element-76e8360 elementor-widget elementor-widget-text-editor\" data-id=\"76e8360\" data-element_type=\"widget\" data-widget_type=\"text-editor.default\">\n\t\t\t\t<div class=\"elementor-widget-container\">\n\t\t\t\t\t<div class=\"elementor-text-editor elementor-clearfix\"><p>Para construir uma f\u00e1brica de engarrafamento de \u00e1gua, \u00e9 necess\u00e1rio um pr\u00e9-tratamento (filtro multim\u00e9dia, filtro de carbono, amaciador e microfiltro) e uma ultrafiltra\u00e7\u00e3o para a \u00e1gua de minas Precisamos de pr\u00e9-tratamento (filtro multim\u00e9dia, filtro de carbono, amaciador e microfiltro) e ultrafiltra\u00e7\u00e3o para a \u00e1gua de minas; tratamento de \u00e1gua (filtro multim\u00e9dia, filtro de carbono, amaciador e microfiltro) e osmose inversa para \u00e1gua purificada; o gerador de ozono \u00e9 utilizado para matar O gerador de ozono \u00e9 utilizado para matar as bact\u00e9rias presentes na \u00e1gua, a m\u00e1quina de moldagem por sopro PET para produzir garrafas; a m\u00e1quina de engarrafamento de \u00e1gua \u00e9 concebida para encher garrafas de \u00e1gua integrando A m\u00e1quina de engarrafamento de \u00e1gua foi concebida para encher garrafas de \u00e1gua, integrando a lavagem, o enchimento e o fecho numa s\u00f3 m\u00e1quina; a codificadora de jato de tinta \u00e9 utilizada para imprimir a data de fabrico, o n\u00famero de lote e a data de validade nas garrafas, tampas ou r\u00f3tulos; a m\u00e1quina de rotulagem com manga retr\u00e1til \u00e9 utilizada para aplicar e encolher os r\u00f3tulos nas garrafas; a m\u00e1quina de embalagem retr\u00e1til agrupa e encolhe a \u00e1gua engarrafada para utiliza\u00e7\u00e3o em tr\u00e2nsito.<\/p><\/div>\n\t\t\t\t<\/div>\n\t\t\t\t<\/div>\n\t\t\t\t\t\t<\/div>\n\t\t\t<\/div>\n\t\t<\/div>\n\t\t\t\t\t\t<\/div>\n\t\t\t<\/div>\n\t\t<\/section>\n\t\t\t\t\t\t<\/div>\n\t\t\t<\/div>\n\t\t<\/div>","protected":false},"excerpt":{"rendered":"<p>How to build a water bottling &hellip;<\/p>","protected":false},"author":1,"featured_media":0,"parent":0,"menu_order":0,"comment_status":"closed","ping_status":"closed","template":"elementor_header_footer","meta":{"footnotes":""},"class_list":["post-2395","page","type-page","status-publish","hentry","no-thumb"],"yoast_head":"<!-- This site is optimized with the Yoast SEO plugin v24.8.1 - https:\/\/yoast.com\/wordpress\/plugins\/seo\/ -->\n<title>Tech Support - Focus on pack<\/title>\n<meta name=\"robots\" content=\"index, follow, max-snippet:-1, max-image-preview:large, max-video-preview:-1\" \/>\n<link rel=\"canonical\" href=\"https:\/\/focusonpack.com\/pt\/apoio-tecnico\/\" \/>\n<meta property=\"og:locale\" content=\"pt_PT\" \/>\n<meta property=\"og:type\" content=\"article\" \/>\n<meta property=\"og:title\" content=\"Tech Support - Focus on pack\" \/>\n<meta property=\"og:description\" content=\"How to build a water bottling &hellip;\" \/>\n<meta property=\"og:url\" content=\"https:\/\/focusonpack.com\/pt\/apoio-tecnico\/\" \/>\n<meta property=\"og:site_name\" content=\"Focus on pack\" \/>\n<meta property=\"article:modified_time\" content=\"2020-05-08T08:28:38+00:00\" \/>\n<meta name=\"twitter:card\" content=\"summary_large_image\" \/>\n<meta name=\"twitter:label1\" content=\"Est. reading time\" \/>\n\t<meta name=\"twitter:data1\" content=\"3 minutos\" \/>\n<script type=\"application\/ld+json\" class=\"yoast-schema-graph\">{\"@context\":\"https:\/\/schema.org\",\"@graph\":[{\"@type\":\"WebPage\",\"@id\":\"https:\/\/focusonpack.com\/tech-support\/\",\"url\":\"https:\/\/focusonpack.com\/tech-support\/\",\"name\":\"Tech Support - Focus on pack\",\"isPartOf\":{\"@id\":\"https:\/\/focusonpack.com\/#website\"},\"datePublished\":\"2020-05-07T08:21:48+00:00\",\"dateModified\":\"2020-05-08T08:28:38+00:00\",\"breadcrumb\":{\"@id\":\"https:\/\/focusonpack.com\/tech-support\/#breadcrumb\"},\"inLanguage\":\"pt-PT\",\"potentialAction\":[{\"@type\":\"ReadAction\",\"target\":[\"https:\/\/focusonpack.com\/tech-support\/\"]}]},{\"@type\":\"BreadcrumbList\",\"@id\":\"https:\/\/focusonpack.com\/tech-support\/#breadcrumb\",\"itemListElement\":[{\"@type\":\"ListItem\",\"position\":1,\"name\":\"\u9996\u9875\",\"item\":\"https:\/\/focusonpack.com\/\"},{\"@type\":\"ListItem\",\"position\":2,\"name\":\"Tech Support\"}]},{\"@type\":\"WebSite\",\"@id\":\"https:\/\/focusonpack.com\/#website\",\"url\":\"https:\/\/focusonpack.com\/\",\"name\":\"Focus on pack\",\"description\":\"water processing line,package machine, filling machine\",\"potentialAction\":[{\"@type\":\"SearchAction\",\"target\":{\"@type\":\"EntryPoint\",\"urlTemplate\":\"https:\/\/focusonpack.com\/?s={search_term_string}\"},\"query-input\":{\"@type\":\"PropertyValueSpecification\",\"valueRequired\":true,\"valueName\":\"search_term_string\"}}],\"inLanguage\":\"pt-PT\"}]}<\/script>\n<!-- \/ Yoast SEO plugin. -->","yoast_head_json":{"title":"Tech Support - Focus on pack","robots":{"index":"index","follow":"follow","max-snippet":"max-snippet:-1","max-image-preview":"max-image-preview:large","max-video-preview":"max-video-preview:-1"},"canonical":"https:\/\/focusonpack.com\/pt\/apoio-tecnico\/","og_locale":"pt_PT","og_type":"article","og_title":"Tech Support - Focus on pack","og_description":"How to build a water bottling &hellip;","og_url":"https:\/\/focusonpack.com\/pt\/apoio-tecnico\/","og_site_name":"Focus on pack","article_modified_time":"2020-05-08T08:28:38+00:00","twitter_card":"summary_large_image","twitter_misc":{"Est. reading time":"3 minutos"},"schema":{"@context":"https:\/\/schema.org","@graph":[{"@type":"WebPage","@id":"https:\/\/focusonpack.com\/tech-support\/","url":"https:\/\/focusonpack.com\/tech-support\/","name":"Tech Support - Focus on pack","isPartOf":{"@id":"https:\/\/focusonpack.com\/#website"},"datePublished":"2020-05-07T08:21:48+00:00","dateModified":"2020-05-08T08:28:38+00:00","breadcrumb":{"@id":"https:\/\/focusonpack.com\/tech-support\/#breadcrumb"},"inLanguage":"pt-PT","potentialAction":[{"@type":"ReadAction","target":["https:\/\/focusonpack.com\/tech-support\/"]}]},{"@type":"BreadcrumbList","@id":"https:\/\/focusonpack.com\/tech-support\/#breadcrumb","itemListElement":[{"@type":"ListItem","position":1,"name":"\u9996\u9875","item":"https:\/\/focusonpack.com\/"},{"@type":"ListItem","position":2,"name":"Tech Support"}]},{"@type":"WebSite","@id":"https:\/\/focusonpack.com\/#website","url":"https:\/\/focusonpack.com\/","name":"Focus on pack","description":"water processing line,package machine, filling machine","potentialAction":[{"@type":"SearchAction","target":{"@type":"EntryPoint","urlTemplate":"https:\/\/focusonpack.com\/?s={search_term_string}"},"query-input":{"@type":"PropertyValueSpecification","valueRequired":true,"valueName":"search_term_string"}}],"inLanguage":"pt-PT"}]}},"_links":{"self":[{"href":"https:\/\/focusonpack.com\/pt\/wp-json\/wp\/v2\/pages\/2395","targetHints":{"allow":["GET"]}}],"collection":[{"href":"https:\/\/focusonpack.com\/pt\/wp-json\/wp\/v2\/pages"}],"about":[{"href":"https:\/\/focusonpack.com\/pt\/wp-json\/wp\/v2\/types\/page"}],"author":[{"embeddable":true,"href":"https:\/\/focusonpack.com\/pt\/wp-json\/wp\/v2\/users\/1"}],"replies":[{"embeddable":true,"href":"https:\/\/focusonpack.com\/pt\/wp-json\/wp\/v2\/comments?post=2395"}],"version-history":[{"count":6,"href":"https:\/\/focusonpack.com\/pt\/wp-json\/wp\/v2\/pages\/2395\/revisions"}],"predecessor-version":[{"id":2662,"href":"https:\/\/focusonpack.com\/pt\/wp-json\/wp\/v2\/pages\/2395\/revisions\/2662"}],"wp:attachment":[{"href":"https:\/\/focusonpack.com\/pt\/wp-json\/wp\/v2\/media?parent=2395"}],"curies":[{"name":"wp","href":"https:\/\/api.w.org\/{rel}","templated":true}]}}