{"id":2528,"date":"2020-05-08T10:50:02","date_gmt":"2020-05-08T02:50:02","guid":{"rendered":"https:\/\/focusonpack.com\/?page_id=2528"},"modified":"2020-05-18T14:08:06","modified_gmt":"2020-05-18T06:08:06","slug":"monoblock-fill-plug-cap-machines","status":"publish","type":"page","link":"https:\/\/focusonpack.com\/pt\/maquinas-monobloco-de-tampoes-de-enchimento\/","title":{"rendered":"M\u00e1quinas de tampas de enchimento monobloco"},"content":{"rendered":"<div data-elementor-type=\"wp-page\" data-elementor-id=\"2528\" class=\"elementor elementor-2528\" data-elementor-settings=\"[]\">\n\t\t\t<div class=\"elementor-inner\">\n\t\t\t\t<div class=\"elementor-section-wrap\">\n\t\t\t\t\t\t\t<section class=\"elementor-element elementor-element-5ae99209 elementor-section-boxed elementor-section-height-default elementor-section-height-default elementor-section elementor-top-section\" data-id=\"5ae99209\" data-element_type=\"section\">\n\t\t\t\t\t\t<div class=\"elementor-container elementor-column-gap-default\">\n\t\t\t\t<div class=\"elementor-row\">\n\t\t\t\t<div class=\"elementor-element elementor-element-c294b29 elementor-column elementor-col-100 elementor-top-column\" data-id=\"c294b29\" data-element_type=\"column\">\n\t\t\t<div class=\"elementor-column-wrap  elementor-element-populated\">\n\t\t\t\t\t<div class=\"elementor-widget-wrap\">\n\t\t\t\t<div class=\"elementor-element elementor-element-259411b7 elementor-widget elementor-widget-heading\" data-id=\"259411b7\" data-element_type=\"widget\" data-widget_type=\"heading.default\">\n\t\t\t\t<div class=\"elementor-widget-container\">\n\t\t\t<h3 class=\"elementor-heading-title elementor-size-default\">M\u00e1quina de tampas de enchimento monobloco<\/h3>\t\t<\/div>\n\t\t\t\t<\/div>\n\t\t\t\t<div class=\"elementor-element elementor-element-5df0ef88 elementor-widget elementor-widget-text-editor\" data-id=\"5df0ef88\" data-element_type=\"widget\" data-widget_type=\"text-editor.default\">\n\t\t\t\t<div class=\"elementor-widget-container\">\n\t\t\t\t\t<div class=\"elementor-text-editor elementor-clearfix\"><p>As m\u00e1quinas monobloco rotativas e lineares de enchimento e coloca\u00e7\u00e3o de tampas s\u00e3o ideais para garrafas e recipientes pequenos independentes ou com a utiliza\u00e7\u00e3o de um sistema de puck que integra A escolha de enchimento pode ser uma m\u00e1quina de enchimento de pist\u00e3o ou uma m\u00e1quina de enchimento de bomba perist\u00e1ltica, as op\u00e7\u00f5es de sele\u00e7\u00e3o incluem uma ta\u00e7a centr\u00edfuga ou uma bomba vibrat\u00f3ria e uma escolha de m\u00e1quinas de enchimento. Uma escolha de enchimento pode ser uma m\u00e1quina de enchimento de pist\u00e3o ou uma m\u00e1quina de enchimento de bomba perist\u00e1ltica, as op\u00e7\u00f5es de sele\u00e7\u00e3o incluem uma ta\u00e7a centr\u00edfuga ou um sistema vibrat\u00f3rio para tampas.<\/p><p>Recomendar produtos\u00a0<\/p><p>Col\u00edrio, E l\u00edquido, E cigarro, E fumo, Perfume, Prepara\u00e7\u00f5es farmac\u00eauticas, Fragr\u00e2ncias, \u00d3leos essenciais, Reagentes, Tintas, Corantes e Especialidades E l\u00edquido<\/p><\/div>\n\t\t\t\t<\/div>\n\t\t\t\t<\/div>\n\t\t\t\t\t\t<\/div>\n\t\t\t<\/div>\n\t\t<\/div>\n\t\t\t\t\t\t<\/div>\n\t\t\t<\/div>\n\t\t<\/section>\n\t\t\t\t<section class=\"elementor-element elementor-element-78cd42f2 elementor-section-boxed elementor-section-height-default elementor-section-height-default elementor-section elementor-top-section\" data-id=\"78cd42f2\" data-element_type=\"section\">\n\t\t\t\t\t\t<div class=\"elementor-container elementor-column-gap-default\">\n\t\t\t\t<div class=\"elementor-row\">\n\t\t\t\t<div class=\"elementor-element elementor-element-6a0fe075 elementor-column elementor-col-100 elementor-top-column\" data-id=\"6a0fe075\" data-element_type=\"column\">\n\t\t\t<div class=\"elementor-column-wrap  elementor-element-populated\">\n\t\t\t\t\t<div class=\"elementor-widget-wrap\">\n\t\t\t\t<div class=\"elementor-element elementor-element-57eaa15d elementor-widget elementor-widget-divider\" data-id=\"57eaa15d\" data-element_type=\"widget\" data-widget_type=\"divider.default\">\n\t\t\t\t<div class=\"elementor-widget-container\">\n\t\t\t\t\t<div class=\"elementor-divider\">\n\t\t\t<span class=\"elementor-divider-separator\">\n\t\t\t\t\t\t<\/span>\n\t\t<\/div>\n\t\t\t\t<\/div>\n\t\t\t\t<\/div>\n\t\t\t\t\t\t<\/div>\n\t\t\t<\/div>\n\t\t<\/div>\n\t\t\t\t\t\t<\/div>\n\t\t\t<\/div>\n\t\t<\/section>\n\t\t\t\t<section class=\"elementor-element elementor-element-25fcdc95 elementor-section-boxed elementor-section-height-default elementor-section-height-default elementor-section elementor-top-section\" data-id=\"25fcdc95\" data-element_type=\"section\">\n\t\t\t\t\t\t<div class=\"elementor-container elementor-column-gap-default\">\n\t\t\t\t<div class=\"elementor-row\">\n\t\t\t\t<div class=\"elementor-element elementor-element-1ba643db elementor-column elementor-col-50 elementor-top-column\" data-id=\"1ba643db\" data-element_type=\"column\">\n\t\t\t<div class=\"elementor-column-wrap  elementor-element-populated\">\n\t\t\t\t\t<div class=\"elementor-widget-wrap\">\n\t\t\t\t<div class=\"elementor-element elementor-element-24c9c8fb elementor-widget elementor-widget-image\" data-id=\"24c9c8fb\" data-element_type=\"widget\" data-widget_type=\"image.default\">\n\t\t\t\t<div class=\"elementor-widget-container\">\n\t\t\t\t\t<div class=\"elementor-image\">\n\t\t\t\t\t\t\t\t\t\t<img loading=\"lazy\" decoding=\"async\" width=\"300\" height=\"206\" src=\"https:\/\/focusonpack.com\/wp-content\/uploads\/2020\/05\/monblock5.jpg\" class=\"attachment-full size-full\" alt=\"\" \/>\t\t\t\t\t\t\t\t\t\t\t<\/div>\n\t\t\t\t<\/div>\n\t\t\t\t<\/div>\n\t\t\t\t\t\t<\/div>\n\t\t\t<\/div>\n\t\t<\/div>\n\t\t\t\t<div class=\"elementor-element elementor-element-30fe2611 elementor-column elementor-col-50 elementor-top-column\" data-id=\"30fe2611\" data-element_type=\"column\">\n\t\t\t<div class=\"elementor-column-wrap  elementor-element-populated\">\n\t\t\t\t\t<div class=\"elementor-widget-wrap\">\n\t\t\t\t<div class=\"elementor-element elementor-element-67cc7de2 elementor-widget elementor-widget-heading\" data-id=\"67cc7de2\" data-element_type=\"widget\" data-widget_type=\"heading.default\">\n\t\t\t\t<div class=\"elementor-widget-container\">\n\t\t\t<h3 class=\"elementor-heading-title elementor-size-default\">M\u00e1quina de tampas de enchimento monobloco<\/h3>\t\t<\/div>\n\t\t\t\t<\/div>\n\t\t\t\t<div class=\"elementor-element elementor-element-7e48ba7b elementor-widget elementor-widget-text-editor\" data-id=\"7e48ba7b\" data-element_type=\"widget\" data-widget_type=\"text-editor.default\">\n\t\t\t\t<div class=\"elementor-widget-container\">\n\t\t\t\t\t<div class=\"elementor-text-editor elementor-clearfix\"><p>A m\u00e1quina monobloco de coloca\u00e7\u00e3o de tampas\/pontas de enchimento pode ser equipada com uma plataforma multi-esta\u00e7\u00f5es de indexa\u00e7\u00e3o simples ou dupla que pode ser configurada para manusear v\u00e1rios recipientes. A m\u00e1quina foi concebida para trabalhar com contentores aut\u00f3nomos ou com a utiliza\u00e7\u00e3o de um sistema de puck. Esta m\u00e1quina monobloco de enchimento de pontas\/coloca\u00e7\u00e3o de tampas com m\u00faltiplas esta\u00e7\u00f5es pode ser equipada com uma plataforma de indexa\u00e7\u00e3o simples ou dupla que pode ser configurada para lidar com v\u00e1rios tipos de aplica\u00e7\u00f5es. Esta m\u00e1quina monobloco multi-esta\u00e7\u00e3o de coloca\u00e7\u00e3o de tampas\/pontas de enchimento pode ser equipada com uma variedade de sistemas de enchimento e dosagem (por exemplo, enchimento volum\u00e9trico de pist\u00e3o, enchimento perist\u00e1ltico, etc.). As op\u00e7\u00f5es de sele\u00e7\u00e3o incluem uma cuba centr\u00edfuga ou um sistema vibrat\u00f3rio para pontas, tamp\u00f5es e tamp\u00f5es. As op\u00e7\u00f5es de sele\u00e7\u00e3o incluem uma ta\u00e7a centr\u00edfuga ou um sistema vibrat\u00f3rio para pontas, tamp\u00f5es e tampas. O design de baixo perfil \u00e9 f\u00e1cil de limpar e manter para cumprir as normas e regulamentos das BPF. O design de baixo perfil \u00e9 f\u00e1cil de limpar e de manter para cumprir as normas e regulamentos das BPF. As portas de a\u00e7o inoxid\u00e1vel na parte da frente e de tr\u00e1s da m\u00e1quina permitem um acesso r\u00e1pido aos componentes internos e aos controlos el\u00e9ctricos.<\/p><\/div>\n\t\t\t\t<\/div>\n\t\t\t\t<\/div>\n\t\t\t\t<div class=\"elementor-element elementor-element-2cd97c91 elementor-widget elementor-widget-button\" data-id=\"2cd97c91\" data-element_type=\"widget\" data-widget_type=\"button.default\">\n\t\t\t\t<div class=\"elementor-widget-container\">\n\t\t\t\t\t<div class=\"elementor-button-wrapper\">\n\t\t\t<a href=\"https:\/\/focusonpack.com\/pt\/monoblock-fill-plug-cap-machine\/\" class=\"elementor-button-link elementor-button elementor-size-sm\" role=\"button\">\n\t\t\t\t\t\t<span class=\"elementor-button-content-wrapper\">\n\t\t\t\t\t\t<span class=\"elementor-button-text\">Detalhes dos produtos<\/span>\n\t\t<\/span>\n\t\t\t\t\t<\/a>\n\t\t<\/div>\n\t\t\t\t<\/div>\n\t\t\t\t<\/div>\n\t\t\t\t\t\t<\/div>\n\t\t\t<\/div>\n\t\t<\/div>\n\t\t\t\t\t\t<\/div>\n\t\t\t<\/div>\n\t\t<\/section>\n\t\t\t\t<section class=\"elementor-element elementor-element-56f9a05d elementor-section-boxed elementor-section-height-default elementor-section-height-default elementor-section elementor-top-section\" data-id=\"56f9a05d\" data-element_type=\"section\">\n\t\t\t\t\t\t<div class=\"elementor-container elementor-column-gap-default\">\n\t\t\t\t<div class=\"elementor-row\">\n\t\t\t\t<div class=\"elementor-element elementor-element-6dc0b0a3 elementor-column elementor-col-100 elementor-top-column\" data-id=\"6dc0b0a3\" data-element_type=\"column\">\n\t\t\t<div class=\"elementor-column-wrap  elementor-element-populated\">\n\t\t\t\t\t<div class=\"elementor-widget-wrap\">\n\t\t\t\t<div class=\"elementor-element elementor-element-3691cc00 elementor-widget elementor-widget-divider\" data-id=\"3691cc00\" data-element_type=\"widget\" data-widget_type=\"divider.default\">\n\t\t\t\t<div class=\"elementor-widget-container\">\n\t\t\t\t\t<div class=\"elementor-divider\">\n\t\t\t<span class=\"elementor-divider-separator\">\n\t\t\t\t\t\t<\/span>\n\t\t<\/div>\n\t\t\t\t<\/div>\n\t\t\t\t<\/div>\n\t\t\t\t\t\t<\/div>\n\t\t\t<\/div>\n\t\t<\/div>\n\t\t\t\t\t\t<\/div>\n\t\t\t<\/div>\n\t\t<\/section>\n\t\t\t\t<section class=\"elementor-element elementor-element-48ce094e elementor-section-boxed elementor-section-height-default elementor-section-height-default elementor-section elementor-top-section\" data-id=\"48ce094e\" data-element_type=\"section\">\n\t\t\t\t\t\t<div class=\"elementor-container elementor-column-gap-default\">\n\t\t\t\t<div class=\"elementor-row\">\n\t\t\t\t<div class=\"elementor-element elementor-element-5cdcf451 elementor-column elementor-col-50 elementor-top-column\" data-id=\"5cdcf451\" data-element_type=\"column\">\n\t\t\t<div class=\"elementor-column-wrap  elementor-element-populated\">\n\t\t\t\t\t<div class=\"elementor-widget-wrap\">\n\t\t\t\t<div class=\"elementor-element elementor-element-43675f49 elementor-widget elementor-widget-image\" data-id=\"43675f49\" data-element_type=\"widget\" data-widget_type=\"image.default\">\n\t\t\t\t<div class=\"elementor-widget-container\">\n\t\t\t\t\t<div class=\"elementor-image\">\n\t\t\t\t\t\t\t\t\t\t<img loading=\"lazy\" decoding=\"async\" width=\"300\" height=\"201\" src=\"https:\/\/focusonpack.com\/wp-content\/uploads\/2020\/05\/monblock6.jpg\" class=\"attachment-full size-full\" alt=\"\" srcset=\"https:\/\/focusonpack.com\/wp-content\/uploads\/2020\/05\/monblock6.jpg 300w, https:\/\/focusonpack.com\/wp-content\/uploads\/2020\/05\/monblock6-270x180.jpg 270w\" sizes=\"auto, (max-width: 300px) 100vw, 300px\" \/>\t\t\t\t\t\t\t\t\t\t\t<\/div>\n\t\t\t\t<\/div>\n\t\t\t\t<\/div>\n\t\t\t\t\t\t<\/div>\n\t\t\t<\/div>\n\t\t<\/div>\n\t\t\t\t<div class=\"elementor-element elementor-element-5593a43c elementor-column elementor-col-50 elementor-top-column\" data-id=\"5593a43c\" data-element_type=\"column\">\n\t\t\t<div class=\"elementor-column-wrap  elementor-element-populated\">\n\t\t\t\t\t<div class=\"elementor-widget-wrap\">\n\t\t\t\t<div class=\"elementor-element elementor-element-7338d17 elementor-widget elementor-widget-heading\" data-id=\"7338d17\" data-element_type=\"widget\" data-widget_type=\"heading.default\">\n\t\t\t\t<div class=\"elementor-widget-container\">\n\t\t\t<h3 class=\"elementor-heading-title elementor-size-default\">M\u00e1quina de enchimento linear autom\u00e1tica com tampa de encaixe<\/h3>\t\t<\/div>\n\t\t\t\t<\/div>\n\t\t\t\t<div class=\"elementor-element elementor-element-7d3eb965 elementor-widget elementor-widget-text-editor\" data-id=\"7d3eb965\" data-element_type=\"widget\" data-widget_type=\"text-editor.default\">\n\t\t\t\t<div class=\"elementor-widget-container\">\n\t\t\t\t\t<div class=\"elementor-text-editor elementor-clearfix\"><p>A m\u00e1quina autom\u00e1tica linear de enchimento e tamponamento \u00e9 ideal para garrafas e recipientes pequenos, podendo ser equipada com um sistema de enchimento de \u00edndice simples ou duplo Pode ser equipada com um sistema de enchimento de \u00edndice \u00fanico ou de \u00edndice duplo com uma variedade de sistemas de enchimento e dosagem (por exemplo, enchimento de pist\u00e3o geom\u00e9trico, enchimento de bomba perist\u00e1ltica ou enchimento por gravidade), qualquer uma das vers\u00f5es pode acomodar uma opera\u00e7\u00e3o de enchimento de uma, duas ou tr\u00eas etapas. A vers\u00e3o pode acomodar uma opera\u00e7\u00e3o de enchimento de um, dois ou tr\u00eas passos. As op\u00e7\u00f5es de sele\u00e7\u00e3o incluem uma cuba centr\u00edfuga ou um sistema vibrat\u00f3rio para pontas, tamp\u00f5es e tampas. Esta m\u00e1quina de enchimento, tamponamento e capsulagem \u00e9 fabricada com um Esta m\u00e1quina de encher e tapar \u00e9 fabricada com uma estrutura em a\u00e7o inoxid\u00e1vel 304, a\u00e7o inoxid\u00e1vel de qualidade alimentar e pl\u00e1sticos para opera\u00e7\u00f5es ou utiliza\u00e7\u00f5es sanit\u00e1rias, componentes em alum\u00ednio anodizado, para al\u00e9m de muitas outras carater\u00edsticas dispon\u00edveis com transportador motorizado e pl\u00e1sticos para utiliza\u00e7\u00e3o na m\u00e1quina de tapar. carater\u00edsticas dispon\u00edveis com transportador motorizado e pacote de indexa\u00e7\u00e3o para manuseamento e posicionamento integrados de contentores, fun\u00e7\u00e3o No Container\/No Fill A fun\u00e7\u00e3o No Container\/No Fill detecta recipientes em falta ou mal posicionados para evitar desperd\u00edcios e derrames de produtos. \u00c9 fornecida de s\u00e9rie com controlo PLC e HMI de ecr\u00e3 t\u00e1til, garantindo \u00c9 fornecido de s\u00e9rie com controlo PLC e HMI de ecr\u00e3 t\u00e1til, assegurando um controlo fi\u00e1vel e repet\u00edvel com um m\u00ednimo de interven\u00e7\u00e3o do operador.<\/p><\/div>\n\t\t\t\t<\/div>\n\t\t\t\t<\/div>\n\t\t\t\t<div class=\"elementor-element elementor-element-784071af elementor-widget elementor-widget-button\" data-id=\"784071af\" data-element_type=\"widget\" data-widget_type=\"button.default\">\n\t\t\t\t<div class=\"elementor-widget-container\">\n\t\t\t\t\t<div class=\"elementor-button-wrapper\">\n\t\t\t<a href=\"#\" class=\"elementor-button-link elementor-button elementor-size-sm\" role=\"button\">\n\t\t\t\t\t\t<span class=\"elementor-button-content-wrapper\">\n\t\t\t\t\t\t<span class=\"elementor-button-text\">Detalhes dos produtos<\/span>\n\t\t<\/span>\n\t\t\t\t\t<\/a>\n\t\t<\/div>\n\t\t\t\t<\/div>\n\t\t\t\t<\/div>\n\t\t\t\t\t\t<\/div>\n\t\t\t<\/div>\n\t\t<\/div>\n\t\t\t\t\t\t<\/div>\n\t\t\t<\/div>\n\t\t<\/section>\n\t\t\t\t\t\t<\/div>\n\t\t\t<\/div>\n\t\t<\/div>","protected":false},"excerpt":{"rendered":"<p>Monoblock Fill Plug Cap Machin&hellip;<\/p>","protected":false},"author":1,"featured_media":0,"parent":0,"menu_order":0,"comment_status":"closed","ping_status":"closed","template":"elementor_header_footer","meta":{"footnotes":""},"class_list":["post-2528","page","type-page","status-publish","hentry","no-thumb"],"yoast_head":"<!-- This site is optimized with the Yoast SEO plugin v24.8.1 - https:\/\/yoast.com\/wordpress\/plugins\/seo\/ -->\n<title>Monoblock Fill Plug Cap Machines - Focus on pack<\/title>\n<meta name=\"robots\" content=\"index, follow, max-snippet:-1, max-image-preview:large, max-video-preview:-1\" \/>\n<link rel=\"canonical\" href=\"https:\/\/focusonpack.com\/pt\/maquinas-monobloco-de-tampoes-de-enchimento\/\" \/>\n<meta property=\"og:locale\" content=\"pt_PT\" \/>\n<meta property=\"og:type\" content=\"article\" \/>\n<meta property=\"og:title\" content=\"Monoblock Fill Plug Cap Machines - Focus on pack\" \/>\n<meta property=\"og:description\" content=\"Monoblock Fill Plug Cap Machin&hellip;\" \/>\n<meta property=\"og:url\" content=\"https:\/\/focusonpack.com\/pt\/maquinas-monobloco-de-tampoes-de-enchimento\/\" \/>\n<meta property=\"og:site_name\" content=\"Focus on pack\" \/>\n<meta property=\"article:modified_time\" content=\"2020-05-18T06:08:06+00:00\" \/>\n<meta property=\"og:image\" content=\"https:\/\/focusonpack.com\/wp-content\/uploads\/2020\/05\/monblock5.jpg\" \/>\n<meta name=\"twitter:card\" content=\"summary_large_image\" \/>\n<meta name=\"twitter:label1\" content=\"Est. reading time\" \/>\n\t<meta name=\"twitter:data1\" content=\"2 minutos\" \/>\n<script type=\"application\/ld+json\" class=\"yoast-schema-graph\">{\"@context\":\"https:\/\/schema.org\",\"@graph\":[{\"@type\":\"WebPage\",\"@id\":\"https:\/\/focusonpack.com\/monoblock-fill-plug-cap-machines\/\",\"url\":\"https:\/\/focusonpack.com\/monoblock-fill-plug-cap-machines\/\",\"name\":\"Monoblock Fill Plug Cap Machines - Focus on pack\",\"isPartOf\":{\"@id\":\"https:\/\/focusonpack.com\/#website\"},\"primaryImageOfPage\":{\"@id\":\"https:\/\/focusonpack.com\/monoblock-fill-plug-cap-machines\/#primaryimage\"},\"image\":{\"@id\":\"https:\/\/focusonpack.com\/monoblock-fill-plug-cap-machines\/#primaryimage\"},\"thumbnailUrl\":\"https:\/\/focusonpack.com\/wp-content\/uploads\/2020\/05\/monblock5.jpg\",\"datePublished\":\"2020-05-08T02:50:02+00:00\",\"dateModified\":\"2020-05-18T06:08:06+00:00\",\"breadcrumb\":{\"@id\":\"https:\/\/focusonpack.com\/monoblock-fill-plug-cap-machines\/#breadcrumb\"},\"inLanguage\":\"pt-PT\",\"potentialAction\":[{\"@type\":\"ReadAction\",\"target\":[\"https:\/\/focusonpack.com\/monoblock-fill-plug-cap-machines\/\"]}]},{\"@type\":\"ImageObject\",\"inLanguage\":\"pt-PT\",\"@id\":\"https:\/\/focusonpack.com\/monoblock-fill-plug-cap-machines\/#primaryimage\",\"url\":\"https:\/\/focusonpack.com\/wp-content\/uploads\/2020\/05\/monblock5.jpg\",\"contentUrl\":\"https:\/\/focusonpack.com\/wp-content\/uploads\/2020\/05\/monblock5.jpg\"},{\"@type\":\"BreadcrumbList\",\"@id\":\"https:\/\/focusonpack.com\/monoblock-fill-plug-cap-machines\/#breadcrumb\",\"itemListElement\":[{\"@type\":\"ListItem\",\"position\":1,\"name\":\"\u9996\u9875\",\"item\":\"https:\/\/focusonpack.com\/\"},{\"@type\":\"ListItem\",\"position\":2,\"name\":\"Monoblock Fill Plug Cap Machines\"}]},{\"@type\":\"WebSite\",\"@id\":\"https:\/\/focusonpack.com\/#website\",\"url\":\"https:\/\/focusonpack.com\/\",\"name\":\"Focus on pack\",\"description\":\"\",\"potentialAction\":[{\"@type\":\"SearchAction\",\"target\":{\"@type\":\"EntryPoint\",\"urlTemplate\":\"https:\/\/focusonpack.com\/?s={search_term_string}\"},\"query-input\":{\"@type\":\"PropertyValueSpecification\",\"valueRequired\":true,\"valueName\":\"search_term_string\"}}],\"inLanguage\":\"pt-PT\"}]}<\/script>\n<!-- \/ Yoast SEO plugin. -->","yoast_head_json":{"title":"Monoblock Fill Plug Cap Machines - Focus on pack","robots":{"index":"index","follow":"follow","max-snippet":"max-snippet:-1","max-image-preview":"max-image-preview:large","max-video-preview":"max-video-preview:-1"},"canonical":"https:\/\/focusonpack.com\/pt\/maquinas-monobloco-de-tampoes-de-enchimento\/","og_locale":"pt_PT","og_type":"article","og_title":"Monoblock Fill Plug Cap Machines - Focus on pack","og_description":"Monoblock Fill Plug Cap Machin&hellip;","og_url":"https:\/\/focusonpack.com\/pt\/maquinas-monobloco-de-tampoes-de-enchimento\/","og_site_name":"Focus on pack","article_modified_time":"2020-05-18T06:08:06+00:00","og_image":[{"url":"https:\/\/focusonpack.com\/wp-content\/uploads\/2020\/05\/monblock5.jpg","type":"","width":"","height":""}],"twitter_card":"summary_large_image","twitter_misc":{"Est. reading time":"2 minutos"},"schema":{"@context":"https:\/\/schema.org","@graph":[{"@type":"WebPage","@id":"https:\/\/focusonpack.com\/monoblock-fill-plug-cap-machines\/","url":"https:\/\/focusonpack.com\/monoblock-fill-plug-cap-machines\/","name":"Monoblock Fill Plug Cap Machines - Focus on pack","isPartOf":{"@id":"https:\/\/focusonpack.com\/#website"},"primaryImageOfPage":{"@id":"https:\/\/focusonpack.com\/monoblock-fill-plug-cap-machines\/#primaryimage"},"image":{"@id":"https:\/\/focusonpack.com\/monoblock-fill-plug-cap-machines\/#primaryimage"},"thumbnailUrl":"https:\/\/focusonpack.com\/wp-content\/uploads\/2020\/05\/monblock5.jpg","datePublished":"2020-05-08T02:50:02+00:00","dateModified":"2020-05-18T06:08:06+00:00","breadcrumb":{"@id":"https:\/\/focusonpack.com\/monoblock-fill-plug-cap-machines\/#breadcrumb"},"inLanguage":"pt-PT","potentialAction":[{"@type":"ReadAction","target":["https:\/\/focusonpack.com\/monoblock-fill-plug-cap-machines\/"]}]},{"@type":"ImageObject","inLanguage":"pt-PT","@id":"https:\/\/focusonpack.com\/monoblock-fill-plug-cap-machines\/#primaryimage","url":"https:\/\/focusonpack.com\/wp-content\/uploads\/2020\/05\/monblock5.jpg","contentUrl":"https:\/\/focusonpack.com\/wp-content\/uploads\/2020\/05\/monblock5.jpg"},{"@type":"BreadcrumbList","@id":"https:\/\/focusonpack.com\/monoblock-fill-plug-cap-machines\/#breadcrumb","itemListElement":[{"@type":"ListItem","position":1,"name":"\u9996\u9875","item":"https:\/\/focusonpack.com\/"},{"@type":"ListItem","position":2,"name":"Monoblock Fill Plug Cap Machines"}]},{"@type":"WebSite","@id":"https:\/\/focusonpack.com\/#website","url":"https:\/\/focusonpack.com\/","name":"Focus on pack","description":"","potentialAction":[{"@type":"SearchAction","target":{"@type":"EntryPoint","urlTemplate":"https:\/\/focusonpack.com\/?s={search_term_string}"},"query-input":{"@type":"PropertyValueSpecification","valueRequired":true,"valueName":"search_term_string"}}],"inLanguage":"pt-PT"}]}},"_links":{"self":[{"href":"https:\/\/focusonpack.com\/pt\/wp-json\/wp\/v2\/pages\/2528","targetHints":{"allow":["GET"]}}],"collection":[{"href":"https:\/\/focusonpack.com\/pt\/wp-json\/wp\/v2\/pages"}],"about":[{"href":"https:\/\/focusonpack.com\/pt\/wp-json\/wp\/v2\/types\/page"}],"author":[{"embeddable":true,"href":"https:\/\/focusonpack.com\/pt\/wp-json\/wp\/v2\/users\/1"}],"replies":[{"embeddable":true,"href":"https:\/\/focusonpack.com\/pt\/wp-json\/wp\/v2\/comments?post=2528"}],"version-history":[{"count":5,"href":"https:\/\/focusonpack.com\/pt\/wp-json\/wp\/v2\/pages\/2528\/revisions"}],"predecessor-version":[{"id":3736,"href":"https:\/\/focusonpack.com\/pt\/wp-json\/wp\/v2\/pages\/2528\/revisions\/3736"}],"wp:attachment":[{"href":"https:\/\/focusonpack.com\/pt\/wp-json\/wp\/v2\/media?parent=2528"}],"curies":[{"name":"wp","href":"https:\/\/api.w.org\/{rel}","templated":true}]}}