{"id":2571,"date":"2020-05-08T15:32:13","date_gmt":"2020-05-08T07:32:13","guid":{"rendered":"https:\/\/focusonpack.com\/?page_id=2571"},"modified":"2025-03-27T16:03:42","modified_gmt":"2025-03-27T08:03:42","slug":"semi-automatic-pet-bottle-blowing-machine","status":"publish","type":"page","link":"https:\/\/focusonpack.com\/pt\/maquina-de-sopro-semi-automatica-para-garrafas-pet\/","title":{"rendered":"M\u00e1quina Sopradora de Garrafas PET Semi-Autom\u00e1tica"},"content":{"rendered":"<div data-elementor-type=\"wp-page\" data-elementor-id=\"2571\" class=\"elementor elementor-2571\" data-elementor-settings=\"[]\">\n\t\t\t<div class=\"elementor-inner\">\n\t\t\t\t<div class=\"elementor-section-wrap\">\n\t\t\t\t\t\t\t<section class=\"elementor-element elementor-element-473d8cc5 elementor-section-boxed elementor-section-height-default elementor-section-height-default elementor-section elementor-top-section\" data-id=\"473d8cc5\" data-element_type=\"section\">\n\t\t\t\t\t\t<div class=\"elementor-container elementor-column-gap-default\">\n\t\t\t\t<div class=\"elementor-row\">\n\t\t\t\t<div class=\"elementor-element elementor-element-5b84abc1 elementor-column elementor-col-100 elementor-top-column\" data-id=\"5b84abc1\" data-element_type=\"column\">\n\t\t\t<div class=\"elementor-column-wrap  elementor-element-populated\">\n\t\t\t\t\t<div class=\"elementor-widget-wrap\">\n\t\t\t\t<div class=\"elementor-element elementor-element-4499fa8b elementor-widget elementor-widget-heading\" data-id=\"4499fa8b\" data-element_type=\"widget\" data-widget_type=\"heading.default\">\n\t\t\t\t<div class=\"elementor-widget-container\">\n\t\t\t<h3 class=\"elementor-heading-title elementor-size-default\">M\u00e1quina Sopradora de Garrafas PET Semi-Autom\u00e1tica<\/h3>\t\t<\/div>\n\t\t\t\t<\/div>\n\t\t\t\t<div class=\"elementor-element elementor-element-1ff45af6 elementor-widget elementor-widget-text-editor\" data-id=\"1ff45af6\" data-element_type=\"widget\" data-widget_type=\"text-editor.default\">\n\t\t\t\t<div class=\"elementor-widget-container\">\n\t\t\t\t\t<div class=\"elementor-text-editor elementor-clearfix\"><p>Fabricamos uma vasta gama de m\u00e1quinas semi-autom\u00e1ticas de fabrico de garrafas PET, incluindo a m\u00e1quina de sopro de garrafas PET semi-autom\u00e1tica com capacidade de produ\u00e7\u00e3o de 800 garrafas por hora com base em 500ml, variando de 50ml a 6000ml, m\u00e1quina de sopro semi-autom\u00e1tica para frascos de 3 ou 5 gal\u00f5es com capacidade de produ\u00e7\u00e3o de 80 frascos por hora, e m\u00e1quina de moldagem por sopro PET semi-autom\u00e1tica (1 pr\u00e9-aquecedor e 2 sopradores) com capacidade de produ\u00e7\u00e3o de 1500 garrafas por hora com base em 500 ml, variando de 50 ml a 6000ml.<\/p><\/div>\n\t\t\t\t<\/div>\n\t\t\t\t<\/div>\n\t\t\t\t\t\t<\/div>\n\t\t\t<\/div>\n\t\t<\/div>\n\t\t\t\t\t\t<\/div>\n\t\t\t<\/div>\n\t\t<\/section>\n\t\t\t\t<section class=\"elementor-element elementor-element-7014bb76 elementor-section-boxed elementor-section-height-default elementor-section-height-default elementor-section elementor-top-section\" data-id=\"7014bb76\" data-element_type=\"section\">\n\t\t\t\t\t\t<div class=\"elementor-container elementor-column-gap-default\">\n\t\t\t\t<div class=\"elementor-row\">\n\t\t\t\t<div class=\"elementor-element elementor-element-3109b63d elementor-column elementor-col-100 elementor-top-column\" data-id=\"3109b63d\" data-element_type=\"column\">\n\t\t\t<div class=\"elementor-column-wrap  elementor-element-populated\">\n\t\t\t\t\t<div class=\"elementor-widget-wrap\">\n\t\t\t\t<div class=\"elementor-element elementor-element-71c97432 elementor-widget elementor-widget-divider\" data-id=\"71c97432\" data-element_type=\"widget\" data-widget_type=\"divider.default\">\n\t\t\t\t<div class=\"elementor-widget-container\">\n\t\t\t\t\t<div class=\"elementor-divider\">\n\t\t\t<span class=\"elementor-divider-separator\">\n\t\t\t\t\t\t<\/span>\n\t\t<\/div>\n\t\t\t\t<\/div>\n\t\t\t\t<\/div>\n\t\t\t\t\t\t<\/div>\n\t\t\t<\/div>\n\t\t<\/div>\n\t\t\t\t\t\t<\/div>\n\t\t\t<\/div>\n\t\t<\/section>\n\t\t\t\t<section class=\"elementor-element elementor-element-39c98e13 elementor-section-boxed elementor-section-height-default elementor-section-height-default elementor-section elementor-top-section\" data-id=\"39c98e13\" data-element_type=\"section\">\n\t\t\t\t\t\t<div class=\"elementor-container elementor-column-gap-default\">\n\t\t\t\t<div class=\"elementor-row\">\n\t\t\t\t<div class=\"elementor-element elementor-element-6090fe42 elementor-column elementor-col-50 elementor-top-column\" data-id=\"6090fe42\" data-element_type=\"column\">\n\t\t\t<div class=\"elementor-column-wrap  elementor-element-populated\">\n\t\t\t\t\t<div class=\"elementor-widget-wrap\">\n\t\t\t\t<div class=\"elementor-element elementor-element-229ce7fc elementor-widget elementor-widget-image\" data-id=\"229ce7fc\" data-element_type=\"widget\" data-widget_type=\"image.default\">\n\t\t\t\t<div class=\"elementor-widget-container\">\n\t\t\t\t\t<div class=\"elementor-image\">\n\t\t\t\t\t\t\t\t\t\t<img loading=\"lazy\" decoding=\"async\" width=\"290\" height=\"195\" src=\"https:\/\/focusonpack.com\/wp-content\/uploads\/2022\/06\/PET-1.jpg\" class=\"elementor-animation-grow attachment-full size-full\" alt=\"\" \/>\t\t\t\t\t\t\t\t\t\t\t<\/div>\n\t\t\t\t<\/div>\n\t\t\t\t<\/div>\n\t\t\t\t\t\t<\/div>\n\t\t\t<\/div>\n\t\t<\/div>\n\t\t\t\t<div class=\"elementor-element elementor-element-391becba elementor-column elementor-col-50 elementor-top-column\" data-id=\"391becba\" data-element_type=\"column\">\n\t\t\t<div class=\"elementor-column-wrap  elementor-element-populated\">\n\t\t\t\t\t<div class=\"elementor-widget-wrap\">\n\t\t\t\t<div class=\"elementor-element elementor-element-176e22c8 elementor-widget elementor-widget-heading\" data-id=\"176e22c8\" data-element_type=\"widget\" data-widget_type=\"heading.default\">\n\t\t\t\t<div class=\"elementor-widget-container\">\n\t\t\t<h3 class=\"elementor-heading-title elementor-size-default\">M\u00e1quina Sopradora de PET Semi Autom\u00e1tica 800BPH<\/h3>\t\t<\/div>\n\t\t\t\t<\/div>\n\t\t\t\t<div class=\"elementor-element elementor-element-24bcc36 elementor-widget elementor-widget-text-editor\" data-id=\"24bcc36\" data-element_type=\"widget\" data-widget_type=\"text-editor.default\">\n\t\t\t\t<div class=\"elementor-widget-container\">\n\t\t\t\t\t<div class=\"elementor-text-editor elementor-clearfix\"><p>A m\u00e1quina de sopro de garrafas PET semi-autom\u00e1tica \u00e9 a solu\u00e7\u00e3o ideal para a produ\u00e7\u00e3o em massa de garrafas PET para empresas em fase de arranque e de pequena escala, e capaz de produzir uma grande variedade de garrafas PET de alta qualidade, de 50 ml a 6000 ml, para muitas ind\u00fastrias, como a da \u00e1gua engarrafada, sumos, produtos l\u00e1cteos, detergentes l\u00edquidos, \u00f3leos vegetais, cosm\u00e9ticos, produtos farmac\u00eauticos e de higiene pessoal, que s\u00e3o apenas alguns exemplos. A velocidade de 800 garrafas por hora a 500 ml pode ser alcan\u00e7ada, a m\u00e1quina standard inclui pr\u00e9-aquecedor e secador de cabelo. A m\u00e1quina padr\u00e3o inclui pr\u00e9-aquecedor e m\u00e1quina de moldagem por sopro, compressor de ar e filtros de ar s\u00e3o opcionais.<\/p><\/div>\n\t\t\t\t<\/div>\n\t\t\t\t<\/div>\n\t\t\t\t<div class=\"elementor-element elementor-element-f88eb4d elementor-button-info elementor-align-left elementor-widget elementor-widget-button\" data-id=\"f88eb4d\" data-element_type=\"widget\" data-widget_type=\"button.default\">\n\t\t\t\t<div class=\"elementor-widget-container\">\n\t\t\t\t\t<div class=\"elementor-button-wrapper\">\n\t\t\t<a href=\"https:\/\/focusonpack.com\/pt\/800bph-maquina-de-sopro-semi-automatica-para-animais-de-estimacao\/\" class=\"elementor-button-link elementor-button elementor-size-sm\" role=\"button\">\n\t\t\t\t\t\t<span class=\"elementor-button-content-wrapper\">\n\t\t\t\t\t\t<span class=\"elementor-button-text\">Detalhes dos produtos<\/span>\n\t\t<\/span>\n\t\t\t\t\t<\/a>\n\t\t<\/div>\n\t\t\t\t<\/div>\n\t\t\t\t<\/div>\n\t\t\t\t\t\t<\/div>\n\t\t\t<\/div>\n\t\t<\/div>\n\t\t\t\t\t\t<\/div>\n\t\t\t<\/div>\n\t\t<\/section>\n\t\t\t\t<section class=\"elementor-element elementor-element-2d0d12df elementor-section-boxed elementor-section-height-default elementor-section-height-default elementor-section elementor-top-section\" data-id=\"2d0d12df\" data-element_type=\"section\">\n\t\t\t\t\t\t<div class=\"elementor-container elementor-column-gap-default\">\n\t\t\t\t<div class=\"elementor-row\">\n\t\t\t\t<div class=\"elementor-element elementor-element-5f7a3fab elementor-column elementor-col-100 elementor-top-column\" data-id=\"5f7a3fab\" data-element_type=\"column\">\n\t\t\t<div class=\"elementor-column-wrap  elementor-element-populated\">\n\t\t\t\t\t<div class=\"elementor-widget-wrap\">\n\t\t\t\t<div class=\"elementor-element elementor-element-6935c981 elementor-widget elementor-widget-divider\" data-id=\"6935c981\" data-element_type=\"widget\" data-widget_type=\"divider.default\">\n\t\t\t\t<div class=\"elementor-widget-container\">\n\t\t\t\t\t<div class=\"elementor-divider\">\n\t\t\t<span class=\"elementor-divider-separator\">\n\t\t\t\t\t\t<\/span>\n\t\t<\/div>\n\t\t\t\t<\/div>\n\t\t\t\t<\/div>\n\t\t\t\t\t\t<\/div>\n\t\t\t<\/div>\n\t\t<\/div>\n\t\t\t\t\t\t<\/div>\n\t\t\t<\/div>\n\t\t<\/section>\n\t\t\t\t<section class=\"elementor-element elementor-element-168ae5f6 elementor-section-boxed elementor-section-height-default elementor-section-height-default elementor-section elementor-top-section\" data-id=\"168ae5f6\" data-element_type=\"section\">\n\t\t\t\t\t\t<div class=\"elementor-container elementor-column-gap-default\">\n\t\t\t\t<div class=\"elementor-row\">\n\t\t\t\t<div class=\"elementor-element elementor-element-571ae485 elementor-column elementor-col-50 elementor-top-column\" data-id=\"571ae485\" data-element_type=\"column\">\n\t\t\t<div class=\"elementor-column-wrap  elementor-element-populated\">\n\t\t\t\t\t<div class=\"elementor-widget-wrap\">\n\t\t\t\t<div class=\"elementor-element elementor-element-29bf35e3 elementor-widget elementor-widget-image\" data-id=\"29bf35e3\" data-element_type=\"widget\" data-widget_type=\"image.default\">\n\t\t\t\t<div class=\"elementor-widget-container\">\n\t\t\t\t\t<div class=\"elementor-image\">\n\t\t\t\t\t\t\t\t\t\t<img decoding=\"async\" src=\"https:\/\/focusonpack.com\/wp-content\/uploads\/elementor\/thumbs\/1500b-opcq0l8nsi0h5z48t0172aezfx9v55ygkzy7bcxwi8.jpg\" title=\"1500b\" alt=\"1500b\" class=\"elementor-animation-grow\" \/>\t\t\t\t\t\t\t\t\t\t\t<\/div>\n\t\t\t\t<\/div>\n\t\t\t\t<\/div>\n\t\t\t\t\t\t<\/div>\n\t\t\t<\/div>\n\t\t<\/div>\n\t\t\t\t<div class=\"elementor-element elementor-element-67c2ac55 elementor-column elementor-col-50 elementor-top-column\" data-id=\"67c2ac55\" data-element_type=\"column\">\n\t\t\t<div class=\"elementor-column-wrap  elementor-element-populated\">\n\t\t\t\t\t<div class=\"elementor-widget-wrap\">\n\t\t\t\t<div class=\"elementor-element elementor-element-d423312 elementor-widget elementor-widget-heading\" data-id=\"d423312\" data-element_type=\"widget\" data-widget_type=\"heading.default\">\n\t\t\t\t<div class=\"elementor-widget-container\">\n\t\t\t<h3 class=\"elementor-heading-title elementor-size-default\">M\u00e1quina Sopradora de PET Semi-Autom\u00e1tica 1500BPH<\/h3>\t\t<\/div>\n\t\t\t\t<\/div>\n\t\t\t\t<div class=\"elementor-element elementor-element-7b5359f4 elementor-widget elementor-widget-text-editor\" data-id=\"7b5359f4\" data-element_type=\"widget\" data-widget_type=\"text-editor.default\">\n\t\t\t\t<div class=\"elementor-widget-container\">\n\t\t\t\t\t<div class=\"elementor-text-editor elementor-clearfix\"><p>Esta m\u00e1quina de moldagem por sopro semi-autom\u00e1tica que vem com 1 pe\u00e7a de pr\u00e9-aquecedor de pr\u00e9-formas e 2 pe\u00e7as de moldadores de sopro \u00e9 desenvolvida com base na vers\u00e3o padr\u00e3o Esta m\u00e1quina de moldagem por sopro semi-autom\u00e1tica que vem com 1 pr\u00e9-aquecedor de pr\u00e9-formas e 2 sopradores \u00e9 desenvolvida com base na vers\u00e3o padr\u00e3o com 1 pr\u00e9-aquecedor de pr\u00e9-formas e 1 soprador. Dois operadores podem soprar garrafas ao mesmo tempo, o que permite produzir duas garrafas de tamanhos diferentes. A velocidade de 1500 garrafas por hora pode ser alcan\u00e7ada. tem a capacidade de produzir uma variedade de tamanhos e formas de garrafas PET de gargalo estreito ou largo que variam de 50ml a 5000ml, que s\u00e3o amplamente utilizados na ind\u00fastria de \u00e1gua engarrafada. Utilizada na ind\u00fastria de \u00e1gua engarrafada, sumo, refrigerante, \u00f3leo comest\u00edvel, cosm\u00e9ticos, cuidados pessoais, produtos farmac\u00eauticos, etc. As carater\u00edsticas s\u00e3o design compacto, alta efici\u00eancia, economia de consumo de energia As carater\u00edsticas s\u00e3o: design compacto, alta efici\u00eancia, economia de consumo de energia, economia de custos de m\u00e3o de obra, baixo pre\u00e7o, f\u00e1cil manuten\u00e7\u00e3o, configura\u00e7\u00e3o do microprocessador, f\u00e1cil de operar sem \u00c9 uma solu\u00e7\u00e3o ideal para fabricantes de garrafas e bebidas em pequena escala e em fase de arranque.<\/p><\/div>\n\t\t\t\t<\/div>\n\t\t\t\t<\/div>\n\t\t\t\t<div class=\"elementor-element elementor-element-a00ed3b elementor-button-info elementor-align-left elementor-widget elementor-widget-button\" data-id=\"a00ed3b\" data-element_type=\"widget\" data-widget_type=\"button.default\">\n\t\t\t\t<div class=\"elementor-widget-container\">\n\t\t\t\t\t<div class=\"elementor-button-wrapper\">\n\t\t\t<a href=\"https:\/\/focusonpack.com\/pt\/1500bph-semi-automatic-pet-blowing-machine\/\" class=\"elementor-button-link elementor-button elementor-size-sm\" role=\"button\">\n\t\t\t\t\t\t<span class=\"elementor-button-content-wrapper\">\n\t\t\t\t\t\t<span class=\"elementor-button-text\">Detalhes dos produtos<\/span>\n\t\t<\/span>\n\t\t\t\t\t<\/a>\n\t\t<\/div>\n\t\t\t\t<\/div>\n\t\t\t\t<\/div>\n\t\t\t\t\t\t<\/div>\n\t\t\t<\/div>\n\t\t<\/div>\n\t\t\t\t\t\t<\/div>\n\t\t\t<\/div>\n\t\t<\/section>\n\t\t\t\t<section class=\"elementor-element elementor-element-357565cc elementor-section-boxed elementor-section-height-default elementor-section-height-default elementor-section elementor-top-section\" data-id=\"357565cc\" data-element_type=\"section\">\n\t\t\t\t\t\t<div class=\"elementor-container elementor-column-gap-default\">\n\t\t\t\t<div class=\"elementor-row\">\n\t\t\t\t<div class=\"elementor-element elementor-element-57ff94f9 elementor-column elementor-col-100 elementor-top-column\" data-id=\"57ff94f9\" data-element_type=\"column\">\n\t\t\t<div class=\"elementor-column-wrap  elementor-element-populated\">\n\t\t\t\t\t<div class=\"elementor-widget-wrap\">\n\t\t\t\t<div class=\"elementor-element elementor-element-4c79c053 elementor-widget elementor-widget-divider\" data-id=\"4c79c053\" data-element_type=\"widget\" data-widget_type=\"divider.default\">\n\t\t\t\t<div class=\"elementor-widget-container\">\n\t\t\t\t\t<div class=\"elementor-divider\">\n\t\t\t<span class=\"elementor-divider-separator\">\n\t\t\t\t\t\t<\/span>\n\t\t<\/div>\n\t\t\t\t<\/div>\n\t\t\t\t<\/div>\n\t\t\t\t\t\t<\/div>\n\t\t\t<\/div>\n\t\t<\/div>\n\t\t\t\t\t\t<\/div>\n\t\t\t<\/div>\n\t\t<\/section>\n\t\t\t\t<section class=\"elementor-element elementor-element-508aa093 elementor-section-boxed elementor-section-height-default elementor-section-height-default elementor-section elementor-top-section\" data-id=\"508aa093\" data-element_type=\"section\">\n\t\t\t\t\t\t<div class=\"elementor-container elementor-column-gap-default\">\n\t\t\t\t<div class=\"elementor-row\">\n\t\t\t\t<div class=\"elementor-element elementor-element-1129c75e elementor-column elementor-col-50 elementor-top-column\" data-id=\"1129c75e\" data-element_type=\"column\">\n\t\t\t<div class=\"elementor-column-wrap  elementor-element-populated\">\n\t\t\t\t\t<div class=\"elementor-widget-wrap\">\n\t\t\t\t<div class=\"elementor-element elementor-element-402088da elementor-widget elementor-widget-image\" data-id=\"402088da\" data-element_type=\"widget\" data-widget_type=\"image.default\">\n\t\t\t\t<div class=\"elementor-widget-container\">\n\t\t\t\t\t<div class=\"elementor-image\">\n\t\t\t\t\t\t\t\t\t\t<img loading=\"lazy\" decoding=\"async\" width=\"311\" height=\"209\" src=\"https:\/\/focusonpack.com\/wp-content\/uploads\/2020\/05\/5-G.jpg\" class=\"elementor-animation-grow attachment-full size-full\" alt=\"\" srcset=\"https:\/\/focusonpack.com\/wp-content\/uploads\/2020\/05\/5-G.jpg 311w, https:\/\/focusonpack.com\/wp-content\/uploads\/2020\/05\/5-G-300x202.jpg 300w, https:\/\/focusonpack.com\/wp-content\/uploads\/2020\/05\/5-G-270x180.jpg 270w\" sizes=\"auto, (max-width: 311px) 100vw, 311px\" \/>\t\t\t\t\t\t\t\t\t\t\t<\/div>\n\t\t\t\t<\/div>\n\t\t\t\t<\/div>\n\t\t\t\t\t\t<\/div>\n\t\t\t<\/div>\n\t\t<\/div>\n\t\t\t\t<div class=\"elementor-element elementor-element-bee0884 elementor-column elementor-col-50 elementor-top-column\" data-id=\"bee0884\" data-element_type=\"column\">\n\t\t\t<div class=\"elementor-column-wrap  elementor-element-populated\">\n\t\t\t\t\t<div class=\"elementor-widget-wrap\">\n\t\t\t\t<div class=\"elementor-element elementor-element-108edc2 elementor-widget elementor-widget-heading\" data-id=\"108edc2\" data-element_type=\"widget\" data-widget_type=\"heading.default\">\n\t\t\t\t<div class=\"elementor-widget-container\">\n\t\t\t<h3 class=\"elementor-heading-title elementor-size-default\">M\u00e1quina de sopro para garrafas de 5 gal\u00f5es<\/h3>\t\t<\/div>\n\t\t\t\t<\/div>\n\t\t\t\t<div class=\"elementor-element elementor-element-26fd2dc3 elementor-widget elementor-widget-text-editor\" data-id=\"26fd2dc3\" data-element_type=\"widget\" data-widget_type=\"text-editor.default\">\n\t\t\t\t<div class=\"elementor-widget-container\">\n\t\t\t\t\t<div class=\"elementor-text-editor elementor-clearfix\"><p>A m\u00e1quina de moldagem por sopro para garrafas de 5 gal\u00f5es \u00e9 ideal para f\u00e1bricas de engarrafamento que procuram fabricar garrafas PET no local, reduzindo os custos e poupando espa\u00e7o de armazenamento. Foi concebida para garrafas de 3 gal\u00f5es, 5 gal\u00f5es e outras garrafas de boca larga, podendo atingir uma velocidade de 75 garrafas por hora. A m\u00e1quina \u00e9 fabricada com uma estrutura tubular resistente, unidades de reaquecimento por infravermelhos para obter um aquecimento uniforme em toda a parede da pr\u00e9-forma. estrutura tubular, unidades de reaquecimento por infravermelhos para obter um aquecimento uniforme em toda a parede da pr\u00e9-forma, sistema de aquecimento de pr\u00e9-forma especialmente concebido para garantir o sistema de aquecimento de pr\u00e9-formas especialmente concebido para garantir um efeito de aquecimento \u00f3timo para pr\u00e9-formas espessas, sistema de arrefecimento por ventoinha especialmente concebido nos canais de aquecimento para manter o forno a uma temperatura constante e temperatura constante e assegurar que a pr\u00e9-forma pode ser aquecida completamente, controlo por microprocessador para facilitar a configura\u00e7\u00e3o, f\u00e1cil de operar sem forma\u00e7\u00e3o especial, manuten\u00e7\u00e3o de baixo custo .<\/p><\/div>\n\t\t\t\t<\/div>\n\t\t\t\t<\/div>\n\t\t\t\t<div class=\"elementor-element elementor-element-d820c25 elementor-button-info elementor-align-left elementor-widget elementor-widget-button\" data-id=\"d820c25\" data-element_type=\"widget\" data-widget_type=\"button.default\">\n\t\t\t\t<div class=\"elementor-widget-container\">\n\t\t\t\t\t<div class=\"elementor-button-wrapper\">\n\t\t\t<a href=\"https:\/\/focusonpack.com\/pt\/5-gallon-bottle-blow-molding-machine\/\" class=\"elementor-button-link elementor-button elementor-size-sm\" role=\"button\">\n\t\t\t\t\t\t<span class=\"elementor-button-content-wrapper\">\n\t\t\t\t\t\t<span class=\"elementor-button-text\">Detalhes dos produtos<\/span>\n\t\t<\/span>\n\t\t\t\t\t<\/a>\n\t\t<\/div>\n\t\t\t\t<\/div>\n\t\t\t\t<\/div>\n\t\t\t\t\t\t<\/div>\n\t\t\t<\/div>\n\t\t<\/div>\n\t\t\t\t\t\t<\/div>\n\t\t\t<\/div>\n\t\t<\/section>\n\t\t\t\t\t\t<\/div>\n\t\t\t<\/div>\n\t\t<\/div>","protected":false},"excerpt":{"rendered":"<p>Semi Automatic PET Bottle Blow&hellip;<\/p>","protected":false},"author":1,"featured_media":0,"parent":0,"menu_order":0,"comment_status":"closed","ping_status":"closed","template":"elementor_header_footer","meta":{"footnotes":""},"class_list":["post-2571","page","type-page","status-publish","hentry","no-thumb"],"yoast_head":"<!-- This site is optimized with the Yoast SEO plugin v24.8.1 - https:\/\/yoast.com\/wordpress\/plugins\/seo\/ -->\n<title>Semi Automatic PET Bottle Blowing Machine - Focus on pack<\/title>\n<meta name=\"robots\" content=\"index, follow, max-snippet:-1, max-image-preview:large, max-video-preview:-1\" \/>\n<link rel=\"canonical\" href=\"https:\/\/focusonpack.com\/pt\/maquina-de-sopro-semi-automatica-para-garrafas-pet\/\" \/>\n<meta property=\"og:locale\" content=\"pt_PT\" \/>\n<meta property=\"og:type\" content=\"article\" \/>\n<meta property=\"og:title\" content=\"Semi Automatic PET Bottle Blowing Machine - Focus on pack\" \/>\n<meta property=\"og:description\" content=\"Semi Automatic PET Bottle Blow&hellip;\" \/>\n<meta property=\"og:url\" content=\"https:\/\/focusonpack.com\/pt\/maquina-de-sopro-semi-automatica-para-garrafas-pet\/\" \/>\n<meta property=\"og:site_name\" content=\"Focus on pack\" \/>\n<meta property=\"article:modified_time\" content=\"2025-03-27T08:03:42+00:00\" \/>\n<meta property=\"og:image\" content=\"https:\/\/focusonpack.com\/wp-content\/uploads\/2022\/06\/PET-1.jpg\" \/>\n<meta name=\"twitter:card\" content=\"summary_large_image\" \/>\n<meta name=\"twitter:label1\" content=\"Est. reading time\" \/>\n\t<meta name=\"twitter:data1\" content=\"2 minutos\" \/>\n<script type=\"application\/ld+json\" class=\"yoast-schema-graph\">{\"@context\":\"https:\/\/schema.org\",\"@graph\":[{\"@type\":\"WebPage\",\"@id\":\"https:\/\/focusonpack.com\/semi-automatic-pet-bottle-blowing-machine\/\",\"url\":\"https:\/\/focusonpack.com\/semi-automatic-pet-bottle-blowing-machine\/\",\"name\":\"Semi Automatic PET Bottle Blowing Machine - Focus on pack\",\"isPartOf\":{\"@id\":\"https:\/\/focusonpack.com\/#website\"},\"primaryImageOfPage\":{\"@id\":\"https:\/\/focusonpack.com\/semi-automatic-pet-bottle-blowing-machine\/#primaryimage\"},\"image\":{\"@id\":\"https:\/\/focusonpack.com\/semi-automatic-pet-bottle-blowing-machine\/#primaryimage\"},\"thumbnailUrl\":\"https:\/\/focusonpack.com\/wp-content\/uploads\/2022\/06\/PET-1.jpg\",\"datePublished\":\"2020-05-08T07:32:13+00:00\",\"dateModified\":\"2025-03-27T08:03:42+00:00\",\"breadcrumb\":{\"@id\":\"https:\/\/focusonpack.com\/semi-automatic-pet-bottle-blowing-machine\/#breadcrumb\"},\"inLanguage\":\"pt-PT\",\"potentialAction\":[{\"@type\":\"ReadAction\",\"target\":[\"https:\/\/focusonpack.com\/semi-automatic-pet-bottle-blowing-machine\/\"]}]},{\"@type\":\"ImageObject\",\"inLanguage\":\"pt-PT\",\"@id\":\"https:\/\/focusonpack.com\/semi-automatic-pet-bottle-blowing-machine\/#primaryimage\",\"url\":\"https:\/\/focusonpack.com\/wp-content\/uploads\/2022\/06\/PET-1.jpg\",\"contentUrl\":\"https:\/\/focusonpack.com\/wp-content\/uploads\/2022\/06\/PET-1.jpg\"},{\"@type\":\"BreadcrumbList\",\"@id\":\"https:\/\/focusonpack.com\/semi-automatic-pet-bottle-blowing-machine\/#breadcrumb\",\"itemListElement\":[{\"@type\":\"ListItem\",\"position\":1,\"name\":\"\u9996\u9875\",\"item\":\"https:\/\/focusonpack.com\/\"},{\"@type\":\"ListItem\",\"position\":2,\"name\":\"Semi Automatic PET Bottle Blowing Machine\"}]},{\"@type\":\"WebSite\",\"@id\":\"https:\/\/focusonpack.com\/#website\",\"url\":\"https:\/\/focusonpack.com\/\",\"name\":\"Focus on pack\",\"description\":\"\",\"potentialAction\":[{\"@type\":\"SearchAction\",\"target\":{\"@type\":\"EntryPoint\",\"urlTemplate\":\"https:\/\/focusonpack.com\/?s={search_term_string}\"},\"query-input\":{\"@type\":\"PropertyValueSpecification\",\"valueRequired\":true,\"valueName\":\"search_term_string\"}}],\"inLanguage\":\"pt-PT\"}]}<\/script>\n<!-- \/ Yoast SEO plugin. -->","yoast_head_json":{"title":"Semi Automatic PET Bottle Blowing Machine - Focus on pack","robots":{"index":"index","follow":"follow","max-snippet":"max-snippet:-1","max-image-preview":"max-image-preview:large","max-video-preview":"max-video-preview:-1"},"canonical":"https:\/\/focusonpack.com\/pt\/maquina-de-sopro-semi-automatica-para-garrafas-pet\/","og_locale":"pt_PT","og_type":"article","og_title":"Semi Automatic PET Bottle Blowing Machine - Focus on pack","og_description":"Semi Automatic PET Bottle Blow&hellip;","og_url":"https:\/\/focusonpack.com\/pt\/maquina-de-sopro-semi-automatica-para-garrafas-pet\/","og_site_name":"Focus on pack","article_modified_time":"2025-03-27T08:03:42+00:00","og_image":[{"url":"https:\/\/focusonpack.com\/wp-content\/uploads\/2022\/06\/PET-1.jpg","type":"","width":"","height":""}],"twitter_card":"summary_large_image","twitter_misc":{"Est. reading time":"2 minutos"},"schema":{"@context":"https:\/\/schema.org","@graph":[{"@type":"WebPage","@id":"https:\/\/focusonpack.com\/semi-automatic-pet-bottle-blowing-machine\/","url":"https:\/\/focusonpack.com\/semi-automatic-pet-bottle-blowing-machine\/","name":"Semi Automatic PET Bottle Blowing Machine - Focus on pack","isPartOf":{"@id":"https:\/\/focusonpack.com\/#website"},"primaryImageOfPage":{"@id":"https:\/\/focusonpack.com\/semi-automatic-pet-bottle-blowing-machine\/#primaryimage"},"image":{"@id":"https:\/\/focusonpack.com\/semi-automatic-pet-bottle-blowing-machine\/#primaryimage"},"thumbnailUrl":"https:\/\/focusonpack.com\/wp-content\/uploads\/2022\/06\/PET-1.jpg","datePublished":"2020-05-08T07:32:13+00:00","dateModified":"2025-03-27T08:03:42+00:00","breadcrumb":{"@id":"https:\/\/focusonpack.com\/semi-automatic-pet-bottle-blowing-machine\/#breadcrumb"},"inLanguage":"pt-PT","potentialAction":[{"@type":"ReadAction","target":["https:\/\/focusonpack.com\/semi-automatic-pet-bottle-blowing-machine\/"]}]},{"@type":"ImageObject","inLanguage":"pt-PT","@id":"https:\/\/focusonpack.com\/semi-automatic-pet-bottle-blowing-machine\/#primaryimage","url":"https:\/\/focusonpack.com\/wp-content\/uploads\/2022\/06\/PET-1.jpg","contentUrl":"https:\/\/focusonpack.com\/wp-content\/uploads\/2022\/06\/PET-1.jpg"},{"@type":"BreadcrumbList","@id":"https:\/\/focusonpack.com\/semi-automatic-pet-bottle-blowing-machine\/#breadcrumb","itemListElement":[{"@type":"ListItem","position":1,"name":"\u9996\u9875","item":"https:\/\/focusonpack.com\/"},{"@type":"ListItem","position":2,"name":"Semi Automatic PET Bottle Blowing Machine"}]},{"@type":"WebSite","@id":"https:\/\/focusonpack.com\/#website","url":"https:\/\/focusonpack.com\/","name":"Focus on pack","description":"","potentialAction":[{"@type":"SearchAction","target":{"@type":"EntryPoint","urlTemplate":"https:\/\/focusonpack.com\/?s={search_term_string}"},"query-input":{"@type":"PropertyValueSpecification","valueRequired":true,"valueName":"search_term_string"}}],"inLanguage":"pt-PT"}]}},"_links":{"self":[{"href":"https:\/\/focusonpack.com\/pt\/wp-json\/wp\/v2\/pages\/2571","targetHints":{"allow":["GET"]}}],"collection":[{"href":"https:\/\/focusonpack.com\/pt\/wp-json\/wp\/v2\/pages"}],"about":[{"href":"https:\/\/focusonpack.com\/pt\/wp-json\/wp\/v2\/types\/page"}],"author":[{"embeddable":true,"href":"https:\/\/focusonpack.com\/pt\/wp-json\/wp\/v2\/users\/1"}],"replies":[{"embeddable":true,"href":"https:\/\/focusonpack.com\/pt\/wp-json\/wp\/v2\/comments?post=2571"}],"version-history":[{"count":17,"href":"https:\/\/focusonpack.com\/pt\/wp-json\/wp\/v2\/pages\/2571\/revisions"}],"predecessor-version":[{"id":4595,"href":"https:\/\/focusonpack.com\/pt\/wp-json\/wp\/v2\/pages\/2571\/revisions\/4595"}],"wp:attachment":[{"href":"https:\/\/focusonpack.com\/pt\/wp-json\/wp\/v2\/media?parent=2571"}],"curies":[{"name":"wp","href":"https:\/\/api.w.org\/{rel}","templated":true}]}}