{"id":2578,"date":"2020-05-08T15:37:21","date_gmt":"2020-05-08T07:37:21","guid":{"rendered":"https:\/\/focusonpack.com\/?page_id=2578"},"modified":"2023-07-21T11:06:21","modified_gmt":"2023-07-21T03:06:21","slug":"automatic-wrap-around-labeling-machine","status":"publish","type":"page","link":"https:\/\/focusonpack.com\/pt\/automatic-wrap-around-labeling-machine\/","title":{"rendered":"M\u00e1quina autom\u00e1tica de etiquetagem envolvente"},"content":{"rendered":"<div data-elementor-type=\"wp-page\" data-elementor-id=\"2578\" class=\"elementor elementor-2578\" data-elementor-settings=\"[]\">\n\t\t\t<div class=\"elementor-inner\">\n\t\t\t\t<div class=\"elementor-section-wrap\">\n\t\t\t\t\t\t\t<section class=\"elementor-element elementor-element-709ea11a elementor-section-boxed elementor-section-height-default elementor-section-height-default elementor-section elementor-top-section\" data-id=\"709ea11a\" data-element_type=\"section\">\n\t\t\t\t\t\t<div class=\"elementor-container elementor-column-gap-default\">\n\t\t\t\t<div class=\"elementor-row\">\n\t\t\t\t<div class=\"elementor-element elementor-element-6890f63a elementor-column elementor-col-50 elementor-top-column\" data-id=\"6890f63a\" data-element_type=\"column\">\n\t\t\t<div class=\"elementor-column-wrap  elementor-element-populated\">\n\t\t\t\t\t<div class=\"elementor-widget-wrap\">\n\t\t\t\t<div class=\"elementor-element elementor-element-2c66f35b elementor-widget elementor-widget-heading\" data-id=\"2c66f35b\" data-element_type=\"widget\" data-widget_type=\"heading.default\">\n\t\t\t\t<div class=\"elementor-widget-container\">\n\t\t\t<h3 class=\"elementor-heading-title elementor-size-default\">M\u00e1quina autom\u00e1tica de etiquetagem envolvente<\/h3>\t\t<\/div>\n\t\t\t\t<\/div>\n\t\t\t\t<div class=\"elementor-element elementor-element-5cffe2d4 elementor-widget elementor-widget-heading\" data-id=\"5cffe2d4\" data-element_type=\"widget\" data-widget_type=\"heading.default\">\n\t\t\t\t<div class=\"elementor-widget-container\">\n\t\t\t<h3 class=\"elementor-heading-title elementor-size-default\">Automatic Wrap Around Labeler<\/h3>\t\t<\/div>\n\t\t\t\t<\/div>\n\t\t\t\t<div class=\"elementor-element elementor-element-59012ccd elementor-widget elementor-widget-text-editor\" data-id=\"59012ccd\" data-element_type=\"widget\" data-widget_type=\"text-editor.default\">\n\t\t\t\t<div class=\"elementor-widget-container\">\n\t\t\t\t\t<div class=\"elementor-text-editor elementor-clearfix\"><p>Automatic wrap around belt driven adhesive bottle labeling machine is the most traditional method for applying labels to round products. The product is conveyed between a rotating belt and pressure pad in which it continues to move forward while rotating. At the beginning of the rotation, a label is dispensed and follows the product during rotation in order to wrap the label around the cylinder.<\/p><\/div>\n\t\t\t\t<\/div>\n\t\t\t\t<\/div>\n\t\t\t\t<div class=\"elementor-element elementor-element-25a7e546 elementor-widget elementor-widget-text-editor\" data-id=\"25a7e546\" data-element_type=\"widget\" data-widget_type=\"text-editor.default\">\n\t\t\t\t<div class=\"elementor-widget-container\">\n\t\t\t\t\t<div class=\"elementor-text-editor elementor-clearfix\"><p>This automatic labeler is an automatic round bottle labeling machine and constructed with stainless steel and anodize aluminium components,labeling system is driven by servomotor, all remaining systems are driven by AC motors(all motors synchronized). It is equipped with speed adjustable container separation module integrated with the labeling system to assure correct bottle entry timing,equipped with speed adjustable wraparound label module for 360\u00b0 perimeter application,equipped with a non-contact product sensor for label gaps and containers or optional build back sensor. The user friendly adjustment on the labeling head ensures that the label is applied precisely onto the container. Additional features include power assisted web take up, PLC control and user friendly HMI, The easy to use design makes it simple to change bottle and label sizes.<\/p><\/div>\n\t\t\t\t<\/div>\n\t\t\t\t<\/div>\n\t\t\t\t<div class=\"elementor-element elementor-element-65f2f58c elementor-widget elementor-widget-heading\" data-id=\"65f2f58c\" data-element_type=\"widget\" data-widget_type=\"heading.default\">\n\t\t\t\t<div class=\"elementor-widget-container\">\n\t\t\t<h3 class=\"elementor-heading-title elementor-size-default\">Carater\u00edsticas principais<\/h3>\t\t<\/div>\n\t\t\t\t<\/div>\n\t\t\t\t<div class=\"elementor-element elementor-element-77930b4a elementor-widget elementor-widget-text-editor\" data-id=\"77930b4a\" data-element_type=\"widget\" data-widget_type=\"text-editor.default\">\n\t\t\t\t<div class=\"elementor-widget-container\">\n\t\t\t\t\t<div class=\"elementor-text-editor elementor-clearfix\"><p>\uf105 Heavy-duty stainless steel constructed and anodized aluminium components<\/p><p>\uf105 Electronic parts are world famous brand<\/p><p>\uf105 Capable of labeling round products with either a partial wrap or full wrap label<\/p><p>\uf105 Variable speed bottle infeed separator wheel<\/p><p>\uf105 Controlo PLC e HMI de f\u00e1cil utiliza\u00e7\u00e3o<\/p><p>\uf105 O acionamento do servomotor proporciona uma rotulagem precisa e repet\u00edvel a alta velocidade<\/p><p>\uf105 Cabe\u00e7a de etiquetas e tapete transportador sincronizados automaticamente<\/p><p>\uf105 Tomada de for\u00e7a assistida na Web<\/p><p>\uf105 Dete\u00e7\u00e3o de etiquetas fracas ou em falta com sistema de paragem autom\u00e1tica para evitar erros de etiquetagem<\/p><p>\uf105 Sensores foto-oculares sem contacto<\/p><p>\uf105 Contador de etiquetas<\/p><\/div>\n\t\t\t\t<\/div>\n\t\t\t\t<\/div>\n\t\t\t\t<div class=\"elementor-element elementor-element-8e78c24 elementor-widget elementor-widget-heading\" data-id=\"8e78c24\" data-element_type=\"widget\" data-widget_type=\"heading.default\">\n\t\t\t\t<div class=\"elementor-widget-container\">\n\t\t\t<h3 class=\"elementor-heading-title elementor-size-default\">Op\u00e7\u00f5es dispon\u00edveis<\/h3>\t\t<\/div>\n\t\t\t\t<\/div>\n\t\t\t\t<div class=\"elementor-element elementor-element-519e56c elementor-widget elementor-widget-text-editor\" data-id=\"519e56c\" data-element_type=\"widget\" data-widget_type=\"text-editor.default\">\n\t\t\t\t<div class=\"elementor-widget-container\">\n\t\t\t\t\t<div class=\"elementor-text-editor elementor-clearfix\"><p>\uf105 Codificador de impress\u00e3o de carimbo quente com base (imprime caracteres diretamente na etiqueta)<\/p><p>\uf105 Sensores de etiquetas transparentes (capazes de detetar etiquetas transparentes)<\/p><\/div>\n\t\t\t\t<\/div>\n\t\t\t\t<\/div>\n\t\t\t\t<div class=\"elementor-element elementor-element-1034961e elementor-widget elementor-widget-heading\" data-id=\"1034961e\" data-element_type=\"widget\" data-widget_type=\"heading.default\">\n\t\t\t\t<div class=\"elementor-widget-container\">\n\t\t\t<h3 class=\"elementor-heading-title elementor-size-default\">Especifica\u00e7\u00f5es t\u00e9cnicas<\/h3>\t\t<\/div>\n\t\t\t\t<\/div>\n\t\t\t\t<div class=\"elementor-element elementor-element-69e49c3f elementor-widget elementor-widget-text-editor\" data-id=\"69e49c3f\" data-element_type=\"widget\" data-widget_type=\"text-editor.default\">\n\t\t\t\t<div class=\"elementor-widget-container\">\n\t\t\t\t\t<div class=\"elementor-text-editor elementor-clearfix\"><table style=\"width: 474.77pt;\" border=\"0\" width=\"633\" cellspacing=\"0\" cellpadding=\"0\"><colgroup><col style=\"width: 109.50pt;\" width=\"146\" \/> <col style=\"width: 365.25pt;\" width=\"487\" \/> <\/colgroup><tbody><tr style=\"height: 15.00pt;\"><td class=\"et2\" style=\"height: 15.00pt; width: 109.50pt;\" width=\"146\" height=\"20\">Dire\u00e7\u00e3o<\/td><td class=\"et2\" style=\"width: 365.25pt;\" width=\"487\">Da esquerda para a direita ou da direita para a esquerda<\/td><\/tr><tr style=\"height: 15.00pt;\"><td class=\"et2\" style=\"height: 15.00pt;\" height=\"20\">velocidade<\/td><td class=\"et2\">120-250CPM(Dependendo das carater\u00edsticas do produto e da velocidade de alimenta\u00e7\u00e3o)<\/td><\/tr><tr style=\"height: 15.00pt;\"><td class=\"et2\" style=\"height: 15.00pt;\" height=\"20\">Di\u00e2metro do contentor\u00a0<\/td><td class=\"et2\">25-120mm<\/td><\/tr><tr style=\"height: 15.00pt;\"><td class=\"et2\" style=\"height: 15.00pt;\" height=\"20\">Altura do contentor<\/td><td class=\"et2\">25-300mm<\/td><\/tr><tr style=\"height: 15.00pt;\"><td class=\"et2\" style=\"height: 15.00pt;\" height=\"20\">Comprimento da etiqueta<\/td><td class=\"et2\">15-300 mm<\/td><\/tr><tr style=\"height: 15.00pt;\"><td class=\"et2\" style=\"height: 15.00pt;\" height=\"20\">Altura da etiqueta<\/td><td class=\"et2\">10-150mm<\/td><\/tr><tr style=\"height: 15.00pt;\"><td class=\"et2\" style=\"height: 15.00pt;\" height=\"20\">Precis\u00e3o da rotulagem<\/td><td class=\"et2\">\u00b11mm (sujeito \u00e0s carater\u00edsticas do produto)<\/td><\/tr><tr style=\"height: 15.00pt;\"><td class=\"et2\" style=\"height: 15.00pt;\" height=\"20\">Tamanho da bobina da etiqueta<\/td><td class=\"et2\">320 mm (m\u00e1x.)<\/td><\/tr><tr style=\"height: 15.00pt;\"><td class=\"et2\" style=\"height: 15.00pt;\" height=\"20\">Etiqueta Tamanho do n\u00facleo<\/td><td class=\"et2\">76 mm<\/td><\/tr><tr style=\"height: 15.00pt;\"><td class=\"et2\" style=\"height: 15.00pt;\" height=\"20\">Fornecimento de eletricidade<\/td><td class=\"et2\">110\/220V 50\/60HZ 1PH 950W<\/td><\/tr><tr style=\"height: 15.00pt;\"><td class=\"et2\" style=\"height: 15.00pt;\" height=\"20\">Peso\u00a0<\/td><td class=\"et2\">200kgs<\/td><\/tr><tr style=\"height: 15.00pt;\"><td class=\"et2\" style=\"height: 15.00pt;\" height=\"20\">Dimens\u00e3o<\/td><td class=\"et2\">1800x900x1300mm<\/td><\/tr><\/tbody><\/table><\/div>\n\t\t\t\t<\/div>\n\t\t\t\t<\/div>\n\t\t\t\t<div class=\"elementor-element elementor-element-46de4673 elementor-widget elementor-widget-text-editor\" data-id=\"46de4673\" data-element_type=\"widget\" data-widget_type=\"text-editor.default\">\n\t\t\t\t<div class=\"elementor-widget-container\">\n\t\t\t\t\t<div class=\"elementor-text-editor elementor-clearfix\"><p>\uf013 As especifica\u00e7\u00f5es est\u00e3o sujeitas a altera\u00e7\u00f5es sem aviso pr\u00e9vio. Todos os direitos s\u00e3o reservados.<\/p><\/div>\n\t\t\t\t<\/div>\n\t\t\t\t<\/div>\n\t\t\t\t\t\t<\/div>\n\t\t\t<\/div>\n\t\t<\/div>\n\t\t\t\t<div class=\"elementor-element elementor-element-236db1bb elementor-column elementor-col-50 elementor-top-column\" data-id=\"236db1bb\" data-element_type=\"column\">\n\t\t\t<div class=\"elementor-column-wrap  elementor-element-populated\">\n\t\t\t\t\t<div class=\"elementor-widget-wrap\">\n\t\t\t\t<div class=\"elementor-element elementor-element-bcbdc2c elementor-widget elementor-widget-spacer\" data-id=\"bcbdc2c\" data-element_type=\"widget\" data-widget_type=\"spacer.default\">\n\t\t\t\t<div class=\"elementor-widget-container\">\n\t\t\t\t\t<div class=\"elementor-spacer\">\n\t\t\t<div class=\"elementor-spacer-inner\"><\/div>\n\t\t<\/div>\n\t\t\t\t<\/div>\n\t\t\t\t<\/div>\n\t\t\t\t<div class=\"elementor-element elementor-element-607c7048 elementor-widget elementor-widget-image\" data-id=\"607c7048\" data-element_type=\"widget\" data-widget_type=\"image.default\">\n\t\t\t\t<div class=\"elementor-widget-container\">\n\t\t\t\t\t<div class=\"elementor-image\">\n\t\t\t\t\t\t\t\t\t\t<img loading=\"lazy\" decoding=\"async\" width=\"308\" height=\"221\" src=\"https:\/\/focusonpack.com\/wp-content\/uploads\/2023\/07\/label-1-1.jpg\" class=\"attachment-full size-full\" alt=\"\" srcset=\"https:\/\/focusonpack.com\/wp-content\/uploads\/2023\/07\/label-1-1.jpg 308w, https:\/\/focusonpack.com\/wp-content\/uploads\/2023\/07\/label-1-1-300x215.jpg 300w\" sizes=\"auto, (max-width: 308px) 100vw, 308px\" \/>\t\t\t\t\t\t\t\t\t\t\t<\/div>\n\t\t\t\t<\/div>\n\t\t\t\t<\/div>\n\t\t\t\t<div class=\"elementor-element elementor-element-2937b904 elementor-button-info elementor-align-center elementor-widget elementor-widget-button\" data-id=\"2937b904\" data-element_type=\"widget\" data-widget_type=\"button.default\">\n\t\t\t\t<div class=\"elementor-widget-container\">\n\t\t\t\t\t<div class=\"elementor-button-wrapper\">\n\t\t\t<a href=\"https:\/\/focusonpack.com\/pt\/contactar-nos\/\" class=\"elementor-button-link elementor-button elementor-size-sm\" role=\"button\">\n\t\t\t\t\t\t<span class=\"elementor-button-content-wrapper\">\n\t\t\t\t\t\t<span class=\"elementor-button-text\">Pedir um or\u00e7amento<\/span>\n\t\t<\/span>\n\t\t\t\t\t<\/a>\n\t\t<\/div>\n\t\t\t\t<\/div>\n\t\t\t\t<\/div>\n\t\t\t\t\t\t<\/div>\n\t\t\t<\/div>\n\t\t<\/div>\n\t\t\t\t\t\t<\/div>\n\t\t\t<\/div>\n\t\t<\/section>\n\t\t\t\t\t\t<\/div>\n\t\t\t<\/div>\n\t\t<\/div>","protected":false},"excerpt":{"rendered":"<p>Automatic Wrap Around Labeling&hellip;<\/p>","protected":false},"author":1,"featured_media":0,"parent":0,"menu_order":0,"comment_status":"closed","ping_status":"closed","template":"elementor_header_footer","meta":{"footnotes":""},"class_list":["post-2578","page","type-page","status-publish","hentry","no-thumb"],"yoast_head":"<!-- This site is optimized with the Yoast SEO plugin v24.8.1 - https:\/\/yoast.com\/wordpress\/plugins\/seo\/ -->\n<title>Automatic Wrap Around Labeling Machine - Focus on pack<\/title>\n<meta name=\"robots\" content=\"index, follow, max-snippet:-1, max-image-preview:large, max-video-preview:-1\" \/>\n<link rel=\"canonical\" href=\"https:\/\/focusonpack.com\/pt\/automatic-wrap-around-labeling-machine\/\" \/>\n<meta property=\"og:locale\" content=\"pt_PT\" \/>\n<meta property=\"og:type\" content=\"article\" \/>\n<meta property=\"og:title\" content=\"Automatic Wrap Around Labeling Machine - Focus on pack\" \/>\n<meta property=\"og:description\" content=\"Automatic Wrap Around Labeling&hellip;\" \/>\n<meta property=\"og:url\" content=\"https:\/\/focusonpack.com\/pt\/automatic-wrap-around-labeling-machine\/\" \/>\n<meta property=\"og:site_name\" content=\"Focus on pack\" \/>\n<meta property=\"article:modified_time\" content=\"2023-07-21T03:06:21+00:00\" \/>\n<meta property=\"og:image\" content=\"https:\/\/focusonpack.com\/wp-content\/uploads\/2023\/07\/label-1-1.jpg\" \/>\n<meta name=\"twitter:card\" content=\"summary_large_image\" \/>\n<meta name=\"twitter:label1\" content=\"Est. reading time\" \/>\n\t<meta name=\"twitter:data1\" content=\"2 minutos\" \/>\n<script type=\"application\/ld+json\" class=\"yoast-schema-graph\">{\"@context\":\"https:\/\/schema.org\",\"@graph\":[{\"@type\":\"WebPage\",\"@id\":\"https:\/\/focusonpack.com\/automatic-wrap-around-labeling-machine\/\",\"url\":\"https:\/\/focusonpack.com\/automatic-wrap-around-labeling-machine\/\",\"name\":\"Automatic Wrap Around Labeling Machine - Focus on pack\",\"isPartOf\":{\"@id\":\"https:\/\/focusonpack.com\/#website\"},\"primaryImageOfPage\":{\"@id\":\"https:\/\/focusonpack.com\/automatic-wrap-around-labeling-machine\/#primaryimage\"},\"image\":{\"@id\":\"https:\/\/focusonpack.com\/automatic-wrap-around-labeling-machine\/#primaryimage\"},\"thumbnailUrl\":\"https:\/\/focusonpack.com\/wp-content\/uploads\/2023\/07\/label-1-1.jpg\",\"datePublished\":\"2020-05-08T07:37:21+00:00\",\"dateModified\":\"2023-07-21T03:06:21+00:00\",\"breadcrumb\":{\"@id\":\"https:\/\/focusonpack.com\/automatic-wrap-around-labeling-machine\/#breadcrumb\"},\"inLanguage\":\"pt-PT\",\"potentialAction\":[{\"@type\":\"ReadAction\",\"target\":[\"https:\/\/focusonpack.com\/automatic-wrap-around-labeling-machine\/\"]}]},{\"@type\":\"ImageObject\",\"inLanguage\":\"pt-PT\",\"@id\":\"https:\/\/focusonpack.com\/automatic-wrap-around-labeling-machine\/#primaryimage\",\"url\":\"https:\/\/focusonpack.com\/wp-content\/uploads\/2023\/07\/label-1-1.jpg\",\"contentUrl\":\"https:\/\/focusonpack.com\/wp-content\/uploads\/2023\/07\/label-1-1.jpg\"},{\"@type\":\"BreadcrumbList\",\"@id\":\"https:\/\/focusonpack.com\/automatic-wrap-around-labeling-machine\/#breadcrumb\",\"itemListElement\":[{\"@type\":\"ListItem\",\"position\":1,\"name\":\"\u9996\u9875\",\"item\":\"https:\/\/focusonpack.com\/\"},{\"@type\":\"ListItem\",\"position\":2,\"name\":\"Automatic Wrap Around Labeling Machine\"}]},{\"@type\":\"WebSite\",\"@id\":\"https:\/\/focusonpack.com\/#website\",\"url\":\"https:\/\/focusonpack.com\/\",\"name\":\"Focus on pack\",\"description\":\"\",\"potentialAction\":[{\"@type\":\"SearchAction\",\"target\":{\"@type\":\"EntryPoint\",\"urlTemplate\":\"https:\/\/focusonpack.com\/?s={search_term_string}\"},\"query-input\":{\"@type\":\"PropertyValueSpecification\",\"valueRequired\":true,\"valueName\":\"search_term_string\"}}],\"inLanguage\":\"pt-PT\"}]}<\/script>\n<!-- \/ Yoast SEO plugin. -->","yoast_head_json":{"title":"Automatic Wrap Around Labeling Machine - Focus on pack","robots":{"index":"index","follow":"follow","max-snippet":"max-snippet:-1","max-image-preview":"max-image-preview:large","max-video-preview":"max-video-preview:-1"},"canonical":"https:\/\/focusonpack.com\/pt\/automatic-wrap-around-labeling-machine\/","og_locale":"pt_PT","og_type":"article","og_title":"Automatic Wrap Around Labeling Machine - Focus on pack","og_description":"Automatic Wrap Around Labeling&hellip;","og_url":"https:\/\/focusonpack.com\/pt\/automatic-wrap-around-labeling-machine\/","og_site_name":"Focus on pack","article_modified_time":"2023-07-21T03:06:21+00:00","og_image":[{"url":"https:\/\/focusonpack.com\/wp-content\/uploads\/2023\/07\/label-1-1.jpg","type":"","width":"","height":""}],"twitter_card":"summary_large_image","twitter_misc":{"Est. reading time":"2 minutos"},"schema":{"@context":"https:\/\/schema.org","@graph":[{"@type":"WebPage","@id":"https:\/\/focusonpack.com\/automatic-wrap-around-labeling-machine\/","url":"https:\/\/focusonpack.com\/automatic-wrap-around-labeling-machine\/","name":"Automatic Wrap Around Labeling Machine - Focus on pack","isPartOf":{"@id":"https:\/\/focusonpack.com\/#website"},"primaryImageOfPage":{"@id":"https:\/\/focusonpack.com\/automatic-wrap-around-labeling-machine\/#primaryimage"},"image":{"@id":"https:\/\/focusonpack.com\/automatic-wrap-around-labeling-machine\/#primaryimage"},"thumbnailUrl":"https:\/\/focusonpack.com\/wp-content\/uploads\/2023\/07\/label-1-1.jpg","datePublished":"2020-05-08T07:37:21+00:00","dateModified":"2023-07-21T03:06:21+00:00","breadcrumb":{"@id":"https:\/\/focusonpack.com\/automatic-wrap-around-labeling-machine\/#breadcrumb"},"inLanguage":"pt-PT","potentialAction":[{"@type":"ReadAction","target":["https:\/\/focusonpack.com\/automatic-wrap-around-labeling-machine\/"]}]},{"@type":"ImageObject","inLanguage":"pt-PT","@id":"https:\/\/focusonpack.com\/automatic-wrap-around-labeling-machine\/#primaryimage","url":"https:\/\/focusonpack.com\/wp-content\/uploads\/2023\/07\/label-1-1.jpg","contentUrl":"https:\/\/focusonpack.com\/wp-content\/uploads\/2023\/07\/label-1-1.jpg"},{"@type":"BreadcrumbList","@id":"https:\/\/focusonpack.com\/automatic-wrap-around-labeling-machine\/#breadcrumb","itemListElement":[{"@type":"ListItem","position":1,"name":"\u9996\u9875","item":"https:\/\/focusonpack.com\/"},{"@type":"ListItem","position":2,"name":"Automatic Wrap Around Labeling Machine"}]},{"@type":"WebSite","@id":"https:\/\/focusonpack.com\/#website","url":"https:\/\/focusonpack.com\/","name":"Focus on pack","description":"","potentialAction":[{"@type":"SearchAction","target":{"@type":"EntryPoint","urlTemplate":"https:\/\/focusonpack.com\/?s={search_term_string}"},"query-input":{"@type":"PropertyValueSpecification","valueRequired":true,"valueName":"search_term_string"}}],"inLanguage":"pt-PT"}]}},"_links":{"self":[{"href":"https:\/\/focusonpack.com\/pt\/wp-json\/wp\/v2\/pages\/2578","targetHints":{"allow":["GET"]}}],"collection":[{"href":"https:\/\/focusonpack.com\/pt\/wp-json\/wp\/v2\/pages"}],"about":[{"href":"https:\/\/focusonpack.com\/pt\/wp-json\/wp\/v2\/types\/page"}],"author":[{"embeddable":true,"href":"https:\/\/focusonpack.com\/pt\/wp-json\/wp\/v2\/users\/1"}],"replies":[{"embeddable":true,"href":"https:\/\/focusonpack.com\/pt\/wp-json\/wp\/v2\/comments?post=2578"}],"version-history":[{"count":9,"href":"https:\/\/focusonpack.com\/pt\/wp-json\/wp\/v2\/pages\/2578\/revisions"}],"predecessor-version":[{"id":4068,"href":"https:\/\/focusonpack.com\/pt\/wp-json\/wp\/v2\/pages\/2578\/revisions\/4068"}],"wp:attachment":[{"href":"https:\/\/focusonpack.com\/pt\/wp-json\/wp\/v2\/media?parent=2578"}],"curies":[{"name":"wp","href":"https:\/\/api.w.org\/{rel}","templated":true}]}}