{"id":2582,"date":"2020-05-08T15:37:44","date_gmt":"2020-05-08T07:37:44","guid":{"rendered":"https:\/\/focusonpack.com\/?page_id=2582"},"modified":"2025-03-24T17:12:31","modified_gmt":"2025-03-24T09:12:31","slug":"l-type-automatic-shrink-wrap-machine","status":"publish","type":"page","link":"https:\/\/focusonpack.com\/pt\/maquina-de-embalagem-retratil\/maquina-de-embalagem-retratil-automatica-tipo-l\/","title":{"rendered":"M\u00e1quina de embalagem retr\u00e1til autom\u00e1tica tipo L"},"content":{"rendered":"<div data-elementor-type=\"wp-page\" data-elementor-id=\"2582\" class=\"elementor elementor-2582\" data-elementor-settings=\"[]\">\n\t\t\t<div class=\"elementor-inner\">\n\t\t\t\t<div class=\"elementor-section-wrap\">\n\t\t\t\t\t\t\t<section class=\"elementor-element elementor-element-4cc7b88f elementor-section-boxed elementor-section-height-default elementor-section-height-default elementor-section elementor-top-section\" data-id=\"4cc7b88f\" data-element_type=\"section\">\n\t\t\t\t\t\t<div class=\"elementor-container elementor-column-gap-default\">\n\t\t\t\t<div class=\"elementor-row\">\n\t\t\t\t<div class=\"elementor-element elementor-element-58ee941b elementor-column elementor-col-50 elementor-top-column\" data-id=\"58ee941b\" data-element_type=\"column\">\n\t\t\t<div class=\"elementor-column-wrap  elementor-element-populated\">\n\t\t\t\t\t<div class=\"elementor-widget-wrap\">\n\t\t\t\t<div class=\"elementor-element elementor-element-7b449c78 elementor-widget elementor-widget-heading\" data-id=\"7b449c78\" data-element_type=\"widget\" data-widget_type=\"heading.default\">\n\t\t\t\t<div class=\"elementor-widget-container\">\n\t\t\t<h3 class=\"elementor-heading-title elementor-size-default\">M\u00e1quina de embalagem retr\u00e1til autom\u00e1tica tipo L<\/h3>\t\t<\/div>\n\t\t\t\t<\/div>\n\t\t\t\t<div class=\"elementor-element elementor-element-5040a130 elementor-widget elementor-widget-text-editor\" data-id=\"5040a130\" data-element_type=\"widget\" data-widget_type=\"text-editor.default\">\n\t\t\t\t<div class=\"elementor-widget-container\">\n\t\t\t\t\t<div class=\"elementor-text-editor elementor-clearfix\"><p>A m\u00e1quina autom\u00e1tica de embalagem retr\u00e1til para garrafas industriais do tipo L foi concebida para embalar, quer em embalagens individuais, quer em conjuntos, no respetivo formato de garrafas, frascos e produtos enlatados e industriais, sem suporte, com suporte de almofada ou com suporte de tabuleiro. de garrafas, frascos e produtos enlatados e industriais podem ser embalados sem suporte, com suporte de almofada ou com suporte de tabuleiro. Cada m\u00e1quina de embalar por retra\u00e7\u00e3o consiste em Cada m\u00e1quina de embalar por retra\u00e7\u00e3o \u00e9 composta por um transportador de alimenta\u00e7\u00e3o lateral, um agrupador, um t\u00fanel de retra\u00e7\u00e3o e um transportador de descarga e pode ser incorporada numa linha existente.<\/p><\/div>\n\t\t\t\t<\/div>\n\t\t\t\t<\/div>\n\t\t\t\t<div class=\"elementor-element elementor-element-431f73c3 elementor-widget elementor-widget-text-editor\" data-id=\"431f73c3\" data-element_type=\"widget\" data-widget_type=\"text-editor.default\">\n\t\t\t\t<div class=\"elementor-widget-container\">\n\t\t\t\t\t<div class=\"elementor-text-editor elementor-clearfix\"><p>Ap\u00f3s o enchimento, a coloca\u00e7\u00e3o da tampa e a rotulagem, os produtos s\u00e3o transportados por um transportador de ripas montado lateralmente para a enfardadeira. Os produtos s\u00e3o agrupados nos respectivos formatos (por exemplo, garrafas 4 x 6 (500 l) ou noutras configura\u00e7\u00f5es de embalagem, como as garrafas 3 x 4 (750 ml) ou as garrafas 2 x 3 (1500 ml). A m\u00e1quina de embalagem retr\u00e1til utiliza normalmente duas bobinas de pel\u00edcula que s\u00e3o unidas para formar uma teia. O produto a embalar passa atrav\u00e9s da teia e a barra de selagem desce para selar e cortar a pel\u00edcula, formando um envelope \u00e0 volta da embalagem.<\/p><\/div>\n\t\t\t\t<\/div>\n\t\t\t\t<\/div>\n\t\t\t\t<div class=\"elementor-element elementor-element-02d4b60 elementor-widget elementor-widget-text-editor\" data-id=\"02d4b60\" data-element_type=\"widget\" data-widget_type=\"text-editor.default\">\n\t\t\t\t<div class=\"elementor-widget-container\">\n\t\t\t\t\t<div class=\"elementor-text-editor elementor-clearfix\"><p>No t\u00fanel de retra\u00e7\u00e3o, o ar quente recirculado encolhe a pel\u00edcula \u00e0 volta dos produtos, deixando duas extremidades abertas nas laterais. No t\u00fanel de retra\u00e7\u00e3o, o ar quente recirculado encolhe a pel\u00edcula \u00e0 volta dos produtos de forma apertada e ordenada, deixando duas extremidades abertas nas laterais. \u00c0 medida que o produto embalado por retra\u00e7\u00e3o sai do t\u00fanel de retra\u00e7\u00e3o, o arrefecimento por ar for\u00e7ado \u00e9 utilizado para apertar a manga de embalagem, de modo a obter uma embalagem forte e segura para empilhar. \u00c0 medida que o produto embalado por retra\u00e7\u00e3o sai do t\u00fanel de retra\u00e7\u00e3o, o arrefecimento por ar for\u00e7ado \u00e9 utilizado para apertar o inv\u00f3lucro da manga, de modo a obter uma embalagem forte e segura, pronta para ser empilhada numa palete ou colocada numa caixa de cart\u00e3o de transporte.<\/p><p>Todos os processos do equipamento de embalagem retr\u00e1til s\u00e3o controlados por um controlador l\u00f3gico program\u00e1vel.<\/p><\/div>\n\t\t\t\t<\/div>\n\t\t\t\t<\/div>\n\t\t\t\t<div class=\"elementor-element elementor-element-499469a7 elementor-widget elementor-widget-heading\" data-id=\"499469a7\" data-element_type=\"widget\" data-widget_type=\"heading.default\">\n\t\t\t\t<div class=\"elementor-widget-container\">\n\t\t\t<h3 class=\"elementor-heading-title elementor-size-default\">Carater\u00edsticas do Wrapper<\/h3>\t\t<\/div>\n\t\t\t\t<\/div>\n\t\t\t\t<div class=\"elementor-element elementor-element-1dcf263c elementor-widget elementor-widget-text-editor\" data-id=\"1dcf263c\" data-element_type=\"widget\" data-widget_type=\"text-editor.default\">\n\t\t\t\t<div class=\"elementor-widget-container\">\n\t\t\t\t\t<div class=\"elementor-text-editor elementor-clearfix\"><p>- Constru\u00e7\u00e3o de estrutura resistente feita em tubo de a\u00e7o pintado<br \/>- Rodas e pernas regul\u00e1veis em altura para transporte e posicionamento<br \/>- Orienta\u00e7\u00e3o da m\u00e1quina: da direita para a esquerda ou da esquerda para a direita<br \/>- Flexibilidade para embrulhar embalagens com e sem tabuleiro<br \/>- Transportador de alimenta\u00e7\u00e3o de v\u00e1rias pistas montado lateralmente com divisor de pistas<br \/>- Tapete de alimenta\u00e7\u00e3o resistente capaz de suportar qualquer peso de embalagem<br \/>- Acesso muito f\u00e1cil \u00e0 \u00e1rea de agrupamento para mudan\u00e7as r\u00e1pidas com pe\u00e7as de liberta\u00e7\u00e3o r\u00e1pida<br \/>- L\u00e2mina de veda\u00e7\u00e3o resistente revestida a Teflon para veda\u00e7\u00f5es fortes e fi\u00e1veis e uma longa vida \u00fatil da l\u00e2mina<br \/>- Prensa pneum\u00e1tica sobre a mesa de sa\u00edda para segurar o produto durante o processo de corte e selagem<br \/>- Bobinas de filme posicionadas ergonomicamente, permitindo um carregamento f\u00e1cil do filme e um enfiamento simples do filme<br \/>- Acionamento el\u00e9trico da pel\u00edcula para garantir que os produtos leves s\u00e3o f\u00e1ceis de embrulhar<br \/>- Controlo PLC e interface HMI com ecr\u00e3 t\u00e1til<br \/>- Controlo de velocidade vari\u00e1vel por inversor<br \/>- F\u00e1cil de incorporar na linha de produ\u00e7\u00e3o existente ou fora da linha<\/p><\/div>\n\t\t\t\t<\/div>\n\t\t\t\t<\/div>\n\t\t\t\t<div class=\"elementor-element elementor-element-abd4219 elementor-widget elementor-widget-heading\" data-id=\"abd4219\" data-element_type=\"widget\" data-widget_type=\"heading.default\">\n\t\t\t\t<div class=\"elementor-widget-container\">\n\t\t\t<h3 class=\"elementor-heading-title elementor-size-default\">Carater\u00edsticas do t\u00fanel de retra\u00e7\u00e3o<\/h3>\t\t<\/div>\n\t\t\t\t<\/div>\n\t\t\t\t<div class=\"elementor-element elementor-element-c0e411a elementor-widget elementor-widget-text-editor\" data-id=\"c0e411a\" data-element_type=\"widget\" data-widget_type=\"text-editor.default\">\n\t\t\t\t<div class=\"elementor-widget-container\">\n\t\t\t\t\t<div class=\"elementor-text-editor elementor-clearfix\"><p>- Estrutura de a\u00e7o soldado resistente com altura ajust\u00e1vel<br \/>- Rodas e pernas regul\u00e1veis em altura para transporte e posicionamento<br \/>- C\u00e2mara de t\u00fanel de retra\u00e7\u00e3o isolada<br \/>- Elementos de aquecimento em a\u00e7o inoxid\u00e1vel para uma longa vida \u00fatil<br \/>- A abertura do t\u00fanel de retra\u00e7\u00e3o \u00e9 de 24\u2033W X 16\u2033H<br \/>- Velocidade ajust\u00e1vel do transportador<br \/>- Controlo de temperatura ajust\u00e1vel<br \/>- Design de ventilador duplo com caudal de ar ajust\u00e1vel<br \/>- Correia transportadora de malha de teflon dur\u00e1vel e antiaderente<br \/>- Esta\u00e7\u00e3o de arrefecimento de descarga em t\u00fanel para uma cura r\u00e1pida da pel\u00edcula<br \/>- Transportador de rolos ociosos de descarga para acumula\u00e7\u00e3o e transporte f\u00e1cil<\/p><\/div>\n\t\t\t\t<\/div>\n\t\t\t\t<\/div>\n\t\t\t\t<div class=\"elementor-element elementor-element-39d025fd elementor-widget elementor-widget-heading\" data-id=\"39d025fd\" data-element_type=\"widget\" data-widget_type=\"heading.default\">\n\t\t\t\t<div class=\"elementor-widget-container\">\n\t\t\t<h3 class=\"elementor-heading-title elementor-size-default\">Especifica\u00e7\u00f5es t\u00e9cnicas<\/h3>\t\t<\/div>\n\t\t\t\t<\/div>\n\t\t\t\t<div class=\"elementor-element elementor-element-12ddc3a0 elementor-widget elementor-widget-text-editor\" data-id=\"12ddc3a0\" data-element_type=\"widget\" data-widget_type=\"text-editor.default\">\n\t\t\t\t<div class=\"elementor-widget-container\">\n\t\t\t\t\t<div class=\"elementor-text-editor elementor-clearfix\"><table width=\"760\">\n<tbody>\n<tr>\n<td width=\"241\">Velocidade de embalagem<\/td>\n<td width=\"253\">8-10 pacotes\/mim<\/td>\n<\/tr>\n<tr>\n<td>Tamanho m\u00e1ximo da embalagem<\/td>\n<td>600(L)x400(W)x350(H)mm<\/td>\n<\/tr>\n<tr>\n<td>Pel\u00edcula aplic\u00e1vel<\/td>\n<td>Pel\u00edcula de polietileno (PE)<\/td>\n<\/tr>\n<tr>\n<td>Largura m\u00e1xima da pel\u00edcula<\/td>\n<td>600 mm<\/td>\n<\/tr>\n<tr>\n<td>Espessura m\u00e1xima da pel\u00edcula<\/td>\n<td>100Micro<\/td>\n<\/tr>\n<tr>\n<td>Fornecimento el\u00e9trico para transportadores<\/td>\n<td>220V 50\/60HZ 1PH 0.75KW<\/td>\n<\/tr>\n<tr>\n<td>Envolvedora de mangas Fornecimento el\u00e9trico<\/td>\n<td>220V 50\/60HZ 1PH 1.20KW<\/td>\n<\/tr>\n<tr>\n<td>Fornecimento el\u00e9trico para t\u00faneis de retra\u00e7\u00e3o<\/td>\n<td>380V 50\/60HZ 3PH 26.00KW<\/td>\n<\/tr>\n<tr>\n<td>C\u00e2mara de t\u00fanel de retra\u00e7\u00e3o<\/td>\n<td>1800x600x400mm<\/td>\n<\/tr>\n<tr>\n<td>Dimens\u00e3o do transportador<\/td>\n<td>2700x350x900mm<\/td>\n<\/tr>\n<tr>\n<td>Dimens\u00e3o do inv\u00f3lucro da manga<\/td>\n<td>1500x910x2000mm<\/td>\n<\/tr>\n<tr>\n<td>Dimens\u00e3o do t\u00fanel de retra\u00e7\u00e3o<\/td>\n<td>3300x900x1850mm<\/td>\n<\/tr>\n<tr>\n<td>Transportador de rolos ociosos<\/td>\n<td>1200x800x950mm<\/td>\n<\/tr>\n<tr>\n<td>Peso do transportador<\/td>\n<td>180 kg<\/td>\n<\/tr>\n<tr>\n<td>Peso do inv\u00f3lucro da manga<\/td>\n<td>500 kg<\/td>\n<\/tr>\n<tr>\n<td>Peso do t\u00fanel de retra\u00e7\u00e3o<\/td>\n<td>600 kg<\/td>\n<\/tr>\n<tr>\n<td>Peso do rolo de marcha lenta<\/td>\n<td>60 kg<\/td>\n<\/tr>\n<\/tbody>\n<\/table><\/div>\n\t\t\t\t<\/div>\n\t\t\t\t<\/div>\n\t\t\t\t<div class=\"elementor-element elementor-element-749cc1ea elementor-widget elementor-widget-text-editor\" data-id=\"749cc1ea\" data-element_type=\"widget\" data-widget_type=\"text-editor.default\">\n\t\t\t\t<div class=\"elementor-widget-container\">\n\t\t\t\t\t<div class=\"elementor-text-editor elementor-clearfix\"><p>\u00a0<\/p><p>* As especifica\u00e7\u00f5es est\u00e3o sujeitas a altera\u00e7\u00f5es sem aviso pr\u00e9vio, Todos os direitos reservados.<\/p><\/div>\n\t\t\t\t<\/div>\n\t\t\t\t<\/div>\n\t\t\t\t\t\t<\/div>\n\t\t\t<\/div>\n\t\t<\/div>\n\t\t\t\t<div class=\"elementor-element elementor-element-67464391 elementor-column elementor-col-50 elementor-top-column\" data-id=\"67464391\" data-element_type=\"column\">\n\t\t\t<div class=\"elementor-column-wrap  elementor-element-populated\">\n\t\t\t\t\t<div class=\"elementor-widget-wrap\">\n\t\t\t\t<div class=\"elementor-element elementor-element-5a88ad3b elementor-widget elementor-widget-spacer\" data-id=\"5a88ad3b\" data-element_type=\"widget\" data-widget_type=\"spacer.default\">\n\t\t\t\t<div class=\"elementor-widget-container\">\n\t\t\t\t\t<div class=\"elementor-spacer\">\n\t\t\t<div class=\"elementor-spacer-inner\"><\/div>\n\t\t<\/div>\n\t\t\t\t<\/div>\n\t\t\t\t<\/div>\n\t\t\t\t<div class=\"elementor-element elementor-element-2170e027 elementor-widget elementor-widget-image\" data-id=\"2170e027\" data-element_type=\"widget\" data-widget_type=\"image.default\">\n\t\t\t\t<div class=\"elementor-widget-container\">\n\t\t\t\t\t<div class=\"elementor-image\">\n\t\t\t\t\t\t\t\t\t\t<img loading=\"lazy\" decoding=\"async\" width=\"413\" height=\"233\" src=\"https:\/\/focusonpack.com\/wp-content\/uploads\/2020\/05\/L-Wrap.jpg\" class=\"elementor-animation-grow attachment-full size-full\" alt=\"\" srcset=\"https:\/\/focusonpack.com\/wp-content\/uploads\/2020\/05\/L-Wrap.jpg 413w, https:\/\/focusonpack.com\/wp-content\/uploads\/2020\/05\/L-Wrap-300x169.jpg 300w\" sizes=\"auto, (max-width: 413px) 100vw, 413px\" \/>\t\t\t\t\t\t\t\t\t\t\t<\/div>\n\t\t\t\t<\/div>\n\t\t\t\t<\/div>\n\t\t\t\t<div class=\"elementor-element elementor-element-41f31e30 elementor-button-info elementor-align-center elementor-widget elementor-widget-button\" data-id=\"41f31e30\" data-element_type=\"widget\" data-widget_type=\"button.default\">\n\t\t\t\t<div class=\"elementor-widget-container\">\n\t\t\t\t\t<div class=\"elementor-button-wrapper\">\n\t\t\t<a href=\"https:\/\/focusonpack.com\/pt\/contactar-nos\/\" class=\"elementor-button-link elementor-button elementor-size-sm\" role=\"button\">\n\t\t\t\t\t\t<span class=\"elementor-button-content-wrapper\">\n\t\t\t\t\t\t<span class=\"elementor-button-text\">Pedir um or\u00e7amento<\/span>\n\t\t<\/span>\n\t\t\t\t\t<\/a>\n\t\t<\/div>\n\t\t\t\t<\/div>\n\t\t\t\t<\/div>\n\t\t\t\t\t\t<\/div>\n\t\t\t<\/div>\n\t\t<\/div>\n\t\t\t\t\t\t<\/div>\n\t\t\t<\/div>\n\t\t<\/section>\n\t\t\t\t\t\t<\/div>\n\t\t\t<\/div>\n\t\t<\/div>","protected":false},"excerpt":{"rendered":"<p>L type Automatic Shrink Wrap M&hellip;<\/p>","protected":false},"author":1,"featured_media":0,"parent":2373,"menu_order":0,"comment_status":"closed","ping_status":"closed","template":"elementor_header_footer","meta":{"footnotes":""},"class_list":["post-2582","page","type-page","status-publish","hentry","no-thumb"],"yoast_head":"<!-- This site is optimized with the Yoast SEO plugin v24.8.1 - https:\/\/yoast.com\/wordpress\/plugins\/seo\/ -->\n<title>L type Automatic Shrink Wrap Machine - Focus on pack<\/title>\n<meta name=\"robots\" content=\"index, follow, max-snippet:-1, max-image-preview:large, max-video-preview:-1\" \/>\n<link rel=\"canonical\" href=\"https:\/\/focusonpack.com\/pt\/maquina-de-embalagem-retratil\/maquina-de-embalagem-retratil-automatica-tipo-l\/\" \/>\n<meta property=\"og:locale\" content=\"pt_PT\" \/>\n<meta property=\"og:type\" content=\"article\" \/>\n<meta property=\"og:title\" content=\"L type Automatic Shrink Wrap Machine - Focus on pack\" \/>\n<meta property=\"og:description\" content=\"L type Automatic Shrink Wrap M&hellip;\" \/>\n<meta property=\"og:url\" content=\"https:\/\/focusonpack.com\/pt\/maquina-de-embalagem-retratil\/maquina-de-embalagem-retratil-automatica-tipo-l\/\" \/>\n<meta property=\"og:site_name\" content=\"Focus on pack\" \/>\n<meta property=\"article:modified_time\" content=\"2025-03-24T09:12:31+00:00\" \/>\n<meta property=\"og:image\" content=\"https:\/\/focusonpack.com\/wp-content\/uploads\/2020\/05\/L-Wrap.jpg\" \/>\n<meta name=\"twitter:card\" content=\"summary_large_image\" \/>\n<meta name=\"twitter:label1\" content=\"Est. reading time\" \/>\n\t<meta name=\"twitter:data1\" content=\"4 minutos\" \/>\n<script type=\"application\/ld+json\" class=\"yoast-schema-graph\">{\"@context\":\"https:\/\/schema.org\",\"@graph\":[{\"@type\":\"WebPage\",\"@id\":\"https:\/\/focusonpack.com\/shrink-wrapping-machine\/l-type-automatic-shrink-wrap-machine\/\",\"url\":\"https:\/\/focusonpack.com\/shrink-wrapping-machine\/l-type-automatic-shrink-wrap-machine\/\",\"name\":\"L type Automatic Shrink Wrap Machine - Focus on pack\",\"isPartOf\":{\"@id\":\"https:\/\/focusonpack.com\/#website\"},\"primaryImageOfPage\":{\"@id\":\"https:\/\/focusonpack.com\/shrink-wrapping-machine\/l-type-automatic-shrink-wrap-machine\/#primaryimage\"},\"image\":{\"@id\":\"https:\/\/focusonpack.com\/shrink-wrapping-machine\/l-type-automatic-shrink-wrap-machine\/#primaryimage\"},\"thumbnailUrl\":\"https:\/\/focusonpack.com\/wp-content\/uploads\/2020\/05\/L-Wrap.jpg\",\"datePublished\":\"2020-05-08T07:37:44+00:00\",\"dateModified\":\"2025-03-24T09:12:31+00:00\",\"breadcrumb\":{\"@id\":\"https:\/\/focusonpack.com\/shrink-wrapping-machine\/l-type-automatic-shrink-wrap-machine\/#breadcrumb\"},\"inLanguage\":\"pt-PT\",\"potentialAction\":[{\"@type\":\"ReadAction\",\"target\":[\"https:\/\/focusonpack.com\/shrink-wrapping-machine\/l-type-automatic-shrink-wrap-machine\/\"]}]},{\"@type\":\"ImageObject\",\"inLanguage\":\"pt-PT\",\"@id\":\"https:\/\/focusonpack.com\/shrink-wrapping-machine\/l-type-automatic-shrink-wrap-machine\/#primaryimage\",\"url\":\"https:\/\/focusonpack.com\/wp-content\/uploads\/2020\/05\/L-Wrap.jpg\",\"contentUrl\":\"https:\/\/focusonpack.com\/wp-content\/uploads\/2020\/05\/L-Wrap.jpg\"},{\"@type\":\"BreadcrumbList\",\"@id\":\"https:\/\/focusonpack.com\/shrink-wrapping-machine\/l-type-automatic-shrink-wrap-machine\/#breadcrumb\",\"itemListElement\":[{\"@type\":\"ListItem\",\"position\":1,\"name\":\"\u9996\u9875\",\"item\":\"https:\/\/focusonpack.com\/\"},{\"@type\":\"ListItem\",\"position\":2,\"name\":\"Shrink Wrapping Machine\",\"item\":\"https:\/\/focusonpack.com\/shrink-wrapping-machine\/\"},{\"@type\":\"ListItem\",\"position\":3,\"name\":\"L type Automatic Shrink Wrap Machine\"}]},{\"@type\":\"WebSite\",\"@id\":\"https:\/\/focusonpack.com\/#website\",\"url\":\"https:\/\/focusonpack.com\/\",\"name\":\"Focus on pack\",\"description\":\"\",\"potentialAction\":[{\"@type\":\"SearchAction\",\"target\":{\"@type\":\"EntryPoint\",\"urlTemplate\":\"https:\/\/focusonpack.com\/?s={search_term_string}\"},\"query-input\":{\"@type\":\"PropertyValueSpecification\",\"valueRequired\":true,\"valueName\":\"search_term_string\"}}],\"inLanguage\":\"pt-PT\"}]}<\/script>\n<!-- \/ Yoast SEO plugin. -->","yoast_head_json":{"title":"L type Automatic Shrink Wrap Machine - Focus on pack","robots":{"index":"index","follow":"follow","max-snippet":"max-snippet:-1","max-image-preview":"max-image-preview:large","max-video-preview":"max-video-preview:-1"},"canonical":"https:\/\/focusonpack.com\/pt\/maquina-de-embalagem-retratil\/maquina-de-embalagem-retratil-automatica-tipo-l\/","og_locale":"pt_PT","og_type":"article","og_title":"L type Automatic Shrink Wrap Machine - Focus on pack","og_description":"L type Automatic Shrink Wrap M&hellip;","og_url":"https:\/\/focusonpack.com\/pt\/maquina-de-embalagem-retratil\/maquina-de-embalagem-retratil-automatica-tipo-l\/","og_site_name":"Focus on pack","article_modified_time":"2025-03-24T09:12:31+00:00","og_image":[{"url":"https:\/\/focusonpack.com\/wp-content\/uploads\/2020\/05\/L-Wrap.jpg","type":"","width":"","height":""}],"twitter_card":"summary_large_image","twitter_misc":{"Est. reading time":"4 minutos"},"schema":{"@context":"https:\/\/schema.org","@graph":[{"@type":"WebPage","@id":"https:\/\/focusonpack.com\/shrink-wrapping-machine\/l-type-automatic-shrink-wrap-machine\/","url":"https:\/\/focusonpack.com\/shrink-wrapping-machine\/l-type-automatic-shrink-wrap-machine\/","name":"L type Automatic Shrink Wrap Machine - Focus on pack","isPartOf":{"@id":"https:\/\/focusonpack.com\/#website"},"primaryImageOfPage":{"@id":"https:\/\/focusonpack.com\/shrink-wrapping-machine\/l-type-automatic-shrink-wrap-machine\/#primaryimage"},"image":{"@id":"https:\/\/focusonpack.com\/shrink-wrapping-machine\/l-type-automatic-shrink-wrap-machine\/#primaryimage"},"thumbnailUrl":"https:\/\/focusonpack.com\/wp-content\/uploads\/2020\/05\/L-Wrap.jpg","datePublished":"2020-05-08T07:37:44+00:00","dateModified":"2025-03-24T09:12:31+00:00","breadcrumb":{"@id":"https:\/\/focusonpack.com\/shrink-wrapping-machine\/l-type-automatic-shrink-wrap-machine\/#breadcrumb"},"inLanguage":"pt-PT","potentialAction":[{"@type":"ReadAction","target":["https:\/\/focusonpack.com\/shrink-wrapping-machine\/l-type-automatic-shrink-wrap-machine\/"]}]},{"@type":"ImageObject","inLanguage":"pt-PT","@id":"https:\/\/focusonpack.com\/shrink-wrapping-machine\/l-type-automatic-shrink-wrap-machine\/#primaryimage","url":"https:\/\/focusonpack.com\/wp-content\/uploads\/2020\/05\/L-Wrap.jpg","contentUrl":"https:\/\/focusonpack.com\/wp-content\/uploads\/2020\/05\/L-Wrap.jpg"},{"@type":"BreadcrumbList","@id":"https:\/\/focusonpack.com\/shrink-wrapping-machine\/l-type-automatic-shrink-wrap-machine\/#breadcrumb","itemListElement":[{"@type":"ListItem","position":1,"name":"\u9996\u9875","item":"https:\/\/focusonpack.com\/"},{"@type":"ListItem","position":2,"name":"Shrink Wrapping Machine","item":"https:\/\/focusonpack.com\/shrink-wrapping-machine\/"},{"@type":"ListItem","position":3,"name":"L type Automatic Shrink Wrap Machine"}]},{"@type":"WebSite","@id":"https:\/\/focusonpack.com\/#website","url":"https:\/\/focusonpack.com\/","name":"Focus on pack","description":"","potentialAction":[{"@type":"SearchAction","target":{"@type":"EntryPoint","urlTemplate":"https:\/\/focusonpack.com\/?s={search_term_string}"},"query-input":{"@type":"PropertyValueSpecification","valueRequired":true,"valueName":"search_term_string"}}],"inLanguage":"pt-PT"}]}},"_links":{"self":[{"href":"https:\/\/focusonpack.com\/pt\/wp-json\/wp\/v2\/pages\/2582","targetHints":{"allow":["GET"]}}],"collection":[{"href":"https:\/\/focusonpack.com\/pt\/wp-json\/wp\/v2\/pages"}],"about":[{"href":"https:\/\/focusonpack.com\/pt\/wp-json\/wp\/v2\/types\/page"}],"author":[{"embeddable":true,"href":"https:\/\/focusonpack.com\/pt\/wp-json\/wp\/v2\/users\/1"}],"replies":[{"embeddable":true,"href":"https:\/\/focusonpack.com\/pt\/wp-json\/wp\/v2\/comments?post=2582"}],"version-history":[{"count":12,"href":"https:\/\/focusonpack.com\/pt\/wp-json\/wp\/v2\/pages\/2582\/revisions"}],"predecessor-version":[{"id":4584,"href":"https:\/\/focusonpack.com\/pt\/wp-json\/wp\/v2\/pages\/2582\/revisions\/4584"}],"up":[{"embeddable":true,"href":"https:\/\/focusonpack.com\/pt\/wp-json\/wp\/v2\/pages\/2373"}],"wp:attachment":[{"href":"https:\/\/focusonpack.com\/pt\/wp-json\/wp\/v2\/media?parent=2582"}],"curies":[{"name":"wp","href":"https:\/\/api.w.org\/{rel}","templated":true}]}}