{"id":2601,"date":"2020-05-08T15:49:37","date_gmt":"2020-05-08T07:49:37","guid":{"rendered":"https:\/\/focusonpack.com\/?page_id=2601"},"modified":"2023-07-21T11:06:04","modified_gmt":"2023-07-21T03:06:04","slug":"automatic-spindle-capping-machine","status":"publish","type":"page","link":"https:\/\/focusonpack.com\/pt\/maquina-de-capsular-com-fuso-automatico\/","title":{"rendered":"M\u00e1quina autom\u00e1tica de capsulagem de eixo"},"content":{"rendered":"<div data-elementor-type=\"wp-page\" data-elementor-id=\"2601\" class=\"elementor elementor-2601\" data-elementor-settings=\"[]\">\n\t\t\t<div class=\"elementor-inner\">\n\t\t\t\t<div class=\"elementor-section-wrap\">\n\t\t\t\t\t\t\t<section class=\"elementor-element elementor-element-62d2c953 elementor-section-boxed elementor-section-height-default elementor-section-height-default elementor-section elementor-top-section\" data-id=\"62d2c953\" data-element_type=\"section\">\n\t\t\t\t\t\t<div class=\"elementor-container elementor-column-gap-default\">\n\t\t\t\t<div class=\"elementor-row\">\n\t\t\t\t<div class=\"elementor-element elementor-element-57599a2a elementor-column elementor-col-100 elementor-top-column\" data-id=\"57599a2a\" data-element_type=\"column\">\n\t\t\t<div class=\"elementor-column-wrap  elementor-element-populated\">\n\t\t\t\t\t<div class=\"elementor-widget-wrap\">\n\t\t\t\t<div class=\"elementor-element elementor-element-4380e05 elementor-widget elementor-widget-heading\" data-id=\"4380e05\" data-element_type=\"widget\" data-widget_type=\"heading.default\">\n\t\t\t\t<div class=\"elementor-widget-container\">\n\t\t\t<h3 class=\"elementor-heading-title elementor-size-default\">M\u00e1quina autom\u00e1tica de capsulagem de eixo<\/h3>\t\t<\/div>\n\t\t\t\t<\/div>\n\t\t\t\t<div class=\"elementor-element elementor-element-66b42664 elementor-widget elementor-widget-text-editor\" data-id=\"66b42664\" data-element_type=\"widget\" data-widget_type=\"text-editor.default\">\n\t\t\t\t<div class=\"elementor-widget-container\">\n\t\t\t\t\t<div class=\"elementor-text-editor elementor-clearfix\"><p>A m\u00e1quina de capsular de fuso pode colocar e apertar uma grande variedade de tampas planas, tampas ovais, tampas flip top, tampas de seguran\u00e7a, tampas \u00e0 prova de crian\u00e7as, tampas desportivas e tampas com sobretampa ou selos de indu\u00e7\u00e3o. A m\u00e1quina de capsular de fuso pode colocar e apertar uma grande variedade de tampas planas, ovais, flip top, pull spouts, de seguran\u00e7a, \u00e0 prova de crian\u00e7as, desportivas e com sobretampa ou selos de indu\u00e7\u00e3o. Vidro.<\/p><\/div>\n\t\t\t\t<\/div>\n\t\t\t\t<\/div>\n\t\t\t\t\t\t<\/div>\n\t\t\t<\/div>\n\t\t<\/div>\n\t\t\t\t\t\t<\/div>\n\t\t\t<\/div>\n\t\t<\/section>\n\t\t\t\t<section class=\"elementor-element elementor-element-8fa21fc elementor-section-boxed elementor-section-height-default elementor-section-height-default elementor-section elementor-top-section\" data-id=\"8fa21fc\" data-element_type=\"section\">\n\t\t\t\t\t\t<div class=\"elementor-container elementor-column-gap-default\">\n\t\t\t\t<div class=\"elementor-row\">\n\t\t\t\t<div class=\"elementor-element elementor-element-7bd6b085 elementor-column elementor-col-100 elementor-top-column\" data-id=\"7bd6b085\" data-element_type=\"column\">\n\t\t\t<div class=\"elementor-column-wrap  elementor-element-populated\">\n\t\t\t\t\t<div class=\"elementor-widget-wrap\">\n\t\t\t\t<div class=\"elementor-element elementor-element-79a1f898 elementor-widget elementor-widget-divider\" data-id=\"79a1f898\" data-element_type=\"widget\" data-widget_type=\"divider.default\">\n\t\t\t\t<div class=\"elementor-widget-container\">\n\t\t\t\t\t<div class=\"elementor-divider\">\n\t\t\t<span class=\"elementor-divider-separator\">\n\t\t\t\t\t\t<\/span>\n\t\t<\/div>\n\t\t\t\t<\/div>\n\t\t\t\t<\/div>\n\t\t\t\t\t\t<\/div>\n\t\t\t<\/div>\n\t\t<\/div>\n\t\t\t\t\t\t<\/div>\n\t\t\t<\/div>\n\t\t<\/section>\n\t\t\t\t<section class=\"elementor-element elementor-element-3727650a elementor-section-boxed elementor-section-height-default elementor-section-height-default elementor-section elementor-top-section\" data-id=\"3727650a\" data-element_type=\"section\">\n\t\t\t\t\t\t<div class=\"elementor-container elementor-column-gap-default\">\n\t\t\t\t<div class=\"elementor-row\">\n\t\t\t\t<div class=\"elementor-element elementor-element-4faccd78 elementor-column elementor-col-50 elementor-top-column\" data-id=\"4faccd78\" data-element_type=\"column\">\n\t\t\t<div class=\"elementor-column-wrap  elementor-element-populated\">\n\t\t\t\t\t<div class=\"elementor-widget-wrap\">\n\t\t\t\t<div class=\"elementor-element elementor-element-7e802026 elementor-widget elementor-widget-image\" data-id=\"7e802026\" data-element_type=\"widget\" data-widget_type=\"image.default\">\n\t\t\t\t<div class=\"elementor-widget-container\">\n\t\t\t\t\t<div class=\"elementor-image\">\n\t\t\t\t\t\t\t\t\t\t<img loading=\"lazy\" decoding=\"async\" width=\"300\" height=\"200\" src=\"https:\/\/focusonpack.com\/wp-content\/uploads\/2023\/07\/scm.jpg\" class=\"attachment-full size-full\" alt=\"\" srcset=\"https:\/\/focusonpack.com\/wp-content\/uploads\/2023\/07\/scm.jpg 300w, https:\/\/focusonpack.com\/wp-content\/uploads\/2023\/07\/scm-270x180.jpg 270w\" sizes=\"auto, (max-width: 300px) 100vw, 300px\" \/>\t\t\t\t\t\t\t\t\t\t\t<\/div>\n\t\t\t\t<\/div>\n\t\t\t\t<\/div>\n\t\t\t\t\t\t<\/div>\n\t\t\t<\/div>\n\t\t<\/div>\n\t\t\t\t<div class=\"elementor-element elementor-element-43ffb4c7 elementor-column elementor-col-50 elementor-top-column\" data-id=\"43ffb4c7\" data-element_type=\"column\">\n\t\t\t<div class=\"elementor-column-wrap  elementor-element-populated\">\n\t\t\t\t\t<div class=\"elementor-widget-wrap\">\n\t\t\t\t<div class=\"elementor-element elementor-element-5f2cf0fc elementor-widget elementor-widget-heading\" data-id=\"5f2cf0fc\" data-element_type=\"widget\" data-widget_type=\"heading.default\">\n\t\t\t\t<div class=\"elementor-widget-container\">\n\t\t\t<h3 class=\"elementor-heading-title elementor-size-default\">M\u00e1quina autom\u00e1tica de capsulagem de eixo com alimentador centr\u00edfugo ou vibrat\u00f3rio<\/h3>\t\t<\/div>\n\t\t\t\t<\/div>\n\t\t\t\t<div class=\"elementor-element elementor-element-1ae18095 elementor-widget elementor-widget-text-editor\" data-id=\"1ae18095\" data-element_type=\"widget\" data-widget_type=\"text-editor.default\">\n\t\t\t\t<div class=\"elementor-widget-container\">\n\t\t\t\t\t<div class=\"elementor-text-editor elementor-clearfix\"><p>A m\u00e1quina de capsulagem autom\u00e1tica de fuso foi concebida para colocar e apertar automaticamente uma grande variedade de tampas de rosca e de olhal nos recipientes. A m\u00e1quina de capsular de fuso utiliza tr\u00eas conjuntos de discos de borracha para aplicar o bin\u00e1rio a cada combina\u00e7\u00e3o de garrafa e tampa que passa pela m\u00e1quina, criando uma veda\u00e7\u00e3o consistente e fi\u00e1vel. A tampadora de fuso utiliza tr\u00eas conjuntos de discos de borracha para aplicar o bin\u00e1rio a cada combina\u00e7\u00e3o de garrafa e tampa que passa pela m\u00e1quina, criando uma veda\u00e7\u00e3o consistente e fi\u00e1vel. As correias de aperto estabilizam as garrafas \u00e0 medida que estas se deslocam atrav\u00e9s da tampadora de garrafas para evitar roscas cruzadas ou tampas soltas. Uma barra estabilizadora mant\u00e9m a tampa no lugar \u00e0 medida que o recipiente come\u00e7a a passar pela m\u00e1quina de capsular. As m\u00e1quinas de capsular de fuso autom\u00e1tico utilizam um sistema de entrega de tampas, como uma centr\u00edfuga de tampas ou uma ta\u00e7a vibrat\u00f3ria para entregar as c\u00e1psulas. As tampadoras autom\u00e1ticas de fuso utilizam um sistema de entrega de tampas, como uma centr\u00edfuga de tampas ou uma ta\u00e7a vibrat\u00f3ria, para entregar as tampas \u00e0s garrafas imediatamente antes de estas chegarem aos fusos de aperto. Um elevador de tampas \u00e9 opcional para reduzir o risco de o seu empregado cair de um escadote, subir a uma plataforma e carregar o classificador a partir de \u00e2ngulos estranhos. Al\u00e9m disso, o facto de carregar as caixas por uma escada reduz a tens\u00e3o nas costas do empregado, o que melhora a produtividade e ajuda a reduzir os custos de m\u00e3o de obra.<\/p><\/div>\n\t\t\t\t<\/div>\n\t\t\t\t<\/div>\n\t\t\t\t<div class=\"elementor-element elementor-element-7c8d753a elementor-widget elementor-widget-button\" data-id=\"7c8d753a\" data-element_type=\"widget\" data-widget_type=\"button.default\">\n\t\t\t\t<div class=\"elementor-widget-container\">\n\t\t\t\t\t<div class=\"elementor-button-wrapper\">\n\t\t\t<a href=\"https:\/\/focusonpack.com\/pt\/automatic-spindle-capping-machine-with-centrifugal-or-vibratory-feeder\/\" class=\"elementor-button-link elementor-button elementor-size-sm\" role=\"button\">\n\t\t\t\t\t\t<span class=\"elementor-button-content-wrapper\">\n\t\t\t\t\t\t<span class=\"elementor-button-text\">Detalhes dos produtos<\/span>\n\t\t<\/span>\n\t\t\t\t\t<\/a>\n\t\t<\/div>\n\t\t\t\t<\/div>\n\t\t\t\t<\/div>\n\t\t\t\t\t\t<\/div>\n\t\t\t<\/div>\n\t\t<\/div>\n\t\t\t\t\t\t<\/div>\n\t\t\t<\/div>\n\t\t<\/section>\n\t\t\t\t<section class=\"elementor-element elementor-element-286d3f9b elementor-section-boxed elementor-section-height-default elementor-section-height-default elementor-section elementor-top-section\" data-id=\"286d3f9b\" data-element_type=\"section\">\n\t\t\t\t\t\t<div class=\"elementor-container elementor-column-gap-default\">\n\t\t\t\t<div class=\"elementor-row\">\n\t\t\t\t<div class=\"elementor-element elementor-element-6ee5c7ca elementor-column elementor-col-100 elementor-top-column\" data-id=\"6ee5c7ca\" data-element_type=\"column\">\n\t\t\t<div class=\"elementor-column-wrap  elementor-element-populated\">\n\t\t\t\t\t<div class=\"elementor-widget-wrap\">\n\t\t\t\t<div class=\"elementor-element elementor-element-25fed356 elementor-widget elementor-widget-divider\" data-id=\"25fed356\" data-element_type=\"widget\" data-widget_type=\"divider.default\">\n\t\t\t\t<div class=\"elementor-widget-container\">\n\t\t\t\t\t<div class=\"elementor-divider\">\n\t\t\t<span class=\"elementor-divider-separator\">\n\t\t\t\t\t\t<\/span>\n\t\t<\/div>\n\t\t\t\t<\/div>\n\t\t\t\t<\/div>\n\t\t\t\t\t\t<\/div>\n\t\t\t<\/div>\n\t\t<\/div>\n\t\t\t\t\t\t<\/div>\n\t\t\t<\/div>\n\t\t<\/section>\n\t\t\t\t<section class=\"elementor-element elementor-element-46d7e7cc elementor-section-boxed elementor-section-height-default elementor-section-height-default elementor-section elementor-top-section\" data-id=\"46d7e7cc\" data-element_type=\"section\">\n\t\t\t\t\t\t<div class=\"elementor-container elementor-column-gap-default\">\n\t\t\t\t<div class=\"elementor-row\">\n\t\t\t\t<div class=\"elementor-element elementor-element-499dc03e elementor-column elementor-col-50 elementor-top-column\" data-id=\"499dc03e\" data-element_type=\"column\">\n\t\t\t<div class=\"elementor-column-wrap  elementor-element-populated\">\n\t\t\t\t\t<div class=\"elementor-widget-wrap\">\n\t\t\t\t<div class=\"elementor-element elementor-element-5e9b2617 elementor-widget elementor-widget-image\" data-id=\"5e9b2617\" data-element_type=\"widget\" data-widget_type=\"image.default\">\n\t\t\t\t<div class=\"elementor-widget-container\">\n\t\t\t\t\t<div class=\"elementor-image\">\n\t\t\t\t\t\t\t\t\t\t<img loading=\"lazy\" decoding=\"async\" width=\"299\" height=\"206\" src=\"https:\/\/focusonpack.com\/wp-content\/uploads\/2023\/07\/spindle2-2.jpg\" class=\"attachment-full size-full\" alt=\"\" \/>\t\t\t\t\t\t\t\t\t\t\t<\/div>\n\t\t\t\t<\/div>\n\t\t\t\t<\/div>\n\t\t\t\t\t\t<\/div>\n\t\t\t<\/div>\n\t\t<\/div>\n\t\t\t\t<div class=\"elementor-element elementor-element-2f2e6b79 elementor-column elementor-col-50 elementor-top-column\" data-id=\"2f2e6b79\" data-element_type=\"column\">\n\t\t\t<div class=\"elementor-column-wrap  elementor-element-populated\">\n\t\t\t\t\t<div class=\"elementor-widget-wrap\">\n\t\t\t\t<div class=\"elementor-element elementor-element-6ee2aeb3 elementor-widget elementor-widget-heading\" data-id=\"6ee2aeb3\" data-element_type=\"widget\" data-widget_type=\"heading.default\">\n\t\t\t\t<div class=\"elementor-widget-container\">\n\t\t\t<h3 class=\"elementor-heading-title elementor-size-default\">M\u00e1quina autom\u00e1tica de capsulagem de eixo com classificador de elevador de tampa<\/h3>\t\t<\/div>\n\t\t\t\t<\/div>\n\t\t\t\t<div class=\"elementor-element elementor-element-497ba0c1 elementor-widget elementor-widget-text-editor\" data-id=\"497ba0c1\" data-element_type=\"widget\" data-widget_type=\"text-editor.default\">\n\t\t\t\t<div class=\"elementor-widget-container\">\n\t\t\t\t\t<div class=\"elementor-text-editor elementor-clearfix\"><p>A m\u00e1quina autom\u00e1tica de capsulagem de fuso com classificador de elevador de tampas \u00e9 extremamente flex\u00edvel e vers\u00e1til na sua capacidade de acomodar uma grande variedade de configura\u00e7\u00f5es de tampas e garrafas sem necessidade de trocar pe\u00e7as. A m\u00e1quina de capsular de fuso autom\u00e1tica \u00e9 composta por 3 m\u00f3dulos: apertador de tampas, calha de tampas e classificador de elevador de tampas. A m\u00e1quina de capsular standard pode utilizar tr\u00eas esta\u00e7\u00f5es de aperto e inclui um classificador de tampas tipo elevador para tampas de 20 a 120 mm. Os contentores de 40 a 460 mm de altura passam atrav\u00e9s da m\u00e1quina de capsular. Os contentores passam atrav\u00e9s da \u00e1rea da calha da m\u00e1quina de capsular enquanto s\u00e3o agarrados por correias laterais. Os contentores retiram as tampas dos dedos da calha da m\u00e1quina de capsular. O estabilizador mant\u00e9m a tampa no lugar enquanto os discos de aperto de borracha (fusos) entram em contacto com a tampa em lados opostos e a rodam para baixo. As embraiagens do eixo da m\u00e1quina de capsular permitem o bin\u00e1rio correto nas tampas e as garrafas n\u00e3o param durante o funcionamento cont\u00ednuo da m\u00e1quina de capsular autom\u00e1tica.<\/p><\/div>\n\t\t\t\t<\/div>\n\t\t\t\t<\/div>\n\t\t\t\t<div class=\"elementor-element elementor-element-5221297 elementor-widget elementor-widget-button\" data-id=\"5221297\" data-element_type=\"widget\" data-widget_type=\"button.default\">\n\t\t\t\t<div class=\"elementor-widget-container\">\n\t\t\t\t\t<div class=\"elementor-button-wrapper\">\n\t\t\t<a href=\"https:\/\/focusonpack.com\/pt\/automatic-spindle-capping-machine-with-cap-elevator-sorter\/\" class=\"elementor-button-link elementor-button elementor-size-sm\" role=\"button\">\n\t\t\t\t\t\t<span class=\"elementor-button-content-wrapper\">\n\t\t\t\t\t\t<span class=\"elementor-button-text\">Detalhes dos produtos<\/span>\n\t\t<\/span>\n\t\t\t\t\t<\/a>\n\t\t<\/div>\n\t\t\t\t<\/div>\n\t\t\t\t<\/div>\n\t\t\t\t\t\t<\/div>\n\t\t\t<\/div>\n\t\t<\/div>\n\t\t\t\t\t\t<\/div>\n\t\t\t<\/div>\n\t\t<\/section>\n\t\t\t\t\t\t<\/div>\n\t\t\t<\/div>\n\t\t<\/div>","protected":false},"excerpt":{"rendered":"<p>Automatic Spindle Capping Mach&hellip;<\/p>","protected":false},"author":1,"featured_media":0,"parent":0,"menu_order":0,"comment_status":"closed","ping_status":"closed","template":"elementor_header_footer","meta":{"footnotes":""},"class_list":["post-2601","page","type-page","status-publish","hentry","no-thumb"],"yoast_head":"<!-- This site is optimized with the Yoast SEO plugin v24.8.1 - https:\/\/yoast.com\/wordpress\/plugins\/seo\/ -->\n<title>Automatic Spindle Capping Machine - Focus on pack<\/title>\n<meta name=\"robots\" content=\"index, follow, max-snippet:-1, max-image-preview:large, max-video-preview:-1\" \/>\n<link rel=\"canonical\" href=\"https:\/\/focusonpack.com\/pt\/maquina-de-capsular-com-fuso-automatico\/\" \/>\n<meta property=\"og:locale\" content=\"pt_PT\" \/>\n<meta property=\"og:type\" content=\"article\" \/>\n<meta property=\"og:title\" content=\"Automatic Spindle Capping Machine - Focus on pack\" \/>\n<meta property=\"og:description\" content=\"Automatic Spindle Capping Mach&hellip;\" \/>\n<meta property=\"og:url\" content=\"https:\/\/focusonpack.com\/pt\/maquina-de-capsular-com-fuso-automatico\/\" \/>\n<meta property=\"og:site_name\" content=\"Focus on pack\" \/>\n<meta property=\"article:modified_time\" content=\"2023-07-21T03:06:04+00:00\" \/>\n<meta property=\"og:image\" content=\"https:\/\/focusonpack.com\/wp-content\/uploads\/2023\/07\/scm.jpg\" \/>\n<meta name=\"twitter:card\" content=\"summary_large_image\" \/>\n<meta name=\"twitter:label1\" content=\"Est. reading time\" \/>\n\t<meta name=\"twitter:data1\" content=\"2 minutos\" \/>\n<script type=\"application\/ld+json\" class=\"yoast-schema-graph\">{\"@context\":\"https:\/\/schema.org\",\"@graph\":[{\"@type\":\"WebPage\",\"@id\":\"https:\/\/focusonpack.com\/automatic-spindle-capping-machine\/\",\"url\":\"https:\/\/focusonpack.com\/automatic-spindle-capping-machine\/\",\"name\":\"Automatic Spindle Capping Machine - Focus on pack\",\"isPartOf\":{\"@id\":\"https:\/\/focusonpack.com\/#website\"},\"primaryImageOfPage\":{\"@id\":\"https:\/\/focusonpack.com\/automatic-spindle-capping-machine\/#primaryimage\"},\"image\":{\"@id\":\"https:\/\/focusonpack.com\/automatic-spindle-capping-machine\/#primaryimage\"},\"thumbnailUrl\":\"https:\/\/focusonpack.com\/wp-content\/uploads\/2023\/07\/scm.jpg\",\"datePublished\":\"2020-05-08T07:49:37+00:00\",\"dateModified\":\"2023-07-21T03:06:04+00:00\",\"breadcrumb\":{\"@id\":\"https:\/\/focusonpack.com\/automatic-spindle-capping-machine\/#breadcrumb\"},\"inLanguage\":\"pt-PT\",\"potentialAction\":[{\"@type\":\"ReadAction\",\"target\":[\"https:\/\/focusonpack.com\/automatic-spindle-capping-machine\/\"]}]},{\"@type\":\"ImageObject\",\"inLanguage\":\"pt-PT\",\"@id\":\"https:\/\/focusonpack.com\/automatic-spindle-capping-machine\/#primaryimage\",\"url\":\"https:\/\/focusonpack.com\/wp-content\/uploads\/2023\/07\/scm.jpg\",\"contentUrl\":\"https:\/\/focusonpack.com\/wp-content\/uploads\/2023\/07\/scm.jpg\"},{\"@type\":\"BreadcrumbList\",\"@id\":\"https:\/\/focusonpack.com\/automatic-spindle-capping-machine\/#breadcrumb\",\"itemListElement\":[{\"@type\":\"ListItem\",\"position\":1,\"name\":\"\u9996\u9875\",\"item\":\"https:\/\/focusonpack.com\/\"},{\"@type\":\"ListItem\",\"position\":2,\"name\":\"Automatic Spindle Capping Machine\"}]},{\"@type\":\"WebSite\",\"@id\":\"https:\/\/focusonpack.com\/#website\",\"url\":\"https:\/\/focusonpack.com\/\",\"name\":\"Focus on pack\",\"description\":\"\",\"potentialAction\":[{\"@type\":\"SearchAction\",\"target\":{\"@type\":\"EntryPoint\",\"urlTemplate\":\"https:\/\/focusonpack.com\/?s={search_term_string}\"},\"query-input\":{\"@type\":\"PropertyValueSpecification\",\"valueRequired\":true,\"valueName\":\"search_term_string\"}}],\"inLanguage\":\"pt-PT\"}]}<\/script>\n<!-- \/ Yoast SEO plugin. -->","yoast_head_json":{"title":"Automatic Spindle Capping Machine - Focus on pack","robots":{"index":"index","follow":"follow","max-snippet":"max-snippet:-1","max-image-preview":"max-image-preview:large","max-video-preview":"max-video-preview:-1"},"canonical":"https:\/\/focusonpack.com\/pt\/maquina-de-capsular-com-fuso-automatico\/","og_locale":"pt_PT","og_type":"article","og_title":"Automatic Spindle Capping Machine - Focus on pack","og_description":"Automatic Spindle Capping Mach&hellip;","og_url":"https:\/\/focusonpack.com\/pt\/maquina-de-capsular-com-fuso-automatico\/","og_site_name":"Focus on pack","article_modified_time":"2023-07-21T03:06:04+00:00","og_image":[{"url":"https:\/\/focusonpack.com\/wp-content\/uploads\/2023\/07\/scm.jpg","type":"","width":"","height":""}],"twitter_card":"summary_large_image","twitter_misc":{"Est. reading time":"2 minutos"},"schema":{"@context":"https:\/\/schema.org","@graph":[{"@type":"WebPage","@id":"https:\/\/focusonpack.com\/automatic-spindle-capping-machine\/","url":"https:\/\/focusonpack.com\/automatic-spindle-capping-machine\/","name":"Automatic Spindle Capping Machine - Focus on pack","isPartOf":{"@id":"https:\/\/focusonpack.com\/#website"},"primaryImageOfPage":{"@id":"https:\/\/focusonpack.com\/automatic-spindle-capping-machine\/#primaryimage"},"image":{"@id":"https:\/\/focusonpack.com\/automatic-spindle-capping-machine\/#primaryimage"},"thumbnailUrl":"https:\/\/focusonpack.com\/wp-content\/uploads\/2023\/07\/scm.jpg","datePublished":"2020-05-08T07:49:37+00:00","dateModified":"2023-07-21T03:06:04+00:00","breadcrumb":{"@id":"https:\/\/focusonpack.com\/automatic-spindle-capping-machine\/#breadcrumb"},"inLanguage":"pt-PT","potentialAction":[{"@type":"ReadAction","target":["https:\/\/focusonpack.com\/automatic-spindle-capping-machine\/"]}]},{"@type":"ImageObject","inLanguage":"pt-PT","@id":"https:\/\/focusonpack.com\/automatic-spindle-capping-machine\/#primaryimage","url":"https:\/\/focusonpack.com\/wp-content\/uploads\/2023\/07\/scm.jpg","contentUrl":"https:\/\/focusonpack.com\/wp-content\/uploads\/2023\/07\/scm.jpg"},{"@type":"BreadcrumbList","@id":"https:\/\/focusonpack.com\/automatic-spindle-capping-machine\/#breadcrumb","itemListElement":[{"@type":"ListItem","position":1,"name":"\u9996\u9875","item":"https:\/\/focusonpack.com\/"},{"@type":"ListItem","position":2,"name":"Automatic Spindle Capping Machine"}]},{"@type":"WebSite","@id":"https:\/\/focusonpack.com\/#website","url":"https:\/\/focusonpack.com\/","name":"Focus on pack","description":"","potentialAction":[{"@type":"SearchAction","target":{"@type":"EntryPoint","urlTemplate":"https:\/\/focusonpack.com\/?s={search_term_string}"},"query-input":{"@type":"PropertyValueSpecification","valueRequired":true,"valueName":"search_term_string"}}],"inLanguage":"pt-PT"}]}},"_links":{"self":[{"href":"https:\/\/focusonpack.com\/pt\/wp-json\/wp\/v2\/pages\/2601","targetHints":{"allow":["GET"]}}],"collection":[{"href":"https:\/\/focusonpack.com\/pt\/wp-json\/wp\/v2\/pages"}],"about":[{"href":"https:\/\/focusonpack.com\/pt\/wp-json\/wp\/v2\/types\/page"}],"author":[{"embeddable":true,"href":"https:\/\/focusonpack.com\/pt\/wp-json\/wp\/v2\/users\/1"}],"replies":[{"embeddable":true,"href":"https:\/\/focusonpack.com\/pt\/wp-json\/wp\/v2\/comments?post=2601"}],"version-history":[{"count":11,"href":"https:\/\/focusonpack.com\/pt\/wp-json\/wp\/v2\/pages\/2601\/revisions"}],"predecessor-version":[{"id":4067,"href":"https:\/\/focusonpack.com\/pt\/wp-json\/wp\/v2\/pages\/2601\/revisions\/4067"}],"wp:attachment":[{"href":"https:\/\/focusonpack.com\/pt\/wp-json\/wp\/v2\/media?parent=2601"}],"curies":[{"name":"wp","href":"https:\/\/api.w.org\/{rel}","templated":true}]}}