{"id":2627,"date":"2020-05-08T15:55:34","date_gmt":"2020-05-08T07:55:34","guid":{"rendered":"https:\/\/focusonpack.com\/?page_id=2627"},"modified":"2023-07-21T11:07:30","modified_gmt":"2023-07-21T03:07:30","slug":"automatic-two-side-front-and-back-labeling-machine","status":"publish","type":"page","link":"https:\/\/focusonpack.com\/pt\/etiquetadora-automatica-de-dois-lados-frente-e-verso\/","title":{"rendered":"M\u00e1quina autom\u00e1tica de etiquetagem frente e verso de dois lados"},"content":{"rendered":"<div data-elementor-type=\"wp-page\" data-elementor-id=\"2627\" class=\"elementor elementor-2627\" data-elementor-settings=\"[]\">\n\t\t\t<div class=\"elementor-inner\">\n\t\t\t\t<div class=\"elementor-section-wrap\">\n\t\t\t\t\t\t\t<section class=\"elementor-element elementor-element-66e71174 elementor-section-boxed elementor-section-height-default elementor-section-height-default elementor-section elementor-top-section\" data-id=\"66e71174\" data-element_type=\"section\">\n\t\t\t\t\t\t<div class=\"elementor-container elementor-column-gap-default\">\n\t\t\t\t<div class=\"elementor-row\">\n\t\t\t\t<div class=\"elementor-element elementor-element-23fce30f elementor-column elementor-col-50 elementor-top-column\" data-id=\"23fce30f\" data-element_type=\"column\">\n\t\t\t<div class=\"elementor-column-wrap  elementor-element-populated\">\n\t\t\t\t\t<div class=\"elementor-widget-wrap\">\n\t\t\t\t<div class=\"elementor-element elementor-element-2263c9c6 elementor-widget elementor-widget-heading\" data-id=\"2263c9c6\" data-element_type=\"widget\" data-widget_type=\"heading.default\">\n\t\t\t\t<div class=\"elementor-widget-container\">\n\t\t\t<h3 class=\"elementor-heading-title elementor-size-default\">M\u00e1quina autom\u00e1tica de etiquetagem frente e verso de dois lados<\/h3>\t\t<\/div>\n\t\t\t\t<\/div>\n\t\t\t\t<div class=\"elementor-element elementor-element-51e33e81 elementor-widget elementor-widget-heading\" data-id=\"51e33e81\" data-element_type=\"widget\" data-widget_type=\"heading.default\">\n\t\t\t\t<div class=\"elementor-widget-container\">\n\t\t\t<h3 class=\"elementor-heading-title elementor-size-default\">M\u00e1quina autom\u00e1tica de etiquetagem de autocolantes de dupla face<\/h3>\t\t<\/div>\n\t\t\t\t<\/div>\n\t\t\t\t<div class=\"elementor-element elementor-element-5df2cebe elementor-widget elementor-widget-text-editor\" data-id=\"5df2cebe\" data-element_type=\"widget\" data-widget_type=\"text-editor.default\">\n\t\t\t\t<div class=\"elementor-widget-container\">\n\t\t\t\t\t<div class=\"elementor-text-editor elementor-clearfix\"><p>A m\u00e1quina autom\u00e1tica de rotulagem autoadesiva frente e verso para garrafas foi concebida para lidar com uma vasta gama de aplica\u00e7\u00f5es de rotulagem autoadesiva com rapidez e precis\u00e3o, quer na configura\u00e7\u00e3o de cabe\u00e7a de rotulagem simples ou tripla, podendo aplicar r\u00f3tulos frente, verso, parcialmente envolvidos ou totalmente envolvidos. As aplica\u00e7\u00f5es de etiquetagem autocolante com rapidez e precis\u00e3o, em configura\u00e7\u00e3o de cabe\u00e7a de etiquetagem simples, dupla ou tripla, podem aplicar etiquetas frontais, traseiras, de envolvimento parcial ou de envolvimento total, bem como etiquetas inviol\u00e1veis ou promocionais. Dois dispensadores de etiquetas funcionam de forma independente para etiquetar um lado ou funcionam simultaneamente para dois lados. Dois dispensadores de etiquetas funcionam independentemente para etiquetagem de um lado ou funcionam simultaneamente para etiquetagem de dois lados, o que permite a aplica\u00e7\u00e3o de etiquetas de diferentes tamanhos em ambos os lados. A m\u00e1quina de etiquetar autocolantes frente e verso est\u00e1 equipada com um sistema de alinhamento de correntes para orienta\u00e7\u00e3o do produto, assegurando o posicionamento correto dos recipientes antes de serem colocados. A m\u00e1quina de etiquetar frente e verso est\u00e1 equipada com um sistema de alinhamento de correntes para orienta\u00e7\u00e3o do produto, garantindo o posicionamento correto dos recipientes antes da aplica\u00e7\u00e3o do r\u00f3tulo. A posi\u00e7\u00e3o do recipiente \u00e9 ajustada pelas correntes motorizadas montadas em molas antes de se deslocar para baixo da pin\u00e7a de cabe\u00e7a, onde \u00e9 libertado. A pin\u00e7a de cabe\u00e7a est\u00e1 montada num sistema de fuso vertical em a\u00e7o inoxid\u00e1vel para um ajuste f\u00e1cil quando necess\u00e1rio. A pin\u00e7a de cabe\u00e7a est\u00e1 montada num sistema de eixo vertical em a\u00e7o inoxid\u00e1vel para um ajuste f\u00e1cil quando necess\u00e1rio. As carater\u00edsticas adicionais incluem constru\u00e7\u00e3o em a\u00e7o inoxid\u00e1vel e componentes anodizados, componentes electr\u00f3nicos mundialmente famosos, servomotor A pin\u00e7a de cabe\u00e7a \u00e9 montada num sistema de eixo vertical em a\u00e7o inoxid\u00e1vel para um ajuste f\u00e1cil quando necess\u00e1rio.<\/p><\/div>\n\t\t\t\t<\/div>\n\t\t\t\t<\/div>\n\t\t\t\t<div class=\"elementor-element elementor-element-74e2a097 elementor-widget elementor-widget-heading\" data-id=\"74e2a097\" data-element_type=\"widget\" data-widget_type=\"heading.default\">\n\t\t\t\t<div class=\"elementor-widget-container\">\n\t\t\t<h3 class=\"elementor-heading-title elementor-size-default\">Carater\u00edsticas principais<\/h3>\t\t<\/div>\n\t\t\t\t<\/div>\n\t\t\t\t<div class=\"elementor-element elementor-element-156e4e72 elementor-widget elementor-widget-text-editor\" data-id=\"156e4e72\" data-element_type=\"widget\" data-widget_type=\"text-editor.default\">\n\t\t\t\t<div class=\"elementor-widget-container\">\n\t\t\t\t\t<div class=\"elementor-text-editor elementor-clearfix\"><p>\uf105 Componentes de alum\u00ednio anodizado constru\u00eddos em a\u00e7o inoxid\u00e1vel resistente<\/p><p>\uf105 Os componentes electr\u00f3nicos s\u00e3o marcas mundialmente famosas<\/p><p>\uf105 Capaz de etiquetar recipientes planos, ovais, quadrados e redondos<\/p><p>\uf105 Roda separadora de alimenta\u00e7\u00e3o de garrafas de velocidade vari\u00e1vel<\/p><p>\uf105 Controlo PLC e HMI de f\u00e1cil utiliza\u00e7\u00e3o<\/p><p>\uf105 O acionamento do servomotor proporciona uma rotulagem precisa e repet\u00edvel a alta velocidade<\/p><p>\uf105 O tapete estabilizador\/transportador superior \u00e9 fornecido para segurar a garrafa para uma rotulagem correta.<\/p><p>\uf105 Cabe\u00e7a de etiquetas e tapete transportador sincronizados automaticamente<\/p><p>\uf105 Tomada de for\u00e7a assistida na Web<\/p><p>\uf105 Dete\u00e7\u00e3o de etiquetas fracas ou em falta com sistema de paragem autom\u00e1tica para evitar erros de etiquetagem<\/p><p>\uf105 Sensores foto-oculares sem contacto<\/p><p>\uf105 Contador de etiquetas<\/p><\/div>\n\t\t\t\t<\/div>\n\t\t\t\t<\/div>\n\t\t\t\t<div class=\"elementor-element elementor-element-05390c4 elementor-widget elementor-widget-heading\" data-id=\"05390c4\" data-element_type=\"widget\" data-widget_type=\"heading.default\">\n\t\t\t\t<div class=\"elementor-widget-container\">\n\t\t\t<h3 class=\"elementor-heading-title elementor-size-default\">Op\u00e7\u00f5es dispon\u00edveis<\/h3>\t\t<\/div>\n\t\t\t\t<\/div>\n\t\t\t\t<div class=\"elementor-element elementor-element-25df27e elementor-widget elementor-widget-text-editor\" data-id=\"25df27e\" data-element_type=\"widget\" data-widget_type=\"text-editor.default\">\n\t\t\t\t<div class=\"elementor-widget-container\">\n\t\t\t\t\t<div class=\"elementor-text-editor elementor-clearfix\"><p>\uf105 Codificador de impress\u00e3o de carimbo quente com base (imprime caracteres diretamente na etiqueta)<\/p><p>\uf105 Sensores de etiquetas transparentes (capazes de detetar etiquetas transparentes)<\/p><p>\uf105 Esta\u00e7\u00e3o envolvente<\/p><\/div>\n\t\t\t\t<\/div>\n\t\t\t\t<\/div>\n\t\t\t\t<div class=\"elementor-element elementor-element-6b68c209 elementor-widget elementor-widget-heading\" data-id=\"6b68c209\" data-element_type=\"widget\" data-widget_type=\"heading.default\">\n\t\t\t\t<div class=\"elementor-widget-container\">\n\t\t\t<h3 class=\"elementor-heading-title elementor-size-default\">Especifica\u00e7\u00f5es t\u00e9cnicas<\/h3>\t\t<\/div>\n\t\t\t\t<\/div>\n\t\t\t\t<div class=\"elementor-element elementor-element-2a04ffc elementor-widget elementor-widget-text-editor\" data-id=\"2a04ffc\" data-element_type=\"widget\" data-widget_type=\"text-editor.default\">\n\t\t\t\t<div class=\"elementor-widget-container\">\n\t\t\t\t\t<div class=\"elementor-text-editor elementor-clearfix\"><table border=\"0\" cellpadding=\"0\" cellspacing=\"0\" width=\"633\" height=\"240\" style=\"width: 474.77pt;\">\n <colgroup><col width=\"146\" style=\"width:109.50pt;\">\n <col width=\"487\" style=\"width:365.25pt;\">\n <\/colgroup><tbody><tr height=\"20\" style=\"height:15.00pt;\">\n  <td class=\"et2\" height=\"20\" width=\"146\" x:str=\"\" style=\"height:15.00pt;width:109.50pt;\">Dire\u00e7\u00e3o<\/td>\n  <td class=\"et2\" width=\"487\" x:str=\"\" style=\"width:365.25pt;\">Da esquerda para a direita ou da direita para a esquerda<\/td>\n <\/tr>\n <tr height=\"20\" style=\"height:15.00pt;\">\n  <td class=\"et2\" height=\"20\" x:str=\"\" style=\"height:15.00pt;\">velocidade<\/td>\n  <td class=\"et2\" x:str=\"\">120-250CPM(Dependendo das carater\u00edsticas do produto e da velocidade de alimenta\u00e7\u00e3o)<\/td>\n <\/tr>\n <tr height=\"20\" style=\"height:15.00pt;\">\n  <td class=\"et2\" height=\"20\" x:str=\"\" style=\"height:15.00pt;\">Di\u00e2metro do contentor&nbsp;<\/td>\n  <td class=\"et2\" x:str=\"\">l:30-300mm w:20-140mm<\/td>\n <\/tr>\n <tr height=\"20\" style=\"height:15.00pt;\">\n  <td class=\"et2\" height=\"20\" x:str=\"\" style=\"height:15.00pt;\">Altura do contentor<\/td>\n  <td class=\"et2\" x:str=\"\">55-400 mm<\/td>\n <\/tr>\n <tr height=\"20\" style=\"height:15.00pt;\">\n  <td class=\"et2\" height=\"20\" x:str=\"\" style=\"height:15.00pt;\">Comprimento da etiqueta<\/td>\n  <td class=\"et2\" x:str=\"\">15-300 mm<\/td>\n <\/tr>\n <tr height=\"20\" style=\"height:15.00pt;\">\n  <td class=\"et2\" height=\"20\" x:str=\"\" style=\"height:15.00pt;\">Altura da etiqueta<\/td>\n  <td class=\"et2\" x:str=\"\">10-150mm<\/td>\n <\/tr>\n <tr height=\"20\" style=\"height:15.00pt;\">\n  <td class=\"et2\" height=\"20\" x:str=\"\" style=\"height:15.00pt;\">Precis\u00e3o da rotulagem<\/td>\n  <td class=\"et2\" x:str=\"\">\u00b11mm (sujeito \u00e0s carater\u00edsticas do produto)<\/td>\n <\/tr>\n <tr height=\"20\" style=\"height:15.00pt;\">\n  <td class=\"et2\" height=\"20\" x:str=\"\" style=\"height:15.00pt;\">Tamanho da bobina da etiqueta<\/td>\n  <td class=\"et2\" x:str=\"\">320 mm (m\u00e1x.)<\/td>\n <\/tr>\n <tr height=\"20\" style=\"height:15.00pt;\">\n  <td class=\"et2\" height=\"20\" x:str=\"\" style=\"height:15.00pt;\">Etiqueta Tamanho do n\u00facleo<\/td>\n  <td class=\"et2\" x:str=\"\">76 mm<\/td>\n <\/tr>\n <tr height=\"20\" style=\"height:15.00pt;\">\n  <td class=\"et2\" height=\"20\" x:str=\"\" style=\"height:15.00pt;\">Fornecimento de eletricidade<\/td>\n  <td class=\"et2\" x:str=\"\">110\/220v 50\/60hz 1ph 2500w<\/td>\n <\/tr>\n <tr height=\"20\" style=\"height:15.00pt;\">\n  <td class=\"et2\" height=\"20\" x:str=\"\" style=\"height:15.00pt;\">Peso&nbsp;<\/td>\n  <td class=\"et2\" x:str=\"\">310 kg<\/td>\n <\/tr>\n <tr height=\"20\" style=\"height:15.00pt;\">\n  <td class=\"et2\" height=\"20\" x:str=\"\" style=\"height:15.00pt;\">Dimens\u00e3o<\/td>\n  <td class=\"et2\" x:str=\"\">2800x1450x1500mm<\/td>\n <\/tr>\n<\/tbody><\/table><\/div>\n\t\t\t\t<\/div>\n\t\t\t\t<\/div>\n\t\t\t\t<div class=\"elementor-element elementor-element-3e71d433 elementor-widget elementor-widget-text-editor\" data-id=\"3e71d433\" data-element_type=\"widget\" data-widget_type=\"text-editor.default\">\n\t\t\t\t<div class=\"elementor-widget-container\">\n\t\t\t\t\t<div class=\"elementor-text-editor elementor-clearfix\"><p>\uf013 As especifica\u00e7\u00f5es est\u00e3o sujeitas a altera\u00e7\u00f5es sem aviso pr\u00e9vio. Todos os direitos s\u00e3o reservados.<\/p><\/div>\n\t\t\t\t<\/div>\n\t\t\t\t<\/div>\n\t\t\t\t\t\t<\/div>\n\t\t\t<\/div>\n\t\t<\/div>\n\t\t\t\t<div class=\"elementor-element elementor-element-5e6b9315 elementor-column elementor-col-50 elementor-top-column\" data-id=\"5e6b9315\" data-element_type=\"column\">\n\t\t\t<div class=\"elementor-column-wrap  elementor-element-populated\">\n\t\t\t\t\t<div class=\"elementor-widget-wrap\">\n\t\t\t\t<div class=\"elementor-element elementor-element-7b6bede6 elementor-widget elementor-widget-spacer\" data-id=\"7b6bede6\" data-element_type=\"widget\" data-widget_type=\"spacer.default\">\n\t\t\t\t<div class=\"elementor-widget-container\">\n\t\t\t\t\t<div class=\"elementor-spacer\">\n\t\t\t<div class=\"elementor-spacer-inner\"><\/div>\n\t\t<\/div>\n\t\t\t\t<\/div>\n\t\t\t\t<\/div>\n\t\t\t\t<div class=\"elementor-element elementor-element-48a11244 elementor-widget elementor-widget-image\" data-id=\"48a11244\" data-element_type=\"widget\" data-widget_type=\"image.default\">\n\t\t\t\t<div class=\"elementor-widget-container\">\n\t\t\t\t\t<div class=\"elementor-image\">\n\t\t\t\t\t\t\t\t\t\t<img loading=\"lazy\" decoding=\"async\" width=\"308\" height=\"221\" src=\"https:\/\/focusonpack.com\/wp-content\/uploads\/2023\/07\/label-3-3.jpg\" class=\"attachment-full size-full\" alt=\"\" srcset=\"https:\/\/focusonpack.com\/wp-content\/uploads\/2023\/07\/label-3-3.jpg 308w, https:\/\/focusonpack.com\/wp-content\/uploads\/2023\/07\/label-3-3-300x215.jpg 300w\" sizes=\"auto, (max-width: 308px) 100vw, 308px\" \/>\t\t\t\t\t\t\t\t\t\t\t<\/div>\n\t\t\t\t<\/div>\n\t\t\t\t<\/div>\n\t\t\t\t<div class=\"elementor-element elementor-element-675f8d6c elementor-button-info elementor-align-center elementor-widget elementor-widget-button\" data-id=\"675f8d6c\" data-element_type=\"widget\" data-widget_type=\"button.default\">\n\t\t\t\t<div class=\"elementor-widget-container\">\n\t\t\t\t\t<div class=\"elementor-button-wrapper\">\n\t\t\t<a href=\"https:\/\/focusonpack.com\/pt\/contactar-nos\/\" class=\"elementor-button-link elementor-button elementor-size-sm\" role=\"button\">\n\t\t\t\t\t\t<span class=\"elementor-button-content-wrapper\">\n\t\t\t\t\t\t<span class=\"elementor-button-text\">Pedir um or\u00e7amento<\/span>\n\t\t<\/span>\n\t\t\t\t\t<\/a>\n\t\t<\/div>\n\t\t\t\t<\/div>\n\t\t\t\t<\/div>\n\t\t\t\t\t\t<\/div>\n\t\t\t<\/div>\n\t\t<\/div>\n\t\t\t\t\t\t<\/div>\n\t\t\t<\/div>\n\t\t<\/section>\n\t\t\t\t\t\t<\/div>\n\t\t\t<\/div>\n\t\t<\/div>","protected":false},"excerpt":{"rendered":"<p>Automatic Two Side Front And B&hellip;<\/p>","protected":false},"author":1,"featured_media":0,"parent":0,"menu_order":0,"comment_status":"closed","ping_status":"closed","template":"elementor_header_footer","meta":{"footnotes":""},"class_list":["post-2627","page","type-page","status-publish","hentry","no-thumb"],"yoast_head":"<!-- This site is optimized with the Yoast SEO plugin v24.8.1 - https:\/\/yoast.com\/wordpress\/plugins\/seo\/ -->\n<title>Automatic Two Side Front And Back Labeling Machine - Focus on pack<\/title>\n<meta name=\"robots\" content=\"index, follow, max-snippet:-1, max-image-preview:large, max-video-preview:-1\" \/>\n<link rel=\"canonical\" href=\"https:\/\/focusonpack.com\/pt\/etiquetadora-automatica-de-dois-lados-frente-e-verso\/\" \/>\n<meta property=\"og:locale\" content=\"pt_PT\" \/>\n<meta property=\"og:type\" content=\"article\" \/>\n<meta property=\"og:title\" content=\"Automatic Two Side Front And Back Labeling Machine - Focus on pack\" \/>\n<meta property=\"og:description\" content=\"Automatic Two Side Front And B&hellip;\" \/>\n<meta property=\"og:url\" content=\"https:\/\/focusonpack.com\/pt\/etiquetadora-automatica-de-dois-lados-frente-e-verso\/\" \/>\n<meta property=\"og:site_name\" content=\"Focus on pack\" \/>\n<meta property=\"article:modified_time\" content=\"2023-07-21T03:07:30+00:00\" \/>\n<meta property=\"og:image\" content=\"https:\/\/focusonpack.com\/wp-content\/uploads\/2023\/07\/label-3-3.jpg\" \/>\n<meta name=\"twitter:card\" content=\"summary_large_image\" \/>\n<meta name=\"twitter:label1\" content=\"Est. reading time\" \/>\n\t<meta name=\"twitter:data1\" content=\"2 minutos\" \/>\n<script type=\"application\/ld+json\" class=\"yoast-schema-graph\">{\"@context\":\"https:\/\/schema.org\",\"@graph\":[{\"@type\":\"WebPage\",\"@id\":\"https:\/\/focusonpack.com\/automatic-two-side-front-and-back-labeling-machine\/\",\"url\":\"https:\/\/focusonpack.com\/automatic-two-side-front-and-back-labeling-machine\/\",\"name\":\"Automatic Two Side Front And Back Labeling Machine - Focus on pack\",\"isPartOf\":{\"@id\":\"https:\/\/focusonpack.com\/#website\"},\"primaryImageOfPage\":{\"@id\":\"https:\/\/focusonpack.com\/automatic-two-side-front-and-back-labeling-machine\/#primaryimage\"},\"image\":{\"@id\":\"https:\/\/focusonpack.com\/automatic-two-side-front-and-back-labeling-machine\/#primaryimage\"},\"thumbnailUrl\":\"https:\/\/focusonpack.com\/wp-content\/uploads\/2023\/07\/label-3-3.jpg\",\"datePublished\":\"2020-05-08T07:55:34+00:00\",\"dateModified\":\"2023-07-21T03:07:30+00:00\",\"breadcrumb\":{\"@id\":\"https:\/\/focusonpack.com\/automatic-two-side-front-and-back-labeling-machine\/#breadcrumb\"},\"inLanguage\":\"pt-PT\",\"potentialAction\":[{\"@type\":\"ReadAction\",\"target\":[\"https:\/\/focusonpack.com\/automatic-two-side-front-and-back-labeling-machine\/\"]}]},{\"@type\":\"ImageObject\",\"inLanguage\":\"pt-PT\",\"@id\":\"https:\/\/focusonpack.com\/automatic-two-side-front-and-back-labeling-machine\/#primaryimage\",\"url\":\"https:\/\/focusonpack.com\/wp-content\/uploads\/2023\/07\/label-3-3.jpg\",\"contentUrl\":\"https:\/\/focusonpack.com\/wp-content\/uploads\/2023\/07\/label-3-3.jpg\"},{\"@type\":\"BreadcrumbList\",\"@id\":\"https:\/\/focusonpack.com\/automatic-two-side-front-and-back-labeling-machine\/#breadcrumb\",\"itemListElement\":[{\"@type\":\"ListItem\",\"position\":1,\"name\":\"\u9996\u9875\",\"item\":\"https:\/\/focusonpack.com\/\"},{\"@type\":\"ListItem\",\"position\":2,\"name\":\"Automatic Two Side Front And Back Labeling Machine\"}]},{\"@type\":\"WebSite\",\"@id\":\"https:\/\/focusonpack.com\/#website\",\"url\":\"https:\/\/focusonpack.com\/\",\"name\":\"Focus on pack\",\"description\":\"\",\"potentialAction\":[{\"@type\":\"SearchAction\",\"target\":{\"@type\":\"EntryPoint\",\"urlTemplate\":\"https:\/\/focusonpack.com\/?s={search_term_string}\"},\"query-input\":{\"@type\":\"PropertyValueSpecification\",\"valueRequired\":true,\"valueName\":\"search_term_string\"}}],\"inLanguage\":\"pt-PT\"}]}<\/script>\n<!-- \/ Yoast SEO plugin. -->","yoast_head_json":{"title":"Automatic Two Side Front And Back Labeling Machine - Focus on pack","robots":{"index":"index","follow":"follow","max-snippet":"max-snippet:-1","max-image-preview":"max-image-preview:large","max-video-preview":"max-video-preview:-1"},"canonical":"https:\/\/focusonpack.com\/pt\/etiquetadora-automatica-de-dois-lados-frente-e-verso\/","og_locale":"pt_PT","og_type":"article","og_title":"Automatic Two Side Front And Back Labeling Machine - Focus on pack","og_description":"Automatic Two Side Front And B&hellip;","og_url":"https:\/\/focusonpack.com\/pt\/etiquetadora-automatica-de-dois-lados-frente-e-verso\/","og_site_name":"Focus on pack","article_modified_time":"2023-07-21T03:07:30+00:00","og_image":[{"url":"https:\/\/focusonpack.com\/wp-content\/uploads\/2023\/07\/label-3-3.jpg","type":"","width":"","height":""}],"twitter_card":"summary_large_image","twitter_misc":{"Est. reading time":"2 minutos"},"schema":{"@context":"https:\/\/schema.org","@graph":[{"@type":"WebPage","@id":"https:\/\/focusonpack.com\/automatic-two-side-front-and-back-labeling-machine\/","url":"https:\/\/focusonpack.com\/automatic-two-side-front-and-back-labeling-machine\/","name":"Automatic Two Side Front And Back Labeling Machine - Focus on pack","isPartOf":{"@id":"https:\/\/focusonpack.com\/#website"},"primaryImageOfPage":{"@id":"https:\/\/focusonpack.com\/automatic-two-side-front-and-back-labeling-machine\/#primaryimage"},"image":{"@id":"https:\/\/focusonpack.com\/automatic-two-side-front-and-back-labeling-machine\/#primaryimage"},"thumbnailUrl":"https:\/\/focusonpack.com\/wp-content\/uploads\/2023\/07\/label-3-3.jpg","datePublished":"2020-05-08T07:55:34+00:00","dateModified":"2023-07-21T03:07:30+00:00","breadcrumb":{"@id":"https:\/\/focusonpack.com\/automatic-two-side-front-and-back-labeling-machine\/#breadcrumb"},"inLanguage":"pt-PT","potentialAction":[{"@type":"ReadAction","target":["https:\/\/focusonpack.com\/automatic-two-side-front-and-back-labeling-machine\/"]}]},{"@type":"ImageObject","inLanguage":"pt-PT","@id":"https:\/\/focusonpack.com\/automatic-two-side-front-and-back-labeling-machine\/#primaryimage","url":"https:\/\/focusonpack.com\/wp-content\/uploads\/2023\/07\/label-3-3.jpg","contentUrl":"https:\/\/focusonpack.com\/wp-content\/uploads\/2023\/07\/label-3-3.jpg"},{"@type":"BreadcrumbList","@id":"https:\/\/focusonpack.com\/automatic-two-side-front-and-back-labeling-machine\/#breadcrumb","itemListElement":[{"@type":"ListItem","position":1,"name":"\u9996\u9875","item":"https:\/\/focusonpack.com\/"},{"@type":"ListItem","position":2,"name":"Automatic Two Side Front And Back Labeling Machine"}]},{"@type":"WebSite","@id":"https:\/\/focusonpack.com\/#website","url":"https:\/\/focusonpack.com\/","name":"Focus on pack","description":"","potentialAction":[{"@type":"SearchAction","target":{"@type":"EntryPoint","urlTemplate":"https:\/\/focusonpack.com\/?s={search_term_string}"},"query-input":{"@type":"PropertyValueSpecification","valueRequired":true,"valueName":"search_term_string"}}],"inLanguage":"pt-PT"}]}},"_links":{"self":[{"href":"https:\/\/focusonpack.com\/pt\/wp-json\/wp\/v2\/pages\/2627","targetHints":{"allow":["GET"]}}],"collection":[{"href":"https:\/\/focusonpack.com\/pt\/wp-json\/wp\/v2\/pages"}],"about":[{"href":"https:\/\/focusonpack.com\/pt\/wp-json\/wp\/v2\/types\/page"}],"author":[{"embeddable":true,"href":"https:\/\/focusonpack.com\/pt\/wp-json\/wp\/v2\/users\/1"}],"replies":[{"embeddable":true,"href":"https:\/\/focusonpack.com\/pt\/wp-json\/wp\/v2\/comments?post=2627"}],"version-history":[{"count":10,"href":"https:\/\/focusonpack.com\/pt\/wp-json\/wp\/v2\/pages\/2627\/revisions"}],"predecessor-version":[{"id":4069,"href":"https:\/\/focusonpack.com\/pt\/wp-json\/wp\/v2\/pages\/2627\/revisions\/4069"}],"wp:attachment":[{"href":"https:\/\/focusonpack.com\/pt\/wp-json\/wp\/v2\/media?parent=2627"}],"curies":[{"name":"wp","href":"https:\/\/api.w.org\/{rel}","templated":true}]}}