{"id":2962,"date":"2020-05-11T10:37:11","date_gmt":"2020-05-11T02:37:11","guid":{"rendered":"https:\/\/focusonpack.com\/?page_id=2962"},"modified":"2025-03-24T16:55:31","modified_gmt":"2025-03-24T08:55:31","slug":"10000-12000-bottles-per-hour-bottled-water-filling-machine","status":"publish","type":"page","link":"https:\/\/focusonpack.com\/pt\/maquina-de-enchimento-de-agua\/10000-12000-bottles-per-hour-bottled-water-filling-machine\/","title":{"rendered":"M\u00e1quina de enchimento de \u00e1gua engarrafada 10000-12000 garrafas por hora"},"content":{"rendered":"<div data-elementor-type=\"wp-page\" data-elementor-id=\"2962\" class=\"elementor elementor-2962\" data-elementor-settings=\"[]\">\n\t\t\t<div class=\"elementor-inner\">\n\t\t\t\t<div class=\"elementor-section-wrap\">\n\t\t\t\t\t\t\t<section class=\"elementor-element elementor-element-3dc5726c elementor-section-boxed elementor-section-height-default elementor-section-height-default elementor-section elementor-top-section\" data-id=\"3dc5726c\" data-element_type=\"section\">\n\t\t\t\t\t\t<div class=\"elementor-container elementor-column-gap-default\">\n\t\t\t\t<div class=\"elementor-row\">\n\t\t\t\t<div class=\"elementor-element elementor-element-68b3edf9 elementor-column elementor-col-50 elementor-top-column\" data-id=\"68b3edf9\" data-element_type=\"column\">\n\t\t\t<div class=\"elementor-column-wrap  elementor-element-populated\">\n\t\t\t\t\t<div class=\"elementor-widget-wrap\">\n\t\t\t\t<div class=\"elementor-element elementor-element-6cae23fb elementor-widget elementor-widget-heading\" data-id=\"6cae23fb\" data-element_type=\"widget\" data-widget_type=\"heading.default\">\n\t\t\t\t<div class=\"elementor-widget-container\">\n\t\t\t<h3 class=\"elementor-heading-title elementor-size-default\">M\u00e1quina de enchimento de \u00e1gua engarrafada 10000-12000 garrafas por hora<\/h3>\t\t<\/div>\n\t\t\t\t<\/div>\n\t\t\t\t<div class=\"elementor-element elementor-element-2cf74e7e elementor-widget elementor-widget-heading\" data-id=\"2cf74e7e\" data-element_type=\"widget\" data-widget_type=\"heading.default\">\n\t\t\t\t<div class=\"elementor-widget-container\">\n\t\t\t<h3 class=\"elementor-heading-title elementor-size-default\">10000-12000 Bottles per Hour Bottled Water Production Plant<\/h3>\t\t<\/div>\n\t\t\t\t<\/div>\n\t\t\t\t<div class=\"elementor-element elementor-element-42df024b elementor-widget elementor-widget-text-editor\" data-id=\"42df024b\" data-element_type=\"widget\" data-widget_type=\"text-editor.default\">\n\t\t\t\t<div class=\"elementor-widget-container\">\n\t\t\t\t\t<div class=\"elementor-text-editor elementor-clearfix\"><p>Este sistema de \u00e1gua engarrafada \u00e9 uma m\u00e1quina de enxaguamento, enchimento e selagem totalmente autom\u00e1tica para \u00e1gua purificada, \u00e1gua mineral e bebidas n\u00e3o carbonatadas embaladas em garrafas PET de 200 ml a 1500 ml. Este sistema de \u00e1gua engarrafada \u00e9 uma m\u00e1quina de enchimento e enchimento totalmente autom\u00e1tica para \u00e1gua purificada, \u00e1gua mineral e bebidas n\u00e3o carbonatadas embaladas em garrafas PET de 200ml a 1500ml. Inclui sistema de alimenta\u00e7\u00e3o para garrafas vazias para o enxaguador rotativo de 24 cabe\u00e7as, esta\u00e7\u00e3o de enchimento rotativo de 24 cabe\u00e7as com princ\u00edpio de enchimento por gravidade princ\u00edpio de enchimento por gravidade, a unidade de tamponamento trabalha com 8 cabe\u00e7as e \u00e9 adequada para tampas de pl\u00e1stico padr\u00e3o de 28 mm e 30 mm, com capacidade de 8000 a 10000 garrafas por hora. Esta m\u00e1quina de enchimento de \u00e1gua engarrafada \u00e9 fabricada numa instala\u00e7\u00e3o de fabrico certificada ISO9001 ou CE para garantir que os mais elevados padr\u00f5es da ind\u00fastria s\u00e3o cumpridos. Esta m\u00e1quina de enchimento de \u00e1gua engarrafada \u00e9 fabricada numa instala\u00e7\u00e3o de fabrico com certifica\u00e7\u00e3o ISO9001 ou CE para garantir o cumprimento dos mais elevados padr\u00f5es da ind\u00fastria. A estrutura \u00e9 feita de a\u00e7o-carbono de alta qualidade, completamente fechada em chapa de a\u00e7o inoxid\u00e1vel e portas, todas as pe\u00e7as de contacto com os produtos s\u00e3o feitas de SS304 ou a\u00e7o-carbono padr\u00e3o. A estrutura \u00e9 feita de a\u00e7o-carbono de alta qualidade, completamente fechada em chapa de a\u00e7o inoxid\u00e1vel e portas, todas as partes em contacto com os produtos s\u00e3o feitas de SS304 ou de pl\u00e1stico normalizado para embalagens de alimentos, todas as informa\u00e7\u00f5es de produ\u00e7\u00e3o e controlos de automa\u00e7\u00e3o s\u00e3o apresentados digitalmente. O controlo autom\u00e1tico e os ajustes manuais s\u00e3o efectuados num painel de ecr\u00e3 t\u00e1til controlado por PLC.<\/p><\/div>\n\t\t\t\t<\/div>\n\t\t\t\t<\/div>\n\t\t\t\t<div class=\"elementor-element elementor-element-26bb9d94 elementor-widget elementor-widget-text-editor\" data-id=\"26bb9d94\" data-element_type=\"widget\" data-widget_type=\"text-editor.default\">\n\t\t\t\t<div class=\"elementor-widget-container\">\n\t\t\t\t\t<div class=\"elementor-text-editor elementor-clearfix\"><p>Empty bottles are fed on to the in-feed Air conveyor from automatic PET blowing machine or bottle unscrambler, for capacity of 10000 to 12000 bottles per hour, manual bottle feeding is not enough to catch speed of monoblock rinsing filling capping machine. Automatic PET blowing machine or bottle unscrambler is must. In-feed conveyor is made of heavy duty stainless 304 and is adjustable for different size of bottle neck. A high pressure blower is mounted on top to provide continuous stream of air to carry bottles to rinsing station.<\/p><\/div>\n\t\t\t\t<\/div>\n\t\t\t\t<\/div>\n\t\t\t\t<div class=\"elementor-element elementor-element-6d7e7b8 elementor-widget elementor-widget-text-editor\" data-id=\"6d7e7b8\" data-element_type=\"widget\" data-widget_type=\"text-editor.default\">\n\t\t\t\t<div class=\"elementor-widget-container\">\n\t\t\t\t\t<div class=\"elementor-text-editor elementor-clearfix\"><p>From there bottles are carried to the rinsing section, Bottles are gripped by neck &amp; get inverted on rinsing nozzles, Bottle gripper with fixed nozzle is made of heavy duty stainless 304 with food grade plastic pads for hygiene and sanitary purpose, A rinsing pump injects a high pressure jet of water into the bottle for a controlled period of time, Purified, ozonated or disinfected water is utilized to ensure that the incoming bottles are free from particulates and microbial contaminants. The rinse water amounts to approximately 20-25 percent of the water used in the filling operation.<\/p><\/div>\n\t\t\t\t<\/div>\n\t\t\t\t<\/div>\n\t\t\t\t<div class=\"elementor-element elementor-element-23e55a6 elementor-widget elementor-widget-text-editor\" data-id=\"23e55a6\" data-element_type=\"widget\" data-widget_type=\"text-editor.default\">\n\t\t\t\t<div class=\"elementor-widget-container\">\n\t\t\t\t\t<div class=\"elementor-text-editor elementor-clearfix\"><p>Rinsed bottles are inverted again and travel straight, held by neck, to the filling station. During this stage, bottles are lifted onto filling nozzles on a cam, the filling starts, after the desired volume is achieved, filling stops. The tank of the product is made of stainless steel 304, with internal surfaces perfectly smooth and polished, The product level in the tank is controlled by an electronic sensor in order to create a pressurized fill, which is adjustable to minimize the filling time and thus maximize production. Filling nozzles can be either, 2 stage filling nozzles with a fast and slow filling cycle, or single stage. No bottle, No filling.<\/p><\/div>\n\t\t\t\t<\/div>\n\t\t\t\t<\/div>\n\t\t\t\t<div class=\"elementor-element elementor-element-acec483 elementor-widget elementor-widget-text-editor\" data-id=\"acec483\" data-element_type=\"widget\" data-widget_type=\"text-editor.default\">\n\t\t\t\t<div class=\"elementor-widget-container\">\n\t\t\t\t\t<div class=\"elementor-text-editor elementor-clearfix\"><p>Filled bottles are transferred to the capping section. Caps which are loaded into the rotary hopper are lodged onto the sliding table, picked and tightened by the rotary capping machine under the capping heads. When the preset applied torque value is achieved, the magnetic clutch disengages, the chuck releases the cap and the closed container is discharged from the machine. The capper consists of an internal steel structure with stainless steel casing. Fixed components include the cap hopper, cap feeder and cam actuating capping heads.<\/p><\/div>\n\t\t\t\t<\/div>\n\t\t\t\t<\/div>\n\t\t\t\t<div class=\"elementor-element elementor-element-4841334 elementor-widget elementor-widget-text-editor\" data-id=\"4841334\" data-element_type=\"widget\" data-widget_type=\"text-editor.default\">\n\t\t\t\t<div class=\"elementor-widget-container\">\n\t\t\t\t\t<div class=\"elementor-text-editor elementor-clearfix\"><p>The style air conveying system uses a positive pressure air system for transport of caps from floor level to feeder, it replaces the solution with belt conveyor which has been adopted till now in most cases. Jumbled caps are loaded in the hopper, A motorized flap at the bottom of the hopper discharges the caps into hose, in which the caps are pushed by air and conveyed along the flexible hose to the feeder. A level sensor is installed in the feeder to control movement of the air conveying system, when caps reach the desired level, the system stops, when the caps are less the level, the system starts to work.<\/p><p>The air conveying system is used to increase capping efficiency without taking any extra floor space on the packing line. This feature can greatly reduce your employee\u2019s risk of falling off a ladder, climbing a platform, and loading the sorter from awkward angles. It is also less strain on your employee\u2019s back from carrying the boxes up a ladder. This improves productivity as well as helping reduce labor cost.<\/p><\/div>\n\t\t\t\t<\/div>\n\t\t\t\t<\/div>\n\t\t\t\t<div class=\"elementor-element elementor-element-28e1e99 elementor-widget elementor-widget-text-editor\" data-id=\"28e1e99\" data-element_type=\"widget\" data-widget_type=\"text-editor.default\">\n\t\t\t\t<div class=\"elementor-widget-container\">\n\t\t\t\t\t<div class=\"elementor-text-editor elementor-clearfix\"><p>The sturdy base is supported by adjustable feet and is made with heavy duty carbon steel sheathing secured to the tubular frame. The base houses the motor and drive gears. It is accessible through stainless steel removable doors. The Rinser\/Filler\/Capper is motorized by a single AC electric motor and controlled by an inverter, by which the machine speed can be varied depending upon the bottle size to be run.<\/p><\/div>\n\t\t\t\t<\/div>\n\t\t\t\t<\/div>\n\t\t\t\t<div class=\"elementor-element elementor-element-f8d59bb elementor-widget elementor-widget-text-editor\" data-id=\"f8d59bb\" data-element_type=\"widget\" data-widget_type=\"text-editor.default\">\n\t\t\t\t<div class=\"elementor-widget-container\">\n\t\t\t\t\t<div class=\"elementor-text-editor elementor-clearfix\"><p>The electric panel contains the inverter, motor starters, PLC, and other electro-mechanical components. The inverter enables the operator to vary the rate of production to synchronize the Rinser\/Riller\/Capper with other packaging machines running on the same line. An Emergency Stop button is mounted on front of touch screen panel.<\/p><\/div>\n\t\t\t\t<\/div>\n\t\t\t\t<\/div>\n\t\t\t\t<div class=\"elementor-element elementor-element-5feaa6c9 elementor-widget elementor-widget-heading\" data-id=\"5feaa6c9\" data-element_type=\"widget\" data-widget_type=\"heading.default\">\n\t\t\t\t<div class=\"elementor-widget-container\">\n\t\t\t<h3 class=\"elementor-heading-title elementor-size-default\">Accessories<\/h3>\t\t<\/div>\n\t\t\t\t<\/div>\n\t\t\t\t<div class=\"elementor-element elementor-element-711475e9 elementor-widget elementor-widget-text-editor\" data-id=\"711475e9\" data-element_type=\"widget\" data-widget_type=\"text-editor.default\">\n\t\t\t\t<div class=\"elementor-widget-container\">\n\t\t\t\t\t<div class=\"elementor-text-editor elementor-clearfix\"><p>\u2022 Infeed air conveyor with Blower<\/p>\n<p>\u2022 Outfeed conveyor with tabletop slat chain<\/p>\n<p>\u2022 Automatic cap elevator\/feeder<\/p><\/div>\n\t\t\t\t<\/div>\n\t\t\t\t<\/div>\n\t\t\t\t<div class=\"elementor-element elementor-element-40decadb elementor-widget elementor-widget-heading\" data-id=\"40decadb\" data-element_type=\"widget\" data-widget_type=\"heading.default\">\n\t\t\t\t<div class=\"elementor-widget-container\">\n\t\t\t<h3 class=\"elementor-heading-title elementor-size-default\">Especifica\u00e7\u00f5es t\u00e9cnicas<\/h3>\t\t<\/div>\n\t\t\t\t<\/div>\n\t\t\t\t<div class=\"elementor-element elementor-element-10528793 elementor-widget elementor-widget-text-editor\" data-id=\"10528793\" data-element_type=\"widget\" data-widget_type=\"text-editor.default\">\n\t\t\t\t<div class=\"elementor-widget-container\">\n\t\t\t\t\t<div class=\"elementor-text-editor elementor-clearfix\"><table width=\"760\">\n<tbody>\n<tr>\n<td width=\"267\">Modelo<\/td>\n<td width=\"303\">CGF 24-24-8<\/td>\n<\/tr>\n<tr>\n<td>Capacidade de produ\u00e7\u00e3o<\/td>\n<td>10000-12000Bottles\/Hr at 500ml volume<\/td>\n<\/tr>\n<tr>\n<td>Nos of Rinse Valves<\/td>\n<td>24<\/td>\n<\/tr>\n<tr>\n<td>Nos of Fill Heads<\/td>\n<td>24<\/td>\n<\/tr>\n<tr>\n<td>Nos of Cap Heads<\/td>\n<td>8<\/td>\n<\/tr>\n<tr>\n<td>Applicable Bottle Diameter<\/td>\n<td>\u03a650 mm ~\u03a690 mm<\/td>\n<\/tr>\n<tr>\n<td>Applicable Bottle Height<\/td>\n<td>150 mm &#8211; 310 mm<\/td>\n<\/tr>\n<tr>\n<td>Applicable Screw Cap Diameter<\/td>\n<td>\u03a625 mm ~\u03a635 mm<\/td>\n<\/tr>\n<tr>\n<td>Applicable Screw Cap Height<\/td>\n<td>15 mm &#8211; 25 mm Screw Cap<\/td>\n<\/tr>\n<tr>\n<td>Supply Voltage\u00a0<\/td>\n<td>220\/380V 50\/60HZ 3PH<\/td>\n<\/tr>\n<tr>\n<td>Main Motor<\/td>\n<td>3KW<\/td>\n<\/tr>\n<tr>\n<td>Peso<\/td>\n<td>4500 kgs(approx)<\/td>\n<\/tr>\n<tr>\n<td>Dimension(Without Conveyor)<\/td>\n<td>2800 x 2100 x 2450 mm<\/td>\n<\/tr>\n<\/tbody>\n<\/table><\/div>\n\t\t\t\t<\/div>\n\t\t\t\t<\/div>\n\t\t\t\t<div class=\"elementor-element elementor-element-23676846 elementor-widget elementor-widget-text-editor\" data-id=\"23676846\" data-element_type=\"widget\" data-widget_type=\"text-editor.default\">\n\t\t\t\t<div class=\"elementor-widget-container\">\n\t\t\t\t\t<div class=\"elementor-text-editor elementor-clearfix\"><p>* As especifica\u00e7\u00f5es est\u00e3o sujeitas a altera\u00e7\u00f5es sem aviso pr\u00e9vio, Todos os direitos reservados.<\/p><\/div>\n\t\t\t\t<\/div>\n\t\t\t\t<\/div>\n\t\t\t\t\t\t<\/div>\n\t\t\t<\/div>\n\t\t<\/div>\n\t\t\t\t<div class=\"elementor-element elementor-element-383c8877 elementor-column elementor-col-50 elementor-top-column\" data-id=\"383c8877\" data-element_type=\"column\">\n\t\t\t<div class=\"elementor-column-wrap  elementor-element-populated\">\n\t\t\t\t\t<div class=\"elementor-widget-wrap\">\n\t\t\t\t<div class=\"elementor-element elementor-element-30177fb0 elementor-widget elementor-widget-spacer\" data-id=\"30177fb0\" data-element_type=\"widget\" data-widget_type=\"spacer.default\">\n\t\t\t\t<div class=\"elementor-widget-container\">\n\t\t\t\t\t<div class=\"elementor-spacer\">\n\t\t\t<div class=\"elementor-spacer-inner\"><\/div>\n\t\t<\/div>\n\t\t\t\t<\/div>\n\t\t\t\t<\/div>\n\t\t\t\t<div class=\"elementor-element elementor-element-394a7b45 elementor-widget elementor-widget-image\" data-id=\"394a7b45\" data-element_type=\"widget\" data-widget_type=\"image.default\">\n\t\t\t\t<div class=\"elementor-widget-container\">\n\t\t\t\t\t<div class=\"elementor-image\">\n\t\t\t\t\t\t\t\t\t\t<img loading=\"lazy\" decoding=\"async\" width=\"311\" height=\"213\" src=\"https:\/\/focusonpack.com\/wp-content\/uploads\/2020\/05\/water-filling-machine-2.jpg\" class=\"elementor-animation-grow attachment-full size-full\" alt=\"\" srcset=\"https:\/\/focusonpack.com\/wp-content\/uploads\/2020\/05\/water-filling-machine-2.jpg 311w, https:\/\/focusonpack.com\/wp-content\/uploads\/2020\/05\/water-filling-machine-2-300x205.jpg 300w\" sizes=\"auto, (max-width: 311px) 100vw, 311px\" \/>\t\t\t\t\t\t\t\t\t\t\t<\/div>\n\t\t\t\t<\/div>\n\t\t\t\t<\/div>\n\t\t\t\t<div class=\"elementor-element elementor-element-4df240e5 elementor-button-info elementor-align-center elementor-widget elementor-widget-button\" data-id=\"4df240e5\" data-element_type=\"widget\" data-widget_type=\"button.default\">\n\t\t\t\t<div class=\"elementor-widget-container\">\n\t\t\t\t\t<div class=\"elementor-button-wrapper\">\n\t\t\t<a href=\"https:\/\/focusonpack.com\/pt\/contactar-nos\/\" class=\"elementor-button-link elementor-button elementor-size-sm\" role=\"button\">\n\t\t\t\t\t\t<span class=\"elementor-button-content-wrapper\">\n\t\t\t\t\t\t<span class=\"elementor-button-text\">Pedir um or\u00e7amento<\/span>\n\t\t<\/span>\n\t\t\t\t\t<\/a>\n\t\t<\/div>\n\t\t\t\t<\/div>\n\t\t\t\t<\/div>\n\t\t\t\t\t\t<\/div>\n\t\t\t<\/div>\n\t\t<\/div>\n\t\t\t\t\t\t<\/div>\n\t\t\t<\/div>\n\t\t<\/section>\n\t\t\t\t\t\t<\/div>\n\t\t\t<\/div>\n\t\t<\/div>","protected":false},"excerpt":{"rendered":"<p>10000-12000 Bottles per Hour B&hellip;<\/p>","protected":false},"author":1,"featured_media":0,"parent":2500,"menu_order":0,"comment_status":"closed","ping_status":"closed","template":"elementor_header_footer","meta":{"footnotes":""},"class_list":["post-2962","page","type-page","status-publish","hentry","no-thumb"],"yoast_head":"<!-- This site is optimized with the Yoast SEO plugin v24.8.1 - https:\/\/yoast.com\/wordpress\/plugins\/seo\/ -->\n<title>10000-12000 Bottles per Hour Bottled Water Filling Machine - Focus on pack<\/title>\n<meta name=\"robots\" content=\"index, follow, max-snippet:-1, max-image-preview:large, max-video-preview:-1\" \/>\n<link rel=\"canonical\" href=\"https:\/\/focusonpack.com\/pt\/maquina-de-enchimento-de-agua\/10000-12000-bottles-per-hour-bottled-water-filling-machine\/\" \/>\n<meta property=\"og:locale\" content=\"pt_PT\" \/>\n<meta property=\"og:type\" content=\"article\" \/>\n<meta property=\"og:title\" content=\"10000-12000 Bottles per Hour Bottled Water Filling Machine - Focus on pack\" \/>\n<meta property=\"og:description\" content=\"10000-12000 Bottles per Hour B&hellip;\" \/>\n<meta property=\"og:url\" content=\"https:\/\/focusonpack.com\/pt\/maquina-de-enchimento-de-agua\/10000-12000-bottles-per-hour-bottled-water-filling-machine\/\" \/>\n<meta property=\"og:site_name\" content=\"Focus on pack\" \/>\n<meta property=\"article:modified_time\" content=\"2025-03-24T08:55:31+00:00\" \/>\n<meta property=\"og:image\" content=\"https:\/\/focusonpack.com\/wp-content\/uploads\/2020\/05\/water-filling-machine-2.jpg\" \/>\n<meta name=\"twitter:card\" content=\"summary_large_image\" \/>\n<meta name=\"twitter:label1\" content=\"Est. reading time\" \/>\n\t<meta name=\"twitter:data1\" content=\"6 minutos\" \/>\n<script type=\"application\/ld+json\" class=\"yoast-schema-graph\">{\"@context\":\"https:\/\/schema.org\",\"@graph\":[{\"@type\":\"WebPage\",\"@id\":\"https:\/\/focusonpack.com\/water-filling-machine\/10000-12000-bottles-per-hour-bottled-water-filling-machine\/\",\"url\":\"https:\/\/focusonpack.com\/water-filling-machine\/10000-12000-bottles-per-hour-bottled-water-filling-machine\/\",\"name\":\"10000-12000 Bottles per Hour Bottled Water Filling Machine - Focus on pack\",\"isPartOf\":{\"@id\":\"https:\/\/focusonpack.com\/#website\"},\"primaryImageOfPage\":{\"@id\":\"https:\/\/focusonpack.com\/water-filling-machine\/10000-12000-bottles-per-hour-bottled-water-filling-machine\/#primaryimage\"},\"image\":{\"@id\":\"https:\/\/focusonpack.com\/water-filling-machine\/10000-12000-bottles-per-hour-bottled-water-filling-machine\/#primaryimage\"},\"thumbnailUrl\":\"https:\/\/focusonpack.com\/wp-content\/uploads\/2020\/05\/water-filling-machine-2.jpg\",\"datePublished\":\"2020-05-11T02:37:11+00:00\",\"dateModified\":\"2025-03-24T08:55:31+00:00\",\"breadcrumb\":{\"@id\":\"https:\/\/focusonpack.com\/water-filling-machine\/10000-12000-bottles-per-hour-bottled-water-filling-machine\/#breadcrumb\"},\"inLanguage\":\"pt-PT\",\"potentialAction\":[{\"@type\":\"ReadAction\",\"target\":[\"https:\/\/focusonpack.com\/water-filling-machine\/10000-12000-bottles-per-hour-bottled-water-filling-machine\/\"]}]},{\"@type\":\"ImageObject\",\"inLanguage\":\"pt-PT\",\"@id\":\"https:\/\/focusonpack.com\/water-filling-machine\/10000-12000-bottles-per-hour-bottled-water-filling-machine\/#primaryimage\",\"url\":\"https:\/\/focusonpack.com\/wp-content\/uploads\/2020\/05\/water-filling-machine-2.jpg\",\"contentUrl\":\"https:\/\/focusonpack.com\/wp-content\/uploads\/2020\/05\/water-filling-machine-2.jpg\"},{\"@type\":\"BreadcrumbList\",\"@id\":\"https:\/\/focusonpack.com\/water-filling-machine\/10000-12000-bottles-per-hour-bottled-water-filling-machine\/#breadcrumb\",\"itemListElement\":[{\"@type\":\"ListItem\",\"position\":1,\"name\":\"\u9996\u9875\",\"item\":\"https:\/\/focusonpack.com\/\"},{\"@type\":\"ListItem\",\"position\":2,\"name\":\"Water Filling Machine\",\"item\":\"https:\/\/focusonpack.com\/water-filling-machine\/\"},{\"@type\":\"ListItem\",\"position\":3,\"name\":\"10000-12000 Bottles per Hour Bottled Water Filling Machine\"}]},{\"@type\":\"WebSite\",\"@id\":\"https:\/\/focusonpack.com\/#website\",\"url\":\"https:\/\/focusonpack.com\/\",\"name\":\"Focus on pack\",\"description\":\"\",\"potentialAction\":[{\"@type\":\"SearchAction\",\"target\":{\"@type\":\"EntryPoint\",\"urlTemplate\":\"https:\/\/focusonpack.com\/?s={search_term_string}\"},\"query-input\":{\"@type\":\"PropertyValueSpecification\",\"valueRequired\":true,\"valueName\":\"search_term_string\"}}],\"inLanguage\":\"pt-PT\"}]}<\/script>\n<!-- \/ Yoast SEO plugin. -->","yoast_head_json":{"title":"10000-12000 Bottles per Hour Bottled Water Filling Machine - Focus on pack","robots":{"index":"index","follow":"follow","max-snippet":"max-snippet:-1","max-image-preview":"max-image-preview:large","max-video-preview":"max-video-preview:-1"},"canonical":"https:\/\/focusonpack.com\/pt\/maquina-de-enchimento-de-agua\/10000-12000-bottles-per-hour-bottled-water-filling-machine\/","og_locale":"pt_PT","og_type":"article","og_title":"10000-12000 Bottles per Hour Bottled Water Filling Machine - Focus on pack","og_description":"10000-12000 Bottles per Hour B&hellip;","og_url":"https:\/\/focusonpack.com\/pt\/maquina-de-enchimento-de-agua\/10000-12000-bottles-per-hour-bottled-water-filling-machine\/","og_site_name":"Focus on pack","article_modified_time":"2025-03-24T08:55:31+00:00","og_image":[{"url":"https:\/\/focusonpack.com\/wp-content\/uploads\/2020\/05\/water-filling-machine-2.jpg","type":"","width":"","height":""}],"twitter_card":"summary_large_image","twitter_misc":{"Est. reading time":"6 minutos"},"schema":{"@context":"https:\/\/schema.org","@graph":[{"@type":"WebPage","@id":"https:\/\/focusonpack.com\/water-filling-machine\/10000-12000-bottles-per-hour-bottled-water-filling-machine\/","url":"https:\/\/focusonpack.com\/water-filling-machine\/10000-12000-bottles-per-hour-bottled-water-filling-machine\/","name":"10000-12000 Bottles per Hour Bottled Water Filling Machine - Focus on pack","isPartOf":{"@id":"https:\/\/focusonpack.com\/#website"},"primaryImageOfPage":{"@id":"https:\/\/focusonpack.com\/water-filling-machine\/10000-12000-bottles-per-hour-bottled-water-filling-machine\/#primaryimage"},"image":{"@id":"https:\/\/focusonpack.com\/water-filling-machine\/10000-12000-bottles-per-hour-bottled-water-filling-machine\/#primaryimage"},"thumbnailUrl":"https:\/\/focusonpack.com\/wp-content\/uploads\/2020\/05\/water-filling-machine-2.jpg","datePublished":"2020-05-11T02:37:11+00:00","dateModified":"2025-03-24T08:55:31+00:00","breadcrumb":{"@id":"https:\/\/focusonpack.com\/water-filling-machine\/10000-12000-bottles-per-hour-bottled-water-filling-machine\/#breadcrumb"},"inLanguage":"pt-PT","potentialAction":[{"@type":"ReadAction","target":["https:\/\/focusonpack.com\/water-filling-machine\/10000-12000-bottles-per-hour-bottled-water-filling-machine\/"]}]},{"@type":"ImageObject","inLanguage":"pt-PT","@id":"https:\/\/focusonpack.com\/water-filling-machine\/10000-12000-bottles-per-hour-bottled-water-filling-machine\/#primaryimage","url":"https:\/\/focusonpack.com\/wp-content\/uploads\/2020\/05\/water-filling-machine-2.jpg","contentUrl":"https:\/\/focusonpack.com\/wp-content\/uploads\/2020\/05\/water-filling-machine-2.jpg"},{"@type":"BreadcrumbList","@id":"https:\/\/focusonpack.com\/water-filling-machine\/10000-12000-bottles-per-hour-bottled-water-filling-machine\/#breadcrumb","itemListElement":[{"@type":"ListItem","position":1,"name":"\u9996\u9875","item":"https:\/\/focusonpack.com\/"},{"@type":"ListItem","position":2,"name":"Water Filling Machine","item":"https:\/\/focusonpack.com\/water-filling-machine\/"},{"@type":"ListItem","position":3,"name":"10000-12000 Bottles per Hour Bottled Water Filling Machine"}]},{"@type":"WebSite","@id":"https:\/\/focusonpack.com\/#website","url":"https:\/\/focusonpack.com\/","name":"Focus on pack","description":"","potentialAction":[{"@type":"SearchAction","target":{"@type":"EntryPoint","urlTemplate":"https:\/\/focusonpack.com\/?s={search_term_string}"},"query-input":{"@type":"PropertyValueSpecification","valueRequired":true,"valueName":"search_term_string"}}],"inLanguage":"pt-PT"}]}},"_links":{"self":[{"href":"https:\/\/focusonpack.com\/pt\/wp-json\/wp\/v2\/pages\/2962","targetHints":{"allow":["GET"]}}],"collection":[{"href":"https:\/\/focusonpack.com\/pt\/wp-json\/wp\/v2\/pages"}],"about":[{"href":"https:\/\/focusonpack.com\/pt\/wp-json\/wp\/v2\/types\/page"}],"author":[{"embeddable":true,"href":"https:\/\/focusonpack.com\/pt\/wp-json\/wp\/v2\/users\/1"}],"replies":[{"embeddable":true,"href":"https:\/\/focusonpack.com\/pt\/wp-json\/wp\/v2\/comments?post=2962"}],"version-history":[{"count":18,"href":"https:\/\/focusonpack.com\/pt\/wp-json\/wp\/v2\/pages\/2962\/revisions"}],"predecessor-version":[{"id":4580,"href":"https:\/\/focusonpack.com\/pt\/wp-json\/wp\/v2\/pages\/2962\/revisions\/4580"}],"up":[{"embeddable":true,"href":"https:\/\/focusonpack.com\/pt\/wp-json\/wp\/v2\/pages\/2500"}],"wp:attachment":[{"href":"https:\/\/focusonpack.com\/pt\/wp-json\/wp\/v2\/media?parent=2962"}],"curies":[{"name":"wp","href":"https:\/\/api.w.org\/{rel}","templated":true}]}}