{"id":3109,"date":"2020-05-11T16:15:56","date_gmt":"2020-05-11T08:15:56","guid":{"rendered":"https:\/\/focusonpack.com\/?page_id=3109"},"modified":"2020-05-15T16:37:16","modified_gmt":"2020-05-15T08:37:16","slug":"steam-shrink-tunnel","status":"publish","type":"page","link":"https:\/\/focusonpack.com\/pt\/steam-shrink-tunnel\/","title":{"rendered":"Steam Shrink Tunnel"},"content":{"rendered":"<div data-elementor-type=\"wp-page\" data-elementor-id=\"3109\" class=\"elementor elementor-3109\" data-elementor-settings=\"[]\">\n\t\t\t<div class=\"elementor-inner\">\n\t\t\t\t<div class=\"elementor-section-wrap\">\n\t\t\t\t\t\t\t<section class=\"elementor-element elementor-element-4d44b9fa elementor-section-boxed elementor-section-height-default elementor-section-height-default elementor-section elementor-top-section\" data-id=\"4d44b9fa\" data-element_type=\"section\">\n\t\t\t\t\t\t<div class=\"elementor-container elementor-column-gap-default\">\n\t\t\t\t<div class=\"elementor-row\">\n\t\t\t\t<div class=\"elementor-element elementor-element-6e22054b elementor-column elementor-col-50 elementor-top-column\" data-id=\"6e22054b\" data-element_type=\"column\">\n\t\t\t<div class=\"elementor-column-wrap  elementor-element-populated\">\n\t\t\t\t\t<div class=\"elementor-widget-wrap\">\n\t\t\t\t<div class=\"elementor-element elementor-element-5c5840d5 elementor-widget elementor-widget-heading\" data-id=\"5c5840d5\" data-element_type=\"widget\" data-widget_type=\"heading.default\">\n\t\t\t\t<div class=\"elementor-widget-container\">\n\t\t\t<h3 class=\"elementor-heading-title elementor-size-default\">Steam Shrink Tunnel<\/h3>\t\t<\/div>\n\t\t\t\t<\/div>\n\t\t\t\t<div class=\"elementor-element elementor-element-15398ae0 elementor-widget elementor-widget-text-editor\" data-id=\"15398ae0\" data-element_type=\"widget\" data-widget_type=\"text-editor.default\">\n\t\t\t\t<div class=\"elementor-widget-container\">\n\t\t\t\t\t<div class=\"elementor-text-editor elementor-clearfix\"><p>Steam shrink sleeve tunnel machine is stainless steel constructed with a double skin insulated exterior to keep external surface of tunnel cool from injury of operator, simple to understand, easy to operate,easy to maintain,the side doors allow easy access to clean and remove containers. It is perfect solution to shrink middle, full boy sleeves and cap seals or shrink bands on almost any container type and almost any shrink film material.<\/p><\/div>\n\t\t\t\t<\/div>\n\t\t\t\t<\/div>\n\t\t\t\t<div class=\"elementor-element elementor-element-65583973 elementor-widget elementor-widget-text-editor\" data-id=\"65583973\" data-element_type=\"widget\" data-widget_type=\"text-editor.default\">\n\t\t\t\t<div class=\"elementor-widget-container\">\n\t\t\t\t\t<div class=\"elementor-text-editor elementor-clearfix\"><p>Steam shrink tunnel containers six stem delivery tubes, three on each side,which are controlled by individual manual controlled valve on steam drum(distributor) providing on\/off control as well as graduated steam delivery to suit the application.Each steam tube height is adjustable depending on label and container height,there is also a stainless drain try to collect the condensated water to keep environment dry. A exhausted blower is mounted on top of the tunnel to exhaust steam moisture out of workshop.The machines stainless steel water-proof design makes it easy to clean and maintain.<\/p><\/div>\n\t\t\t\t<\/div>\n\t\t\t\t<\/div>\n\t\t\t\t<div class=\"elementor-element elementor-element-35537cb4 elementor-widget elementor-widget-heading\" data-id=\"35537cb4\" data-element_type=\"widget\" data-widget_type=\"heading.default\">\n\t\t\t\t<div class=\"elementor-widget-container\">\n\t\t\t<h3 class=\"elementor-heading-title elementor-size-default\">Carater\u00edsticas principais<\/h3>\t\t<\/div>\n\t\t\t\t<\/div>\n\t\t\t\t<div class=\"elementor-element elementor-element-600f6d25 elementor-widget elementor-widget-text-editor\" data-id=\"600f6d25\" data-element_type=\"widget\" data-widget_type=\"text-editor.default\">\n\t\t\t\t<div class=\"elementor-widget-container\">\n\t\t\t\t\t<div class=\"elementor-text-editor elementor-clearfix\"><p>\uf105 Over all stainless structure<br \/>\uf105 Easy to install and operation adjustment is convenient<br \/>\uf105 Suitable for PVC, PET, OPS shrink packaging materials<br \/>\uf105 Suitable for round, square, oval-shaped, curve-shaped containers<br \/>\uf105 Shrinkage capability 450BPM to 600BPM<br \/>\uf105 Stand Frame Adjustable<br \/>\uf105 Drip tray<br \/>\uf105 Individual Valve control will be included<br \/>\uf105 Exhausted blower<\/p><\/div>\n\t\t\t\t<\/div>\n\t\t\t\t<\/div>\n\t\t\t\t<div class=\"elementor-element elementor-element-2fee1d04 elementor-widget elementor-widget-text-editor\" data-id=\"2fee1d04\" data-element_type=\"widget\" data-widget_type=\"text-editor.default\">\n\t\t\t\t<div class=\"elementor-widget-container\">\n\t\t\t\t\t<div class=\"elementor-text-editor elementor-clearfix\"><p>\uf013 As especifica\u00e7\u00f5es est\u00e3o sujeitas a altera\u00e7\u00f5es sem aviso pr\u00e9vio. Todos os direitos s\u00e3o reservados.<\/p><\/div>\n\t\t\t\t<\/div>\n\t\t\t\t<\/div>\n\t\t\t\t\t\t<\/div>\n\t\t\t<\/div>\n\t\t<\/div>\n\t\t\t\t<div class=\"elementor-element elementor-element-32851ab6 elementor-column elementor-col-50 elementor-top-column\" data-id=\"32851ab6\" data-element_type=\"column\">\n\t\t\t<div class=\"elementor-column-wrap  elementor-element-populated\">\n\t\t\t\t\t<div class=\"elementor-widget-wrap\">\n\t\t\t\t<div class=\"elementor-element elementor-element-32c1bda0 elementor-widget elementor-widget-spacer\" data-id=\"32c1bda0\" data-element_type=\"widget\" data-widget_type=\"spacer.default\">\n\t\t\t\t<div class=\"elementor-widget-container\">\n\t\t\t\t\t<div class=\"elementor-spacer\">\n\t\t\t<div class=\"elementor-spacer-inner\"><\/div>\n\t\t<\/div>\n\t\t\t\t<\/div>\n\t\t\t\t<\/div>\n\t\t\t\t<div class=\"elementor-element elementor-element-2c3c5823 elementor-widget elementor-widget-image\" data-id=\"2c3c5823\" data-element_type=\"widget\" data-widget_type=\"image.default\">\n\t\t\t\t<div class=\"elementor-widget-container\">\n\t\t\t\t\t<div class=\"elementor-image\">\n\t\t\t\t\t\t\t\t\t\t<img loading=\"lazy\" decoding=\"async\" width=\"350\" height=\"296\" src=\"https:\/\/focusonpack.com\/wp-content\/uploads\/2020\/05\/tunnel.jpg\" class=\"attachment-full size-full\" alt=\"\" srcset=\"https:\/\/focusonpack.com\/wp-content\/uploads\/2020\/05\/tunnel.jpg 350w, https:\/\/focusonpack.com\/wp-content\/uploads\/2020\/05\/tunnel-300x254.jpg 300w\" sizes=\"auto, (max-width: 350px) 100vw, 350px\" \/>\t\t\t\t\t\t\t\t\t\t\t<\/div>\n\t\t\t\t<\/div>\n\t\t\t\t<\/div>\n\t\t\t\t<div class=\"elementor-element elementor-element-314cbf1f elementor-button-info elementor-align-center elementor-widget elementor-widget-button\" data-id=\"314cbf1f\" data-element_type=\"widget\" data-widget_type=\"button.default\">\n\t\t\t\t<div class=\"elementor-widget-container\">\n\t\t\t\t\t<div class=\"elementor-button-wrapper\">\n\t\t\t<a href=\"https:\/\/focusonpack.com\/pt\/contactar-nos\/\" class=\"elementor-button-link elementor-button elementor-size-sm\" role=\"button\">\n\t\t\t\t\t\t<span class=\"elementor-button-content-wrapper\">\n\t\t\t\t\t\t<span class=\"elementor-button-text\">Pedir um or\u00e7amento<\/span>\n\t\t<\/span>\n\t\t\t\t\t<\/a>\n\t\t<\/div>\n\t\t\t\t<\/div>\n\t\t\t\t<\/div>\n\t\t\t\t\t\t<\/div>\n\t\t\t<\/div>\n\t\t<\/div>\n\t\t\t\t\t\t<\/div>\n\t\t\t<\/div>\n\t\t<\/section>\n\t\t\t\t\t\t<\/div>\n\t\t\t<\/div>\n\t\t<\/div>","protected":false},"excerpt":{"rendered":"<p>Steam Shrink Tunnel Steam shri&hellip;<\/p>","protected":false},"author":1,"featured_media":0,"parent":0,"menu_order":0,"comment_status":"closed","ping_status":"closed","template":"elementor_header_footer","meta":{"footnotes":""},"class_list":["post-3109","page","type-page","status-publish","hentry","no-thumb"],"yoast_head":"<!-- This site is optimized with the Yoast SEO plugin v24.8.1 - https:\/\/yoast.com\/wordpress\/plugins\/seo\/ -->\n<title>Steam Shrink Tunnel - Focus on pack<\/title>\n<meta name=\"robots\" content=\"index, follow, max-snippet:-1, max-image-preview:large, max-video-preview:-1\" \/>\n<link rel=\"canonical\" href=\"https:\/\/focusonpack.com\/pt\/steam-shrink-tunnel\/\" \/>\n<meta property=\"og:locale\" content=\"pt_PT\" \/>\n<meta property=\"og:type\" content=\"article\" \/>\n<meta property=\"og:title\" content=\"Steam Shrink Tunnel - Focus on pack\" \/>\n<meta property=\"og:description\" content=\"Steam Shrink Tunnel Steam shri&hellip;\" \/>\n<meta property=\"og:url\" content=\"https:\/\/focusonpack.com\/pt\/steam-shrink-tunnel\/\" \/>\n<meta property=\"og:site_name\" content=\"Focus on pack\" \/>\n<meta property=\"article:modified_time\" content=\"2020-05-15T08:37:16+00:00\" \/>\n<meta property=\"og:image\" content=\"https:\/\/focusonpack.com\/wp-content\/uploads\/2020\/05\/tunnel.jpg\" \/>\n<meta name=\"twitter:card\" content=\"summary_large_image\" \/>\n<meta name=\"twitter:label1\" content=\"Est. reading time\" \/>\n\t<meta name=\"twitter:data1\" content=\"1 minuto\" \/>\n<script type=\"application\/ld+json\" class=\"yoast-schema-graph\">{\"@context\":\"https:\/\/schema.org\",\"@graph\":[{\"@type\":\"WebPage\",\"@id\":\"https:\/\/focusonpack.com\/steam-shrink-tunnel\/\",\"url\":\"https:\/\/focusonpack.com\/steam-shrink-tunnel\/\",\"name\":\"Steam Shrink Tunnel - Focus on pack\",\"isPartOf\":{\"@id\":\"https:\/\/focusonpack.com\/#website\"},\"primaryImageOfPage\":{\"@id\":\"https:\/\/focusonpack.com\/steam-shrink-tunnel\/#primaryimage\"},\"image\":{\"@id\":\"https:\/\/focusonpack.com\/steam-shrink-tunnel\/#primaryimage\"},\"thumbnailUrl\":\"https:\/\/focusonpack.com\/wp-content\/uploads\/2020\/05\/tunnel.jpg\",\"datePublished\":\"2020-05-11T08:15:56+00:00\",\"dateModified\":\"2020-05-15T08:37:16+00:00\",\"breadcrumb\":{\"@id\":\"https:\/\/focusonpack.com\/steam-shrink-tunnel\/#breadcrumb\"},\"inLanguage\":\"pt-PT\",\"potentialAction\":[{\"@type\":\"ReadAction\",\"target\":[\"https:\/\/focusonpack.com\/steam-shrink-tunnel\/\"]}]},{\"@type\":\"ImageObject\",\"inLanguage\":\"pt-PT\",\"@id\":\"https:\/\/focusonpack.com\/steam-shrink-tunnel\/#primaryimage\",\"url\":\"https:\/\/focusonpack.com\/wp-content\/uploads\/2020\/05\/tunnel.jpg\",\"contentUrl\":\"https:\/\/focusonpack.com\/wp-content\/uploads\/2020\/05\/tunnel.jpg\"},{\"@type\":\"BreadcrumbList\",\"@id\":\"https:\/\/focusonpack.com\/steam-shrink-tunnel\/#breadcrumb\",\"itemListElement\":[{\"@type\":\"ListItem\",\"position\":1,\"name\":\"\u9996\u9875\",\"item\":\"https:\/\/focusonpack.com\/\"},{\"@type\":\"ListItem\",\"position\":2,\"name\":\"Steam Shrink Tunnel\"}]},{\"@type\":\"WebSite\",\"@id\":\"https:\/\/focusonpack.com\/#website\",\"url\":\"https:\/\/focusonpack.com\/\",\"name\":\"Focus on pack\",\"description\":\"water processing line,package machine, filling machine\",\"potentialAction\":[{\"@type\":\"SearchAction\",\"target\":{\"@type\":\"EntryPoint\",\"urlTemplate\":\"https:\/\/focusonpack.com\/?s={search_term_string}\"},\"query-input\":{\"@type\":\"PropertyValueSpecification\",\"valueRequired\":true,\"valueName\":\"search_term_string\"}}],\"inLanguage\":\"pt-PT\"}]}<\/script>\n<!-- \/ Yoast SEO plugin. -->","yoast_head_json":{"title":"Steam Shrink Tunnel - Focus on pack","robots":{"index":"index","follow":"follow","max-snippet":"max-snippet:-1","max-image-preview":"max-image-preview:large","max-video-preview":"max-video-preview:-1"},"canonical":"https:\/\/focusonpack.com\/pt\/steam-shrink-tunnel\/","og_locale":"pt_PT","og_type":"article","og_title":"Steam Shrink Tunnel - Focus on pack","og_description":"Steam Shrink Tunnel Steam shri&hellip;","og_url":"https:\/\/focusonpack.com\/pt\/steam-shrink-tunnel\/","og_site_name":"Focus on pack","article_modified_time":"2020-05-15T08:37:16+00:00","og_image":[{"url":"https:\/\/focusonpack.com\/wp-content\/uploads\/2020\/05\/tunnel.jpg","type":"","width":"","height":""}],"twitter_card":"summary_large_image","twitter_misc":{"Est. reading time":"1 minuto"},"schema":{"@context":"https:\/\/schema.org","@graph":[{"@type":"WebPage","@id":"https:\/\/focusonpack.com\/steam-shrink-tunnel\/","url":"https:\/\/focusonpack.com\/steam-shrink-tunnel\/","name":"Steam Shrink Tunnel - Focus on pack","isPartOf":{"@id":"https:\/\/focusonpack.com\/#website"},"primaryImageOfPage":{"@id":"https:\/\/focusonpack.com\/steam-shrink-tunnel\/#primaryimage"},"image":{"@id":"https:\/\/focusonpack.com\/steam-shrink-tunnel\/#primaryimage"},"thumbnailUrl":"https:\/\/focusonpack.com\/wp-content\/uploads\/2020\/05\/tunnel.jpg","datePublished":"2020-05-11T08:15:56+00:00","dateModified":"2020-05-15T08:37:16+00:00","breadcrumb":{"@id":"https:\/\/focusonpack.com\/steam-shrink-tunnel\/#breadcrumb"},"inLanguage":"pt-PT","potentialAction":[{"@type":"ReadAction","target":["https:\/\/focusonpack.com\/steam-shrink-tunnel\/"]}]},{"@type":"ImageObject","inLanguage":"pt-PT","@id":"https:\/\/focusonpack.com\/steam-shrink-tunnel\/#primaryimage","url":"https:\/\/focusonpack.com\/wp-content\/uploads\/2020\/05\/tunnel.jpg","contentUrl":"https:\/\/focusonpack.com\/wp-content\/uploads\/2020\/05\/tunnel.jpg"},{"@type":"BreadcrumbList","@id":"https:\/\/focusonpack.com\/steam-shrink-tunnel\/#breadcrumb","itemListElement":[{"@type":"ListItem","position":1,"name":"\u9996\u9875","item":"https:\/\/focusonpack.com\/"},{"@type":"ListItem","position":2,"name":"Steam Shrink Tunnel"}]},{"@type":"WebSite","@id":"https:\/\/focusonpack.com\/#website","url":"https:\/\/focusonpack.com\/","name":"Focus on pack","description":"water processing line,package machine, filling machine","potentialAction":[{"@type":"SearchAction","target":{"@type":"EntryPoint","urlTemplate":"https:\/\/focusonpack.com\/?s={search_term_string}"},"query-input":{"@type":"PropertyValueSpecification","valueRequired":true,"valueName":"search_term_string"}}],"inLanguage":"pt-PT"}]}},"_links":{"self":[{"href":"https:\/\/focusonpack.com\/pt\/wp-json\/wp\/v2\/pages\/3109","targetHints":{"allow":["GET"]}}],"collection":[{"href":"https:\/\/focusonpack.com\/pt\/wp-json\/wp\/v2\/pages"}],"about":[{"href":"https:\/\/focusonpack.com\/pt\/wp-json\/wp\/v2\/types\/page"}],"author":[{"embeddable":true,"href":"https:\/\/focusonpack.com\/pt\/wp-json\/wp\/v2\/users\/1"}],"replies":[{"embeddable":true,"href":"https:\/\/focusonpack.com\/pt\/wp-json\/wp\/v2\/comments?post=3109"}],"version-history":[{"count":5,"href":"https:\/\/focusonpack.com\/pt\/wp-json\/wp\/v2\/pages\/3109\/revisions"}],"predecessor-version":[{"id":3283,"href":"https:\/\/focusonpack.com\/pt\/wp-json\/wp\/v2\/pages\/3109\/revisions\/3283"}],"wp:attachment":[{"href":"https:\/\/focusonpack.com\/pt\/wp-json\/wp\/v2\/media?parent=3109"}],"curies":[{"name":"wp","href":"https:\/\/api.w.org\/{rel}","templated":true}]}}