{"id":3113,"date":"2020-05-11T16:16:35","date_gmt":"2020-05-11T08:16:35","guid":{"rendered":"https:\/\/focusonpack.com\/?page_id=3113"},"modified":"2025-03-27T16:08:26","modified_gmt":"2025-03-27T08:08:26","slug":"5500bph-4-cavity-high-efficiency-automatic-pet-bottle-machine","status":"publish","type":"page","link":"https:\/\/focusonpack.com\/pt\/maquina-de-moldagem-por-sopro-totalmente-automatica-para-animais-de-estimacao\/5500bph-4-cavity-high-efficiency-automatic-pet-bottle-machine\/","title":{"rendered":"5500BPH 4 Cavity High Efficiency Automatic PET Bottle Machine"},"content":{"rendered":"<div data-elementor-type=\"wp-page\" data-elementor-id=\"3113\" class=\"elementor elementor-3113\" data-elementor-settings=\"[]\">\n\t\t\t<div class=\"elementor-inner\">\n\t\t\t\t<div class=\"elementor-section-wrap\">\n\t\t\t\t\t\t\t<section class=\"elementor-element elementor-element-26fdd3d0 elementor-section-boxed elementor-section-height-default elementor-section-height-default elementor-section elementor-top-section\" data-id=\"26fdd3d0\" data-element_type=\"section\">\n\t\t\t\t\t\t<div class=\"elementor-container elementor-column-gap-default\">\n\t\t\t\t<div class=\"elementor-row\">\n\t\t\t\t<div class=\"elementor-element elementor-element-af52e11 elementor-column elementor-col-50 elementor-top-column\" data-id=\"af52e11\" data-element_type=\"column\">\n\t\t\t<div class=\"elementor-column-wrap  elementor-element-populated\">\n\t\t\t\t\t<div class=\"elementor-widget-wrap\">\n\t\t\t\t<div class=\"elementor-element elementor-element-4b63e7c7 elementor-invisible elementor-widget elementor-widget-heading\" data-id=\"4b63e7c7\" data-element_type=\"widget\" data-settings=\"{&quot;_animation&quot;:&quot;fadeIn&quot;}\" data-widget_type=\"heading.default\">\n\t\t\t\t<div class=\"elementor-widget-container\">\n\t\t\t<h3 class=\"elementor-heading-title elementor-size-default\">5500BPH 4 Cavity High Efficiency Automatic PET Bottle Machine<\/h3>\t\t<\/div>\n\t\t\t\t<\/div>\n\t\t\t\t<div class=\"elementor-element elementor-element-419233f7 elementor-widget elementor-widget-text-editor\" data-id=\"419233f7\" data-element_type=\"widget\" data-widget_type=\"text-editor.default\">\n\t\t\t\t<div class=\"elementor-widget-container\">\n\t\t\t\t\t<div class=\"elementor-text-editor elementor-clearfix\"><p>4 cavity high efficiency automatic PET bottle manufacturing machine is a new generation of fully automatic and versatile machine for mass production of PET bottles with latest technology. Speed of 5500 bottles per hour at 500 ml can be achieved. The wide applicability ranging from 50ml to 2000ml for both narrow and wide neck, reliable capability make PET blower Machine become popular and attractive to medium and small size bottle and drink manufacturer all over the world. This pet blow molding machine is built with heavy duty tubular frame, critical pneumatic parts and electronic are world famous brand. Original Germany FESTO air cylinders, SIMENS PLC and touch screen HMI, Switzerland EUGEN SEITZ blowing valves, Japan Mitsubishi servo motor, USA MAC solenoid etc.<\/p><\/div>\n\t\t\t\t<\/div>\n\t\t\t\t<\/div>\n\t\t\t\t<div class=\"elementor-element elementor-element-6affdf78 elementor-widget elementor-widget-text-editor\" data-id=\"6affdf78\" data-element_type=\"widget\" data-widget_type=\"text-editor.default\">\n\t\t\t\t<div class=\"elementor-widget-container\">\n\t\t\t\t\t<div class=\"elementor-text-editor elementor-clearfix\"><p>Automatic PET blow molding machine starts as jumble preforms are loaded into the easy to load,extra large capacity bulk hopper, An elevator moves preforms up to a gravity-based sorter, which aligns preforms on a conveyor. Preforms are then aligned and loaded onto a chute, where they are gravity-fed into the preform holders. The preforms move through the heat tunnels, where they are heated to the optimal blowing temperature prior to entering the molds. From the heaters, preforms are loaded into the custom-designed molds where four bottles are blown at a time. A pressurized liquid chiller keeps the mold temperature in a controlled range to ensure that consistently high-quality bottles are blown. Blown bottles are directly transferred to the exit conveyor which can be easily connected to air conveyor. There is no need to use any additional bottle orientating machines.<\/p><\/div>\n\t\t\t\t<\/div>\n\t\t\t\t<\/div>\n\t\t\t\t<div class=\"elementor-element elementor-element-1953fd79 elementor-invisible elementor-widget elementor-widget-heading\" data-id=\"1953fd79\" data-element_type=\"widget\" data-settings=\"{&quot;_animation&quot;:&quot;fadeIn&quot;}\" data-widget_type=\"heading.default\">\n\t\t\t\t<div class=\"elementor-widget-container\">\n\t\t\t<h3 class=\"elementor-heading-title elementor-size-default\">Especifica\u00e7\u00f5es t\u00e9cnicas<\/h3>\t\t<\/div>\n\t\t\t\t<\/div>\n\t\t\t\t<div class=\"elementor-element elementor-element-7f6e7679 elementor-widget elementor-widget-text-editor\" data-id=\"7f6e7679\" data-element_type=\"widget\" data-widget_type=\"text-editor.default\">\n\t\t\t\t<div class=\"elementor-widget-container\">\n\t\t\t\t\t<div class=\"elementor-text-editor elementor-clearfix\"><table width=\"720\">\n<tbody>\n<tr>\n<td width=\"241\">Modelo<\/td>\n<td width=\"235\">HZ-5500<\/td>\n<\/tr>\n<tr>\n<td>N.\u00ba de cavidades<\/td>\n<td>4 Cavity<\/td>\n<\/tr>\n<tr>\n<td>Capacidade de produ\u00e7\u00e3o<\/td>\n<td>5500 BPH<\/td>\n<\/tr>\n<tr>\n<td>Max Container Volume<\/td>\n<td>2 L<\/td>\n<\/tr>\n<tr>\n<td>Max Neck Diameter<\/td>\n<td>38mm<\/td>\n<\/tr>\n<tr>\n<td>Max Container Diameter<\/td>\n<td>115 mm<\/td>\n<\/tr>\n<tr>\n<td>Max Container Height<\/td>\n<td>340 mm<\/td>\n<\/tr>\n<tr>\n<td>Heating Power<\/td>\n<td>35 KW<\/td>\n<\/tr>\n<tr>\n<td>Operating Low Pressure<\/td>\n<td>0.8 Mpa<\/td>\n<\/tr>\n<tr>\n<td>Blowing Pressure<\/td>\n<td>3.5 Mpa<\/td>\n<\/tr>\n<tr>\n<td>Dimens\u00e3o da m\u00e1quina (C x L x A)<\/td>\n<td>3.7&#215;1.55&#215;2.7 M<\/td>\n<\/tr>\n<tr>\n<td>Peso da m\u00e1quina<\/td>\n<td>4500 kgs(approx)<\/td>\n<\/tr>\n<tr>\n<td>Dimens\u00e3o do transportador<\/td>\n<td>1.5&#215;0.85&#215;2.2 M<\/td>\n<\/tr>\n<tr>\n<td>Peso do transportador<\/td>\n<td>500 kg (aprox.)<\/td>\n<\/tr>\n<\/tbody>\n<\/table><\/div>\n\t\t\t\t<\/div>\n\t\t\t\t<\/div>\n\t\t\t\t<div class=\"elementor-element elementor-element-53410f05 elementor-widget elementor-widget-text-editor\" data-id=\"53410f05\" data-element_type=\"widget\" data-widget_type=\"text-editor.default\">\n\t\t\t\t<div class=\"elementor-widget-container\">\n\t\t\t\t\t<div class=\"elementor-text-editor elementor-clearfix\"><p>\u00a0<\/p><p>* As especifica\u00e7\u00f5es est\u00e3o sujeitas a altera\u00e7\u00f5es sem aviso pr\u00e9vio, Todos os direitos reservados.<\/p><\/div>\n\t\t\t\t<\/div>\n\t\t\t\t<\/div>\n\t\t\t\t\t\t<\/div>\n\t\t\t<\/div>\n\t\t<\/div>\n\t\t\t\t<div class=\"elementor-element elementor-element-59d66ee1 elementor-column elementor-col-50 elementor-top-column\" data-id=\"59d66ee1\" data-element_type=\"column\">\n\t\t\t<div class=\"elementor-column-wrap  elementor-element-populated\">\n\t\t\t\t\t<div class=\"elementor-widget-wrap\">\n\t\t\t\t<div class=\"elementor-element elementor-element-16059733 elementor-widget elementor-widget-spacer\" data-id=\"16059733\" data-element_type=\"widget\" data-widget_type=\"spacer.default\">\n\t\t\t\t<div class=\"elementor-widget-container\">\n\t\t\t\t\t<div class=\"elementor-spacer\">\n\t\t\t<div class=\"elementor-spacer-inner\"><\/div>\n\t\t<\/div>\n\t\t\t\t<\/div>\n\t\t\t\t<\/div>\n\t\t\t\t<div class=\"elementor-element elementor-element-341f9822 elementor-widget elementor-widget-image\" data-id=\"341f9822\" data-element_type=\"widget\" data-widget_type=\"image.default\">\n\t\t\t\t<div class=\"elementor-widget-container\">\n\t\t\t\t\t<div class=\"elementor-image\">\n\t\t\t\t\t\t\t\t\t\t\t<a href=\"https:\/\/focusonpack.com\/wp-content\/uploads\/2025\/03\/5500BPH-4-Cavity-High-Efficiency-Automatic-PET-Bottle-Machine.jpg\">\n\t\t\t\t\t\t\t<img loading=\"lazy\" decoding=\"async\" width=\"600\" height=\"400\" src=\"https:\/\/focusonpack.com\/wp-content\/uploads\/2025\/03\/5500BPH-4-Cavity-High-Efficiency-Automatic-PET-Bottle-Machine.jpg\" class=\"elementor-animation-grow attachment-full size-full\" alt=\"\" srcset=\"https:\/\/focusonpack.com\/wp-content\/uploads\/2025\/03\/5500BPH-4-Cavity-High-Efficiency-Automatic-PET-Bottle-Machine.jpg 600w, https:\/\/focusonpack.com\/wp-content\/uploads\/2025\/03\/5500BPH-4-Cavity-High-Efficiency-Automatic-PET-Bottle-Machine-300x200.jpg 300w, https:\/\/focusonpack.com\/wp-content\/uploads\/2025\/03\/5500BPH-4-Cavity-High-Efficiency-Automatic-PET-Bottle-Machine-270x180.jpg 270w\" sizes=\"auto, (max-width: 600px) 100vw, 600px\" \/>\t\t\t\t\t\t\t\t<\/a>\n\t\t\t\t\t\t\t\t\t\t\t<\/div>\n\t\t\t\t<\/div>\n\t\t\t\t<\/div>\n\t\t\t\t<div class=\"elementor-element elementor-element-29a4a731 elementor-button-info elementor-align-center elementor-widget elementor-widget-button\" data-id=\"29a4a731\" data-element_type=\"widget\" data-widget_type=\"button.default\">\n\t\t\t\t<div class=\"elementor-widget-container\">\n\t\t\t\t\t<div class=\"elementor-button-wrapper\">\n\t\t\t<a href=\"https:\/\/focusonpack.com\/pt\/contactar-nos\/\" class=\"elementor-button-link elementor-button elementor-size-sm\" role=\"button\">\n\t\t\t\t\t\t<span class=\"elementor-button-content-wrapper\">\n\t\t\t\t\t\t<span class=\"elementor-button-text\">Pedir um or\u00e7amento<\/span>\n\t\t<\/span>\n\t\t\t\t\t<\/a>\n\t\t<\/div>\n\t\t\t\t<\/div>\n\t\t\t\t<\/div>\n\t\t\t\t\t\t<\/div>\n\t\t\t<\/div>\n\t\t<\/div>\n\t\t\t\t\t\t<\/div>\n\t\t\t<\/div>\n\t\t<\/section>\n\t\t\t\t\t\t<\/div>\n\t\t\t<\/div>\n\t\t<\/div>","protected":false},"excerpt":{"rendered":"<p>5500BPH 4 Cavity High Efficien&hellip;<\/p>","protected":false},"author":1,"featured_media":0,"parent":2570,"menu_order":0,"comment_status":"closed","ping_status":"closed","template":"elementor_header_footer","meta":{"footnotes":""},"class_list":["post-3113","page","type-page","status-publish","hentry","no-thumb"],"yoast_head":"<!-- This site is optimized with the Yoast SEO plugin v24.8.1 - https:\/\/yoast.com\/wordpress\/plugins\/seo\/ -->\n<title>5500BPH 4 Cavity High Efficiency Automatic PET Bottle Machine - Focus on pack<\/title>\n<meta name=\"robots\" content=\"index, follow, max-snippet:-1, max-image-preview:large, max-video-preview:-1\" \/>\n<link rel=\"canonical\" href=\"https:\/\/focusonpack.com\/pt\/maquina-de-moldagem-por-sopro-totalmente-automatica-para-animais-de-estimacao\/5500bph-4-cavity-high-efficiency-automatic-pet-bottle-machine\/\" \/>\n<meta property=\"og:locale\" content=\"pt_PT\" \/>\n<meta property=\"og:type\" content=\"article\" \/>\n<meta property=\"og:title\" content=\"5500BPH 4 Cavity High Efficiency Automatic PET Bottle Machine - Focus on pack\" \/>\n<meta property=\"og:description\" content=\"5500BPH 4 Cavity High Efficien&hellip;\" \/>\n<meta property=\"og:url\" content=\"https:\/\/focusonpack.com\/pt\/maquina-de-moldagem-por-sopro-totalmente-automatica-para-animais-de-estimacao\/5500bph-4-cavity-high-efficiency-automatic-pet-bottle-machine\/\" \/>\n<meta property=\"og:site_name\" content=\"Focus on pack\" \/>\n<meta property=\"article:modified_time\" content=\"2025-03-27T08:08:26+00:00\" \/>\n<meta property=\"og:image\" content=\"https:\/\/focusonpack.com\/wp-content\/uploads\/2025\/03\/5500BPH-4-Cavity-High-Efficiency-Automatic-PET-Bottle-Machine.jpg\" \/>\n<meta name=\"twitter:card\" content=\"summary_large_image\" \/>\n<meta name=\"twitter:label1\" content=\"Est. reading time\" \/>\n\t<meta name=\"twitter:data1\" content=\"2 minutos\" \/>\n<script type=\"application\/ld+json\" class=\"yoast-schema-graph\">{\"@context\":\"https:\/\/schema.org\",\"@graph\":[{\"@type\":\"WebPage\",\"@id\":\"https:\/\/focusonpack.com\/fully-automatic-pet-stretch-blow-molding-machine\/5500bph-4-cavity-high-efficiency-automatic-pet-bottle-machine\/\",\"url\":\"https:\/\/focusonpack.com\/fully-automatic-pet-stretch-blow-molding-machine\/5500bph-4-cavity-high-efficiency-automatic-pet-bottle-machine\/\",\"name\":\"5500BPH 4 Cavity High Efficiency Automatic PET Bottle Machine - Focus on pack\",\"isPartOf\":{\"@id\":\"https:\/\/focusonpack.com\/#website\"},\"primaryImageOfPage\":{\"@id\":\"https:\/\/focusonpack.com\/fully-automatic-pet-stretch-blow-molding-machine\/5500bph-4-cavity-high-efficiency-automatic-pet-bottle-machine\/#primaryimage\"},\"image\":{\"@id\":\"https:\/\/focusonpack.com\/fully-automatic-pet-stretch-blow-molding-machine\/5500bph-4-cavity-high-efficiency-automatic-pet-bottle-machine\/#primaryimage\"},\"thumbnailUrl\":\"https:\/\/focusonpack.com\/wp-content\/uploads\/2025\/03\/5500BPH-4-Cavity-High-Efficiency-Automatic-PET-Bottle-Machine.jpg\",\"datePublished\":\"2020-05-11T08:16:35+00:00\",\"dateModified\":\"2025-03-27T08:08:26+00:00\",\"breadcrumb\":{\"@id\":\"https:\/\/focusonpack.com\/fully-automatic-pet-stretch-blow-molding-machine\/5500bph-4-cavity-high-efficiency-automatic-pet-bottle-machine\/#breadcrumb\"},\"inLanguage\":\"pt-PT\",\"potentialAction\":[{\"@type\":\"ReadAction\",\"target\":[\"https:\/\/focusonpack.com\/fully-automatic-pet-stretch-blow-molding-machine\/5500bph-4-cavity-high-efficiency-automatic-pet-bottle-machine\/\"]}]},{\"@type\":\"ImageObject\",\"inLanguage\":\"pt-PT\",\"@id\":\"https:\/\/focusonpack.com\/fully-automatic-pet-stretch-blow-molding-machine\/5500bph-4-cavity-high-efficiency-automatic-pet-bottle-machine\/#primaryimage\",\"url\":\"https:\/\/focusonpack.com\/wp-content\/uploads\/2025\/03\/5500BPH-4-Cavity-High-Efficiency-Automatic-PET-Bottle-Machine.jpg\",\"contentUrl\":\"https:\/\/focusonpack.com\/wp-content\/uploads\/2025\/03\/5500BPH-4-Cavity-High-Efficiency-Automatic-PET-Bottle-Machine.jpg\"},{\"@type\":\"BreadcrumbList\",\"@id\":\"https:\/\/focusonpack.com\/fully-automatic-pet-stretch-blow-molding-machine\/5500bph-4-cavity-high-efficiency-automatic-pet-bottle-machine\/#breadcrumb\",\"itemListElement\":[{\"@type\":\"ListItem\",\"position\":1,\"name\":\"\u9996\u9875\",\"item\":\"https:\/\/focusonpack.com\/\"},{\"@type\":\"ListItem\",\"position\":2,\"name\":\"Fully Automatic PET Stretch Blow Molding Machine\",\"item\":\"https:\/\/focusonpack.com\/fully-automatic-pet-stretch-blow-molding-machine\/\"},{\"@type\":\"ListItem\",\"position\":3,\"name\":\"5500BPH 4 Cavity High Efficiency Automatic PET Bottle Machine\"}]},{\"@type\":\"WebSite\",\"@id\":\"https:\/\/focusonpack.com\/#website\",\"url\":\"https:\/\/focusonpack.com\/\",\"name\":\"Focus on pack\",\"description\":\"\",\"potentialAction\":[{\"@type\":\"SearchAction\",\"target\":{\"@type\":\"EntryPoint\",\"urlTemplate\":\"https:\/\/focusonpack.com\/?s={search_term_string}\"},\"query-input\":{\"@type\":\"PropertyValueSpecification\",\"valueRequired\":true,\"valueName\":\"search_term_string\"}}],\"inLanguage\":\"pt-PT\"}]}<\/script>\n<!-- \/ Yoast SEO plugin. -->","yoast_head_json":{"title":"5500BPH 4 Cavity High Efficiency Automatic PET Bottle Machine - Focus on pack","robots":{"index":"index","follow":"follow","max-snippet":"max-snippet:-1","max-image-preview":"max-image-preview:large","max-video-preview":"max-video-preview:-1"},"canonical":"https:\/\/focusonpack.com\/pt\/maquina-de-moldagem-por-sopro-totalmente-automatica-para-animais-de-estimacao\/5500bph-4-cavity-high-efficiency-automatic-pet-bottle-machine\/","og_locale":"pt_PT","og_type":"article","og_title":"5500BPH 4 Cavity High Efficiency Automatic PET Bottle Machine - Focus on pack","og_description":"5500BPH 4 Cavity High Efficien&hellip;","og_url":"https:\/\/focusonpack.com\/pt\/maquina-de-moldagem-por-sopro-totalmente-automatica-para-animais-de-estimacao\/5500bph-4-cavity-high-efficiency-automatic-pet-bottle-machine\/","og_site_name":"Focus on pack","article_modified_time":"2025-03-27T08:08:26+00:00","og_image":[{"url":"https:\/\/focusonpack.com\/wp-content\/uploads\/2025\/03\/5500BPH-4-Cavity-High-Efficiency-Automatic-PET-Bottle-Machine.jpg","type":"","width":"","height":""}],"twitter_card":"summary_large_image","twitter_misc":{"Est. reading time":"2 minutos"},"schema":{"@context":"https:\/\/schema.org","@graph":[{"@type":"WebPage","@id":"https:\/\/focusonpack.com\/fully-automatic-pet-stretch-blow-molding-machine\/5500bph-4-cavity-high-efficiency-automatic-pet-bottle-machine\/","url":"https:\/\/focusonpack.com\/fully-automatic-pet-stretch-blow-molding-machine\/5500bph-4-cavity-high-efficiency-automatic-pet-bottle-machine\/","name":"5500BPH 4 Cavity High Efficiency Automatic PET Bottle Machine - Focus on pack","isPartOf":{"@id":"https:\/\/focusonpack.com\/#website"},"primaryImageOfPage":{"@id":"https:\/\/focusonpack.com\/fully-automatic-pet-stretch-blow-molding-machine\/5500bph-4-cavity-high-efficiency-automatic-pet-bottle-machine\/#primaryimage"},"image":{"@id":"https:\/\/focusonpack.com\/fully-automatic-pet-stretch-blow-molding-machine\/5500bph-4-cavity-high-efficiency-automatic-pet-bottle-machine\/#primaryimage"},"thumbnailUrl":"https:\/\/focusonpack.com\/wp-content\/uploads\/2025\/03\/5500BPH-4-Cavity-High-Efficiency-Automatic-PET-Bottle-Machine.jpg","datePublished":"2020-05-11T08:16:35+00:00","dateModified":"2025-03-27T08:08:26+00:00","breadcrumb":{"@id":"https:\/\/focusonpack.com\/fully-automatic-pet-stretch-blow-molding-machine\/5500bph-4-cavity-high-efficiency-automatic-pet-bottle-machine\/#breadcrumb"},"inLanguage":"pt-PT","potentialAction":[{"@type":"ReadAction","target":["https:\/\/focusonpack.com\/fully-automatic-pet-stretch-blow-molding-machine\/5500bph-4-cavity-high-efficiency-automatic-pet-bottle-machine\/"]}]},{"@type":"ImageObject","inLanguage":"pt-PT","@id":"https:\/\/focusonpack.com\/fully-automatic-pet-stretch-blow-molding-machine\/5500bph-4-cavity-high-efficiency-automatic-pet-bottle-machine\/#primaryimage","url":"https:\/\/focusonpack.com\/wp-content\/uploads\/2025\/03\/5500BPH-4-Cavity-High-Efficiency-Automatic-PET-Bottle-Machine.jpg","contentUrl":"https:\/\/focusonpack.com\/wp-content\/uploads\/2025\/03\/5500BPH-4-Cavity-High-Efficiency-Automatic-PET-Bottle-Machine.jpg"},{"@type":"BreadcrumbList","@id":"https:\/\/focusonpack.com\/fully-automatic-pet-stretch-blow-molding-machine\/5500bph-4-cavity-high-efficiency-automatic-pet-bottle-machine\/#breadcrumb","itemListElement":[{"@type":"ListItem","position":1,"name":"\u9996\u9875","item":"https:\/\/focusonpack.com\/"},{"@type":"ListItem","position":2,"name":"Fully Automatic PET Stretch Blow Molding Machine","item":"https:\/\/focusonpack.com\/fully-automatic-pet-stretch-blow-molding-machine\/"},{"@type":"ListItem","position":3,"name":"5500BPH 4 Cavity High Efficiency Automatic PET Bottle Machine"}]},{"@type":"WebSite","@id":"https:\/\/focusonpack.com\/#website","url":"https:\/\/focusonpack.com\/","name":"Focus on pack","description":"","potentialAction":[{"@type":"SearchAction","target":{"@type":"EntryPoint","urlTemplate":"https:\/\/focusonpack.com\/?s={search_term_string}"},"query-input":{"@type":"PropertyValueSpecification","valueRequired":true,"valueName":"search_term_string"}}],"inLanguage":"pt-PT"}]}},"_links":{"self":[{"href":"https:\/\/focusonpack.com\/pt\/wp-json\/wp\/v2\/pages\/3113","targetHints":{"allow":["GET"]}}],"collection":[{"href":"https:\/\/focusonpack.com\/pt\/wp-json\/wp\/v2\/pages"}],"about":[{"href":"https:\/\/focusonpack.com\/pt\/wp-json\/wp\/v2\/types\/page"}],"author":[{"embeddable":true,"href":"https:\/\/focusonpack.com\/pt\/wp-json\/wp\/v2\/users\/1"}],"replies":[{"embeddable":true,"href":"https:\/\/focusonpack.com\/pt\/wp-json\/wp\/v2\/comments?post=3113"}],"version-history":[{"count":14,"href":"https:\/\/focusonpack.com\/pt\/wp-json\/wp\/v2\/pages\/3113\/revisions"}],"predecessor-version":[{"id":4600,"href":"https:\/\/focusonpack.com\/pt\/wp-json\/wp\/v2\/pages\/3113\/revisions\/4600"}],"up":[{"embeddable":true,"href":"https:\/\/focusonpack.com\/pt\/wp-json\/wp\/v2\/pages\/2570"}],"wp:attachment":[{"href":"https:\/\/focusonpack.com\/pt\/wp-json\/wp\/v2\/media?parent=3113"}],"curies":[{"name":"wp","href":"https:\/\/api.w.org\/{rel}","templated":true}]}}