{"id":3114,"date":"2020-05-11T16:16:47","date_gmt":"2020-05-11T08:16:47","guid":{"rendered":"https:\/\/focusonpack.com\/?page_id=3114"},"modified":"2025-03-21T17:09:17","modified_gmt":"2025-03-21T09:09:17","slug":"800bph-semi-automatic-pet-blowing-machine","status":"publish","type":"page","link":"https:\/\/focusonpack.com\/pt\/maquina-de-sopro-semi-automatica-para-garrafas-pet\/800bph-maquina-de-sopro-semi-automatica-para-animais-de-estimacao\/","title":{"rendered":"M\u00e1quina Sopradora de PET Semi Autom\u00e1tica 800BPH"},"content":{"rendered":"<div data-elementor-type=\"wp-page\" data-elementor-id=\"3114\" class=\"elementor elementor-3114\" data-elementor-settings=\"[]\">\n\t\t\t<div class=\"elementor-inner\">\n\t\t\t\t<div class=\"elementor-section-wrap\">\n\t\t\t\t\t\t\t<section class=\"elementor-element elementor-element-165d5369 elementor-section-boxed elementor-section-height-default elementor-section-height-default elementor-section elementor-top-section\" data-id=\"165d5369\" data-element_type=\"section\">\n\t\t\t\t\t\t<div class=\"elementor-container elementor-column-gap-default\">\n\t\t\t\t<div class=\"elementor-row\">\n\t\t\t\t<div class=\"elementor-element elementor-element-8f8f834 elementor-column elementor-col-50 elementor-top-column\" data-id=\"8f8f834\" data-element_type=\"column\">\n\t\t\t<div class=\"elementor-column-wrap  elementor-element-populated\">\n\t\t\t\t\t<div class=\"elementor-widget-wrap\">\n\t\t\t\t<div class=\"elementor-element elementor-element-1a247209 elementor-widget elementor-widget-heading\" data-id=\"1a247209\" data-element_type=\"widget\" data-widget_type=\"heading.default\">\n\t\t\t\t<div class=\"elementor-widget-container\">\n\t\t\t<h3 class=\"elementor-heading-title elementor-size-default\">M\u00e1quina Sopradora de PET Semi Autom\u00e1tica 800BPH<\/h3>\t\t<\/div>\n\t\t\t\t<\/div>\n\t\t\t\t<div class=\"elementor-element elementor-element-68da5a0e elementor-widget elementor-widget-text-editor\" data-id=\"68da5a0e\" data-element_type=\"widget\" data-widget_type=\"text-editor.default\">\n\t\t\t\t<div class=\"elementor-widget-container\">\n\t\t\t\t\t<div class=\"elementor-text-editor elementor-clearfix\"><p>A m\u00e1quina de sopro de garrafas PET semi-autom\u00e1tica \u00e9 a solu\u00e7\u00e3o ideal para a produ\u00e7\u00e3o em massa de garrafas PET para empresas em fase de arranque e de pequena escala, e capaz de produzir uma grande variedade de garrafas PET de alta qualidade, de 50 ml a 6000 ml, para muitas ind\u00fastrias, como a da \u00e1gua engarrafada, sumos, produtos l\u00e1cteos, detergentes l\u00edquidos, \u00f3leos vegetais, cosm\u00e9ticos, produtos farmac\u00eauticos e de higiene pessoal, que s\u00e3o apenas alguns exemplos. A velocidade de 800 garrafas por hora a 500 ml pode ser alcan\u00e7ada, a m\u00e1quina standard inclui pr\u00e9-aquecedor e secador de cabelo. A m\u00e1quina padr\u00e3o inclui pr\u00e9-aquecedor e m\u00e1quina de moldagem por sopro, compressor de ar e filtros de ar s\u00e3o opcionais.<\/p><\/div>\n\t\t\t\t<\/div>\n\t\t\t\t<\/div>\n\t\t\t\t<div class=\"elementor-element elementor-element-3796fb8c elementor-widget elementor-widget-text-editor\" data-id=\"3796fb8c\" data-element_type=\"widget\" data-widget_type=\"text-editor.default\">\n\t\t\t\t<div class=\"elementor-widget-container\">\n\t\t\t\t\t<div class=\"elementor-text-editor elementor-clearfix\"><p>Esta m\u00e1quina de sopro para garrafas de pl\u00e1stico n\u00e3o requer operadores altamente treinados para produzir garrafas de qualidade consistente. O processo de fabrico de garrafas come\u00e7a com o carregamento das pr\u00e9-formas no pr\u00e9-aquecedor. O processo de fabrico de garrafas come\u00e7a com o carregamento das pr\u00e9-formas no pr\u00e9-aquecedor. O pr\u00e9-aquecedor utiliza uma pista de velocidade vari\u00e1vel que move as pr\u00e9-formas atrav\u00e9s de um t\u00fanel de aquecimento. O t\u00fanel de aquecimento tem elementos de aquecimento especialmente concebidos para uma opera\u00e7\u00e3o de aquecimento consistente com manuten\u00e7\u00e3o m\u00ednima.<\/p><\/div>\n\t\t\t\t<\/div>\n\t\t\t\t<\/div>\n\t\t\t\t<div class=\"elementor-element elementor-element-b58be03 elementor-widget elementor-widget-text-editor\" data-id=\"b58be03\" data-element_type=\"widget\" data-widget_type=\"text-editor.default\">\n\t\t\t\t<div class=\"elementor-widget-container\">\n\t\t\t\t\t<div class=\"elementor-text-editor elementor-clearfix\"><p>Depois de as pr\u00e9-formas terem passado uma vez pelo pr\u00e9-aquecedor, s\u00e3o carregadas manualmente, duas de cada vez, para a m\u00e1quina de sopro. O operador carrega nos dois bot\u00f5es de fecho do molde para fechar o molde, que foi especialmente concebido para um funcionamento seguro. Ap\u00f3s a forma\u00e7\u00e3o das garrafas no ciclo de sopro, estas s\u00e3o retiradas e o ciclo continua. Depois de as garrafas serem formadas no ciclo de sopro, s\u00e3o retiradas e o ciclo continua.<\/p><\/div>\n\t\t\t\t<\/div>\n\t\t\t\t<\/div>\n\t\t\t\t<div class=\"elementor-element elementor-element-7e3019cf elementor-widget elementor-widget-heading\" data-id=\"7e3019cf\" data-element_type=\"widget\" data-widget_type=\"heading.default\">\n\t\t\t\t<div class=\"elementor-widget-container\">\n\t\t\t<h3 class=\"elementor-heading-title elementor-size-default\">Carater\u00edsticas principais<\/h3>\t\t<\/div>\n\t\t\t\t<\/div>\n\t\t\t\t<div class=\"elementor-element elementor-element-57933355 elementor-widget elementor-widget-text-editor\" data-id=\"57933355\" data-element_type=\"widget\" data-widget_type=\"text-editor.default\">\n\t\t\t\t<div class=\"elementor-widget-container\">\n\t\t\t\t\t<div class=\"elementor-text-editor elementor-clearfix\"><p>- Pode funcionar facilmente sem qualquer forma\u00e7\u00e3o especial e opera\u00e7\u00e3o de seguran\u00e7a<br \/>- Cilindro de ar original FESTO<br \/>- Minimize o seu investimento inicial come\u00e7ando com pouco<br \/>- Adicione sistemas adicionais de forma econ\u00f3mica \u00e0 medida que a sua empresa cresce<br \/>- Podem ser produzidas simultaneamente garrafas de diferentes tamanhos para satisfazer as suas necessidades exactas<br \/>- A mudan\u00e7a de um tamanho para outro pode ser efectuada de forma simples e r\u00e1pida<br \/>- Os custos de ferramentas (moldes) s\u00e3o baixos, uma vez que a conce\u00e7\u00e3o do sistema \u00e9 simples<br \/>- Os sistemas podem ser dedicados \u00e0 produ\u00e7\u00e3o de garrafas de tamanhos espec\u00edficos<br \/>- Um curto per\u00edodo de forma\u00e7\u00e3o do operador devido \u00e0 simplicidade da conce\u00e7\u00e3o<br \/>- Os custos de manuten\u00e7\u00e3o s\u00e3o reduzidos ao m\u00ednimo e n\u00e3o \u00e9 necess\u00e1rio pessoal altamente qualificado<br \/>- A opera\u00e7\u00e3o simples n\u00e3o requer operadores altamente treinados<\/p><\/div>\n\t\t\t\t<\/div>\n\t\t\t\t<\/div>\n\t\t\t\t<div class=\"elementor-element elementor-element-1e99e714 elementor-widget elementor-widget-heading\" data-id=\"1e99e714\" data-element_type=\"widget\" data-widget_type=\"heading.default\">\n\t\t\t\t<div class=\"elementor-widget-container\">\n\t\t\t<h3 class=\"elementor-heading-title elementor-size-default\">Especifica\u00e7\u00f5es t\u00e9cnicas<\/h3>\t\t<\/div>\n\t\t\t\t<\/div>\n\t\t\t\t<div class=\"elementor-element elementor-element-5242cb1a elementor-widget elementor-widget-text-editor\" data-id=\"5242cb1a\" data-element_type=\"widget\" data-widget_type=\"text-editor.default\">\n\t\t\t\t<div class=\"elementor-widget-container\">\n\t\t\t\t\t<div class=\"elementor-text-editor elementor-clearfix\"><table width=\"778\"><tbody><tr><td width=\"241\">Modelo\u00a0<\/td><td width=\"220\">HZ-880\u00a0<\/td><td width=\"167\">HZ-880(S)\u00a0<\/td><td width=\"150\">HZ-880(L)<\/td><\/tr><tr><td>Material da pr\u00e9-forma aplic\u00e1vel\u00a0<\/td><td>PET\/PP<\/td><td>PET\/PP<\/td><td>PET\/PP<\/td><\/tr><tr><td>Tamanho da garrafa e n.\u00ba de cavidades<\/td><td>0,05-2,0 L(2-cav); 3-6 L(1-cav)<\/td><td>0,05-2,0 L(cavidade)<\/td><td>3-6 L(2-cavidades)<\/td><\/tr><tr><td>Capacidade de produ\u00e7\u00e3o\u00a0<\/td><td>700-1000 BPH\u00a0<\/td><td>700-1000 BPH\u00a0<\/td><td>600-800 BPH<\/td><\/tr><tr><td>Altura m\u00e1xima da garrafa\u00a0<\/td><td>360 mm\u00a0<\/td><td>360 mm\u00a0<\/td><td>360 mm\u00a0<\/td><\/tr><tr><td>Di\u00e2metro m\u00e1ximo da garrafa\u00a0<\/td><td>180 mm\u00a0<\/td><td>180 mm\u00a0<\/td><td>180 mm\u00a0<\/td><\/tr><tr><td>Dimens\u00e3o m\u00e1xima da placa do molde (CxL)<\/td><td>420 x 500 mm\u00a0<\/td><td>320 x 420 mm\u00a0<\/td><td>450 x 620 mm<\/td><\/tr><tr><td>For\u00e7a de aperto\u00a0<\/td><td>180 KN\u00a0<\/td><td>120 KN\u00a0<\/td><td>220 KN\u00a0<\/td><\/tr><tr><td>Consumo de energia\u00a0<\/td><td>12 kw<\/td><td>12 kw<\/td><td>12 kw<\/td><\/tr><tr><td>Fonte de alimenta\u00e7\u00e3o\u00a0<\/td><td>220~380V\/50~60 HZ\u00a0<\/td><td>220~380V\/50~60HZ<\/td><td>220~380V\/50~60HZ<\/td><\/tr><tr><td>Dimens\u00e3o da m\u00e1quina (C x L x A)\u00a0<\/td><td>1,66 x 0,74 x 2,2 M\u00a0<\/td><td>1,2 x 0,55 x 1,9 M<\/td><td>1,7 x 0,82 x 2,2 M<\/td><\/tr><tr><td>Peso da m\u00e1quina\u00a0<\/td><td>700 kg (aprox.)<\/td><td>500 kg (aprox.)<\/td><td>900 kg (aprox.)<\/td><\/tr><tr><td>Dimens\u00e3o do pr\u00e9-aquecedor (C x L x A)\u00a0<\/td><td>1,46 x 0,71 x 1,58 M\u00a0<\/td><td>1,46 x 0,71 x 1,58 M\u00a0<\/td><td>1,77 x 0,72 x 1,58 M<\/td><\/tr><tr><td>Peso do pr\u00e9-aquecedor\u00a0<\/td><td>300 kgs (aprox.)\u00a0<\/td><td>300 kgs (aprox.)\u00a0<\/td><td>500 kg (aprox.)\u00a0<\/td><\/tr><\/tbody><\/table><\/div>\n\t\t\t\t<\/div>\n\t\t\t\t<\/div>\n\t\t\t\t<div class=\"elementor-element elementor-element-38b7431d elementor-widget elementor-widget-text-editor\" data-id=\"38b7431d\" data-element_type=\"widget\" data-widget_type=\"text-editor.default\">\n\t\t\t\t<div class=\"elementor-widget-container\">\n\t\t\t\t\t<div class=\"elementor-text-editor elementor-clearfix\"><p>\uf013 As especifica\u00e7\u00f5es est\u00e3o sujeitas a altera\u00e7\u00f5es sem aviso pr\u00e9vio. Todos os direitos s\u00e3o reservados.<\/p><\/div>\n\t\t\t\t<\/div>\n\t\t\t\t<\/div>\n\t\t\t\t\t\t<\/div>\n\t\t\t<\/div>\n\t\t<\/div>\n\t\t\t\t<div class=\"elementor-element elementor-element-2053c062 elementor-column elementor-col-50 elementor-top-column\" data-id=\"2053c062\" data-element_type=\"column\">\n\t\t\t<div class=\"elementor-column-wrap  elementor-element-populated\">\n\t\t\t\t\t<div class=\"elementor-widget-wrap\">\n\t\t\t\t<div class=\"elementor-element elementor-element-22222b44 elementor-widget elementor-widget-image\" data-id=\"22222b44\" data-element_type=\"widget\" data-widget_type=\"image.default\">\n\t\t\t\t<div class=\"elementor-widget-container\">\n\t\t\t\t\t<div class=\"elementor-image\">\n\t\t\t\t\t\t\t\t\t\t\t<a href=\"https:\/\/focusonpack.com\/wp-content\/uploads\/2025\/03\/Semi-Automatic-PET-Bottle-Blowing-Machine-logo.png\">\n\t\t\t\t\t\t\t<img loading=\"lazy\" decoding=\"async\" width=\"1041\" height=\"776\" src=\"https:\/\/focusonpack.com\/wp-content\/uploads\/2025\/03\/Semi-Automatic-PET-Bottle-Blowing-Machine.png\" class=\"elementor-animation-grow attachment-full size-full\" alt=\"\" srcset=\"https:\/\/focusonpack.com\/wp-content\/uploads\/2025\/03\/Semi-Automatic-PET-Bottle-Blowing-Machine.png 1041w, https:\/\/focusonpack.com\/wp-content\/uploads\/2025\/03\/Semi-Automatic-PET-Bottle-Blowing-Machine-300x224.png 300w, https:\/\/focusonpack.com\/wp-content\/uploads\/2025\/03\/Semi-Automatic-PET-Bottle-Blowing-Machine-1024x763.png 1024w, https:\/\/focusonpack.com\/wp-content\/uploads\/2025\/03\/Semi-Automatic-PET-Bottle-Blowing-Machine-768x572.png 768w, https:\/\/focusonpack.com\/wp-content\/uploads\/2025\/03\/Semi-Automatic-PET-Bottle-Blowing-Machine-270x200.png 270w, https:\/\/focusonpack.com\/wp-content\/uploads\/2025\/03\/Semi-Automatic-PET-Bottle-Blowing-Machine-600x447.png 600w\" sizes=\"auto, (max-width: 1041px) 100vw, 1041px\" \/>\t\t\t\t\t\t\t\t<\/a>\n\t\t\t\t\t\t\t\t\t\t\t<\/div>\n\t\t\t\t<\/div>\n\t\t\t\t<\/div>\n\t\t\t\t<div class=\"elementor-element elementor-element-46684abb elementor-button-info elementor-align-center elementor-widget elementor-widget-button\" data-id=\"46684abb\" data-element_type=\"widget\" data-widget_type=\"button.default\">\n\t\t\t\t<div class=\"elementor-widget-container\">\n\t\t\t\t\t<div class=\"elementor-button-wrapper\">\n\t\t\t<a href=\"https:\/\/focusonpack.com\/pt\/contactar-nos\/\" class=\"elementor-button-link elementor-button elementor-size-sm\" role=\"button\">\n\t\t\t\t\t\t<span class=\"elementor-button-content-wrapper\">\n\t\t\t\t\t\t<span class=\"elementor-button-text\">Pedir um or\u00e7amento<\/span>\n\t\t<\/span>\n\t\t\t\t\t<\/a>\n\t\t<\/div>\n\t\t\t\t<\/div>\n\t\t\t\t<\/div>\n\t\t\t\t\t\t<\/div>\n\t\t\t<\/div>\n\t\t<\/div>\n\t\t\t\t\t\t<\/div>\n\t\t\t<\/div>\n\t\t<\/section>\n\t\t\t\t\t\t<\/div>\n\t\t\t<\/div>\n\t\t<\/div>","protected":false},"excerpt":{"rendered":"<p>800BPH Semi Automatic PET Blow&hellip;<\/p>","protected":false},"author":1,"featured_media":0,"parent":2571,"menu_order":0,"comment_status":"closed","ping_status":"closed","template":"elementor_header_footer","meta":{"footnotes":""},"class_list":["post-3114","page","type-page","status-publish","hentry","no-thumb"],"yoast_head":"<!-- This site is optimized with the Yoast SEO plugin v24.8.1 - https:\/\/yoast.com\/wordpress\/plugins\/seo\/ -->\n<title>800BPH Semi Automatic PET Blowing Machine - Focus on pack<\/title>\n<meta name=\"robots\" content=\"index, follow, max-snippet:-1, max-image-preview:large, max-video-preview:-1\" \/>\n<link rel=\"canonical\" href=\"https:\/\/focusonpack.com\/pt\/maquina-de-sopro-semi-automatica-para-garrafas-pet\/800bph-maquina-de-sopro-semi-automatica-para-animais-de-estimacao\/\" \/>\n<meta property=\"og:locale\" content=\"pt_PT\" \/>\n<meta property=\"og:type\" content=\"article\" \/>\n<meta property=\"og:title\" content=\"800BPH Semi Automatic PET Blowing Machine - Focus on pack\" \/>\n<meta property=\"og:description\" content=\"800BPH Semi Automatic PET Blow&hellip;\" \/>\n<meta property=\"og:url\" content=\"https:\/\/focusonpack.com\/pt\/maquina-de-sopro-semi-automatica-para-garrafas-pet\/800bph-maquina-de-sopro-semi-automatica-para-animais-de-estimacao\/\" \/>\n<meta property=\"og:site_name\" content=\"Focus on pack\" \/>\n<meta property=\"article:modified_time\" content=\"2025-03-21T09:09:17+00:00\" \/>\n<meta property=\"og:image\" content=\"https:\/\/focusonpack.com\/wp-content\/uploads\/2025\/03\/Semi-Automatic-PET-Bottle-Blowing-Machine.png\" \/>\n<meta name=\"twitter:card\" content=\"summary_large_image\" \/>\n<meta name=\"twitter:label1\" content=\"Est. reading time\" \/>\n\t<meta name=\"twitter:data1\" content=\"3 minutos\" \/>\n<script type=\"application\/ld+json\" class=\"yoast-schema-graph\">{\"@context\":\"https:\/\/schema.org\",\"@graph\":[{\"@type\":\"WebPage\",\"@id\":\"https:\/\/focusonpack.com\/semi-automatic-pet-bottle-blowing-machine\/800bph-semi-automatic-pet-blowing-machine\/\",\"url\":\"https:\/\/focusonpack.com\/semi-automatic-pet-bottle-blowing-machine\/800bph-semi-automatic-pet-blowing-machine\/\",\"name\":\"800BPH Semi Automatic PET Blowing Machine - Focus on pack\",\"isPartOf\":{\"@id\":\"https:\/\/focusonpack.com\/#website\"},\"primaryImageOfPage\":{\"@id\":\"https:\/\/focusonpack.com\/semi-automatic-pet-bottle-blowing-machine\/800bph-semi-automatic-pet-blowing-machine\/#primaryimage\"},\"image\":{\"@id\":\"https:\/\/focusonpack.com\/semi-automatic-pet-bottle-blowing-machine\/800bph-semi-automatic-pet-blowing-machine\/#primaryimage\"},\"thumbnailUrl\":\"https:\/\/focusonpack.com\/wp-content\/uploads\/2025\/03\/Semi-Automatic-PET-Bottle-Blowing-Machine.png\",\"datePublished\":\"2020-05-11T08:16:47+00:00\",\"dateModified\":\"2025-03-21T09:09:17+00:00\",\"breadcrumb\":{\"@id\":\"https:\/\/focusonpack.com\/semi-automatic-pet-bottle-blowing-machine\/800bph-semi-automatic-pet-blowing-machine\/#breadcrumb\"},\"inLanguage\":\"pt-PT\",\"potentialAction\":[{\"@type\":\"ReadAction\",\"target\":[\"https:\/\/focusonpack.com\/semi-automatic-pet-bottle-blowing-machine\/800bph-semi-automatic-pet-blowing-machine\/\"]}]},{\"@type\":\"ImageObject\",\"inLanguage\":\"pt-PT\",\"@id\":\"https:\/\/focusonpack.com\/semi-automatic-pet-bottle-blowing-machine\/800bph-semi-automatic-pet-blowing-machine\/#primaryimage\",\"url\":\"https:\/\/focusonpack.com\/wp-content\/uploads\/2025\/03\/Semi-Automatic-PET-Bottle-Blowing-Machine.png\",\"contentUrl\":\"https:\/\/focusonpack.com\/wp-content\/uploads\/2025\/03\/Semi-Automatic-PET-Bottle-Blowing-Machine.png\"},{\"@type\":\"BreadcrumbList\",\"@id\":\"https:\/\/focusonpack.com\/semi-automatic-pet-bottle-blowing-machine\/800bph-semi-automatic-pet-blowing-machine\/#breadcrumb\",\"itemListElement\":[{\"@type\":\"ListItem\",\"position\":1,\"name\":\"\u9996\u9875\",\"item\":\"https:\/\/focusonpack.com\/\"},{\"@type\":\"ListItem\",\"position\":2,\"name\":\"Semi Automatic PET Bottle Blowing Machine\",\"item\":\"https:\/\/focusonpack.com\/semi-automatic-pet-bottle-blowing-machine\/\"},{\"@type\":\"ListItem\",\"position\":3,\"name\":\"800BPH Semi Automatic PET Blowing Machine\"}]},{\"@type\":\"WebSite\",\"@id\":\"https:\/\/focusonpack.com\/#website\",\"url\":\"https:\/\/focusonpack.com\/\",\"name\":\"Focus on pack\",\"description\":\"\",\"potentialAction\":[{\"@type\":\"SearchAction\",\"target\":{\"@type\":\"EntryPoint\",\"urlTemplate\":\"https:\/\/focusonpack.com\/?s={search_term_string}\"},\"query-input\":{\"@type\":\"PropertyValueSpecification\",\"valueRequired\":true,\"valueName\":\"search_term_string\"}}],\"inLanguage\":\"pt-PT\"}]}<\/script>\n<!-- \/ Yoast SEO plugin. -->","yoast_head_json":{"title":"800BPH Semi Automatic PET Blowing Machine - Focus on pack","robots":{"index":"index","follow":"follow","max-snippet":"max-snippet:-1","max-image-preview":"max-image-preview:large","max-video-preview":"max-video-preview:-1"},"canonical":"https:\/\/focusonpack.com\/pt\/maquina-de-sopro-semi-automatica-para-garrafas-pet\/800bph-maquina-de-sopro-semi-automatica-para-animais-de-estimacao\/","og_locale":"pt_PT","og_type":"article","og_title":"800BPH Semi Automatic PET Blowing Machine - Focus on pack","og_description":"800BPH Semi Automatic PET Blow&hellip;","og_url":"https:\/\/focusonpack.com\/pt\/maquina-de-sopro-semi-automatica-para-garrafas-pet\/800bph-maquina-de-sopro-semi-automatica-para-animais-de-estimacao\/","og_site_name":"Focus on pack","article_modified_time":"2025-03-21T09:09:17+00:00","og_image":[{"url":"https:\/\/focusonpack.com\/wp-content\/uploads\/2025\/03\/Semi-Automatic-PET-Bottle-Blowing-Machine.png","type":"","width":"","height":""}],"twitter_card":"summary_large_image","twitter_misc":{"Est. reading time":"3 minutos"},"schema":{"@context":"https:\/\/schema.org","@graph":[{"@type":"WebPage","@id":"https:\/\/focusonpack.com\/semi-automatic-pet-bottle-blowing-machine\/800bph-semi-automatic-pet-blowing-machine\/","url":"https:\/\/focusonpack.com\/semi-automatic-pet-bottle-blowing-machine\/800bph-semi-automatic-pet-blowing-machine\/","name":"800BPH Semi Automatic PET Blowing Machine - Focus on pack","isPartOf":{"@id":"https:\/\/focusonpack.com\/#website"},"primaryImageOfPage":{"@id":"https:\/\/focusonpack.com\/semi-automatic-pet-bottle-blowing-machine\/800bph-semi-automatic-pet-blowing-machine\/#primaryimage"},"image":{"@id":"https:\/\/focusonpack.com\/semi-automatic-pet-bottle-blowing-machine\/800bph-semi-automatic-pet-blowing-machine\/#primaryimage"},"thumbnailUrl":"https:\/\/focusonpack.com\/wp-content\/uploads\/2025\/03\/Semi-Automatic-PET-Bottle-Blowing-Machine.png","datePublished":"2020-05-11T08:16:47+00:00","dateModified":"2025-03-21T09:09:17+00:00","breadcrumb":{"@id":"https:\/\/focusonpack.com\/semi-automatic-pet-bottle-blowing-machine\/800bph-semi-automatic-pet-blowing-machine\/#breadcrumb"},"inLanguage":"pt-PT","potentialAction":[{"@type":"ReadAction","target":["https:\/\/focusonpack.com\/semi-automatic-pet-bottle-blowing-machine\/800bph-semi-automatic-pet-blowing-machine\/"]}]},{"@type":"ImageObject","inLanguage":"pt-PT","@id":"https:\/\/focusonpack.com\/semi-automatic-pet-bottle-blowing-machine\/800bph-semi-automatic-pet-blowing-machine\/#primaryimage","url":"https:\/\/focusonpack.com\/wp-content\/uploads\/2025\/03\/Semi-Automatic-PET-Bottle-Blowing-Machine.png","contentUrl":"https:\/\/focusonpack.com\/wp-content\/uploads\/2025\/03\/Semi-Automatic-PET-Bottle-Blowing-Machine.png"},{"@type":"BreadcrumbList","@id":"https:\/\/focusonpack.com\/semi-automatic-pet-bottle-blowing-machine\/800bph-semi-automatic-pet-blowing-machine\/#breadcrumb","itemListElement":[{"@type":"ListItem","position":1,"name":"\u9996\u9875","item":"https:\/\/focusonpack.com\/"},{"@type":"ListItem","position":2,"name":"Semi Automatic PET Bottle Blowing Machine","item":"https:\/\/focusonpack.com\/semi-automatic-pet-bottle-blowing-machine\/"},{"@type":"ListItem","position":3,"name":"800BPH Semi Automatic PET Blowing Machine"}]},{"@type":"WebSite","@id":"https:\/\/focusonpack.com\/#website","url":"https:\/\/focusonpack.com\/","name":"Focus on pack","description":"","potentialAction":[{"@type":"SearchAction","target":{"@type":"EntryPoint","urlTemplate":"https:\/\/focusonpack.com\/?s={search_term_string}"},"query-input":{"@type":"PropertyValueSpecification","valueRequired":true,"valueName":"search_term_string"}}],"inLanguage":"pt-PT"}]}},"_links":{"self":[{"href":"https:\/\/focusonpack.com\/pt\/wp-json\/wp\/v2\/pages\/3114","targetHints":{"allow":["GET"]}}],"collection":[{"href":"https:\/\/focusonpack.com\/pt\/wp-json\/wp\/v2\/pages"}],"about":[{"href":"https:\/\/focusonpack.com\/pt\/wp-json\/wp\/v2\/types\/page"}],"author":[{"embeddable":true,"href":"https:\/\/focusonpack.com\/pt\/wp-json\/wp\/v2\/users\/1"}],"replies":[{"embeddable":true,"href":"https:\/\/focusonpack.com\/pt\/wp-json\/wp\/v2\/comments?post=3114"}],"version-history":[{"count":13,"href":"https:\/\/focusonpack.com\/pt\/wp-json\/wp\/v2\/pages\/3114\/revisions"}],"predecessor-version":[{"id":4552,"href":"https:\/\/focusonpack.com\/pt\/wp-json\/wp\/v2\/pages\/3114\/revisions\/4552"}],"up":[{"embeddable":true,"href":"https:\/\/focusonpack.com\/pt\/wp-json\/wp\/v2\/pages\/2571"}],"wp:attachment":[{"href":"https:\/\/focusonpack.com\/pt\/wp-json\/wp\/v2\/media?parent=3114"}],"curies":[{"name":"wp","href":"https:\/\/api.w.org\/{rel}","templated":true}]}}