{"id":3116,"date":"2020-05-11T16:16:38","date_gmt":"2020-05-11T08:16:38","guid":{"rendered":"https:\/\/focusonpack.com\/?page_id=3116"},"modified":"2025-03-27T16:06:46","modified_gmt":"2025-03-27T08:06:46","slug":"2500bph-3-cavity-stretch-blow-molding-machine","status":"publish","type":"page","link":"https:\/\/focusonpack.com\/pt\/maquina-de-moldagem-por-sopro-totalmente-automatica-para-animais-de-estimacao\/maquina-de-moldagem-por-sopro-com-estiramento-de-3-cavidades-2500bph\/","title":{"rendered":"M\u00e1quina de moldagem por sopro com estiramento de 3 cavidades 2500BPH"},"content":{"rendered":"<div data-elementor-type=\"wp-page\" data-elementor-id=\"3116\" class=\"elementor elementor-3116\" data-elementor-settings=\"[]\">\n\t\t\t<div class=\"elementor-inner\">\n\t\t\t\t<div class=\"elementor-section-wrap\">\n\t\t\t\t\t\t\t<section class=\"elementor-element elementor-element-4ff3f592 elementor-section-boxed elementor-section-height-default elementor-section-height-default elementor-section elementor-top-section\" data-id=\"4ff3f592\" data-element_type=\"section\">\n\t\t\t\t\t\t<div class=\"elementor-container elementor-column-gap-default\">\n\t\t\t\t<div class=\"elementor-row\">\n\t\t\t\t<div class=\"elementor-element elementor-element-5d2db6f8 elementor-column elementor-col-50 elementor-top-column\" data-id=\"5d2db6f8\" data-element_type=\"column\">\n\t\t\t<div class=\"elementor-column-wrap  elementor-element-populated\">\n\t\t\t\t\t<div class=\"elementor-widget-wrap\">\n\t\t\t\t<div class=\"elementor-element elementor-element-11eecfdb elementor-invisible elementor-widget elementor-widget-heading\" data-id=\"11eecfdb\" data-element_type=\"widget\" data-settings=\"{&quot;_animation&quot;:&quot;fadeIn&quot;}\" data-widget_type=\"heading.default\">\n\t\t\t\t<div class=\"elementor-widget-container\">\n\t\t\t<h3 class=\"elementor-heading-title elementor-size-default\">M\u00e1quina de moldagem por sopro com estiramento de 3 cavidades 2500BPH<\/h3>\t\t<\/div>\n\t\t\t\t<\/div>\n\t\t\t\t<div class=\"elementor-element elementor-element-69419785 elementor-widget elementor-widget-text-editor\" data-id=\"69419785\" data-element_type=\"widget\" data-widget_type=\"text-editor.default\">\n\t\t\t\t<div class=\"elementor-widget-container\">\n\t\t\t\t\t<div class=\"elementor-text-editor elementor-clearfix\"><p>Esta m\u00e1quina de moldagem por sopro e estiramento \u00e9 uma m\u00e1quina de moldagem por sopro e estiramento PET totalmente autom\u00e1tica, especialmente concebida pela nossa empresa. O processo de fabrica\u00e7\u00e3o de garrafas \u00e9 feito de forma totalmente autom\u00e1tica, eliminando trabalhos dispendiosos e reduzindo o custo do consumo de energia. \u00c9 o melhor parceiro da linha de enchimento de \u00e1gua engarrafada com capacidade de 2000 a 3000 garrafas por hora. \u00c9 o melhor parceiro da linha de enchimento de \u00e1gua engarrafada com capacidade de 2000 a 3000 garrafas por hora. Em compara\u00e7\u00e3o com a m\u00e1quina de moldagem por sopro PET semi-autom\u00e1tica, o custo de 3 trabalhadores ser\u00e1 poupado e o consumo de energia ser\u00e1 Pode produzir garrafas de at\u00e9 1,50 litros com capacidade de 2500 garrafas por hora, o que \u00e9 3 vezes maior do que a m\u00e1quina de sopro PET semi-autom\u00e1tica e o custo da m\u00e1quina \u00e9 menor. O custo da m\u00e1quina de sopro e da m\u00e1quina \u00e9 inferior a 3 vezes.<\/p><\/div>\n\t\t\t\t<\/div>\n\t\t\t\t<\/div>\n\t\t\t\t<div class=\"elementor-element elementor-element-7d86153b elementor-widget elementor-widget-text-editor\" data-id=\"7d86153b\" data-element_type=\"widget\" data-widget_type=\"text-editor.default\">\n\t\t\t\t<div class=\"elementor-widget-container\">\n\t\t\t\t\t<div class=\"elementor-text-editor elementor-clearfix\"><p>A m\u00e1quina autom\u00e1tica de moldagem por sopro de garrafas de pl\u00e1stico come\u00e7a quando as pr\u00e9-formas s\u00e3o carregadas na tremonha de capacidade extra grande e f\u00e1cil de carregar. As pr\u00e9-formas s\u00e3o ent\u00e3o alinhadas e carregadas numa calha, onde s\u00e3o alimentadas por gravidade nos suportes das pr\u00e9-formas. As pr\u00e9-formas s\u00e3o ent\u00e3o alinhadas e carregadas numa calha, onde s\u00e3o alimentadas por gravidade nos suportes de pr\u00e9-formas. As pr\u00e9-formas passam pelos t\u00faneis de aquecimento, onde s\u00e3o aquecidas at\u00e9 \u00e0 temperatura ideal de sopro antes de entrarem nos moldes. A partir dos aquecedores, as pr\u00e9-formas s\u00e3o carregadas nos moldes concebidos \u00e0 medida, onde s\u00e3o sopradas quatro garrafas de cada vez. Um refrigerador de l\u00edquidos pressurizado mant\u00e9m a temperatura do molde num intervalo controlado para garantir que as pr\u00e9-formas n\u00e3o s\u00e3o sopradas para dentro do molde. Um refrigerador de l\u00edquido pressurizado mant\u00e9m a temperatura do molde num intervalo controlado para garantir que s\u00e3o sopradas garrafas de alta qualidade de forma consistente. As garrafas sopradas s\u00e3o ejectadas automaticamente para o transportador de sa\u00edda.<\/p><\/div>\n\t\t\t\t<\/div>\n\t\t\t\t<\/div>\n\t\t\t\t<div class=\"elementor-element elementor-element-22ee6f7d elementor-invisible elementor-widget elementor-widget-heading\" data-id=\"22ee6f7d\" data-element_type=\"widget\" data-settings=\"{&quot;_animation&quot;:&quot;fadeIn&quot;}\" data-widget_type=\"heading.default\">\n\t\t\t\t<div class=\"elementor-widget-container\">\n\t\t\t<h3 class=\"elementor-heading-title elementor-size-default\">Carater\u00edsticas principais<\/h3>\t\t<\/div>\n\t\t\t\t<\/div>\n\t\t\t\t<div class=\"elementor-element elementor-element-118c5cec elementor-widget elementor-widget-text-editor\" data-id=\"118c5cec\" data-element_type=\"widget\" data-widget_type=\"text-editor.default\">\n\t\t\t\t<div class=\"elementor-widget-container\">\n\t\t\t\t\t<div class=\"elementor-text-editor elementor-clearfix\"><p>- S\u00e3o utilizadas pe\u00e7as de constru\u00e7\u00e3o pesada e de marca<\/p>\n<p>- O design compacto minimiza a ocupa\u00e7\u00e3o de espa\u00e7o<\/p>\n<p>- Faz as suas pr\u00f3prias garrafas quando precisa delas, minimizando o armazenamento do invent\u00e1rio e a entrega do fornecedor<\/p>\n<p>- problemas problemas<\/p>\n<p>- Produz at\u00e9 2500 garrafas por hora<\/p>\n<p>- Manuseamento de pr\u00e9-formas de v\u00e1rias dimens\u00f5es e formas<\/p>\n<p>- Produz garrafas at\u00e9 1500 ml<\/p>\n<p>- Os moldes f\u00e1ceis de mudar reduzem o tempo de paragem para diferentes tamanhos de recipientes<\/p>\n<p>- Controlos de ecr\u00e3 t\u00e1til PLC f\u00e1ceis de utilizar&nbsp;<\/p><\/div>\n\t\t\t\t<\/div>\n\t\t\t\t<\/div>\n\t\t\t\t<div class=\"elementor-element elementor-element-27ba0c58 elementor-invisible elementor-widget elementor-widget-heading\" data-id=\"27ba0c58\" data-element_type=\"widget\" data-settings=\"{&quot;_animation&quot;:&quot;fadeIn&quot;}\" data-widget_type=\"heading.default\">\n\t\t\t\t<div class=\"elementor-widget-container\">\n\t\t\t<h3 class=\"elementor-heading-title elementor-size-default\">Especifica\u00e7\u00f5es t\u00e9cnicas<\/h3>\t\t<\/div>\n\t\t\t\t<\/div>\n\t\t\t\t<div class=\"elementor-element elementor-element-4f5ced88 elementor-widget elementor-widget-text-editor\" data-id=\"4f5ced88\" data-element_type=\"widget\" data-widget_type=\"text-editor.default\">\n\t\t\t\t<div class=\"elementor-widget-container\">\n\t\t\t\t\t<div class=\"elementor-text-editor elementor-clearfix\"><table width=\"720\">\n<tbody>\n<tr>\n<td width=\"241\">Modelo<\/td>\n<td width=\"235\">HZ-880B<\/td>\n<\/tr>\n<tr>\n<td>N.\u00ba de cavidades<\/td>\n<td>3 Cavidades<\/td>\n<\/tr>\n<tr>\n<td>Material da pr\u00e9-forma aplic\u00e1vel<\/td>\n<td>PET<\/td>\n<\/tr>\n<tr>\n<td>Tamanho da garrafa<\/td>\n<td>50-1500ml<\/td>\n<\/tr>\n<tr>\n<td>Capacidade de produ\u00e7\u00e3o<\/td>\n<td>2500-2800 BPH<\/td>\n<\/tr>\n<tr>\n<td>Consumo de energia<\/td>\n<td>15 kw<\/td>\n<\/tr>\n<tr>\n<td>Fonte de alimenta\u00e7\u00e3o<\/td>\n<td>220~380V\/50~60 HZ<\/td>\n<\/tr>\n<tr>\n<td>Dimens\u00e3o da m\u00e1quina (C x L x A)<\/td>\n<td>2,0 x 0,85 x 2,2 M<\/td>\n<\/tr>\n<tr>\n<td>Peso da m\u00e1quina<\/td>\n<td>1200kgs (aprox.)<\/td>\n<\/tr>\n<tr>\n<td>Dimens\u00e3o do pr\u00e9-aquecedor (C x L x A)<\/td>\n<td>1.5&#215;0.85&#215;2.2<\/td>\n<\/tr>\n<tr>\n<td>Peso do pr\u00e9-aquecedor<\/td>\n<td>500 kg (aprox.)<\/td>\n<\/tr>\n<\/tbody>\n<\/table><\/div>\n\t\t\t\t<\/div>\n\t\t\t\t<\/div>\n\t\t\t\t<div class=\"elementor-element elementor-element-44e065c2 elementor-widget elementor-widget-text-editor\" data-id=\"44e065c2\" data-element_type=\"widget\" data-widget_type=\"text-editor.default\">\n\t\t\t\t<div class=\"elementor-widget-container\">\n\t\t\t\t\t<div class=\"elementor-text-editor elementor-clearfix\"><p>\u00a0<\/p><p>* As especifica\u00e7\u00f5es est\u00e3o sujeitas a altera\u00e7\u00f5es sem aviso pr\u00e9vio, Todos os direitos reservados.<\/p><\/div>\n\t\t\t\t<\/div>\n\t\t\t\t<\/div>\n\t\t\t\t\t\t<\/div>\n\t\t\t<\/div>\n\t\t<\/div>\n\t\t\t\t<div class=\"elementor-element elementor-element-3da44b55 elementor-column elementor-col-50 elementor-top-column\" data-id=\"3da44b55\" data-element_type=\"column\">\n\t\t\t<div class=\"elementor-column-wrap  elementor-element-populated\">\n\t\t\t\t\t<div class=\"elementor-widget-wrap\">\n\t\t\t\t<div class=\"elementor-element elementor-element-28bab307 elementor-widget elementor-widget-image\" data-id=\"28bab307\" data-element_type=\"widget\" data-widget_type=\"image.default\">\n\t\t\t\t<div class=\"elementor-widget-container\">\n\t\t\t\t\t<div class=\"elementor-image\">\n\t\t\t\t\t\t\t\t\t\t\t<a href=\"https:\/\/focusonpack.com\/wp-content\/uploads\/2025\/03\/2500BPH-3-Cavity-Stretch-Blow-Molding-Machine-logo.png\">\n\t\t\t\t\t\t\t<img loading=\"lazy\" decoding=\"async\" width=\"963\" height=\"711\" src=\"https:\/\/focusonpack.com\/wp-content\/uploads\/2025\/03\/2500BPH-3-Cavity-Stretch-Blow-Molding-Machine.png\" class=\"elementor-animation-grow attachment-full size-full\" alt=\"\" srcset=\"https:\/\/focusonpack.com\/wp-content\/uploads\/2025\/03\/2500BPH-3-Cavity-Stretch-Blow-Molding-Machine.png 963w, https:\/\/focusonpack.com\/wp-content\/uploads\/2025\/03\/2500BPH-3-Cavity-Stretch-Blow-Molding-Machine-300x221.png 300w, https:\/\/focusonpack.com\/wp-content\/uploads\/2025\/03\/2500BPH-3-Cavity-Stretch-Blow-Molding-Machine-768x567.png 768w, https:\/\/focusonpack.com\/wp-content\/uploads\/2025\/03\/2500BPH-3-Cavity-Stretch-Blow-Molding-Machine-270x200.png 270w, https:\/\/focusonpack.com\/wp-content\/uploads\/2025\/03\/2500BPH-3-Cavity-Stretch-Blow-Molding-Machine-600x443.png 600w\" sizes=\"auto, (max-width: 963px) 100vw, 963px\" \/>\t\t\t\t\t\t\t\t<\/a>\n\t\t\t\t\t\t\t\t\t\t\t<\/div>\n\t\t\t\t<\/div>\n\t\t\t\t<\/div>\n\t\t\t\t<div class=\"elementor-element elementor-element-4098539b elementor-button-info elementor-align-center elementor-widget elementor-widget-button\" data-id=\"4098539b\" data-element_type=\"widget\" data-widget_type=\"button.default\">\n\t\t\t\t<div class=\"elementor-widget-container\">\n\t\t\t\t\t<div class=\"elementor-button-wrapper\">\n\t\t\t<a href=\"https:\/\/focusonpack.com\/pt\/contactar-nos\/\" class=\"elementor-button-link elementor-button elementor-size-sm\" role=\"button\">\n\t\t\t\t\t\t<span class=\"elementor-button-content-wrapper\">\n\t\t\t\t\t\t<span class=\"elementor-button-text\">Pedir um or\u00e7amento<\/span>\n\t\t<\/span>\n\t\t\t\t\t<\/a>\n\t\t<\/div>\n\t\t\t\t<\/div>\n\t\t\t\t<\/div>\n\t\t\t\t\t\t<\/div>\n\t\t\t<\/div>\n\t\t<\/div>\n\t\t\t\t\t\t<\/div>\n\t\t\t<\/div>\n\t\t<\/section>\n\t\t\t\t\t\t<\/div>\n\t\t\t<\/div>\n\t\t<\/div>","protected":false},"excerpt":{"rendered":"<p>2500BPH 3 Cavity Stretch Blow &hellip;<\/p>","protected":false},"author":1,"featured_media":0,"parent":2570,"menu_order":0,"comment_status":"closed","ping_status":"closed","template":"elementor_header_footer","meta":{"footnotes":""},"class_list":["post-3116","page","type-page","status-publish","hentry","no-thumb"],"yoast_head":"<!-- This site is optimized with the Yoast SEO plugin v24.8.1 - https:\/\/yoast.com\/wordpress\/plugins\/seo\/ -->\n<title>2500BPH 3 Cavity Stretch Blow Molding Machine - Focus on pack<\/title>\n<meta name=\"robots\" content=\"index, follow, max-snippet:-1, max-image-preview:large, max-video-preview:-1\" \/>\n<link rel=\"canonical\" href=\"https:\/\/focusonpack.com\/pt\/maquina-de-moldagem-por-sopro-totalmente-automatica-para-animais-de-estimacao\/maquina-de-moldagem-por-sopro-com-estiramento-de-3-cavidades-2500bph\/\" \/>\n<meta property=\"og:locale\" content=\"pt_PT\" \/>\n<meta property=\"og:type\" content=\"article\" \/>\n<meta property=\"og:title\" content=\"2500BPH 3 Cavity Stretch Blow Molding Machine - Focus on pack\" \/>\n<meta property=\"og:description\" content=\"2500BPH 3 Cavity Stretch Blow &hellip;\" \/>\n<meta property=\"og:url\" content=\"https:\/\/focusonpack.com\/pt\/maquina-de-moldagem-por-sopro-totalmente-automatica-para-animais-de-estimacao\/maquina-de-moldagem-por-sopro-com-estiramento-de-3-cavidades-2500bph\/\" \/>\n<meta property=\"og:site_name\" content=\"Focus on pack\" \/>\n<meta property=\"article:modified_time\" content=\"2025-03-27T08:06:46+00:00\" \/>\n<meta property=\"og:image\" content=\"https:\/\/focusonpack.com\/wp-content\/uploads\/2025\/03\/2500BPH-3-Cavity-Stretch-Blow-Molding-Machine.png\" \/>\n<meta name=\"twitter:card\" content=\"summary_large_image\" \/>\n<meta name=\"twitter:label1\" content=\"Est. reading time\" \/>\n\t<meta name=\"twitter:data1\" content=\"2 minutos\" \/>\n<script type=\"application\/ld+json\" class=\"yoast-schema-graph\">{\"@context\":\"https:\/\/schema.org\",\"@graph\":[{\"@type\":\"WebPage\",\"@id\":\"https:\/\/focusonpack.com\/fully-automatic-pet-stretch-blow-molding-machine\/2500bph-3-cavity-stretch-blow-molding-machine\/\",\"url\":\"https:\/\/focusonpack.com\/fully-automatic-pet-stretch-blow-molding-machine\/2500bph-3-cavity-stretch-blow-molding-machine\/\",\"name\":\"2500BPH 3 Cavity Stretch Blow Molding Machine - Focus on pack\",\"isPartOf\":{\"@id\":\"https:\/\/focusonpack.com\/#website\"},\"primaryImageOfPage\":{\"@id\":\"https:\/\/focusonpack.com\/fully-automatic-pet-stretch-blow-molding-machine\/2500bph-3-cavity-stretch-blow-molding-machine\/#primaryimage\"},\"image\":{\"@id\":\"https:\/\/focusonpack.com\/fully-automatic-pet-stretch-blow-molding-machine\/2500bph-3-cavity-stretch-blow-molding-machine\/#primaryimage\"},\"thumbnailUrl\":\"https:\/\/focusonpack.com\/wp-content\/uploads\/2025\/03\/2500BPH-3-Cavity-Stretch-Blow-Molding-Machine.png\",\"datePublished\":\"2020-05-11T08:16:38+00:00\",\"dateModified\":\"2025-03-27T08:06:46+00:00\",\"breadcrumb\":{\"@id\":\"https:\/\/focusonpack.com\/fully-automatic-pet-stretch-blow-molding-machine\/2500bph-3-cavity-stretch-blow-molding-machine\/#breadcrumb\"},\"inLanguage\":\"pt-PT\",\"potentialAction\":[{\"@type\":\"ReadAction\",\"target\":[\"https:\/\/focusonpack.com\/fully-automatic-pet-stretch-blow-molding-machine\/2500bph-3-cavity-stretch-blow-molding-machine\/\"]}]},{\"@type\":\"ImageObject\",\"inLanguage\":\"pt-PT\",\"@id\":\"https:\/\/focusonpack.com\/fully-automatic-pet-stretch-blow-molding-machine\/2500bph-3-cavity-stretch-blow-molding-machine\/#primaryimage\",\"url\":\"https:\/\/focusonpack.com\/wp-content\/uploads\/2025\/03\/2500BPH-3-Cavity-Stretch-Blow-Molding-Machine.png\",\"contentUrl\":\"https:\/\/focusonpack.com\/wp-content\/uploads\/2025\/03\/2500BPH-3-Cavity-Stretch-Blow-Molding-Machine.png\"},{\"@type\":\"BreadcrumbList\",\"@id\":\"https:\/\/focusonpack.com\/fully-automatic-pet-stretch-blow-molding-machine\/2500bph-3-cavity-stretch-blow-molding-machine\/#breadcrumb\",\"itemListElement\":[{\"@type\":\"ListItem\",\"position\":1,\"name\":\"\u9996\u9875\",\"item\":\"https:\/\/focusonpack.com\/\"},{\"@type\":\"ListItem\",\"position\":2,\"name\":\"Fully Automatic PET Stretch Blow Molding Machine\",\"item\":\"https:\/\/focusonpack.com\/fully-automatic-pet-stretch-blow-molding-machine\/\"},{\"@type\":\"ListItem\",\"position\":3,\"name\":\"2500BPH 3 Cavity Stretch Blow Molding Machine\"}]},{\"@type\":\"WebSite\",\"@id\":\"https:\/\/focusonpack.com\/#website\",\"url\":\"https:\/\/focusonpack.com\/\",\"name\":\"Focus on pack\",\"description\":\"\",\"potentialAction\":[{\"@type\":\"SearchAction\",\"target\":{\"@type\":\"EntryPoint\",\"urlTemplate\":\"https:\/\/focusonpack.com\/?s={search_term_string}\"},\"query-input\":{\"@type\":\"PropertyValueSpecification\",\"valueRequired\":true,\"valueName\":\"search_term_string\"}}],\"inLanguage\":\"pt-PT\"}]}<\/script>\n<!-- \/ Yoast SEO plugin. -->","yoast_head_json":{"title":"2500BPH 3 Cavity Stretch Blow Molding Machine - Focus on pack","robots":{"index":"index","follow":"follow","max-snippet":"max-snippet:-1","max-image-preview":"max-image-preview:large","max-video-preview":"max-video-preview:-1"},"canonical":"https:\/\/focusonpack.com\/pt\/maquina-de-moldagem-por-sopro-totalmente-automatica-para-animais-de-estimacao\/maquina-de-moldagem-por-sopro-com-estiramento-de-3-cavidades-2500bph\/","og_locale":"pt_PT","og_type":"article","og_title":"2500BPH 3 Cavity Stretch Blow Molding Machine - Focus on pack","og_description":"2500BPH 3 Cavity Stretch Blow &hellip;","og_url":"https:\/\/focusonpack.com\/pt\/maquina-de-moldagem-por-sopro-totalmente-automatica-para-animais-de-estimacao\/maquina-de-moldagem-por-sopro-com-estiramento-de-3-cavidades-2500bph\/","og_site_name":"Focus on pack","article_modified_time":"2025-03-27T08:06:46+00:00","og_image":[{"url":"https:\/\/focusonpack.com\/wp-content\/uploads\/2025\/03\/2500BPH-3-Cavity-Stretch-Blow-Molding-Machine.png","type":"","width":"","height":""}],"twitter_card":"summary_large_image","twitter_misc":{"Est. reading time":"2 minutos"},"schema":{"@context":"https:\/\/schema.org","@graph":[{"@type":"WebPage","@id":"https:\/\/focusonpack.com\/fully-automatic-pet-stretch-blow-molding-machine\/2500bph-3-cavity-stretch-blow-molding-machine\/","url":"https:\/\/focusonpack.com\/fully-automatic-pet-stretch-blow-molding-machine\/2500bph-3-cavity-stretch-blow-molding-machine\/","name":"2500BPH 3 Cavity Stretch Blow Molding Machine - Focus on pack","isPartOf":{"@id":"https:\/\/focusonpack.com\/#website"},"primaryImageOfPage":{"@id":"https:\/\/focusonpack.com\/fully-automatic-pet-stretch-blow-molding-machine\/2500bph-3-cavity-stretch-blow-molding-machine\/#primaryimage"},"image":{"@id":"https:\/\/focusonpack.com\/fully-automatic-pet-stretch-blow-molding-machine\/2500bph-3-cavity-stretch-blow-molding-machine\/#primaryimage"},"thumbnailUrl":"https:\/\/focusonpack.com\/wp-content\/uploads\/2025\/03\/2500BPH-3-Cavity-Stretch-Blow-Molding-Machine.png","datePublished":"2020-05-11T08:16:38+00:00","dateModified":"2025-03-27T08:06:46+00:00","breadcrumb":{"@id":"https:\/\/focusonpack.com\/fully-automatic-pet-stretch-blow-molding-machine\/2500bph-3-cavity-stretch-blow-molding-machine\/#breadcrumb"},"inLanguage":"pt-PT","potentialAction":[{"@type":"ReadAction","target":["https:\/\/focusonpack.com\/fully-automatic-pet-stretch-blow-molding-machine\/2500bph-3-cavity-stretch-blow-molding-machine\/"]}]},{"@type":"ImageObject","inLanguage":"pt-PT","@id":"https:\/\/focusonpack.com\/fully-automatic-pet-stretch-blow-molding-machine\/2500bph-3-cavity-stretch-blow-molding-machine\/#primaryimage","url":"https:\/\/focusonpack.com\/wp-content\/uploads\/2025\/03\/2500BPH-3-Cavity-Stretch-Blow-Molding-Machine.png","contentUrl":"https:\/\/focusonpack.com\/wp-content\/uploads\/2025\/03\/2500BPH-3-Cavity-Stretch-Blow-Molding-Machine.png"},{"@type":"BreadcrumbList","@id":"https:\/\/focusonpack.com\/fully-automatic-pet-stretch-blow-molding-machine\/2500bph-3-cavity-stretch-blow-molding-machine\/#breadcrumb","itemListElement":[{"@type":"ListItem","position":1,"name":"\u9996\u9875","item":"https:\/\/focusonpack.com\/"},{"@type":"ListItem","position":2,"name":"Fully Automatic PET Stretch Blow Molding Machine","item":"https:\/\/focusonpack.com\/fully-automatic-pet-stretch-blow-molding-machine\/"},{"@type":"ListItem","position":3,"name":"2500BPH 3 Cavity Stretch Blow Molding Machine"}]},{"@type":"WebSite","@id":"https:\/\/focusonpack.com\/#website","url":"https:\/\/focusonpack.com\/","name":"Focus on pack","description":"","potentialAction":[{"@type":"SearchAction","target":{"@type":"EntryPoint","urlTemplate":"https:\/\/focusonpack.com\/?s={search_term_string}"},"query-input":{"@type":"PropertyValueSpecification","valueRequired":true,"valueName":"search_term_string"}}],"inLanguage":"pt-PT"}]}},"_links":{"self":[{"href":"https:\/\/focusonpack.com\/pt\/wp-json\/wp\/v2\/pages\/3116","targetHints":{"allow":["GET"]}}],"collection":[{"href":"https:\/\/focusonpack.com\/pt\/wp-json\/wp\/v2\/pages"}],"about":[{"href":"https:\/\/focusonpack.com\/pt\/wp-json\/wp\/v2\/types\/page"}],"author":[{"embeddable":true,"href":"https:\/\/focusonpack.com\/pt\/wp-json\/wp\/v2\/users\/1"}],"replies":[{"embeddable":true,"href":"https:\/\/focusonpack.com\/pt\/wp-json\/wp\/v2\/comments?post=3116"}],"version-history":[{"count":18,"href":"https:\/\/focusonpack.com\/pt\/wp-json\/wp\/v2\/pages\/3116\/revisions"}],"predecessor-version":[{"id":4598,"href":"https:\/\/focusonpack.com\/pt\/wp-json\/wp\/v2\/pages\/3116\/revisions\/4598"}],"up":[{"embeddable":true,"href":"https:\/\/focusonpack.com\/pt\/wp-json\/wp\/v2\/pages\/2570"}],"wp:attachment":[{"href":"https:\/\/focusonpack.com\/pt\/wp-json\/wp\/v2\/media?parent=3116"}],"curies":[{"name":"wp","href":"https:\/\/api.w.org\/{rel}","templated":true}]}}