{"id":3117,"date":"2020-05-11T16:16:45","date_gmt":"2020-05-11T08:16:45","guid":{"rendered":"https:\/\/focusonpack.com\/?page_id=3117"},"modified":"2025-03-27T16:06:02","modified_gmt":"2025-03-27T08:06:02","slug":"5-gallon-bottle-blow-molding-machine","status":"publish","type":"page","link":"https:\/\/focusonpack.com\/pt\/maquina-de-sopro-semi-automatica-para-garrafas-pet\/5-gallon-bottle-blow-molding-machine\/","title":{"rendered":"M\u00e1quina de sopro para garrafas de 5 gal\u00f5es"},"content":{"rendered":"<div data-elementor-type=\"wp-page\" data-elementor-id=\"3117\" class=\"elementor elementor-3117\" data-elementor-settings=\"[]\">\n\t\t\t<div class=\"elementor-inner\">\n\t\t\t\t<div class=\"elementor-section-wrap\">\n\t\t\t\t\t\t\t<section class=\"elementor-element elementor-element-537926f2 elementor-section-boxed elementor-section-height-default elementor-section-height-default elementor-section elementor-top-section\" data-id=\"537926f2\" data-element_type=\"section\">\n\t\t\t\t\t\t<div class=\"elementor-container elementor-column-gap-default\">\n\t\t\t\t<div class=\"elementor-row\">\n\t\t\t\t<div class=\"elementor-element elementor-element-279f83cb elementor-column elementor-col-50 elementor-top-column\" data-id=\"279f83cb\" data-element_type=\"column\">\n\t\t\t<div class=\"elementor-column-wrap  elementor-element-populated\">\n\t\t\t\t\t<div class=\"elementor-widget-wrap\">\n\t\t\t\t<div class=\"elementor-element elementor-element-26afbfad elementor-widget elementor-widget-heading\" data-id=\"26afbfad\" data-element_type=\"widget\" data-widget_type=\"heading.default\">\n\t\t\t\t<div class=\"elementor-widget-container\">\n\t\t\t<h3 class=\"elementor-heading-title elementor-size-default\">M\u00e1quina de sopro para garrafas de 5 gal\u00f5es<\/h3>\t\t<\/div>\n\t\t\t\t<\/div>\n\t\t\t\t<div class=\"elementor-element elementor-element-730b14f7 elementor-widget elementor-widget-text-editor\" data-id=\"730b14f7\" data-element_type=\"widget\" data-widget_type=\"text-editor.default\">\n\t\t\t\t<div class=\"elementor-widget-container\">\n\t\t\t\t\t<div class=\"elementor-text-editor elementor-clearfix\"><p>A m\u00e1quina de moldagem por sopro para garrafas de 5 gal\u00f5es \u00e9 ideal para f\u00e1bricas de engarrafamento que procuram fabricar garrafas PET no local, reduzindo os custos e poupando espa\u00e7o de armazenamento. Foi concebida para garrafas de 3 gal\u00f5es, 5 gal\u00f5es e outras garrafas de boca larga, podendo atingir uma velocidade de 75 garrafas por hora. A m\u00e1quina \u00e9 fabricada com uma estrutura tubular resistente, unidades de reaquecimento por infravermelhos para obter um aquecimento uniforme em toda a parede da pr\u00e9-forma. estrutura tubular, unidades de reaquecimento por infravermelhos para obter um aquecimento uniforme em toda a parede da pr\u00e9-forma, sistema de aquecimento de pr\u00e9-forma especialmente concebido para garantir o sistema de aquecimento de pr\u00e9-formas especialmente concebido para garantir um efeito de aquecimento \u00f3timo para pr\u00e9-formas espessas, sistema de arrefecimento por ventoinha especialmente concebido nos canais de aquecimento para manter o forno a uma temperatura constante e temperatura constante e assegurar que a pr\u00e9-forma pode ser aquecida completamente, controlo por microprocessador para facilitar a configura\u00e7\u00e3o, f\u00e1cil de operar sem forma\u00e7\u00e3o especial, manuten\u00e7\u00e3o de baixo custo .<\/p><\/div>\n\t\t\t\t<\/div>\n\t\t\t\t<\/div>\n\t\t\t\t<div class=\"elementor-element elementor-element-4a466898 elementor-widget elementor-widget-text-editor\" data-id=\"4a466898\" data-element_type=\"widget\" data-widget_type=\"text-editor.default\">\n\t\t\t\t<div class=\"elementor-widget-container\">\n\t\t\t\t\t<div class=\"elementor-text-editor elementor-clearfix\"><p>5 gallon bottle stretch blow molding machine works a simple principle. The stretch blow molding process startsb by loading preforms into the preheater. The preheater uses a variable speed track that moves the preforms through a heating tunnel. The heat tunnel has specially designed heating elements for a consistent heating operation with minimal maintenance.<\/p><\/div>\n\t\t\t\t<\/div>\n\t\t\t\t<\/div>\n\t\t\t\t<div class=\"elementor-element elementor-element-eb5882e elementor-widget elementor-widget-text-editor\" data-id=\"eb5882e\" data-element_type=\"widget\" data-widget_type=\"text-editor.default\">\n\t\t\t\t<div class=\"elementor-widget-container\">\n\t\t\t\t\t<div class=\"elementor-text-editor elementor-clearfix\"><p>When the preforms have made one trip through the preheater, they are manually loaded one at a time into the blow molder. Operator presses the two mould close buttons to close the mould which is specially designed for safety operation. After the bottle is formed in the blowing cycle, they are removed and the cycle continues.<\/p><\/div>\n\t\t\t\t<\/div>\n\t\t\t\t<\/div>\n\t\t\t\t<div class=\"elementor-element elementor-element-3b463f12 elementor-widget elementor-widget-heading\" data-id=\"3b463f12\" data-element_type=\"widget\" data-widget_type=\"heading.default\">\n\t\t\t\t<div class=\"elementor-widget-container\">\n\t\t\t<h3 class=\"elementor-heading-title elementor-size-default\">Carater\u00edsticas principais<\/h3>\t\t<\/div>\n\t\t\t\t<\/div>\n\t\t\t\t<div class=\"elementor-element elementor-element-6b014191 elementor-widget elementor-widget-text-editor\" data-id=\"6b014191\" data-element_type=\"widget\" data-widget_type=\"text-editor.default\">\n\t\t\t\t<div class=\"elementor-widget-container\">\n\t\t\t\t\t<div class=\"elementor-text-editor elementor-clearfix\"><p>\u2022 Reduce transportation cost When shipping empties, you get 2100 bottles in a 20 feet container,<br \/>compared to 15,000 preforms<br \/>\u2022 Tighter inventory control, make your own bottles when you need them, minimizing inventory<br \/>storage and vendor deliva problems<br \/>\u2022 Microprocessor controls blow molding process for precision heat control, speed<br \/>\u2022 Built primarily of coated steel; easy to clean and maintain<br \/>\u2022 Easy to use. One operator. (Approximately 30-40 sec. between emerging heated preforms, to allow<br \/>operator to blow bottle and return for the next one.<br \/>\u2022 Environmentally friendly; PET bottles are easily crushed and recycled<\/p><\/div>\n\t\t\t\t<\/div>\n\t\t\t\t<\/div>\n\t\t\t\t<div class=\"elementor-element elementor-element-25a5e095 elementor-widget elementor-widget-heading\" data-id=\"25a5e095\" data-element_type=\"widget\" data-widget_type=\"heading.default\">\n\t\t\t\t<div class=\"elementor-widget-container\">\n\t\t\t<h3 class=\"elementor-heading-title elementor-size-default\">Accessories<\/h3>\t\t<\/div>\n\t\t\t\t<\/div>\n\t\t\t\t<div class=\"elementor-element elementor-element-142a9521 elementor-widget elementor-widget-text-editor\" data-id=\"142a9521\" data-element_type=\"widget\" data-widget_type=\"text-editor.default\">\n\t\t\t\t<div class=\"elementor-widget-container\">\n\t\t\t\t\t<div class=\"elementor-text-editor elementor-clearfix\"><p>\u2022 Infeed air conveyor with Blower<\/p><p>\u2022 Outfeed conveyor with tabletop slat chain<\/p><p>\u2022 Automatic cap elevator\/feeder<\/p><\/div>\n\t\t\t\t<\/div>\n\t\t\t\t<\/div>\n\t\t\t\t<div class=\"elementor-element elementor-element-4fd81f3e elementor-widget elementor-widget-heading\" data-id=\"4fd81f3e\" data-element_type=\"widget\" data-widget_type=\"heading.default\">\n\t\t\t\t<div class=\"elementor-widget-container\">\n\t\t\t<h3 class=\"elementor-heading-title elementor-size-default\">Especifica\u00e7\u00f5es t\u00e9cnicas<\/h3>\t\t<\/div>\n\t\t\t\t<\/div>\n\t\t\t\t<div class=\"elementor-element elementor-element-66bf8138 elementor-widget elementor-widget-text-editor\" data-id=\"66bf8138\" data-element_type=\"widget\" data-widget_type=\"text-editor.default\">\n\t\t\t\t<div class=\"elementor-widget-container\">\n\t\t\t\t\t<div class=\"elementor-text-editor elementor-clearfix\"><table width=\"735\">\n<tbody>\n<tr>\n<td width=\"241\">Modelo<\/td>\n<td width=\"235\">HZ-90<\/td>\n<\/tr>\n<tr>\n<td>N.\u00ba de cavidades<\/td>\n<td>1<\/td>\n<\/tr>\n<tr>\n<td>Material da pr\u00e9-forma aplic\u00e1vel<\/td>\n<td>PET\/PAMM<\/td>\n<\/tr>\n<tr>\n<td>Tamanho da garrafa<\/td>\n<td>10-25 L<\/td>\n<\/tr>\n<tr>\n<td>Capacidade de produ\u00e7\u00e3o<\/td>\n<td>75-90 BPH<\/td>\n<\/tr>\n<tr>\n<td>Altura m\u00e1xima da garrafa<\/td>\n<td>450 mm<\/td>\n<\/tr>\n<tr>\n<td>Di\u00e2metro m\u00e1ximo da garrafa<\/td>\n<td>350 mm<\/td>\n<\/tr>\n<tr>\n<td>Dimens\u00e3o m\u00e1xima da placa do molde (CxL)<\/td>\n<td>520&#215;600 mm<\/td>\n<\/tr>\n<tr>\n<td>Max Mould thickness<\/td>\n<td>400 mm<\/td>\n<\/tr>\n<tr>\n<td>For\u00e7a de aperto<\/td>\n<td>300 KN<\/td>\n<\/tr>\n<tr>\n<td>Consumo de energia<\/td>\n<td>30 kw<\/td>\n<\/tr>\n<tr>\n<td>Fonte de alimenta\u00e7\u00e3o<\/td>\n<td>220~380V\/50~60 HZ<\/td>\n<\/tr>\n<tr>\n<td>Dimens\u00e3o da m\u00e1quina (C x L x A)<\/td>\n<td>2.05&#215;0.95&#215;2.14 M<\/td>\n<\/tr>\n<tr>\n<td>Peso da m\u00e1quina<\/td>\n<td>1500kgs (approx)<\/td>\n<\/tr>\n<tr>\n<td>Dimens\u00e3o do pr\u00e9-aquecedor (C x L x A)<\/td>\n<td>\u00a02.65&#215;0.78&#215;1.85<\/td>\n<\/tr>\n<tr>\n<td>Peso do pr\u00e9-aquecedor<\/td>\n<td>500 kg (aprox.)<\/td>\n<\/tr>\n<\/tbody>\n<\/table><\/div>\n\t\t\t\t<\/div>\n\t\t\t\t<\/div>\n\t\t\t\t<div class=\"elementor-element elementor-element-2485a4ad elementor-widget elementor-widget-text-editor\" data-id=\"2485a4ad\" data-element_type=\"widget\" data-widget_type=\"text-editor.default\">\n\t\t\t\t<div class=\"elementor-widget-container\">\n\t\t\t\t\t<div class=\"elementor-text-editor elementor-clearfix\"><p>\u00a0<\/p><p>* As especifica\u00e7\u00f5es est\u00e3o sujeitas a altera\u00e7\u00f5es sem aviso pr\u00e9vio, Todos os direitos reservados.<\/p><\/div>\n\t\t\t\t<\/div>\n\t\t\t\t<\/div>\n\t\t\t\t\t\t<\/div>\n\t\t\t<\/div>\n\t\t<\/div>\n\t\t\t\t<div class=\"elementor-element elementor-element-22ec4483 elementor-column elementor-col-50 elementor-top-column\" data-id=\"22ec4483\" data-element_type=\"column\">\n\t\t\t<div class=\"elementor-column-wrap  elementor-element-populated\">\n\t\t\t\t\t<div class=\"elementor-widget-wrap\">\n\t\t\t\t<div class=\"elementor-element elementor-element-d2e84b7 elementor-widget elementor-widget-spacer\" data-id=\"d2e84b7\" data-element_type=\"widget\" data-widget_type=\"spacer.default\">\n\t\t\t\t<div class=\"elementor-widget-container\">\n\t\t\t\t\t<div class=\"elementor-spacer\">\n\t\t\t<div class=\"elementor-spacer-inner\"><\/div>\n\t\t<\/div>\n\t\t\t\t<\/div>\n\t\t\t\t<\/div>\n\t\t\t\t<div class=\"elementor-element elementor-element-7efbcbe4 elementor-widget elementor-widget-image\" data-id=\"7efbcbe4\" data-element_type=\"widget\" data-widget_type=\"image.default\">\n\t\t\t\t<div class=\"elementor-widget-container\">\n\t\t\t\t\t<div class=\"elementor-image\">\n\t\t\t\t\t\t\t\t\t\t\t<a href=\"https:\/\/focusonpack.com\/wp-content\/uploads\/2025\/03\/5-Gallon-Bottle-Blow-Molding-Machine-logo-1.png\">\n\t\t\t\t\t\t\t<img loading=\"lazy\" decoding=\"async\" width=\"1082\" height=\"781\" src=\"https:\/\/focusonpack.com\/wp-content\/uploads\/2025\/03\/5-Gallon-Bottle-Blow-Molding-Machine.png\" class=\"elementor-animation-grow attachment-full size-full\" alt=\"\" srcset=\"https:\/\/focusonpack.com\/wp-content\/uploads\/2025\/03\/5-Gallon-Bottle-Blow-Molding-Machine.png 1082w, https:\/\/focusonpack.com\/wp-content\/uploads\/2025\/03\/5-Gallon-Bottle-Blow-Molding-Machine-300x217.png 300w, https:\/\/focusonpack.com\/wp-content\/uploads\/2025\/03\/5-Gallon-Bottle-Blow-Molding-Machine-1024x739.png 1024w, https:\/\/focusonpack.com\/wp-content\/uploads\/2025\/03\/5-Gallon-Bottle-Blow-Molding-Machine-768x554.png 768w, https:\/\/focusonpack.com\/wp-content\/uploads\/2025\/03\/5-Gallon-Bottle-Blow-Molding-Machine-600x433.png 600w\" sizes=\"auto, (max-width: 1082px) 100vw, 1082px\" \/>\t\t\t\t\t\t\t\t<\/a>\n\t\t\t\t\t\t\t\t\t\t\t<\/div>\n\t\t\t\t<\/div>\n\t\t\t\t<\/div>\n\t\t\t\t<div class=\"elementor-element elementor-element-8442959 elementor-button-info elementor-align-center elementor-widget elementor-widget-button\" data-id=\"8442959\" data-element_type=\"widget\" data-widget_type=\"button.default\">\n\t\t\t\t<div class=\"elementor-widget-container\">\n\t\t\t\t\t<div class=\"elementor-button-wrapper\">\n\t\t\t<a href=\"https:\/\/focusonpack.com\/pt\/contactar-nos\/\" class=\"elementor-button-link elementor-button elementor-size-sm\" role=\"button\">\n\t\t\t\t\t\t<span class=\"elementor-button-content-wrapper\">\n\t\t\t\t\t\t<span class=\"elementor-button-text\">Pedir um or\u00e7amento<\/span>\n\t\t<\/span>\n\t\t\t\t\t<\/a>\n\t\t<\/div>\n\t\t\t\t<\/div>\n\t\t\t\t<\/div>\n\t\t\t\t\t\t<\/div>\n\t\t\t<\/div>\n\t\t<\/div>\n\t\t\t\t\t\t<\/div>\n\t\t\t<\/div>\n\t\t<\/section>\n\t\t\t\t\t\t<\/div>\n\t\t\t<\/div>\n\t\t<\/div>","protected":false},"excerpt":{"rendered":"<p>5 Gallon Bottle Blow Molding M&hellip;<\/p>","protected":false},"author":1,"featured_media":0,"parent":2571,"menu_order":0,"comment_status":"closed","ping_status":"closed","template":"elementor_header_footer","meta":{"footnotes":""},"class_list":["post-3117","page","type-page","status-publish","hentry","no-thumb"],"yoast_head":"<!-- This site is optimized with the Yoast SEO plugin v24.8.1 - https:\/\/yoast.com\/wordpress\/plugins\/seo\/ -->\n<title>5 Gallon Bottle Blow Molding Machine - Focus on pack<\/title>\n<meta name=\"robots\" content=\"index, follow, max-snippet:-1, max-image-preview:large, max-video-preview:-1\" \/>\n<link rel=\"canonical\" href=\"https:\/\/focusonpack.com\/pt\/maquina-de-sopro-semi-automatica-para-garrafas-pet\/5-gallon-bottle-blow-molding-machine\/\" \/>\n<meta property=\"og:locale\" content=\"pt_PT\" \/>\n<meta property=\"og:type\" content=\"article\" \/>\n<meta property=\"og:title\" content=\"5 Gallon Bottle Blow Molding Machine - Focus on pack\" \/>\n<meta property=\"og:description\" content=\"5 Gallon Bottle Blow Molding M&hellip;\" \/>\n<meta property=\"og:url\" content=\"https:\/\/focusonpack.com\/pt\/maquina-de-sopro-semi-automatica-para-garrafas-pet\/5-gallon-bottle-blow-molding-machine\/\" \/>\n<meta property=\"og:site_name\" content=\"Focus on pack\" \/>\n<meta property=\"article:modified_time\" content=\"2025-03-27T08:06:02+00:00\" \/>\n<meta property=\"og:image\" content=\"https:\/\/focusonpack.com\/wp-content\/uploads\/2025\/03\/5-Gallon-Bottle-Blow-Molding-Machine.png\" \/>\n<meta name=\"twitter:card\" content=\"summary_large_image\" \/>\n<meta name=\"twitter:label1\" content=\"Est. reading time\" \/>\n\t<meta name=\"twitter:data1\" content=\"3 minutos\" \/>\n<script type=\"application\/ld+json\" class=\"yoast-schema-graph\">{\"@context\":\"https:\/\/schema.org\",\"@graph\":[{\"@type\":\"WebPage\",\"@id\":\"https:\/\/focusonpack.com\/semi-automatic-pet-bottle-blowing-machine\/5-gallon-bottle-blow-molding-machine\/\",\"url\":\"https:\/\/focusonpack.com\/semi-automatic-pet-bottle-blowing-machine\/5-gallon-bottle-blow-molding-machine\/\",\"name\":\"5 Gallon Bottle Blow Molding Machine - Focus on pack\",\"isPartOf\":{\"@id\":\"https:\/\/focusonpack.com\/#website\"},\"primaryImageOfPage\":{\"@id\":\"https:\/\/focusonpack.com\/semi-automatic-pet-bottle-blowing-machine\/5-gallon-bottle-blow-molding-machine\/#primaryimage\"},\"image\":{\"@id\":\"https:\/\/focusonpack.com\/semi-automatic-pet-bottle-blowing-machine\/5-gallon-bottle-blow-molding-machine\/#primaryimage\"},\"thumbnailUrl\":\"https:\/\/focusonpack.com\/wp-content\/uploads\/2025\/03\/5-Gallon-Bottle-Blow-Molding-Machine.png\",\"datePublished\":\"2020-05-11T08:16:45+00:00\",\"dateModified\":\"2025-03-27T08:06:02+00:00\",\"breadcrumb\":{\"@id\":\"https:\/\/focusonpack.com\/semi-automatic-pet-bottle-blowing-machine\/5-gallon-bottle-blow-molding-machine\/#breadcrumb\"},\"inLanguage\":\"pt-PT\",\"potentialAction\":[{\"@type\":\"ReadAction\",\"target\":[\"https:\/\/focusonpack.com\/semi-automatic-pet-bottle-blowing-machine\/5-gallon-bottle-blow-molding-machine\/\"]}]},{\"@type\":\"ImageObject\",\"inLanguage\":\"pt-PT\",\"@id\":\"https:\/\/focusonpack.com\/semi-automatic-pet-bottle-blowing-machine\/5-gallon-bottle-blow-molding-machine\/#primaryimage\",\"url\":\"https:\/\/focusonpack.com\/wp-content\/uploads\/2025\/03\/5-Gallon-Bottle-Blow-Molding-Machine.png\",\"contentUrl\":\"https:\/\/focusonpack.com\/wp-content\/uploads\/2025\/03\/5-Gallon-Bottle-Blow-Molding-Machine.png\"},{\"@type\":\"BreadcrumbList\",\"@id\":\"https:\/\/focusonpack.com\/semi-automatic-pet-bottle-blowing-machine\/5-gallon-bottle-blow-molding-machine\/#breadcrumb\",\"itemListElement\":[{\"@type\":\"ListItem\",\"position\":1,\"name\":\"\u9996\u9875\",\"item\":\"https:\/\/focusonpack.com\/\"},{\"@type\":\"ListItem\",\"position\":2,\"name\":\"Semi Automatic PET Bottle Blowing Machine\",\"item\":\"https:\/\/focusonpack.com\/semi-automatic-pet-bottle-blowing-machine\/\"},{\"@type\":\"ListItem\",\"position\":3,\"name\":\"5 Gallon Bottle Blow Molding Machine\"}]},{\"@type\":\"WebSite\",\"@id\":\"https:\/\/focusonpack.com\/#website\",\"url\":\"https:\/\/focusonpack.com\/\",\"name\":\"Focus on pack\",\"description\":\"water processing line,package machine, filling machine\",\"potentialAction\":[{\"@type\":\"SearchAction\",\"target\":{\"@type\":\"EntryPoint\",\"urlTemplate\":\"https:\/\/focusonpack.com\/?s={search_term_string}\"},\"query-input\":{\"@type\":\"PropertyValueSpecification\",\"valueRequired\":true,\"valueName\":\"search_term_string\"}}],\"inLanguage\":\"pt-PT\"}]}<\/script>\n<!-- \/ Yoast SEO plugin. -->","yoast_head_json":{"title":"5 Gallon Bottle Blow Molding Machine - Focus on pack","robots":{"index":"index","follow":"follow","max-snippet":"max-snippet:-1","max-image-preview":"max-image-preview:large","max-video-preview":"max-video-preview:-1"},"canonical":"https:\/\/focusonpack.com\/pt\/maquina-de-sopro-semi-automatica-para-garrafas-pet\/5-gallon-bottle-blow-molding-machine\/","og_locale":"pt_PT","og_type":"article","og_title":"5 Gallon Bottle Blow Molding Machine - Focus on pack","og_description":"5 Gallon Bottle Blow Molding M&hellip;","og_url":"https:\/\/focusonpack.com\/pt\/maquina-de-sopro-semi-automatica-para-garrafas-pet\/5-gallon-bottle-blow-molding-machine\/","og_site_name":"Focus on pack","article_modified_time":"2025-03-27T08:06:02+00:00","og_image":[{"url":"https:\/\/focusonpack.com\/wp-content\/uploads\/2025\/03\/5-Gallon-Bottle-Blow-Molding-Machine.png","type":"","width":"","height":""}],"twitter_card":"summary_large_image","twitter_misc":{"Est. reading time":"3 minutos"},"schema":{"@context":"https:\/\/schema.org","@graph":[{"@type":"WebPage","@id":"https:\/\/focusonpack.com\/semi-automatic-pet-bottle-blowing-machine\/5-gallon-bottle-blow-molding-machine\/","url":"https:\/\/focusonpack.com\/semi-automatic-pet-bottle-blowing-machine\/5-gallon-bottle-blow-molding-machine\/","name":"5 Gallon Bottle Blow Molding Machine - Focus on pack","isPartOf":{"@id":"https:\/\/focusonpack.com\/#website"},"primaryImageOfPage":{"@id":"https:\/\/focusonpack.com\/semi-automatic-pet-bottle-blowing-machine\/5-gallon-bottle-blow-molding-machine\/#primaryimage"},"image":{"@id":"https:\/\/focusonpack.com\/semi-automatic-pet-bottle-blowing-machine\/5-gallon-bottle-blow-molding-machine\/#primaryimage"},"thumbnailUrl":"https:\/\/focusonpack.com\/wp-content\/uploads\/2025\/03\/5-Gallon-Bottle-Blow-Molding-Machine.png","datePublished":"2020-05-11T08:16:45+00:00","dateModified":"2025-03-27T08:06:02+00:00","breadcrumb":{"@id":"https:\/\/focusonpack.com\/semi-automatic-pet-bottle-blowing-machine\/5-gallon-bottle-blow-molding-machine\/#breadcrumb"},"inLanguage":"pt-PT","potentialAction":[{"@type":"ReadAction","target":["https:\/\/focusonpack.com\/semi-automatic-pet-bottle-blowing-machine\/5-gallon-bottle-blow-molding-machine\/"]}]},{"@type":"ImageObject","inLanguage":"pt-PT","@id":"https:\/\/focusonpack.com\/semi-automatic-pet-bottle-blowing-machine\/5-gallon-bottle-blow-molding-machine\/#primaryimage","url":"https:\/\/focusonpack.com\/wp-content\/uploads\/2025\/03\/5-Gallon-Bottle-Blow-Molding-Machine.png","contentUrl":"https:\/\/focusonpack.com\/wp-content\/uploads\/2025\/03\/5-Gallon-Bottle-Blow-Molding-Machine.png"},{"@type":"BreadcrumbList","@id":"https:\/\/focusonpack.com\/semi-automatic-pet-bottle-blowing-machine\/5-gallon-bottle-blow-molding-machine\/#breadcrumb","itemListElement":[{"@type":"ListItem","position":1,"name":"\u9996\u9875","item":"https:\/\/focusonpack.com\/"},{"@type":"ListItem","position":2,"name":"Semi Automatic PET Bottle Blowing Machine","item":"https:\/\/focusonpack.com\/semi-automatic-pet-bottle-blowing-machine\/"},{"@type":"ListItem","position":3,"name":"5 Gallon Bottle Blow Molding Machine"}]},{"@type":"WebSite","@id":"https:\/\/focusonpack.com\/#website","url":"https:\/\/focusonpack.com\/","name":"Focus on pack","description":"water processing line,package machine, filling machine","potentialAction":[{"@type":"SearchAction","target":{"@type":"EntryPoint","urlTemplate":"https:\/\/focusonpack.com\/?s={search_term_string}"},"query-input":{"@type":"PropertyValueSpecification","valueRequired":true,"valueName":"search_term_string"}}],"inLanguage":"pt-PT"}]}},"_links":{"self":[{"href":"https:\/\/focusonpack.com\/pt\/wp-json\/wp\/v2\/pages\/3117","targetHints":{"allow":["GET"]}}],"collection":[{"href":"https:\/\/focusonpack.com\/pt\/wp-json\/wp\/v2\/pages"}],"about":[{"href":"https:\/\/focusonpack.com\/pt\/wp-json\/wp\/v2\/types\/page"}],"author":[{"embeddable":true,"href":"https:\/\/focusonpack.com\/pt\/wp-json\/wp\/v2\/users\/1"}],"replies":[{"embeddable":true,"href":"https:\/\/focusonpack.com\/pt\/wp-json\/wp\/v2\/comments?post=3117"}],"version-history":[{"count":14,"href":"https:\/\/focusonpack.com\/pt\/wp-json\/wp\/v2\/pages\/3117\/revisions"}],"predecessor-version":[{"id":4597,"href":"https:\/\/focusonpack.com\/pt\/wp-json\/wp\/v2\/pages\/3117\/revisions\/4597"}],"up":[{"embeddable":true,"href":"https:\/\/focusonpack.com\/pt\/wp-json\/wp\/v2\/pages\/2571"}],"wp:attachment":[{"href":"https:\/\/focusonpack.com\/pt\/wp-json\/wp\/v2\/media?parent=3117"}],"curies":[{"name":"wp","href":"https:\/\/api.w.org\/{rel}","templated":true}]}}