{"id":3118,"date":"2020-05-11T16:16:45","date_gmt":"2020-05-11T08:16:45","guid":{"rendered":"https:\/\/focusonpack.com\/?page_id=3118"},"modified":"2025-03-27T16:05:07","modified_gmt":"2025-03-27T08:05:07","slug":"1500bph-semi-automatic-pet-blowing-machine","status":"publish","type":"page","link":"https:\/\/focusonpack.com\/pt\/maquina-de-sopro-semi-automatica-para-garrafas-pet\/1500bph-semi-automatic-pet-blowing-machine\/","title":{"rendered":"M\u00e1quina Sopradora de PET Semi-Autom\u00e1tica 1500BPH"},"content":{"rendered":"<div data-elementor-type=\"wp-page\" data-elementor-id=\"3118\" class=\"elementor elementor-3118\" data-elementor-settings=\"[]\">\n\t\t\t<div class=\"elementor-inner\">\n\t\t\t\t<div class=\"elementor-section-wrap\">\n\t\t\t\t\t\t\t<section class=\"elementor-element elementor-element-2913fc7a elementor-section-boxed elementor-section-height-default elementor-section-height-default elementor-section elementor-top-section\" data-id=\"2913fc7a\" data-element_type=\"section\">\n\t\t\t\t\t\t<div class=\"elementor-container elementor-column-gap-default\">\n\t\t\t\t<div class=\"elementor-row\">\n\t\t\t\t<div class=\"elementor-element elementor-element-1cf96641 elementor-column elementor-col-50 elementor-top-column\" data-id=\"1cf96641\" data-element_type=\"column\">\n\t\t\t<div class=\"elementor-column-wrap  elementor-element-populated\">\n\t\t\t\t\t<div class=\"elementor-widget-wrap\">\n\t\t\t\t<div class=\"elementor-element elementor-element-bbd8a5f elementor-widget elementor-widget-heading\" data-id=\"bbd8a5f\" data-element_type=\"widget\" data-widget_type=\"heading.default\">\n\t\t\t\t<div class=\"elementor-widget-container\">\n\t\t\t<h3 class=\"elementor-heading-title elementor-size-default\">M\u00e1quina Sopradora de PET Semi-Autom\u00e1tica 1500BPH<\/h3>\t\t<\/div>\n\t\t\t\t<\/div>\n\t\t\t\t<div class=\"elementor-element elementor-element-4e1b105d elementor-widget elementor-widget-text-editor\" data-id=\"4e1b105d\" data-element_type=\"widget\" data-widget_type=\"text-editor.default\">\n\t\t\t\t<div class=\"elementor-widget-container\">\n\t\t\t\t\t<div class=\"elementor-text-editor elementor-clearfix\"><p>Esta m\u00e1quina de moldagem por sopro semi-autom\u00e1tica que vem com 1 pe\u00e7a de pr\u00e9-aquecedor de pr\u00e9-formas e 2 pe\u00e7as de moldadores de sopro \u00e9 desenvolvida com base na vers\u00e3o padr\u00e3o Esta m\u00e1quina de moldagem por sopro semi-autom\u00e1tica que vem com 1 pr\u00e9-aquecedor de pr\u00e9-formas e 2 sopradores \u00e9 desenvolvida com base na vers\u00e3o padr\u00e3o com 1 pr\u00e9-aquecedor de pr\u00e9-formas e 1 soprador. Dois operadores podem soprar garrafas ao mesmo tempo, o que permite produzir duas garrafas de tamanhos diferentes. A velocidade de 1500 garrafas por hora pode ser alcan\u00e7ada. tem a capacidade de produzir uma variedade de tamanhos e formas de garrafas PET de gargalo estreito ou largo que variam de 50ml a 5000ml, que s\u00e3o amplamente utilizados na ind\u00fastria de \u00e1gua engarrafada. Utilizada na ind\u00fastria de \u00e1gua engarrafada, sumo, refrigerante, \u00f3leo comest\u00edvel, cosm\u00e9ticos, cuidados pessoais, produtos farmac\u00eauticos, etc. As carater\u00edsticas s\u00e3o design compacto, alta efici\u00eancia, economia de consumo de energia As carater\u00edsticas s\u00e3o: design compacto, alta efici\u00eancia, economia de consumo de energia, economia de custos de m\u00e3o de obra, baixo pre\u00e7o, f\u00e1cil manuten\u00e7\u00e3o, configura\u00e7\u00e3o do microprocessador, f\u00e1cil de operar sem \u00c9 uma solu\u00e7\u00e3o ideal para fabricantes de garrafas e bebidas em pequena escala e em fase de arranque.<\/p><\/div>\n\t\t\t\t<\/div>\n\t\t\t\t<\/div>\n\t\t\t\t<div class=\"elementor-element elementor-element-3b4a44b1 elementor-widget elementor-widget-heading\" data-id=\"3b4a44b1\" data-element_type=\"widget\" data-widget_type=\"heading.default\">\n\t\t\t\t<div class=\"elementor-widget-container\">\n\t\t\t<h3 class=\"elementor-heading-title elementor-size-default\">Carater\u00edsticas principais<\/h3>\t\t<\/div>\n\t\t\t\t<\/div>\n\t\t\t\t<div class=\"elementor-element elementor-element-7c231944 elementor-widget elementor-widget-text-editor\" data-id=\"7c231944\" data-element_type=\"widget\" data-widget_type=\"text-editor.default\">\n\t\t\t\t<div class=\"elementor-widget-container\">\n\t\t\t\t\t<div class=\"elementor-text-editor elementor-clearfix\"><p>\u2022 Heavy duty tubular frame construction<br \/>\u2022 Compact design minimizes footprint<br \/>\u2022 Specially designed preheater helps to save power<br \/>\u2022 Easy to operate without any special training<br \/>- Cilindro de ar original FESTO<br \/>\u2022 Quality lamp ensures uniform heating for PET preforms<br \/>\u2022 Heating tubes are adjustable up and down, forward and backward to suite various preform sizes and shapes.<br \/>\u2022 Equipped with special designed air storage unit<br \/>\u2022 Temperature is easily set in microprocessor and independently<br \/>\u2022 Heating zones is adjustable to meet production variations.<\/p><\/div>\n\t\t\t\t<\/div>\n\t\t\t\t<\/div>\n\t\t\t\t<div class=\"elementor-element elementor-element-4603f93a elementor-widget elementor-widget-heading\" data-id=\"4603f93a\" data-element_type=\"widget\" data-widget_type=\"heading.default\">\n\t\t\t\t<div class=\"elementor-widget-container\">\n\t\t\t<h3 class=\"elementor-heading-title elementor-size-default\">Especifica\u00e7\u00f5es t\u00e9cnicas<\/h3>\t\t<\/div>\n\t\t\t\t<\/div>\n\t\t\t\t<div class=\"elementor-element elementor-element-6da17007 elementor-widget elementor-widget-text-editor\" data-id=\"6da17007\" data-element_type=\"widget\" data-widget_type=\"text-editor.default\">\n\t\t\t\t<div class=\"elementor-widget-container\">\n\t\t\t\t\t<div class=\"elementor-text-editor elementor-clearfix\"><table width=\"760\">\n<tbody>\n<tr>\n<td width=\"241\">Modelo<\/td>\n<td width=\"235\">HZ-551<\/td>\n<\/tr>\n<tr>\n<td>Material da pr\u00e9-forma aplic\u00e1vel<\/td>\n<td>PET\/PP<\/td>\n<\/tr>\n<tr>\n<td>Tamanho da garrafa e n.\u00ba de cavidades<\/td>\n<td>0.05-2.5(4-cavity);3-6(1-cavity)<\/td>\n<\/tr>\n<tr>\n<td>Capacidade de produ\u00e7\u00e3o<\/td>\n<td>1400-2000BPH<\/td>\n<\/tr>\n<tr>\n<td>Altura m\u00e1xima da garrafa<\/td>\n<td>360 mm<\/td>\n<\/tr>\n<tr>\n<td>Di\u00e2metro m\u00e1ximo da garrafa<\/td>\n<td>180 mm<\/td>\n<\/tr>\n<tr>\n<td>Dimens\u00e3o m\u00e1xima da placa do molde (CxL)<\/td>\n<td>420 x 500 mm<\/td>\n<\/tr>\n<tr>\n<td>For\u00e7a de aperto<\/td>\n<td>180 KN<\/td>\n<\/tr>\n<tr>\n<td>Consumo de energia<\/td>\n<td>24 kw<\/td>\n<\/tr>\n<tr>\n<td>Fonte de alimenta\u00e7\u00e3o<\/td>\n<td>220~380V\/50~60 HZ<\/td>\n<\/tr>\n<tr>\n<td>Dimens\u00e3o da m\u00e1quina (C x L x A)<\/td>\n<td>1,66 x 0,74 x 2,2 M<\/td>\n<\/tr>\n<tr>\n<td>Peso da m\u00e1quina<\/td>\n<td>700 kg (aprox.)<\/td>\n<\/tr>\n<tr>\n<td>Dimens\u00e3o do pr\u00e9-aquecedor (C x L x A)<\/td>\n<td>1.77&#215;0.72&#215;1.58<\/td>\n<\/tr>\n<tr>\n<td>Peso do pr\u00e9-aquecedor<\/td>\n<td>500 kg (aprox.)<\/td>\n<\/tr>\n<\/tbody>\n<\/table><\/div>\n\t\t\t\t<\/div>\n\t\t\t\t<\/div>\n\t\t\t\t<div class=\"elementor-element elementor-element-6ec3278e elementor-widget elementor-widget-text-editor\" data-id=\"6ec3278e\" data-element_type=\"widget\" data-widget_type=\"text-editor.default\">\n\t\t\t\t<div class=\"elementor-widget-container\">\n\t\t\t\t\t<div class=\"elementor-text-editor elementor-clearfix\"><p>\u00a0<\/p><p>* As especifica\u00e7\u00f5es est\u00e3o sujeitas a altera\u00e7\u00f5es sem aviso pr\u00e9vio, Todos os direitos reservados.<\/p><\/div>\n\t\t\t\t<\/div>\n\t\t\t\t<\/div>\n\t\t\t\t\t\t<\/div>\n\t\t\t<\/div>\n\t\t<\/div>\n\t\t\t\t<div class=\"elementor-element elementor-element-7e6f49c4 elementor-column elementor-col-50 elementor-top-column\" data-id=\"7e6f49c4\" data-element_type=\"column\">\n\t\t\t<div class=\"elementor-column-wrap  elementor-element-populated\">\n\t\t\t\t\t<div class=\"elementor-widget-wrap\">\n\t\t\t\t<div class=\"elementor-element elementor-element-2d4634f7 elementor-widget elementor-widget-image\" data-id=\"2d4634f7\" data-element_type=\"widget\" data-widget_type=\"image.default\">\n\t\t\t\t<div class=\"elementor-widget-container\">\n\t\t\t\t\t<div class=\"elementor-image\">\n\t\t\t\t\t\t\t\t\t\t\t<a href=\"https:\/\/focusonpack.com\/wp-content\/uploads\/2025\/03\/1500BPH-Semi-Automatic-PET-Blowing-Machine-logo.png\">\n\t\t\t\t\t\t\t<img loading=\"lazy\" decoding=\"async\" width=\"1065\" height=\"791\" src=\"https:\/\/focusonpack.com\/wp-content\/uploads\/2025\/03\/1500BPH-Semi-Automatic-PET-Blowing-Machine.png\" class=\"elementor-animation-grow attachment-full size-full\" alt=\"\" srcset=\"https:\/\/focusonpack.com\/wp-content\/uploads\/2025\/03\/1500BPH-Semi-Automatic-PET-Blowing-Machine.png 1065w, https:\/\/focusonpack.com\/wp-content\/uploads\/2025\/03\/1500BPH-Semi-Automatic-PET-Blowing-Machine-300x223.png 300w, https:\/\/focusonpack.com\/wp-content\/uploads\/2025\/03\/1500BPH-Semi-Automatic-PET-Blowing-Machine-1024x761.png 1024w, https:\/\/focusonpack.com\/wp-content\/uploads\/2025\/03\/1500BPH-Semi-Automatic-PET-Blowing-Machine-768x570.png 768w, https:\/\/focusonpack.com\/wp-content\/uploads\/2025\/03\/1500BPH-Semi-Automatic-PET-Blowing-Machine-270x200.png 270w, https:\/\/focusonpack.com\/wp-content\/uploads\/2025\/03\/1500BPH-Semi-Automatic-PET-Blowing-Machine-600x446.png 600w\" sizes=\"auto, (max-width: 1065px) 100vw, 1065px\" \/>\t\t\t\t\t\t\t\t<\/a>\n\t\t\t\t\t\t\t\t\t\t\t<\/div>\n\t\t\t\t<\/div>\n\t\t\t\t<\/div>\n\t\t\t\t<div class=\"elementor-element elementor-element-6fcaa1fa elementor-button-info elementor-align-center elementor-widget elementor-widget-button\" data-id=\"6fcaa1fa\" data-element_type=\"widget\" data-widget_type=\"button.default\">\n\t\t\t\t<div class=\"elementor-widget-container\">\n\t\t\t\t\t<div class=\"elementor-button-wrapper\">\n\t\t\t<a href=\"https:\/\/focusonpack.com\/pt\/contactar-nos\/\" class=\"elementor-button-link elementor-button elementor-size-sm\" role=\"button\">\n\t\t\t\t\t\t<span class=\"elementor-button-content-wrapper\">\n\t\t\t\t\t\t<span class=\"elementor-button-text\">Pedir um or\u00e7amento<\/span>\n\t\t<\/span>\n\t\t\t\t\t<\/a>\n\t\t<\/div>\n\t\t\t\t<\/div>\n\t\t\t\t<\/div>\n\t\t\t\t\t\t<\/div>\n\t\t\t<\/div>\n\t\t<\/div>\n\t\t\t\t\t\t<\/div>\n\t\t\t<\/div>\n\t\t<\/section>\n\t\t\t\t\t\t<\/div>\n\t\t\t<\/div>\n\t\t<\/div>","protected":false},"excerpt":{"rendered":"<p>1500BPH Semi Automatic PET Blo&hellip;<\/p>","protected":false},"author":1,"featured_media":0,"parent":2571,"menu_order":0,"comment_status":"closed","ping_status":"closed","template":"elementor_header_footer","meta":{"footnotes":""},"class_list":["post-3118","page","type-page","status-publish","hentry","no-thumb"],"yoast_head":"<!-- This site is optimized with the Yoast SEO plugin v24.8.1 - https:\/\/yoast.com\/wordpress\/plugins\/seo\/ -->\n<title>1500BPH Semi Automatic PET Blowing Machine - Focus on pack<\/title>\n<meta name=\"robots\" content=\"index, follow, max-snippet:-1, max-image-preview:large, max-video-preview:-1\" \/>\n<link rel=\"canonical\" href=\"https:\/\/focusonpack.com\/pt\/maquina-de-sopro-semi-automatica-para-garrafas-pet\/1500bph-semi-automatic-pet-blowing-machine\/\" \/>\n<meta property=\"og:locale\" content=\"pt_PT\" \/>\n<meta property=\"og:type\" content=\"article\" \/>\n<meta property=\"og:title\" content=\"1500BPH Semi Automatic PET Blowing Machine - Focus on pack\" \/>\n<meta property=\"og:description\" content=\"1500BPH Semi Automatic PET Blo&hellip;\" \/>\n<meta property=\"og:url\" content=\"https:\/\/focusonpack.com\/pt\/maquina-de-sopro-semi-automatica-para-garrafas-pet\/1500bph-semi-automatic-pet-blowing-machine\/\" \/>\n<meta property=\"og:site_name\" content=\"Focus on pack\" \/>\n<meta property=\"article:modified_time\" content=\"2025-03-27T08:05:07+00:00\" \/>\n<meta property=\"og:image\" content=\"https:\/\/focusonpack.com\/wp-content\/uploads\/2025\/03\/1500BPH-Semi-Automatic-PET-Blowing-Machine.png\" \/>\n<meta name=\"twitter:card\" content=\"summary_large_image\" \/>\n<meta name=\"twitter:label1\" content=\"Est. reading time\" \/>\n\t<meta name=\"twitter:data1\" content=\"3 minutos\" \/>\n<script type=\"application\/ld+json\" class=\"yoast-schema-graph\">{\"@context\":\"https:\/\/schema.org\",\"@graph\":[{\"@type\":\"WebPage\",\"@id\":\"https:\/\/focusonpack.com\/semi-automatic-pet-bottle-blowing-machine\/1500bph-semi-automatic-pet-blowing-machine\/\",\"url\":\"https:\/\/focusonpack.com\/semi-automatic-pet-bottle-blowing-machine\/1500bph-semi-automatic-pet-blowing-machine\/\",\"name\":\"1500BPH Semi Automatic PET Blowing Machine - Focus on pack\",\"isPartOf\":{\"@id\":\"https:\/\/focusonpack.com\/#website\"},\"primaryImageOfPage\":{\"@id\":\"https:\/\/focusonpack.com\/semi-automatic-pet-bottle-blowing-machine\/1500bph-semi-automatic-pet-blowing-machine\/#primaryimage\"},\"image\":{\"@id\":\"https:\/\/focusonpack.com\/semi-automatic-pet-bottle-blowing-machine\/1500bph-semi-automatic-pet-blowing-machine\/#primaryimage\"},\"thumbnailUrl\":\"https:\/\/focusonpack.com\/wp-content\/uploads\/2025\/03\/1500BPH-Semi-Automatic-PET-Blowing-Machine.png\",\"datePublished\":\"2020-05-11T08:16:45+00:00\",\"dateModified\":\"2025-03-27T08:05:07+00:00\",\"breadcrumb\":{\"@id\":\"https:\/\/focusonpack.com\/semi-automatic-pet-bottle-blowing-machine\/1500bph-semi-automatic-pet-blowing-machine\/#breadcrumb\"},\"inLanguage\":\"pt-PT\",\"potentialAction\":[{\"@type\":\"ReadAction\",\"target\":[\"https:\/\/focusonpack.com\/semi-automatic-pet-bottle-blowing-machine\/1500bph-semi-automatic-pet-blowing-machine\/\"]}]},{\"@type\":\"ImageObject\",\"inLanguage\":\"pt-PT\",\"@id\":\"https:\/\/focusonpack.com\/semi-automatic-pet-bottle-blowing-machine\/1500bph-semi-automatic-pet-blowing-machine\/#primaryimage\",\"url\":\"https:\/\/focusonpack.com\/wp-content\/uploads\/2025\/03\/1500BPH-Semi-Automatic-PET-Blowing-Machine.png\",\"contentUrl\":\"https:\/\/focusonpack.com\/wp-content\/uploads\/2025\/03\/1500BPH-Semi-Automatic-PET-Blowing-Machine.png\"},{\"@type\":\"BreadcrumbList\",\"@id\":\"https:\/\/focusonpack.com\/semi-automatic-pet-bottle-blowing-machine\/1500bph-semi-automatic-pet-blowing-machine\/#breadcrumb\",\"itemListElement\":[{\"@type\":\"ListItem\",\"position\":1,\"name\":\"\u9996\u9875\",\"item\":\"https:\/\/focusonpack.com\/\"},{\"@type\":\"ListItem\",\"position\":2,\"name\":\"Semi Automatic PET Bottle Blowing Machine\",\"item\":\"https:\/\/focusonpack.com\/semi-automatic-pet-bottle-blowing-machine\/\"},{\"@type\":\"ListItem\",\"position\":3,\"name\":\"1500BPH Semi Automatic PET Blowing Machine\"}]},{\"@type\":\"WebSite\",\"@id\":\"https:\/\/focusonpack.com\/#website\",\"url\":\"https:\/\/focusonpack.com\/\",\"name\":\"Focus on pack\",\"description\":\"water processing line,package machine, filling machine\",\"potentialAction\":[{\"@type\":\"SearchAction\",\"target\":{\"@type\":\"EntryPoint\",\"urlTemplate\":\"https:\/\/focusonpack.com\/?s={search_term_string}\"},\"query-input\":{\"@type\":\"PropertyValueSpecification\",\"valueRequired\":true,\"valueName\":\"search_term_string\"}}],\"inLanguage\":\"pt-PT\"}]}<\/script>\n<!-- \/ Yoast SEO plugin. -->","yoast_head_json":{"title":"1500BPH Semi Automatic PET Blowing Machine - Focus on pack","robots":{"index":"index","follow":"follow","max-snippet":"max-snippet:-1","max-image-preview":"max-image-preview:large","max-video-preview":"max-video-preview:-1"},"canonical":"https:\/\/focusonpack.com\/pt\/maquina-de-sopro-semi-automatica-para-garrafas-pet\/1500bph-semi-automatic-pet-blowing-machine\/","og_locale":"pt_PT","og_type":"article","og_title":"1500BPH Semi Automatic PET Blowing Machine - Focus on pack","og_description":"1500BPH Semi Automatic PET Blo&hellip;","og_url":"https:\/\/focusonpack.com\/pt\/maquina-de-sopro-semi-automatica-para-garrafas-pet\/1500bph-semi-automatic-pet-blowing-machine\/","og_site_name":"Focus on pack","article_modified_time":"2025-03-27T08:05:07+00:00","og_image":[{"url":"https:\/\/focusonpack.com\/wp-content\/uploads\/2025\/03\/1500BPH-Semi-Automatic-PET-Blowing-Machine.png","type":"","width":"","height":""}],"twitter_card":"summary_large_image","twitter_misc":{"Est. reading time":"3 minutos"},"schema":{"@context":"https:\/\/schema.org","@graph":[{"@type":"WebPage","@id":"https:\/\/focusonpack.com\/semi-automatic-pet-bottle-blowing-machine\/1500bph-semi-automatic-pet-blowing-machine\/","url":"https:\/\/focusonpack.com\/semi-automatic-pet-bottle-blowing-machine\/1500bph-semi-automatic-pet-blowing-machine\/","name":"1500BPH Semi Automatic PET Blowing Machine - Focus on pack","isPartOf":{"@id":"https:\/\/focusonpack.com\/#website"},"primaryImageOfPage":{"@id":"https:\/\/focusonpack.com\/semi-automatic-pet-bottle-blowing-machine\/1500bph-semi-automatic-pet-blowing-machine\/#primaryimage"},"image":{"@id":"https:\/\/focusonpack.com\/semi-automatic-pet-bottle-blowing-machine\/1500bph-semi-automatic-pet-blowing-machine\/#primaryimage"},"thumbnailUrl":"https:\/\/focusonpack.com\/wp-content\/uploads\/2025\/03\/1500BPH-Semi-Automatic-PET-Blowing-Machine.png","datePublished":"2020-05-11T08:16:45+00:00","dateModified":"2025-03-27T08:05:07+00:00","breadcrumb":{"@id":"https:\/\/focusonpack.com\/semi-automatic-pet-bottle-blowing-machine\/1500bph-semi-automatic-pet-blowing-machine\/#breadcrumb"},"inLanguage":"pt-PT","potentialAction":[{"@type":"ReadAction","target":["https:\/\/focusonpack.com\/semi-automatic-pet-bottle-blowing-machine\/1500bph-semi-automatic-pet-blowing-machine\/"]}]},{"@type":"ImageObject","inLanguage":"pt-PT","@id":"https:\/\/focusonpack.com\/semi-automatic-pet-bottle-blowing-machine\/1500bph-semi-automatic-pet-blowing-machine\/#primaryimage","url":"https:\/\/focusonpack.com\/wp-content\/uploads\/2025\/03\/1500BPH-Semi-Automatic-PET-Blowing-Machine.png","contentUrl":"https:\/\/focusonpack.com\/wp-content\/uploads\/2025\/03\/1500BPH-Semi-Automatic-PET-Blowing-Machine.png"},{"@type":"BreadcrumbList","@id":"https:\/\/focusonpack.com\/semi-automatic-pet-bottle-blowing-machine\/1500bph-semi-automatic-pet-blowing-machine\/#breadcrumb","itemListElement":[{"@type":"ListItem","position":1,"name":"\u9996\u9875","item":"https:\/\/focusonpack.com\/"},{"@type":"ListItem","position":2,"name":"Semi Automatic PET Bottle Blowing Machine","item":"https:\/\/focusonpack.com\/semi-automatic-pet-bottle-blowing-machine\/"},{"@type":"ListItem","position":3,"name":"1500BPH Semi Automatic PET Blowing Machine"}]},{"@type":"WebSite","@id":"https:\/\/focusonpack.com\/#website","url":"https:\/\/focusonpack.com\/","name":"Focus on pack","description":"water processing line,package machine, filling machine","potentialAction":[{"@type":"SearchAction","target":{"@type":"EntryPoint","urlTemplate":"https:\/\/focusonpack.com\/?s={search_term_string}"},"query-input":{"@type":"PropertyValueSpecification","valueRequired":true,"valueName":"search_term_string"}}],"inLanguage":"pt-PT"}]}},"_links":{"self":[{"href":"https:\/\/focusonpack.com\/pt\/wp-json\/wp\/v2\/pages\/3118","targetHints":{"allow":["GET"]}}],"collection":[{"href":"https:\/\/focusonpack.com\/pt\/wp-json\/wp\/v2\/pages"}],"about":[{"href":"https:\/\/focusonpack.com\/pt\/wp-json\/wp\/v2\/types\/page"}],"author":[{"embeddable":true,"href":"https:\/\/focusonpack.com\/pt\/wp-json\/wp\/v2\/users\/1"}],"replies":[{"embeddable":true,"href":"https:\/\/focusonpack.com\/pt\/wp-json\/wp\/v2\/comments?post=3118"}],"version-history":[{"count":11,"href":"https:\/\/focusonpack.com\/pt\/wp-json\/wp\/v2\/pages\/3118\/revisions"}],"predecessor-version":[{"id":4596,"href":"https:\/\/focusonpack.com\/pt\/wp-json\/wp\/v2\/pages\/3118\/revisions\/4596"}],"up":[{"embeddable":true,"href":"https:\/\/focusonpack.com\/pt\/wp-json\/wp\/v2\/pages\/2571"}],"wp:attachment":[{"href":"https:\/\/focusonpack.com\/pt\/wp-json\/wp\/v2\/media?parent=3118"}],"curies":[{"name":"wp","href":"https:\/\/api.w.org\/{rel}","templated":true}]}}