{"id":3304,"date":"2020-05-15T16:53:53","date_gmt":"2020-05-15T08:53:53","guid":{"rendered":"https:\/\/focusonpack.com\/?page_id=3304"},"modified":"2025-03-29T15:58:35","modified_gmt":"2025-03-29T07:58:35","slug":"automatic-economical-thin-and-thick-liquid-volumetric-piston-filling-machine","status":"publish","type":"page","link":"https:\/\/focusonpack.com\/pt\/maquina-de-enchimento-de-pistao\/maquina-de-enchimento-automatica-e-economica-de-liquidos-finos-e-espessos-com-pistao-volumetrico\/","title":{"rendered":"M\u00e1quina de enchimento por pist\u00e3o volum\u00e9trica para l\u00edquidos finos e espessos autom\u00e1tica e econ\u00f3mica"},"content":{"rendered":"<div data-elementor-type=\"wp-page\" data-elementor-id=\"3304\" class=\"elementor elementor-3304\" data-elementor-settings=\"[]\">\n\t\t\t<div class=\"elementor-inner\">\n\t\t\t\t<div class=\"elementor-section-wrap\">\n\t\t\t\t\t\t\t<section class=\"elementor-element elementor-element-75d46199 elementor-section-boxed elementor-section-height-default elementor-section-height-default elementor-section elementor-top-section\" data-id=\"75d46199\" data-element_type=\"section\">\n\t\t\t\t\t\t<div class=\"elementor-container elementor-column-gap-default\">\n\t\t\t\t<div class=\"elementor-row\">\n\t\t\t\t<div class=\"elementor-element elementor-element-74b1511c elementor-column elementor-col-50 elementor-top-column\" data-id=\"74b1511c\" data-element_type=\"column\">\n\t\t\t<div class=\"elementor-column-wrap  elementor-element-populated\">\n\t\t\t\t\t<div class=\"elementor-widget-wrap\">\n\t\t\t\t<div class=\"elementor-element elementor-element-12c2f04a elementor-widget elementor-widget-heading\" data-id=\"12c2f04a\" data-element_type=\"widget\" data-widget_type=\"heading.default\">\n\t\t\t\t<div class=\"elementor-widget-container\">\n\t\t\t<h3 class=\"elementor-heading-title elementor-size-default\">M\u00e1quina de enchimento por pist\u00e3o volum\u00e9trica para l\u00edquidos finos e espessos autom\u00e1tica e econ\u00f3mica<\/h3>\t\t<\/div>\n\t\t\t\t<\/div>\n\t\t\t\t<div class=\"elementor-element elementor-element-7634e895 elementor-widget elementor-widget-heading\" data-id=\"7634e895\" data-element_type=\"widget\" data-widget_type=\"heading.default\">\n\t\t\t\t<div class=\"elementor-widget-container\">\n\t\t\t<h3 class=\"elementor-heading-title elementor-size-default\">Enchedor de pist\u00e3o volum\u00e9trico de l\u00edquidos viscosos de baixa a alta viscosidade, autom\u00e1tico e acess\u00edvel<\/h3>\t\t<\/div>\n\t\t\t\t<\/div>\n\t\t\t\t<div class=\"elementor-element elementor-element-4ebe2c42 elementor-widget elementor-widget-text-editor\" data-id=\"4ebe2c42\" data-element_type=\"widget\" data-widget_type=\"text-editor.default\">\n\t\t\t\t<div class=\"elementor-widget-container\">\n\t\t\t\t\t<div class=\"elementor-text-editor elementor-clearfix\"><p>Esta m\u00e1quina de enchimento de pist\u00e3o volum\u00e9trico linear totalmente autom\u00e1tica e econ\u00f3mica \u00e9 actualizada a partir de uma m\u00e1quina de enchimento de l\u00edquidos de pist\u00e3o semi-autom\u00e1tica para aumentar a produ\u00e7\u00e3o e poupar custos de m\u00e3o de obra, automatizando a sua linha com a sua enchedora de pist\u00e3o de mesa de 2 cabe\u00e7as ou 4 cabe\u00e7as existente. Este sistema de automa\u00e7\u00e3o inclui uma estrutura de a\u00e7o inoxid\u00e1vel resistente, controlos de ecr\u00e3 t\u00e1til, port\u00f5es de indexa\u00e7\u00e3o pneum\u00e1ticos e sensores para a estrutura de a\u00e7o inoxid\u00e1vel resistente, controlos de ecr\u00e3 t\u00e1til, port\u00f5es de indexa\u00e7\u00e3o pneum\u00e1ticos e sensores para evitar o enchimento quando n\u00e3o est\u00e3o presentes garrafas e transportador .<\/p><\/div>\n\t\t\t\t<\/div>\n\t\t\t\t<\/div>\n\t\t\t\t<div class=\"elementor-element elementor-element-77142790 elementor-widget elementor-widget-text-editor\" data-id=\"77142790\" data-element_type=\"widget\" data-widget_type=\"text-editor.default\">\n\t\t\t\t<div class=\"elementor-widget-container\">\n\t\t\t\t\t<div class=\"elementor-text-editor elementor-clearfix\"><p>Dispon\u00edvel em 2 cabe\u00e7as de enchimento e 4 cabe\u00e7as de enchimento, a mesa girat\u00f3ria, a m\u00e1quina de capsular pneum\u00e1tica manual ou a m\u00e1quina de capsular acionada por motor podem ser incorporadas no transportador para aumentar a produ\u00e7\u00e3o e poupar custos de m\u00e3o de obra. A mesa girat\u00f3ria, a m\u00e1quina de tampar pneum\u00e1tica manual ou a m\u00e1quina de tampar acionada por motor podem ser incorporadas no transportador para aumentar a produ\u00e7\u00e3o e poupar custos de m\u00e3o de obra. A v\u00e1lvula de reten\u00e7\u00e3o e a v\u00e1lvula rotativa est\u00e3o dispon\u00edveis para manusear l\u00edquidos finos a l\u00edquidos de elevada viscosidade, natas e pastas com peda\u00e7os ou part\u00edculas. A v\u00e1lvula de reten\u00e7\u00e3o e a v\u00e1lvula rotativa est\u00e3o dispon\u00edveis para manusear l\u00edquidos finos a l\u00edquidos de elevada viscosidade, natas e pastas com peda\u00e7os ou part\u00edculas.<\/p><\/div>\n\t\t\t\t<\/div>\n\t\t\t\t<\/div>\n\t\t\t\t<div class=\"elementor-element elementor-element-7c4b8361 elementor-widget elementor-widget-heading\" data-id=\"7c4b8361\" data-element_type=\"widget\" data-widget_type=\"heading.default\">\n\t\t\t\t<div class=\"elementor-widget-container\">\n\t\t\t<h3 class=\"elementor-heading-title elementor-size-default\">Carater\u00edsticas principais<\/h3>\t\t<\/div>\n\t\t\t\t<\/div>\n\t\t\t\t<div class=\"elementor-element elementor-element-7c05a1c9 elementor-widget elementor-widget-text-editor\" data-id=\"7c05a1c9\" data-element_type=\"widget\" data-widget_type=\"text-editor.default\">\n\t\t\t\t<div class=\"elementor-widget-container\">\n\t\t\t\t\t<div class=\"elementor-text-editor elementor-clearfix\"><p>- N\u00famero de cabe\u00e7as de enchimento 1,2 e 4<\/p>\n<p>- Capacidade de enchimento at\u00e9 5000 ml<\/p>\n<p>- Constru\u00e7\u00e3o em a\u00e7o inoxid\u00e1vel para trabalhos pesados<\/p>\n<p>- V\u00e1lvula rotativa para l\u00edquidos de alta viscosidade e v\u00e1lvula de reten\u00e7\u00e3o para l\u00edquidos de baixa viscosidade como op\u00e7\u00e3o<\/p>\n<p>- Controlo PLC e interface de opera\u00e7\u00e3o com ecr\u00e3 t\u00e1til<\/p>\n<p>- Kit de indexa\u00e7\u00e3o autom\u00e1tica de garrafas<\/p>\n<p>- Sensor sem garrafa\/sem enchimento<\/p>\n<p>- Mudan\u00e7as simples e r\u00e1pidas<\/p>\n<p>- Concebida para uma limpeza f\u00e1cil<\/p>\n<p>- Aumentar a capacidade de produ\u00e7\u00e3o<\/p>\n<p>- Liberta as m\u00e3os do operador para mais trabalho<\/p><\/div>\n\t\t\t\t<\/div>\n\t\t\t\t<\/div>\n\t\t\t\t<div class=\"elementor-element elementor-element-4de1baae elementor-widget elementor-widget-text-editor\" data-id=\"4de1baae\" data-element_type=\"widget\" data-widget_type=\"text-editor.default\">\n\t\t\t\t<div class=\"elementor-widget-container\">\n\t\t\t\t\t<div class=\"elementor-text-editor elementor-clearfix\"><p>* As especifica\u00e7\u00f5es est\u00e3o sujeitas a altera\u00e7\u00f5es sem aviso pr\u00e9vio, Todos os direitos reservados.<\/p><\/div>\n\t\t\t\t<\/div>\n\t\t\t\t<\/div>\n\t\t\t\t<div class=\"elementor-element elementor-element-471fda49 elementor-widget elementor-widget-text-editor\" data-id=\"471fda49\" data-element_type=\"widget\" data-widget_type=\"text-editor.default\">\n\t\t\t\t<div class=\"elementor-widget-container\">\n\t\t\t\t\t<div class=\"elementor-text-editor elementor-clearfix\"><p>Como escolher a m\u00e1quina de enchimento de pist\u00e3o autom\u00e1tica \u00e9 um grande desafio para os clientes, se voc\u00ea n\u00e3o tiver certeza de como<\/p>\n<p>escolher uma m\u00e1quina de enchimento de pist\u00e3o, por favor informe-me<\/p>\n<p>- Qual o produto a encher<\/p>\n<p>- Qual a capacidade de produ\u00e7\u00e3o a atingir<\/p>\n<p>- Qual o material e a forma dos contentores<\/p>\n<p>- Qual o tamanho dos recipientes a encher<\/p>\n<p>A nossa equipa de profissionais ajud\u00e1-lo-\u00e1 a escolher<\/p>\n<p>Por isso, contacte-nos para obter aconselhamento espec\u00edfico sobre a melhor solu\u00e7\u00e3o para si.<\/p><\/div>\n\t\t\t\t<\/div>\n\t\t\t\t<\/div>\n\t\t\t\t\t\t<\/div>\n\t\t\t<\/div>\n\t\t<\/div>\n\t\t\t\t<div class=\"elementor-element elementor-element-377d2316 elementor-column elementor-col-50 elementor-top-column\" data-id=\"377d2316\" data-element_type=\"column\">\n\t\t\t<div class=\"elementor-column-wrap  elementor-element-populated\">\n\t\t\t\t\t<div class=\"elementor-widget-wrap\">\n\t\t\t\t<div class=\"elementor-element elementor-element-6a31757 elementor-widget elementor-widget-spacer\" data-id=\"6a31757\" data-element_type=\"widget\" data-widget_type=\"spacer.default\">\n\t\t\t\t<div class=\"elementor-widget-container\">\n\t\t\t\t\t<div class=\"elementor-spacer\">\n\t\t\t<div class=\"elementor-spacer-inner\"><\/div>\n\t\t<\/div>\n\t\t\t\t<\/div>\n\t\t\t\t<\/div>\n\t\t\t\t<div class=\"elementor-element elementor-element-46bc68a0 elementor-widget elementor-widget-image\" data-id=\"46bc68a0\" data-element_type=\"widget\" data-widget_type=\"image.default\">\n\t\t\t\t<div class=\"elementor-widget-container\">\n\t\t\t\t\t<div class=\"elementor-image\">\n\t\t\t\t\t\t\t\t\t\t<img loading=\"lazy\" decoding=\"async\" width=\"294\" height=\"194\" src=\"https:\/\/focusonpack.com\/wp-content\/uploads\/2020\/05\/thin.jpg\" class=\"elementor-animation-grow attachment-full size-full\" alt=\"\" \/>\t\t\t\t\t\t\t\t\t\t\t<\/div>\n\t\t\t\t<\/div>\n\t\t\t\t<\/div>\n\t\t\t\t<div class=\"elementor-element elementor-element-2ec7bf13 elementor-button-info elementor-align-center elementor-widget elementor-widget-button\" data-id=\"2ec7bf13\" data-element_type=\"widget\" data-widget_type=\"button.default\">\n\t\t\t\t<div class=\"elementor-widget-container\">\n\t\t\t\t\t<div class=\"elementor-button-wrapper\">\n\t\t\t<a href=\"https:\/\/focusonpack.com\/pt\/contactar-nos\/\" class=\"elementor-button-link elementor-button elementor-size-sm\" role=\"button\">\n\t\t\t\t\t\t<span class=\"elementor-button-content-wrapper\">\n\t\t\t\t\t\t<span class=\"elementor-button-text\">Pedir um or\u00e7amento<\/span>\n\t\t<\/span>\n\t\t\t\t\t<\/a>\n\t\t<\/div>\n\t\t\t\t<\/div>\n\t\t\t\t<\/div>\n\t\t\t\t\t\t<\/div>\n\t\t\t<\/div>\n\t\t<\/div>\n\t\t\t\t\t\t<\/div>\n\t\t\t<\/div>\n\t\t<\/section>\n\t\t\t\t\t\t<\/div>\n\t\t\t<\/div>\n\t\t<\/div>","protected":false},"excerpt":{"rendered":"<p>Automatic Economical Thin and &hellip;<\/p>","protected":false},"author":1,"featured_media":0,"parent":2495,"menu_order":0,"comment_status":"closed","ping_status":"closed","template":"elementor_header_footer","meta":{"footnotes":""},"class_list":["post-3304","page","type-page","status-publish","hentry","no-thumb"],"yoast_head":"<!-- This site is optimized with the Yoast SEO plugin v24.8.1 - https:\/\/yoast.com\/wordpress\/plugins\/seo\/ -->\n<title>Automatic Economical Thin and Thick Liquid Volumetric Piston Filling Machine - Focus on pack<\/title>\n<meta name=\"robots\" content=\"index, follow, max-snippet:-1, max-image-preview:large, max-video-preview:-1\" \/>\n<link rel=\"canonical\" href=\"https:\/\/focusonpack.com\/pt\/maquina-de-enchimento-de-pistao\/maquina-de-enchimento-automatica-e-economica-de-liquidos-finos-e-espessos-com-pistao-volumetrico\/\" \/>\n<meta property=\"og:locale\" content=\"pt_PT\" \/>\n<meta property=\"og:type\" content=\"article\" \/>\n<meta property=\"og:title\" content=\"Automatic Economical Thin and Thick Liquid Volumetric Piston Filling Machine - Focus on pack\" \/>\n<meta property=\"og:description\" content=\"Automatic Economical Thin and &hellip;\" \/>\n<meta property=\"og:url\" content=\"https:\/\/focusonpack.com\/pt\/maquina-de-enchimento-de-pistao\/maquina-de-enchimento-automatica-e-economica-de-liquidos-finos-e-espessos-com-pistao-volumetrico\/\" \/>\n<meta property=\"og:site_name\" content=\"Focus on pack\" \/>\n<meta property=\"article:modified_time\" content=\"2025-03-29T07:58:35+00:00\" \/>\n<meta property=\"og:image\" content=\"https:\/\/focusonpack.com\/wp-content\/uploads\/2020\/05\/thin.jpg\" \/>\n<meta name=\"twitter:card\" content=\"summary_large_image\" \/>\n<meta name=\"twitter:label1\" content=\"Est. reading time\" \/>\n\t<meta name=\"twitter:data1\" content=\"2 minutos\" \/>\n<script type=\"application\/ld+json\" class=\"yoast-schema-graph\">{\"@context\":\"https:\/\/schema.org\",\"@graph\":[{\"@type\":\"WebPage\",\"@id\":\"https:\/\/focusonpack.com\/piston-filling-machine\/automatic-economical-thin-and-thick-liquid-volumetric-piston-filling-machine\/\",\"url\":\"https:\/\/focusonpack.com\/piston-filling-machine\/automatic-economical-thin-and-thick-liquid-volumetric-piston-filling-machine\/\",\"name\":\"Automatic Economical Thin and Thick Liquid Volumetric Piston Filling Machine - Focus on pack\",\"isPartOf\":{\"@id\":\"https:\/\/focusonpack.com\/#website\"},\"primaryImageOfPage\":{\"@id\":\"https:\/\/focusonpack.com\/piston-filling-machine\/automatic-economical-thin-and-thick-liquid-volumetric-piston-filling-machine\/#primaryimage\"},\"image\":{\"@id\":\"https:\/\/focusonpack.com\/piston-filling-machine\/automatic-economical-thin-and-thick-liquid-volumetric-piston-filling-machine\/#primaryimage\"},\"thumbnailUrl\":\"https:\/\/focusonpack.com\/wp-content\/uploads\/2020\/05\/thin.jpg\",\"datePublished\":\"2020-05-15T08:53:53+00:00\",\"dateModified\":\"2025-03-29T07:58:35+00:00\",\"breadcrumb\":{\"@id\":\"https:\/\/focusonpack.com\/piston-filling-machine\/automatic-economical-thin-and-thick-liquid-volumetric-piston-filling-machine\/#breadcrumb\"},\"inLanguage\":\"pt-PT\",\"potentialAction\":[{\"@type\":\"ReadAction\",\"target\":[\"https:\/\/focusonpack.com\/piston-filling-machine\/automatic-economical-thin-and-thick-liquid-volumetric-piston-filling-machine\/\"]}]},{\"@type\":\"ImageObject\",\"inLanguage\":\"pt-PT\",\"@id\":\"https:\/\/focusonpack.com\/piston-filling-machine\/automatic-economical-thin-and-thick-liquid-volumetric-piston-filling-machine\/#primaryimage\",\"url\":\"https:\/\/focusonpack.com\/wp-content\/uploads\/2020\/05\/thin.jpg\",\"contentUrl\":\"https:\/\/focusonpack.com\/wp-content\/uploads\/2020\/05\/thin.jpg\"},{\"@type\":\"BreadcrumbList\",\"@id\":\"https:\/\/focusonpack.com\/piston-filling-machine\/automatic-economical-thin-and-thick-liquid-volumetric-piston-filling-machine\/#breadcrumb\",\"itemListElement\":[{\"@type\":\"ListItem\",\"position\":1,\"name\":\"\u9996\u9875\",\"item\":\"https:\/\/focusonpack.com\/\"},{\"@type\":\"ListItem\",\"position\":2,\"name\":\"Piston Filling Machine\",\"item\":\"https:\/\/focusonpack.com\/piston-filling-machine\/\"},{\"@type\":\"ListItem\",\"position\":3,\"name\":\"Automatic Economical Thin and Thick Liquid Volumetric Piston Filling Machine\"}]},{\"@type\":\"WebSite\",\"@id\":\"https:\/\/focusonpack.com\/#website\",\"url\":\"https:\/\/focusonpack.com\/\",\"name\":\"Focus on pack\",\"description\":\"\",\"potentialAction\":[{\"@type\":\"SearchAction\",\"target\":{\"@type\":\"EntryPoint\",\"urlTemplate\":\"https:\/\/focusonpack.com\/?s={search_term_string}\"},\"query-input\":{\"@type\":\"PropertyValueSpecification\",\"valueRequired\":true,\"valueName\":\"search_term_string\"}}],\"inLanguage\":\"pt-PT\"}]}<\/script>\n<!-- \/ Yoast SEO plugin. -->","yoast_head_json":{"title":"Automatic Economical Thin and Thick Liquid Volumetric Piston Filling Machine - Focus on pack","robots":{"index":"index","follow":"follow","max-snippet":"max-snippet:-1","max-image-preview":"max-image-preview:large","max-video-preview":"max-video-preview:-1"},"canonical":"https:\/\/focusonpack.com\/pt\/maquina-de-enchimento-de-pistao\/maquina-de-enchimento-automatica-e-economica-de-liquidos-finos-e-espessos-com-pistao-volumetrico\/","og_locale":"pt_PT","og_type":"article","og_title":"Automatic Economical Thin and Thick Liquid Volumetric Piston Filling Machine - Focus on pack","og_description":"Automatic Economical Thin and &hellip;","og_url":"https:\/\/focusonpack.com\/pt\/maquina-de-enchimento-de-pistao\/maquina-de-enchimento-automatica-e-economica-de-liquidos-finos-e-espessos-com-pistao-volumetrico\/","og_site_name":"Focus on pack","article_modified_time":"2025-03-29T07:58:35+00:00","og_image":[{"url":"https:\/\/focusonpack.com\/wp-content\/uploads\/2020\/05\/thin.jpg","type":"","width":"","height":""}],"twitter_card":"summary_large_image","twitter_misc":{"Est. reading time":"2 minutos"},"schema":{"@context":"https:\/\/schema.org","@graph":[{"@type":"WebPage","@id":"https:\/\/focusonpack.com\/piston-filling-machine\/automatic-economical-thin-and-thick-liquid-volumetric-piston-filling-machine\/","url":"https:\/\/focusonpack.com\/piston-filling-machine\/automatic-economical-thin-and-thick-liquid-volumetric-piston-filling-machine\/","name":"Automatic Economical Thin and Thick Liquid Volumetric Piston Filling Machine - Focus on pack","isPartOf":{"@id":"https:\/\/focusonpack.com\/#website"},"primaryImageOfPage":{"@id":"https:\/\/focusonpack.com\/piston-filling-machine\/automatic-economical-thin-and-thick-liquid-volumetric-piston-filling-machine\/#primaryimage"},"image":{"@id":"https:\/\/focusonpack.com\/piston-filling-machine\/automatic-economical-thin-and-thick-liquid-volumetric-piston-filling-machine\/#primaryimage"},"thumbnailUrl":"https:\/\/focusonpack.com\/wp-content\/uploads\/2020\/05\/thin.jpg","datePublished":"2020-05-15T08:53:53+00:00","dateModified":"2025-03-29T07:58:35+00:00","breadcrumb":{"@id":"https:\/\/focusonpack.com\/piston-filling-machine\/automatic-economical-thin-and-thick-liquid-volumetric-piston-filling-machine\/#breadcrumb"},"inLanguage":"pt-PT","potentialAction":[{"@type":"ReadAction","target":["https:\/\/focusonpack.com\/piston-filling-machine\/automatic-economical-thin-and-thick-liquid-volumetric-piston-filling-machine\/"]}]},{"@type":"ImageObject","inLanguage":"pt-PT","@id":"https:\/\/focusonpack.com\/piston-filling-machine\/automatic-economical-thin-and-thick-liquid-volumetric-piston-filling-machine\/#primaryimage","url":"https:\/\/focusonpack.com\/wp-content\/uploads\/2020\/05\/thin.jpg","contentUrl":"https:\/\/focusonpack.com\/wp-content\/uploads\/2020\/05\/thin.jpg"},{"@type":"BreadcrumbList","@id":"https:\/\/focusonpack.com\/piston-filling-machine\/automatic-economical-thin-and-thick-liquid-volumetric-piston-filling-machine\/#breadcrumb","itemListElement":[{"@type":"ListItem","position":1,"name":"\u9996\u9875","item":"https:\/\/focusonpack.com\/"},{"@type":"ListItem","position":2,"name":"Piston Filling Machine","item":"https:\/\/focusonpack.com\/piston-filling-machine\/"},{"@type":"ListItem","position":3,"name":"Automatic Economical Thin and Thick Liquid Volumetric Piston Filling Machine"}]},{"@type":"WebSite","@id":"https:\/\/focusonpack.com\/#website","url":"https:\/\/focusonpack.com\/","name":"Focus on pack","description":"","potentialAction":[{"@type":"SearchAction","target":{"@type":"EntryPoint","urlTemplate":"https:\/\/focusonpack.com\/?s={search_term_string}"},"query-input":{"@type":"PropertyValueSpecification","valueRequired":true,"valueName":"search_term_string"}}],"inLanguage":"pt-PT"}]}},"_links":{"self":[{"href":"https:\/\/focusonpack.com\/pt\/wp-json\/wp\/v2\/pages\/3304","targetHints":{"allow":["GET"]}}],"collection":[{"href":"https:\/\/focusonpack.com\/pt\/wp-json\/wp\/v2\/pages"}],"about":[{"href":"https:\/\/focusonpack.com\/pt\/wp-json\/wp\/v2\/types\/page"}],"author":[{"embeddable":true,"href":"https:\/\/focusonpack.com\/pt\/wp-json\/wp\/v2\/users\/1"}],"replies":[{"embeddable":true,"href":"https:\/\/focusonpack.com\/pt\/wp-json\/wp\/v2\/comments?post=3304"}],"version-history":[{"count":10,"href":"https:\/\/focusonpack.com\/pt\/wp-json\/wp\/v2\/pages\/3304\/revisions"}],"predecessor-version":[{"id":4628,"href":"https:\/\/focusonpack.com\/pt\/wp-json\/wp\/v2\/pages\/3304\/revisions\/4628"}],"up":[{"embeddable":true,"href":"https:\/\/focusonpack.com\/pt\/wp-json\/wp\/v2\/pages\/2495"}],"wp:attachment":[{"href":"https:\/\/focusonpack.com\/pt\/wp-json\/wp\/v2\/media?parent=3304"}],"curies":[{"name":"wp","href":"https:\/\/api.w.org\/{rel}","templated":true}]}}