{"id":3305,"date":"2020-05-15T16:53:59","date_gmt":"2020-05-15T08:53:59","guid":{"rendered":"https:\/\/focusonpack.com\/?page_id=3305"},"modified":"2025-03-29T15:55:16","modified_gmt":"2025-03-29T07:55:16","slug":"semi-automatic-check-valve-piston-filling-machine-for-thin-liquids","status":"publish","type":"page","link":"https:\/\/focusonpack.com\/pt\/maquina-de-enchimento-de-pistao\/maquina-de-enchimento-de-pistao-com-valvula-de-retencao-semi-automatica-para-liquidos-finos\/","title":{"rendered":"M\u00e1quina de enchimento de pist\u00e3o com v\u00e1lvula de reten\u00e7\u00e3o semi-autom\u00e1tica para l\u00edquidos finos"},"content":{"rendered":"<div data-elementor-type=\"wp-page\" data-elementor-id=\"3305\" class=\"elementor elementor-3305\" data-elementor-settings=\"[]\">\n\t\t\t<div class=\"elementor-inner\">\n\t\t\t\t<div class=\"elementor-section-wrap\">\n\t\t\t\t\t\t\t<section class=\"elementor-element elementor-element-5d407ebd elementor-section-boxed elementor-section-height-default elementor-section-height-default elementor-section elementor-top-section\" data-id=\"5d407ebd\" data-element_type=\"section\">\n\t\t\t\t\t\t<div class=\"elementor-container elementor-column-gap-default\">\n\t\t\t\t<div class=\"elementor-row\">\n\t\t\t\t<div class=\"elementor-element elementor-element-124adbce elementor-column elementor-col-50 elementor-top-column\" data-id=\"124adbce\" data-element_type=\"column\">\n\t\t\t<div class=\"elementor-column-wrap  elementor-element-populated\">\n\t\t\t\t\t<div class=\"elementor-widget-wrap\">\n\t\t\t\t<div class=\"elementor-element elementor-element-290fc23 elementor-widget elementor-widget-heading\" data-id=\"290fc23\" data-element_type=\"widget\" data-widget_type=\"heading.default\">\n\t\t\t\t<div class=\"elementor-widget-container\">\n\t\t\t<h3 class=\"elementor-heading-title elementor-size-default\">M\u00e1quina de enchimento de pist\u00e3o com v\u00e1lvula de reten\u00e7\u00e3o semi-autom\u00e1tica para l\u00edquidos finos<\/h3>\t\t<\/div>\n\t\t\t\t<\/div>\n\t\t\t\t<div class=\"elementor-element elementor-element-494fdf76 elementor-widget elementor-widget-heading\" data-id=\"494fdf76\" data-element_type=\"widget\" data-widget_type=\"heading.default\">\n\t\t\t\t<div class=\"elementor-widget-container\">\n\t\t\t<h3 class=\"elementor-heading-title elementor-size-default\">V\u00e1lvula de reten\u00e7\u00e3o semi-autom\u00e1tica Enchedora de pist\u00e3o para l\u00edquidos de fluxo livre<\/h3>\t\t<\/div>\n\t\t\t\t<\/div>\n\t\t\t\t<div class=\"elementor-element elementor-element-c914726 elementor-widget elementor-widget-text-editor\" data-id=\"c914726\" data-element_type=\"widget\" data-widget_type=\"text-editor.default\">\n\t\t\t\t<div class=\"elementor-widget-container\">\n\t\t\t\t\t<div class=\"elementor-text-editor elementor-clearfix\"><p>A m\u00e1quina de enchimento de l\u00edquidos de garrafas de pist\u00e3o volum\u00e9trico de mesa semi-autom\u00e1tica para l\u00edquidos de fluxo livre \u00e9 um pist\u00e3o altamente preciso, confi\u00e1vel e preciso Este equipamento de enchimento de l\u00edquidos funciona segundo o princ\u00edpio de uma v\u00e1lvula de reten\u00e7\u00e3o. No curso de entrada, o pist\u00e3o extrai o l\u00edquido diretamente do tanque ou tambor de abastecimento, eliminando a necessidade de um funil, atrav\u00e9s da v\u00e1lvula de reten\u00e7\u00e3o superior e para dentro do cilindro do pist\u00e3o No curso descendente, o l\u00edquido flui atrav\u00e9s da v\u00e1lvula de reten\u00e7\u00e3o inferior e o l\u00edquido \u00e9 for\u00e7ado a sair da c\u00e2mara atrav\u00e9s da v\u00e1lvula e a entrar no recipiente. No curso descendente, o l\u00edquido flui atrav\u00e9s da v\u00e1lvula de reten\u00e7\u00e3o inferior e o l\u00edquido \u00e9 for\u00e7ado a sair da c\u00e2mara atrav\u00e9s da v\u00e1lvula e a entrar no recipiente.<\/p><\/div>\n\t\t\t\t<\/div>\n\t\t\t\t<\/div>\n\t\t\t\t<div class=\"elementor-element elementor-element-6f05deb2 elementor-widget elementor-widget-text-editor\" data-id=\"6f05deb2\" data-element_type=\"widget\" data-widget_type=\"text-editor.default\">\n\t\t\t\t<div class=\"elementor-widget-container\">\n\t\t\t\t\t<div class=\"elementor-text-editor elementor-clearfix\"><p>A grande vantagem de um sistema de enchimento com v\u00e1lvula de reten\u00e7\u00e3o \u00e9 o facto de poder auto-ferrar e extrair o produto diretamente de um tambor ou outro recipiente sem necessidade de bombear ou transferir o produto para outro recipiente. Basta colocar a mangueira no tambor, ajustar o volume de enchimento e come\u00e7ar a encher os produtos com excelente Basta largar a mangueira no tambor, ajustar o volume de enchimento e come\u00e7ar a encher produtos com uma excelente precis\u00e3o de +\/- um por cento.<\/p><\/div>\n\t\t\t\t<\/div>\n\t\t\t\t<\/div>\n\t\t\t\t<div class=\"elementor-element elementor-element-d48f526 elementor-widget elementor-widget-text-editor\" data-id=\"d48f526\" data-element_type=\"widget\" data-widget_type=\"text-editor.default\">\n\t\t\t\t<div class=\"elementor-widget-container\">\n\t\t\t\t\t<div class=\"elementor-text-editor elementor-clearfix\"><p>As v\u00e1lvulas de enchimento de pist\u00e3o funcionam bem com quase todos os l\u00edquidos de fluxo livre (o que significa que vertem facilmente), mas n\u00e3o funcionam bem com produtos mais espessos ou produtos com part\u00edculas, uma vez que estas podem entupir as v\u00e1lvulas. Est\u00e3o dispon\u00edveis como modelo de mesa de um bico e bicos duplos, tipo de ch\u00e3o de um bico e bicos duplos. bicos.<\/p><\/div>\n\t\t\t\t<\/div>\n\t\t\t\t<\/div>\n\t\t\t\t<div class=\"elementor-element elementor-element-2bc5338 elementor-widget elementor-widget-heading\" data-id=\"2bc5338\" data-element_type=\"widget\" data-widget_type=\"heading.default\">\n\t\t\t\t<div class=\"elementor-widget-container\">\n\t\t\t<h3 class=\"elementor-heading-title elementor-size-default\">Carater\u00edsticas principais<\/h3>\t\t<\/div>\n\t\t\t\t<\/div>\n\t\t\t\t<div class=\"elementor-element elementor-element-2c4eff5c elementor-widget elementor-widget-text-editor\" data-id=\"2c4eff5c\" data-element_type=\"widget\" data-widget_type=\"text-editor.default\">\n\t\t\t\t<div class=\"elementor-widget-container\">\n\t\t\t\t\t<div class=\"elementor-text-editor elementor-clearfix\"><p>- Constru\u00e7\u00e3o sanit\u00e1ria em a\u00e7o inoxid\u00e1vel<\/p><p>- Pist\u00e3o Airtec ou Festo<\/p><p>- Desmontagem sem ferramentas para uma limpeza f\u00e1cil<\/p><p>- Bocal e tubo de alimenta\u00e7\u00e3o de liberta\u00e7\u00e3o r\u00e1pida sem necessidade de ferramentas<\/p><p>- Funcionamento manual\/autom\u00e1tico.<\/p><p>- O acionamento por pedal liberta as m\u00e3os do operador para outras opera\u00e7\u00f5es.<\/p><p>- Funcionamento pneum\u00e1tico adequado para \u00e1reas perigosas ou instala\u00e7\u00f5es de lavagem.<\/p><p>- Ajuste da velocidade de aspira\u00e7\u00e3o e distribui\u00e7\u00e3o do produto<\/p><p>- Bicos intermut\u00e1veis.<\/p><p>- F\u00e1cil de montar e desmontar.<\/p><p>- Facilmente transport\u00e1vel.<\/p><\/div>\n\t\t\t\t<\/div>\n\t\t\t\t<\/div>\n\t\t\t\t<div class=\"elementor-element elementor-element-7bff1055 elementor-widget elementor-widget-heading\" data-id=\"7bff1055\" data-element_type=\"widget\" data-widget_type=\"heading.default\">\n\t\t\t\t<div class=\"elementor-widget-container\">\n\t\t\t<h3 class=\"elementor-heading-title elementor-size-default\">Especifica\u00e7\u00f5es t\u00e9cnicas<\/h3>\t\t<\/div>\n\t\t\t\t<\/div>\n\t\t\t\t<div class=\"elementor-element elementor-element-1b19fc3e elementor-widget elementor-widget-text-editor\" data-id=\"1b19fc3e\" data-element_type=\"widget\" data-widget_type=\"text-editor.default\">\n\t\t\t\t<div class=\"elementor-widget-container\">\n\t\t\t\t\t<div class=\"elementor-text-editor elementor-clearfix\"><p>Velocidade de enchimento:At\u00e9 30BPM (garrafa por minuto)<br \/>Precis\u00e3o de enchimento:99%<br \/>Gama de enchimento.<br \/>5-60ml,15-125ml,15-250ml,50-500ml,100-1000ml,500-2500ml,1000-5000ml.<br \/>Press\u00e3o do ar:70-100 psi<br \/>Volume de ar:3-5cfm<\/p><\/div>\n\t\t\t\t<\/div>\n\t\t\t\t<\/div>\n\t\t\t\t\t\t<\/div>\n\t\t\t<\/div>\n\t\t<\/div>\n\t\t\t\t<div class=\"elementor-element elementor-element-2285839b elementor-column elementor-col-50 elementor-top-column\" data-id=\"2285839b\" data-element_type=\"column\">\n\t\t\t<div class=\"elementor-column-wrap  elementor-element-populated\">\n\t\t\t\t\t<div class=\"elementor-widget-wrap\">\n\t\t\t\t<div class=\"elementor-element elementor-element-38d29867 elementor-widget elementor-widget-spacer\" data-id=\"38d29867\" data-element_type=\"widget\" data-widget_type=\"spacer.default\">\n\t\t\t\t<div class=\"elementor-widget-container\">\n\t\t\t\t\t<div class=\"elementor-spacer\">\n\t\t\t<div class=\"elementor-spacer-inner\"><\/div>\n\t\t<\/div>\n\t\t\t\t<\/div>\n\t\t\t\t<\/div>\n\t\t\t\t<div class=\"elementor-element elementor-element-6a1d3a44 elementor-widget elementor-widget-image\" data-id=\"6a1d3a44\" data-element_type=\"widget\" data-widget_type=\"image.default\">\n\t\t\t\t<div class=\"elementor-widget-container\">\n\t\t\t\t\t<div class=\"elementor-image\">\n\t\t\t\t\t\t\t\t\t\t<img loading=\"lazy\" decoding=\"async\" width=\"293\" height=\"188\" src=\"https:\/\/focusonpack.com\/wp-content\/uploads\/2023\/07\/check0.jpg\" class=\"elementor-animation-grow attachment-full size-full\" alt=\"\" \/>\t\t\t\t\t\t\t\t\t\t\t<\/div>\n\t\t\t\t<\/div>\n\t\t\t\t<\/div>\n\t\t\t\t<div class=\"elementor-element elementor-element-3597bc54 elementor-button-info elementor-align-center elementor-widget elementor-widget-button\" data-id=\"3597bc54\" data-element_type=\"widget\" data-widget_type=\"button.default\">\n\t\t\t\t<div class=\"elementor-widget-container\">\n\t\t\t\t\t<div class=\"elementor-button-wrapper\">\n\t\t\t<a href=\"https:\/\/focusonpack.com\/pt\/contactar-nos\/\" class=\"elementor-button-link elementor-button elementor-size-sm\" role=\"button\">\n\t\t\t\t\t\t<span class=\"elementor-button-content-wrapper\">\n\t\t\t\t\t\t<span class=\"elementor-button-text\">Pedir um or\u00e7amento<\/span>\n\t\t<\/span>\n\t\t\t\t\t<\/a>\n\t\t<\/div>\n\t\t\t\t<\/div>\n\t\t\t\t<\/div>\n\t\t\t\t\t\t<\/div>\n\t\t\t<\/div>\n\t\t<\/div>\n\t\t\t\t\t\t<\/div>\n\t\t\t<\/div>\n\t\t<\/section>\n\t\t\t\t\t\t<\/div>\n\t\t\t<\/div>\n\t\t<\/div>","protected":false},"excerpt":{"rendered":"<p>Semi Automatic Check Valve Pis&hellip;<\/p>","protected":false},"author":1,"featured_media":0,"parent":2495,"menu_order":0,"comment_status":"closed","ping_status":"closed","template":"elementor_header_footer","meta":{"footnotes":""},"class_list":["post-3305","page","type-page","status-publish","hentry","no-thumb"],"yoast_head":"<!-- This site is optimized with the Yoast SEO plugin v24.8.1 - https:\/\/yoast.com\/wordpress\/plugins\/seo\/ -->\n<title>Semi Automatic Check Valve Piston Filling Machine for Thin Liquids - Focus on pack<\/title>\n<meta name=\"robots\" content=\"index, follow, max-snippet:-1, max-image-preview:large, max-video-preview:-1\" \/>\n<link rel=\"canonical\" href=\"https:\/\/focusonpack.com\/pt\/maquina-de-enchimento-de-pistao\/maquina-de-enchimento-de-pistao-com-valvula-de-retencao-semi-automatica-para-liquidos-finos\/\" \/>\n<meta property=\"og:locale\" content=\"pt_PT\" \/>\n<meta property=\"og:type\" content=\"article\" \/>\n<meta property=\"og:title\" content=\"Semi Automatic Check Valve Piston Filling Machine for Thin Liquids - Focus on pack\" \/>\n<meta property=\"og:description\" content=\"Semi Automatic Check Valve Pis&hellip;\" \/>\n<meta property=\"og:url\" content=\"https:\/\/focusonpack.com\/pt\/maquina-de-enchimento-de-pistao\/maquina-de-enchimento-de-pistao-com-valvula-de-retencao-semi-automatica-para-liquidos-finos\/\" \/>\n<meta property=\"og:site_name\" content=\"Focus on pack\" \/>\n<meta property=\"article:modified_time\" content=\"2025-03-29T07:55:16+00:00\" \/>\n<meta property=\"og:image\" content=\"https:\/\/focusonpack.com\/wp-content\/uploads\/2023\/07\/check0.jpg\" \/>\n<meta name=\"twitter:card\" content=\"summary_large_image\" \/>\n<meta name=\"twitter:label1\" content=\"Est. reading time\" \/>\n\t<meta name=\"twitter:data1\" content=\"2 minutos\" \/>\n<script type=\"application\/ld+json\" class=\"yoast-schema-graph\">{\"@context\":\"https:\/\/schema.org\",\"@graph\":[{\"@type\":\"WebPage\",\"@id\":\"https:\/\/focusonpack.com\/piston-filling-machine\/semi-automatic-check-valve-piston-filling-machine-for-thin-liquids\/\",\"url\":\"https:\/\/focusonpack.com\/piston-filling-machine\/semi-automatic-check-valve-piston-filling-machine-for-thin-liquids\/\",\"name\":\"Semi Automatic Check Valve Piston Filling Machine for Thin Liquids - Focus on pack\",\"isPartOf\":{\"@id\":\"https:\/\/focusonpack.com\/#website\"},\"primaryImageOfPage\":{\"@id\":\"https:\/\/focusonpack.com\/piston-filling-machine\/semi-automatic-check-valve-piston-filling-machine-for-thin-liquids\/#primaryimage\"},\"image\":{\"@id\":\"https:\/\/focusonpack.com\/piston-filling-machine\/semi-automatic-check-valve-piston-filling-machine-for-thin-liquids\/#primaryimage\"},\"thumbnailUrl\":\"https:\/\/focusonpack.com\/wp-content\/uploads\/2023\/07\/check0.jpg\",\"datePublished\":\"2020-05-15T08:53:59+00:00\",\"dateModified\":\"2025-03-29T07:55:16+00:00\",\"breadcrumb\":{\"@id\":\"https:\/\/focusonpack.com\/piston-filling-machine\/semi-automatic-check-valve-piston-filling-machine-for-thin-liquids\/#breadcrumb\"},\"inLanguage\":\"pt-PT\",\"potentialAction\":[{\"@type\":\"ReadAction\",\"target\":[\"https:\/\/focusonpack.com\/piston-filling-machine\/semi-automatic-check-valve-piston-filling-machine-for-thin-liquids\/\"]}]},{\"@type\":\"ImageObject\",\"inLanguage\":\"pt-PT\",\"@id\":\"https:\/\/focusonpack.com\/piston-filling-machine\/semi-automatic-check-valve-piston-filling-machine-for-thin-liquids\/#primaryimage\",\"url\":\"https:\/\/focusonpack.com\/wp-content\/uploads\/2023\/07\/check0.jpg\",\"contentUrl\":\"https:\/\/focusonpack.com\/wp-content\/uploads\/2023\/07\/check0.jpg\"},{\"@type\":\"BreadcrumbList\",\"@id\":\"https:\/\/focusonpack.com\/piston-filling-machine\/semi-automatic-check-valve-piston-filling-machine-for-thin-liquids\/#breadcrumb\",\"itemListElement\":[{\"@type\":\"ListItem\",\"position\":1,\"name\":\"\u9996\u9875\",\"item\":\"https:\/\/focusonpack.com\/\"},{\"@type\":\"ListItem\",\"position\":2,\"name\":\"Piston Filling Machine\",\"item\":\"https:\/\/focusonpack.com\/piston-filling-machine\/\"},{\"@type\":\"ListItem\",\"position\":3,\"name\":\"Semi Automatic Check Valve Piston Filling Machine for Thin Liquids\"}]},{\"@type\":\"WebSite\",\"@id\":\"https:\/\/focusonpack.com\/#website\",\"url\":\"https:\/\/focusonpack.com\/\",\"name\":\"Focus on pack\",\"description\":\"\",\"potentialAction\":[{\"@type\":\"SearchAction\",\"target\":{\"@type\":\"EntryPoint\",\"urlTemplate\":\"https:\/\/focusonpack.com\/?s={search_term_string}\"},\"query-input\":{\"@type\":\"PropertyValueSpecification\",\"valueRequired\":true,\"valueName\":\"search_term_string\"}}],\"inLanguage\":\"pt-PT\"}]}<\/script>\n<!-- \/ Yoast SEO plugin. -->","yoast_head_json":{"title":"Semi Automatic Check Valve Piston Filling Machine for Thin Liquids - Focus on pack","robots":{"index":"index","follow":"follow","max-snippet":"max-snippet:-1","max-image-preview":"max-image-preview:large","max-video-preview":"max-video-preview:-1"},"canonical":"https:\/\/focusonpack.com\/pt\/maquina-de-enchimento-de-pistao\/maquina-de-enchimento-de-pistao-com-valvula-de-retencao-semi-automatica-para-liquidos-finos\/","og_locale":"pt_PT","og_type":"article","og_title":"Semi Automatic Check Valve Piston Filling Machine for Thin Liquids - Focus on pack","og_description":"Semi Automatic Check Valve Pis&hellip;","og_url":"https:\/\/focusonpack.com\/pt\/maquina-de-enchimento-de-pistao\/maquina-de-enchimento-de-pistao-com-valvula-de-retencao-semi-automatica-para-liquidos-finos\/","og_site_name":"Focus on pack","article_modified_time":"2025-03-29T07:55:16+00:00","og_image":[{"url":"https:\/\/focusonpack.com\/wp-content\/uploads\/2023\/07\/check0.jpg","type":"","width":"","height":""}],"twitter_card":"summary_large_image","twitter_misc":{"Est. reading time":"2 minutos"},"schema":{"@context":"https:\/\/schema.org","@graph":[{"@type":"WebPage","@id":"https:\/\/focusonpack.com\/piston-filling-machine\/semi-automatic-check-valve-piston-filling-machine-for-thin-liquids\/","url":"https:\/\/focusonpack.com\/piston-filling-machine\/semi-automatic-check-valve-piston-filling-machine-for-thin-liquids\/","name":"Semi Automatic Check Valve Piston Filling Machine for Thin Liquids - Focus on pack","isPartOf":{"@id":"https:\/\/focusonpack.com\/#website"},"primaryImageOfPage":{"@id":"https:\/\/focusonpack.com\/piston-filling-machine\/semi-automatic-check-valve-piston-filling-machine-for-thin-liquids\/#primaryimage"},"image":{"@id":"https:\/\/focusonpack.com\/piston-filling-machine\/semi-automatic-check-valve-piston-filling-machine-for-thin-liquids\/#primaryimage"},"thumbnailUrl":"https:\/\/focusonpack.com\/wp-content\/uploads\/2023\/07\/check0.jpg","datePublished":"2020-05-15T08:53:59+00:00","dateModified":"2025-03-29T07:55:16+00:00","breadcrumb":{"@id":"https:\/\/focusonpack.com\/piston-filling-machine\/semi-automatic-check-valve-piston-filling-machine-for-thin-liquids\/#breadcrumb"},"inLanguage":"pt-PT","potentialAction":[{"@type":"ReadAction","target":["https:\/\/focusonpack.com\/piston-filling-machine\/semi-automatic-check-valve-piston-filling-machine-for-thin-liquids\/"]}]},{"@type":"ImageObject","inLanguage":"pt-PT","@id":"https:\/\/focusonpack.com\/piston-filling-machine\/semi-automatic-check-valve-piston-filling-machine-for-thin-liquids\/#primaryimage","url":"https:\/\/focusonpack.com\/wp-content\/uploads\/2023\/07\/check0.jpg","contentUrl":"https:\/\/focusonpack.com\/wp-content\/uploads\/2023\/07\/check0.jpg"},{"@type":"BreadcrumbList","@id":"https:\/\/focusonpack.com\/piston-filling-machine\/semi-automatic-check-valve-piston-filling-machine-for-thin-liquids\/#breadcrumb","itemListElement":[{"@type":"ListItem","position":1,"name":"\u9996\u9875","item":"https:\/\/focusonpack.com\/"},{"@type":"ListItem","position":2,"name":"Piston Filling Machine","item":"https:\/\/focusonpack.com\/piston-filling-machine\/"},{"@type":"ListItem","position":3,"name":"Semi Automatic Check Valve Piston Filling Machine for Thin Liquids"}]},{"@type":"WebSite","@id":"https:\/\/focusonpack.com\/#website","url":"https:\/\/focusonpack.com\/","name":"Focus on pack","description":"","potentialAction":[{"@type":"SearchAction","target":{"@type":"EntryPoint","urlTemplate":"https:\/\/focusonpack.com\/?s={search_term_string}"},"query-input":{"@type":"PropertyValueSpecification","valueRequired":true,"valueName":"search_term_string"}}],"inLanguage":"pt-PT"}]}},"_links":{"self":[{"href":"https:\/\/focusonpack.com\/pt\/wp-json\/wp\/v2\/pages\/3305","targetHints":{"allow":["GET"]}}],"collection":[{"href":"https:\/\/focusonpack.com\/pt\/wp-json\/wp\/v2\/pages"}],"about":[{"href":"https:\/\/focusonpack.com\/pt\/wp-json\/wp\/v2\/types\/page"}],"author":[{"embeddable":true,"href":"https:\/\/focusonpack.com\/pt\/wp-json\/wp\/v2\/users\/1"}],"replies":[{"embeddable":true,"href":"https:\/\/focusonpack.com\/pt\/wp-json\/wp\/v2\/comments?post=3305"}],"version-history":[{"count":10,"href":"https:\/\/focusonpack.com\/pt\/wp-json\/wp\/v2\/pages\/3305\/revisions"}],"predecessor-version":[{"id":4626,"href":"https:\/\/focusonpack.com\/pt\/wp-json\/wp\/v2\/pages\/3305\/revisions\/4626"}],"up":[{"embeddable":true,"href":"https:\/\/focusonpack.com\/pt\/wp-json\/wp\/v2\/pages\/2495"}],"wp:attachment":[{"href":"https:\/\/focusonpack.com\/pt\/wp-json\/wp\/v2\/media?parent=3305"}],"curies":[{"name":"wp","href":"https:\/\/api.w.org\/{rel}","templated":true}]}}