{"id":3307,"date":"2020-05-15T16:54:31","date_gmt":"2020-05-15T08:54:31","guid":{"rendered":"https:\/\/focusonpack.com\/?page_id=3307"},"modified":"2025-03-29T16:34:18","modified_gmt":"2025-03-29T08:34:18","slug":"16-head-time-flow-gravity-filling-machine","status":"publish","type":"page","link":"https:\/\/focusonpack.com\/pt\/maquina-de-enchimento-por-gravidade\/16-head-time-flow-gravity-filling-machine\/","title":{"rendered":"16 Head Time Flow Gravity Filling Machine"},"content":{"rendered":"<div data-elementor-type=\"wp-page\" data-elementor-id=\"3307\" class=\"elementor elementor-3307\" data-elementor-settings=\"[]\">\n\t\t\t<div class=\"elementor-inner\">\n\t\t\t\t<div class=\"elementor-section-wrap\">\n\t\t\t\t\t\t\t<section class=\"elementor-element elementor-element-706a9bed elementor-section-boxed elementor-section-height-default elementor-section-height-default elementor-section elementor-top-section\" data-id=\"706a9bed\" data-element_type=\"section\">\n\t\t\t\t\t\t<div class=\"elementor-container elementor-column-gap-default\">\n\t\t\t\t<div class=\"elementor-row\">\n\t\t\t\t<div class=\"elementor-element elementor-element-27a6111 elementor-column elementor-col-50 elementor-top-column\" data-id=\"27a6111\" data-element_type=\"column\">\n\t\t\t<div class=\"elementor-column-wrap  elementor-element-populated\">\n\t\t\t\t\t<div class=\"elementor-widget-wrap\">\n\t\t\t\t<div class=\"elementor-element elementor-element-78b1d33e elementor-widget elementor-widget-heading\" data-id=\"78b1d33e\" data-element_type=\"widget\" data-widget_type=\"heading.default\">\n\t\t\t\t<div class=\"elementor-widget-container\">\n\t\t\t<h3 class=\"elementor-heading-title elementor-size-default\">16 Head Time Flow Gravity Filling Machine<\/h3>\t\t<\/div>\n\t\t\t\t<\/div>\n\t\t\t\t<div class=\"elementor-element elementor-element-70d112e3 elementor-widget elementor-widget-text-editor\" data-id=\"70d112e3\" data-element_type=\"widget\" data-widget_type=\"text-editor.default\">\n\t\t\t\t<div class=\"elementor-widget-container\">\n\t\t\t\t\t<div class=\"elementor-text-editor elementor-clearfix\"><p>Time gravity filling machine is the most economical type of time filling machine for a limited range of applications.This time filling machine is best suited for liquids with very thin viscosities that do not change with ambient temperature or with batch variation. Water, vinegar, soy sauce, oil, alcohol, solvent, mouth wash, cleaner, bleach are good examples and even corrosive liquid and chemicals.<\/p><\/div>\n\t\t\t\t<\/div>\n\t\t\t\t<\/div>\n\t\t\t\t<div class=\"elementor-element elementor-element-5b546593 elementor-widget elementor-widget-text-editor\" data-id=\"5b546593\" data-element_type=\"widget\" data-widget_type=\"text-editor.default\">\n\t\t\t\t<div class=\"elementor-widget-container\">\n\t\t\t\t\t<div class=\"elementor-text-editor elementor-clearfix\"><p>The time filling machines work by a simple principle. Liquid is pumped into a holding tank above a set of pneumatically operated valves. Each valve is independently timed by the time flow filling machine master computer so that the precise amount of the liquid will flow by gravity into the containers, Independent timing of each filling valve\/nozzle corrects for minor variations in flow rates so that each container is filled accurately. An automatic product level sensing float system detects level of the liquid to maintain pressure so that liquid can flow into containers fast and evenly. When liquid level is low, pump is on, liquid is pumped into holding tank, when liquid reaches high level, pump is off.<\/p><\/div>\n\t\t\t\t<\/div>\n\t\t\t\t<\/div>\n\t\t\t\t<div class=\"elementor-element elementor-element-29eda068 elementor-widget elementor-widget-heading\" data-id=\"29eda068\" data-element_type=\"widget\" data-widget_type=\"heading.default\">\n\t\t\t\t<div class=\"elementor-widget-container\">\n\t\t\t<h3 class=\"elementor-heading-title elementor-size-default\">Carater\u00edsticas principais<\/h3>\t\t<\/div>\n\t\t\t\t<\/div>\n\t\t\t\t<div class=\"elementor-element elementor-element-53a4305b elementor-widget elementor-widget-text-editor\" data-id=\"53a4305b\" data-element_type=\"widget\" data-widget_type=\"text-editor.default\">\n\t\t\t\t<div class=\"elementor-widget-container\">\n\t\t\t\t\t<div class=\"elementor-text-editor elementor-clearfix\"><p>- Constru\u00e7\u00e3o robusta em a\u00e7o inoxid\u00e1vel<br \/>\u2022 Stainless steel Reservoir<br \/>\u2022 Automatic product level sensing float system<br \/>\u2022 Safety guarding<br \/>\u2022 Easily adjustable nozzle height settings accommodate different height containers<br \/>\u2022 Pneumatic indexing gates (count in, count out)<br \/>\u2022 Able to output multiple doses per container for large containers<br \/>- Controlos PLC de f\u00e1cil utiliza\u00e7\u00e3o com ecr\u00e3 t\u00e1til HMI<br \/>\u2022 Easy clean stainless steel quick connect fittings<br \/>\u2022 Neck grabbers for containers wtih small opening<br \/>\u2022 No bottle\/No fill<\/p><\/div>\n\t\t\t\t<\/div>\n\t\t\t\t<\/div>\n\t\t\t\t<div class=\"elementor-element elementor-element-17c6a379 elementor-widget elementor-widget-heading\" data-id=\"17c6a379\" data-element_type=\"widget\" data-widget_type=\"heading.default\">\n\t\t\t\t<div class=\"elementor-widget-container\">\n\t\t\t<h3 class=\"elementor-heading-title elementor-size-default\">Op\u00e7\u00f5es dispon\u00edveis<\/h3>\t\t<\/div>\n\t\t\t\t<\/div>\n\t\t\t\t<div class=\"elementor-element elementor-element-3ee295a0 elementor-widget elementor-widget-text-editor\" data-id=\"3ee295a0\" data-element_type=\"widget\" data-widget_type=\"text-editor.default\">\n\t\t\t\t<div class=\"elementor-widget-container\">\n\t\t\t\t\t<div class=\"elementor-text-editor elementor-clearfix\"><p>\u2022 Various indexing systems &#8211; pin or gate,timing screw,starwheel and shuttle<br \/>\u2022 Diving heads nozzles for bottom up filling to reduce foam<br \/>\u2022 Drip Tray<\/p><\/div>\n\t\t\t\t<\/div>\n\t\t\t\t<\/div>\n\t\t\t\t<div class=\"elementor-element elementor-element-5cf1667c elementor-widget elementor-widget-heading\" data-id=\"5cf1667c\" data-element_type=\"widget\" data-widget_type=\"heading.default\">\n\t\t\t\t<div class=\"elementor-widget-container\">\n\t\t\t<h3 class=\"elementor-heading-title elementor-size-default\">Especifica\u00e7\u00f5es t\u00e9cnicas<\/h3>\t\t<\/div>\n\t\t\t\t<\/div>\n\t\t\t\t<div class=\"elementor-element elementor-element-b75a0ab elementor-widget elementor-widget-text-editor\" data-id=\"b75a0ab\" data-element_type=\"widget\" data-widget_type=\"text-editor.default\">\n\t\t\t\t<div class=\"elementor-widget-container\">\n\t\t\t\t\t<div class=\"elementor-text-editor elementor-clearfix\"><table width=\"703\"><tbody><tr><td width=\"155\">N.\u00ba de cabe\u00e7as de enchimento\u00a0<\/td><td width=\"548\">16(Available with 4,6,8,10,12,14)<\/td><\/tr><tr><td>Tamanho do enchimento<\/td><td>50-1000ml<\/td><\/tr><tr><td>Capacidade de produ\u00e7\u00e3o\u00a0<\/td><td>7200BPH based on 100ml(depending on liquid characters and container size)<\/td><\/tr><tr><td>Precis\u00e3o de enchimento\u00a0<\/td><td>\u00b11%<\/td><\/tr><tr><td>Di\u00e2metro do contentor\u00a0<\/td><td>40-100mm<\/td><\/tr><tr><td>Altura do contentor<\/td><td>60-300mm<\/td><\/tr><tr><td>Press\u00e3o do ar\u00a0<\/td><td>0,6-0,8MPA<\/td><\/tr><tr><td>Consumo de energia\u00a0<\/td><td>1.5KW<\/td><\/tr><\/tbody><\/table><p>\u00a0<\/p><\/div>\n\t\t\t\t<\/div>\n\t\t\t\t<\/div>\n\t\t\t\t<div class=\"elementor-element elementor-element-3b3ed7b4 elementor-widget elementor-widget-text-editor\" data-id=\"3b3ed7b4\" data-element_type=\"widget\" data-widget_type=\"text-editor.default\">\n\t\t\t\t<div class=\"elementor-widget-container\">\n\t\t\t\t\t<div class=\"elementor-text-editor elementor-clearfix\"><p>* As especifica\u00e7\u00f5es est\u00e3o sujeitas a altera\u00e7\u00f5es sem aviso pr\u00e9vio, Todos os direitos reservados.<\/p><\/div>\n\t\t\t\t<\/div>\n\t\t\t\t<\/div>\n\t\t\t\t<div class=\"elementor-element elementor-element-6292971 elementor-widget elementor-widget-heading\" data-id=\"6292971\" data-element_type=\"widget\" data-widget_type=\"heading.default\">\n\t\t\t\t<div class=\"elementor-widget-container\">\n\t\t\t<h3 class=\"elementor-heading-title elementor-size-default\">How to choose time flow gravity filling machine<\/h3>\t\t<\/div>\n\t\t\t\t<\/div>\n\t\t\t\t<div class=\"elementor-element elementor-element-6e6a9c3 elementor-widget elementor-widget-text-editor\" data-id=\"6e6a9c3\" data-element_type=\"widget\" data-widget_type=\"text-editor.default\">\n\t\t\t\t<div class=\"elementor-widget-container\">\n\t\t\t\t\t<div class=\"elementor-text-editor elementor-clearfix\"><p>Output depends on fill size,viscosity of the liquid and type of container,Available with 4,6,8,10,12,14 filling head, if you are unsure how to choose,please let us know and our professional team will give you specific advice on the best filing machine to fit your requirements.<\/p><\/div>\n\t\t\t\t<\/div>\n\t\t\t\t<\/div>\n\t\t\t\t<div class=\"elementor-element elementor-element-3968736 elementor-widget elementor-widget-text-editor\" data-id=\"3968736\" data-element_type=\"widget\" data-widget_type=\"text-editor.default\">\n\t\t\t\t<div class=\"elementor-widget-container\">\n\t\t\t\t\t<div class=\"elementor-text-editor elementor-clearfix\"><p>- Qual o produto a encher<\/p>\n<p>- Qual a capacidade de produ\u00e7\u00e3o a atingir<\/p>\n<p>- Qual o material e a forma dos contentores<\/p>\n<p>- Qual o tamanho a encher<\/p><\/div>\n\t\t\t\t<\/div>\n\t\t\t\t<\/div>\n\t\t\t\t\t\t<\/div>\n\t\t\t<\/div>\n\t\t<\/div>\n\t\t\t\t<div class=\"elementor-element elementor-element-61e22db3 elementor-column elementor-col-50 elementor-top-column\" data-id=\"61e22db3\" data-element_type=\"column\">\n\t\t\t<div class=\"elementor-column-wrap  elementor-element-populated\">\n\t\t\t\t\t<div class=\"elementor-widget-wrap\">\n\t\t\t\t<div class=\"elementor-element elementor-element-78f3ba37 elementor-widget elementor-widget-image\" data-id=\"78f3ba37\" data-element_type=\"widget\" data-widget_type=\"image.default\">\n\t\t\t\t<div class=\"elementor-widget-container\">\n\t\t\t\t\t<div class=\"elementor-image\">\n\t\t\t\t\t\t\t\t\t\t<img loading=\"lazy\" decoding=\"async\" width=\"312\" height=\"207\" src=\"https:\/\/focusonpack.com\/wp-content\/uploads\/2023\/07\/Liquid-filling-machine-1-1.jpg\" class=\"elementor-animation-grow attachment-full size-full\" alt=\"\" srcset=\"https:\/\/focusonpack.com\/wp-content\/uploads\/2023\/07\/Liquid-filling-machine-1-1.jpg 312w, https:\/\/focusonpack.com\/wp-content\/uploads\/2023\/07\/Liquid-filling-machine-1-1-300x199.jpg 300w, https:\/\/focusonpack.com\/wp-content\/uploads\/2023\/07\/Liquid-filling-machine-1-1-270x180.jpg 270w\" sizes=\"auto, (max-width: 312px) 100vw, 312px\" \/>\t\t\t\t\t\t\t\t\t\t\t<\/div>\n\t\t\t\t<\/div>\n\t\t\t\t<\/div>\n\t\t\t\t<div class=\"elementor-element elementor-element-2c408ebc elementor-button-info elementor-align-center elementor-widget elementor-widget-button\" data-id=\"2c408ebc\" data-element_type=\"widget\" data-widget_type=\"button.default\">\n\t\t\t\t<div class=\"elementor-widget-container\">\n\t\t\t\t\t<div class=\"elementor-button-wrapper\">\n\t\t\t<a href=\"https:\/\/focusonpack.com\/pt\/contactar-nos\/\" class=\"elementor-button-link elementor-button elementor-size-sm\" role=\"button\">\n\t\t\t\t\t\t<span class=\"elementor-button-content-wrapper\">\n\t\t\t\t\t\t<span class=\"elementor-button-text\">Pedir um or\u00e7amento<\/span>\n\t\t<\/span>\n\t\t\t\t\t<\/a>\n\t\t<\/div>\n\t\t\t\t<\/div>\n\t\t\t\t<\/div>\n\t\t\t\t\t\t<\/div>\n\t\t\t<\/div>\n\t\t<\/div>\n\t\t\t\t\t\t<\/div>\n\t\t\t<\/div>\n\t\t<\/section>\n\t\t\t\t\t\t<\/div>\n\t\t\t<\/div>\n\t\t<\/div>","protected":false},"excerpt":{"rendered":"<p>16 Head Time Flow Gravity Fill&hellip;<\/p>","protected":false},"author":1,"featured_media":0,"parent":2496,"menu_order":0,"comment_status":"closed","ping_status":"closed","template":"elementor_header_footer","meta":{"footnotes":""},"class_list":["post-3307","page","type-page","status-publish","hentry","no-thumb"],"yoast_head":"<!-- This site is optimized with the Yoast SEO plugin v24.8.1 - https:\/\/yoast.com\/wordpress\/plugins\/seo\/ -->\n<title>16 Head Time Flow Gravity Filling Machine - Focus on pack<\/title>\n<meta name=\"robots\" content=\"index, follow, max-snippet:-1, max-image-preview:large, max-video-preview:-1\" \/>\n<link rel=\"canonical\" href=\"https:\/\/focusonpack.com\/pt\/maquina-de-enchimento-por-gravidade\/16-head-time-flow-gravity-filling-machine\/\" \/>\n<meta property=\"og:locale\" content=\"pt_PT\" \/>\n<meta property=\"og:type\" content=\"article\" \/>\n<meta property=\"og:title\" content=\"16 Head Time Flow Gravity Filling Machine - Focus on pack\" \/>\n<meta property=\"og:description\" content=\"16 Head Time Flow Gravity Fill&hellip;\" \/>\n<meta property=\"og:url\" content=\"https:\/\/focusonpack.com\/pt\/maquina-de-enchimento-por-gravidade\/16-head-time-flow-gravity-filling-machine\/\" \/>\n<meta property=\"og:site_name\" content=\"Focus on pack\" \/>\n<meta property=\"article:modified_time\" content=\"2025-03-29T08:34:18+00:00\" \/>\n<meta property=\"og:image\" content=\"https:\/\/focusonpack.com\/wp-content\/uploads\/2023\/07\/Liquid-filling-machine-1-1.jpg\" \/>\n<meta name=\"twitter:card\" content=\"summary_large_image\" \/>\n<meta name=\"twitter:label1\" content=\"Est. reading time\" \/>\n\t<meta name=\"twitter:data1\" content=\"3 minutos\" \/>\n<script type=\"application\/ld+json\" class=\"yoast-schema-graph\">{\"@context\":\"https:\/\/schema.org\",\"@graph\":[{\"@type\":\"WebPage\",\"@id\":\"https:\/\/focusonpack.com\/gravity-filling-machine\/16-head-time-flow-gravity-filling-machine\/\",\"url\":\"https:\/\/focusonpack.com\/gravity-filling-machine\/16-head-time-flow-gravity-filling-machine\/\",\"name\":\"16 Head Time Flow Gravity Filling Machine - Focus on pack\",\"isPartOf\":{\"@id\":\"https:\/\/focusonpack.com\/#website\"},\"primaryImageOfPage\":{\"@id\":\"https:\/\/focusonpack.com\/gravity-filling-machine\/16-head-time-flow-gravity-filling-machine\/#primaryimage\"},\"image\":{\"@id\":\"https:\/\/focusonpack.com\/gravity-filling-machine\/16-head-time-flow-gravity-filling-machine\/#primaryimage\"},\"thumbnailUrl\":\"https:\/\/focusonpack.com\/wp-content\/uploads\/2023\/07\/Liquid-filling-machine-1-1.jpg\",\"datePublished\":\"2020-05-15T08:54:31+00:00\",\"dateModified\":\"2025-03-29T08:34:18+00:00\",\"breadcrumb\":{\"@id\":\"https:\/\/focusonpack.com\/gravity-filling-machine\/16-head-time-flow-gravity-filling-machine\/#breadcrumb\"},\"inLanguage\":\"pt-PT\",\"potentialAction\":[{\"@type\":\"ReadAction\",\"target\":[\"https:\/\/focusonpack.com\/gravity-filling-machine\/16-head-time-flow-gravity-filling-machine\/\"]}]},{\"@type\":\"ImageObject\",\"inLanguage\":\"pt-PT\",\"@id\":\"https:\/\/focusonpack.com\/gravity-filling-machine\/16-head-time-flow-gravity-filling-machine\/#primaryimage\",\"url\":\"https:\/\/focusonpack.com\/wp-content\/uploads\/2023\/07\/Liquid-filling-machine-1-1.jpg\",\"contentUrl\":\"https:\/\/focusonpack.com\/wp-content\/uploads\/2023\/07\/Liquid-filling-machine-1-1.jpg\"},{\"@type\":\"BreadcrumbList\",\"@id\":\"https:\/\/focusonpack.com\/gravity-filling-machine\/16-head-time-flow-gravity-filling-machine\/#breadcrumb\",\"itemListElement\":[{\"@type\":\"ListItem\",\"position\":1,\"name\":\"\u9996\u9875\",\"item\":\"https:\/\/focusonpack.com\/\"},{\"@type\":\"ListItem\",\"position\":2,\"name\":\"Gravity Filling Machine\",\"item\":\"https:\/\/focusonpack.com\/gravity-filling-machine\/\"},{\"@type\":\"ListItem\",\"position\":3,\"name\":\"16 Head Time Flow Gravity Filling Machine\"}]},{\"@type\":\"WebSite\",\"@id\":\"https:\/\/focusonpack.com\/#website\",\"url\":\"https:\/\/focusonpack.com\/\",\"name\":\"Focus on pack\",\"description\":\"\",\"potentialAction\":[{\"@type\":\"SearchAction\",\"target\":{\"@type\":\"EntryPoint\",\"urlTemplate\":\"https:\/\/focusonpack.com\/?s={search_term_string}\"},\"query-input\":{\"@type\":\"PropertyValueSpecification\",\"valueRequired\":true,\"valueName\":\"search_term_string\"}}],\"inLanguage\":\"pt-PT\"}]}<\/script>\n<!-- \/ Yoast SEO plugin. -->","yoast_head_json":{"title":"16 Head Time Flow Gravity Filling Machine - Focus on pack","robots":{"index":"index","follow":"follow","max-snippet":"max-snippet:-1","max-image-preview":"max-image-preview:large","max-video-preview":"max-video-preview:-1"},"canonical":"https:\/\/focusonpack.com\/pt\/maquina-de-enchimento-por-gravidade\/16-head-time-flow-gravity-filling-machine\/","og_locale":"pt_PT","og_type":"article","og_title":"16 Head Time Flow Gravity Filling Machine - Focus on pack","og_description":"16 Head Time Flow Gravity Fill&hellip;","og_url":"https:\/\/focusonpack.com\/pt\/maquina-de-enchimento-por-gravidade\/16-head-time-flow-gravity-filling-machine\/","og_site_name":"Focus on pack","article_modified_time":"2025-03-29T08:34:18+00:00","og_image":[{"url":"https:\/\/focusonpack.com\/wp-content\/uploads\/2023\/07\/Liquid-filling-machine-1-1.jpg","type":"","width":"","height":""}],"twitter_card":"summary_large_image","twitter_misc":{"Est. reading time":"3 minutos"},"schema":{"@context":"https:\/\/schema.org","@graph":[{"@type":"WebPage","@id":"https:\/\/focusonpack.com\/gravity-filling-machine\/16-head-time-flow-gravity-filling-machine\/","url":"https:\/\/focusonpack.com\/gravity-filling-machine\/16-head-time-flow-gravity-filling-machine\/","name":"16 Head Time Flow Gravity Filling Machine - Focus on pack","isPartOf":{"@id":"https:\/\/focusonpack.com\/#website"},"primaryImageOfPage":{"@id":"https:\/\/focusonpack.com\/gravity-filling-machine\/16-head-time-flow-gravity-filling-machine\/#primaryimage"},"image":{"@id":"https:\/\/focusonpack.com\/gravity-filling-machine\/16-head-time-flow-gravity-filling-machine\/#primaryimage"},"thumbnailUrl":"https:\/\/focusonpack.com\/wp-content\/uploads\/2023\/07\/Liquid-filling-machine-1-1.jpg","datePublished":"2020-05-15T08:54:31+00:00","dateModified":"2025-03-29T08:34:18+00:00","breadcrumb":{"@id":"https:\/\/focusonpack.com\/gravity-filling-machine\/16-head-time-flow-gravity-filling-machine\/#breadcrumb"},"inLanguage":"pt-PT","potentialAction":[{"@type":"ReadAction","target":["https:\/\/focusonpack.com\/gravity-filling-machine\/16-head-time-flow-gravity-filling-machine\/"]}]},{"@type":"ImageObject","inLanguage":"pt-PT","@id":"https:\/\/focusonpack.com\/gravity-filling-machine\/16-head-time-flow-gravity-filling-machine\/#primaryimage","url":"https:\/\/focusonpack.com\/wp-content\/uploads\/2023\/07\/Liquid-filling-machine-1-1.jpg","contentUrl":"https:\/\/focusonpack.com\/wp-content\/uploads\/2023\/07\/Liquid-filling-machine-1-1.jpg"},{"@type":"BreadcrumbList","@id":"https:\/\/focusonpack.com\/gravity-filling-machine\/16-head-time-flow-gravity-filling-machine\/#breadcrumb","itemListElement":[{"@type":"ListItem","position":1,"name":"\u9996\u9875","item":"https:\/\/focusonpack.com\/"},{"@type":"ListItem","position":2,"name":"Gravity Filling Machine","item":"https:\/\/focusonpack.com\/gravity-filling-machine\/"},{"@type":"ListItem","position":3,"name":"16 Head Time Flow Gravity Filling Machine"}]},{"@type":"WebSite","@id":"https:\/\/focusonpack.com\/#website","url":"https:\/\/focusonpack.com\/","name":"Focus on pack","description":"","potentialAction":[{"@type":"SearchAction","target":{"@type":"EntryPoint","urlTemplate":"https:\/\/focusonpack.com\/?s={search_term_string}"},"query-input":{"@type":"PropertyValueSpecification","valueRequired":true,"valueName":"search_term_string"}}],"inLanguage":"pt-PT"}]}},"_links":{"self":[{"href":"https:\/\/focusonpack.com\/pt\/wp-json\/wp\/v2\/pages\/3307","targetHints":{"allow":["GET"]}}],"collection":[{"href":"https:\/\/focusonpack.com\/pt\/wp-json\/wp\/v2\/pages"}],"about":[{"href":"https:\/\/focusonpack.com\/pt\/wp-json\/wp\/v2\/types\/page"}],"author":[{"embeddable":true,"href":"https:\/\/focusonpack.com\/pt\/wp-json\/wp\/v2\/users\/1"}],"replies":[{"embeddable":true,"href":"https:\/\/focusonpack.com\/pt\/wp-json\/wp\/v2\/comments?post=3307"}],"version-history":[{"count":14,"href":"https:\/\/focusonpack.com\/pt\/wp-json\/wp\/v2\/pages\/3307\/revisions"}],"predecessor-version":[{"id":4637,"href":"https:\/\/focusonpack.com\/pt\/wp-json\/wp\/v2\/pages\/3307\/revisions\/4637"}],"up":[{"embeddable":true,"href":"https:\/\/focusonpack.com\/pt\/wp-json\/wp\/v2\/pages\/2496"}],"wp:attachment":[{"href":"https:\/\/focusonpack.com\/pt\/wp-json\/wp\/v2\/media?parent=3307"}],"curies":[{"name":"wp","href":"https:\/\/api.w.org\/{rel}","templated":true}]}}